{"id":482894,"date":"2024-11-26T21:32:19","date_gmt":"2024-11-26T22:12:51","guid":{"rendered":"https:\/\/hurghadalovers.com\/product\/hurgada-etkinlikleri-2024-2025\/"},"modified":"2024-11-26T22:19:08","modified_gmt":"2024-11-26T22:19:08","slug":"hurgada-etkinlikleri-2024-2025","status":"publish","type":"product","link":"https:\/\/hurghadalovers.com\/tr\/tours\/hurgada-etkinlikleri-2024-2025\/","title":{"rendered":"Hurgada Etkinlikleri 2024 \/ 2025"},"content":{"rendered":"<p>Hurgada Etkinlikleri 2024 \/ 2025<\/p>\n","protected":false},"excerpt":{"rendered":"<p>Hurgada Etkinlikleri 2024 \/ 2025<\/p>\n","protected":false},"featured_media":0,"template":"","meta":{"_joinchat":[]},"product_brand":[],"product_cat":[36664],"product_tag":[60254,60378,60382,60425,60298,60386,60494,60450,60161,60206,60351,60283,60421,60456,60462,60337,60317,60173,60258,60188,60366,60262,60266,60274,60124,60129,60194,60198,60441,60210,60444,60301,60271,60432,60459,60482,60145,60490,60222,60157,60226,60141,60305,60478,60218,60169,60474,60149,60153,60242,60214,60250,60202,60230,60240,60136,60321,60234,60177,60470,60313,60328,60165,60181,60072,60246,60346,60356,50569,60185,60486,60466,50559,60325,60340,60453,60435,60291,60374,60417,60333,60361,60429,60438,60447,60287,60295,60278,60370,60309],"class_list":{"0":"post-482894","1":"product","2":"type-product","3":"status-publish","5":"product_cat-turlar","6":"product_tag-aileler-icin-hurgada-ucuz-gezileri","7":"product_tag-atv-bisikleti-hurgada","8":"product_tag-atv-hurghada-tr","9":"product_tag-bedevi-koyu-hurgada","10":"product_tag-bobos-hurghada-su-sporlari","11":"product_tag-buggy-turu-hurgada","12":"product_tag-cam-tabanli-tekne-hurgada","13":"product_tag-cennet-adasi-hurgada","14":"product_tag-ciftler-icin-hurgada-aktiviteleri","15":"product_tag-ciftler-icin-hurgadada-yapilacak-seyler","16":"product_tag-col-safari-hurgada","17":"product_tag-denizalti-gezisi-hurgada-tr","18":"product_tag-deve-biniciligi-hurgada","19":"product_tag-dolphin-house-hurgada-tr","20":"product_tag-giftun-adasi-hurgada","21":"product_tag-hurgada-krallar-vadisi","22":"product_tag-hurgada-luxor-otobus-bileti","23":"product_tag-hurgada-piramitler","24":"product_tag-hurgada-aile-dostu-aktiviteler","25":"product_tag-hurgada-aktiviteleri","26":"product_tag-hurgada-buggy-safari-tr","27":"product_tag-hurgada-cocuk-dostu-turlar","28":"product_tag-hurgada-cocuk-etkinlikleri","29":"product_tag-hurgada-denizalti-turu","30":"product_tag-hurgada-gezileri","31":"product_tag-hurgada-gunluk-turlar","32":"product_tag-hurgada-gunubirlik-geziler","33":"product_tag-hurgada-ne-yapilir","34":"product_tag-hurgada-ozel-tekne-turu","35":"product_tag-hurgada-romantik-turlar","36":"product_tag-hurgada-snorkel-gezileri","37":"product_tag-hurgada-sorf","38":"product_tag-hurgada-su-parki","39":"product_tag-hurgada-tekne-kiralama","40":"product_tag-hurgada-tekne-turlari","41":"product_tag-hurgadada-ciftler-icin-romantik-aktiviteler","42":"product_tag-hurgadada-cocuklarla-yapilacak-seyler","43":"product_tag-hurgadada-gezilecek-yerler","44":"product_tag-hurgadada-gorulecek-yerler","45":"product_tag-hurgadada-yapilacak-romantik-seyler","46":"product_tag-hurgadada-yapilacak-romantik-seyler-tr","47":"product_tag-hurgadada-yapilacak-seyler","48":"product_tag-hurgadada-yunus-gosterisi","49":"product_tag-hurgadadan-2-yas-cocuklari-icin-aktiviteler","50":"product_tag-hurgadadan-aile-aktiviteleri","51":"product_tag-hurgadadan-aile-gunleri","52":"product_tag-hurgadadan-ailece-eglenceli-yerler","53":"product_tag-hurgadadan-ailece-yapilacak-seyler","54":"product_tag-hurgadadan-ailenizle-gidebileceginiz-eglenceli-yerler","55":"product_tag-hurgadadan-ailenizle-yapilacak-seyler","56":"product_tag-hurgadadan-bebek-etkinlikleri","57":"product_tag-hurgadadan-bebeklerle-yapilacak-seyler","58":"product_tag-hurgadadan-cocuk-aktiviteleri","59":"product_tag-hurgadadan-eglenceli-aile-aktiviteleri","60":"product_tag-hurgadadan-gencler-icin-aktiviteler","61":"product_tag-hurgadadan-gunubirlik-geziler","62":"product_tag-hurgadadan-gunubirlik-luksor-turu","63":"product_tag-hurgadadan-gunubirlik-turlar","64":"product_tag-hurgadadan-kahire-gunubirlik-gezi","65":"product_tag-hurgadadan-kapali-alan-eglence-aktiviteleri","66":"product_tag-hurgadadan-luksor-gezisi","67":"product_tag-hurgadadan-luksor-turu","68":"product_tag-hurgadadan-luksora-gunubirlik-gezi","69":"product_tag-hurgadadan-piramitler","70":"product_tag-hurgadadan-piramitlere-gunubirlik-gezi","71":"product_tag-hurgadadan-ucuz-aile-gunleri","72":"product_tag-hurghadadan-ozel-luksor-turu","73":"product_tag-jeep-safari-hurghada-tr","74":"product_tag-kahire-ozel-turlari","75":"product_tag-kahireye-hurgada-gezisi","76":"product_tag-kapali-alan-cift-etkinlikleri-hurgada","77":"product_tag-korsan-teknesi-hurgada","78":"product_tag-luksor-ozel-turlari","79":"product_tag-luksora-hurgada-turlari","80":"product_tag-luksordan-hurgadaya-transfer","81":"product_tag-orange-bay-adasi-hurgada","82":"product_tag-ozel-tekne-hurgada","83":"product_tag-parasailing-hurghada-tr","84":"product_tag-safari-sahara-hurghada-tr","85":"product_tag-safari-turu-hurghada","86":"product_tag-sicak-hava-balonu-hurgada","87":"product_tag-super-safari-hurgada-tr","88":"product_tag-surat-teknesi-hurgada","89":"product_tag-tekne-kiralama-hurgada","90":"product_tag-tuplu-dalis-hurgada","91":"product_tag-utopia-adasi-hurgada","92":"product_tag-yamac-parasutu-hurgada","93":"product_tag-yari-denizalti-hurgada","94":"product_tag-yildiz-gozlemciligi-hurgada","95":"product_tag-yunuslarla-yuzun-hurgada","96":"tour_category-egypt-tours-tr","98":"first","99":"instock","100":"sale","101":"shipping-taxable","102":"purchasable","103":"product-type-tour"},"yoast_head":"<!-- This site is optimized with the Yoast SEO Premium plugin v26.9 (Yoast SEO v27.2) - https:\/\/yoast.com\/product\/yoast-seo-premium-wordpress\/ -->\n<title>Hurgada Etkinlikleri 2024 \/ 2025 - Hurghada Excursions &amp; Day Trips | Booking Best Prices Tours<\/title>\n<meta name=\"robots\" content=\"index, follow, max-snippet:-1, max-image-preview:large, max-video-preview:-1\" \/>\n<link rel=\"canonical\" href=\"https:\/\/hurghadalovers.com\/tr\/tours\/hurgada-etkinlikleri-2024-2025\/\" \/>\n<meta property=\"og:locale\" content=\"tr_TR\" \/>\n<meta property=\"og:type\" content=\"article\" \/>\n<meta property=\"og:title\" content=\"Hurgada Etkinlikleri 2024 \/ 2025\" \/>\n<meta property=\"og:description\" content=\"Hurgada Etkinlikleri 2024 \/ 2025\" \/>\n<meta property=\"og:url\" content=\"https:\/\/hurghadalovers.com\/tr\/tours\/hurgada-etkinlikleri-2024-2025\/\" \/>\n<meta property=\"og:site_name\" content=\"Hurghada Excursions &amp; Day Trips | Booking Best Prices Tours\" \/>\n<meta property=\"article:publisher\" content=\"https:\/\/www.facebook.com\/Hurghadaloversegypt\" \/>\n<meta property=\"article:modified_time\" content=\"2024-11-26T22:19:08+00:00\" \/>\n<meta property=\"og:image\" content=\"https:\/\/hurghadalovers.com\/wp-content\/uploads\/2025\/02\/Hurghada-Excursions-Day-Trips-Booking-Best-Prices-Tours.jpeg\" \/>\n\t<meta property=\"og:image:width\" content=\"1156\" \/>\n\t<meta property=\"og:image:height\" content=\"867\" \/>\n\t<meta property=\"og:image:type\" content=\"image\/jpeg\" \/>\n<meta name=\"twitter:card\" content=\"summary_large_image\" \/>\n<meta name=\"twitter:label1\" content=\"Fiyat\" \/>\n\t<meta name=\"twitter:data1\" content=\"&euro;&nbsp;10\" \/>\n\t<meta name=\"twitter:label2\" content=\"Durumu\" \/>\n\t<meta name=\"twitter:data2\" content=\"Stokta var\" \/>\n<script type=\"application\/ld+json\" class=\"yoast-schema-graph\">{\"@context\":\"https:\/\/schema.org\",\"@graph\":[{\"@type\":[\"WebPage\",\"ItemPage\"],\"@id\":\"https:\/\/hurghadalovers.com\/tr\/tours\/hurgada-etkinlikleri-2024-2025\/\",\"url\":\"https:\/\/hurghadalovers.com\/tr\/tours\/hurgada-etkinlikleri-2024-2025\/\",\"name\":\"Hurgada Etkinlikleri 2024 \/ 2025 - Hurghada Excursions &amp; Day Trips | Booking Best Prices Tours\",\"isPartOf\":{\"@id\":\"https:\/\/hurghadalovers.com\/tr\/#website\"},\"datePublished\":\"2024-11-26T22:12:51+00:00\",\"dateModified\":\"2024-11-26T22:19:08+00:00\",\"breadcrumb\":{\"@id\":\"https:\/\/hurghadalovers.com\/tr\/tours\/hurgada-etkinlikleri-2024-2025\/#breadcrumb\"},\"inLanguage\":\"tr\",\"potentialAction\":[{\"@type\":\"ReadAction\",\"target\":[\"https:\/\/hurghadalovers.com\/tr\/tours\/hurgada-etkinlikleri-2024-2025\/\"]}]},{\"@type\":\"BreadcrumbList\",\"@id\":\"https:\/\/hurghadalovers.com\/tr\/tours\/hurgada-etkinlikleri-2024-2025\/#breadcrumb\",\"itemListElement\":[{\"@type\":\"ListItem\",\"position\":1,\"name\":\"Home\",\"item\":\"https:\/\/hurghadalovers.com\/tr\/\"},{\"@type\":\"ListItem\",\"position\":2,\"name\":\"Shop\",\"item\":\"https:\/\/hurghadalovers.com\/shop\/\"},{\"@type\":\"ListItem\",\"position\":3,\"name\":\"Hurgada Etkinlikleri 2024 \/ 2025\"}]},{\"@type\":\"WebSite\",\"@id\":\"https:\/\/hurghadalovers.com\/tr\/#website\",\"url\":\"https:\/\/hurghadalovers.com\/tr\/\",\"name\":\"Hurghada Excursions & Day Trips | Booking Best Prices Tours\",\"description\":\"Hurghada Lovers - Best Tour Operator - Excursions &amp; Things to do for Family Day Trips with kids and Couples Romantic. Unique .Hidden gems\",\"publisher\":{\"@id\":\"https:\/\/hurghadalovers.com\/tr\/#organization\"},\"alternateName\":\"Hurghada Excursions\",\"potentialAction\":[{\"@type\":\"SearchAction\",\"target\":{\"@type\":\"EntryPoint\",\"urlTemplate\":\"https:\/\/hurghadalovers.com\/tr\/?s={search_term_string}\"},\"query-input\":{\"@type\":\"PropertyValueSpecification\",\"valueRequired\":true,\"valueName\":\"search_term_string\"}}],\"inLanguage\":\"tr\"},{\"@type\":[\"Organization\",\"Place\",\"TravelAgency\"],\"@id\":\"https:\/\/hurghadalovers.com\/tr\/#organization\",\"name\":\"Hurghada Excursions\",\"url\":\"https:\/\/hurghadalovers.com\/tr\/\",\"logo\":{\"@id\":\"https:\/\/hurghadalovers.com\/tr\/tours\/hurgada-etkinlikleri-2024-2025\/#local-main-organization-logo\"},\"image\":{\"@id\":\"https:\/\/hurghadalovers.com\/tr\/tours\/hurgada-etkinlikleri-2024-2025\/#local-main-organization-logo\"},\"sameAs\":[\"https:\/\/www.facebook.com\/Hurghadaloversegypt\"],\"address\":{\"@id\":\"https:\/\/hurghadalovers.com\/tr\/tours\/hurgada-etkinlikleri-2024-2025\/#local-main-place-address\"},\"telephone\":[\"00201112596434\"],\"contactPoint\":{\"@type\":\"ContactPoint\",\"telephone\":\"00201112596434\",\"email\":\"weyouface@gmail.com\"},\"openingHoursSpecification\":{\"@type\":\"OpeningHoursSpecification\",\"dayOfWeek\":[\"Monday\",\"Tuesday\",\"Wednesday\",\"Thursday\",\"Friday\",\"Saturday\",\"Sunday\"],\"opens\":\"00:00\",\"closes\":\"23:59\"},\"email\":\"weyouface@gmail.com\",\"areaServed\":\"Luxor, Hurghada, El Gouna, Aswan, Sharm El Sheikh, Giza, Alexandria, Marsa Alam, Quseir, Soma Bay, Sahl Hasheesh, Red Sea, Makadi Bay, Cairo\",\"priceRange\":\"$\",\"currenciesAccepted\":\"euro\",\"paymentAccepted\":\"cash on site\"},{\"@type\":\"PostalAddress\",\"@id\":\"https:\/\/hurghadalovers.com\/tr\/tours\/hurgada-etkinlikleri-2024-2025\/#local-main-place-address\",\"streetAddress\":\"17 Banks street, Alkawther area, top nbk bank\",\"addressLocality\":\"hurghada\",\"postalCode\":\"84511\",\"addressRegion\":\"red sea\",\"addressCountry\":\"EG\"},{\"@type\":\"ImageObject\",\"inLanguage\":\"tr\",\"@id\":\"https:\/\/hurghadalovers.com\/tr\/tours\/hurgada-etkinlikleri-2024-2025\/#local-main-organization-logo\",\"url\":\"https:\/\/hurghadalovers.com\/wp-content\/uploads\/2019\/10\/hurghada-excursions-logo.png\",\"contentUrl\":\"https:\/\/hurghadalovers.com\/wp-content\/uploads\/2019\/10\/hurghada-excursions-logo.png\",\"width\":272,\"height\":90,\"caption\":\"Hurghada Excursions\"}]}<\/script>\n<meta property=\"product:brand\" content=\"M\u0131s\u0131r Turlar\u0131\" \/>\n<meta property=\"product:price:amount\" content=\"10\" \/>\n<meta property=\"product:price:currency\" content=\"EUR\" \/>\n<meta property=\"og:availability\" content=\"instock\" \/>\n<meta property=\"product:availability\" content=\"instock\" \/>\n<meta property=\"product:retailer_item_id\" content=\"hurghada88343434\" \/>\n<meta property=\"product:condition\" content=\"new\" \/>\n<meta name=\"geo.placename\" content=\"hurghada\" \/>\n<meta name=\"geo.region\" content=\"M\u0131s\u0131r\" \/>\n<!-- \/ Yoast SEO Premium plugin. -->","yoast_head_json":{"title":"Hurgada Etkinlikleri 2024 \/ 2025 - Hurghada Excursions &amp; Day Trips | Booking Best Prices Tours","robots":{"index":"index","follow":"follow","max-snippet":"max-snippet:-1","max-image-preview":"max-image-preview:large","max-video-preview":"max-video-preview:-1"},"canonical":"https:\/\/hurghadalovers.com\/tr\/tours\/hurgada-etkinlikleri-2024-2025\/","og_locale":"tr_TR","og_type":"article","og_title":"Hurgada Etkinlikleri 2024 \/ 2025","og_description":"Hurgada Etkinlikleri 2024 \/ 2025","og_url":"https:\/\/hurghadalovers.com\/tr\/tours\/hurgada-etkinlikleri-2024-2025\/","og_site_name":"Hurghada Excursions &amp; Day Trips | Booking Best Prices Tours","article_publisher":"https:\/\/www.facebook.com\/Hurghadaloversegypt","article_modified_time":"2024-11-26T22:19:08+00:00","og_image":[{"width":1156,"height":867,"url":"https:\/\/hurghadalovers.com\/wp-content\/uploads\/2025\/02\/Hurghada-Excursions-Day-Trips-Booking-Best-Prices-Tours.jpeg","type":"image\/jpeg"}],"twitter_card":"summary_large_image","twitter_misc":{"Fiyat":"&euro;&nbsp;10","Durumu":"Stokta var"},"schema":{"@context":"https:\/\/schema.org","@graph":[{"@type":["WebPage","ItemPage"],"@id":"https:\/\/hurghadalovers.com\/tr\/tours\/hurgada-etkinlikleri-2024-2025\/","url":"https:\/\/hurghadalovers.com\/tr\/tours\/hurgada-etkinlikleri-2024-2025\/","name":"Hurgada Etkinlikleri 2024 \/ 2025 - Hurghada Excursions &amp; Day Trips | Booking Best Prices Tours","isPartOf":{"@id":"https:\/\/hurghadalovers.com\/tr\/#website"},"datePublished":"2024-11-26T22:12:51+00:00","dateModified":"2024-11-26T22:19:08+00:00","breadcrumb":{"@id":"https:\/\/hurghadalovers.com\/tr\/tours\/hurgada-etkinlikleri-2024-2025\/#breadcrumb"},"inLanguage":"tr","potentialAction":[{"@type":"ReadAction","target":["https:\/\/hurghadalovers.com\/tr\/tours\/hurgada-etkinlikleri-2024-2025\/"]}]},{"@type":"BreadcrumbList","@id":"https:\/\/hurghadalovers.com\/tr\/tours\/hurgada-etkinlikleri-2024-2025\/#breadcrumb","itemListElement":[{"@type":"ListItem","position":1,"name":"Home","item":"https:\/\/hurghadalovers.com\/tr\/"},{"@type":"ListItem","position":2,"name":"Shop","item":"https:\/\/hurghadalovers.com\/shop\/"},{"@type":"ListItem","position":3,"name":"Hurgada Etkinlikleri 2024 \/ 2025"}]},{"@type":"WebSite","@id":"https:\/\/hurghadalovers.com\/tr\/#website","url":"https:\/\/hurghadalovers.com\/tr\/","name":"Hurghada Excursions & Day Trips | Booking Best Prices Tours","description":"Hurghada Lovers - Best Tour Operator - Excursions &amp; Things to do for Family Day Trips with kids and Couples Romantic. Unique .Hidden gems","publisher":{"@id":"https:\/\/hurghadalovers.com\/tr\/#organization"},"alternateName":"Hurghada Excursions","potentialAction":[{"@type":"SearchAction","target":{"@type":"EntryPoint","urlTemplate":"https:\/\/hurghadalovers.com\/tr\/?s={search_term_string}"},"query-input":{"@type":"PropertyValueSpecification","valueRequired":true,"valueName":"search_term_string"}}],"inLanguage":"tr"},{"@type":["Organization","Place","TravelAgency"],"@id":"https:\/\/hurghadalovers.com\/tr\/#organization","name":"Hurghada Excursions","url":"https:\/\/hurghadalovers.com\/tr\/","logo":{"@id":"https:\/\/hurghadalovers.com\/tr\/tours\/hurgada-etkinlikleri-2024-2025\/#local-main-organization-logo"},"image":{"@id":"https:\/\/hurghadalovers.com\/tr\/tours\/hurgada-etkinlikleri-2024-2025\/#local-main-organization-logo"},"sameAs":["https:\/\/www.facebook.com\/Hurghadaloversegypt"],"address":{"@id":"https:\/\/hurghadalovers.com\/tr\/tours\/hurgada-etkinlikleri-2024-2025\/#local-main-place-address"},"telephone":["00201112596434"],"contactPoint":{"@type":"ContactPoint","telephone":"00201112596434","email":"weyouface@gmail.com"},"openingHoursSpecification":{"@type":"OpeningHoursSpecification","dayOfWeek":["Monday","Tuesday","Wednesday","Thursday","Friday","Saturday","Sunday"],"opens":"00:00","closes":"23:59"},"email":"weyouface@gmail.com","areaServed":"Luxor, Hurghada, El Gouna, Aswan, Sharm El Sheikh, Giza, Alexandria, Marsa Alam, Quseir, Soma Bay, Sahl Hasheesh, Red Sea, Makadi Bay, Cairo","priceRange":"$","currenciesAccepted":"euro","paymentAccepted":"cash on site"},{"@type":"PostalAddress","@id":"https:\/\/hurghadalovers.com\/tr\/tours\/hurgada-etkinlikleri-2024-2025\/#local-main-place-address","streetAddress":"17 Banks street, Alkawther area, top nbk bank","addressLocality":"hurghada","postalCode":"84511","addressRegion":"red sea","addressCountry":"EG"},{"@type":"ImageObject","inLanguage":"tr","@id":"https:\/\/hurghadalovers.com\/tr\/tours\/hurgada-etkinlikleri-2024-2025\/#local-main-organization-logo","url":"https:\/\/hurghadalovers.com\/wp-content\/uploads\/2019\/10\/hurghada-excursions-logo.png","contentUrl":"https:\/\/hurghadalovers.com\/wp-content\/uploads\/2019\/10\/hurghada-excursions-logo.png","width":272,"height":90,"caption":"Hurghada Excursions"}]},"product_brand":"M\u0131s\u0131r Turlar\u0131","product_price_amount":"10","product_price_currency":"EUR","og_availability":"instock","product_availability":"instock","product_retailer_item_id":"hurghada88343434","product_condition":"new","geo.placename":"hurghada","geo.region":"M\u0131s\u0131r"},"_links":{"self":[{"href":"https:\/\/hurghadalovers.com\/tr\/wp-json\/wp\/v2\/product\/482894","targetHints":{"allow":["GET"]}}],"collection":[{"href":"https:\/\/hurghadalovers.com\/tr\/wp-json\/wp\/v2\/product"}],"about":[{"href":"https:\/\/hurghadalovers.com\/tr\/wp-json\/wp\/v2\/types\/product"}],"wp:attachment":[{"href":"https:\/\/hurghadalovers.com\/tr\/wp-json\/wp\/v2\/media?parent=482894"}],"wp:term":[{"taxonomy":"product_brand","embeddable":true,"href":"https:\/\/hurghadalovers.com\/tr\/wp-json\/wp\/v2\/product_brand?post=482894"},{"taxonomy":"product_cat","embeddable":true,"href":"https:\/\/hurghadalovers.com\/tr\/wp-json\/wp\/v2\/product_cat?post=482894"},{"taxonomy":"product_tag","embeddable":true,"href":"https:\/\/hurghadalovers.com\/tr\/wp-json\/wp\/v2\/product_tag?post=482894"}],"curies":[{"name":"wp","href":"https:\/\/api.w.org\/{rel}","templated":true}]}}