{"id":482851,"date":"2024-11-26T21:23:40","date_gmt":"2024-11-26T21:32:08","guid":{"rendered":"https:\/\/hurghadalovers.com\/product\/el-gouna-faaliyetleri-2024-2025\/"},"modified":"2024-11-26T21:32:08","modified_gmt":"2024-11-26T21:32:08","slug":"el-gouna-faaliyetleri-2024-2025","status":"publish","type":"product","link":"https:\/\/hurghadalovers.com\/tr\/tours\/el-gouna-faaliyetleri-2024-2025\/","title":{"rendered":"EL Gouna Faaliyetleri 2024 \/ 2025"},"content":{"rendered":"<p>EL Gouna Faaliyetleri 2024 \/ 2025<\/p>\n","protected":false},"excerpt":{"rendered":"<p>EL Gouna Faaliyetleri 2024 \/ 2025<\/p>\n","protected":false},"featured_media":0,"template":"","meta":{"_joinchat":[]},"product_brand":[],"product_cat":[36664],"product_tag":[56851,56855,56863,56897,56857,56906,56774,56914,56827,56904,56861,56784,56879,56869,56885,56734,56758,56615,56839,56599,56740,56746,56900,56647,56577,56621,56572,56823,56910,56763,56898,56899,56810,56789,56706,56717,56635,56912,56653,56594,56583,56641,56608,56894,56728,56678,56712,56684,56690,56752,56671,56659,56695,56700,56588,56871,56887,56665,56867,56875,56865,56883,56889,56893,56722,56567,56799,56831,50569,56891,56629,56803,50559,56873,56881,56779,56814,56895,56847,56859,56877,56835,56806,56819,56769,56908,56896,56902,56843,56794],"class_list":{"0":"post-482851","1":"product","2":"type-product","3":"status-publish","5":"product_cat-turlar","6":"product_tag-atv-bisikleti-el-gouna","7":"product_tag-atv-el-gouna-tr","8":"product_tag-bedevi-koyu-el-gouna","9":"product_tag-bobos-el-gouna-su-sporlari","10":"product_tag-buggy-turu-el-gouna","11":"product_tag-cam-tabanli-tekne-el-gouna","12":"product_tag-cennet-adasi-el-gouna","13":"product_tag-ciftler-icin-el-gouna-aktiviteleri","14":"product_tag-col-safari-el-gouna","15":"product_tag-denizalti-gezisi-el-gouna","16":"product_tag-deve-biniciligi-el-gouna","17":"product_tag-dolphin-house-el-gouna-tr","18":"product_tag-el-gouna-krallar-vadisi","19":"product_tag-el-gouna-luksor-otobus-bileti","20":"product_tag-el-gouna-piramitler","21":"product_tag-el-gouna-aile-dostu-aktiviteler","22":"product_tag-el-gouna-aileler-icin-ucuz-geziler","23":"product_tag-el-gouna-aktiviteleri","24":"product_tag-el-gouna-buggy-safari-tr","25":"product_tag-el-gouna-cikisli-gunluk-turlar","26":"product_tag-el-gouna-cocuk-dostu-turlar","27":"product_tag-el-gouna-cocuk-etkinlikleri","28":"product_tag-el-gouna-denizalti-turu","29":"product_tag-el-gouna-gezileri","30":"product_tag-el-gouna-gunluk-turlar","31":"product_tag-el-gouna-gunubirlik-geziler","32":"product_tag-el-gouna-ne-yapmali","33":"product_tag-el-gouna-ozel-tekne-turu","34":"product_tag-el-gouna-romantik-turlar","35":"product_tag-el-gouna-snorkel-gezileri","36":"product_tag-el-gouna-sorf","37":"product_tag-el-gouna-su-parki","38":"product_tag-el-gouna-tekne-kiralama","39":"product_tag-el-gouna-tekne-turlari","40":"product_tag-el-gounada-ailenizle-yapilacak-seyler","41":"product_tag-el-gounada-bebeklerle-yapilacak-seyler","42":"product_tag-el-gounada-ciftler-icin-romantik-aktiviteler","43":"product_tag-el-gounada-ciftler-icin-yapilacak-seyler","44":"product_tag-el-gounada-cocuklarla-yapilacak-seyler","45":"product_tag-el-gounada-gezilecek-yerler","46":"product_tag-el-gounada-gorulecek-yerler","47":"product_tag-el-gounada-yapilacak-romantik-seyler","48":"product_tag-el-gounada-yapilacak-seyler","49":"product_tag-el-gounada-yunus-gosterisi","50":"product_tag-el-gounadan-2-yas-cocuklari-icin-aktiviteler","51":"product_tag-el-gounadan-aile-aktiviteleri","52":"product_tag-el-gounadan-aile-eglencesi-yerleri","53":"product_tag-el-gounadan-aile-gunleri","54":"product_tag-el-gounadan-ailecek-yapilacak-seyler","55":"product_tag-el-gounadan-ailenizle-gidebileceginiz-eglenceli-yerler","56":"product_tag-el-gounadan-bebek-etkinlikleri","57":"product_tag-el-gounadan-cocuk-aktiviteleri","58":"product_tag-el-gounadan-eglenceli-aile-aktiviteleri","59":"product_tag-el-gounadan-gencler-icin-aktiviteler","60":"product_tag-el-gounadan-gunubirlik-geziler","61":"product_tag-el-gounadan-gunubirlik-luksor-turu","62":"product_tag-el-gounadan-kahire-gunubirlik-gezi","63":"product_tag-el-gounadan-kapali-alanda-eglenceli-aktiviteler","64":"product_tag-el-gounadan-luksor-gezisi","65":"product_tag-el-gounadan-luksor-turu","66":"product_tag-el-gounadan-luksora-gunubirlik-gezi","67":"product_tag-el-gounadan-ozel-luksor-turu","68":"product_tag-el-gounadan-piramitler","69":"product_tag-el-gounadan-piramitlere-gunubirlik-gezi","70":"product_tag-el-gounadan-ucuz-aile-gunleri","71":"product_tag-el-gounadan-yapilacak-romantik-seyler","72":"product_tag-giftun-adasi-el-gouna","73":"product_tag-jeep-safari-el-gouna-tr","74":"product_tag-kahire-ozel-turlari","75":"product_tag-kahireye-el-gouna-gezisi","76":"product_tag-kapali-alan-cift-etkinlikleri-el-gouna","77":"product_tag-korsan-teknesi-el-gouna","78":"product_tag-luksor-ozel-turlari","79":"product_tag-luksora-el-gouna-turlari","80":"product_tag-luksordan-el-gounaya-transfer","81":"product_tag-orange-bay-adasi-el-gouna","82":"product_tag-ozel-tekne-el-gouna","83":"product_tag-parasailing-el-gouna-tr","84":"product_tag-safari-sahara-el-gouna-tr","85":"product_tag-safari-turu-el-gouna","86":"product_tag-sicak-hava-balonu-el-gouna","87":"product_tag-super-safari-el-gouna-tr","88":"product_tag-surat-teknesi-el-gouna","89":"product_tag-tekne-kiralama-el-gouna","90":"product_tag-tuplu-dalis-el-gouna","91":"product_tag-utopya-adasi-el-gouna","92":"product_tag-yamac-parasutu-el-gouna","93":"product_tag-yari-denizalti-el-gouna","94":"product_tag-yildiz-gozlemciligi-el-gouna","95":"product_tag-yunuslarla-yuzun-el-gouna","96":"tour_category-egypt-tours-tr","98":"first","99":"instock","100":"sale","101":"shipping-taxable","102":"purchasable","103":"product-type-tour"},"yoast_head":"<!-- This site is optimized with the Yoast SEO Premium plugin v26.9 (Yoast SEO v27.2) - https:\/\/yoast.com\/product\/yoast-seo-premium-wordpress\/ -->\n<title>EL Gouna Faaliyetleri 2024 \/ 2025 - Hurghada Excursions &amp; Day Trips | Booking Best Prices Tours<\/title>\n<meta name=\"robots\" content=\"index, follow, max-snippet:-1, max-image-preview:large, max-video-preview:-1\" \/>\n<link rel=\"canonical\" href=\"https:\/\/hurghadalovers.com\/tr\/tours\/el-gouna-faaliyetleri-2024-2025\/\" \/>\n<meta property=\"og:locale\" content=\"tr_TR\" \/>\n<meta property=\"og:type\" content=\"article\" \/>\n<meta property=\"og:title\" content=\"EL Gouna Faaliyetleri 2024 \/ 2025\" \/>\n<meta property=\"og:description\" content=\"EL Gouna Faaliyetleri 2024 \/ 2025\" \/>\n<meta property=\"og:url\" content=\"https:\/\/hurghadalovers.com\/tr\/tours\/el-gouna-faaliyetleri-2024-2025\/\" \/>\n<meta property=\"og:site_name\" content=\"Hurghada Excursions &amp; Day Trips | Booking Best Prices Tours\" \/>\n<meta property=\"article:publisher\" content=\"https:\/\/www.facebook.com\/Hurghadaloversegypt\" \/>\n<meta property=\"og:image\" content=\"https:\/\/hurghadalovers.com\/wp-content\/uploads\/2025\/02\/Hurghada-Excursions-Day-Trips-Booking-Best-Prices-Tours.jpeg\" \/>\n\t<meta property=\"og:image:width\" content=\"1156\" \/>\n\t<meta property=\"og:image:height\" content=\"867\" \/>\n\t<meta property=\"og:image:type\" content=\"image\/jpeg\" \/>\n<meta name=\"twitter:card\" content=\"summary_large_image\" \/>\n<meta name=\"twitter:label1\" content=\"Fiyat\" \/>\n\t<meta name=\"twitter:data1\" content=\"&euro;&nbsp;25\" \/>\n\t<meta name=\"twitter:label2\" content=\"Durumu\" \/>\n\t<meta name=\"twitter:data2\" content=\"Stokta var\" \/>\n<script type=\"application\/ld+json\" class=\"yoast-schema-graph\">{\"@context\":\"https:\/\/schema.org\",\"@graph\":[{\"@type\":[\"WebPage\",\"ItemPage\"],\"@id\":\"https:\/\/hurghadalovers.com\/tr\/tours\/el-gouna-faaliyetleri-2024-2025\/\",\"url\":\"https:\/\/hurghadalovers.com\/tr\/tours\/el-gouna-faaliyetleri-2024-2025\/\",\"name\":\"EL Gouna Faaliyetleri 2024 \/ 2025 - Hurghada Excursions &amp; Day Trips | Booking Best Prices Tours\",\"isPartOf\":{\"@id\":\"https:\/\/hurghadalovers.com\/tr\/#website\"},\"datePublished\":\"2024-11-26T21:32:08+00:00\",\"breadcrumb\":{\"@id\":\"https:\/\/hurghadalovers.com\/tr\/tours\/el-gouna-faaliyetleri-2024-2025\/#breadcrumb\"},\"inLanguage\":\"tr\",\"potentialAction\":[{\"@type\":\"ReadAction\",\"target\":[\"https:\/\/hurghadalovers.com\/tr\/tours\/el-gouna-faaliyetleri-2024-2025\/\"]}]},{\"@type\":\"BreadcrumbList\",\"@id\":\"https:\/\/hurghadalovers.com\/tr\/tours\/el-gouna-faaliyetleri-2024-2025\/#breadcrumb\",\"itemListElement\":[{\"@type\":\"ListItem\",\"position\":1,\"name\":\"Home\",\"item\":\"https:\/\/hurghadalovers.com\/tr\/\"},{\"@type\":\"ListItem\",\"position\":2,\"name\":\"Shop\",\"item\":\"https:\/\/hurghadalovers.com\/shop\/\"},{\"@type\":\"ListItem\",\"position\":3,\"name\":\"EL Gouna Faaliyetleri 2024 \/ 2025\"}]},{\"@type\":\"WebSite\",\"@id\":\"https:\/\/hurghadalovers.com\/tr\/#website\",\"url\":\"https:\/\/hurghadalovers.com\/tr\/\",\"name\":\"Hurghada Excursions & Day Trips | Booking Best Prices Tours\",\"description\":\"Hurghada Lovers - Best Tour Operator - Excursions &amp; Things to do for Family Day Trips with kids and Couples Romantic. Unique .Hidden gems\",\"publisher\":{\"@id\":\"https:\/\/hurghadalovers.com\/tr\/#organization\"},\"alternateName\":\"Hurghada Excursions\",\"potentialAction\":[{\"@type\":\"SearchAction\",\"target\":{\"@type\":\"EntryPoint\",\"urlTemplate\":\"https:\/\/hurghadalovers.com\/tr\/?s={search_term_string}\"},\"query-input\":{\"@type\":\"PropertyValueSpecification\",\"valueRequired\":true,\"valueName\":\"search_term_string\"}}],\"inLanguage\":\"tr\"},{\"@type\":[\"Organization\",\"Place\",\"TravelAgency\"],\"@id\":\"https:\/\/hurghadalovers.com\/tr\/#organization\",\"name\":\"Hurghada Excursions\",\"url\":\"https:\/\/hurghadalovers.com\/tr\/\",\"logo\":{\"@id\":\"https:\/\/hurghadalovers.com\/tr\/tours\/el-gouna-faaliyetleri-2024-2025\/#local-main-organization-logo\"},\"image\":{\"@id\":\"https:\/\/hurghadalovers.com\/tr\/tours\/el-gouna-faaliyetleri-2024-2025\/#local-main-organization-logo\"},\"sameAs\":[\"https:\/\/www.facebook.com\/Hurghadaloversegypt\"],\"address\":{\"@id\":\"https:\/\/hurghadalovers.com\/tr\/tours\/el-gouna-faaliyetleri-2024-2025\/#local-main-place-address\"},\"telephone\":[\"00201112596434\"],\"contactPoint\":{\"@type\":\"ContactPoint\",\"telephone\":\"00201112596434\",\"email\":\"weyouface@gmail.com\"},\"openingHoursSpecification\":{\"@type\":\"OpeningHoursSpecification\",\"dayOfWeek\":[\"Monday\",\"Tuesday\",\"Wednesday\",\"Thursday\",\"Friday\",\"Saturday\",\"Sunday\"],\"opens\":\"00:00\",\"closes\":\"23:59\"},\"email\":\"weyouface@gmail.com\",\"areaServed\":\"Luxor, Hurghada, El Gouna, Aswan, Sharm El Sheikh, Giza, Alexandria, Marsa Alam, Quseir, Soma Bay, Sahl Hasheesh, Red Sea, Makadi Bay, Cairo\",\"priceRange\":\"$\",\"currenciesAccepted\":\"euro\",\"paymentAccepted\":\"cash on site\"},{\"@type\":\"PostalAddress\",\"@id\":\"https:\/\/hurghadalovers.com\/tr\/tours\/el-gouna-faaliyetleri-2024-2025\/#local-main-place-address\",\"streetAddress\":\"17 Banks street, Alkawther area, top nbk bank\",\"addressLocality\":\"hurghada\",\"postalCode\":\"84511\",\"addressRegion\":\"red sea\",\"addressCountry\":\"EG\"},{\"@type\":\"ImageObject\",\"inLanguage\":\"tr\",\"@id\":\"https:\/\/hurghadalovers.com\/tr\/tours\/el-gouna-faaliyetleri-2024-2025\/#local-main-organization-logo\",\"url\":\"https:\/\/hurghadalovers.com\/wp-content\/uploads\/2019\/10\/hurghada-excursions-logo.png\",\"contentUrl\":\"https:\/\/hurghadalovers.com\/wp-content\/uploads\/2019\/10\/hurghada-excursions-logo.png\",\"width\":272,\"height\":90,\"caption\":\"Hurghada Excursions\"}]}<\/script>\n<meta property=\"product:brand\" content=\"M\u0131s\u0131r Turlar\u0131\" \/>\n<meta property=\"product:price:amount\" content=\"25\" \/>\n<meta property=\"product:price:currency\" content=\"EUR\" \/>\n<meta property=\"og:availability\" content=\"instock\" \/>\n<meta property=\"product:availability\" content=\"instock\" \/>\n<meta property=\"product:retailer_item_id\" content=\"gon3434344\" \/>\n<meta property=\"product:condition\" content=\"new\" \/>\n<meta name=\"geo.placename\" content=\"hurghada\" \/>\n<meta name=\"geo.region\" content=\"M\u0131s\u0131r\" \/>\n<!-- \/ Yoast SEO Premium plugin. -->","yoast_head_json":{"title":"EL Gouna Faaliyetleri 2024 \/ 2025 - Hurghada Excursions &amp; Day Trips | Booking Best Prices Tours","robots":{"index":"index","follow":"follow","max-snippet":"max-snippet:-1","max-image-preview":"max-image-preview:large","max-video-preview":"max-video-preview:-1"},"canonical":"https:\/\/hurghadalovers.com\/tr\/tours\/el-gouna-faaliyetleri-2024-2025\/","og_locale":"tr_TR","og_type":"article","og_title":"EL Gouna Faaliyetleri 2024 \/ 2025","og_description":"EL Gouna Faaliyetleri 2024 \/ 2025","og_url":"https:\/\/hurghadalovers.com\/tr\/tours\/el-gouna-faaliyetleri-2024-2025\/","og_site_name":"Hurghada Excursions &amp; Day Trips | Booking Best Prices Tours","article_publisher":"https:\/\/www.facebook.com\/Hurghadaloversegypt","og_image":[{"width":1156,"height":867,"url":"https:\/\/hurghadalovers.com\/wp-content\/uploads\/2025\/02\/Hurghada-Excursions-Day-Trips-Booking-Best-Prices-Tours.jpeg","type":"image\/jpeg"}],"twitter_card":"summary_large_image","twitter_misc":{"Fiyat":"&euro;&nbsp;25","Durumu":"Stokta var"},"schema":{"@context":"https:\/\/schema.org","@graph":[{"@type":["WebPage","ItemPage"],"@id":"https:\/\/hurghadalovers.com\/tr\/tours\/el-gouna-faaliyetleri-2024-2025\/","url":"https:\/\/hurghadalovers.com\/tr\/tours\/el-gouna-faaliyetleri-2024-2025\/","name":"EL Gouna Faaliyetleri 2024 \/ 2025 - Hurghada Excursions &amp; Day Trips | Booking Best Prices Tours","isPartOf":{"@id":"https:\/\/hurghadalovers.com\/tr\/#website"},"datePublished":"2024-11-26T21:32:08+00:00","breadcrumb":{"@id":"https:\/\/hurghadalovers.com\/tr\/tours\/el-gouna-faaliyetleri-2024-2025\/#breadcrumb"},"inLanguage":"tr","potentialAction":[{"@type":"ReadAction","target":["https:\/\/hurghadalovers.com\/tr\/tours\/el-gouna-faaliyetleri-2024-2025\/"]}]},{"@type":"BreadcrumbList","@id":"https:\/\/hurghadalovers.com\/tr\/tours\/el-gouna-faaliyetleri-2024-2025\/#breadcrumb","itemListElement":[{"@type":"ListItem","position":1,"name":"Home","item":"https:\/\/hurghadalovers.com\/tr\/"},{"@type":"ListItem","position":2,"name":"Shop","item":"https:\/\/hurghadalovers.com\/shop\/"},{"@type":"ListItem","position":3,"name":"EL Gouna Faaliyetleri 2024 \/ 2025"}]},{"@type":"WebSite","@id":"https:\/\/hurghadalovers.com\/tr\/#website","url":"https:\/\/hurghadalovers.com\/tr\/","name":"Hurghada Excursions & Day Trips | Booking Best Prices Tours","description":"Hurghada Lovers - Best Tour Operator - Excursions &amp; Things to do for Family Day Trips with kids and Couples Romantic. Unique .Hidden gems","publisher":{"@id":"https:\/\/hurghadalovers.com\/tr\/#organization"},"alternateName":"Hurghada Excursions","potentialAction":[{"@type":"SearchAction","target":{"@type":"EntryPoint","urlTemplate":"https:\/\/hurghadalovers.com\/tr\/?s={search_term_string}"},"query-input":{"@type":"PropertyValueSpecification","valueRequired":true,"valueName":"search_term_string"}}],"inLanguage":"tr"},{"@type":["Organization","Place","TravelAgency"],"@id":"https:\/\/hurghadalovers.com\/tr\/#organization","name":"Hurghada Excursions","url":"https:\/\/hurghadalovers.com\/tr\/","logo":{"@id":"https:\/\/hurghadalovers.com\/tr\/tours\/el-gouna-faaliyetleri-2024-2025\/#local-main-organization-logo"},"image":{"@id":"https:\/\/hurghadalovers.com\/tr\/tours\/el-gouna-faaliyetleri-2024-2025\/#local-main-organization-logo"},"sameAs":["https:\/\/www.facebook.com\/Hurghadaloversegypt"],"address":{"@id":"https:\/\/hurghadalovers.com\/tr\/tours\/el-gouna-faaliyetleri-2024-2025\/#local-main-place-address"},"telephone":["00201112596434"],"contactPoint":{"@type":"ContactPoint","telephone":"00201112596434","email":"weyouface@gmail.com"},"openingHoursSpecification":{"@type":"OpeningHoursSpecification","dayOfWeek":["Monday","Tuesday","Wednesday","Thursday","Friday","Saturday","Sunday"],"opens":"00:00","closes":"23:59"},"email":"weyouface@gmail.com","areaServed":"Luxor, Hurghada, El Gouna, Aswan, Sharm El Sheikh, Giza, Alexandria, Marsa Alam, Quseir, Soma Bay, Sahl Hasheesh, Red Sea, Makadi Bay, Cairo","priceRange":"$","currenciesAccepted":"euro","paymentAccepted":"cash on site"},{"@type":"PostalAddress","@id":"https:\/\/hurghadalovers.com\/tr\/tours\/el-gouna-faaliyetleri-2024-2025\/#local-main-place-address","streetAddress":"17 Banks street, Alkawther area, top nbk bank","addressLocality":"hurghada","postalCode":"84511","addressRegion":"red sea","addressCountry":"EG"},{"@type":"ImageObject","inLanguage":"tr","@id":"https:\/\/hurghadalovers.com\/tr\/tours\/el-gouna-faaliyetleri-2024-2025\/#local-main-organization-logo","url":"https:\/\/hurghadalovers.com\/wp-content\/uploads\/2019\/10\/hurghada-excursions-logo.png","contentUrl":"https:\/\/hurghadalovers.com\/wp-content\/uploads\/2019\/10\/hurghada-excursions-logo.png","width":272,"height":90,"caption":"Hurghada Excursions"}]},"product_brand":"M\u0131s\u0131r Turlar\u0131","product_price_amount":"25","product_price_currency":"EUR","og_availability":"instock","product_availability":"instock","product_retailer_item_id":"gon3434344","product_condition":"new","geo.placename":"hurghada","geo.region":"M\u0131s\u0131r"},"_links":{"self":[{"href":"https:\/\/hurghadalovers.com\/tr\/wp-json\/wp\/v2\/product\/482851","targetHints":{"allow":["GET"]}}],"collection":[{"href":"https:\/\/hurghadalovers.com\/tr\/wp-json\/wp\/v2\/product"}],"about":[{"href":"https:\/\/hurghadalovers.com\/tr\/wp-json\/wp\/v2\/types\/product"}],"wp:attachment":[{"href":"https:\/\/hurghadalovers.com\/tr\/wp-json\/wp\/v2\/media?parent=482851"}],"wp:term":[{"taxonomy":"product_brand","embeddable":true,"href":"https:\/\/hurghadalovers.com\/tr\/wp-json\/wp\/v2\/product_brand?post=482851"},{"taxonomy":"product_cat","embeddable":true,"href":"https:\/\/hurghadalovers.com\/tr\/wp-json\/wp\/v2\/product_cat?post=482851"},{"taxonomy":"product_tag","embeddable":true,"href":"https:\/\/hurghadalovers.com\/tr\/wp-json\/wp\/v2\/product_tag?post=482851"}],"curies":[{"name":"wp","href":"https:\/\/api.w.org\/{rel}","templated":true}]}}