{"id":482825,"date":"2024-11-26T21:09:04","date_gmt":"2024-11-26T21:12:01","guid":{"rendered":"https:\/\/hurghadalovers.com\/product\/soma-korfezi-etkinlikleri-2024-2025\/"},"modified":"2024-11-26T21:12:01","modified_gmt":"2024-11-26T21:12:01","slug":"soma-korfezi-etkinlikleri-2024-2025","status":"publish","type":"product","link":"https:\/\/hurghadalovers.com\/tr\/tours\/soma-korfezi-etkinlikleri-2024-2025\/","title":{"rendered":"Soma K\u00f6rfezi Etkinlikleri 2024 \/ 2025"},"content":{"rendered":"<p>Soma K\u00f6rfezi Etkinlikleri 2024 \/ 2025<\/p>\n","protected":false},"excerpt":{"rendered":"<p>Soma K\u00f6rfezi Etkinlikleri 2024 \/ 2025<\/p>\n","protected":false},"featured_media":0,"template":"","meta":{"_joinchat":[]},"product_brand":[],"product_cat":[36664],"product_tag":[54293,54295,54301,54262,54339,54353,54243,54307,54309,54285,54352,54299,54241,54233,54329,50569,54258,54283,54242,50559,54249,54252,54244,54238,54260,54291,54297,54254,54247,54215,54251,54255,54219,54279,54267,54287,54221,54223,54349,54265,54269,54273,54240,54331,54225,54263,54347,54237,54229,54271,54277,54327,54311,54323,54341,54281,54305,54303,54345,54217,54319,54321,54211,54275,54209,54317,54213,54313,54333,54335,54343,54248,54325,54315,54256,54246,54250,54245,54253,54257,54259,54337,54235,54239,54227,54354,54261,54351,54289,54231],"class_list":{"0":"post-482825","1":"product","2":"type-product","3":"status-publish","5":"product_cat-turlar","6":"product_tag-atv-bisikleti-soma-korfezi","7":"product_tag-atv-soma-korfezi","8":"product_tag-bedevi-koyu-soma-korfezi","9":"product_tag-bobos-soma-korfezi-su-sporlari","10":"product_tag-buggy-turu-soma-korfezi","11":"product_tag-cam-tabanli-tekne-soma-korfezi","12":"product_tag-cennet-adasi-soma-koyu","13":"product_tag-ciftler-icin-soma-korfezi-aktiviteleri","14":"product_tag-ciftler-icin-soma-korfezinde-yapilacak-seyler","15":"product_tag-col-safari-soma-korfezi","16":"product_tag-denizalti-gezisi-soma-korfezi","17":"product_tag-deve-biniciligi-soma-korfezi","18":"product_tag-dolphin-house-soma-bay-tr","19":"product_tag-giftun-adasi-soma-korfezi","20":"product_tag-jeep-safari-soma-korfezi","21":"product_tag-kahire-ozel-turlari","22":"product_tag-kahireye-soma-korfezi-gezisi","23":"product_tag-kapali-alan-cift-etkinlikleri-soma-koyu","24":"product_tag-korsan-teknesi-soma-korfezi","25":"product_tag-luksor-ozel-turlari","26":"product_tag-luksora-soma-korfezi-turlari","27":"product_tag-luksordan-soma-korfezine-transfer","28":"product_tag-orange-bay-adasi-soma-korfezi","29":"product_tag-ozel-tekne-soma-korfezi","30":"product_tag-parasailing-soma-korfezi","31":"product_tag-safari-sahara-soma-korfezi","32":"product_tag-safari-turu-soma-korfezi","33":"product_tag-sicak-hava-balonu-soma-korfezi","34":"product_tag-soma-bay-luxor-otobus-bileti","35":"product_tag-soma-bay-cikisli-ucuz-aile-gunleri","36":"product_tag-soma-korfezi-krallar-vadisi","37":"product_tag-soma-korfezi-piramitler","38":"product_tag-soma-korfezi-aile-dostu-aktiviteler","39":"product_tag-soma-korfezi-aileler-icin-ucuz-geziler","40":"product_tag-soma-korfezi-aktiviteleri","41":"product_tag-soma-korfezi-buggy-safari","42":"product_tag-soma-korfezi-cocuk-dostu-turlar","43":"product_tag-soma-korfezi-cocuk-etkinlikleri","44":"product_tag-soma-korfezi-denizalti-turu","45":"product_tag-soma-korfezi-gezileri","46":"product_tag-soma-korfezi-gunubirlik-geziler","47":"product_tag-soma-korfezi-gunubirlik-turlar","48":"product_tag-soma-korfezi-ozel-tekne-turu","49":"product_tag-soma-korfezi-romantik-turlar","50":"product_tag-soma-korfezi-snorkel-gezileri","51":"product_tag-soma-korfezi-sorf","52":"product_tag-soma-korfezi-su-parki","53":"product_tag-soma-korfezi-tekne-kiralama","54":"product_tag-soma-korfezi-tekne-turlari","55":"product_tag-soma-korfezi-yapilacak-seyler","56":"product_tag-soma-korfezinde-ailecek-yapilacak-seyler","57":"product_tag-soma-korfezinde-ciftler-icin-romantik-aktiviteler","58":"product_tag-soma-korfezinde-cocuklarla-yapilacak-seyler","59":"product_tag-soma-korfezinde-gezilecek-yerler","60":"product_tag-soma-korfezinde-gorulecek-yerler","61":"product_tag-soma-korfezinde-yapilacak-romantik-seyler","62":"product_tag-soma-korfezinde-yapilacak-romantik-seyler-tr","63":"product_tag-soma-korfezinde-yapilacak-seyler","64":"product_tag-soma-korfezinde-yunus-gosterisi","65":"product_tag-soma-korfezinden-2-yas-cocuklari-icin-aktiviteler","66":"product_tag-soma-korfezinden-aile-etkinlikleri","67":"product_tag-soma-korfezinden-aile-gunleri","68":"product_tag-soma-korfezinden-ailece-eglenceli-yerler","69":"product_tag-soma-korfezinden-ailenizle-gidebileceginiz-eglenceli-yerler","70":"product_tag-soma-korfezinden-ailenizle-yapilacak-seyler","71":"product_tag-soma-korfezinden-bebek-etkinlikleri","72":"product_tag-soma-korfezinden-bebeklerle-yapilacak-seyler","73":"product_tag-soma-korfezinden-cocuk-aktiviteleri","74":"product_tag-soma-korfezinden-eglenceli-aile-aktiviteleri","75":"product_tag-soma-korfezinden-gencler-icin-etkinlikler","76":"product_tag-soma-korfezinden-gunubirlik-geziler","77":"product_tag-soma-korfezinden-gunubirlik-luksor-turu","78":"product_tag-soma-korfezinden-gunubirlik-turlar","79":"product_tag-soma-korfezinden-ic-mekanda-eglenceli-aktiviteler","80":"product_tag-soma-korfezinden-kahire-gunubirlik-gezisi","81":"product_tag-soma-korfezinden-luksor-gezisi","82":"product_tag-soma-korfezinden-luksor-turu","83":"product_tag-soma-korfezinden-luksora-gunubirlik-gezi","84":"product_tag-soma-korfezinden-ozel-luksor-turu","85":"product_tag-soma-korfezinden-piramitler","86":"product_tag-soma-korfezinden-piramitlere-gunubirlik-gezi","87":"product_tag-super-safari-soma-koyu","88":"product_tag-surat-teknesi-soma-korfezi","89":"product_tag-tekne-kiralama-soma-korfezi","90":"product_tag-tuplu-dalis-soma-korfezi","91":"product_tag-utopya-adasi-soma-korfezi","92":"product_tag-yamac-parasutu-soma-korfezi","93":"product_tag-yari-denizalti-soma-korfezi","94":"product_tag-yildiz-gozlemciligi-soma-korfezi","95":"product_tag-yunuslarla-yuzun-soma-korfezi","96":"tour_category-egypt-tours-tr","98":"first","99":"instock","100":"sale","101":"shipping-taxable","102":"purchasable","103":"product-type-tour"},"yoast_head":"<!-- This site is optimized with the Yoast SEO Premium plugin v26.9 (Yoast SEO v27.2) - https:\/\/yoast.com\/product\/yoast-seo-premium-wordpress\/ -->\n<title>Soma K\u00f6rfezi Etkinlikleri 2024 \/ 2025 - Hurghada Excursions &amp; Day Trips | Booking Best Prices Tours<\/title>\n<meta name=\"robots\" content=\"index, follow, max-snippet:-1, max-image-preview:large, max-video-preview:-1\" \/>\n<link rel=\"canonical\" href=\"https:\/\/hurghadalovers.com\/tr\/tours\/soma-korfezi-etkinlikleri-2024-2025\/\" \/>\n<meta property=\"og:locale\" content=\"tr_TR\" \/>\n<meta property=\"og:type\" content=\"article\" \/>\n<meta property=\"og:title\" content=\"Soma K\u00f6rfezi Etkinlikleri 2024 \/ 2025\" \/>\n<meta property=\"og:description\" content=\"Soma K\u00f6rfezi Etkinlikleri 2024 \/ 2025\" \/>\n<meta property=\"og:url\" content=\"https:\/\/hurghadalovers.com\/tr\/tours\/soma-korfezi-etkinlikleri-2024-2025\/\" \/>\n<meta property=\"og:site_name\" content=\"Hurghada Excursions &amp; Day Trips | Booking Best Prices Tours\" \/>\n<meta property=\"article:publisher\" content=\"https:\/\/www.facebook.com\/Hurghadaloversegypt\" \/>\n<meta property=\"og:image\" content=\"https:\/\/hurghadalovers.com\/wp-content\/uploads\/2025\/02\/Hurghada-Excursions-Day-Trips-Booking-Best-Prices-Tours.jpeg\" \/>\n\t<meta property=\"og:image:width\" content=\"1156\" \/>\n\t<meta property=\"og:image:height\" content=\"867\" \/>\n\t<meta property=\"og:image:type\" content=\"image\/jpeg\" \/>\n<meta name=\"twitter:card\" content=\"summary_large_image\" \/>\n<meta name=\"twitter:label1\" content=\"Fiyat\" \/>\n\t<meta name=\"twitter:data1\" content=\"&euro;&nbsp;23\" \/>\n\t<meta name=\"twitter:label2\" content=\"Durumu\" \/>\n\t<meta name=\"twitter:data2\" content=\"Stokta var\" \/>\n<script type=\"application\/ld+json\" class=\"yoast-schema-graph\">{\"@context\":\"https:\/\/schema.org\",\"@graph\":[{\"@type\":[\"WebPage\",\"ItemPage\"],\"@id\":\"https:\/\/hurghadalovers.com\/tr\/tours\/soma-korfezi-etkinlikleri-2024-2025\/\",\"url\":\"https:\/\/hurghadalovers.com\/tr\/tours\/soma-korfezi-etkinlikleri-2024-2025\/\",\"name\":\"Soma K\u00f6rfezi Etkinlikleri 2024 \/ 2025 - Hurghada Excursions &amp; Day Trips | Booking Best Prices Tours\",\"isPartOf\":{\"@id\":\"https:\/\/hurghadalovers.com\/tr\/#website\"},\"datePublished\":\"2024-11-26T21:12:01+00:00\",\"breadcrumb\":{\"@id\":\"https:\/\/hurghadalovers.com\/tr\/tours\/soma-korfezi-etkinlikleri-2024-2025\/#breadcrumb\"},\"inLanguage\":\"tr\",\"potentialAction\":[{\"@type\":\"ReadAction\",\"target\":[\"https:\/\/hurghadalovers.com\/tr\/tours\/soma-korfezi-etkinlikleri-2024-2025\/\"]}]},{\"@type\":\"BreadcrumbList\",\"@id\":\"https:\/\/hurghadalovers.com\/tr\/tours\/soma-korfezi-etkinlikleri-2024-2025\/#breadcrumb\",\"itemListElement\":[{\"@type\":\"ListItem\",\"position\":1,\"name\":\"Home\",\"item\":\"https:\/\/hurghadalovers.com\/tr\/\"},{\"@type\":\"ListItem\",\"position\":2,\"name\":\"Shop\",\"item\":\"https:\/\/hurghadalovers.com\/shop\/\"},{\"@type\":\"ListItem\",\"position\":3,\"name\":\"Soma K\u00f6rfezi Etkinlikleri 2024 \/ 2025\"}]},{\"@type\":\"WebSite\",\"@id\":\"https:\/\/hurghadalovers.com\/tr\/#website\",\"url\":\"https:\/\/hurghadalovers.com\/tr\/\",\"name\":\"Hurghada Excursions & Day Trips | Booking Best Prices Tours\",\"description\":\"Hurghada Lovers - Best Tour Operator - Excursions &amp; Things to do for Family Day Trips with kids and Couples Romantic. Unique .Hidden gems\",\"publisher\":{\"@id\":\"https:\/\/hurghadalovers.com\/tr\/#organization\"},\"alternateName\":\"Hurghada Excursions\",\"potentialAction\":[{\"@type\":\"SearchAction\",\"target\":{\"@type\":\"EntryPoint\",\"urlTemplate\":\"https:\/\/hurghadalovers.com\/tr\/?s={search_term_string}\"},\"query-input\":{\"@type\":\"PropertyValueSpecification\",\"valueRequired\":true,\"valueName\":\"search_term_string\"}}],\"inLanguage\":\"tr\"},{\"@type\":[\"Organization\",\"Place\",\"TravelAgency\"],\"@id\":\"https:\/\/hurghadalovers.com\/tr\/#organization\",\"name\":\"Hurghada Excursions\",\"url\":\"https:\/\/hurghadalovers.com\/tr\/\",\"logo\":{\"@id\":\"https:\/\/hurghadalovers.com\/tr\/tours\/soma-korfezi-etkinlikleri-2024-2025\/#local-main-organization-logo\"},\"image\":{\"@id\":\"https:\/\/hurghadalovers.com\/tr\/tours\/soma-korfezi-etkinlikleri-2024-2025\/#local-main-organization-logo\"},\"sameAs\":[\"https:\/\/www.facebook.com\/Hurghadaloversegypt\"],\"address\":{\"@id\":\"https:\/\/hurghadalovers.com\/tr\/tours\/soma-korfezi-etkinlikleri-2024-2025\/#local-main-place-address\"},\"telephone\":[\"00201112596434\"],\"contactPoint\":{\"@type\":\"ContactPoint\",\"telephone\":\"00201112596434\",\"email\":\"weyouface@gmail.com\"},\"openingHoursSpecification\":{\"@type\":\"OpeningHoursSpecification\",\"dayOfWeek\":[\"Monday\",\"Tuesday\",\"Wednesday\",\"Thursday\",\"Friday\",\"Saturday\",\"Sunday\"],\"opens\":\"00:00\",\"closes\":\"23:59\"},\"email\":\"weyouface@gmail.com\",\"areaServed\":\"Luxor, Hurghada, El Gouna, Aswan, Sharm El Sheikh, Giza, Alexandria, Marsa Alam, Quseir, Soma Bay, Sahl Hasheesh, Red Sea, Makadi Bay, Cairo\",\"priceRange\":\"$\",\"currenciesAccepted\":\"euro\",\"paymentAccepted\":\"cash on site\"},{\"@type\":\"PostalAddress\",\"@id\":\"https:\/\/hurghadalovers.com\/tr\/tours\/soma-korfezi-etkinlikleri-2024-2025\/#local-main-place-address\",\"streetAddress\":\"17 Banks street, Alkawther area, top nbk bank\",\"addressLocality\":\"hurghada\",\"postalCode\":\"84511\",\"addressRegion\":\"red sea\",\"addressCountry\":\"EG\"},{\"@type\":\"ImageObject\",\"inLanguage\":\"tr\",\"@id\":\"https:\/\/hurghadalovers.com\/tr\/tours\/soma-korfezi-etkinlikleri-2024-2025\/#local-main-organization-logo\",\"url\":\"https:\/\/hurghadalovers.com\/wp-content\/uploads\/2019\/10\/hurghada-excursions-logo.png\",\"contentUrl\":\"https:\/\/hurghadalovers.com\/wp-content\/uploads\/2019\/10\/hurghada-excursions-logo.png\",\"width\":272,\"height\":90,\"caption\":\"Hurghada Excursions\"}]}<\/script>\n<meta property=\"product:brand\" content=\"M\u0131s\u0131r Turlar\u0131\" \/>\n<meta property=\"product:price:amount\" content=\"23\" \/>\n<meta property=\"product:price:currency\" content=\"EUR\" \/>\n<meta property=\"og:availability\" content=\"instock\" \/>\n<meta property=\"product:availability\" content=\"instock\" \/>\n<meta property=\"product:retailer_item_id\" content=\"soma99343434\" \/>\n<meta property=\"product:condition\" content=\"new\" \/>\n<meta name=\"geo.placename\" content=\"hurghada\" \/>\n<meta name=\"geo.region\" content=\"M\u0131s\u0131r\" \/>\n<!-- \/ Yoast SEO Premium plugin. -->","yoast_head_json":{"title":"Soma K\u00f6rfezi Etkinlikleri 2024 \/ 2025 - Hurghada Excursions &amp; Day Trips | Booking Best Prices Tours","robots":{"index":"index","follow":"follow","max-snippet":"max-snippet:-1","max-image-preview":"max-image-preview:large","max-video-preview":"max-video-preview:-1"},"canonical":"https:\/\/hurghadalovers.com\/tr\/tours\/soma-korfezi-etkinlikleri-2024-2025\/","og_locale":"tr_TR","og_type":"article","og_title":"Soma K\u00f6rfezi Etkinlikleri 2024 \/ 2025","og_description":"Soma K\u00f6rfezi Etkinlikleri 2024 \/ 2025","og_url":"https:\/\/hurghadalovers.com\/tr\/tours\/soma-korfezi-etkinlikleri-2024-2025\/","og_site_name":"Hurghada Excursions &amp; Day Trips | Booking Best Prices Tours","article_publisher":"https:\/\/www.facebook.com\/Hurghadaloversegypt","og_image":[{"width":1156,"height":867,"url":"https:\/\/hurghadalovers.com\/wp-content\/uploads\/2025\/02\/Hurghada-Excursions-Day-Trips-Booking-Best-Prices-Tours.jpeg","type":"image\/jpeg"}],"twitter_card":"summary_large_image","twitter_misc":{"Fiyat":"&euro;&nbsp;23","Durumu":"Stokta var"},"schema":{"@context":"https:\/\/schema.org","@graph":[{"@type":["WebPage","ItemPage"],"@id":"https:\/\/hurghadalovers.com\/tr\/tours\/soma-korfezi-etkinlikleri-2024-2025\/","url":"https:\/\/hurghadalovers.com\/tr\/tours\/soma-korfezi-etkinlikleri-2024-2025\/","name":"Soma K\u00f6rfezi Etkinlikleri 2024 \/ 2025 - Hurghada Excursions &amp; Day Trips | Booking Best Prices Tours","isPartOf":{"@id":"https:\/\/hurghadalovers.com\/tr\/#website"},"datePublished":"2024-11-26T21:12:01+00:00","breadcrumb":{"@id":"https:\/\/hurghadalovers.com\/tr\/tours\/soma-korfezi-etkinlikleri-2024-2025\/#breadcrumb"},"inLanguage":"tr","potentialAction":[{"@type":"ReadAction","target":["https:\/\/hurghadalovers.com\/tr\/tours\/soma-korfezi-etkinlikleri-2024-2025\/"]}]},{"@type":"BreadcrumbList","@id":"https:\/\/hurghadalovers.com\/tr\/tours\/soma-korfezi-etkinlikleri-2024-2025\/#breadcrumb","itemListElement":[{"@type":"ListItem","position":1,"name":"Home","item":"https:\/\/hurghadalovers.com\/tr\/"},{"@type":"ListItem","position":2,"name":"Shop","item":"https:\/\/hurghadalovers.com\/shop\/"},{"@type":"ListItem","position":3,"name":"Soma K\u00f6rfezi Etkinlikleri 2024 \/ 2025"}]},{"@type":"WebSite","@id":"https:\/\/hurghadalovers.com\/tr\/#website","url":"https:\/\/hurghadalovers.com\/tr\/","name":"Hurghada Excursions & Day Trips | Booking Best Prices Tours","description":"Hurghada Lovers - Best Tour Operator - Excursions &amp; Things to do for Family Day Trips with kids and Couples Romantic. Unique .Hidden gems","publisher":{"@id":"https:\/\/hurghadalovers.com\/tr\/#organization"},"alternateName":"Hurghada Excursions","potentialAction":[{"@type":"SearchAction","target":{"@type":"EntryPoint","urlTemplate":"https:\/\/hurghadalovers.com\/tr\/?s={search_term_string}"},"query-input":{"@type":"PropertyValueSpecification","valueRequired":true,"valueName":"search_term_string"}}],"inLanguage":"tr"},{"@type":["Organization","Place","TravelAgency"],"@id":"https:\/\/hurghadalovers.com\/tr\/#organization","name":"Hurghada Excursions","url":"https:\/\/hurghadalovers.com\/tr\/","logo":{"@id":"https:\/\/hurghadalovers.com\/tr\/tours\/soma-korfezi-etkinlikleri-2024-2025\/#local-main-organization-logo"},"image":{"@id":"https:\/\/hurghadalovers.com\/tr\/tours\/soma-korfezi-etkinlikleri-2024-2025\/#local-main-organization-logo"},"sameAs":["https:\/\/www.facebook.com\/Hurghadaloversegypt"],"address":{"@id":"https:\/\/hurghadalovers.com\/tr\/tours\/soma-korfezi-etkinlikleri-2024-2025\/#local-main-place-address"},"telephone":["00201112596434"],"contactPoint":{"@type":"ContactPoint","telephone":"00201112596434","email":"weyouface@gmail.com"},"openingHoursSpecification":{"@type":"OpeningHoursSpecification","dayOfWeek":["Monday","Tuesday","Wednesday","Thursday","Friday","Saturday","Sunday"],"opens":"00:00","closes":"23:59"},"email":"weyouface@gmail.com","areaServed":"Luxor, Hurghada, El Gouna, Aswan, Sharm El Sheikh, Giza, Alexandria, Marsa Alam, Quseir, Soma Bay, Sahl Hasheesh, Red Sea, Makadi Bay, Cairo","priceRange":"$","currenciesAccepted":"euro","paymentAccepted":"cash on site"},{"@type":"PostalAddress","@id":"https:\/\/hurghadalovers.com\/tr\/tours\/soma-korfezi-etkinlikleri-2024-2025\/#local-main-place-address","streetAddress":"17 Banks street, Alkawther area, top nbk bank","addressLocality":"hurghada","postalCode":"84511","addressRegion":"red sea","addressCountry":"EG"},{"@type":"ImageObject","inLanguage":"tr","@id":"https:\/\/hurghadalovers.com\/tr\/tours\/soma-korfezi-etkinlikleri-2024-2025\/#local-main-organization-logo","url":"https:\/\/hurghadalovers.com\/wp-content\/uploads\/2019\/10\/hurghada-excursions-logo.png","contentUrl":"https:\/\/hurghadalovers.com\/wp-content\/uploads\/2019\/10\/hurghada-excursions-logo.png","width":272,"height":90,"caption":"Hurghada Excursions"}]},"product_brand":"M\u0131s\u0131r Turlar\u0131","product_price_amount":"23","product_price_currency":"EUR","og_availability":"instock","product_availability":"instock","product_retailer_item_id":"soma99343434","product_condition":"new","geo.placename":"hurghada","geo.region":"M\u0131s\u0131r"},"_links":{"self":[{"href":"https:\/\/hurghadalovers.com\/tr\/wp-json\/wp\/v2\/product\/482825","targetHints":{"allow":["GET"]}}],"collection":[{"href":"https:\/\/hurghadalovers.com\/tr\/wp-json\/wp\/v2\/product"}],"about":[{"href":"https:\/\/hurghadalovers.com\/tr\/wp-json\/wp\/v2\/types\/product"}],"wp:attachment":[{"href":"https:\/\/hurghadalovers.com\/tr\/wp-json\/wp\/v2\/media?parent=482825"}],"wp:term":[{"taxonomy":"product_brand","embeddable":true,"href":"https:\/\/hurghadalovers.com\/tr\/wp-json\/wp\/v2\/product_brand?post=482825"},{"taxonomy":"product_cat","embeddable":true,"href":"https:\/\/hurghadalovers.com\/tr\/wp-json\/wp\/v2\/product_cat?post=482825"},{"taxonomy":"product_tag","embeddable":true,"href":"https:\/\/hurghadalovers.com\/tr\/wp-json\/wp\/v2\/product_tag?post=482825"}],"curies":[{"name":"wp","href":"https:\/\/api.w.org\/{rel}","templated":true}]}}