{"id":482800,"date":"2024-11-26T20:55:26","date_gmt":"2024-11-26T20:59:52","guid":{"rendered":"https:\/\/hurghadalovers.com\/product\/sahl-hasheesh-faaliyetleri-2024-2025\/"},"modified":"2024-11-26T21:01:28","modified_gmt":"2024-11-26T21:01:28","slug":"sahl-hasheesh-faaliyetleri-2024-2025","status":"publish","type":"product","link":"https:\/\/hurghadalovers.com\/tr\/tours\/sahl-hasheesh-faaliyetleri-2024-2025\/","title":{"rendered":"Sahl Hasheesh Faaliyetleri 2024\/2025"},"content":{"rendered":"<p>Sahl Hasheesh Faaliyetleri 2024\/2025<\/p>\n","protected":false},"excerpt":{"rendered":"<p>Sahl Hasheesh Faaliyetleri 2024\/2025<\/p>\n","protected":false},"featured_media":0,"template":"","meta":{"_joinchat":[]},"product_brand":[],"product_cat":[36664],"product_tag":[49678,49680,49697,53063,49705,52853,52997,52906,49675,52850,49691,53005,53019,53054,50569,52885,49671,53024,50559,52964,52972,53001,53039,52879,49677,49686,52977,52955,52868,49673,52894,52918,52900,49676,49669,49674,52935,52849,52902,52896,52903,52915,52914,52944,53049,52917,52989,53068,52898,53034,53008,52927,52939,49670,52908,52909,49668,52916,52904,52892,49672,52931,52913,52890,52862,52860,52912,52910,52919,52923,49667,52960,52911,52873,52951,52968,52981,52876,52888,52948,52985,53059,53029,53044,52993,52856,52882,52866,49700,53013],"class_list":{"0":"post-482800","1":"product","2":"type-product","3":"status-publish","5":"product_cat-turlar","6":"product_tag-atv-bisikleti-sahl-hasheesh","7":"product_tag-atv-sahl-hasheesh-tr","8":"product_tag-bedevi-koyu-sahl-hasheesh","9":"product_tag-bobos-sahl-hasheesh-su-sporlari","10":"product_tag-buggy-turu-sahl-hasheesh","11":"product_tag-cam-tabanli-tekne-sahl-hasheesh","12":"product_tag-cennet-adasi-sahl-hasheesh","13":"product_tag-ciftler-icin-sahl-hasheesh-aktiviteleri-tr","14":"product_tag-col-safari-sahl-hasheesh","15":"product_tag-denizalti-gezisi-sahl-hasheesh","16":"product_tag-deve-biniciligi-sahl-hasheesh","17":"product_tag-dolphin-house-sahl-hasheesh-tr","18":"product_tag-giftun-adasi-sahl-hasheesh","19":"product_tag-jeep-safari-sahl-hasheesh-tr","20":"product_tag-kahire-ozel-turlari","21":"product_tag-kahireye-sahl-hasheesh-gezisi","22":"product_tag-kapali-alan-cift-aktiviteleri-sahl-hasheesh","23":"product_tag-korsan-teknesi-sahl-hasheesh","24":"product_tag-luksor-ozel-turlari","25":"product_tag-luksora-sahl-hasheesh-turlari","26":"product_tag-luksordan-sahl-hasheeshe-transfer","27":"product_tag-orange-bay-adasi-sahl-hasheesh","28":"product_tag-ozel-tekne-sahl-hasheesh","29":"product_tag-parasailing-sahl-hasheesh-tr","30":"product_tag-safari-sahara-sahl-hasheesh-tr","31":"product_tag-safari-turu-sahl-hasheesh","32":"product_tag-sahl-hasheesh-krallar-vadisi","33":"product_tag-sahl-hasheesh-luxor-otobus-bileti","34":"product_tag-sahl-hasheesh-piramitler","35":"product_tag-sahl-hasheesh-aile-dostu-etkinlikler","36":"product_tag-sahl-hasheesh-aileler-icin-ucuz-geziler","37":"product_tag-sahl-hasheesh-bolgesinde-romantik-aktiviteler","38":"product_tag-sahl-hasheesh-bolgesinde-yapilacak-seyler","39":"product_tag-sahl-hasheesh-buggy-safari-tr","40":"product_tag-sahl-hasheesh-cikisli-gunluk-turlar","41":"product_tag-sahl-hasheesh-cocuk-dostu-turlar","42":"product_tag-sahl-hasheesh-cocuk-etkinlikleri","43":"product_tag-sahl-hasheesh-denizalti-turu","44":"product_tag-sahl-hasheesh-faaliyetleri","45":"product_tag-sahl-hasheesh-gezileri","46":"product_tag-sahl-hasheesh-gunubirlik-geziler","47":"product_tag-sahl-hasheesh-gunubirlik-turlar","48":"product_tag-sahl-hasheesh-ne-yapmali","49":"product_tag-sahl-hasheesh-noktasindan-ucuz-aile-gunleri","50":"product_tag-sahl-hasheesh-ozel-tekne-turu","51":"product_tag-sahl-hasheesh-romantik-turlar","52":"product_tag-sahl-hasheesh-snorkel-gezileri","53":"product_tag-sahl-hasheesh-sorf","54":"product_tag-sahl-hasheesh-su-parki","55":"product_tag-sahl-hasheesh-tekne-kiralama","56":"product_tag-sahl-hasheesh-tekne-turlari","57":"product_tag-sahl-hasheeshte-ailenizle-yapilacak-seyler","58":"product_tag-sahl-hasheeshte-bebeklerle-yapilacak-seyler","59":"product_tag-sahl-hasheeshte-ciftler-icin-romantik-aktiviteler","60":"product_tag-sahl-hasheeshte-ciftler-icin-yapilacak-seyler-2","61":"product_tag-sahl-hasheeshte-cocuklarla-yapilacak-seyler","62":"product_tag-sahl-hasheeshte-gezilecek-yerler","63":"product_tag-sahl-hasheeshte-gorulecek-yerler","64":"product_tag-sahl-hasheeshte-yapilacak-romantik-seyler","65":"product_tag-sahl-hasheeshte-yunus-gosterisi","66":"product_tag-sahl-hasheeshten-2-yas-cocuklari-icin-aktiviteler","67":"product_tag-sahl-hasheeshten-aile-eglencesi-yerleri","68":"product_tag-sahl-hasheeshten-aile-etkinlikleri","69":"product_tag-sahl-hasheeshten-aile-gunleri","70":"product_tag-sahl-hasheeshten-ailecek-yapilacak-seyler","71":"product_tag-sahl-hasheeshten-ailenizle-gidebileceginiz-eglenceli-yerler","72":"product_tag-sahl-hasheeshten-bebek-etkinlikleri","73":"product_tag-sahl-hasheeshten-cocuk-aktiviteleri","74":"product_tag-sahl-hasheeshten-eglenceli-aile-aktiviteleri","75":"product_tag-sahl-hasheeshten-gencler-icin-aktiviteler","76":"product_tag-sahl-hasheeshten-gunubirlik-geziler","77":"product_tag-sahl-hasheeshten-gunubirlik-luksor-turu","78":"product_tag-sahl-hasheeshten-ic-mekanda-eglenceli-aktiviteler","79":"product_tag-sahl-hasheeshten-kahire-gunluk-gezisi","80":"product_tag-sahl-hasheeshten-luksor-gezisi","81":"product_tag-sahl-hasheeshten-luksor-turu","82":"product_tag-sahl-hasheeshten-ozel-luksor-turu","83":"product_tag-sahl-hasheeshten-piramitler","84":"product_tag-sahl-hasheeshten-piramitlere-gunubirlik-gezi-2","85":"product_tag-sehl-hasesten-luksora-gunubirlik-gezi","86":"product_tag-sicak-hava-balonu-sahl-hasheesh","87":"product_tag-super-safari-sahl-hasheesh-tr","88":"product_tag-surat-teknesi-sahl-hasheesh","89":"product_tag-tekne-kiralama-sahl-hasheesh","90":"product_tag-tuplu-dalis-sahl-hasheesh","91":"product_tag-utopya-adasi-sahl-hasheesh","92":"product_tag-yamac-parasutu-sahl-hasheesh","93":"product_tag-yari-denizalti-sahl-hasheesh","94":"product_tag-yildiz-gozlemciligi-sahl-hasheesh","95":"product_tag-yunuslarla-yuzun-sahl-hasheesh-tr","96":"tour_category-egypt-tours-tr","98":"first","99":"instock","100":"sale","101":"shipping-taxable","102":"purchasable","103":"product-type-tour"},"yoast_head":"<!-- This site is optimized with the Yoast SEO Premium plugin v26.9 (Yoast SEO v27.2) - https:\/\/yoast.com\/product\/yoast-seo-premium-wordpress\/ -->\n<title>Sahl Hasheesh Faaliyetleri 2024\/2025 - Hurghada Excursions &amp; Day Trips | Booking Best Prices Tours<\/title>\n<meta name=\"robots\" content=\"index, follow, max-snippet:-1, max-image-preview:large, max-video-preview:-1\" \/>\n<link rel=\"canonical\" href=\"https:\/\/hurghadalovers.com\/tr\/tours\/sahl-hasheesh-faaliyetleri-2024-2025\/\" \/>\n<meta property=\"og:locale\" content=\"tr_TR\" \/>\n<meta property=\"og:type\" content=\"article\" \/>\n<meta property=\"og:title\" content=\"Sahl Hasheesh Faaliyetleri 2024\/2025\" \/>\n<meta property=\"og:description\" content=\"Sahl Hasheesh Faaliyetleri 2024\/2025\" \/>\n<meta property=\"og:url\" content=\"https:\/\/hurghadalovers.com\/tr\/tours\/sahl-hasheesh-faaliyetleri-2024-2025\/\" \/>\n<meta property=\"og:site_name\" content=\"Hurghada Excursions &amp; Day Trips | Booking Best Prices Tours\" \/>\n<meta property=\"article:publisher\" content=\"https:\/\/www.facebook.com\/Hurghadaloversegypt\" \/>\n<meta property=\"article:modified_time\" content=\"2024-11-26T21:01:28+00:00\" \/>\n<meta property=\"og:image\" content=\"https:\/\/hurghadalovers.com\/wp-content\/uploads\/2025\/02\/Hurghada-Excursions-Day-Trips-Booking-Best-Prices-Tours.jpeg\" \/>\n\t<meta property=\"og:image:width\" content=\"1156\" \/>\n\t<meta property=\"og:image:height\" content=\"867\" \/>\n\t<meta property=\"og:image:type\" content=\"image\/jpeg\" \/>\n<meta name=\"twitter:card\" content=\"summary_large_image\" \/>\n<meta name=\"twitter:label1\" content=\"Fiyat\" \/>\n\t<meta name=\"twitter:data1\" content=\"&euro;&nbsp;19\" \/>\n\t<meta name=\"twitter:label2\" content=\"Durumu\" \/>\n\t<meta name=\"twitter:data2\" content=\"Stokta var\" \/>\n<script type=\"application\/ld+json\" class=\"yoast-schema-graph\">{\"@context\":\"https:\/\/schema.org\",\"@graph\":[{\"@type\":[\"WebPage\",\"ItemPage\"],\"@id\":\"https:\/\/hurghadalovers.com\/tr\/tours\/sahl-hasheesh-faaliyetleri-2024-2025\/\",\"url\":\"https:\/\/hurghadalovers.com\/tr\/tours\/sahl-hasheesh-faaliyetleri-2024-2025\/\",\"name\":\"Sahl Hasheesh Faaliyetleri 2024\/2025 - Hurghada Excursions &amp; Day Trips | Booking Best Prices Tours\",\"isPartOf\":{\"@id\":\"https:\/\/hurghadalovers.com\/tr\/#website\"},\"datePublished\":\"2024-11-26T20:59:52+00:00\",\"dateModified\":\"2024-11-26T21:01:28+00:00\",\"breadcrumb\":{\"@id\":\"https:\/\/hurghadalovers.com\/tr\/tours\/sahl-hasheesh-faaliyetleri-2024-2025\/#breadcrumb\"},\"inLanguage\":\"tr\",\"potentialAction\":[{\"@type\":\"ReadAction\",\"target\":[\"https:\/\/hurghadalovers.com\/tr\/tours\/sahl-hasheesh-faaliyetleri-2024-2025\/\"]}]},{\"@type\":\"BreadcrumbList\",\"@id\":\"https:\/\/hurghadalovers.com\/tr\/tours\/sahl-hasheesh-faaliyetleri-2024-2025\/#breadcrumb\",\"itemListElement\":[{\"@type\":\"ListItem\",\"position\":1,\"name\":\"Home\",\"item\":\"https:\/\/hurghadalovers.com\/tr\/\"},{\"@type\":\"ListItem\",\"position\":2,\"name\":\"Shop\",\"item\":\"https:\/\/hurghadalovers.com\/shop\/\"},{\"@type\":\"ListItem\",\"position\":3,\"name\":\"Sahl Hasheesh Faaliyetleri 2024\/2025\"}]},{\"@type\":\"WebSite\",\"@id\":\"https:\/\/hurghadalovers.com\/tr\/#website\",\"url\":\"https:\/\/hurghadalovers.com\/tr\/\",\"name\":\"Hurghada Excursions & Day Trips | Booking Best Prices Tours\",\"description\":\"Hurghada Lovers - Best Tour Operator - Excursions &amp; Things to do for Family Day Trips with kids and Couples Romantic. Unique .Hidden gems\",\"publisher\":{\"@id\":\"https:\/\/hurghadalovers.com\/tr\/#organization\"},\"alternateName\":\"Hurghada Excursions\",\"potentialAction\":[{\"@type\":\"SearchAction\",\"target\":{\"@type\":\"EntryPoint\",\"urlTemplate\":\"https:\/\/hurghadalovers.com\/tr\/?s={search_term_string}\"},\"query-input\":{\"@type\":\"PropertyValueSpecification\",\"valueRequired\":true,\"valueName\":\"search_term_string\"}}],\"inLanguage\":\"tr\"},{\"@type\":[\"Organization\",\"Place\",\"TravelAgency\"],\"@id\":\"https:\/\/hurghadalovers.com\/tr\/#organization\",\"name\":\"Hurghada Excursions\",\"url\":\"https:\/\/hurghadalovers.com\/tr\/\",\"logo\":{\"@id\":\"https:\/\/hurghadalovers.com\/tr\/tours\/sahl-hasheesh-faaliyetleri-2024-2025\/#local-main-organization-logo\"},\"image\":{\"@id\":\"https:\/\/hurghadalovers.com\/tr\/tours\/sahl-hasheesh-faaliyetleri-2024-2025\/#local-main-organization-logo\"},\"sameAs\":[\"https:\/\/www.facebook.com\/Hurghadaloversegypt\"],\"address\":{\"@id\":\"https:\/\/hurghadalovers.com\/tr\/tours\/sahl-hasheesh-faaliyetleri-2024-2025\/#local-main-place-address\"},\"telephone\":[\"00201112596434\"],\"contactPoint\":{\"@type\":\"ContactPoint\",\"telephone\":\"00201112596434\",\"email\":\"weyouface@gmail.com\"},\"openingHoursSpecification\":{\"@type\":\"OpeningHoursSpecification\",\"dayOfWeek\":[\"Monday\",\"Tuesday\",\"Wednesday\",\"Thursday\",\"Friday\",\"Saturday\",\"Sunday\"],\"opens\":\"00:00\",\"closes\":\"23:59\"},\"email\":\"weyouface@gmail.com\",\"areaServed\":\"Luxor, Hurghada, El Gouna, Aswan, Sharm El Sheikh, Giza, Alexandria, Marsa Alam, Quseir, Soma Bay, Sahl Hasheesh, Red Sea, Makadi Bay, Cairo\",\"priceRange\":\"$\",\"currenciesAccepted\":\"euro\",\"paymentAccepted\":\"cash on site\"},{\"@type\":\"PostalAddress\",\"@id\":\"https:\/\/hurghadalovers.com\/tr\/tours\/sahl-hasheesh-faaliyetleri-2024-2025\/#local-main-place-address\",\"streetAddress\":\"17 Banks street, Alkawther area, top nbk bank\",\"addressLocality\":\"hurghada\",\"postalCode\":\"84511\",\"addressRegion\":\"red sea\",\"addressCountry\":\"EG\"},{\"@type\":\"ImageObject\",\"inLanguage\":\"tr\",\"@id\":\"https:\/\/hurghadalovers.com\/tr\/tours\/sahl-hasheesh-faaliyetleri-2024-2025\/#local-main-organization-logo\",\"url\":\"https:\/\/hurghadalovers.com\/wp-content\/uploads\/2019\/10\/hurghada-excursions-logo.png\",\"contentUrl\":\"https:\/\/hurghadalovers.com\/wp-content\/uploads\/2019\/10\/hurghada-excursions-logo.png\",\"width\":272,\"height\":90,\"caption\":\"Hurghada Excursions\"}]}<\/script>\n<meta property=\"product:brand\" content=\"M\u0131s\u0131r Turlar\u0131\" \/>\n<meta property=\"product:price:amount\" content=\"19\" \/>\n<meta property=\"product:price:currency\" content=\"EUR\" \/>\n<meta property=\"og:availability\" content=\"instock\" \/>\n<meta property=\"product:availability\" content=\"instock\" \/>\n<meta property=\"product:retailer_item_id\" content=\"Sahl3888834232\" \/>\n<meta property=\"product:condition\" content=\"new\" \/>\n<meta name=\"geo.placename\" content=\"hurghada\" \/>\n<meta name=\"geo.region\" content=\"M\u0131s\u0131r\" \/>\n<!-- \/ Yoast SEO Premium plugin. -->","yoast_head_json":{"title":"Sahl Hasheesh Faaliyetleri 2024\/2025 - Hurghada Excursions &amp; Day Trips | Booking Best Prices Tours","robots":{"index":"index","follow":"follow","max-snippet":"max-snippet:-1","max-image-preview":"max-image-preview:large","max-video-preview":"max-video-preview:-1"},"canonical":"https:\/\/hurghadalovers.com\/tr\/tours\/sahl-hasheesh-faaliyetleri-2024-2025\/","og_locale":"tr_TR","og_type":"article","og_title":"Sahl Hasheesh Faaliyetleri 2024\/2025","og_description":"Sahl Hasheesh Faaliyetleri 2024\/2025","og_url":"https:\/\/hurghadalovers.com\/tr\/tours\/sahl-hasheesh-faaliyetleri-2024-2025\/","og_site_name":"Hurghada Excursions &amp; Day Trips | Booking Best Prices Tours","article_publisher":"https:\/\/www.facebook.com\/Hurghadaloversegypt","article_modified_time":"2024-11-26T21:01:28+00:00","og_image":[{"width":1156,"height":867,"url":"https:\/\/hurghadalovers.com\/wp-content\/uploads\/2025\/02\/Hurghada-Excursions-Day-Trips-Booking-Best-Prices-Tours.jpeg","type":"image\/jpeg"}],"twitter_card":"summary_large_image","twitter_misc":{"Fiyat":"&euro;&nbsp;19","Durumu":"Stokta var"},"schema":{"@context":"https:\/\/schema.org","@graph":[{"@type":["WebPage","ItemPage"],"@id":"https:\/\/hurghadalovers.com\/tr\/tours\/sahl-hasheesh-faaliyetleri-2024-2025\/","url":"https:\/\/hurghadalovers.com\/tr\/tours\/sahl-hasheesh-faaliyetleri-2024-2025\/","name":"Sahl Hasheesh Faaliyetleri 2024\/2025 - Hurghada Excursions &amp; Day Trips | Booking Best Prices Tours","isPartOf":{"@id":"https:\/\/hurghadalovers.com\/tr\/#website"},"datePublished":"2024-11-26T20:59:52+00:00","dateModified":"2024-11-26T21:01:28+00:00","breadcrumb":{"@id":"https:\/\/hurghadalovers.com\/tr\/tours\/sahl-hasheesh-faaliyetleri-2024-2025\/#breadcrumb"},"inLanguage":"tr","potentialAction":[{"@type":"ReadAction","target":["https:\/\/hurghadalovers.com\/tr\/tours\/sahl-hasheesh-faaliyetleri-2024-2025\/"]}]},{"@type":"BreadcrumbList","@id":"https:\/\/hurghadalovers.com\/tr\/tours\/sahl-hasheesh-faaliyetleri-2024-2025\/#breadcrumb","itemListElement":[{"@type":"ListItem","position":1,"name":"Home","item":"https:\/\/hurghadalovers.com\/tr\/"},{"@type":"ListItem","position":2,"name":"Shop","item":"https:\/\/hurghadalovers.com\/shop\/"},{"@type":"ListItem","position":3,"name":"Sahl Hasheesh Faaliyetleri 2024\/2025"}]},{"@type":"WebSite","@id":"https:\/\/hurghadalovers.com\/tr\/#website","url":"https:\/\/hurghadalovers.com\/tr\/","name":"Hurghada Excursions & Day Trips | Booking Best Prices Tours","description":"Hurghada Lovers - Best Tour Operator - Excursions &amp; Things to do for Family Day Trips with kids and Couples Romantic. Unique .Hidden gems","publisher":{"@id":"https:\/\/hurghadalovers.com\/tr\/#organization"},"alternateName":"Hurghada Excursions","potentialAction":[{"@type":"SearchAction","target":{"@type":"EntryPoint","urlTemplate":"https:\/\/hurghadalovers.com\/tr\/?s={search_term_string}"},"query-input":{"@type":"PropertyValueSpecification","valueRequired":true,"valueName":"search_term_string"}}],"inLanguage":"tr"},{"@type":["Organization","Place","TravelAgency"],"@id":"https:\/\/hurghadalovers.com\/tr\/#organization","name":"Hurghada Excursions","url":"https:\/\/hurghadalovers.com\/tr\/","logo":{"@id":"https:\/\/hurghadalovers.com\/tr\/tours\/sahl-hasheesh-faaliyetleri-2024-2025\/#local-main-organization-logo"},"image":{"@id":"https:\/\/hurghadalovers.com\/tr\/tours\/sahl-hasheesh-faaliyetleri-2024-2025\/#local-main-organization-logo"},"sameAs":["https:\/\/www.facebook.com\/Hurghadaloversegypt"],"address":{"@id":"https:\/\/hurghadalovers.com\/tr\/tours\/sahl-hasheesh-faaliyetleri-2024-2025\/#local-main-place-address"},"telephone":["00201112596434"],"contactPoint":{"@type":"ContactPoint","telephone":"00201112596434","email":"weyouface@gmail.com"},"openingHoursSpecification":{"@type":"OpeningHoursSpecification","dayOfWeek":["Monday","Tuesday","Wednesday","Thursday","Friday","Saturday","Sunday"],"opens":"00:00","closes":"23:59"},"email":"weyouface@gmail.com","areaServed":"Luxor, Hurghada, El Gouna, Aswan, Sharm El Sheikh, Giza, Alexandria, Marsa Alam, Quseir, Soma Bay, Sahl Hasheesh, Red Sea, Makadi Bay, Cairo","priceRange":"$","currenciesAccepted":"euro","paymentAccepted":"cash on site"},{"@type":"PostalAddress","@id":"https:\/\/hurghadalovers.com\/tr\/tours\/sahl-hasheesh-faaliyetleri-2024-2025\/#local-main-place-address","streetAddress":"17 Banks street, Alkawther area, top nbk bank","addressLocality":"hurghada","postalCode":"84511","addressRegion":"red sea","addressCountry":"EG"},{"@type":"ImageObject","inLanguage":"tr","@id":"https:\/\/hurghadalovers.com\/tr\/tours\/sahl-hasheesh-faaliyetleri-2024-2025\/#local-main-organization-logo","url":"https:\/\/hurghadalovers.com\/wp-content\/uploads\/2019\/10\/hurghada-excursions-logo.png","contentUrl":"https:\/\/hurghadalovers.com\/wp-content\/uploads\/2019\/10\/hurghada-excursions-logo.png","width":272,"height":90,"caption":"Hurghada Excursions"}]},"product_brand":"M\u0131s\u0131r Turlar\u0131","product_price_amount":"19","product_price_currency":"EUR","og_availability":"instock","product_availability":"instock","product_retailer_item_id":"Sahl3888834232","product_condition":"new","geo.placename":"hurghada","geo.region":"M\u0131s\u0131r"},"_links":{"self":[{"href":"https:\/\/hurghadalovers.com\/tr\/wp-json\/wp\/v2\/product\/482800","targetHints":{"allow":["GET"]}}],"collection":[{"href":"https:\/\/hurghadalovers.com\/tr\/wp-json\/wp\/v2\/product"}],"about":[{"href":"https:\/\/hurghadalovers.com\/tr\/wp-json\/wp\/v2\/types\/product"}],"wp:attachment":[{"href":"https:\/\/hurghadalovers.com\/tr\/wp-json\/wp\/v2\/media?parent=482800"}],"wp:term":[{"taxonomy":"product_brand","embeddable":true,"href":"https:\/\/hurghadalovers.com\/tr\/wp-json\/wp\/v2\/product_brand?post=482800"},{"taxonomy":"product_cat","embeddable":true,"href":"https:\/\/hurghadalovers.com\/tr\/wp-json\/wp\/v2\/product_cat?post=482800"},{"taxonomy":"product_tag","embeddable":true,"href":"https:\/\/hurghadalovers.com\/tr\/wp-json\/wp\/v2\/product_tag?post=482800"}],"curies":[{"name":"wp","href":"https:\/\/api.w.org\/{rel}","templated":true}]}}