{"id":482766,"date":"2024-11-26T20:31:32","date_gmt":"2024-11-26T20:35:45","guid":{"rendered":"https:\/\/hurghadalovers.com\/product\/makadi-korfezi-etkinlikleri-2024-2025\/"},"modified":"2024-11-26T20:42:04","modified_gmt":"2024-11-26T20:42:04","slug":"makadi-korfezi-etkinlikleri-2024-2025","status":"publish","type":"product","link":"https:\/\/hurghadalovers.com\/tr\/tours\/makadi-korfezi-etkinlikleri-2024-2025\/","title":{"rendered":"Makadi K\u00f6rfezi Etkinlikleri 2024\/2025"},"content":{"rendered":"<p>Makadi K\u00f6rfezi Etkinlikleri 2024\/2025<\/p>\n","protected":false},"excerpt":{"rendered":"<p>Makadi K\u00f6rfezi Etkinlikleri 2024\/2025<\/p>\n","protected":false},"featured_media":0,"template":"","meta":{"_joinchat":[]},"product_brand":[],"product_cat":[36664],"product_tag":[50601,50603,50611,50649,50605,50661,50665,50018,50028,50590,50659,50609,50669,50565,50567,50575,50591,50569,50639,50577,50559,50621,50629,50617,50535,49998,50539,50653,50519,50525,50529,50020,50549,50008,50024,50533,50557,50517,50541,50555,50551,50521,50523,50553,50531,50627,50633,50543,50000,50595,50537,50655,49997,50006,50002,50587,50022,50545,50651,50581,50571,50004,50012,50643,50527,50010,50619,50014,50635,50615,50623,50613,50631,50637,50641,50026,50016,50563,50561,50667,50583,50645,50599,50607,50625,50593,50579,50585,50547,50663,50647,50657,50597,50573],"class_list":{"0":"post-482766","1":"product","2":"type-product","3":"status-publish","5":"product_cat-turlar","6":"product_tag-atv-bisikleti-makadi-koyu","7":"product_tag-atv-makadi-korfezi","8":"product_tag-bedevi-koyu-makadi-koyu","9":"product_tag-bobos-makadi-bay-su-sporlari","10":"product_tag-buggy-turu-makadi-korfezi","11":"product_tag-cam-tabanli-tekne-makadi-korfezi","12":"product_tag-cennet-adasi-makadi-koyu","13":"product_tag-ciftler-icin-makadi-koyu-aktiviteleri","14":"product_tag-ciftlere-yonelik-kapali-alan-aktiviteleri-makadi-bay","15":"product_tag-col-safari-makadi-korfezi","16":"product_tag-denizalti-gezisi-makadi-korfezi","17":"product_tag-deve-biniciligi-makadi-korfezi","18":"product_tag-dolphin-house-makadi-bay-tr","19":"product_tag-en-iyi-luks-misir-tur-sirketleri","20":"product_tag-en-iyi-misir-ozel-tur-sirketleri","21":"product_tag-giftun-adasi-makadi-korfezi","22":"product_tag-jeep-safari-makadi-korfezi","23":"product_tag-kahire-ozel-turlari","24":"product_tag-kahireye-makadi-korfezi-gezisi","25":"product_tag-korsan-teknesi-makadi-koyu","26":"product_tag-luksor-ozel-turlari","27":"product_tag-luksora-makadi-korfezi-turlari","28":"product_tag-luksordan-makadi-korfezine-transfer","29":"product_tag-makadi-bay-luxor-otobus-bileti","30":"product_tag-makadi-bay-aile-dostu-aktiviteler","31":"product_tag-makadi-bay-bolgesinde-yapilacak-seyler","32":"product_tag-makadi-bay-cocuk-aktiviteleri","33":"product_tag-makadi-bay-su-parki","34":"product_tag-makadi-bayde-ailecek-yapilacak-seyler","35":"product_tag-makadi-bayde-ailenizle-yapilacak-seyler","36":"product_tag-makadi-bayde-bebeklerle-yapilacak-seyler","37":"product_tag-makadi-bayde-ciftler-icin-yapilacak-seyler","38":"product_tag-makadi-bayde-cocuklarla-yapilacak-seyler","39":"product_tag-makadi-bayde-gorulecek-yerler","40":"product_tag-makadi-bayde-romantik-etkinlikler","41":"product_tag-makadi-bayden-2-yas-cocuklari-icin-aktiviteler","42":"product_tag-makadi-bayden-aile-aktiviteleri","43":"product_tag-makadi-bayden-aile-gunleri","44":"product_tag-makadi-bayden-ailenizle-gidebileceginiz-eglenceli-yerler","45":"product_tag-makadi-bayden-bebek-etkinlikleri","46":"product_tag-makadi-bayden-cocuk-aktiviteleri","47":"product_tag-makadi-bayden-eglenceli-aile-aktiviteleri","48":"product_tag-makadi-bayden-gencler-icin-aktiviteler","49":"product_tag-makadi-bayden-kapali-alan-eglence-aktiviteleri","50":"product_tag-makadi-bayden-ucuz-aile-gunleri","51":"product_tag-makadi-korfezi-krallar-vadisi","52":"product_tag-makadi-korfezi-piramitler","53":"product_tag-makadi-korfezi-aileler-icin-ucuz-geziler","54":"product_tag-makadi-korfezi-aktiviteleri","55":"product_tag-makadi-korfezi-buggy-safari","56":"product_tag-makadi-korfezi-cocuk-dostu-turlar","57":"product_tag-makadi-korfezi-denizalti-turu","58":"product_tag-makadi-korfezi-gezileri","59":"product_tag-makadi-korfezi-gunluk-turlari","60":"product_tag-makadi-korfezi-gunubirlik-geziler","61":"product_tag-makadi-korfezi-ozel-tekne-turu","62":"product_tag-makadi-korfezi-romantik-turlar","63":"product_tag-makadi-korfezi-snorkel-gezileri","64":"product_tag-makadi-korfezi-sorf","65":"product_tag-makadi-korfezi-tekne-kiralama","66":"product_tag-makadi-korfezi-tekne-turlari","67":"product_tag-makadi-korfezi-yapilacak-seyler","68":"product_tag-makadi-korfezinde-gezilecek-yerler","69":"product_tag-makadi-korfezinde-yunus-gosterisi","70":"product_tag-makadi-korfezinden-aile-eglencesi-yerleri","71":"product_tag-makadi-korfezinden-gunubirlik-geziler","72":"product_tag-makadi-korfezinden-gunubirlik-luksor-turu","73":"product_tag-makadi-korfezinden-gunubirlik-turlar","74":"product_tag-makadi-korfezinden-kahire-gunubirlik-gezisi","75":"product_tag-makadi-korfezinden-luksor-gezisi","76":"product_tag-makadi-korfezinden-luksor-turu","77":"product_tag-makadi-korfezinden-luksora-gunubirlik-gezi","78":"product_tag-makadi-korfezinden-ozel-luksor-turu","79":"product_tag-makadi-korfezinden-piramitler","80":"product_tag-makadi-korfezinden-piramitlere-gunubirlik-gezi","81":"product_tag-makadi-koyunda-ciftler-icin-romantik-aktiviteler","82":"product_tag-makadi-koyunda-yapilacak-romantik-seyler","83":"product_tag-misir-luks-turlari","84":"product_tag-misir-ozel-turlari","85":"product_tag-orange-bay-adasi-makadi-koyu","86":"product_tag-ozel-tekne-makadi-korfezi","87":"product_tag-parasailing-makadi-korfezi","88":"product_tag-safari-sahara-makadi-koyu","89":"product_tag-safari-turu-makadi-korfezi","90":"product_tag-sicak-hava-balonu-makadi-korfezi","91":"product_tag-super-safari-makadi-koyu","92":"product_tag-surat-teknesi-makadi-korfezi","93":"product_tag-tekne-kiralama-makadi-bay","94":"product_tag-tuplu-dalis-makadi-korfezi","95":"product_tag-utopia-adasi-makadi-koyu","96":"product_tag-yamac-parasutu-makadi-korfezi","97":"product_tag-yari-denizalti-makadi-koyu","98":"product_tag-yildiz-gozlemciligi-makadi-koyu","99":"product_tag-yunuslarla-yuzun-makadi-koyu","100":"tour_category-egypt-tours-tr","102":"first","103":"instock","104":"sale","105":"shipping-taxable","106":"purchasable","107":"product-type-tour"},"yoast_head":"<!-- This site is optimized with the Yoast SEO Premium plugin v26.9 (Yoast SEO v27.2) - https:\/\/yoast.com\/product\/yoast-seo-premium-wordpress\/ -->\n<title>Makadi K\u00f6rfezi Etkinlikleri 2024\/2025 - Hurghada Excursions &amp; Day Trips | Booking Best Prices Tours<\/title>\n<meta name=\"robots\" content=\"index, follow, max-snippet:-1, max-image-preview:large, max-video-preview:-1\" \/>\n<link rel=\"canonical\" href=\"https:\/\/hurghadalovers.com\/tr\/tours\/makadi-korfezi-etkinlikleri-2024-2025\/\" \/>\n<meta property=\"og:locale\" content=\"tr_TR\" \/>\n<meta property=\"og:type\" content=\"article\" \/>\n<meta property=\"og:title\" content=\"Makadi K\u00f6rfezi Etkinlikleri 2024\/2025\" \/>\n<meta property=\"og:description\" content=\"Makadi K\u00f6rfezi Etkinlikleri 2024\/2025\" \/>\n<meta property=\"og:url\" content=\"https:\/\/hurghadalovers.com\/tr\/tours\/makadi-korfezi-etkinlikleri-2024-2025\/\" \/>\n<meta property=\"og:site_name\" content=\"Hurghada Excursions &amp; Day Trips | Booking Best Prices Tours\" \/>\n<meta property=\"article:publisher\" content=\"https:\/\/www.facebook.com\/Hurghadaloversegypt\" \/>\n<meta property=\"article:modified_time\" content=\"2024-11-26T20:42:04+00:00\" \/>\n<meta property=\"og:image\" content=\"https:\/\/hurghadalovers.com\/wp-content\/uploads\/2025\/02\/Hurghada-Excursions-Day-Trips-Booking-Best-Prices-Tours.jpeg\" \/>\n\t<meta property=\"og:image:width\" content=\"1156\" \/>\n\t<meta property=\"og:image:height\" content=\"867\" \/>\n\t<meta property=\"og:image:type\" content=\"image\/jpeg\" \/>\n<meta name=\"twitter:card\" content=\"summary_large_image\" \/>\n<meta name=\"twitter:label1\" content=\"Fiyat\" \/>\n\t<meta name=\"twitter:data1\" content=\"&euro;&nbsp;20\" \/>\n\t<meta name=\"twitter:label2\" content=\"Durumu\" \/>\n\t<meta name=\"twitter:data2\" content=\"Stokta var\" \/>\n<script type=\"application\/ld+json\" class=\"yoast-schema-graph\">{\"@context\":\"https:\/\/schema.org\",\"@graph\":[{\"@type\":[\"WebPage\",\"ItemPage\"],\"@id\":\"https:\/\/hurghadalovers.com\/tr\/tours\/makadi-korfezi-etkinlikleri-2024-2025\/\",\"url\":\"https:\/\/hurghadalovers.com\/tr\/tours\/makadi-korfezi-etkinlikleri-2024-2025\/\",\"name\":\"Makadi K\u00f6rfezi Etkinlikleri 2024\/2025 - Hurghada Excursions &amp; Day Trips | Booking Best Prices Tours\",\"isPartOf\":{\"@id\":\"https:\/\/hurghadalovers.com\/tr\/#website\"},\"datePublished\":\"2024-11-26T20:35:45+00:00\",\"dateModified\":\"2024-11-26T20:42:04+00:00\",\"breadcrumb\":{\"@id\":\"https:\/\/hurghadalovers.com\/tr\/tours\/makadi-korfezi-etkinlikleri-2024-2025\/#breadcrumb\"},\"inLanguage\":\"tr\",\"potentialAction\":[{\"@type\":\"ReadAction\",\"target\":[\"https:\/\/hurghadalovers.com\/tr\/tours\/makadi-korfezi-etkinlikleri-2024-2025\/\"]}]},{\"@type\":\"BreadcrumbList\",\"@id\":\"https:\/\/hurghadalovers.com\/tr\/tours\/makadi-korfezi-etkinlikleri-2024-2025\/#breadcrumb\",\"itemListElement\":[{\"@type\":\"ListItem\",\"position\":1,\"name\":\"Home\",\"item\":\"https:\/\/hurghadalovers.com\/tr\/\"},{\"@type\":\"ListItem\",\"position\":2,\"name\":\"Shop\",\"item\":\"https:\/\/hurghadalovers.com\/shop\/\"},{\"@type\":\"ListItem\",\"position\":3,\"name\":\"Makadi K\u00f6rfezi Etkinlikleri 2024\/2025\"}]},{\"@type\":\"WebSite\",\"@id\":\"https:\/\/hurghadalovers.com\/tr\/#website\",\"url\":\"https:\/\/hurghadalovers.com\/tr\/\",\"name\":\"Hurghada Excursions & Day Trips | Booking Best Prices Tours\",\"description\":\"Hurghada Lovers - Best Tour Operator - Excursions &amp; Things to do for Family Day Trips with kids and Couples Romantic. Unique .Hidden gems\",\"publisher\":{\"@id\":\"https:\/\/hurghadalovers.com\/tr\/#organization\"},\"alternateName\":\"Hurghada Excursions\",\"potentialAction\":[{\"@type\":\"SearchAction\",\"target\":{\"@type\":\"EntryPoint\",\"urlTemplate\":\"https:\/\/hurghadalovers.com\/tr\/?s={search_term_string}\"},\"query-input\":{\"@type\":\"PropertyValueSpecification\",\"valueRequired\":true,\"valueName\":\"search_term_string\"}}],\"inLanguage\":\"tr\"},{\"@type\":[\"Organization\",\"Place\",\"TravelAgency\"],\"@id\":\"https:\/\/hurghadalovers.com\/tr\/#organization\",\"name\":\"Hurghada Excursions\",\"url\":\"https:\/\/hurghadalovers.com\/tr\/\",\"logo\":{\"@id\":\"https:\/\/hurghadalovers.com\/tr\/tours\/makadi-korfezi-etkinlikleri-2024-2025\/#local-main-organization-logo\"},\"image\":{\"@id\":\"https:\/\/hurghadalovers.com\/tr\/tours\/makadi-korfezi-etkinlikleri-2024-2025\/#local-main-organization-logo\"},\"sameAs\":[\"https:\/\/www.facebook.com\/Hurghadaloversegypt\"],\"address\":{\"@id\":\"https:\/\/hurghadalovers.com\/tr\/tours\/makadi-korfezi-etkinlikleri-2024-2025\/#local-main-place-address\"},\"telephone\":[\"00201112596434\"],\"contactPoint\":{\"@type\":\"ContactPoint\",\"telephone\":\"00201112596434\",\"email\":\"weyouface@gmail.com\"},\"openingHoursSpecification\":{\"@type\":\"OpeningHoursSpecification\",\"dayOfWeek\":[\"Monday\",\"Tuesday\",\"Wednesday\",\"Thursday\",\"Friday\",\"Saturday\",\"Sunday\"],\"opens\":\"00:00\",\"closes\":\"23:59\"},\"email\":\"weyouface@gmail.com\",\"areaServed\":\"Luxor, Hurghada, El Gouna, Aswan, Sharm El Sheikh, Giza, Alexandria, Marsa Alam, Quseir, Soma Bay, Sahl Hasheesh, Red Sea, Makadi Bay, Cairo\",\"priceRange\":\"$\",\"currenciesAccepted\":\"euro\",\"paymentAccepted\":\"cash on site\"},{\"@type\":\"PostalAddress\",\"@id\":\"https:\/\/hurghadalovers.com\/tr\/tours\/makadi-korfezi-etkinlikleri-2024-2025\/#local-main-place-address\",\"streetAddress\":\"17 Banks street, Alkawther area, top nbk bank\",\"addressLocality\":\"hurghada\",\"postalCode\":\"84511\",\"addressRegion\":\"red sea\",\"addressCountry\":\"EG\"},{\"@type\":\"ImageObject\",\"inLanguage\":\"tr\",\"@id\":\"https:\/\/hurghadalovers.com\/tr\/tours\/makadi-korfezi-etkinlikleri-2024-2025\/#local-main-organization-logo\",\"url\":\"https:\/\/hurghadalovers.com\/wp-content\/uploads\/2019\/10\/hurghada-excursions-logo.png\",\"contentUrl\":\"https:\/\/hurghadalovers.com\/wp-content\/uploads\/2019\/10\/hurghada-excursions-logo.png\",\"width\":272,\"height\":90,\"caption\":\"Hurghada Excursions\"}]}<\/script>\n<meta property=\"product:brand\" content=\"M\u0131s\u0131r Turlar\u0131\" \/>\n<meta property=\"product:price:amount\" content=\"20\" \/>\n<meta property=\"product:price:currency\" content=\"EUR\" \/>\n<meta property=\"og:availability\" content=\"instock\" \/>\n<meta property=\"product:availability\" content=\"instock\" \/>\n<meta property=\"product:retailer_item_id\" content=\"Makadi2323232323\" \/>\n<meta property=\"product:condition\" content=\"new\" \/>\n<meta name=\"geo.placename\" content=\"hurghada\" \/>\n<meta name=\"geo.region\" content=\"M\u0131s\u0131r\" \/>\n<!-- \/ Yoast SEO Premium plugin. -->","yoast_head_json":{"title":"Makadi K\u00f6rfezi Etkinlikleri 2024\/2025 - Hurghada Excursions &amp; Day Trips | Booking Best Prices Tours","robots":{"index":"index","follow":"follow","max-snippet":"max-snippet:-1","max-image-preview":"max-image-preview:large","max-video-preview":"max-video-preview:-1"},"canonical":"https:\/\/hurghadalovers.com\/tr\/tours\/makadi-korfezi-etkinlikleri-2024-2025\/","og_locale":"tr_TR","og_type":"article","og_title":"Makadi K\u00f6rfezi Etkinlikleri 2024\/2025","og_description":"Makadi K\u00f6rfezi Etkinlikleri 2024\/2025","og_url":"https:\/\/hurghadalovers.com\/tr\/tours\/makadi-korfezi-etkinlikleri-2024-2025\/","og_site_name":"Hurghada Excursions &amp; Day Trips | Booking Best Prices Tours","article_publisher":"https:\/\/www.facebook.com\/Hurghadaloversegypt","article_modified_time":"2024-11-26T20:42:04+00:00","og_image":[{"width":1156,"height":867,"url":"https:\/\/hurghadalovers.com\/wp-content\/uploads\/2025\/02\/Hurghada-Excursions-Day-Trips-Booking-Best-Prices-Tours.jpeg","type":"image\/jpeg"}],"twitter_card":"summary_large_image","twitter_misc":{"Fiyat":"&euro;&nbsp;20","Durumu":"Stokta var"},"schema":{"@context":"https:\/\/schema.org","@graph":[{"@type":["WebPage","ItemPage"],"@id":"https:\/\/hurghadalovers.com\/tr\/tours\/makadi-korfezi-etkinlikleri-2024-2025\/","url":"https:\/\/hurghadalovers.com\/tr\/tours\/makadi-korfezi-etkinlikleri-2024-2025\/","name":"Makadi K\u00f6rfezi Etkinlikleri 2024\/2025 - Hurghada Excursions &amp; Day Trips | Booking Best Prices Tours","isPartOf":{"@id":"https:\/\/hurghadalovers.com\/tr\/#website"},"datePublished":"2024-11-26T20:35:45+00:00","dateModified":"2024-11-26T20:42:04+00:00","breadcrumb":{"@id":"https:\/\/hurghadalovers.com\/tr\/tours\/makadi-korfezi-etkinlikleri-2024-2025\/#breadcrumb"},"inLanguage":"tr","potentialAction":[{"@type":"ReadAction","target":["https:\/\/hurghadalovers.com\/tr\/tours\/makadi-korfezi-etkinlikleri-2024-2025\/"]}]},{"@type":"BreadcrumbList","@id":"https:\/\/hurghadalovers.com\/tr\/tours\/makadi-korfezi-etkinlikleri-2024-2025\/#breadcrumb","itemListElement":[{"@type":"ListItem","position":1,"name":"Home","item":"https:\/\/hurghadalovers.com\/tr\/"},{"@type":"ListItem","position":2,"name":"Shop","item":"https:\/\/hurghadalovers.com\/shop\/"},{"@type":"ListItem","position":3,"name":"Makadi K\u00f6rfezi Etkinlikleri 2024\/2025"}]},{"@type":"WebSite","@id":"https:\/\/hurghadalovers.com\/tr\/#website","url":"https:\/\/hurghadalovers.com\/tr\/","name":"Hurghada Excursions & Day Trips | Booking Best Prices Tours","description":"Hurghada Lovers - Best Tour Operator - Excursions &amp; Things to do for Family Day Trips with kids and Couples Romantic. Unique .Hidden gems","publisher":{"@id":"https:\/\/hurghadalovers.com\/tr\/#organization"},"alternateName":"Hurghada Excursions","potentialAction":[{"@type":"SearchAction","target":{"@type":"EntryPoint","urlTemplate":"https:\/\/hurghadalovers.com\/tr\/?s={search_term_string}"},"query-input":{"@type":"PropertyValueSpecification","valueRequired":true,"valueName":"search_term_string"}}],"inLanguage":"tr"},{"@type":["Organization","Place","TravelAgency"],"@id":"https:\/\/hurghadalovers.com\/tr\/#organization","name":"Hurghada Excursions","url":"https:\/\/hurghadalovers.com\/tr\/","logo":{"@id":"https:\/\/hurghadalovers.com\/tr\/tours\/makadi-korfezi-etkinlikleri-2024-2025\/#local-main-organization-logo"},"image":{"@id":"https:\/\/hurghadalovers.com\/tr\/tours\/makadi-korfezi-etkinlikleri-2024-2025\/#local-main-organization-logo"},"sameAs":["https:\/\/www.facebook.com\/Hurghadaloversegypt"],"address":{"@id":"https:\/\/hurghadalovers.com\/tr\/tours\/makadi-korfezi-etkinlikleri-2024-2025\/#local-main-place-address"},"telephone":["00201112596434"],"contactPoint":{"@type":"ContactPoint","telephone":"00201112596434","email":"weyouface@gmail.com"},"openingHoursSpecification":{"@type":"OpeningHoursSpecification","dayOfWeek":["Monday","Tuesday","Wednesday","Thursday","Friday","Saturday","Sunday"],"opens":"00:00","closes":"23:59"},"email":"weyouface@gmail.com","areaServed":"Luxor, Hurghada, El Gouna, Aswan, Sharm El Sheikh, Giza, Alexandria, Marsa Alam, Quseir, Soma Bay, Sahl Hasheesh, Red Sea, Makadi Bay, Cairo","priceRange":"$","currenciesAccepted":"euro","paymentAccepted":"cash on site"},{"@type":"PostalAddress","@id":"https:\/\/hurghadalovers.com\/tr\/tours\/makadi-korfezi-etkinlikleri-2024-2025\/#local-main-place-address","streetAddress":"17 Banks street, Alkawther area, top nbk bank","addressLocality":"hurghada","postalCode":"84511","addressRegion":"red sea","addressCountry":"EG"},{"@type":"ImageObject","inLanguage":"tr","@id":"https:\/\/hurghadalovers.com\/tr\/tours\/makadi-korfezi-etkinlikleri-2024-2025\/#local-main-organization-logo","url":"https:\/\/hurghadalovers.com\/wp-content\/uploads\/2019\/10\/hurghada-excursions-logo.png","contentUrl":"https:\/\/hurghadalovers.com\/wp-content\/uploads\/2019\/10\/hurghada-excursions-logo.png","width":272,"height":90,"caption":"Hurghada Excursions"}]},"product_brand":"M\u0131s\u0131r Turlar\u0131","product_price_amount":"20","product_price_currency":"EUR","og_availability":"instock","product_availability":"instock","product_retailer_item_id":"Makadi2323232323","product_condition":"new","geo.placename":"hurghada","geo.region":"M\u0131s\u0131r"},"_links":{"self":[{"href":"https:\/\/hurghadalovers.com\/tr\/wp-json\/wp\/v2\/product\/482766","targetHints":{"allow":["GET"]}}],"collection":[{"href":"https:\/\/hurghadalovers.com\/tr\/wp-json\/wp\/v2\/product"}],"about":[{"href":"https:\/\/hurghadalovers.com\/tr\/wp-json\/wp\/v2\/types\/product"}],"wp:attachment":[{"href":"https:\/\/hurghadalovers.com\/tr\/wp-json\/wp\/v2\/media?parent=482766"}],"wp:term":[{"taxonomy":"product_brand","embeddable":true,"href":"https:\/\/hurghadalovers.com\/tr\/wp-json\/wp\/v2\/product_brand?post=482766"},{"taxonomy":"product_cat","embeddable":true,"href":"https:\/\/hurghadalovers.com\/tr\/wp-json\/wp\/v2\/product_cat?post=482766"},{"taxonomy":"product_tag","embeddable":true,"href":"https:\/\/hurghadalovers.com\/tr\/wp-json\/wp\/v2\/product_tag?post=482766"}],"curies":[{"name":"wp","href":"https:\/\/api.w.org\/{rel}","templated":true}]}}