{"id":395734,"date":"2023-09-03T20:24:49","date_gmt":"2023-09-03T20:24:49","guid":{"rendered":"https:\/\/hurghadalovers.com\/shop\/kategorilenmemis\/el-gounada-padi-acik-su-dalici-kursu\/"},"modified":"2026-02-07T20:23:11","modified_gmt":"2026-02-07T20:23:11","slug":"padi-open-water-diver-course-in-el-gouna","status":"publish","type":"product","link":"https:\/\/hurghadalovers.com\/tr\/tours\/padi-open-water-diver-course-in-el-gouna\/","title":{"rendered":"El Gouna&#8217;da PADI A\u00e7\u0131k Su Dal\u0131c\u0131 Kursu"},"content":{"rendered":"<p><strong>El Gouna<\/strong> &#8216;<strong>da PADI A\u00e7\u0131k Su Dal\u0131c\u0131 Kursu <\/strong> &#8211; 3 G\u00fcn | \u00d6\u011fle Yeme\u011fi, \u0130\u00e7ecekler, Dal\u0131\u015f Ekipmanlar\u0131 ve Transfer dahil.<\/p>\n<p style=\"text-align: center;\"><span style=\"color: #00ccff;\"><strong>L\u00fcks Tekne | Profesyonel Dal\u0131\u015f E\u011fitmeni<\/strong><\/span><\/p>\n<p><strong>\u00d6nemli noktalar:<\/strong><\/p>\n<ul>\n<li>T\u00fcpl\u00fc Dal\u0131\u015f\u0131n Temellerini \u00d6\u011frenin<\/li>\n<li>Dal\u0131\u015f Ekipman ve Tekniklerini \u00d6\u011frenin<\/li>\n<li>A\u00e7\u0131k Su Uygulama Seanslar\u0131<\/li>\n<li>Maksimum Derinlik 18m.<\/li>\n<li>Minimum ya\u015f 12&#8217;dir.<\/li>\n<\/ul>\n<p><strong> <\/strong><\/p>\n<p><strong>Detaylar:<\/strong><\/p>\n<ul>\n<li>Tur M\u00fcsaitlik Durumu: Her g\u00fcn.<\/li>\n<li>Tur T\u00fcr\u00fc: Grup veya \u00d6zel.<\/li>\n<li>Teslim Alma Saati: Sabah 07:30&#8217;dan itibaren.<\/li>\n<li>Kalk\u0131\u015f Saati: 16:00.<\/li>\n<li>Tekerlekli sandalye ile eri\u015filebilir.<\/li>\n<li>S\u00fcre 3 G\u00fcn.<\/li>\n<\/ul>\n<p><strong>\u015eimdi Rezerve Et Sonra \u00d6de:<\/strong><\/p>\n<ul>\n<li>Rehber i\u00e7in nakit.<\/li>\n<li>M\u0131s\u0131r poundu, $, \u20ac veya \u00a3 ile \u00f6deme.<\/li>\n<\/ul>\n<p><strong>\u0130ptal Politikas\u0131:<\/strong><\/p>\n<ul>\n<li>24 saat \u00f6ncesine kadar iptal edebilirsiniz.<\/li>\n<li>Ailenizden herhangi biri Sabah\u0131 \u0130ptal Etti\u011finde, Maliyetin %50&#8217;sini \u00d6deyin.<\/li>\n<\/ul>\n<p><strong>Neler Dahil?<\/strong><\/p>\n<ul>\n<li>El Gouna Otellerinden transfer &#8220;Otelden alma ve b\u0131rakma&#8221;.<\/li>\n<li>T\u00fcm Vergiler, Giri\u015f \u00dccretleri ve Ta\u015f\u0131ma \u00dccretleri.<\/li>\n<li>Maden suyu + Kola.<\/li>\n<li>Profesyonel Dal\u0131\u015f E\u011fitmeni.<\/li>\n<li>Dal\u0131\u015f Ekipmanlar\u0131 &amp; \u015enorkel Ekipmanlar\u0131 &#8220;Maskeler ve Y\u00fczme Paletleri&#8221;.<\/li>\n<li>Teknede VIP a\u00e7\u0131k b\u00fcfe \u00f6\u011fle yeme\u011fi.<\/li>\n<li>Can yelekleri.<\/li>\n<\/ul>\n<p><strong>\u0130stisnalar?<\/strong><\/p>\n<ul>\n<li>Bah\u015fi\u015f.<\/li>\n<li>Gezi i\u00e7in Foto\u011fraf ve Foto\u011fraflar.<\/li>\n<li>Kad\u0131n, Erkek, \u00c7ocuk t\u00fcm Bedenler i\u00e7in Kiral\u0131k Mayo ve Mayo sunuyoruz &#8220;Ki\u015fi ba\u015f\u0131 5$&#8221;.<\/li>\n<li>Bahsedilmeyen ekstralar.<\/li>\n<li>PADI El Kitab\u0131 = 55$<\/li>\n<li>PADI Online Sertifikasyon = 55$<\/li>\n<li>K\u0131lavuz + \u00c7evrimi\u00e7i Sertifika = 100$.<\/li>\n<\/ul>\n<p><strong>Fiyatlar:<\/strong><\/p>\n<ul>\n<li><strong>Yeti\u015fkin Fiyat\u0131 = Ki\u015fi Ba\u015f\u0131 260$<\/strong>.<\/li>\n<\/ul>\n<p><strong>Kurslar Yap\u0131yoruz:<\/strong><\/p>\n<ol>\n<li>PADI Scuba Dalg\u0131\u00e7 Kursu 2 g\u00fcn = 220$<\/li>\n<li>\u00c7ocuklar i\u00e7in PADI Bubblemaker Kursu | S\u00fcre: 1 saat<br \/>\n= 80$<\/li>\n<li>PADI \u0130leri A\u00e7\u0131k Su Dal\u0131c\u0131 Kursu 2 g\u00fcn = 220$<\/li>\n<li>PADI Kurtarma Dal\u0131c\u0131s\u0131 Kursu 4 g\u00fcn = 280$<\/li>\n<\/ol>\n<p><strong>Yorumlar:<\/strong><\/p>\n<p>Hurghada M\u0131s\u0131r&#8217;da \u00e7evrimi\u00e7i olarak <a href=\"https:\/\/hurghadalovers.com\/\">Hurghada<\/a> &#8216;daki En \u0130yi <a href=\"https:\/\/g.page\/r\/CUeYvkngP3wkEBM\/review\">Tur Operat\u00f6r\u00fc<\/a> olarak Google Harita \u0130ncelemelerimizi kontrol edin.<\/p>\n<p><strong>Rezervasyon:<\/strong><\/p>\n<p>Otel + Oda Numaras\u0131 + Foto\u011frafl\u0131 pasaportlar\u0131 WhatsApp&#8217;a g\u00f6nderin: <strong>+201112596434<\/strong><\/p>\n<p>M\u0131s\u0131r d\u0131\u015f\u0131ndaysan\u0131z \u015fimdi \u00e7evrimi\u00e7i rezervasyon yap\u0131n ve otele vard\u0131\u011f\u0131n\u0131zda onaylay\u0131n.<\/p>\n<p>&nbsp;<\/p>\n<p>&nbsp;<\/p>\n","protected":false},"excerpt":{"rendered":"<p><strong>El Gouna<\/strong> &#8216;<strong>da PADI A\u00e7\u0131k Su Dal\u0131c\u0131 Kursu <\/strong> &#8211; 3 G\u00fcn | \u00d6\u011fle Yeme\u011fi, \u0130\u00e7ecekler, Dal\u0131\u015f Ekipmanlar\u0131 ve Transfer dahil.<\/p>\n<p style=\"text-align: center;\"><span style=\"color: #00ccff;\"><strong>L\u00fcks Tekne | Profesyonel Dal\u0131\u015f E\u011fitmeni<\/strong><\/span><\/p>\n<p>&nbsp;<\/p>\n","protected":false},"featured_media":931876,"template":"","meta":{"_joinchat":[]},"product_brand":[],"product_cat":[36664],"product_tag":[],"class_list":{"0":"post-395734","1":"product","2":"type-product","3":"status-publish","4":"has-post-thumbnail","6":"product_cat-turlar","7":"tour_category-el-gouna-snorkelle-dalma","8":"tour_category-el-gouna-gezileri","10":"first","11":"instock","12":"sale","13":"shipping-taxable","14":"purchasable","15":"product-type-tour"},"yoast_head":"<!-- This site is optimized with the Yoast SEO Premium plugin v26.9 (Yoast SEO v27.2) - https:\/\/yoast.com\/product\/yoast-seo-premium-wordpress\/ -->\n<title>El Gouna&#039;da PADI A\u00e7\u0131k Su Dal\u0131c\u0131 Kursu<\/title>\n<meta name=\"description\" content=\"El Gouna&#039;da PADI A\u00e7\u0131k Su Dal\u0131c\u0131 Kursu - 3 G\u00fcn | \u00d6\u011fle Yeme\u011fi, \u0130\u00e7ecekler, Dal\u0131\u015f Ekipmanlar\u0131 ve Transfer dahil. L\u00fcks Tekne | Profesyonel Dal\u0131\u015f E\u011fitmeni\" \/>\n<meta name=\"robots\" content=\"index, follow, max-snippet:-1, max-image-preview:large, max-video-preview:-1\" \/>\n<link rel=\"canonical\" href=\"https:\/\/hurghadalovers.com\/tr\/tours\/padi-open-water-diver-course-in-el-gouna\/\" \/>\n<meta property=\"og:locale\" content=\"tr_TR\" \/>\n<meta property=\"og:type\" content=\"article\" \/>\n<meta property=\"og:title\" content=\"El Gouna&#039;da PADI A\u00e7\u0131k Su Dal\u0131c\u0131 Kursu\" \/>\n<meta property=\"og:description\" content=\"El Gouna&#039;da PADI A\u00e7\u0131k Su Dal\u0131c\u0131 Kursu - 3 G\u00fcn | \u00d6\u011fle Yeme\u011fi, \u0130\u00e7ecekler, Dal\u0131\u015f Ekipmanlar\u0131 ve Transfer dahil. L\u00fcks Tekne | Profesyonel Dal\u0131\u015f E\u011fitmeni\" \/>\n<meta property=\"og:url\" content=\"https:\/\/hurghadalovers.com\/tr\/tours\/padi-open-water-diver-course-in-el-gouna\/\" \/>\n<meta property=\"og:site_name\" content=\"Hurghada Excursions &amp; Day Trips | Booking Best Prices Tours\" \/>\n<meta property=\"article:publisher\" content=\"https:\/\/www.facebook.com\/Hurghadaloversegypt\" \/>\n<meta property=\"article:modified_time\" content=\"2026-02-07T20:23:11+00:00\" \/>\n<meta property=\"og:image\" content=\"https:\/\/hurghadalovers.com\/wp-content\/uploads\/2023\/08\/PADI-Open-Water-Diver-Course-in-Hurghada.jpeg\" \/>\n\t<meta property=\"og:image:width\" content=\"1555\" \/>\n\t<meta property=\"og:image:height\" content=\"1038\" \/>\n\t<meta property=\"og:image:type\" content=\"image\/jpeg\" \/>\n<meta name=\"twitter:card\" content=\"summary_large_image\" \/>\n<meta name=\"twitter:label1\" content=\"Fiyat\" \/>\n\t<meta name=\"twitter:data1\" content=\"&euro;&nbsp;260\" \/>\n\t<meta name=\"twitter:label2\" content=\"Durumu\" \/>\n\t<meta name=\"twitter:data2\" content=\"Stokta var\" \/>\n<script type=\"application\/ld+json\" class=\"yoast-schema-graph\">{\"@context\":\"https:\/\/schema.org\",\"@graph\":[{\"@type\":[\"WebPage\",\"ItemPage\"],\"@id\":\"https:\/\/hurghadalovers.com\/tr\/tours\/padi-open-water-diver-course-in-el-gouna\/\",\"url\":\"https:\/\/hurghadalovers.com\/tr\/tours\/padi-open-water-diver-course-in-el-gouna\/\",\"name\":\"El Gouna'da PADI A\u00e7\u0131k Su Dal\u0131c\u0131 Kursu\",\"isPartOf\":{\"@id\":\"https:\/\/hurghadalovers.com\/tr\/#website\"},\"primaryImageOfPage\":{\"@id\":\"https:\/\/hurghadalovers.com\/tr\/tours\/padi-open-water-diver-course-in-el-gouna\/#primaryimage\"},\"image\":{\"@id\":\"https:\/\/hurghadalovers.com\/tr\/tours\/padi-open-water-diver-course-in-el-gouna\/#primaryimage\"},\"thumbnailUrl\":\"https:\/\/hurghadalovers.com\/wp-content\/uploads\/2023\/08\/PADI-Open-Water-Diver-Course-in-Hurghada.jpeg\",\"datePublished\":\"2023-09-03T20:24:49+00:00\",\"dateModified\":\"2026-02-07T20:23:11+00:00\",\"description\":\"El Gouna'da PADI A\u00e7\u0131k Su Dal\u0131c\u0131 Kursu - 3 G\u00fcn | \u00d6\u011fle Yeme\u011fi, \u0130\u00e7ecekler, Dal\u0131\u015f Ekipmanlar\u0131 ve Transfer dahil. L\u00fcks Tekne | Profesyonel Dal\u0131\u015f E\u011fitmeni\",\"breadcrumb\":{\"@id\":\"https:\/\/hurghadalovers.com\/tr\/tours\/padi-open-water-diver-course-in-el-gouna\/#breadcrumb\"},\"inLanguage\":\"tr\",\"potentialAction\":[{\"@type\":\"ReadAction\",\"target\":[\"https:\/\/hurghadalovers.com\/tr\/tours\/padi-open-water-diver-course-in-el-gouna\/\"]}]},{\"@type\":\"ImageObject\",\"inLanguage\":\"tr\",\"@id\":\"https:\/\/hurghadalovers.com\/tr\/tours\/padi-open-water-diver-course-in-el-gouna\/#primaryimage\",\"url\":\"https:\/\/hurghadalovers.com\/wp-content\/uploads\/2023\/08\/PADI-Open-Water-Diver-Course-in-Hurghada.jpeg\",\"contentUrl\":\"https:\/\/hurghadalovers.com\/wp-content\/uploads\/2023\/08\/PADI-Open-Water-Diver-Course-in-Hurghada.jpeg\",\"width\":1555,\"height\":1038,\"caption\":\"PADI Open Water Diver Course in Hurghada\"},{\"@type\":\"BreadcrumbList\",\"@id\":\"https:\/\/hurghadalovers.com\/tr\/tours\/padi-open-water-diver-course-in-el-gouna\/#breadcrumb\",\"itemListElement\":[{\"@type\":\"ListItem\",\"position\":1,\"name\":\"Home\",\"item\":\"https:\/\/hurghadalovers.com\/tr\/\"},{\"@type\":\"ListItem\",\"position\":2,\"name\":\"Shop\",\"item\":\"https:\/\/hurghadalovers.com\/shop\/\"},{\"@type\":\"ListItem\",\"position\":3,\"name\":\"El Gouna&#8217;da PADI A\u00e7\u0131k Su Dal\u0131c\u0131 Kursu\"}]},{\"@type\":\"WebSite\",\"@id\":\"https:\/\/hurghadalovers.com\/tr\/#website\",\"url\":\"https:\/\/hurghadalovers.com\/tr\/\",\"name\":\"Hurghada Excursions & Day Trips | Booking Best Prices Tours\",\"description\":\"Hurghada Lovers - Best Tour Operator - Excursions &amp; Things to do for Family Day Trips with kids and Couples Romantic. Unique .Hidden gems\",\"publisher\":{\"@id\":\"https:\/\/hurghadalovers.com\/tr\/#organization\"},\"alternateName\":\"Hurghada Excursions\",\"potentialAction\":[{\"@type\":\"SearchAction\",\"target\":{\"@type\":\"EntryPoint\",\"urlTemplate\":\"https:\/\/hurghadalovers.com\/tr\/?s={search_term_string}\"},\"query-input\":{\"@type\":\"PropertyValueSpecification\",\"valueRequired\":true,\"valueName\":\"search_term_string\"}}],\"inLanguage\":\"tr\"},{\"@type\":[\"Organization\",\"Place\",\"TravelAgency\"],\"@id\":\"https:\/\/hurghadalovers.com\/tr\/#organization\",\"name\":\"Hurghada Excursions\",\"url\":\"https:\/\/hurghadalovers.com\/tr\/\",\"logo\":{\"@id\":\"https:\/\/hurghadalovers.com\/tr\/tours\/padi-open-water-diver-course-in-el-gouna\/#local-main-organization-logo\"},\"image\":{\"@id\":\"https:\/\/hurghadalovers.com\/tr\/tours\/padi-open-water-diver-course-in-el-gouna\/#local-main-organization-logo\"},\"sameAs\":[\"https:\/\/www.facebook.com\/Hurghadaloversegypt\"],\"address\":{\"@id\":\"https:\/\/hurghadalovers.com\/tr\/tours\/padi-open-water-diver-course-in-el-gouna\/#local-main-place-address\"},\"telephone\":[\"00201112596434\"],\"contactPoint\":{\"@type\":\"ContactPoint\",\"telephone\":\"00201112596434\",\"email\":\"weyouface@gmail.com\"},\"openingHoursSpecification\":{\"@type\":\"OpeningHoursSpecification\",\"dayOfWeek\":[\"Monday\",\"Tuesday\",\"Wednesday\",\"Thursday\",\"Friday\",\"Saturday\",\"Sunday\"],\"opens\":\"00:00\",\"closes\":\"23:59\"},\"email\":\"weyouface@gmail.com\",\"areaServed\":\"Luxor, Hurghada, El Gouna, Aswan, Sharm El Sheikh, Giza, Alexandria, Marsa Alam, Quseir, Soma Bay, Sahl Hasheesh, Red Sea, Makadi Bay, Cairo\",\"priceRange\":\"$\",\"currenciesAccepted\":\"euro\",\"paymentAccepted\":\"cash on site\"},{\"@type\":\"PostalAddress\",\"@id\":\"https:\/\/hurghadalovers.com\/tr\/tours\/padi-open-water-diver-course-in-el-gouna\/#local-main-place-address\",\"streetAddress\":\"17 Banks street, Alkawther area, top nbk bank\",\"addressLocality\":\"hurghada\",\"postalCode\":\"84511\",\"addressRegion\":\"red sea\",\"addressCountry\":\"EG\"},{\"@type\":\"ImageObject\",\"inLanguage\":\"tr\",\"@id\":\"https:\/\/hurghadalovers.com\/tr\/tours\/padi-open-water-diver-course-in-el-gouna\/#local-main-organization-logo\",\"url\":\"https:\/\/hurghadalovers.com\/wp-content\/uploads\/2019\/10\/hurghada-excursions-logo.png\",\"contentUrl\":\"https:\/\/hurghadalovers.com\/wp-content\/uploads\/2019\/10\/hurghada-excursions-logo.png\",\"width\":272,\"height\":90,\"caption\":\"Hurghada Excursions\"}]}<\/script>\n<meta property=\"product:brand\" content=\"EL Gouna \u015enorkel Yat Gezisi\" \/>\n<meta property=\"product:price:amount\" content=\"260\" \/>\n<meta property=\"product:price:currency\" content=\"EUR\" \/>\n<meta property=\"og:availability\" content=\"instock\" \/>\n<meta property=\"product:availability\" content=\"instock\" \/>\n<meta property=\"product:retailer_item_id\" content=\"Gouna802024\" \/>\n<meta property=\"product:condition\" content=\"new\" \/>\n<meta name=\"geo.placename\" content=\"hurghada\" \/>\n<meta name=\"geo.region\" content=\"M\u0131s\u0131r\" \/>\n<!-- \/ Yoast SEO Premium plugin. -->","yoast_head_json":{"title":"El Gouna'da PADI A\u00e7\u0131k Su Dal\u0131c\u0131 Kursu","description":"El Gouna'da PADI A\u00e7\u0131k Su Dal\u0131c\u0131 Kursu - 3 G\u00fcn | \u00d6\u011fle Yeme\u011fi, \u0130\u00e7ecekler, Dal\u0131\u015f Ekipmanlar\u0131 ve Transfer dahil. L\u00fcks Tekne | Profesyonel Dal\u0131\u015f E\u011fitmeni","robots":{"index":"index","follow":"follow","max-snippet":"max-snippet:-1","max-image-preview":"max-image-preview:large","max-video-preview":"max-video-preview:-1"},"canonical":"https:\/\/hurghadalovers.com\/tr\/tours\/padi-open-water-diver-course-in-el-gouna\/","og_locale":"tr_TR","og_type":"article","og_title":"El Gouna'da PADI A\u00e7\u0131k Su Dal\u0131c\u0131 Kursu","og_description":"El Gouna'da PADI A\u00e7\u0131k Su Dal\u0131c\u0131 Kursu - 3 G\u00fcn | \u00d6\u011fle Yeme\u011fi, \u0130\u00e7ecekler, Dal\u0131\u015f Ekipmanlar\u0131 ve Transfer dahil. L\u00fcks Tekne | Profesyonel Dal\u0131\u015f E\u011fitmeni","og_url":"https:\/\/hurghadalovers.com\/tr\/tours\/padi-open-water-diver-course-in-el-gouna\/","og_site_name":"Hurghada Excursions &amp; Day Trips | Booking Best Prices Tours","article_publisher":"https:\/\/www.facebook.com\/Hurghadaloversegypt","article_modified_time":"2026-02-07T20:23:11+00:00","og_image":[{"width":1555,"height":1038,"url":"https:\/\/hurghadalovers.com\/wp-content\/uploads\/2023\/08\/PADI-Open-Water-Diver-Course-in-Hurghada.jpeg","type":"image\/jpeg"}],"twitter_card":"summary_large_image","twitter_misc":{"Fiyat":"&euro;&nbsp;260","Durumu":"Stokta var"},"schema":{"@context":"https:\/\/schema.org","@graph":[{"@type":["WebPage","ItemPage"],"@id":"https:\/\/hurghadalovers.com\/tr\/tours\/padi-open-water-diver-course-in-el-gouna\/","url":"https:\/\/hurghadalovers.com\/tr\/tours\/padi-open-water-diver-course-in-el-gouna\/","name":"El Gouna'da PADI A\u00e7\u0131k Su Dal\u0131c\u0131 Kursu","isPartOf":{"@id":"https:\/\/hurghadalovers.com\/tr\/#website"},"primaryImageOfPage":{"@id":"https:\/\/hurghadalovers.com\/tr\/tours\/padi-open-water-diver-course-in-el-gouna\/#primaryimage"},"image":{"@id":"https:\/\/hurghadalovers.com\/tr\/tours\/padi-open-water-diver-course-in-el-gouna\/#primaryimage"},"thumbnailUrl":"https:\/\/hurghadalovers.com\/wp-content\/uploads\/2023\/08\/PADI-Open-Water-Diver-Course-in-Hurghada.jpeg","datePublished":"2023-09-03T20:24:49+00:00","dateModified":"2026-02-07T20:23:11+00:00","description":"El Gouna'da PADI A\u00e7\u0131k Su Dal\u0131c\u0131 Kursu - 3 G\u00fcn | \u00d6\u011fle Yeme\u011fi, \u0130\u00e7ecekler, Dal\u0131\u015f Ekipmanlar\u0131 ve Transfer dahil. L\u00fcks Tekne | Profesyonel Dal\u0131\u015f E\u011fitmeni","breadcrumb":{"@id":"https:\/\/hurghadalovers.com\/tr\/tours\/padi-open-water-diver-course-in-el-gouna\/#breadcrumb"},"inLanguage":"tr","potentialAction":[{"@type":"ReadAction","target":["https:\/\/hurghadalovers.com\/tr\/tours\/padi-open-water-diver-course-in-el-gouna\/"]}]},{"@type":"ImageObject","inLanguage":"tr","@id":"https:\/\/hurghadalovers.com\/tr\/tours\/padi-open-water-diver-course-in-el-gouna\/#primaryimage","url":"https:\/\/hurghadalovers.com\/wp-content\/uploads\/2023\/08\/PADI-Open-Water-Diver-Course-in-Hurghada.jpeg","contentUrl":"https:\/\/hurghadalovers.com\/wp-content\/uploads\/2023\/08\/PADI-Open-Water-Diver-Course-in-Hurghada.jpeg","width":1555,"height":1038,"caption":"PADI Open Water Diver Course in Hurghada"},{"@type":"BreadcrumbList","@id":"https:\/\/hurghadalovers.com\/tr\/tours\/padi-open-water-diver-course-in-el-gouna\/#breadcrumb","itemListElement":[{"@type":"ListItem","position":1,"name":"Home","item":"https:\/\/hurghadalovers.com\/tr\/"},{"@type":"ListItem","position":2,"name":"Shop","item":"https:\/\/hurghadalovers.com\/shop\/"},{"@type":"ListItem","position":3,"name":"El Gouna&#8217;da PADI A\u00e7\u0131k Su Dal\u0131c\u0131 Kursu"}]},{"@type":"WebSite","@id":"https:\/\/hurghadalovers.com\/tr\/#website","url":"https:\/\/hurghadalovers.com\/tr\/","name":"Hurghada Excursions & Day Trips | Booking Best Prices Tours","description":"Hurghada Lovers - Best Tour Operator - Excursions &amp; Things to do for Family Day Trips with kids and Couples Romantic. Unique .Hidden gems","publisher":{"@id":"https:\/\/hurghadalovers.com\/tr\/#organization"},"alternateName":"Hurghada Excursions","potentialAction":[{"@type":"SearchAction","target":{"@type":"EntryPoint","urlTemplate":"https:\/\/hurghadalovers.com\/tr\/?s={search_term_string}"},"query-input":{"@type":"PropertyValueSpecification","valueRequired":true,"valueName":"search_term_string"}}],"inLanguage":"tr"},{"@type":["Organization","Place","TravelAgency"],"@id":"https:\/\/hurghadalovers.com\/tr\/#organization","name":"Hurghada Excursions","url":"https:\/\/hurghadalovers.com\/tr\/","logo":{"@id":"https:\/\/hurghadalovers.com\/tr\/tours\/padi-open-water-diver-course-in-el-gouna\/#local-main-organization-logo"},"image":{"@id":"https:\/\/hurghadalovers.com\/tr\/tours\/padi-open-water-diver-course-in-el-gouna\/#local-main-organization-logo"},"sameAs":["https:\/\/www.facebook.com\/Hurghadaloversegypt"],"address":{"@id":"https:\/\/hurghadalovers.com\/tr\/tours\/padi-open-water-diver-course-in-el-gouna\/#local-main-place-address"},"telephone":["00201112596434"],"contactPoint":{"@type":"ContactPoint","telephone":"00201112596434","email":"weyouface@gmail.com"},"openingHoursSpecification":{"@type":"OpeningHoursSpecification","dayOfWeek":["Monday","Tuesday","Wednesday","Thursday","Friday","Saturday","Sunday"],"opens":"00:00","closes":"23:59"},"email":"weyouface@gmail.com","areaServed":"Luxor, Hurghada, El Gouna, Aswan, Sharm El Sheikh, Giza, Alexandria, Marsa Alam, Quseir, Soma Bay, Sahl Hasheesh, Red Sea, Makadi Bay, Cairo","priceRange":"$","currenciesAccepted":"euro","paymentAccepted":"cash on site"},{"@type":"PostalAddress","@id":"https:\/\/hurghadalovers.com\/tr\/tours\/padi-open-water-diver-course-in-el-gouna\/#local-main-place-address","streetAddress":"17 Banks street, Alkawther area, top nbk bank","addressLocality":"hurghada","postalCode":"84511","addressRegion":"red sea","addressCountry":"EG"},{"@type":"ImageObject","inLanguage":"tr","@id":"https:\/\/hurghadalovers.com\/tr\/tours\/padi-open-water-diver-course-in-el-gouna\/#local-main-organization-logo","url":"https:\/\/hurghadalovers.com\/wp-content\/uploads\/2019\/10\/hurghada-excursions-logo.png","contentUrl":"https:\/\/hurghadalovers.com\/wp-content\/uploads\/2019\/10\/hurghada-excursions-logo.png","width":272,"height":90,"caption":"Hurghada Excursions"}]},"product_brand":"EL Gouna \u015enorkel Yat Gezisi","product_price_amount":"260","product_price_currency":"EUR","og_availability":"instock","product_availability":"instock","product_retailer_item_id":"Gouna802024","product_condition":"new","geo.placename":"hurghada","geo.region":"M\u0131s\u0131r"},"_links":{"self":[{"href":"https:\/\/hurghadalovers.com\/tr\/wp-json\/wp\/v2\/product\/395734","targetHints":{"allow":["GET"]}}],"collection":[{"href":"https:\/\/hurghadalovers.com\/tr\/wp-json\/wp\/v2\/product"}],"about":[{"href":"https:\/\/hurghadalovers.com\/tr\/wp-json\/wp\/v2\/types\/product"}],"wp:featuredmedia":[{"embeddable":true,"href":"https:\/\/hurghadalovers.com\/tr\/wp-json\/wp\/v2\/media\/931876"}],"wp:attachment":[{"href":"https:\/\/hurghadalovers.com\/tr\/wp-json\/wp\/v2\/media?parent=395734"}],"wp:term":[{"taxonomy":"product_brand","embeddable":true,"href":"https:\/\/hurghadalovers.com\/tr\/wp-json\/wp\/v2\/product_brand?post=395734"},{"taxonomy":"product_cat","embeddable":true,"href":"https:\/\/hurghadalovers.com\/tr\/wp-json\/wp\/v2\/product_cat?post=395734"},{"taxonomy":"product_tag","embeddable":true,"href":"https:\/\/hurghadalovers.com\/tr\/wp-json\/wp\/v2\/product_tag?post=395734"}],"curies":[{"name":"wp","href":"https:\/\/api.w.org\/{rel}","templated":true}]}}