{"id":393360,"date":"2023-09-02T09:26:36","date_gmt":"2023-09-02T09:26:36","guid":{"rendered":"https:\/\/hurghadalovers.com\/shop\/kategorilenmemis\/sahl-hasheeshten-cennet-adasi-snorkel-gezisi\/"},"modified":"2026-02-08T19:27:54","modified_gmt":"2026-02-08T19:27:54","slug":"cennet-ada-snorkel-gezisi-sahl-hasheeshten","status":"publish","type":"product","link":"https:\/\/hurghadalovers.com\/tr\/tours\/cennet-ada-snorkel-gezisi-sahl-hasheeshten\/","title":{"rendered":"Sahl Hasheesh&#8217;ten Cennet Adas\u0131 \u015enorkel Gezisi"},"content":{"rendered":"<p><strong>Sahl Hasheesh<\/strong> &#8216; <strong>ten <\/strong> Su Sporlar\u0131 ile <strong>Cennet<\/strong> <strong>Adas\u0131 \u015enorkel Gez <\/strong>isi Giftun Adas\u0131 Plaj\u0131na En \u0130yi Tekne G\u00fcnl\u00fck Gezilerinde bize kat\u0131l\u0131n ve En \u0130yi Ev Resif Noktalar\u0131nda Y\u00fcz\u00fcn.<\/p>\n<p style=\"text-align: center;\"><span style=\"color: #808000;\">En G\u00fczel Sahl Hasheesh <strong>Aile dostu aktiviteler<\/strong>, <strong>\u00c7ocuklarla Yap\u0131lacak \u015eeyler<\/strong>, Ya\u015fl\u0131lar, <strong>Balay\u0131<\/strong> ve <strong>\u00c7iftler<\/strong>.<\/span><\/p>\n<p><strong>\u00d6nemli noktalar:<\/strong><\/p>\n<ul>\n<li>2 Nokta \u015enorkel Ev Resifi.<\/li>\n<li>Cennet Adas\u0131 Plaj\u0131&#8217;nda 2 saat.<\/li>\n<li>L\u00fcks Yatta \u00d6\u011fle Yeme\u011fi.<\/li>\n<li>Su Sporlar\u0131 &#8220;Banana ve Quattro&#8221;.<\/li>\n<\/ul>\n<p><strong>Cennet<\/strong> <strong>Ada \u015enorkel Gezisi -dan <\/strong><strong>Sahl Hasheesh<\/strong> <strong>Detaylar:<\/strong><\/p>\n<ul>\n<li>Tur M\u00fcsaitlik Durumu: Her g\u00fcn.<\/li>\n<li>Tur T\u00fcr\u00fc: Grup<\/li>\n<li>Teslim Alma Saati: Sabah 07:30&#8217;dan itibaren.<\/li>\n<li>Kalk\u0131\u015f Saati: 17:00.<\/li>\n<li>Tekerlekli sandalye ile eri\u015filebilir.<\/li>\n<li>S\u00fcre: 8 saat.<\/li>\n<\/ul>\n<p><strong>\u015eimdi Rezerve Et Sonra \u00d6de:<\/strong><\/p>\n<ul>\n<li>Rehber i\u00e7in nakit.<\/li>\n<li>M\u0131s\u0131r poundu, $, \u20ac veya \u00a3 ile \u00f6deme.<\/li>\n<\/ul>\n<p><strong>\u0130ptal Politikas\u0131:<\/strong><\/p>\n<ul>\n<li>24 saat \u00f6ncesine kadar iptal edebilirsiniz.<\/li>\n<li>Ailenizden herhangi biri Sabah\u0131 \u0130ptal Etti\u011finde, Maliyetin %50&#8217;sini \u00d6deyin.<\/li>\n<\/ul>\n<p><strong>Neler Dahil?<\/strong><\/p>\n<ul>\n<li>Sahl Hasheesh Otellerinden transfer &#8220;Otelden alma ve b\u0131rakma&#8221;.<\/li>\n<li>T\u00fcm Vergiler, Giri\u015f \u00dccretleri ve Ta\u015f\u0131ma \u00dccretleri.<\/li>\n<li>Tur rehberi.<\/li>\n<li>Maden suyu + Kola + S\u00fct + Kahve\/\u00c7ay.<\/li>\n<li>2 \u015enorkel noktas\u0131<\/li>\n<li>Su sporlar\u0131 &#8220;Banana, Sofa boat&#8221;.<\/li>\n<li>\u015enorkel Ekipmanlar\u0131 &#8220;Maskeler ve Y\u00fczme Paletleri&#8221;.<\/li>\n<li><strong>Cennet<\/strong> <strong>Adas\u0131<\/strong> <strong>Plaj\u0131<\/strong>&#8216;nda 2 saat.<\/li>\n<li>Teknede a\u00e7\u0131k b\u00fcfe \u00f6\u011fle yeme\u011fi.<\/li>\n<li>Can yelekleri.<\/li>\n<\/ul>\n<p><strong>\u0130stisnalar?<\/strong><\/p>\n<ul>\n<li>Bah\u015fi\u015f.<\/li>\n<li>The Paradise Restaurant Island&#8217;da i\u00e7kiler.<\/li>\n<li>Gezi i\u00e7in Foto\u011fraf ve Foto\u011fraflar.<\/li>\n<li>Kad\u0131n, Erkek, \u00c7ocuk t\u00fcm Bedenler i\u00e7in Kiral\u0131k Mayo ve Mayo sunuyoruz &#8220;Ki\u015fi ba\u015f\u0131 5$&#8221;.<\/li>\n<li>Bahsedilmeyen ekstralar.<\/li>\n<\/ul>\n<p><strong>Fiyatlar:<\/strong><\/p>\n<ul>\n<li><strong>Yeti\u015fkin Fiyat\u0131 = Ki\u015fi Ba\u015f\u0131 35$<\/strong>.<\/li>\n<li>\u00c7ocuklar i\u00e7in fiyat &#8220;5-12\u2033= %50.<\/li>\n<li>\u00c7ocuklar i\u00e7in &#8220;0-5\u2033= \u00dccretsiz.<\/li>\n<\/ul>\n<p><strong>Yorumlar:<\/strong><\/p>\n<p>Hurghada M\u0131s\u0131r&#8217;da \u00e7evrimi\u00e7i olarak <a href=\"https:\/\/hurghadalovers.com\/\">Hurghada<\/a> &#8216;daki En \u0130yi <a href=\"https:\/\/g.page\/r\/CUeYvkngP3wkEBM\/review\">Tur Operat\u00f6r\u00fc<\/a> olarak Google Harita \u0130ncelemelerimizi kontrol edin.<\/p>\n<p>&nbsp;<\/p>\n<p><strong>Rezervasyon:<\/strong><\/p>\n<p>Otel + Oda Numaras\u0131 + Foto\u011frafl\u0131 pasaportlar\u0131 WhatsApp&#8217;a g\u00f6nderin: <strong>+201112596434<\/strong><\/p>\n<p>M\u0131s\u0131r d\u0131\u015f\u0131ndaysan\u0131z \u015fimdi \u00e7evrimi\u00e7i rezervasyon yap\u0131n ve otele vard\u0131\u011f\u0131n\u0131zda onaylay\u0131n.<\/p>\n<p>&nbsp;<\/p>\n<p>&nbsp;<\/p>\n","protected":false},"excerpt":{"rendered":"<p><strong>Sahl Hasheesh<\/strong> &#8216; <strong>ten <\/strong> Su Sporlar\u0131 ile <strong>Cennet<\/strong> <strong>Adas\u0131 \u015enorkel Gez <\/strong>isi Giftun Adas\u0131 Plaj\u0131na En \u0130yi Tekne G\u00fcnl\u00fck Gezilerinde bize kat\u0131l\u0131n ve En \u0130yi Ev Resif Noktalar\u0131nda Y\u00fcz\u00fcn.<\/p>\n","protected":false},"featured_media":393192,"template":"","meta":{"_joinchat":[]},"product_brand":[],"product_cat":[36664],"product_tag":[52997,52906,53005,53019,53024,53001,53039,52900,52902,52896,53049,52989,53034,53008,52908,52904,52912,52911,53029,53044,52993,53013],"class_list":{"0":"post-393360","1":"product","2":"type-product","3":"status-publish","4":"has-post-thumbnail","6":"product_cat-turlar","7":"product_tag-cennet-adasi-sahl-hasheesh","8":"product_tag-ciftler-icin-sahl-hasheesh-aktiviteleri-tr","9":"product_tag-dolphin-house-sahl-hasheesh-tr","10":"product_tag-giftun-adasi-sahl-hasheesh","11":"product_tag-korsan-teknesi-sahl-hasheesh","12":"product_tag-orange-bay-adasi-sahl-hasheesh","13":"product_tag-ozel-tekne-sahl-hasheesh","14":"product_tag-sahl-hasheesh-bolgesinde-yapilacak-seyler","15":"product_tag-sahl-hasheesh-faaliyetleri","16":"product_tag-sahl-hasheesh-gezileri","17":"product_tag-sahl-hasheesh-ozel-tekne-turu","18":"product_tag-sahl-hasheesh-snorkel-gezileri","19":"product_tag-sahl-hasheesh-tekne-kiralama","20":"product_tag-sahl-hasheesh-tekne-turlari","21":"product_tag-sahl-hasheeshte-ciftler-icin-yapilacak-seyler-2","22":"product_tag-sahl-hasheeshte-yapilacak-romantik-seyler","23":"product_tag-sahl-hasheeshten-bebek-etkinlikleri","24":"product_tag-sahl-hasheeshten-ic-mekanda-eglenceli-aktiviteler","25":"product_tag-surat-teknesi-sahl-hasheesh","26":"product_tag-tekne-kiralama-sahl-hasheesh","27":"product_tag-tuplu-dalis-sahl-hasheesh","28":"product_tag-yunuslarla-yuzun-sahl-hasheesh-tr","29":"tour_category-sahl-hasheesh-snorkel-gezileri","30":"tour_category-sahl-hasheesh-gezileri","32":"first","33":"instock","34":"sale","35":"shipping-taxable","36":"purchasable","37":"product-type-tour"},"yoast_head":"<!-- This site is optimized with the Yoast SEO Premium plugin v26.9 (Yoast SEO v27.2) - https:\/\/yoast.com\/product\/yoast-seo-premium-wordpress\/ -->\n<title>Sahl Hasheesh&#039;ten Cennet Adas\u0131 \u015enorkel Gezisi<\/title>\n<meta name=\"description\" content=\"Sahl Hasheesh&#039;ten Su Sporlar\u0131 ile Cennet Adas\u0131 \u015enorkel Gezisi Giftun Adas\u0131 Plaj\u0131na En \u0130yi Tekne G\u00fcnl\u00fck Gezilerinde bize kat\u0131l\u0131n ve En \u0130yi Ev resifinde y\u00fcz\u00fcn.\" \/>\n<meta name=\"robots\" content=\"index, follow, max-snippet:-1, max-image-preview:large, max-video-preview:-1\" \/>\n<link rel=\"canonical\" href=\"https:\/\/hurghadalovers.com\/tr\/tours\/cennet-ada-snorkel-gezisi-sahl-hasheeshten\/\" \/>\n<meta property=\"og:locale\" content=\"tr_TR\" \/>\n<meta property=\"og:type\" content=\"article\" \/>\n<meta property=\"og:title\" content=\"Sahl Hasheesh&#039;ten Cennet Adas\u0131 \u015enorkel Gezisi\" \/>\n<meta property=\"og:description\" content=\"Sahl Hasheesh&#039;ten Su Sporlar\u0131 ile Cennet Adas\u0131 \u015enorkel Gezisi Giftun Adas\u0131 Plaj\u0131na En \u0130yi Tekne G\u00fcnl\u00fck Gezilerinde bize kat\u0131l\u0131n ve En \u0130yi Ev resifinde y\u00fcz\u00fcn.\" \/>\n<meta property=\"og:url\" content=\"https:\/\/hurghadalovers.com\/tr\/tours\/cennet-ada-snorkel-gezisi-sahl-hasheeshten\/\" \/>\n<meta property=\"og:site_name\" content=\"Hurghada Excursions &amp; Day Trips | Booking Best Prices Tours\" \/>\n<meta property=\"article:publisher\" content=\"https:\/\/www.facebook.com\/Hurghadaloversegypt\" \/>\n<meta property=\"article:modified_time\" content=\"2026-02-08T19:27:54+00:00\" \/>\n<meta property=\"og:image\" content=\"https:\/\/hurghadalovers.com\/wp-content\/uploads\/2023\/09\/Paradise-Island-Snorkeling-Trip-from-Sahl-Hasheesh.jpeg\" \/>\n\t<meta property=\"og:image:width\" content=\"1156\" \/>\n\t<meta property=\"og:image:height\" content=\"867\" \/>\n\t<meta property=\"og:image:type\" content=\"image\/jpeg\" \/>\n<meta name=\"twitter:card\" content=\"summary_large_image\" \/>\n<meta name=\"twitter:label1\" content=\"Fiyat\" \/>\n\t<meta name=\"twitter:data1\" content=\"&euro;&nbsp;40\" \/>\n\t<meta name=\"twitter:label2\" content=\"Durumu\" \/>\n\t<meta name=\"twitter:data2\" content=\"Stokta var\" \/>\n<script type=\"application\/ld+json\" class=\"yoast-schema-graph\">{\"@context\":\"https:\/\/schema.org\",\"@graph\":[{\"@type\":[\"WebPage\",\"ItemPage\"],\"@id\":\"https:\/\/hurghadalovers.com\/tr\/tours\/cennet-ada-snorkel-gezisi-sahl-hasheeshten\/\",\"url\":\"https:\/\/hurghadalovers.com\/tr\/tours\/cennet-ada-snorkel-gezisi-sahl-hasheeshten\/\",\"name\":\"Sahl Hasheesh'ten Cennet Adas\u0131 \u015enorkel Gezisi\",\"isPartOf\":{\"@id\":\"https:\/\/hurghadalovers.com\/tr\/#website\"},\"primaryImageOfPage\":{\"@id\":\"https:\/\/hurghadalovers.com\/tr\/tours\/cennet-ada-snorkel-gezisi-sahl-hasheeshten\/#primaryimage\"},\"image\":{\"@id\":\"https:\/\/hurghadalovers.com\/tr\/tours\/cennet-ada-snorkel-gezisi-sahl-hasheeshten\/#primaryimage\"},\"thumbnailUrl\":\"https:\/\/hurghadalovers.com\/wp-content\/uploads\/2023\/09\/Paradise-Island-Snorkeling-Trip-from-Sahl-Hasheesh.jpeg\",\"datePublished\":\"2023-09-02T09:26:36+00:00\",\"dateModified\":\"2026-02-08T19:27:54+00:00\",\"description\":\"Sahl Hasheesh'ten Su Sporlar\u0131 ile Cennet Adas\u0131 \u015enorkel Gezisi Giftun Adas\u0131 Plaj\u0131na En \u0130yi Tekne G\u00fcnl\u00fck Gezilerinde bize kat\u0131l\u0131n ve En \u0130yi Ev resifinde y\u00fcz\u00fcn.\",\"breadcrumb\":{\"@id\":\"https:\/\/hurghadalovers.com\/tr\/tours\/cennet-ada-snorkel-gezisi-sahl-hasheeshten\/#breadcrumb\"},\"inLanguage\":\"tr\",\"potentialAction\":[{\"@type\":\"ReadAction\",\"target\":[\"https:\/\/hurghadalovers.com\/tr\/tours\/cennet-ada-snorkel-gezisi-sahl-hasheeshten\/\"]}]},{\"@type\":\"ImageObject\",\"inLanguage\":\"tr\",\"@id\":\"https:\/\/hurghadalovers.com\/tr\/tours\/cennet-ada-snorkel-gezisi-sahl-hasheeshten\/#primaryimage\",\"url\":\"https:\/\/hurghadalovers.com\/wp-content\/uploads\/2023\/09\/Paradise-Island-Snorkeling-Trip-from-Sahl-Hasheesh.jpeg\",\"contentUrl\":\"https:\/\/hurghadalovers.com\/wp-content\/uploads\/2023\/09\/Paradise-Island-Snorkeling-Trip-from-Sahl-Hasheesh.jpeg\",\"width\":1156,\"height\":867,\"caption\":\"Sahl Hasheesh'ten Cennet Adas\u0131 \u015enorkel Gezisi\"},{\"@type\":\"BreadcrumbList\",\"@id\":\"https:\/\/hurghadalovers.com\/tr\/tours\/cennet-ada-snorkel-gezisi-sahl-hasheeshten\/#breadcrumb\",\"itemListElement\":[{\"@type\":\"ListItem\",\"position\":1,\"name\":\"Home\",\"item\":\"https:\/\/hurghadalovers.com\/tr\/\"},{\"@type\":\"ListItem\",\"position\":2,\"name\":\"Shop\",\"item\":\"https:\/\/hurghadalovers.com\/shop\/\"},{\"@type\":\"ListItem\",\"position\":3,\"name\":\"Sahl Hasheesh&#8217;ten Cennet Adas\u0131 \u015enorkel Gezisi\"}]},{\"@type\":\"WebSite\",\"@id\":\"https:\/\/hurghadalovers.com\/tr\/#website\",\"url\":\"https:\/\/hurghadalovers.com\/tr\/\",\"name\":\"Hurghada Excursions & Day Trips | Booking Best Prices Tours\",\"description\":\"Hurghada Lovers - Best Tour Operator - Excursions &amp; Things to do for Family Day Trips with kids and Couples Romantic. Unique .Hidden gems\",\"publisher\":{\"@id\":\"https:\/\/hurghadalovers.com\/tr\/#organization\"},\"alternateName\":\"Hurghada Excursions\",\"potentialAction\":[{\"@type\":\"SearchAction\",\"target\":{\"@type\":\"EntryPoint\",\"urlTemplate\":\"https:\/\/hurghadalovers.com\/tr\/?s={search_term_string}\"},\"query-input\":{\"@type\":\"PropertyValueSpecification\",\"valueRequired\":true,\"valueName\":\"search_term_string\"}}],\"inLanguage\":\"tr\"},{\"@type\":[\"Organization\",\"Place\",\"TravelAgency\"],\"@id\":\"https:\/\/hurghadalovers.com\/tr\/#organization\",\"name\":\"Hurghada Excursions\",\"url\":\"https:\/\/hurghadalovers.com\/tr\/\",\"logo\":{\"@id\":\"https:\/\/hurghadalovers.com\/tr\/tours\/cennet-ada-snorkel-gezisi-sahl-hasheeshten\/#local-main-organization-logo\"},\"image\":{\"@id\":\"https:\/\/hurghadalovers.com\/tr\/tours\/cennet-ada-snorkel-gezisi-sahl-hasheeshten\/#local-main-organization-logo\"},\"sameAs\":[\"https:\/\/www.facebook.com\/Hurghadaloversegypt\"],\"address\":{\"@id\":\"https:\/\/hurghadalovers.com\/tr\/tours\/cennet-ada-snorkel-gezisi-sahl-hasheeshten\/#local-main-place-address\"},\"telephone\":[\"00201112596434\"],\"contactPoint\":{\"@type\":\"ContactPoint\",\"telephone\":\"00201112596434\",\"email\":\"weyouface@gmail.com\"},\"openingHoursSpecification\":{\"@type\":\"OpeningHoursSpecification\",\"dayOfWeek\":[\"Monday\",\"Tuesday\",\"Wednesday\",\"Thursday\",\"Friday\",\"Saturday\",\"Sunday\"],\"opens\":\"00:00\",\"closes\":\"23:59\"},\"email\":\"weyouface@gmail.com\",\"areaServed\":\"Luxor, Hurghada, El Gouna, Aswan, Sharm El Sheikh, Giza, Alexandria, Marsa Alam, Quseir, Soma Bay, Sahl Hasheesh, Red Sea, Makadi Bay, Cairo\",\"priceRange\":\"$\",\"currenciesAccepted\":\"euro\",\"paymentAccepted\":\"cash on site\"},{\"@type\":\"PostalAddress\",\"@id\":\"https:\/\/hurghadalovers.com\/tr\/tours\/cennet-ada-snorkel-gezisi-sahl-hasheeshten\/#local-main-place-address\",\"streetAddress\":\"17 Banks street, Alkawther area, top nbk bank\",\"addressLocality\":\"hurghada\",\"postalCode\":\"84511\",\"addressRegion\":\"red sea\",\"addressCountry\":\"EG\"},{\"@type\":\"ImageObject\",\"inLanguage\":\"tr\",\"@id\":\"https:\/\/hurghadalovers.com\/tr\/tours\/cennet-ada-snorkel-gezisi-sahl-hasheeshten\/#local-main-organization-logo\",\"url\":\"https:\/\/hurghadalovers.com\/wp-content\/uploads\/2019\/10\/hurghada-excursions-logo.png\",\"contentUrl\":\"https:\/\/hurghadalovers.com\/wp-content\/uploads\/2019\/10\/hurghada-excursions-logo.png\",\"width\":272,\"height\":90,\"caption\":\"Hurghada Excursions\"}]}<\/script>\n<meta property=\"product:brand\" content=\"Sahl Hasheesh \u015enorkel Yat Gezisi\" \/>\n<meta property=\"product:price:amount\" content=\"40\" \/>\n<meta property=\"product:price:currency\" content=\"EUR\" \/>\n<meta property=\"og:availability\" content=\"instock\" \/>\n<meta property=\"product:availability\" content=\"instock\" \/>\n<meta property=\"product:retailer_item_id\" content=\"dive7623232\" \/>\n<meta property=\"product:condition\" content=\"new\" \/>\n<meta name=\"geo.placename\" content=\"hurghada\" \/>\n<meta name=\"geo.region\" content=\"M\u0131s\u0131r\" \/>\n<!-- \/ Yoast SEO Premium plugin. -->","yoast_head_json":{"title":"Sahl Hasheesh'ten Cennet Adas\u0131 \u015enorkel Gezisi","description":"Sahl Hasheesh'ten Su Sporlar\u0131 ile Cennet Adas\u0131 \u015enorkel Gezisi Giftun Adas\u0131 Plaj\u0131na En \u0130yi Tekne G\u00fcnl\u00fck Gezilerinde bize kat\u0131l\u0131n ve En \u0130yi Ev resifinde y\u00fcz\u00fcn.","robots":{"index":"index","follow":"follow","max-snippet":"max-snippet:-1","max-image-preview":"max-image-preview:large","max-video-preview":"max-video-preview:-1"},"canonical":"https:\/\/hurghadalovers.com\/tr\/tours\/cennet-ada-snorkel-gezisi-sahl-hasheeshten\/","og_locale":"tr_TR","og_type":"article","og_title":"Sahl Hasheesh'ten Cennet Adas\u0131 \u015enorkel Gezisi","og_description":"Sahl Hasheesh'ten Su Sporlar\u0131 ile Cennet Adas\u0131 \u015enorkel Gezisi Giftun Adas\u0131 Plaj\u0131na En \u0130yi Tekne G\u00fcnl\u00fck Gezilerinde bize kat\u0131l\u0131n ve En \u0130yi Ev resifinde y\u00fcz\u00fcn.","og_url":"https:\/\/hurghadalovers.com\/tr\/tours\/cennet-ada-snorkel-gezisi-sahl-hasheeshten\/","og_site_name":"Hurghada Excursions &amp; Day Trips | Booking Best Prices Tours","article_publisher":"https:\/\/www.facebook.com\/Hurghadaloversegypt","article_modified_time":"2026-02-08T19:27:54+00:00","og_image":[{"width":1156,"height":867,"url":"https:\/\/hurghadalovers.com\/wp-content\/uploads\/2023\/09\/Paradise-Island-Snorkeling-Trip-from-Sahl-Hasheesh.jpeg","type":"image\/jpeg"}],"twitter_card":"summary_large_image","twitter_misc":{"Fiyat":"&euro;&nbsp;40","Durumu":"Stokta var"},"schema":{"@context":"https:\/\/schema.org","@graph":[{"@type":["WebPage","ItemPage"],"@id":"https:\/\/hurghadalovers.com\/tr\/tours\/cennet-ada-snorkel-gezisi-sahl-hasheeshten\/","url":"https:\/\/hurghadalovers.com\/tr\/tours\/cennet-ada-snorkel-gezisi-sahl-hasheeshten\/","name":"Sahl Hasheesh'ten Cennet Adas\u0131 \u015enorkel Gezisi","isPartOf":{"@id":"https:\/\/hurghadalovers.com\/tr\/#website"},"primaryImageOfPage":{"@id":"https:\/\/hurghadalovers.com\/tr\/tours\/cennet-ada-snorkel-gezisi-sahl-hasheeshten\/#primaryimage"},"image":{"@id":"https:\/\/hurghadalovers.com\/tr\/tours\/cennet-ada-snorkel-gezisi-sahl-hasheeshten\/#primaryimage"},"thumbnailUrl":"https:\/\/hurghadalovers.com\/wp-content\/uploads\/2023\/09\/Paradise-Island-Snorkeling-Trip-from-Sahl-Hasheesh.jpeg","datePublished":"2023-09-02T09:26:36+00:00","dateModified":"2026-02-08T19:27:54+00:00","description":"Sahl Hasheesh'ten Su Sporlar\u0131 ile Cennet Adas\u0131 \u015enorkel Gezisi Giftun Adas\u0131 Plaj\u0131na En \u0130yi Tekne G\u00fcnl\u00fck Gezilerinde bize kat\u0131l\u0131n ve En \u0130yi Ev resifinde y\u00fcz\u00fcn.","breadcrumb":{"@id":"https:\/\/hurghadalovers.com\/tr\/tours\/cennet-ada-snorkel-gezisi-sahl-hasheeshten\/#breadcrumb"},"inLanguage":"tr","potentialAction":[{"@type":"ReadAction","target":["https:\/\/hurghadalovers.com\/tr\/tours\/cennet-ada-snorkel-gezisi-sahl-hasheeshten\/"]}]},{"@type":"ImageObject","inLanguage":"tr","@id":"https:\/\/hurghadalovers.com\/tr\/tours\/cennet-ada-snorkel-gezisi-sahl-hasheeshten\/#primaryimage","url":"https:\/\/hurghadalovers.com\/wp-content\/uploads\/2023\/09\/Paradise-Island-Snorkeling-Trip-from-Sahl-Hasheesh.jpeg","contentUrl":"https:\/\/hurghadalovers.com\/wp-content\/uploads\/2023\/09\/Paradise-Island-Snorkeling-Trip-from-Sahl-Hasheesh.jpeg","width":1156,"height":867,"caption":"Sahl Hasheesh'ten Cennet Adas\u0131 \u015enorkel Gezisi"},{"@type":"BreadcrumbList","@id":"https:\/\/hurghadalovers.com\/tr\/tours\/cennet-ada-snorkel-gezisi-sahl-hasheeshten\/#breadcrumb","itemListElement":[{"@type":"ListItem","position":1,"name":"Home","item":"https:\/\/hurghadalovers.com\/tr\/"},{"@type":"ListItem","position":2,"name":"Shop","item":"https:\/\/hurghadalovers.com\/shop\/"},{"@type":"ListItem","position":3,"name":"Sahl Hasheesh&#8217;ten Cennet Adas\u0131 \u015enorkel Gezisi"}]},{"@type":"WebSite","@id":"https:\/\/hurghadalovers.com\/tr\/#website","url":"https:\/\/hurghadalovers.com\/tr\/","name":"Hurghada Excursions & Day Trips | Booking Best Prices Tours","description":"Hurghada Lovers - Best Tour Operator - Excursions &amp; Things to do for Family Day Trips with kids and Couples Romantic. Unique .Hidden gems","publisher":{"@id":"https:\/\/hurghadalovers.com\/tr\/#organization"},"alternateName":"Hurghada Excursions","potentialAction":[{"@type":"SearchAction","target":{"@type":"EntryPoint","urlTemplate":"https:\/\/hurghadalovers.com\/tr\/?s={search_term_string}"},"query-input":{"@type":"PropertyValueSpecification","valueRequired":true,"valueName":"search_term_string"}}],"inLanguage":"tr"},{"@type":["Organization","Place","TravelAgency"],"@id":"https:\/\/hurghadalovers.com\/tr\/#organization","name":"Hurghada Excursions","url":"https:\/\/hurghadalovers.com\/tr\/","logo":{"@id":"https:\/\/hurghadalovers.com\/tr\/tours\/cennet-ada-snorkel-gezisi-sahl-hasheeshten\/#local-main-organization-logo"},"image":{"@id":"https:\/\/hurghadalovers.com\/tr\/tours\/cennet-ada-snorkel-gezisi-sahl-hasheeshten\/#local-main-organization-logo"},"sameAs":["https:\/\/www.facebook.com\/Hurghadaloversegypt"],"address":{"@id":"https:\/\/hurghadalovers.com\/tr\/tours\/cennet-ada-snorkel-gezisi-sahl-hasheeshten\/#local-main-place-address"},"telephone":["00201112596434"],"contactPoint":{"@type":"ContactPoint","telephone":"00201112596434","email":"weyouface@gmail.com"},"openingHoursSpecification":{"@type":"OpeningHoursSpecification","dayOfWeek":["Monday","Tuesday","Wednesday","Thursday","Friday","Saturday","Sunday"],"opens":"00:00","closes":"23:59"},"email":"weyouface@gmail.com","areaServed":"Luxor, Hurghada, El Gouna, Aswan, Sharm El Sheikh, Giza, Alexandria, Marsa Alam, Quseir, Soma Bay, Sahl Hasheesh, Red Sea, Makadi Bay, Cairo","priceRange":"$","currenciesAccepted":"euro","paymentAccepted":"cash on site"},{"@type":"PostalAddress","@id":"https:\/\/hurghadalovers.com\/tr\/tours\/cennet-ada-snorkel-gezisi-sahl-hasheeshten\/#local-main-place-address","streetAddress":"17 Banks street, Alkawther area, top nbk bank","addressLocality":"hurghada","postalCode":"84511","addressRegion":"red sea","addressCountry":"EG"},{"@type":"ImageObject","inLanguage":"tr","@id":"https:\/\/hurghadalovers.com\/tr\/tours\/cennet-ada-snorkel-gezisi-sahl-hasheeshten\/#local-main-organization-logo","url":"https:\/\/hurghadalovers.com\/wp-content\/uploads\/2019\/10\/hurghada-excursions-logo.png","contentUrl":"https:\/\/hurghadalovers.com\/wp-content\/uploads\/2019\/10\/hurghada-excursions-logo.png","width":272,"height":90,"caption":"Hurghada Excursions"}]},"product_brand":"Sahl Hasheesh \u015enorkel Yat Gezisi","product_price_amount":"40","product_price_currency":"EUR","og_availability":"instock","product_availability":"instock","product_retailer_item_id":"dive7623232","product_condition":"new","geo.placename":"hurghada","geo.region":"M\u0131s\u0131r"},"_links":{"self":[{"href":"https:\/\/hurghadalovers.com\/tr\/wp-json\/wp\/v2\/product\/393360","targetHints":{"allow":["GET"]}}],"collection":[{"href":"https:\/\/hurghadalovers.com\/tr\/wp-json\/wp\/v2\/product"}],"about":[{"href":"https:\/\/hurghadalovers.com\/tr\/wp-json\/wp\/v2\/types\/product"}],"wp:featuredmedia":[{"embeddable":true,"href":"https:\/\/hurghadalovers.com\/tr\/wp-json\/wp\/v2\/media\/393192"}],"wp:attachment":[{"href":"https:\/\/hurghadalovers.com\/tr\/wp-json\/wp\/v2\/media?parent=393360"}],"wp:term":[{"taxonomy":"product_brand","embeddable":true,"href":"https:\/\/hurghadalovers.com\/tr\/wp-json\/wp\/v2\/product_brand?post=393360"},{"taxonomy":"product_cat","embeddable":true,"href":"https:\/\/hurghadalovers.com\/tr\/wp-json\/wp\/v2\/product_cat?post=393360"},{"taxonomy":"product_tag","embeddable":true,"href":"https:\/\/hurghadalovers.com\/tr\/wp-json\/wp\/v2\/product_tag?post=393360"}],"curies":[{"name":"wp","href":"https:\/\/api.w.org\/{rel}","templated":true}]}}