{"id":392290,"date":"2023-09-01T20:53:12","date_gmt":"2023-09-01T20:55:47","guid":{"rendered":"https:\/\/hurghadalovers.com\/shop\/kategorilenmemis\/sahl-hasheesh-ozel-atv-bisiklet-turu\/"},"modified":"2026-02-08T22:48:58","modified_gmt":"2026-02-08T22:48:58","slug":"sahl-hasheesh-private-quad-bike-tour","status":"publish","type":"product","link":"https:\/\/hurghadalovers.com\/tr\/tours\/sahl-hasheesh-private-quad-bike-tour\/","title":{"rendered":"Sahl Hasheesh \u00d6zel Atv Bisiklet Turu"},"content":{"rendered":"<p><strong>Sahl Hasheesh<\/strong> <strong>\u00d6zel Atv Bisiklet Turu<\/strong> Deve Gezintisi ile Bedevi k\u00f6y\u00fcne \u00c7\u00f6l Safarisi.<\/p>\n<p><strong>Mahremiyet<\/strong> ar\u0131yor ve \u00e7\u00f6lde <strong>atv s\u00fcrerek<\/strong> e\u015fsiz bir <strong>maceraya<\/strong> m\u0131 at\u0131lmak istiyorsunuz? Aileler ve \u00e7iftler i\u00e7in en g\u00fczel <strong>safari gezilerine<\/strong> kat\u0131larak <strong>Bedevi k\u00f6y\u00fcne<\/strong> ula\u015fana kadar \u00e7\u00f6lde 25 km yol kat ederek <strong>adrenalininizi<\/strong> y\u00fckseltin, ard\u0131ndan <strong>deveye binin<\/strong> ve <strong>\u00f6zel bir safari rehberinin<\/strong> yard\u0131m\u0131yla Bedevilerin ya\u015fam\u0131n\u0131 \u00f6\u011frenin, kendi zaman\u0131n\u0131z\u0131 ve daha fazla mahremiyet ve <strong>l\u00fcks\u00fc<\/strong> kontrol edin. <\/p>\n<p style=\"text-align: center;\"><span style=\"color: #993300;\"><strong>Aile Dostu Aktiviteler<\/strong> &amp; <strong>Romantik<\/strong> ve <strong>\u00c7iftler \u0130\u00e7in Balay\u0131<\/strong> \u0130\u00e7in Sahl Hasheesh&#8217;te Yap\u0131lacak En \u0130yi \u015eeyler<\/span><\/p>\n<p>&nbsp;<\/p>\n<p><strong>\u00d6nemli noktalar:<\/strong><\/p>\n<ol>\n<li>Atl\u0131 Bisiklet Gezisi.<\/li>\n<li>Deve gezintisi.<\/li>\n<li>Bedevi k\u00f6y\u00fc.<\/li>\n<\/ol>\n<p><strong>\u00d6zel Atv Bisiklet Turu Detaylar\u0131:<\/strong><\/p>\n<ul>\n<li>Tur M\u00fcsaitlik Durumu: Her g\u00fcn.<\/li>\n<li>Tur T\u00fcr\u00fc: Grup<\/li>\n<li>Teslim Alma Saati: 08:00&#8217;den itibaren veya \u00f6\u011fleden sonra 14:00&#8217;den itibaren.<\/li>\n<li>Kalk\u0131\u015f Saati: 11:45 VEYA G\u00fcn Bat\u0131m\u0131 Zaman\u0131.<\/li>\n<li>S\u00fcre 3 saat.<\/li>\n<\/ul>\n<p><strong>\u015eimdi Rezerve Et Sonra \u00d6de:<\/strong><\/p>\n<ul>\n<li>Rehber i\u00e7in nakit.<\/li>\n<li>M\u0131s\u0131r poundu, $, \u20ac veya \u00a3 ile \u00f6deme.<\/li>\n<\/ul>\n<p><strong>\u0130ptal Politikas\u0131:<\/strong><\/p>\n<ul>\n<li>24 saat \u00f6ncesine kadar iptal edebilirsiniz.<\/li>\n<li>Ailenizden herhangi biri Sabah\u0131 \u0130ptal Etti\u011finde, Maliyetin %50&#8217;sini \u00d6deyin.<\/li>\n<\/ul>\n<p><strong>Neler Dahil?<\/strong><\/p>\n<ul>\n<li>Sahl Hasheesh Otellerinden transfer &#8220;Otelden alma ve b\u0131rakma&#8221;.<\/li>\n<li>T\u00fcm Vergiler, Giri\u015f \u00dccretleri ve Ta\u015f\u0131ma \u00dccretleri.<\/li>\n<li>Transferler.<\/li>\n<li>Tur rehberi.<\/li>\n<li>Kask.<\/li>\n<\/ul>\n<p><strong>\u0130stisnalar?<\/strong><\/p>\n<ul>\n<li>E\u015farp<\/li>\n<li>Koruyucu g\u00f6zl\u00fckler<\/li>\n<li>Bah\u015fi\u015f.<\/li>\n<li>Yolculuk i\u00e7in foto\u011fraf\u00e7\u0131l\u0131k.<\/li>\n<li>Bahsedilmeyen ekstralar.<\/li>\n<\/ul>\n<p><strong>\u00d6zel Atv Turu Fiyatlar\u0131:<\/strong><\/p>\n<ul>\n<li><strong>Yeti\u015fkin Fiyat\u0131 = Ki\u015fi Ba\u015f\u0131 40$<\/strong>.<\/li>\n<\/ul>\n<p><strong>Yorumlar:<\/strong><\/p>\n<p>Hurghada M\u0131s\u0131r&#8217;da \u00e7evrimi\u00e7i olarak <a href=\"https:\/\/hurghadalovers.com\/\">Hurghada<\/a> &#8216;daki En \u0130yi <a href=\"https:\/\/g.page\/r\/CUeYvkngP3wkEBM\/review\">Tur Operat\u00f6r\u00fc<\/a> olarak Google Harita \u0130ncelemelerimizi kontrol edin.<\/p>\n<p><strong>Rezervasyon:<\/strong><\/p>\n<p>Otel + Oda Numaras\u0131 + Foto\u011frafl\u0131 pasaportlar\u0131 WhatsApp&#8217;a g\u00f6nderin: <strong>+201112596434<\/strong><\/p>\n<p>M\u0131s\u0131r d\u0131\u015f\u0131ndaysan\u0131z \u015fimdi \u00e7evrimi\u00e7i rezervasyon yap\u0131n ve otele vard\u0131\u011f\u0131n\u0131zda onaylay\u0131n.<\/p>\n<p><span style=\"color: #ff0000;\">&#8212;&#8212; | &#8212;&#8212;&#8212;&#8212;&#8211; | &#8212;&#8212;&#8212;-<\/span><\/p>\n<p>&nbsp;<\/p>\n<p>Kontrol edin <a href=\"https:\/\/hurghadalovers.com\/tour-category\/sahl-hasheesh-tours\/\"><strong>Sahl Hasheesh Gezileri<\/strong><\/a> &#8211; <a href=\"https:\/\/hurghadalovers.com\/tour-category\/safari-sahl-hasheesh\/\"><strong>Sahl Hasheesh&#8217;ten Atv Turu<\/strong><\/a>:<\/p>\n<ul>\n<li><a href=\"https:\/\/hurghadalovers.com\/tours\/sahl-hasheesh-morning-quad-biking-tour\/\">Sahl Hasheesh Sabah Atv Bisiklet Turu<\/a><\/li>\n<li><a href=\"https:\/\/hurghadalovers.com\/tours\/sahl-hasheesh-sunset-quad-biking-tour\/\">Sahl Hasheesh G\u00fcn Bat\u0131m\u0131 Atv Bisiklet Turu<\/a><\/li>\n<li><a href=\"https:\/\/hurghadalovers.com\/tours\/sahl-hasheesh-super-jeep-safari-trip\/\">Sahl Hasheesh S\u00fcper Jeep Safari Gezisi<\/a><\/li>\n<li><a href=\"https:\/\/hurghadalovers.com\/tours\/sahl-hasheesh-desert-safaris-with-kids\/\"><strong>\u00c7ocuklarla Sahl Hasheesh \u00c7\u00f6l Safarileri<\/strong><\/a><\/li>\n<li><a href=\"https:\/\/hurghadalovers.com\/tours\/cheap-quad-biking-tours-from-sahl-hasheesh-2hr\/\">Sahl Hasheesh&#8217;ten Ucuz Atv Bisiklet Turlar\u0131<\/a> &#8211; 2 saat<\/li>\n<li><a href=\"https:\/\/hurghadalovers.com\/tours\/sunset-buggy-tour-from-sahl-hasheesh\/\">Sahl Hasheesh&#8217;ten G\u00fcn Bat\u0131m\u0131 Buggy Turu<\/a><\/li>\n<li><a href=\"https:\/\/hurghadalovers.com\/tours\/morning-buggy-tour-from-sahl-hasheesh\/\">Sahl Hasheesh&#8217;ten Sabah Buggy Turu<\/a><\/li>\n<li><a href=\"https:\/\/hurghadalovers.com\/tours\/morning-jeep-safari-trip-from-sahl-hasheesh\/\">Sahl Hasheesh&#8217;ten Sabah Jeep Safari Gezisi<\/a><\/li>\n<li><a href=\"https:\/\/hurghadalovers.com\/tours\/sahl-hasheesh-private-jeep-safari-trip\/\">Sahl Hasheesh \u00d6zel Jeep Safari Gezisi<\/a><\/li>\n<li>Sahl Hasheesh \u00d6zel Atv Bisiklet Turu<\/li>\n<\/ul>\n<p><a href=\"https:\/\/hurghadalovers.com\/tour-category\/things-to-do-in-sahl-hasheesh\/\"><strong>Sahl Hasheesh b\u00f6lgesinde yap\u0131lacak \u015feyler<\/strong><\/a><\/p>\n<p><a href=\"https:\/\/hurghadalovers.com\/tours\/parasailing-sahl-hasheesh\/\">Parasailing Sahl Hasheesh<\/a><\/p>\n","protected":false},"excerpt":{"rendered":"<p><strong>Sahl Hasheesh<\/strong> <strong>\u00d6zel Atv Bisiklet Turu<\/strong> Deve Gezintisi ile Bedevi k\u00f6y\u00fcne \u00c7\u00f6l Safarisi. <strong>Mahremiyet<\/strong> ar\u0131yor ve <strong>d\u00f6rtl\u00fc bisiklet s\u00fcrerek<\/strong> benzersiz bir <strong>maceraya<\/strong> m\u0131 at\u0131l\u0131yorsunuz?<\/p>\n","protected":false},"featured_media":935396,"template":"","meta":{"_joinchat":[]},"product_brand":[],"product_cat":[36664],"product_tag":[49678,49680,49697,49705,49675,49691,49671,49677,49686,49673,49676,49669,49674,49670,49668,49672,49667,49700],"class_list":{"0":"post-392290","1":"product","2":"type-product","3":"status-publish","4":"has-post-thumbnail","6":"product_cat-turlar","7":"product_tag-atv-bisikleti-sahl-hasheesh","8":"product_tag-atv-sahl-hasheesh-tr","9":"product_tag-bedevi-koyu-sahl-hasheesh","10":"product_tag-buggy-turu-sahl-hasheesh","11":"product_tag-col-safari-sahl-hasheesh","12":"product_tag-deve-biniciligi-sahl-hasheesh","13":"product_tag-kapali-alan-cift-aktiviteleri-sahl-hasheesh","14":"product_tag-safari-sahara-sahl-hasheesh-tr","15":"product_tag-safari-turu-sahl-hasheesh","16":"product_tag-sahl-hasheesh-aile-dostu-etkinlikler","17":"product_tag-sahl-hasheesh-buggy-safari-tr","18":"product_tag-sahl-hasheesh-cikisli-gunluk-turlar","19":"product_tag-sahl-hasheesh-cocuk-dostu-turlar","20":"product_tag-sahl-hasheeshte-ciftler-icin-romantik-aktiviteler","21":"product_tag-sahl-hasheeshte-gezilecek-yerler","22":"product_tag-sahl-hasheeshten-2-yas-cocuklari-icin-aktiviteler","23":"product_tag-sahl-hasheeshten-gunubirlik-geziler","24":"product_tag-yildiz-gozlemciligi-sahl-hasheesh","25":"tour_category-sahl-hasheeshten-atv-turu","26":"tour_category-sahl-hasheesh-gezileri","28":"first","29":"instock","30":"sale","31":"shipping-taxable","32":"purchasable","33":"product-type-tour"},"yoast_head":"<!-- This site is optimized with the Yoast SEO Premium plugin v26.9 (Yoast SEO v27.2) - https:\/\/yoast.com\/product\/yoast-seo-premium-wordpress\/ -->\n<title>Sahl Hasheesh \u00d6zel Atv Bisiklet Turu<\/title>\n<meta name=\"description\" content=\"Sahl Hasheesh \u00d6zel Atv Bisiklet Turu Deve Gezintisi ile Bedevi k\u00f6y\u00fcne \u00c7\u00f6l Safarisi. Mahremiyet ar\u0131yor ve e\u015fsiz bir maceraya m\u0131 at\u0131l\u0131yorsunuz?\" \/>\n<meta name=\"robots\" content=\"index, follow, max-snippet:-1, max-image-preview:large, max-video-preview:-1\" \/>\n<link rel=\"canonical\" href=\"https:\/\/hurghadalovers.com\/tr\/tours\/sahl-hasheesh-private-quad-bike-tour\/\" \/>\n<meta property=\"og:locale\" content=\"tr_TR\" \/>\n<meta property=\"og:type\" content=\"article\" \/>\n<meta property=\"og:title\" content=\"Sahl Hasheesh \u00d6zel Atv Bisiklet Turu\" \/>\n<meta property=\"og:description\" content=\"Sahl Hasheesh \u00d6zel Atv Bisiklet Turu Deve Gezintisi ile Bedevi k\u00f6y\u00fcne \u00c7\u00f6l Safarisi. Mahremiyet ar\u0131yor ve e\u015fsiz bir maceraya m\u0131 at\u0131l\u0131yorsunuz?\" \/>\n<meta property=\"og:url\" content=\"https:\/\/hurghadalovers.com\/tr\/tours\/sahl-hasheesh-private-quad-bike-tour\/\" \/>\n<meta property=\"og:site_name\" content=\"Hurghada Excursions &amp; Day Trips | Booking Best Prices Tours\" \/>\n<meta property=\"article:publisher\" content=\"https:\/\/www.facebook.com\/Hurghadaloversegypt\" \/>\n<meta property=\"article:modified_time\" content=\"2026-02-08T22:48:58+00:00\" \/>\n<meta property=\"og:image\" content=\"https:\/\/hurghadalovers.com\/wp-content\/uploads\/2023\/08\/Super-Jeep-Safari-Trip-from-Soma-bay-2026.jpeg\" \/>\n\t<meta property=\"og:image:width\" content=\"1156\" \/>\n\t<meta property=\"og:image:height\" content=\"521\" \/>\n\t<meta property=\"og:image:type\" content=\"image\/jpeg\" \/>\n<meta name=\"twitter:card\" content=\"summary_large_image\" \/>\n<meta name=\"twitter:label1\" content=\"Fiyat\" \/>\n\t<meta name=\"twitter:data1\" content=\"&euro;&nbsp;40\" \/>\n\t<meta name=\"twitter:label2\" content=\"Durumu\" \/>\n\t<meta name=\"twitter:data2\" content=\"Stokta var\" \/>\n<script type=\"application\/ld+json\" class=\"yoast-schema-graph\">{\"@context\":\"https:\/\/schema.org\",\"@graph\":[{\"@type\":[\"WebPage\",\"ItemPage\"],\"@id\":\"https:\/\/hurghadalovers.com\/tr\/tours\/sahl-hasheesh-private-quad-bike-tour\/\",\"url\":\"https:\/\/hurghadalovers.com\/tr\/tours\/sahl-hasheesh-private-quad-bike-tour\/\",\"name\":\"Sahl Hasheesh \u00d6zel Atv Bisiklet Turu\",\"isPartOf\":{\"@id\":\"https:\/\/hurghadalovers.com\/tr\/#website\"},\"primaryImageOfPage\":{\"@id\":\"https:\/\/hurghadalovers.com\/tr\/tours\/sahl-hasheesh-private-quad-bike-tour\/#primaryimage\"},\"image\":{\"@id\":\"https:\/\/hurghadalovers.com\/tr\/tours\/sahl-hasheesh-private-quad-bike-tour\/#primaryimage\"},\"thumbnailUrl\":\"https:\/\/hurghadalovers.com\/wp-content\/uploads\/2023\/08\/Super-Jeep-Safari-Trip-from-Soma-bay-2026.jpeg\",\"datePublished\":\"2023-09-01T20:55:47+00:00\",\"dateModified\":\"2026-02-08T22:48:58+00:00\",\"description\":\"Sahl Hasheesh \u00d6zel Atv Bisiklet Turu Deve Gezintisi ile Bedevi k\u00f6y\u00fcne \u00c7\u00f6l Safarisi. Mahremiyet ar\u0131yor ve e\u015fsiz bir maceraya m\u0131 at\u0131l\u0131yorsunuz?\",\"breadcrumb\":{\"@id\":\"https:\/\/hurghadalovers.com\/tr\/tours\/sahl-hasheesh-private-quad-bike-tour\/#breadcrumb\"},\"inLanguage\":\"tr\",\"potentialAction\":[{\"@type\":\"ReadAction\",\"target\":[\"https:\/\/hurghadalovers.com\/tr\/tours\/sahl-hasheesh-private-quad-bike-tour\/\"]}]},{\"@type\":\"ImageObject\",\"inLanguage\":\"tr\",\"@id\":\"https:\/\/hurghadalovers.com\/tr\/tours\/sahl-hasheesh-private-quad-bike-tour\/#primaryimage\",\"url\":\"https:\/\/hurghadalovers.com\/wp-content\/uploads\/2023\/08\/Super-Jeep-Safari-Trip-from-Soma-bay-2026.jpeg\",\"contentUrl\":\"https:\/\/hurghadalovers.com\/wp-content\/uploads\/2023\/08\/Super-Jeep-Safari-Trip-from-Soma-bay-2026.jpeg\",\"width\":1156,\"height\":521,\"caption\":\"Private Soma bay Quad Bike Tour\"},{\"@type\":\"BreadcrumbList\",\"@id\":\"https:\/\/hurghadalovers.com\/tr\/tours\/sahl-hasheesh-private-quad-bike-tour\/#breadcrumb\",\"itemListElement\":[{\"@type\":\"ListItem\",\"position\":1,\"name\":\"Home\",\"item\":\"https:\/\/hurghadalovers.com\/tr\/\"},{\"@type\":\"ListItem\",\"position\":2,\"name\":\"Shop\",\"item\":\"https:\/\/hurghadalovers.com\/shop\/\"},{\"@type\":\"ListItem\",\"position\":3,\"name\":\"Sahl Hasheesh \u00d6zel Atv Bisiklet Turu\"}]},{\"@type\":\"WebSite\",\"@id\":\"https:\/\/hurghadalovers.com\/tr\/#website\",\"url\":\"https:\/\/hurghadalovers.com\/tr\/\",\"name\":\"Hurghada Excursions & Day Trips | Booking Best Prices Tours\",\"description\":\"Hurghada Lovers - Best Tour Operator - Excursions &amp; Things to do for Family Day Trips with kids and Couples Romantic. Unique .Hidden gems\",\"publisher\":{\"@id\":\"https:\/\/hurghadalovers.com\/tr\/#organization\"},\"alternateName\":\"Hurghada Excursions\",\"potentialAction\":[{\"@type\":\"SearchAction\",\"target\":{\"@type\":\"EntryPoint\",\"urlTemplate\":\"https:\/\/hurghadalovers.com\/tr\/?s={search_term_string}\"},\"query-input\":{\"@type\":\"PropertyValueSpecification\",\"valueRequired\":true,\"valueName\":\"search_term_string\"}}],\"inLanguage\":\"tr\"},{\"@type\":[\"Organization\",\"Place\",\"TravelAgency\"],\"@id\":\"https:\/\/hurghadalovers.com\/tr\/#organization\",\"name\":\"Hurghada Excursions\",\"url\":\"https:\/\/hurghadalovers.com\/tr\/\",\"logo\":{\"@id\":\"https:\/\/hurghadalovers.com\/tr\/tours\/sahl-hasheesh-private-quad-bike-tour\/#local-main-organization-logo\"},\"image\":{\"@id\":\"https:\/\/hurghadalovers.com\/tr\/tours\/sahl-hasheesh-private-quad-bike-tour\/#local-main-organization-logo\"},\"sameAs\":[\"https:\/\/www.facebook.com\/Hurghadaloversegypt\"],\"address\":{\"@id\":\"https:\/\/hurghadalovers.com\/tr\/tours\/sahl-hasheesh-private-quad-bike-tour\/#local-main-place-address\"},\"telephone\":[\"00201112596434\"],\"contactPoint\":{\"@type\":\"ContactPoint\",\"telephone\":\"00201112596434\",\"email\":\"weyouface@gmail.com\"},\"openingHoursSpecification\":{\"@type\":\"OpeningHoursSpecification\",\"dayOfWeek\":[\"Monday\",\"Tuesday\",\"Wednesday\",\"Thursday\",\"Friday\",\"Saturday\",\"Sunday\"],\"opens\":\"00:00\",\"closes\":\"23:59\"},\"email\":\"weyouface@gmail.com\",\"areaServed\":\"Luxor, Hurghada, El Gouna, Aswan, Sharm El Sheikh, Giza, Alexandria, Marsa Alam, Quseir, Soma Bay, Sahl Hasheesh, Red Sea, Makadi Bay, Cairo\",\"priceRange\":\"$\",\"currenciesAccepted\":\"euro\",\"paymentAccepted\":\"cash on site\"},{\"@type\":\"PostalAddress\",\"@id\":\"https:\/\/hurghadalovers.com\/tr\/tours\/sahl-hasheesh-private-quad-bike-tour\/#local-main-place-address\",\"streetAddress\":\"17 Banks street, Alkawther area, top nbk bank\",\"addressLocality\":\"hurghada\",\"postalCode\":\"84511\",\"addressRegion\":\"red sea\",\"addressCountry\":\"EG\"},{\"@type\":\"ImageObject\",\"inLanguage\":\"tr\",\"@id\":\"https:\/\/hurghadalovers.com\/tr\/tours\/sahl-hasheesh-private-quad-bike-tour\/#local-main-organization-logo\",\"url\":\"https:\/\/hurghadalovers.com\/wp-content\/uploads\/2019\/10\/hurghada-excursions-logo.png\",\"contentUrl\":\"https:\/\/hurghadalovers.com\/wp-content\/uploads\/2019\/10\/hurghada-excursions-logo.png\",\"width\":272,\"height\":90,\"caption\":\"Hurghada Excursions\"}]}<\/script>\n<meta property=\"product:brand\" content=\"Sahl Hasheesh Safari Turlar\u0131\" \/>\n<meta property=\"product:price:amount\" content=\"40\" \/>\n<meta property=\"product:price:currency\" content=\"EUR\" \/>\n<meta property=\"og:availability\" content=\"instock\" \/>\n<meta property=\"product:availability\" content=\"instock\" \/>\n<meta property=\"product:retailer_item_id\" content=\"SahlSafari062024\" \/>\n<meta property=\"product:condition\" content=\"new\" \/>\n<meta name=\"geo.placename\" content=\"hurghada\" \/>\n<meta name=\"geo.region\" content=\"M\u0131s\u0131r\" \/>\n<!-- \/ Yoast SEO Premium plugin. -->","yoast_head_json":{"title":"Sahl Hasheesh \u00d6zel Atv Bisiklet Turu","description":"Sahl Hasheesh \u00d6zel Atv Bisiklet Turu Deve Gezintisi ile Bedevi k\u00f6y\u00fcne \u00c7\u00f6l Safarisi. Mahremiyet ar\u0131yor ve e\u015fsiz bir maceraya m\u0131 at\u0131l\u0131yorsunuz?","robots":{"index":"index","follow":"follow","max-snippet":"max-snippet:-1","max-image-preview":"max-image-preview:large","max-video-preview":"max-video-preview:-1"},"canonical":"https:\/\/hurghadalovers.com\/tr\/tours\/sahl-hasheesh-private-quad-bike-tour\/","og_locale":"tr_TR","og_type":"article","og_title":"Sahl Hasheesh \u00d6zel Atv Bisiklet Turu","og_description":"Sahl Hasheesh \u00d6zel Atv Bisiklet Turu Deve Gezintisi ile Bedevi k\u00f6y\u00fcne \u00c7\u00f6l Safarisi. Mahremiyet ar\u0131yor ve e\u015fsiz bir maceraya m\u0131 at\u0131l\u0131yorsunuz?","og_url":"https:\/\/hurghadalovers.com\/tr\/tours\/sahl-hasheesh-private-quad-bike-tour\/","og_site_name":"Hurghada Excursions &amp; Day Trips | Booking Best Prices Tours","article_publisher":"https:\/\/www.facebook.com\/Hurghadaloversegypt","article_modified_time":"2026-02-08T22:48:58+00:00","og_image":[{"width":1156,"height":521,"url":"https:\/\/hurghadalovers.com\/wp-content\/uploads\/2023\/08\/Super-Jeep-Safari-Trip-from-Soma-bay-2026.jpeg","type":"image\/jpeg"}],"twitter_card":"summary_large_image","twitter_misc":{"Fiyat":"&euro;&nbsp;40","Durumu":"Stokta var"},"schema":{"@context":"https:\/\/schema.org","@graph":[{"@type":["WebPage","ItemPage"],"@id":"https:\/\/hurghadalovers.com\/tr\/tours\/sahl-hasheesh-private-quad-bike-tour\/","url":"https:\/\/hurghadalovers.com\/tr\/tours\/sahl-hasheesh-private-quad-bike-tour\/","name":"Sahl Hasheesh \u00d6zel Atv Bisiklet Turu","isPartOf":{"@id":"https:\/\/hurghadalovers.com\/tr\/#website"},"primaryImageOfPage":{"@id":"https:\/\/hurghadalovers.com\/tr\/tours\/sahl-hasheesh-private-quad-bike-tour\/#primaryimage"},"image":{"@id":"https:\/\/hurghadalovers.com\/tr\/tours\/sahl-hasheesh-private-quad-bike-tour\/#primaryimage"},"thumbnailUrl":"https:\/\/hurghadalovers.com\/wp-content\/uploads\/2023\/08\/Super-Jeep-Safari-Trip-from-Soma-bay-2026.jpeg","datePublished":"2023-09-01T20:55:47+00:00","dateModified":"2026-02-08T22:48:58+00:00","description":"Sahl Hasheesh \u00d6zel Atv Bisiklet Turu Deve Gezintisi ile Bedevi k\u00f6y\u00fcne \u00c7\u00f6l Safarisi. Mahremiyet ar\u0131yor ve e\u015fsiz bir maceraya m\u0131 at\u0131l\u0131yorsunuz?","breadcrumb":{"@id":"https:\/\/hurghadalovers.com\/tr\/tours\/sahl-hasheesh-private-quad-bike-tour\/#breadcrumb"},"inLanguage":"tr","potentialAction":[{"@type":"ReadAction","target":["https:\/\/hurghadalovers.com\/tr\/tours\/sahl-hasheesh-private-quad-bike-tour\/"]}]},{"@type":"ImageObject","inLanguage":"tr","@id":"https:\/\/hurghadalovers.com\/tr\/tours\/sahl-hasheesh-private-quad-bike-tour\/#primaryimage","url":"https:\/\/hurghadalovers.com\/wp-content\/uploads\/2023\/08\/Super-Jeep-Safari-Trip-from-Soma-bay-2026.jpeg","contentUrl":"https:\/\/hurghadalovers.com\/wp-content\/uploads\/2023\/08\/Super-Jeep-Safari-Trip-from-Soma-bay-2026.jpeg","width":1156,"height":521,"caption":"Private Soma bay Quad Bike Tour"},{"@type":"BreadcrumbList","@id":"https:\/\/hurghadalovers.com\/tr\/tours\/sahl-hasheesh-private-quad-bike-tour\/#breadcrumb","itemListElement":[{"@type":"ListItem","position":1,"name":"Home","item":"https:\/\/hurghadalovers.com\/tr\/"},{"@type":"ListItem","position":2,"name":"Shop","item":"https:\/\/hurghadalovers.com\/shop\/"},{"@type":"ListItem","position":3,"name":"Sahl Hasheesh \u00d6zel Atv Bisiklet Turu"}]},{"@type":"WebSite","@id":"https:\/\/hurghadalovers.com\/tr\/#website","url":"https:\/\/hurghadalovers.com\/tr\/","name":"Hurghada Excursions & Day Trips | Booking Best Prices Tours","description":"Hurghada Lovers - Best Tour Operator - Excursions &amp; Things to do for Family Day Trips with kids and Couples Romantic. Unique .Hidden gems","publisher":{"@id":"https:\/\/hurghadalovers.com\/tr\/#organization"},"alternateName":"Hurghada Excursions","potentialAction":[{"@type":"SearchAction","target":{"@type":"EntryPoint","urlTemplate":"https:\/\/hurghadalovers.com\/tr\/?s={search_term_string}"},"query-input":{"@type":"PropertyValueSpecification","valueRequired":true,"valueName":"search_term_string"}}],"inLanguage":"tr"},{"@type":["Organization","Place","TravelAgency"],"@id":"https:\/\/hurghadalovers.com\/tr\/#organization","name":"Hurghada Excursions","url":"https:\/\/hurghadalovers.com\/tr\/","logo":{"@id":"https:\/\/hurghadalovers.com\/tr\/tours\/sahl-hasheesh-private-quad-bike-tour\/#local-main-organization-logo"},"image":{"@id":"https:\/\/hurghadalovers.com\/tr\/tours\/sahl-hasheesh-private-quad-bike-tour\/#local-main-organization-logo"},"sameAs":["https:\/\/www.facebook.com\/Hurghadaloversegypt"],"address":{"@id":"https:\/\/hurghadalovers.com\/tr\/tours\/sahl-hasheesh-private-quad-bike-tour\/#local-main-place-address"},"telephone":["00201112596434"],"contactPoint":{"@type":"ContactPoint","telephone":"00201112596434","email":"weyouface@gmail.com"},"openingHoursSpecification":{"@type":"OpeningHoursSpecification","dayOfWeek":["Monday","Tuesday","Wednesday","Thursday","Friday","Saturday","Sunday"],"opens":"00:00","closes":"23:59"},"email":"weyouface@gmail.com","areaServed":"Luxor, Hurghada, El Gouna, Aswan, Sharm El Sheikh, Giza, Alexandria, Marsa Alam, Quseir, Soma Bay, Sahl Hasheesh, Red Sea, Makadi Bay, Cairo","priceRange":"$","currenciesAccepted":"euro","paymentAccepted":"cash on site"},{"@type":"PostalAddress","@id":"https:\/\/hurghadalovers.com\/tr\/tours\/sahl-hasheesh-private-quad-bike-tour\/#local-main-place-address","streetAddress":"17 Banks street, Alkawther area, top nbk bank","addressLocality":"hurghada","postalCode":"84511","addressRegion":"red sea","addressCountry":"EG"},{"@type":"ImageObject","inLanguage":"tr","@id":"https:\/\/hurghadalovers.com\/tr\/tours\/sahl-hasheesh-private-quad-bike-tour\/#local-main-organization-logo","url":"https:\/\/hurghadalovers.com\/wp-content\/uploads\/2019\/10\/hurghada-excursions-logo.png","contentUrl":"https:\/\/hurghadalovers.com\/wp-content\/uploads\/2019\/10\/hurghada-excursions-logo.png","width":272,"height":90,"caption":"Hurghada Excursions"}]},"product_brand":"Sahl Hasheesh Safari Turlar\u0131","product_price_amount":"40","product_price_currency":"EUR","og_availability":"instock","product_availability":"instock","product_retailer_item_id":"SahlSafari062024","product_condition":"new","geo.placename":"hurghada","geo.region":"M\u0131s\u0131r"},"_links":{"self":[{"href":"https:\/\/hurghadalovers.com\/tr\/wp-json\/wp\/v2\/product\/392290","targetHints":{"allow":["GET"]}}],"collection":[{"href":"https:\/\/hurghadalovers.com\/tr\/wp-json\/wp\/v2\/product"}],"about":[{"href":"https:\/\/hurghadalovers.com\/tr\/wp-json\/wp\/v2\/types\/product"}],"wp:featuredmedia":[{"embeddable":true,"href":"https:\/\/hurghadalovers.com\/tr\/wp-json\/wp\/v2\/media\/935396"}],"wp:attachment":[{"href":"https:\/\/hurghadalovers.com\/tr\/wp-json\/wp\/v2\/media?parent=392290"}],"wp:term":[{"taxonomy":"product_brand","embeddable":true,"href":"https:\/\/hurghadalovers.com\/tr\/wp-json\/wp\/v2\/product_brand?post=392290"},{"taxonomy":"product_cat","embeddable":true,"href":"https:\/\/hurghadalovers.com\/tr\/wp-json\/wp\/v2\/product_cat?post=392290"},{"taxonomy":"product_tag","embeddable":true,"href":"https:\/\/hurghadalovers.com\/tr\/wp-json\/wp\/v2\/product_tag?post=392290"}],"curies":[{"name":"wp","href":"https:\/\/api.w.org\/{rel}","templated":true}]}}