{"id":392126,"date":"2023-09-01T20:27:06","date_gmt":"2023-09-01T20:31:21","guid":{"rendered":"https:\/\/hurghadalovers.com\/shop\/kategorilenmemis\/sahl-hasheeshten-ucuz-atv-bisiklet-turlari-2-saat\/"},"modified":"2026-02-07T18:04:28","modified_gmt":"2026-02-07T18:04:28","slug":"sahl-hasheeshten-ucuz-dortlu-bisiklet-turlari-2-saat","status":"publish","type":"product","link":"https:\/\/hurghadalovers.com\/tr\/tours\/sahl-hasheeshten-ucuz-dortlu-bisiklet-turlari-2-saat\/","title":{"rendered":"Sahl Hasheesh&#8217;ten Ucuz Atv Bisiklet Turlar\u0131 &#8211; 2 saat"},"content":{"rendered":"<p><strong>Sahl Hasheesh<\/strong> &#8216;<strong>ten <\/strong> Transferli <strong>Ucuz Quad Bisiklet Turlar\u0131 <\/strong> | 2 saat Sabah 4WD, ATV veya Quad Bisiklet Safari \u00d6\u011fleden Sonra \u00c7\u00f6lde Off-Road.<\/p>\n<p style=\"text-align: center;\"><span style=\"color: #993300;\"><strong>Romantik<\/strong> ve <strong>\u00c7iftler <\/strong>i\u00e7in Sahl Hasheesh&#8217;te Yap\u0131lacak En \u0130yi \u015eeyler <strong>Balay\u0131 | <\/strong> <strong>\u00c7ocuklarla<\/strong> \u00c7\u00f6l <strong>Safarileri<\/strong> &amp; <strong>Aile Dostu<\/strong> &amp; Ya\u015fl\u0131lar.<\/span><\/p>\n<p>&nbsp;<\/p>\n<p><strong>\u00d6nemli noktalar:<\/strong><\/p>\n<ol>\n<li>\u00c7\u00f6lde 60 dakikal\u0131k Quad Biking s\u00fcr\u00fc\u015f\u00fc.<\/li>\n<\/ol>\n<p><strong>Ucuz Atv Bisiklet Turlar\u0131 i\u00e7inde <\/strong><strong>Sahl Hasheesh<\/strong> <strong>Detaylar:<\/strong><\/p>\n<ul>\n<li>Tur M\u00fcsaitlik Durumu: Her g\u00fcn.<\/li>\n<li>Tur T\u00fcr\u00fc: Grup veya \u00d6zel.<\/li>\n<li>Teslim Alma Saati: Sabah 08:00&#8217;den itibaren &#8220;Saatinizi se\u00e7in&#8221;.<\/li>\n<li>Kalk\u0131\u015f Saati: 19:00&#8217;dan itibaren.<\/li>\n<li>S\u00fcre: 2 saat.<\/li>\n<\/ul>\n<p><strong>\u015eimdi Rezerve Et Sonra \u00d6de:<\/strong><\/p>\n<ul>\n<li>Rehber i\u00e7in nakit.<\/li>\n<li>M\u0131s\u0131r poundu, $, \u20ac veya \u00a3 ile \u00f6deme.<\/li>\n<\/ul>\n<p><strong>\u0130ptal Politikas\u0131:<\/strong><\/p>\n<ul>\n<li>24 saat \u00f6ncesine kadar iptal edebilirsiniz.<\/li>\n<li>Ailenizden herhangi biri Sabah\u0131 \u0130ptal Etti\u011finde, Maliyetin %50&#8217;sini \u00d6deyin.<\/li>\n<\/ul>\n<p><strong>Neler Dahil?<\/strong><\/p>\n<ul>\n<li>Sahl Hasheesh Otellerinden transfer &#8220;Otelden alma ve b\u0131rakma&#8221;.<\/li>\n<li>T\u00fcm Vergiler, Giri\u015f \u00dccretleri ve Ta\u015f\u0131ma \u00dccretleri.<\/li>\n<li>Transferler.<\/li>\n<li>Tur rehberi.<\/li>\n<li>Kask.<\/li>\n<\/ul>\n<p><strong>\u0130stisnalar?<\/strong><\/p>\n<ul>\n<li>E\u015farp<\/li>\n<li>Koruyucu g\u00f6zl\u00fckler<\/li>\n<li>Bah\u015fi\u015f.<\/li>\n<li>Yolculuk i\u00e7in foto\u011fraf\u00e7\u0131l\u0131k.<\/li>\n<li>Bahsedilmeyen ekstralar.<\/li>\n<\/ul>\n<p><strong>Fiyatlar:<\/strong><\/p>\n<ul>\n<li><strong>Yeti\u015fkin Fiyat\u0131 = Ki\u015fi Ba\u015f\u0131 25$ \/ 1 saat<\/strong>.<\/li>\n<li>\u00c7ocuklar i\u00e7in fiyat &#8220;5-12\u2033= %50.<\/li>\n<li>\u00c7ocuklar i\u00e7in &#8220;0-5\u2033= \u00dccretsiz.<\/li>\n<\/ul>\n<p><strong>Yorumlar:<\/strong><\/p>\n<p>Hurghada M\u0131s\u0131r&#8217;da \u00e7evrimi\u00e7i olarak <a href=\"https:\/\/hurghadalovers.com\/\">Hurghada<\/a> &#8216;daki En \u0130yi <a href=\"https:\/\/g.page\/r\/CUeYvkngP3wkEBM\/review\">Tur Operat\u00f6r\u00fc<\/a> olarak Google Harita \u0130ncelemelerimizi kontrol edin.<\/p>\n<p><strong>Rezervasyon:<\/strong><\/p>\n<p>Otel + Oda Numaras\u0131 + Foto\u011frafl\u0131 pasaportlar\u0131 WhatsApp&#8217;a g\u00f6nderin: <strong>+201112596434<\/strong><\/p>\n<p>M\u0131s\u0131r d\u0131\u015f\u0131ndaysan\u0131z \u015fimdi \u00e7evrimi\u00e7i rezervasyon yap\u0131n ve otele vard\u0131\u011f\u0131n\u0131zda onaylay\u0131n.<\/p>\n<p>&nbsp;<\/p>\n<p>&nbsp;<\/p>\n","protected":false},"excerpt":{"rendered":"<p><strong>Sahl Hasheesh<\/strong> &#8216;<strong>ten <\/strong> Transferli <strong>Ucuz Quad Bisiklet Turlar\u0131 <\/strong> | 2 saat Sabah 4WD, ATV veya Quad Bisiklet Safari \u00d6\u011fleden Sonra \u00c7\u00f6lde Off-Road.<\/p>\n<p style=\"text-align: center;\"><span style=\"color: #993300;\"><strong>Romantik<\/strong> ve <strong>\u00c7iftler<\/strong> \u0130\u00e7in <strong>Balay\u0131nda<\/strong> Sahl Hasheesh&#8217;te Yap\u0131lacak En \u0130yi \u015eeyler<\/span><\/p>\n","protected":false},"featured_media":391971,"template":"","meta":{"_joinchat":[]},"product_brand":[],"product_cat":[36664],"product_tag":[49678,49680,49675,49677,49686,52894,52918,49676,52903,52915,52914,52917,52916,52862],"class_list":{"0":"post-392126","1":"product","2":"type-product","3":"status-publish","4":"has-post-thumbnail","6":"product_cat-turlar","7":"product_tag-atv-bisikleti-sahl-hasheesh","8":"product_tag-atv-sahl-hasheesh-tr","9":"product_tag-col-safari-sahl-hasheesh","10":"product_tag-safari-sahara-sahl-hasheesh-tr","11":"product_tag-safari-turu-sahl-hasheesh","12":"product_tag-sahl-hasheesh-aileler-icin-ucuz-geziler","13":"product_tag-sahl-hasheesh-bolgesinde-romantik-aktiviteler","14":"product_tag-sahl-hasheesh-buggy-safari-tr","15":"product_tag-sahl-hasheesh-gunubirlik-geziler","16":"product_tag-sahl-hasheesh-gunubirlik-turlar","17":"product_tag-sahl-hasheesh-ne-yapmali","18":"product_tag-sahl-hasheesh-romantik-turlar","19":"product_tag-sahl-hasheeshte-gorulecek-yerler","20":"product_tag-sahl-hasheeshten-ailecek-yapilacak-seyler","21":"tour_category-sahl-hasheeshten-atv-turu","22":"tour_category-sahl-hasheesh-gezileri","24":"first","25":"instock","26":"sale","27":"shipping-taxable","28":"purchasable","29":"product-type-tour"},"yoast_head":"<!-- This site is optimized with the Yoast SEO Premium plugin v26.9 (Yoast SEO v27.2) - https:\/\/yoast.com\/product\/yoast-seo-premium-wordpress\/ -->\n<title>Sahl Hasheesh&#039;ten Ucuz Atv Bisiklet Turlar\u0131 - 2 saat<\/title>\n<meta name=\"description\" content=\"Sahl Hasheesh&#039;ten Transferli Ucuz Quad Bisiklet Turlar\u0131 | 2 saat Sabah 4WD, ATV veya Quad Bisiklet Safari \u00d6\u011fleden Sonra \u00c7\u00f6lde Off-Road. Yap\u0131lacak En \u0130yi \u015eeyler\" \/>\n<meta name=\"robots\" content=\"index, follow, max-snippet:-1, max-image-preview:large, max-video-preview:-1\" \/>\n<link rel=\"canonical\" href=\"https:\/\/hurghadalovers.com\/tr\/tours\/sahl-hasheeshten-ucuz-dortlu-bisiklet-turlari-2-saat\/\" \/>\n<meta property=\"og:locale\" content=\"tr_TR\" \/>\n<meta property=\"og:type\" content=\"article\" \/>\n<meta property=\"og:title\" content=\"Sahl Hasheesh&#039;ten Ucuz Atv Bisiklet Turlar\u0131 - 2 saat\" \/>\n<meta property=\"og:description\" content=\"Sahl Hasheesh&#039;ten Transferli Ucuz Quad Bisiklet Turlar\u0131 | 2 saat Sabah 4WD, ATV veya Quad Bisiklet Safari \u00d6\u011fleden Sonra \u00c7\u00f6lde Off-Road. Yap\u0131lacak En \u0130yi \u015eeyler\" \/>\n<meta property=\"og:url\" content=\"https:\/\/hurghadalovers.com\/tr\/tours\/sahl-hasheeshten-ucuz-dortlu-bisiklet-turlari-2-saat\/\" \/>\n<meta property=\"og:site_name\" content=\"Hurghada Excursions &amp; Day Trips | Booking Best Prices Tours\" \/>\n<meta property=\"article:publisher\" content=\"https:\/\/www.facebook.com\/Hurghadaloversegypt\" \/>\n<meta property=\"article:modified_time\" content=\"2026-02-07T18:04:28+00:00\" \/>\n<meta property=\"og:image\" content=\"https:\/\/hurghadalovers.com\/wp-content\/uploads\/2023\/09\/Cheap-Quad-Biking-Tours-from-Sahl-Hasheesh.jpeg\" \/>\n\t<meta property=\"og:image:width\" content=\"899\" \/>\n\t<meta property=\"og:image:height\" content=\"1599\" \/>\n\t<meta property=\"og:image:type\" content=\"image\/jpeg\" \/>\n<meta name=\"twitter:card\" content=\"summary_large_image\" \/>\n<meta name=\"twitter:label1\" content=\"Fiyat\" \/>\n\t<meta name=\"twitter:data1\" content=\"&euro;&nbsp;25\" \/>\n\t<meta name=\"twitter:label2\" content=\"Durumu\" \/>\n\t<meta name=\"twitter:data2\" content=\"Stokta var\" \/>\n<script type=\"application\/ld+json\" class=\"yoast-schema-graph\">{\"@context\":\"https:\/\/schema.org\",\"@graph\":[{\"@type\":[\"WebPage\",\"ItemPage\"],\"@id\":\"https:\/\/hurghadalovers.com\/tr\/tours\/sahl-hasheeshten-ucuz-dortlu-bisiklet-turlari-2-saat\/\",\"url\":\"https:\/\/hurghadalovers.com\/tr\/tours\/sahl-hasheeshten-ucuz-dortlu-bisiklet-turlari-2-saat\/\",\"name\":\"Sahl Hasheesh'ten Ucuz Atv Bisiklet Turlar\u0131 - 2 saat\",\"isPartOf\":{\"@id\":\"https:\/\/hurghadalovers.com\/tr\/#website\"},\"primaryImageOfPage\":{\"@id\":\"https:\/\/hurghadalovers.com\/tr\/tours\/sahl-hasheeshten-ucuz-dortlu-bisiklet-turlari-2-saat\/#primaryimage\"},\"image\":{\"@id\":\"https:\/\/hurghadalovers.com\/tr\/tours\/sahl-hasheeshten-ucuz-dortlu-bisiklet-turlari-2-saat\/#primaryimage\"},\"thumbnailUrl\":\"https:\/\/hurghadalovers.com\/wp-content\/uploads\/2023\/09\/Cheap-Quad-Biking-Tours-from-Sahl-Hasheesh.jpeg\",\"datePublished\":\"2023-09-01T20:31:21+00:00\",\"dateModified\":\"2026-02-07T18:04:28+00:00\",\"description\":\"Sahl Hasheesh'ten Transferli Ucuz Quad Bisiklet Turlar\u0131 | 2 saat Sabah 4WD, ATV veya Quad Bisiklet Safari \u00d6\u011fleden Sonra \u00c7\u00f6lde Off-Road. Yap\u0131lacak En \u0130yi \u015eeyler\",\"breadcrumb\":{\"@id\":\"https:\/\/hurghadalovers.com\/tr\/tours\/sahl-hasheeshten-ucuz-dortlu-bisiklet-turlari-2-saat\/#breadcrumb\"},\"inLanguage\":\"tr\",\"potentialAction\":[{\"@type\":\"ReadAction\",\"target\":[\"https:\/\/hurghadalovers.com\/tr\/tours\/sahl-hasheeshten-ucuz-dortlu-bisiklet-turlari-2-saat\/\"]}]},{\"@type\":\"ImageObject\",\"inLanguage\":\"tr\",\"@id\":\"https:\/\/hurghadalovers.com\/tr\/tours\/sahl-hasheeshten-ucuz-dortlu-bisiklet-turlari-2-saat\/#primaryimage\",\"url\":\"https:\/\/hurghadalovers.com\/wp-content\/uploads\/2023\/09\/Cheap-Quad-Biking-Tours-from-Sahl-Hasheesh.jpeg\",\"contentUrl\":\"https:\/\/hurghadalovers.com\/wp-content\/uploads\/2023\/09\/Cheap-Quad-Biking-Tours-from-Sahl-Hasheesh.jpeg\",\"width\":899,\"height\":1599,\"caption\":\"Sahl Hasheesh noktas\u0131ndan ucuz Quad Biking Turlar\u0131\"},{\"@type\":\"BreadcrumbList\",\"@id\":\"https:\/\/hurghadalovers.com\/tr\/tours\/sahl-hasheeshten-ucuz-dortlu-bisiklet-turlari-2-saat\/#breadcrumb\",\"itemListElement\":[{\"@type\":\"ListItem\",\"position\":1,\"name\":\"Home\",\"item\":\"https:\/\/hurghadalovers.com\/tr\/\"},{\"@type\":\"ListItem\",\"position\":2,\"name\":\"Shop\",\"item\":\"https:\/\/hurghadalovers.com\/shop\/\"},{\"@type\":\"ListItem\",\"position\":3,\"name\":\"Sahl Hasheesh&#8217;ten Ucuz Atv Bisiklet Turlar\u0131 &#8211; 2 saat\"}]},{\"@type\":\"WebSite\",\"@id\":\"https:\/\/hurghadalovers.com\/tr\/#website\",\"url\":\"https:\/\/hurghadalovers.com\/tr\/\",\"name\":\"Hurghada Excursions & Day Trips | Booking Best Prices Tours\",\"description\":\"Hurghada Lovers - Best Tour Operator - Excursions &amp; Things to do for Family Day Trips with kids and Couples Romantic. Unique .Hidden gems\",\"publisher\":{\"@id\":\"https:\/\/hurghadalovers.com\/tr\/#organization\"},\"alternateName\":\"Hurghada Excursions\",\"potentialAction\":[{\"@type\":\"SearchAction\",\"target\":{\"@type\":\"EntryPoint\",\"urlTemplate\":\"https:\/\/hurghadalovers.com\/tr\/?s={search_term_string}\"},\"query-input\":{\"@type\":\"PropertyValueSpecification\",\"valueRequired\":true,\"valueName\":\"search_term_string\"}}],\"inLanguage\":\"tr\"},{\"@type\":[\"Organization\",\"Place\",\"TravelAgency\"],\"@id\":\"https:\/\/hurghadalovers.com\/tr\/#organization\",\"name\":\"Hurghada Excursions\",\"url\":\"https:\/\/hurghadalovers.com\/tr\/\",\"logo\":{\"@id\":\"https:\/\/hurghadalovers.com\/tr\/tours\/sahl-hasheeshten-ucuz-dortlu-bisiklet-turlari-2-saat\/#local-main-organization-logo\"},\"image\":{\"@id\":\"https:\/\/hurghadalovers.com\/tr\/tours\/sahl-hasheeshten-ucuz-dortlu-bisiklet-turlari-2-saat\/#local-main-organization-logo\"},\"sameAs\":[\"https:\/\/www.facebook.com\/Hurghadaloversegypt\"],\"address\":{\"@id\":\"https:\/\/hurghadalovers.com\/tr\/tours\/sahl-hasheeshten-ucuz-dortlu-bisiklet-turlari-2-saat\/#local-main-place-address\"},\"telephone\":[\"00201112596434\"],\"contactPoint\":{\"@type\":\"ContactPoint\",\"telephone\":\"00201112596434\",\"email\":\"weyouface@gmail.com\"},\"openingHoursSpecification\":{\"@type\":\"OpeningHoursSpecification\",\"dayOfWeek\":[\"Monday\",\"Tuesday\",\"Wednesday\",\"Thursday\",\"Friday\",\"Saturday\",\"Sunday\"],\"opens\":\"00:00\",\"closes\":\"23:59\"},\"email\":\"weyouface@gmail.com\",\"areaServed\":\"Luxor, Hurghada, El Gouna, Aswan, Sharm El Sheikh, Giza, Alexandria, Marsa Alam, Quseir, Soma Bay, Sahl Hasheesh, Red Sea, Makadi Bay, Cairo\",\"priceRange\":\"$\",\"currenciesAccepted\":\"euro\",\"paymentAccepted\":\"cash on site\"},{\"@type\":\"PostalAddress\",\"@id\":\"https:\/\/hurghadalovers.com\/tr\/tours\/sahl-hasheeshten-ucuz-dortlu-bisiklet-turlari-2-saat\/#local-main-place-address\",\"streetAddress\":\"17 Banks street, Alkawther area, top nbk bank\",\"addressLocality\":\"hurghada\",\"postalCode\":\"84511\",\"addressRegion\":\"red sea\",\"addressCountry\":\"EG\"},{\"@type\":\"ImageObject\",\"inLanguage\":\"tr\",\"@id\":\"https:\/\/hurghadalovers.com\/tr\/tours\/sahl-hasheeshten-ucuz-dortlu-bisiklet-turlari-2-saat\/#local-main-organization-logo\",\"url\":\"https:\/\/hurghadalovers.com\/wp-content\/uploads\/2019\/10\/hurghada-excursions-logo.png\",\"contentUrl\":\"https:\/\/hurghadalovers.com\/wp-content\/uploads\/2019\/10\/hurghada-excursions-logo.png\",\"width\":272,\"height\":90,\"caption\":\"Hurghada Excursions\"}]}<\/script>\n<meta property=\"product:brand\" content=\"Sahl Hasheesh Safari Turlar\u0131\" \/>\n<meta property=\"product:price:amount\" content=\"25\" \/>\n<meta property=\"product:price:currency\" content=\"EUR\" \/>\n<meta property=\"og:availability\" content=\"instock\" \/>\n<meta property=\"product:availability\" content=\"instock\" \/>\n<meta property=\"product:retailer_item_id\" content=\"SahlSafari012024\" \/>\n<meta property=\"product:condition\" content=\"new\" \/>\n<meta name=\"geo.placename\" content=\"hurghada\" \/>\n<meta name=\"geo.region\" content=\"M\u0131s\u0131r\" \/>\n<!-- \/ Yoast SEO Premium plugin. -->","yoast_head_json":{"title":"Sahl Hasheesh'ten Ucuz Atv Bisiklet Turlar\u0131 - 2 saat","description":"Sahl Hasheesh'ten Transferli Ucuz Quad Bisiklet Turlar\u0131 | 2 saat Sabah 4WD, ATV veya Quad Bisiklet Safari \u00d6\u011fleden Sonra \u00c7\u00f6lde Off-Road. Yap\u0131lacak En \u0130yi \u015eeyler","robots":{"index":"index","follow":"follow","max-snippet":"max-snippet:-1","max-image-preview":"max-image-preview:large","max-video-preview":"max-video-preview:-1"},"canonical":"https:\/\/hurghadalovers.com\/tr\/tours\/sahl-hasheeshten-ucuz-dortlu-bisiklet-turlari-2-saat\/","og_locale":"tr_TR","og_type":"article","og_title":"Sahl Hasheesh'ten Ucuz Atv Bisiklet Turlar\u0131 - 2 saat","og_description":"Sahl Hasheesh'ten Transferli Ucuz Quad Bisiklet Turlar\u0131 | 2 saat Sabah 4WD, ATV veya Quad Bisiklet Safari \u00d6\u011fleden Sonra \u00c7\u00f6lde Off-Road. Yap\u0131lacak En \u0130yi \u015eeyler","og_url":"https:\/\/hurghadalovers.com\/tr\/tours\/sahl-hasheeshten-ucuz-dortlu-bisiklet-turlari-2-saat\/","og_site_name":"Hurghada Excursions &amp; Day Trips | Booking Best Prices Tours","article_publisher":"https:\/\/www.facebook.com\/Hurghadaloversegypt","article_modified_time":"2026-02-07T18:04:28+00:00","og_image":[{"width":899,"height":1599,"url":"https:\/\/hurghadalovers.com\/wp-content\/uploads\/2023\/09\/Cheap-Quad-Biking-Tours-from-Sahl-Hasheesh.jpeg","type":"image\/jpeg"}],"twitter_card":"summary_large_image","twitter_misc":{"Fiyat":"&euro;&nbsp;25","Durumu":"Stokta var"},"schema":{"@context":"https:\/\/schema.org","@graph":[{"@type":["WebPage","ItemPage"],"@id":"https:\/\/hurghadalovers.com\/tr\/tours\/sahl-hasheeshten-ucuz-dortlu-bisiklet-turlari-2-saat\/","url":"https:\/\/hurghadalovers.com\/tr\/tours\/sahl-hasheeshten-ucuz-dortlu-bisiklet-turlari-2-saat\/","name":"Sahl Hasheesh'ten Ucuz Atv Bisiklet Turlar\u0131 - 2 saat","isPartOf":{"@id":"https:\/\/hurghadalovers.com\/tr\/#website"},"primaryImageOfPage":{"@id":"https:\/\/hurghadalovers.com\/tr\/tours\/sahl-hasheeshten-ucuz-dortlu-bisiklet-turlari-2-saat\/#primaryimage"},"image":{"@id":"https:\/\/hurghadalovers.com\/tr\/tours\/sahl-hasheeshten-ucuz-dortlu-bisiklet-turlari-2-saat\/#primaryimage"},"thumbnailUrl":"https:\/\/hurghadalovers.com\/wp-content\/uploads\/2023\/09\/Cheap-Quad-Biking-Tours-from-Sahl-Hasheesh.jpeg","datePublished":"2023-09-01T20:31:21+00:00","dateModified":"2026-02-07T18:04:28+00:00","description":"Sahl Hasheesh'ten Transferli Ucuz Quad Bisiklet Turlar\u0131 | 2 saat Sabah 4WD, ATV veya Quad Bisiklet Safari \u00d6\u011fleden Sonra \u00c7\u00f6lde Off-Road. Yap\u0131lacak En \u0130yi \u015eeyler","breadcrumb":{"@id":"https:\/\/hurghadalovers.com\/tr\/tours\/sahl-hasheeshten-ucuz-dortlu-bisiklet-turlari-2-saat\/#breadcrumb"},"inLanguage":"tr","potentialAction":[{"@type":"ReadAction","target":["https:\/\/hurghadalovers.com\/tr\/tours\/sahl-hasheeshten-ucuz-dortlu-bisiklet-turlari-2-saat\/"]}]},{"@type":"ImageObject","inLanguage":"tr","@id":"https:\/\/hurghadalovers.com\/tr\/tours\/sahl-hasheeshten-ucuz-dortlu-bisiklet-turlari-2-saat\/#primaryimage","url":"https:\/\/hurghadalovers.com\/wp-content\/uploads\/2023\/09\/Cheap-Quad-Biking-Tours-from-Sahl-Hasheesh.jpeg","contentUrl":"https:\/\/hurghadalovers.com\/wp-content\/uploads\/2023\/09\/Cheap-Quad-Biking-Tours-from-Sahl-Hasheesh.jpeg","width":899,"height":1599,"caption":"Sahl Hasheesh noktas\u0131ndan ucuz Quad Biking Turlar\u0131"},{"@type":"BreadcrumbList","@id":"https:\/\/hurghadalovers.com\/tr\/tours\/sahl-hasheeshten-ucuz-dortlu-bisiklet-turlari-2-saat\/#breadcrumb","itemListElement":[{"@type":"ListItem","position":1,"name":"Home","item":"https:\/\/hurghadalovers.com\/tr\/"},{"@type":"ListItem","position":2,"name":"Shop","item":"https:\/\/hurghadalovers.com\/shop\/"},{"@type":"ListItem","position":3,"name":"Sahl Hasheesh&#8217;ten Ucuz Atv Bisiklet Turlar\u0131 &#8211; 2 saat"}]},{"@type":"WebSite","@id":"https:\/\/hurghadalovers.com\/tr\/#website","url":"https:\/\/hurghadalovers.com\/tr\/","name":"Hurghada Excursions & Day Trips | Booking Best Prices Tours","description":"Hurghada Lovers - Best Tour Operator - Excursions &amp; Things to do for Family Day Trips with kids and Couples Romantic. Unique .Hidden gems","publisher":{"@id":"https:\/\/hurghadalovers.com\/tr\/#organization"},"alternateName":"Hurghada Excursions","potentialAction":[{"@type":"SearchAction","target":{"@type":"EntryPoint","urlTemplate":"https:\/\/hurghadalovers.com\/tr\/?s={search_term_string}"},"query-input":{"@type":"PropertyValueSpecification","valueRequired":true,"valueName":"search_term_string"}}],"inLanguage":"tr"},{"@type":["Organization","Place","TravelAgency"],"@id":"https:\/\/hurghadalovers.com\/tr\/#organization","name":"Hurghada Excursions","url":"https:\/\/hurghadalovers.com\/tr\/","logo":{"@id":"https:\/\/hurghadalovers.com\/tr\/tours\/sahl-hasheeshten-ucuz-dortlu-bisiklet-turlari-2-saat\/#local-main-organization-logo"},"image":{"@id":"https:\/\/hurghadalovers.com\/tr\/tours\/sahl-hasheeshten-ucuz-dortlu-bisiklet-turlari-2-saat\/#local-main-organization-logo"},"sameAs":["https:\/\/www.facebook.com\/Hurghadaloversegypt"],"address":{"@id":"https:\/\/hurghadalovers.com\/tr\/tours\/sahl-hasheeshten-ucuz-dortlu-bisiklet-turlari-2-saat\/#local-main-place-address"},"telephone":["00201112596434"],"contactPoint":{"@type":"ContactPoint","telephone":"00201112596434","email":"weyouface@gmail.com"},"openingHoursSpecification":{"@type":"OpeningHoursSpecification","dayOfWeek":["Monday","Tuesday","Wednesday","Thursday","Friday","Saturday","Sunday"],"opens":"00:00","closes":"23:59"},"email":"weyouface@gmail.com","areaServed":"Luxor, Hurghada, El Gouna, Aswan, Sharm El Sheikh, Giza, Alexandria, Marsa Alam, Quseir, Soma Bay, Sahl Hasheesh, Red Sea, Makadi Bay, Cairo","priceRange":"$","currenciesAccepted":"euro","paymentAccepted":"cash on site"},{"@type":"PostalAddress","@id":"https:\/\/hurghadalovers.com\/tr\/tours\/sahl-hasheeshten-ucuz-dortlu-bisiklet-turlari-2-saat\/#local-main-place-address","streetAddress":"17 Banks street, Alkawther area, top nbk bank","addressLocality":"hurghada","postalCode":"84511","addressRegion":"red sea","addressCountry":"EG"},{"@type":"ImageObject","inLanguage":"tr","@id":"https:\/\/hurghadalovers.com\/tr\/tours\/sahl-hasheeshten-ucuz-dortlu-bisiklet-turlari-2-saat\/#local-main-organization-logo","url":"https:\/\/hurghadalovers.com\/wp-content\/uploads\/2019\/10\/hurghada-excursions-logo.png","contentUrl":"https:\/\/hurghadalovers.com\/wp-content\/uploads\/2019\/10\/hurghada-excursions-logo.png","width":272,"height":90,"caption":"Hurghada Excursions"}]},"product_brand":"Sahl Hasheesh Safari Turlar\u0131","product_price_amount":"25","product_price_currency":"EUR","og_availability":"instock","product_availability":"instock","product_retailer_item_id":"SahlSafari012024","product_condition":"new","geo.placename":"hurghada","geo.region":"M\u0131s\u0131r"},"_links":{"self":[{"href":"https:\/\/hurghadalovers.com\/tr\/wp-json\/wp\/v2\/product\/392126","targetHints":{"allow":["GET"]}}],"collection":[{"href":"https:\/\/hurghadalovers.com\/tr\/wp-json\/wp\/v2\/product"}],"about":[{"href":"https:\/\/hurghadalovers.com\/tr\/wp-json\/wp\/v2\/types\/product"}],"wp:featuredmedia":[{"embeddable":true,"href":"https:\/\/hurghadalovers.com\/tr\/wp-json\/wp\/v2\/media\/391971"}],"wp:attachment":[{"href":"https:\/\/hurghadalovers.com\/tr\/wp-json\/wp\/v2\/media?parent=392126"}],"wp:term":[{"taxonomy":"product_brand","embeddable":true,"href":"https:\/\/hurghadalovers.com\/tr\/wp-json\/wp\/v2\/product_brand?post=392126"},{"taxonomy":"product_cat","embeddable":true,"href":"https:\/\/hurghadalovers.com\/tr\/wp-json\/wp\/v2\/product_cat?post=392126"},{"taxonomy":"product_tag","embeddable":true,"href":"https:\/\/hurghadalovers.com\/tr\/wp-json\/wp\/v2\/product_tag?post=392126"}],"curies":[{"name":"wp","href":"https:\/\/api.w.org\/{rel}","templated":true}]}}