{"id":391382,"date":"2023-08-31T18:17:15","date_gmt":"2023-08-31T18:18:35","guid":{"rendered":"https:\/\/hurghadalovers.com\/shop\/kategorilenmemis\/orange-bay-adasina-sahl-hasheesh-surat-teknesi-kiralama\/"},"modified":"2026-02-08T00:15:30","modified_gmt":"2026-02-08T00:15:30","slug":"sahl-hasheesh-speedboat-rental-to-orange-bay-island","status":"publish","type":"product","link":"https:\/\/hurghadalovers.com\/tr\/tours\/sahl-hasheesh-speedboat-rental-to-orange-bay-island\/","title":{"rendered":"Orange Bay Adas\u0131&#8217;na Sahl Hasheesh S\u00fcrat Teknesi Kiralama"},"content":{"rendered":"<p><strong>Sahl Hasheesh<\/strong> <strong>S\u00fcrat Teknesi Kiralama <\/strong>, Biletler, \u015enorkel ve Transfer ile <strong>Orange bay Adas\u0131 <\/strong>.<\/p>\n<p>Daha fazla <strong>mahremiyet<\/strong> ve <strong>l\u00fcks<\/strong> ile \u00f6zel bir g\u00fcn\u00fcn ve e\u015fsiz bir deneyimin tad\u0131n\u0131 \u00e7\u0131kar\u0131n ve aileniz ve arkada\u015flar\u0131n\u0131zla <strong>Giftun Adas\u0131<\/strong> &#8216;n\u0131n en g\u00fczel plajlar\u0131na gidin ve <strong>mercan resiflerinin<\/strong> en g\u00fczel noktalar\u0131nda y\u00fcz\u00fcn.<\/p>\n<p><strong>Orange Bay Adas\u0131<\/strong> &#8216;na sadece biletli \u00f6zel s\u00fcrat teknesi kiralama rezervasyonu sa\u011fl\u0131yoruz ve 4-5 saat boyunca plaj\u0131n tad\u0131n\u0131 \u00e7\u0131kar\u0131p geri d\u00f6n\u00fcyoruz.<\/p>\n<p>&nbsp;<\/p>\n<p><strong>\u00d6nemli noktalar:<\/strong><\/p>\n<ul>\n<li>bir Nokta \u015enorkel Ev Resifi.<\/li>\n<li>Orange Bay Island Plaj\u0131&#8217;nda 2-5 saat.<\/li>\n<\/ul>\n<p><strong>Detaylar:<\/strong><\/p>\n<ul>\n<li>Tur M\u00fcsaitlik Durumu: Her g\u00fcn.<\/li>\n<li>Tur T\u00fcr\u00fc: \u00d6zel<\/li>\n<li>Teslim Alma Saati: Sabah 07:30&#8217;dan veya 12:30&#8217;dan itibaren ba\u015flay\u0131n.<\/li>\n<li>Kalk\u0131\u015f Saati: 13:00 veya 18:00.<\/li>\n<li>Tekerlekli sandalye ile eri\u015filebilir.<\/li>\n<li>S\u00fcre: 4 saat.<\/li>\n<\/ul>\n<p><strong>\u015eimdi Rezerve Et Sonra \u00d6de:<\/strong><\/p>\n<ul>\n<li>Rehber i\u00e7in nakit.<\/li>\n<li>M\u0131s\u0131r poundu, $, \u20ac veya \u00a3 ile \u00f6deme.<\/li>\n<\/ul>\n<p><strong>\u0130ptal Politikas\u0131:<\/strong><\/p>\n<ul>\n<li>24 saat \u00f6ncesine kadar iptal edebilirsiniz.<\/li>\n<li>Ailenizden herhangi biri Sabah\u0131 \u0130ptal Etti\u011finde, Maliyetin %50&#8217;sini \u00d6deyin.<\/li>\n<\/ul>\n<p><strong>Neler Dahil?<\/strong><\/p>\n<ul>\n<li>Sahl Hasheesh Otellerinden transfer &#8220;Otelden alma ve b\u0131rakma&#8221;.<\/li>\n<li>T\u00fcm Vergiler, Giri\u015f \u00dccretleri ve Ta\u015f\u0131ma \u00dccretleri.<\/li>\n<li>Maden suyu + Kola.<\/li>\n<li>bir \u015enorkel noktas\u0131.<\/li>\n<li>\u015enorkel Ekipmanlar\u0131 &#8220;Maskeler ve Y\u00fczme Paletleri&#8221;.<\/li>\n<li><strong>Orange Bay Island<\/strong> <strong>Plaj\u0131<\/strong>&#8216;nda 2-5 saat.<\/li>\n<\/ul>\n<p><strong>\u0130stisnalar?<\/strong><\/p>\n<ul>\n<li>Bah\u015fi\u015f.<\/li>\n<li>The Orange Bay Restaurant Island&#8217;da i\u00e7kiler.<\/li>\n<li>Bahsedilmeyen ekstralar.<\/li>\n<\/ul>\n<p><strong>Fiyatlar:<\/strong><\/p>\n<ul>\n<li>Orange Bay Adas\u0131na S\u00fcrat Teknesi Kiralama, Biletler &#8220;2 ki\u015filik&#8221; ve Transfer = 220$<\/li>\n<li>Orange Bay Adas\u0131na S\u00fcrat Teknesi Kiralama, Biletler &#8220;2 ki\u015filik&#8221;, \u015enorkel ve Transfer = 270$<\/li>\n<li><strong>2 ki\u015fiye kadar Ekstra Bilet = ki\u015fi ba\u015f\u0131 5$.<\/strong><\/li>\n<\/ul>\n<p>&nbsp;<\/p>\n<p><strong>Yorumlar:<\/strong><\/p>\n<p>Hurghada M\u0131s\u0131r&#8217;da \u00e7evrimi\u00e7i olarak <a href=\"https:\/\/hurghadalovers.com\/\">Hurghada<\/a> &#8216;daki En \u0130yi <a href=\"https:\/\/g.page\/r\/CUeYvkngP3wkEBM\/review\">Tur Operat\u00f6r\u00fc<\/a> olarak Google Harita \u0130ncelemelerimizi kontrol edin.<\/p>\n<p>&nbsp;<\/p>\n<p><strong>Rezervasyon:<\/strong><\/p>\n<p>Otel + Oda Numaras\u0131 + Foto\u011frafl\u0131 pasaportlar\u0131 WhatsApp&#8217;a g\u00f6nderin: <strong>+201112596434<\/strong><\/p>\n<p>M\u0131s\u0131r d\u0131\u015f\u0131ndaysan\u0131z \u015fimdi \u00e7evrimi\u00e7i rezervasyon yap\u0131n ve otele vard\u0131\u011f\u0131n\u0131zda onaylay\u0131n.<\/p>\n<p>&nbsp;<\/p>\n<p>&nbsp;<\/p>\n","protected":false},"excerpt":{"rendered":"<p><strong>Sahl Hasheesh<\/strong> <strong>S\u00fcrat Teknesi Kiralama <\/strong>, Biletler, \u015enorkel ve Transfer ile <strong>Orange bay Adas\u0131 <\/strong>. Daha fazla <strong>mahremiyet<\/strong> ve <strong>l\u00fcks<\/strong> ile \u00f6zel bir g\u00fcn\u00fcn ve e\u015fsiz bir deneyimin tad\u0131n\u0131 \u00e7\u0131kar\u0131n<\/p>\n","protected":false},"featured_media":391195,"template":"","meta":{"_joinchat":[]},"product_brand":[],"product_cat":[36664],"product_tag":[49506],"class_list":{"0":"post-391382","1":"product","2":"type-product","3":"status-publish","4":"has-post-thumbnail","6":"product_cat-turlar","7":"product_tag-sahl-hasheesh-private-boat-trip","8":"tour_category-sahl-hasheesh-snorkel-gezileri","9":"tour_category-sahl-hasheesh-gezileri","11":"first","12":"instock","13":"sale","14":"shipping-taxable","15":"purchasable","16":"product-type-tour"},"yoast_head":"<!-- This site is optimized with the Yoast SEO Premium plugin v26.9 (Yoast SEO v27.2) - https:\/\/yoast.com\/product\/yoast-seo-premium-wordpress\/ -->\n<title>Orange Bay Adas\u0131&#039;na Sahl Hasheesh S\u00fcrat Teknesi Kiralama<\/title>\n<meta name=\"description\" content=\"Sahl Hasheesh S\u00fcrat Teknesi Kiralama, Biletler, \u015enorkel ve Transfer ile Orange bay Adas\u0131. Daha fazla mahremiyetle \u00f6zel bir g\u00fcn\u00fcn ve e\u015fsiz bir deneyimin tad\u0131n\u0131 \u00e7\u0131kar\u0131n\" \/>\n<meta name=\"robots\" content=\"index, follow, max-snippet:-1, max-image-preview:large, max-video-preview:-1\" \/>\n<link rel=\"canonical\" href=\"https:\/\/hurghadalovers.com\/tr\/tours\/sahl-hasheesh-speedboat-rental-to-orange-bay-island\/\" \/>\n<meta property=\"og:locale\" content=\"tr_TR\" \/>\n<meta property=\"og:type\" content=\"article\" \/>\n<meta property=\"og:title\" content=\"Orange Bay Adas\u0131&#039;na Sahl Hasheesh S\u00fcrat Teknesi Kiralama\" \/>\n<meta property=\"og:description\" content=\"Sahl Hasheesh S\u00fcrat Teknesi Kiralama, Biletler, \u015enorkel ve Transfer ile Orange bay Adas\u0131. Daha fazla mahremiyetle \u00f6zel bir g\u00fcn\u00fcn ve e\u015fsiz bir deneyimin tad\u0131n\u0131 \u00e7\u0131kar\u0131n\" \/>\n<meta property=\"og:url\" content=\"https:\/\/hurghadalovers.com\/tr\/tours\/sahl-hasheesh-speedboat-rental-to-orange-bay-island\/\" \/>\n<meta property=\"og:site_name\" content=\"Hurghada Excursions &amp; Day Trips | Booking Best Prices Tours\" \/>\n<meta property=\"article:publisher\" content=\"https:\/\/www.facebook.com\/Hurghadaloversegypt\" \/>\n<meta property=\"article:modified_time\" content=\"2026-02-08T00:15:30+00:00\" \/>\n<meta property=\"og:image\" content=\"https:\/\/hurghadalovers.com\/wp-content\/uploads\/2023\/08\/Sahl-Hasheesh-Speedboat-Rental-to-Orange-bay-Island.jpeg\" \/>\n\t<meta property=\"og:image:width\" content=\"1156\" \/>\n\t<meta property=\"og:image:height\" content=\"867\" \/>\n\t<meta property=\"og:image:type\" content=\"image\/jpeg\" \/>\n<meta name=\"twitter:card\" content=\"summary_large_image\" \/>\n<meta name=\"twitter:label1\" content=\"Fiyat\" \/>\n\t<meta name=\"twitter:data1\" content=\"&euro;&nbsp;220\" \/>\n\t<meta name=\"twitter:label2\" content=\"Durumu\" \/>\n\t<meta name=\"twitter:data2\" content=\"Stokta var\" \/>\n<script type=\"application\/ld+json\" class=\"yoast-schema-graph\">{\"@context\":\"https:\/\/schema.org\",\"@graph\":[{\"@type\":[\"WebPage\",\"ItemPage\"],\"@id\":\"https:\/\/hurghadalovers.com\/tr\/tours\/sahl-hasheesh-speedboat-rental-to-orange-bay-island\/\",\"url\":\"https:\/\/hurghadalovers.com\/tr\/tours\/sahl-hasheesh-speedboat-rental-to-orange-bay-island\/\",\"name\":\"Orange Bay Adas\u0131'na Sahl Hasheesh S\u00fcrat Teknesi Kiralama\",\"isPartOf\":{\"@id\":\"https:\/\/hurghadalovers.com\/tr\/#website\"},\"primaryImageOfPage\":{\"@id\":\"https:\/\/hurghadalovers.com\/tr\/tours\/sahl-hasheesh-speedboat-rental-to-orange-bay-island\/#primaryimage\"},\"image\":{\"@id\":\"https:\/\/hurghadalovers.com\/tr\/tours\/sahl-hasheesh-speedboat-rental-to-orange-bay-island\/#primaryimage\"},\"thumbnailUrl\":\"https:\/\/hurghadalovers.com\/wp-content\/uploads\/2023\/08\/Sahl-Hasheesh-Speedboat-Rental-to-Orange-bay-Island.jpeg\",\"datePublished\":\"2023-08-31T18:18:35+00:00\",\"dateModified\":\"2026-02-08T00:15:30+00:00\",\"description\":\"Sahl Hasheesh S\u00fcrat Teknesi Kiralama, Biletler, \u015enorkel ve Transfer ile Orange bay Adas\u0131. Daha fazla mahremiyetle \u00f6zel bir g\u00fcn\u00fcn ve e\u015fsiz bir deneyimin tad\u0131n\u0131 \u00e7\u0131kar\u0131n\",\"breadcrumb\":{\"@id\":\"https:\/\/hurghadalovers.com\/tr\/tours\/sahl-hasheesh-speedboat-rental-to-orange-bay-island\/#breadcrumb\"},\"inLanguage\":\"tr\",\"potentialAction\":[{\"@type\":\"ReadAction\",\"target\":[\"https:\/\/hurghadalovers.com\/tr\/tours\/sahl-hasheesh-speedboat-rental-to-orange-bay-island\/\"]}]},{\"@type\":\"ImageObject\",\"inLanguage\":\"tr\",\"@id\":\"https:\/\/hurghadalovers.com\/tr\/tours\/sahl-hasheesh-speedboat-rental-to-orange-bay-island\/#primaryimage\",\"url\":\"https:\/\/hurghadalovers.com\/wp-content\/uploads\/2023\/08\/Sahl-Hasheesh-Speedboat-Rental-to-Orange-bay-Island.jpeg\",\"contentUrl\":\"https:\/\/hurghadalovers.com\/wp-content\/uploads\/2023\/08\/Sahl-Hasheesh-Speedboat-Rental-to-Orange-bay-Island.jpeg\",\"width\":1156,\"height\":867,\"caption\":\"Orange Bay Adas\u0131'na Sahl Hasheesh S\u00fcrat Teknesi Kiralama\"},{\"@type\":\"BreadcrumbList\",\"@id\":\"https:\/\/hurghadalovers.com\/tr\/tours\/sahl-hasheesh-speedboat-rental-to-orange-bay-island\/#breadcrumb\",\"itemListElement\":[{\"@type\":\"ListItem\",\"position\":1,\"name\":\"Home\",\"item\":\"https:\/\/hurghadalovers.com\/tr\/\"},{\"@type\":\"ListItem\",\"position\":2,\"name\":\"Shop\",\"item\":\"https:\/\/hurghadalovers.com\/shop\/\"},{\"@type\":\"ListItem\",\"position\":3,\"name\":\"Orange Bay Adas\u0131&#8217;na Sahl Hasheesh S\u00fcrat Teknesi Kiralama\"}]},{\"@type\":\"WebSite\",\"@id\":\"https:\/\/hurghadalovers.com\/tr\/#website\",\"url\":\"https:\/\/hurghadalovers.com\/tr\/\",\"name\":\"Hurghada Excursions & Day Trips | Booking Best Prices Tours\",\"description\":\"Hurghada Lovers - Best Tour Operator - Excursions &amp; Things to do for Family Day Trips with kids and Couples Romantic. Unique .Hidden gems\",\"publisher\":{\"@id\":\"https:\/\/hurghadalovers.com\/tr\/#organization\"},\"alternateName\":\"Hurghada Excursions\",\"potentialAction\":[{\"@type\":\"SearchAction\",\"target\":{\"@type\":\"EntryPoint\",\"urlTemplate\":\"https:\/\/hurghadalovers.com\/tr\/?s={search_term_string}\"},\"query-input\":{\"@type\":\"PropertyValueSpecification\",\"valueRequired\":true,\"valueName\":\"search_term_string\"}}],\"inLanguage\":\"tr\"},{\"@type\":[\"Organization\",\"Place\",\"TravelAgency\"],\"@id\":\"https:\/\/hurghadalovers.com\/tr\/#organization\",\"name\":\"Hurghada Excursions\",\"url\":\"https:\/\/hurghadalovers.com\/tr\/\",\"logo\":{\"@id\":\"https:\/\/hurghadalovers.com\/tr\/tours\/sahl-hasheesh-speedboat-rental-to-orange-bay-island\/#local-main-organization-logo\"},\"image\":{\"@id\":\"https:\/\/hurghadalovers.com\/tr\/tours\/sahl-hasheesh-speedboat-rental-to-orange-bay-island\/#local-main-organization-logo\"},\"sameAs\":[\"https:\/\/www.facebook.com\/Hurghadaloversegypt\"],\"address\":{\"@id\":\"https:\/\/hurghadalovers.com\/tr\/tours\/sahl-hasheesh-speedboat-rental-to-orange-bay-island\/#local-main-place-address\"},\"telephone\":[\"00201112596434\"],\"contactPoint\":{\"@type\":\"ContactPoint\",\"telephone\":\"00201112596434\",\"email\":\"weyouface@gmail.com\"},\"openingHoursSpecification\":{\"@type\":\"OpeningHoursSpecification\",\"dayOfWeek\":[\"Monday\",\"Tuesday\",\"Wednesday\",\"Thursday\",\"Friday\",\"Saturday\",\"Sunday\"],\"opens\":\"00:00\",\"closes\":\"23:59\"},\"email\":\"weyouface@gmail.com\",\"areaServed\":\"Luxor, Hurghada, El Gouna, Aswan, Sharm El Sheikh, Giza, Alexandria, Marsa Alam, Quseir, Soma Bay, Sahl Hasheesh, Red Sea, Makadi Bay, Cairo\",\"priceRange\":\"$\",\"currenciesAccepted\":\"euro\",\"paymentAccepted\":\"cash on site\"},{\"@type\":\"PostalAddress\",\"@id\":\"https:\/\/hurghadalovers.com\/tr\/tours\/sahl-hasheesh-speedboat-rental-to-orange-bay-island\/#local-main-place-address\",\"streetAddress\":\"17 Banks street, Alkawther area, top nbk bank\",\"addressLocality\":\"hurghada\",\"postalCode\":\"84511\",\"addressRegion\":\"red sea\",\"addressCountry\":\"EG\"},{\"@type\":\"ImageObject\",\"inLanguage\":\"tr\",\"@id\":\"https:\/\/hurghadalovers.com\/tr\/tours\/sahl-hasheesh-speedboat-rental-to-orange-bay-island\/#local-main-organization-logo\",\"url\":\"https:\/\/hurghadalovers.com\/wp-content\/uploads\/2019\/10\/hurghada-excursions-logo.png\",\"contentUrl\":\"https:\/\/hurghadalovers.com\/wp-content\/uploads\/2019\/10\/hurghada-excursions-logo.png\",\"width\":272,\"height\":90,\"caption\":\"Hurghada Excursions\"}]}<\/script>\n<meta property=\"product:brand\" content=\"Sahl Hasheesh \u015enorkel Yat Gezisi\" \/>\n<meta property=\"product:price:amount\" content=\"220\" \/>\n<meta property=\"product:price:currency\" content=\"EUR\" \/>\n<meta property=\"og:availability\" content=\"instock\" \/>\n<meta property=\"product:availability\" content=\"instock\" \/>\n<meta property=\"product:retailer_item_id\" content=\"Sahl332024\" \/>\n<meta property=\"product:condition\" content=\"new\" \/>\n<meta name=\"geo.placename\" content=\"hurghada\" \/>\n<meta name=\"geo.region\" content=\"M\u0131s\u0131r\" \/>\n<!-- \/ Yoast SEO Premium plugin. -->","yoast_head_json":{"title":"Orange Bay Adas\u0131'na Sahl Hasheesh S\u00fcrat Teknesi Kiralama","description":"Sahl Hasheesh S\u00fcrat Teknesi Kiralama, Biletler, \u015enorkel ve Transfer ile Orange bay Adas\u0131. Daha fazla mahremiyetle \u00f6zel bir g\u00fcn\u00fcn ve e\u015fsiz bir deneyimin tad\u0131n\u0131 \u00e7\u0131kar\u0131n","robots":{"index":"index","follow":"follow","max-snippet":"max-snippet:-1","max-image-preview":"max-image-preview:large","max-video-preview":"max-video-preview:-1"},"canonical":"https:\/\/hurghadalovers.com\/tr\/tours\/sahl-hasheesh-speedboat-rental-to-orange-bay-island\/","og_locale":"tr_TR","og_type":"article","og_title":"Orange Bay Adas\u0131'na Sahl Hasheesh S\u00fcrat Teknesi Kiralama","og_description":"Sahl Hasheesh S\u00fcrat Teknesi Kiralama, Biletler, \u015enorkel ve Transfer ile Orange bay Adas\u0131. Daha fazla mahremiyetle \u00f6zel bir g\u00fcn\u00fcn ve e\u015fsiz bir deneyimin tad\u0131n\u0131 \u00e7\u0131kar\u0131n","og_url":"https:\/\/hurghadalovers.com\/tr\/tours\/sahl-hasheesh-speedboat-rental-to-orange-bay-island\/","og_site_name":"Hurghada Excursions &amp; Day Trips | Booking Best Prices Tours","article_publisher":"https:\/\/www.facebook.com\/Hurghadaloversegypt","article_modified_time":"2026-02-08T00:15:30+00:00","og_image":[{"width":1156,"height":867,"url":"https:\/\/hurghadalovers.com\/wp-content\/uploads\/2023\/08\/Sahl-Hasheesh-Speedboat-Rental-to-Orange-bay-Island.jpeg","type":"image\/jpeg"}],"twitter_card":"summary_large_image","twitter_misc":{"Fiyat":"&euro;&nbsp;220","Durumu":"Stokta var"},"schema":{"@context":"https:\/\/schema.org","@graph":[{"@type":["WebPage","ItemPage"],"@id":"https:\/\/hurghadalovers.com\/tr\/tours\/sahl-hasheesh-speedboat-rental-to-orange-bay-island\/","url":"https:\/\/hurghadalovers.com\/tr\/tours\/sahl-hasheesh-speedboat-rental-to-orange-bay-island\/","name":"Orange Bay Adas\u0131'na Sahl Hasheesh S\u00fcrat Teknesi Kiralama","isPartOf":{"@id":"https:\/\/hurghadalovers.com\/tr\/#website"},"primaryImageOfPage":{"@id":"https:\/\/hurghadalovers.com\/tr\/tours\/sahl-hasheesh-speedboat-rental-to-orange-bay-island\/#primaryimage"},"image":{"@id":"https:\/\/hurghadalovers.com\/tr\/tours\/sahl-hasheesh-speedboat-rental-to-orange-bay-island\/#primaryimage"},"thumbnailUrl":"https:\/\/hurghadalovers.com\/wp-content\/uploads\/2023\/08\/Sahl-Hasheesh-Speedboat-Rental-to-Orange-bay-Island.jpeg","datePublished":"2023-08-31T18:18:35+00:00","dateModified":"2026-02-08T00:15:30+00:00","description":"Sahl Hasheesh S\u00fcrat Teknesi Kiralama, Biletler, \u015enorkel ve Transfer ile Orange bay Adas\u0131. Daha fazla mahremiyetle \u00f6zel bir g\u00fcn\u00fcn ve e\u015fsiz bir deneyimin tad\u0131n\u0131 \u00e7\u0131kar\u0131n","breadcrumb":{"@id":"https:\/\/hurghadalovers.com\/tr\/tours\/sahl-hasheesh-speedboat-rental-to-orange-bay-island\/#breadcrumb"},"inLanguage":"tr","potentialAction":[{"@type":"ReadAction","target":["https:\/\/hurghadalovers.com\/tr\/tours\/sahl-hasheesh-speedboat-rental-to-orange-bay-island\/"]}]},{"@type":"ImageObject","inLanguage":"tr","@id":"https:\/\/hurghadalovers.com\/tr\/tours\/sahl-hasheesh-speedboat-rental-to-orange-bay-island\/#primaryimage","url":"https:\/\/hurghadalovers.com\/wp-content\/uploads\/2023\/08\/Sahl-Hasheesh-Speedboat-Rental-to-Orange-bay-Island.jpeg","contentUrl":"https:\/\/hurghadalovers.com\/wp-content\/uploads\/2023\/08\/Sahl-Hasheesh-Speedboat-Rental-to-Orange-bay-Island.jpeg","width":1156,"height":867,"caption":"Orange Bay Adas\u0131'na Sahl Hasheesh S\u00fcrat Teknesi Kiralama"},{"@type":"BreadcrumbList","@id":"https:\/\/hurghadalovers.com\/tr\/tours\/sahl-hasheesh-speedboat-rental-to-orange-bay-island\/#breadcrumb","itemListElement":[{"@type":"ListItem","position":1,"name":"Home","item":"https:\/\/hurghadalovers.com\/tr\/"},{"@type":"ListItem","position":2,"name":"Shop","item":"https:\/\/hurghadalovers.com\/shop\/"},{"@type":"ListItem","position":3,"name":"Orange Bay Adas\u0131&#8217;na Sahl Hasheesh S\u00fcrat Teknesi Kiralama"}]},{"@type":"WebSite","@id":"https:\/\/hurghadalovers.com\/tr\/#website","url":"https:\/\/hurghadalovers.com\/tr\/","name":"Hurghada Excursions & Day Trips | Booking Best Prices Tours","description":"Hurghada Lovers - Best Tour Operator - Excursions &amp; Things to do for Family Day Trips with kids and Couples Romantic. Unique .Hidden gems","publisher":{"@id":"https:\/\/hurghadalovers.com\/tr\/#organization"},"alternateName":"Hurghada Excursions","potentialAction":[{"@type":"SearchAction","target":{"@type":"EntryPoint","urlTemplate":"https:\/\/hurghadalovers.com\/tr\/?s={search_term_string}"},"query-input":{"@type":"PropertyValueSpecification","valueRequired":true,"valueName":"search_term_string"}}],"inLanguage":"tr"},{"@type":["Organization","Place","TravelAgency"],"@id":"https:\/\/hurghadalovers.com\/tr\/#organization","name":"Hurghada Excursions","url":"https:\/\/hurghadalovers.com\/tr\/","logo":{"@id":"https:\/\/hurghadalovers.com\/tr\/tours\/sahl-hasheesh-speedboat-rental-to-orange-bay-island\/#local-main-organization-logo"},"image":{"@id":"https:\/\/hurghadalovers.com\/tr\/tours\/sahl-hasheesh-speedboat-rental-to-orange-bay-island\/#local-main-organization-logo"},"sameAs":["https:\/\/www.facebook.com\/Hurghadaloversegypt"],"address":{"@id":"https:\/\/hurghadalovers.com\/tr\/tours\/sahl-hasheesh-speedboat-rental-to-orange-bay-island\/#local-main-place-address"},"telephone":["00201112596434"],"contactPoint":{"@type":"ContactPoint","telephone":"00201112596434","email":"weyouface@gmail.com"},"openingHoursSpecification":{"@type":"OpeningHoursSpecification","dayOfWeek":["Monday","Tuesday","Wednesday","Thursday","Friday","Saturday","Sunday"],"opens":"00:00","closes":"23:59"},"email":"weyouface@gmail.com","areaServed":"Luxor, Hurghada, El Gouna, Aswan, Sharm El Sheikh, Giza, Alexandria, Marsa Alam, Quseir, Soma Bay, Sahl Hasheesh, Red Sea, Makadi Bay, Cairo","priceRange":"$","currenciesAccepted":"euro","paymentAccepted":"cash on site"},{"@type":"PostalAddress","@id":"https:\/\/hurghadalovers.com\/tr\/tours\/sahl-hasheesh-speedboat-rental-to-orange-bay-island\/#local-main-place-address","streetAddress":"17 Banks street, Alkawther area, top nbk bank","addressLocality":"hurghada","postalCode":"84511","addressRegion":"red sea","addressCountry":"EG"},{"@type":"ImageObject","inLanguage":"tr","@id":"https:\/\/hurghadalovers.com\/tr\/tours\/sahl-hasheesh-speedboat-rental-to-orange-bay-island\/#local-main-organization-logo","url":"https:\/\/hurghadalovers.com\/wp-content\/uploads\/2019\/10\/hurghada-excursions-logo.png","contentUrl":"https:\/\/hurghadalovers.com\/wp-content\/uploads\/2019\/10\/hurghada-excursions-logo.png","width":272,"height":90,"caption":"Hurghada Excursions"}]},"product_brand":"Sahl Hasheesh \u015enorkel Yat Gezisi","product_price_amount":"220","product_price_currency":"EUR","og_availability":"instock","product_availability":"instock","product_retailer_item_id":"Sahl332024","product_condition":"new","geo.placename":"hurghada","geo.region":"M\u0131s\u0131r"},"_links":{"self":[{"href":"https:\/\/hurghadalovers.com\/tr\/wp-json\/wp\/v2\/product\/391382","targetHints":{"allow":["GET"]}}],"collection":[{"href":"https:\/\/hurghadalovers.com\/tr\/wp-json\/wp\/v2\/product"}],"about":[{"href":"https:\/\/hurghadalovers.com\/tr\/wp-json\/wp\/v2\/types\/product"}],"wp:featuredmedia":[{"embeddable":true,"href":"https:\/\/hurghadalovers.com\/tr\/wp-json\/wp\/v2\/media\/391195"}],"wp:attachment":[{"href":"https:\/\/hurghadalovers.com\/tr\/wp-json\/wp\/v2\/media?parent=391382"}],"wp:term":[{"taxonomy":"product_brand","embeddable":true,"href":"https:\/\/hurghadalovers.com\/tr\/wp-json\/wp\/v2\/product_brand?post=391382"},{"taxonomy":"product_cat","embeddable":true,"href":"https:\/\/hurghadalovers.com\/tr\/wp-json\/wp\/v2\/product_cat?post=391382"},{"taxonomy":"product_tag","embeddable":true,"href":"https:\/\/hurghadalovers.com\/tr\/wp-json\/wp\/v2\/product_tag?post=391382"}],"curies":[{"name":"wp","href":"https:\/\/api.w.org\/{rel}","templated":true}]}}