{"id":387115,"date":"2023-08-29T18:39:02","date_gmt":"2023-08-29T18:44:17","guid":{"rendered":"https:\/\/hurghadalovers.com\/shop\/kategorilenmemis\/luxor-sehrine-otobus-ile-ucuz-makadi-bay-gezileri\/"},"modified":"2026-02-08T11:12:25","modified_gmt":"2026-02-08T11:12:25","slug":"ucuz-makadi-korfezi-gezileri-luxora","status":"publish","type":"product","link":"https:\/\/hurghadalovers.com\/tr\/tours\/ucuz-makadi-korfezi-gezileri-luxora\/","title":{"rendered":"Luxor \u015fehrine Otob\u00fcs ile Ucuz Makadi Bay Gezileri"},"content":{"rendered":"<p>Luksor&#8217;a Biletsiz Otob\u00fcs ile <strong>Ucuz Makadi<\/strong> K\u00f6rfezi Gezileri, \u00d6\u011fle Yeme\u011fi, Luksor&#8217;daki Turistik Yerler i\u00e7in Transfer.<\/p>\n<p style=\"text-align: center;\"><span style=\"color: #993300;\"><strong>Firavun uygarl\u0131\u011f\u0131n\u0131n s\u0131rlar\u0131n\u0131 ke\u015ffedin<\/strong><\/span><\/p>\n<p>&nbsp;<\/p>\n<p><strong>\u00d6nemli noktalar:<\/strong><\/p>\n<ol>\n<li>&#8220;Vegetarians Food is available&#8221; restoran\u0131nda \u00f6\u011fle yeme\u011fi.<\/li>\n<\/ol>\n<p><strong>Ucuz <\/strong><strong>Makadi Koyu<\/strong> <strong>Otob\u00fcs ile Luksor Gezileri Detaylar:<\/strong><\/p>\n<ul>\n<li>Tur M\u00fcsaitlik Durumu: Her g\u00fcn.<\/li>\n<li>Tur T\u00fcr\u00fc: Grup<\/li>\n<li>Teslim Alma Saati: Sabah 05:00&#8217;ten itibaren.<\/li>\n<li>Sabah Kahvalt\u0131 \u00c7antan\u0131z\u0131 Otelden Almak \u0130steyin.<\/li>\n<li>Kalk\u0131\u015f Saati: 19:30.<\/li>\n<li>Tekerlekli sandalye ile eri\u015filebilir.<\/li>\n<li>S\u00fcre: 20 saat.<\/li>\n<\/ul>\n<p><strong>\u015eimdi Rezerve Et Sonra \u00d6de:<\/strong><\/p>\n<ul>\n<li>Rehber i\u00e7in nakit.<\/li>\n<li>M\u0131s\u0131r poundu, $, \u20ac veya \u00a3 ile \u00f6deme.<\/li>\n<\/ul>\n<p><strong>\u0130ptal Politikas\u0131:<\/strong><\/p>\n<ul>\n<li>24 saat \u00f6ncesine kadar iptal edebilirsiniz.<\/li>\n<li>Ailenizden herhangi biri Sabah\u0131 \u0130ptal Etti\u011finde, Maliyetin %50&#8217;sini \u00d6deyin.<\/li>\n<\/ul>\n<p><strong>Neler Dahil?<\/strong><\/p>\n<ul>\n<li>Makadi Bay Otellerinden transfer &#8220;Otelden alma ve b\u0131rakma&#8221;.<\/li>\n<li>Transferler.<\/li>\n<li>Restoranda \u00f6\u011fle yeme\u011fi.<\/li>\n<\/ul>\n<p><strong>\u0130stisnalar?<\/strong><\/p>\n<ul>\n<li>Bah\u015fi\u015f.<\/li>\n<li>Felucca gezisi &#8220;Tekne gezisi&#8221; 35 dakika i\u00e7in= 10$.<\/li>\n<li>Luksor&#8217;daki Turistik Yerler i\u00e7in Biletler.<\/li>\n<li>Bahsedilmeyen ekstralar.<\/li>\n<\/ul>\n<p><strong>Fiyatlar:<\/strong><\/p>\n<ul>\n<li><strong>Yeti\u015fkin Fiyat\u0131 = Ki\u015fi Ba\u015f\u0131 45$<\/strong>.<\/li>\n<li>\u00c7ocuklar i\u00e7in fiyat &#8220;5-12\u2033= %50.<\/li>\n<li>\u00c7ocuklar i\u00e7in &#8220;0-5\u2033= \u00dccretsiz.<\/li>\n<\/ul>\n<p>&nbsp;<\/p>\n<p><strong>Yorumlar:<\/strong><\/p>\n<p>Hurghada M\u0131s\u0131r&#8217;da \u00e7evrimi\u00e7i olarak <a href=\"https:\/\/hurghadalovers.com\/\">Hurghada<\/a> &#8216;daki En \u0130yi <a href=\"https:\/\/g.page\/r\/CUeYvkngP3wkEBM\/review\">Tur Operat\u00f6r\u00fc<\/a> olarak Google Harita \u0130ncelemelerimizi kontrol edin.<\/p>\n<p>&nbsp;<\/p>\n<p><strong>Rezervasyon:<\/strong><\/p>\n<p>Otel + Oda Numaras\u0131 + Foto\u011frafl\u0131 pasaportlar\u0131 WhatsApp&#8217;a g\u00f6nderin: <strong>+201112596434<\/strong><\/p>\n<p>M\u0131s\u0131r d\u0131\u015f\u0131ndaysan\u0131z \u015fimdi \u00e7evrimi\u00e7i rezervasyon yap\u0131n ve otele vard\u0131\u011f\u0131n\u0131zda onaylay\u0131n.<\/p>\n<p>&nbsp;<\/p>\n<p>&nbsp;<\/p>\n","protected":false},"excerpt":{"rendered":"<p>Luksor&#8217;a Biletsiz Otob\u00fcs ile <strong>Ucuz Makadi<\/strong> K\u00f6rfezi Gezileri, \u00d6\u011fle Yeme\u011fi, Luksor&#8217;daki Turistik Yerler i\u00e7in Transfer.<\/p>\n<p style=\"text-align: center;\"><span style=\"color: #993300;\"><strong>  Firavun uygarl\u0131\u011f\u0131n\u0131n s\u0131rlar\u0131n\u0131 ke\u015ffedin<\/strong><\/span><\/p>\n<p>&nbsp;<\/p>\n","protected":false},"featured_media":387061,"template":"","meta":{"_joinchat":[]},"product_brand":[],"product_cat":[36664],"product_tag":[],"class_list":{"0":"post-387115","1":"product","2":"type-product","3":"status-publish","4":"has-post-thumbnail","6":"product_cat-turlar","7":"tour_category-makadi-korfezi-luksor-turlari","8":"tour_category-makadi-korfezi-gezileri","10":"first","11":"instock","12":"sale","13":"shipping-taxable","14":"purchasable","15":"product-type-tour"},"yoast_head":"<!-- This site is optimized with the Yoast SEO Premium plugin v26.9 (Yoast SEO v27.2) - https:\/\/yoast.com\/product\/yoast-seo-premium-wordpress\/ -->\n<title>Luxor \u015fehrine Otob\u00fcs ile Ucuz Makadi Bay Gezileri<\/title>\n<meta name=\"description\" content=\"Luxor&#039;a Biletsiz Otob\u00fcs ile Ucuz Makadi K\u00f6rfezi Gezileri, \u00d6\u011fle Yeme\u011fi, Luxor&#039;daki Turistik Yerler i\u00e7in Transfer. Firavun d\u00f6neminin s\u0131rlar\u0131n\u0131 ke\u015ffedin\" \/>\n<meta name=\"robots\" content=\"index, follow, max-snippet:-1, max-image-preview:large, max-video-preview:-1\" \/>\n<link rel=\"canonical\" href=\"https:\/\/hurghadalovers.com\/tr\/tours\/ucuz-makadi-korfezi-gezileri-luxora\/\" \/>\n<meta property=\"og:locale\" content=\"tr_TR\" \/>\n<meta property=\"og:type\" content=\"article\" \/>\n<meta property=\"og:title\" content=\"Luxor \u015fehrine Otob\u00fcs ile Ucuz Makadi Bay Gezileri\" \/>\n<meta property=\"og:description\" content=\"Luxor&#039;a Biletsiz Otob\u00fcs ile Ucuz Makadi K\u00f6rfezi Gezileri, \u00d6\u011fle Yeme\u011fi, Luxor&#039;daki Turistik Yerler i\u00e7in Transfer. Firavun d\u00f6neminin s\u0131rlar\u0131n\u0131 ke\u015ffedin\" \/>\n<meta property=\"og:url\" content=\"https:\/\/hurghadalovers.com\/tr\/tours\/ucuz-makadi-korfezi-gezileri-luxora\/\" \/>\n<meta property=\"og:site_name\" content=\"Hurghada Excursions &amp; Day Trips | Booking Best Prices Tours\" \/>\n<meta property=\"article:publisher\" content=\"https:\/\/www.facebook.com\/Hurghadaloversegypt\" \/>\n<meta property=\"article:modified_time\" content=\"2026-02-08T11:12:25+00:00\" \/>\n<meta property=\"og:image\" content=\"https:\/\/hurghadalovers.com\/wp-content\/uploads\/2023\/08\/Cheap-Makadi-Bay-Excursions-to-Luxor.jpeg\" \/>\n\t<meta property=\"og:image:width\" content=\"1536\" \/>\n\t<meta property=\"og:image:height\" content=\"849\" \/>\n\t<meta property=\"og:image:type\" content=\"image\/jpeg\" \/>\n<meta name=\"twitter:card\" content=\"summary_large_image\" \/>\n<meta name=\"twitter:label1\" content=\"Fiyat\" \/>\n\t<meta name=\"twitter:data1\" content=\"&euro;&nbsp;45\" \/>\n\t<meta name=\"twitter:label2\" content=\"Durumu\" \/>\n\t<meta name=\"twitter:data2\" content=\"Stokta var\" \/>\n<script type=\"application\/ld+json\" class=\"yoast-schema-graph\">{\"@context\":\"https:\/\/schema.org\",\"@graph\":[{\"@type\":[\"WebPage\",\"ItemPage\"],\"@id\":\"https:\/\/hurghadalovers.com\/tr\/tours\/ucuz-makadi-korfezi-gezileri-luxora\/\",\"url\":\"https:\/\/hurghadalovers.com\/tr\/tours\/ucuz-makadi-korfezi-gezileri-luxora\/\",\"name\":\"Luxor \u015fehrine Otob\u00fcs ile Ucuz Makadi Bay Gezileri\",\"isPartOf\":{\"@id\":\"https:\/\/hurghadalovers.com\/tr\/#website\"},\"primaryImageOfPage\":{\"@id\":\"https:\/\/hurghadalovers.com\/tr\/tours\/ucuz-makadi-korfezi-gezileri-luxora\/#primaryimage\"},\"image\":{\"@id\":\"https:\/\/hurghadalovers.com\/tr\/tours\/ucuz-makadi-korfezi-gezileri-luxora\/#primaryimage\"},\"thumbnailUrl\":\"https:\/\/hurghadalovers.com\/wp-content\/uploads\/2023\/08\/Cheap-Makadi-Bay-Excursions-to-Luxor.jpeg\",\"datePublished\":\"2023-08-29T18:44:17+00:00\",\"dateModified\":\"2026-02-08T11:12:25+00:00\",\"description\":\"Luxor'a Biletsiz Otob\u00fcs ile Ucuz Makadi K\u00f6rfezi Gezileri, \u00d6\u011fle Yeme\u011fi, Luxor'daki Turistik Yerler i\u00e7in Transfer. Firavun d\u00f6neminin s\u0131rlar\u0131n\u0131 ke\u015ffedin\",\"breadcrumb\":{\"@id\":\"https:\/\/hurghadalovers.com\/tr\/tours\/ucuz-makadi-korfezi-gezileri-luxora\/#breadcrumb\"},\"inLanguage\":\"tr\",\"potentialAction\":[{\"@type\":\"ReadAction\",\"target\":[\"https:\/\/hurghadalovers.com\/tr\/tours\/ucuz-makadi-korfezi-gezileri-luxora\/\"]}]},{\"@type\":\"ImageObject\",\"inLanguage\":\"tr\",\"@id\":\"https:\/\/hurghadalovers.com\/tr\/tours\/ucuz-makadi-korfezi-gezileri-luxora\/#primaryimage\",\"url\":\"https:\/\/hurghadalovers.com\/wp-content\/uploads\/2023\/08\/Cheap-Makadi-Bay-Excursions-to-Luxor.jpeg\",\"contentUrl\":\"https:\/\/hurghadalovers.com\/wp-content\/uploads\/2023\/08\/Cheap-Makadi-Bay-Excursions-to-Luxor.jpeg\",\"width\":1536,\"height\":849,\"caption\":\"Cheap Makadi Bay Excursions to Luxor\"},{\"@type\":\"BreadcrumbList\",\"@id\":\"https:\/\/hurghadalovers.com\/tr\/tours\/ucuz-makadi-korfezi-gezileri-luxora\/#breadcrumb\",\"itemListElement\":[{\"@type\":\"ListItem\",\"position\":1,\"name\":\"Home\",\"item\":\"https:\/\/hurghadalovers.com\/tr\/\"},{\"@type\":\"ListItem\",\"position\":2,\"name\":\"Shop\",\"item\":\"https:\/\/hurghadalovers.com\/shop\/\"},{\"@type\":\"ListItem\",\"position\":3,\"name\":\"Luxor \u015fehrine Otob\u00fcs ile Ucuz Makadi Bay Gezileri\"}]},{\"@type\":\"WebSite\",\"@id\":\"https:\/\/hurghadalovers.com\/tr\/#website\",\"url\":\"https:\/\/hurghadalovers.com\/tr\/\",\"name\":\"Hurghada Excursions & Day Trips | Booking Best Prices Tours\",\"description\":\"Hurghada Lovers - Best Tour Operator - Excursions &amp; Things to do for Family Day Trips with kids and Couples Romantic. Unique .Hidden gems\",\"publisher\":{\"@id\":\"https:\/\/hurghadalovers.com\/tr\/#organization\"},\"alternateName\":\"Hurghada Excursions\",\"potentialAction\":[{\"@type\":\"SearchAction\",\"target\":{\"@type\":\"EntryPoint\",\"urlTemplate\":\"https:\/\/hurghadalovers.com\/tr\/?s={search_term_string}\"},\"query-input\":{\"@type\":\"PropertyValueSpecification\",\"valueRequired\":true,\"valueName\":\"search_term_string\"}}],\"inLanguage\":\"tr\"},{\"@type\":[\"Organization\",\"Place\",\"TravelAgency\"],\"@id\":\"https:\/\/hurghadalovers.com\/tr\/#organization\",\"name\":\"Hurghada Excursions\",\"url\":\"https:\/\/hurghadalovers.com\/tr\/\",\"logo\":{\"@id\":\"https:\/\/hurghadalovers.com\/tr\/tours\/ucuz-makadi-korfezi-gezileri-luxora\/#local-main-organization-logo\"},\"image\":{\"@id\":\"https:\/\/hurghadalovers.com\/tr\/tours\/ucuz-makadi-korfezi-gezileri-luxora\/#local-main-organization-logo\"},\"sameAs\":[\"https:\/\/www.facebook.com\/Hurghadaloversegypt\"],\"address\":{\"@id\":\"https:\/\/hurghadalovers.com\/tr\/tours\/ucuz-makadi-korfezi-gezileri-luxora\/#local-main-place-address\"},\"telephone\":[\"00201112596434\"],\"contactPoint\":{\"@type\":\"ContactPoint\",\"telephone\":\"00201112596434\",\"email\":\"weyouface@gmail.com\"},\"openingHoursSpecification\":{\"@type\":\"OpeningHoursSpecification\",\"dayOfWeek\":[\"Monday\",\"Tuesday\",\"Wednesday\",\"Thursday\",\"Friday\",\"Saturday\",\"Sunday\"],\"opens\":\"00:00\",\"closes\":\"23:59\"},\"email\":\"weyouface@gmail.com\",\"areaServed\":\"Luxor, Hurghada, El Gouna, Aswan, Sharm El Sheikh, Giza, Alexandria, Marsa Alam, Quseir, Soma Bay, Sahl Hasheesh, Red Sea, Makadi Bay, Cairo\",\"priceRange\":\"$\",\"currenciesAccepted\":\"euro\",\"paymentAccepted\":\"cash on site\"},{\"@type\":\"PostalAddress\",\"@id\":\"https:\/\/hurghadalovers.com\/tr\/tours\/ucuz-makadi-korfezi-gezileri-luxora\/#local-main-place-address\",\"streetAddress\":\"17 Banks street, Alkawther area, top nbk bank\",\"addressLocality\":\"hurghada\",\"postalCode\":\"84511\",\"addressRegion\":\"red sea\",\"addressCountry\":\"EG\"},{\"@type\":\"ImageObject\",\"inLanguage\":\"tr\",\"@id\":\"https:\/\/hurghadalovers.com\/tr\/tours\/ucuz-makadi-korfezi-gezileri-luxora\/#local-main-organization-logo\",\"url\":\"https:\/\/hurghadalovers.com\/wp-content\/uploads\/2019\/10\/hurghada-excursions-logo.png\",\"contentUrl\":\"https:\/\/hurghadalovers.com\/wp-content\/uploads\/2019\/10\/hurghada-excursions-logo.png\",\"width\":272,\"height\":90,\"caption\":\"Hurghada Excursions\"}]}<\/script>\n<meta property=\"product:brand\" content=\"Makadi Bay Luksor Turlar\u0131\" \/>\n<meta property=\"product:price:amount\" content=\"45\" \/>\n<meta property=\"product:price:currency\" content=\"EUR\" \/>\n<meta property=\"og:availability\" content=\"instock\" \/>\n<meta property=\"product:availability\" content=\"instock\" \/>\n<meta property=\"product:retailer_item_id\" content=\"MakadiBay112024\" \/>\n<meta property=\"product:condition\" content=\"new\" \/>\n<meta name=\"geo.placename\" content=\"hurghada\" \/>\n<meta name=\"geo.region\" content=\"M\u0131s\u0131r\" \/>\n<!-- \/ Yoast SEO Premium plugin. -->","yoast_head_json":{"title":"Luxor \u015fehrine Otob\u00fcs ile Ucuz Makadi Bay Gezileri","description":"Luxor'a Biletsiz Otob\u00fcs ile Ucuz Makadi K\u00f6rfezi Gezileri, \u00d6\u011fle Yeme\u011fi, Luxor'daki Turistik Yerler i\u00e7in Transfer. Firavun d\u00f6neminin s\u0131rlar\u0131n\u0131 ke\u015ffedin","robots":{"index":"index","follow":"follow","max-snippet":"max-snippet:-1","max-image-preview":"max-image-preview:large","max-video-preview":"max-video-preview:-1"},"canonical":"https:\/\/hurghadalovers.com\/tr\/tours\/ucuz-makadi-korfezi-gezileri-luxora\/","og_locale":"tr_TR","og_type":"article","og_title":"Luxor \u015fehrine Otob\u00fcs ile Ucuz Makadi Bay Gezileri","og_description":"Luxor'a Biletsiz Otob\u00fcs ile Ucuz Makadi K\u00f6rfezi Gezileri, \u00d6\u011fle Yeme\u011fi, Luxor'daki Turistik Yerler i\u00e7in Transfer. Firavun d\u00f6neminin s\u0131rlar\u0131n\u0131 ke\u015ffedin","og_url":"https:\/\/hurghadalovers.com\/tr\/tours\/ucuz-makadi-korfezi-gezileri-luxora\/","og_site_name":"Hurghada Excursions &amp; Day Trips | Booking Best Prices Tours","article_publisher":"https:\/\/www.facebook.com\/Hurghadaloversegypt","article_modified_time":"2026-02-08T11:12:25+00:00","og_image":[{"width":1536,"height":849,"url":"https:\/\/hurghadalovers.com\/wp-content\/uploads\/2023\/08\/Cheap-Makadi-Bay-Excursions-to-Luxor.jpeg","type":"image\/jpeg"}],"twitter_card":"summary_large_image","twitter_misc":{"Fiyat":"&euro;&nbsp;45","Durumu":"Stokta var"},"schema":{"@context":"https:\/\/schema.org","@graph":[{"@type":["WebPage","ItemPage"],"@id":"https:\/\/hurghadalovers.com\/tr\/tours\/ucuz-makadi-korfezi-gezileri-luxora\/","url":"https:\/\/hurghadalovers.com\/tr\/tours\/ucuz-makadi-korfezi-gezileri-luxora\/","name":"Luxor \u015fehrine Otob\u00fcs ile Ucuz Makadi Bay Gezileri","isPartOf":{"@id":"https:\/\/hurghadalovers.com\/tr\/#website"},"primaryImageOfPage":{"@id":"https:\/\/hurghadalovers.com\/tr\/tours\/ucuz-makadi-korfezi-gezileri-luxora\/#primaryimage"},"image":{"@id":"https:\/\/hurghadalovers.com\/tr\/tours\/ucuz-makadi-korfezi-gezileri-luxora\/#primaryimage"},"thumbnailUrl":"https:\/\/hurghadalovers.com\/wp-content\/uploads\/2023\/08\/Cheap-Makadi-Bay-Excursions-to-Luxor.jpeg","datePublished":"2023-08-29T18:44:17+00:00","dateModified":"2026-02-08T11:12:25+00:00","description":"Luxor'a Biletsiz Otob\u00fcs ile Ucuz Makadi K\u00f6rfezi Gezileri, \u00d6\u011fle Yeme\u011fi, Luxor'daki Turistik Yerler i\u00e7in Transfer. Firavun d\u00f6neminin s\u0131rlar\u0131n\u0131 ke\u015ffedin","breadcrumb":{"@id":"https:\/\/hurghadalovers.com\/tr\/tours\/ucuz-makadi-korfezi-gezileri-luxora\/#breadcrumb"},"inLanguage":"tr","potentialAction":[{"@type":"ReadAction","target":["https:\/\/hurghadalovers.com\/tr\/tours\/ucuz-makadi-korfezi-gezileri-luxora\/"]}]},{"@type":"ImageObject","inLanguage":"tr","@id":"https:\/\/hurghadalovers.com\/tr\/tours\/ucuz-makadi-korfezi-gezileri-luxora\/#primaryimage","url":"https:\/\/hurghadalovers.com\/wp-content\/uploads\/2023\/08\/Cheap-Makadi-Bay-Excursions-to-Luxor.jpeg","contentUrl":"https:\/\/hurghadalovers.com\/wp-content\/uploads\/2023\/08\/Cheap-Makadi-Bay-Excursions-to-Luxor.jpeg","width":1536,"height":849,"caption":"Cheap Makadi Bay Excursions to Luxor"},{"@type":"BreadcrumbList","@id":"https:\/\/hurghadalovers.com\/tr\/tours\/ucuz-makadi-korfezi-gezileri-luxora\/#breadcrumb","itemListElement":[{"@type":"ListItem","position":1,"name":"Home","item":"https:\/\/hurghadalovers.com\/tr\/"},{"@type":"ListItem","position":2,"name":"Shop","item":"https:\/\/hurghadalovers.com\/shop\/"},{"@type":"ListItem","position":3,"name":"Luxor \u015fehrine Otob\u00fcs ile Ucuz Makadi Bay Gezileri"}]},{"@type":"WebSite","@id":"https:\/\/hurghadalovers.com\/tr\/#website","url":"https:\/\/hurghadalovers.com\/tr\/","name":"Hurghada Excursions & Day Trips | Booking Best Prices Tours","description":"Hurghada Lovers - Best Tour Operator - Excursions &amp; Things to do for Family Day Trips with kids and Couples Romantic. Unique .Hidden gems","publisher":{"@id":"https:\/\/hurghadalovers.com\/tr\/#organization"},"alternateName":"Hurghada Excursions","potentialAction":[{"@type":"SearchAction","target":{"@type":"EntryPoint","urlTemplate":"https:\/\/hurghadalovers.com\/tr\/?s={search_term_string}"},"query-input":{"@type":"PropertyValueSpecification","valueRequired":true,"valueName":"search_term_string"}}],"inLanguage":"tr"},{"@type":["Organization","Place","TravelAgency"],"@id":"https:\/\/hurghadalovers.com\/tr\/#organization","name":"Hurghada Excursions","url":"https:\/\/hurghadalovers.com\/tr\/","logo":{"@id":"https:\/\/hurghadalovers.com\/tr\/tours\/ucuz-makadi-korfezi-gezileri-luxora\/#local-main-organization-logo"},"image":{"@id":"https:\/\/hurghadalovers.com\/tr\/tours\/ucuz-makadi-korfezi-gezileri-luxora\/#local-main-organization-logo"},"sameAs":["https:\/\/www.facebook.com\/Hurghadaloversegypt"],"address":{"@id":"https:\/\/hurghadalovers.com\/tr\/tours\/ucuz-makadi-korfezi-gezileri-luxora\/#local-main-place-address"},"telephone":["00201112596434"],"contactPoint":{"@type":"ContactPoint","telephone":"00201112596434","email":"weyouface@gmail.com"},"openingHoursSpecification":{"@type":"OpeningHoursSpecification","dayOfWeek":["Monday","Tuesday","Wednesday","Thursday","Friday","Saturday","Sunday"],"opens":"00:00","closes":"23:59"},"email":"weyouface@gmail.com","areaServed":"Luxor, Hurghada, El Gouna, Aswan, Sharm El Sheikh, Giza, Alexandria, Marsa Alam, Quseir, Soma Bay, Sahl Hasheesh, Red Sea, Makadi Bay, Cairo","priceRange":"$","currenciesAccepted":"euro","paymentAccepted":"cash on site"},{"@type":"PostalAddress","@id":"https:\/\/hurghadalovers.com\/tr\/tours\/ucuz-makadi-korfezi-gezileri-luxora\/#local-main-place-address","streetAddress":"17 Banks street, Alkawther area, top nbk bank","addressLocality":"hurghada","postalCode":"84511","addressRegion":"red sea","addressCountry":"EG"},{"@type":"ImageObject","inLanguage":"tr","@id":"https:\/\/hurghadalovers.com\/tr\/tours\/ucuz-makadi-korfezi-gezileri-luxora\/#local-main-organization-logo","url":"https:\/\/hurghadalovers.com\/wp-content\/uploads\/2019\/10\/hurghada-excursions-logo.png","contentUrl":"https:\/\/hurghadalovers.com\/wp-content\/uploads\/2019\/10\/hurghada-excursions-logo.png","width":272,"height":90,"caption":"Hurghada Excursions"}]},"product_brand":"Makadi Bay Luksor Turlar\u0131","product_price_amount":"45","product_price_currency":"EUR","og_availability":"instock","product_availability":"instock","product_retailer_item_id":"MakadiBay112024","product_condition":"new","geo.placename":"hurghada","geo.region":"M\u0131s\u0131r"},"_links":{"self":[{"href":"https:\/\/hurghadalovers.com\/tr\/wp-json\/wp\/v2\/product\/387115","targetHints":{"allow":["GET"]}}],"collection":[{"href":"https:\/\/hurghadalovers.com\/tr\/wp-json\/wp\/v2\/product"}],"about":[{"href":"https:\/\/hurghadalovers.com\/tr\/wp-json\/wp\/v2\/types\/product"}],"wp:featuredmedia":[{"embeddable":true,"href":"https:\/\/hurghadalovers.com\/tr\/wp-json\/wp\/v2\/media\/387061"}],"wp:attachment":[{"href":"https:\/\/hurghadalovers.com\/tr\/wp-json\/wp\/v2\/media?parent=387115"}],"wp:term":[{"taxonomy":"product_brand","embeddable":true,"href":"https:\/\/hurghadalovers.com\/tr\/wp-json\/wp\/v2\/product_brand?post=387115"},{"taxonomy":"product_cat","embeddable":true,"href":"https:\/\/hurghadalovers.com\/tr\/wp-json\/wp\/v2\/product_cat?post=387115"},{"taxonomy":"product_tag","embeddable":true,"href":"https:\/\/hurghadalovers.com\/tr\/wp-json\/wp\/v2\/product_tag?post=387115"}],"curies":[{"name":"wp","href":"https:\/\/api.w.org\/{rel}","templated":true}]}}