{"id":384333,"date":"2023-08-27T08:30:45","date_gmt":"2023-08-27T08:30:45","guid":{"rendered":"https:\/\/hurghadalovers.com\/shop\/kategorilenmemis\/soma-korfezi-eden-adasina-ozel-surat-teknesi-kiralama\/"},"modified":"2026-01-13T20:26:04","modified_gmt":"2026-01-13T20:26:04","slug":"soma-bay-ozel-surat-teknesi-kiralama-eden-adasi","status":"publish","type":"product","link":"https:\/\/hurghadalovers.com\/tr\/tours\/soma-bay-ozel-surat-teknesi-kiralama-eden-adasi\/","title":{"rendered":"Soma K\u00f6rfezi Eden Adas\u0131&#8217;na \u00d6zel S\u00fcrat Teknesi Kiralama"},"content":{"rendered":"<p><strong>Soma K\u00f6rfezi Eden Adas\u0131 <\/strong>&#8216;na Biletli <strong>\u00d6zel S\u00fcrat Teknesi Kiralama <\/strong>ve Transfer | Eden plaj\u0131nda 8 saat Tam G\u00fcn, Sahilde VIP a\u00e7\u0131k b\u00fcfe \u00f6\u011fle yeme\u011fi ve \u0130\u00e7ecekler.<\/p>\n<p style=\"text-align: center;\"><span style=\"color: #993366;\">En G\u00fczel Soma koyu <strong>Aile dostu aktiviteler<\/strong>, <strong>\u00c7ocuklarla Yap\u0131lacak \u015eeyler<\/strong>, <strong>Balay\u0131<\/strong> ve <strong>\u00c7ift<\/strong>.<\/span><\/p>\n<p>Daha fazla <strong>mahremiyet<\/strong> ve <strong>l\u00fcks<\/strong> ile \u00f6zel bir g\u00fcn\u00fcn ve e\u015fsiz bir deneyimin tad\u0131n\u0131 \u00e7\u0131kar\u0131n ve <strong>Giftun Adas\u0131<\/strong>&#8216;n\u0131n en g\u00fczel plajlar\u0131na aileniz ve arkada\u015flar\u0131n\u0131zla gidin.<\/p>\n<p><strong>\u00d6nemli noktalar:<\/strong><\/p>\n<ul>\n<li>Eden Island Plaj\u0131&#8217;nda 6-8.<\/li>\n<li>Sahilde VIP a\u00e7\u0131k b\u00fcfe \u00f6\u011fle yeme\u011fi.<\/li>\n<\/ul>\n<p><strong>Detaylar:<\/strong><\/p>\n<ul>\n<li>Tur M\u00fcsaitlik Durumu: Her g\u00fcn.<\/li>\n<li>Tur T\u00fcr\u00fc: \u00d6zel<\/li>\n<li>Teslim Alma Saati: Sabah 07:30&#8217;dan itibaren.<\/li>\n<li>Kalk\u0131\u015f Saati: 18:00.<\/li>\n<li>Tekerlekli sandalye ile eri\u015filebilir.<\/li>\n<li>S\u00fcre: 8 saat.<\/li>\n<\/ul>\n<p><strong>\u015eimdi Rezerve Et Sonra \u00d6de:<\/strong><\/p>\n<ul>\n<li>Rehber i\u00e7in nakit.<\/li>\n<li>M\u0131s\u0131r poundu, $, \u20ac veya \u00a3 ile \u00f6deme.<\/li>\n<\/ul>\n<p><strong>\u0130ptal Politikas\u0131:<\/strong><\/p>\n<ul>\n<li>24 saat \u00f6ncesine kadar iptal edebilirsiniz.<\/li>\n<li>Ailenizden herhangi biri Sabah\u0131 \u0130ptal Etti\u011finde, Maliyetin %50&#8217;sini \u00d6deyin.<\/li>\n<\/ul>\n<p><strong>Neler Dahil?<\/strong><\/p>\n<ul>\n<li>Soma K\u00f6rfezi Otellerinden transfer &#8220;Otelden alma ve b\u0131rakma&#8221;.<\/li>\n<li>T\u00fcm Vergiler, Giri\u015f \u00dccretleri ve Ta\u015f\u0131ma \u00dccretleri.<\/li>\n<li>Maden suyu + Kola.<\/li>\n<li>Eden Island Plaj\u0131&#8217;nda 6-8.<\/li>\n<\/ul>\n<p><strong>\u0130stisnalar?<\/strong><\/p>\n<ul>\n<li>Bah\u015fi\u015f.<\/li>\n<li>Bahsedilmeyen ekstralar.<\/li>\n<\/ul>\n<p><strong>Fiyatlar:<\/strong><\/p>\n<ul>\n<li>Eden Adas\u0131&#8217;na S\u00fcrat Teknesi Kiralama, Biletler &#8220;2 ki\u015filik&#8221; ve Transfer = 310$<\/li>\n<li><strong>2 ki\u015fiye kadar Ekstra Bilet = Ki\u015fi ba\u015f\u0131 50$.<\/strong><\/li>\n<\/ul>\n<p><strong>Yorumlar:<\/strong><\/p>\n<p>Hurghada M\u0131s\u0131r&#8217;da \u00e7evrimi\u00e7i olarak <a href=\"https:\/\/hurghadalovers.com\/\">Hurghada<\/a> &#8216;daki En \u0130yi <a href=\"https:\/\/g.page\/r\/CUeYvkngP3wkEBM\/review\">Tur Operat\u00f6r\u00fc<\/a> olarak Google Harita \u0130ncelemelerimizi kontrol edin.<\/p>\n<p><strong>Rezervasyon:<\/strong><\/p>\n<p>Otel + Oda Numaras\u0131 + Foto\u011frafl\u0131 pasaportlar\u0131 WhatsApp&#8217;a g\u00f6nderin: <strong>+201112596434<\/strong><\/p>\n<p>M\u0131s\u0131r d\u0131\u015f\u0131ndaysan\u0131z \u015fimdi \u00e7evrimi\u00e7i rezervasyon yap\u0131n ve otele vard\u0131\u011f\u0131n\u0131zda onaylay\u0131n.<\/p>\n<p>&nbsp;<\/p>\n<p>&nbsp;<\/p>\n","protected":false},"excerpt":{"rendered":"<p><strong>Soma K\u00f6rfezi Eden Adas\u0131 <\/strong>&#8216;na Biletli <strong>\u00d6zel S\u00fcrat Teknesi Kiralama <\/strong>ve Transfer | Eden plaj\u0131nda 8 saat Tam G\u00fcn, Sahilde VIP a\u00e7\u0131k b\u00fcfe \u00f6\u011fle yeme\u011fi ve \u0130\u00e7ecekler.<\/p>\n","protected":false},"featured_media":931553,"template":"","meta":{"_joinchat":[]},"product_brand":[],"product_cat":[36664],"product_tag":[54243,54307,54309,54241,54233,54242,54244,54238,54267,54269,54240,54225,54237,54229,54277,54305,54321,54235,54239,54227,54231],"class_list":{"0":"post-384333","1":"product","2":"type-product","3":"status-publish","4":"has-post-thumbnail","6":"product_cat-turlar","7":"product_tag-cennet-adasi-soma-koyu","8":"product_tag-ciftler-icin-soma-korfezi-aktiviteleri","9":"product_tag-ciftler-icin-soma-korfezinde-yapilacak-seyler","10":"product_tag-dolphin-house-soma-bay-tr","11":"product_tag-giftun-adasi-soma-korfezi","12":"product_tag-korsan-teknesi-soma-korfezi","13":"product_tag-orange-bay-adasi-soma-korfezi","14":"product_tag-ozel-tekne-soma-korfezi","15":"product_tag-soma-korfezi-aktiviteleri","16":"product_tag-soma-korfezi-gunubirlik-geziler","17":"product_tag-soma-korfezi-ozel-tekne-turu","18":"product_tag-soma-korfezi-snorkel-gezileri","19":"product_tag-soma-korfezi-tekne-kiralama","20":"product_tag-soma-korfezi-tekne-turlari","21":"product_tag-soma-korfezinde-ailecek-yapilacak-seyler","22":"product_tag-soma-korfezinde-yapilacak-romantik-seyler-tr","23":"product_tag-soma-korfezinden-aile-gunleri","24":"product_tag-surat-teknesi-soma-korfezi","25":"product_tag-tekne-kiralama-soma-korfezi","26":"product_tag-tuplu-dalis-soma-korfezi","27":"product_tag-yunuslarla-yuzun-soma-korfezi","28":"tour_category-soma-korfezi-snorkel","29":"tour_category-soma-korfezi-gezileri","31":"first","32":"instock","33":"sale","34":"shipping-taxable","35":"purchasable","36":"product-type-tour"},"yoast_head":"<!-- This site is optimized with the Yoast SEO Premium plugin v26.9 (Yoast SEO v27.2) - https:\/\/yoast.com\/product\/yoast-seo-premium-wordpress\/ -->\n<title>Soma K\u00f6rfezi Eden Adas\u0131&#039;na \u00d6zel S\u00fcrat Teknesi Kiralama<\/title>\n<meta name=\"description\" content=\"Soma K\u00f6rfezi Eden Adas\u0131&#039;na Biletli \u00d6zel S\u00fcrat Teknesi Kiralama ve Transfer | Eden plaj\u0131nda 8 saat Tam G\u00fcn, Sahilde VIP a\u00e7\u0131k b\u00fcfe \u00f6\u011fle yeme\u011fi ve \u0130\u00e7ecekler.\" \/>\n<meta name=\"robots\" content=\"index, follow, max-snippet:-1, max-image-preview:large, max-video-preview:-1\" \/>\n<link rel=\"canonical\" href=\"https:\/\/hurghadalovers.com\/tr\/tours\/soma-bay-ozel-surat-teknesi-kiralama-eden-adasi\/\" \/>\n<meta property=\"og:locale\" content=\"tr_TR\" \/>\n<meta property=\"og:type\" content=\"article\" \/>\n<meta property=\"og:title\" content=\"Soma K\u00f6rfezi Eden Adas\u0131&#039;na \u00d6zel S\u00fcrat Teknesi Kiralama\" \/>\n<meta property=\"og:description\" content=\"Soma K\u00f6rfezi Eden Adas\u0131&#039;na Biletli \u00d6zel S\u00fcrat Teknesi Kiralama ve Transfer | Eden plaj\u0131nda 8 saat Tam G\u00fcn, Sahilde VIP a\u00e7\u0131k b\u00fcfe \u00f6\u011fle yeme\u011fi ve \u0130\u00e7ecekler.\" \/>\n<meta property=\"og:url\" content=\"https:\/\/hurghadalovers.com\/tr\/tours\/soma-bay-ozel-surat-teknesi-kiralama-eden-adasi\/\" \/>\n<meta property=\"og:site_name\" content=\"Hurghada Excursions &amp; Day Trips | Booking Best Prices Tours\" \/>\n<meta property=\"article:publisher\" content=\"https:\/\/www.facebook.com\/Hurghadaloversegypt\" \/>\n<meta property=\"article:modified_time\" content=\"2026-01-13T20:26:04+00:00\" \/>\n<meta property=\"og:image\" content=\"https:\/\/hurghadalovers.com\/wp-content\/uploads\/2023\/08\/Book-Your-VIP-Beach-Day-Use-all-inclusive-Now.jpeg\" \/>\n\t<meta property=\"og:image:width\" content=\"1555\" \/>\n\t<meta property=\"og:image:height\" content=\"1106\" \/>\n\t<meta property=\"og:image:type\" content=\"image\/jpeg\" \/>\n<meta name=\"twitter:card\" content=\"summary_large_image\" \/>\n<meta name=\"twitter:label1\" content=\"Fiyat\" \/>\n\t<meta name=\"twitter:data1\" content=\"&euro;&nbsp;90\" \/>\n\t<meta name=\"twitter:label2\" content=\"Durumu\" \/>\n\t<meta name=\"twitter:data2\" content=\"Stokta var\" \/>\n<script type=\"application\/ld+json\" class=\"yoast-schema-graph\">{\"@context\":\"https:\/\/schema.org\",\"@graph\":[{\"@type\":[\"WebPage\",\"ItemPage\"],\"@id\":\"https:\/\/hurghadalovers.com\/tr\/tours\/soma-bay-ozel-surat-teknesi-kiralama-eden-adasi\/\",\"url\":\"https:\/\/hurghadalovers.com\/tr\/tours\/soma-bay-ozel-surat-teknesi-kiralama-eden-adasi\/\",\"name\":\"Soma K\u00f6rfezi Eden Adas\u0131'na \u00d6zel S\u00fcrat Teknesi Kiralama\",\"isPartOf\":{\"@id\":\"https:\/\/hurghadalovers.com\/tr\/#website\"},\"primaryImageOfPage\":{\"@id\":\"https:\/\/hurghadalovers.com\/tr\/tours\/soma-bay-ozel-surat-teknesi-kiralama-eden-adasi\/#primaryimage\"},\"image\":{\"@id\":\"https:\/\/hurghadalovers.com\/tr\/tours\/soma-bay-ozel-surat-teknesi-kiralama-eden-adasi\/#primaryimage\"},\"thumbnailUrl\":\"https:\/\/hurghadalovers.com\/wp-content\/uploads\/2023\/08\/Book-Your-VIP-Beach-Day-Use-all-inclusive-Now.jpeg\",\"datePublished\":\"2023-08-27T08:30:45+00:00\",\"dateModified\":\"2026-01-13T20:26:04+00:00\",\"description\":\"Soma K\u00f6rfezi Eden Adas\u0131'na Biletli \u00d6zel S\u00fcrat Teknesi Kiralama ve Transfer | Eden plaj\u0131nda 8 saat Tam G\u00fcn, Sahilde VIP a\u00e7\u0131k b\u00fcfe \u00f6\u011fle yeme\u011fi ve \u0130\u00e7ecekler.\",\"breadcrumb\":{\"@id\":\"https:\/\/hurghadalovers.com\/tr\/tours\/soma-bay-ozel-surat-teknesi-kiralama-eden-adasi\/#breadcrumb\"},\"inLanguage\":\"tr\",\"potentialAction\":[{\"@type\":\"ReadAction\",\"target\":[\"https:\/\/hurghadalovers.com\/tr\/tours\/soma-bay-ozel-surat-teknesi-kiralama-eden-adasi\/\"]}]},{\"@type\":\"ImageObject\",\"inLanguage\":\"tr\",\"@id\":\"https:\/\/hurghadalovers.com\/tr\/tours\/soma-bay-ozel-surat-teknesi-kiralama-eden-adasi\/#primaryimage\",\"url\":\"https:\/\/hurghadalovers.com\/wp-content\/uploads\/2023\/08\/Book-Your-VIP-Beach-Day-Use-all-inclusive-Now.jpeg\",\"contentUrl\":\"https:\/\/hurghadalovers.com\/wp-content\/uploads\/2023\/08\/Book-Your-VIP-Beach-Day-Use-all-inclusive-Now.jpeg\",\"width\":1555,\"height\":1106,\"caption\":\"Book Your VIP Beach Day Use all inclusive Now\"},{\"@type\":\"BreadcrumbList\",\"@id\":\"https:\/\/hurghadalovers.com\/tr\/tours\/soma-bay-ozel-surat-teknesi-kiralama-eden-adasi\/#breadcrumb\",\"itemListElement\":[{\"@type\":\"ListItem\",\"position\":1,\"name\":\"Home\",\"item\":\"https:\/\/hurghadalovers.com\/tr\/\"},{\"@type\":\"ListItem\",\"position\":2,\"name\":\"Shop\",\"item\":\"https:\/\/hurghadalovers.com\/shop\/\"},{\"@type\":\"ListItem\",\"position\":3,\"name\":\"Soma K\u00f6rfezi Eden Adas\u0131&#8217;na \u00d6zel S\u00fcrat Teknesi Kiralama\"}]},{\"@type\":\"WebSite\",\"@id\":\"https:\/\/hurghadalovers.com\/tr\/#website\",\"url\":\"https:\/\/hurghadalovers.com\/tr\/\",\"name\":\"Hurghada Excursions & Day Trips | Booking Best Prices Tours\",\"description\":\"Hurghada Lovers - Best Tour Operator - Excursions &amp; Things to do for Family Day Trips with kids and Couples Romantic. Unique .Hidden gems\",\"publisher\":{\"@id\":\"https:\/\/hurghadalovers.com\/tr\/#organization\"},\"alternateName\":\"Hurghada Excursions\",\"potentialAction\":[{\"@type\":\"SearchAction\",\"target\":{\"@type\":\"EntryPoint\",\"urlTemplate\":\"https:\/\/hurghadalovers.com\/tr\/?s={search_term_string}\"},\"query-input\":{\"@type\":\"PropertyValueSpecification\",\"valueRequired\":true,\"valueName\":\"search_term_string\"}}],\"inLanguage\":\"tr\"},{\"@type\":[\"Organization\",\"Place\",\"TravelAgency\"],\"@id\":\"https:\/\/hurghadalovers.com\/tr\/#organization\",\"name\":\"Hurghada Excursions\",\"url\":\"https:\/\/hurghadalovers.com\/tr\/\",\"logo\":{\"@id\":\"https:\/\/hurghadalovers.com\/tr\/tours\/soma-bay-ozel-surat-teknesi-kiralama-eden-adasi\/#local-main-organization-logo\"},\"image\":{\"@id\":\"https:\/\/hurghadalovers.com\/tr\/tours\/soma-bay-ozel-surat-teknesi-kiralama-eden-adasi\/#local-main-organization-logo\"},\"sameAs\":[\"https:\/\/www.facebook.com\/Hurghadaloversegypt\"],\"address\":{\"@id\":\"https:\/\/hurghadalovers.com\/tr\/tours\/soma-bay-ozel-surat-teknesi-kiralama-eden-adasi\/#local-main-place-address\"},\"telephone\":[\"00201112596434\"],\"contactPoint\":{\"@type\":\"ContactPoint\",\"telephone\":\"00201112596434\",\"email\":\"weyouface@gmail.com\"},\"openingHoursSpecification\":{\"@type\":\"OpeningHoursSpecification\",\"dayOfWeek\":[\"Monday\",\"Tuesday\",\"Wednesday\",\"Thursday\",\"Friday\",\"Saturday\",\"Sunday\"],\"opens\":\"00:00\",\"closes\":\"23:59\"},\"email\":\"weyouface@gmail.com\",\"areaServed\":\"Luxor, Hurghada, El Gouna, Aswan, Sharm El Sheikh, Giza, Alexandria, Marsa Alam, Quseir, Soma Bay, Sahl Hasheesh, Red Sea, Makadi Bay, Cairo\",\"priceRange\":\"$\",\"currenciesAccepted\":\"euro\",\"paymentAccepted\":\"cash on site\"},{\"@type\":\"PostalAddress\",\"@id\":\"https:\/\/hurghadalovers.com\/tr\/tours\/soma-bay-ozel-surat-teknesi-kiralama-eden-adasi\/#local-main-place-address\",\"streetAddress\":\"17 Banks street, Alkawther area, top nbk bank\",\"addressLocality\":\"hurghada\",\"postalCode\":\"84511\",\"addressRegion\":\"red sea\",\"addressCountry\":\"EG\"},{\"@type\":\"ImageObject\",\"inLanguage\":\"tr\",\"@id\":\"https:\/\/hurghadalovers.com\/tr\/tours\/soma-bay-ozel-surat-teknesi-kiralama-eden-adasi\/#local-main-organization-logo\",\"url\":\"https:\/\/hurghadalovers.com\/wp-content\/uploads\/2019\/10\/hurghada-excursions-logo.png\",\"contentUrl\":\"https:\/\/hurghadalovers.com\/wp-content\/uploads\/2019\/10\/hurghada-excursions-logo.png\",\"width\":272,\"height\":90,\"caption\":\"Hurghada Excursions\"}]}<\/script>\n<meta property=\"product:brand\" content=\"Soma Bay \u015enorkel Yat Gezisi\" \/>\n<meta property=\"product:price:amount\" content=\"90\" \/>\n<meta property=\"product:price:currency\" content=\"EUR\" \/>\n<meta property=\"og:availability\" content=\"instock\" \/>\n<meta property=\"product:availability\" content=\"instock\" \/>\n<meta property=\"product:retailer_item_id\" content=\"312313hhh\" \/>\n<meta property=\"product:condition\" content=\"new\" \/>\n<meta name=\"geo.placename\" content=\"hurghada\" \/>\n<meta name=\"geo.region\" content=\"M\u0131s\u0131r\" \/>\n<!-- \/ Yoast SEO Premium plugin. -->","yoast_head_json":{"title":"Soma K\u00f6rfezi Eden Adas\u0131'na \u00d6zel S\u00fcrat Teknesi Kiralama","description":"Soma K\u00f6rfezi Eden Adas\u0131'na Biletli \u00d6zel S\u00fcrat Teknesi Kiralama ve Transfer | Eden plaj\u0131nda 8 saat Tam G\u00fcn, Sahilde VIP a\u00e7\u0131k b\u00fcfe \u00f6\u011fle yeme\u011fi ve \u0130\u00e7ecekler.","robots":{"index":"index","follow":"follow","max-snippet":"max-snippet:-1","max-image-preview":"max-image-preview:large","max-video-preview":"max-video-preview:-1"},"canonical":"https:\/\/hurghadalovers.com\/tr\/tours\/soma-bay-ozel-surat-teknesi-kiralama-eden-adasi\/","og_locale":"tr_TR","og_type":"article","og_title":"Soma K\u00f6rfezi Eden Adas\u0131'na \u00d6zel S\u00fcrat Teknesi Kiralama","og_description":"Soma K\u00f6rfezi Eden Adas\u0131'na Biletli \u00d6zel S\u00fcrat Teknesi Kiralama ve Transfer | Eden plaj\u0131nda 8 saat Tam G\u00fcn, Sahilde VIP a\u00e7\u0131k b\u00fcfe \u00f6\u011fle yeme\u011fi ve \u0130\u00e7ecekler.","og_url":"https:\/\/hurghadalovers.com\/tr\/tours\/soma-bay-ozel-surat-teknesi-kiralama-eden-adasi\/","og_site_name":"Hurghada Excursions &amp; Day Trips | Booking Best Prices Tours","article_publisher":"https:\/\/www.facebook.com\/Hurghadaloversegypt","article_modified_time":"2026-01-13T20:26:04+00:00","og_image":[{"width":1555,"height":1106,"url":"https:\/\/hurghadalovers.com\/wp-content\/uploads\/2023\/08\/Book-Your-VIP-Beach-Day-Use-all-inclusive-Now.jpeg","type":"image\/jpeg"}],"twitter_card":"summary_large_image","twitter_misc":{"Fiyat":"&euro;&nbsp;90","Durumu":"Stokta var"},"schema":{"@context":"https:\/\/schema.org","@graph":[{"@type":["WebPage","ItemPage"],"@id":"https:\/\/hurghadalovers.com\/tr\/tours\/soma-bay-ozel-surat-teknesi-kiralama-eden-adasi\/","url":"https:\/\/hurghadalovers.com\/tr\/tours\/soma-bay-ozel-surat-teknesi-kiralama-eden-adasi\/","name":"Soma K\u00f6rfezi Eden Adas\u0131'na \u00d6zel S\u00fcrat Teknesi Kiralama","isPartOf":{"@id":"https:\/\/hurghadalovers.com\/tr\/#website"},"primaryImageOfPage":{"@id":"https:\/\/hurghadalovers.com\/tr\/tours\/soma-bay-ozel-surat-teknesi-kiralama-eden-adasi\/#primaryimage"},"image":{"@id":"https:\/\/hurghadalovers.com\/tr\/tours\/soma-bay-ozel-surat-teknesi-kiralama-eden-adasi\/#primaryimage"},"thumbnailUrl":"https:\/\/hurghadalovers.com\/wp-content\/uploads\/2023\/08\/Book-Your-VIP-Beach-Day-Use-all-inclusive-Now.jpeg","datePublished":"2023-08-27T08:30:45+00:00","dateModified":"2026-01-13T20:26:04+00:00","description":"Soma K\u00f6rfezi Eden Adas\u0131'na Biletli \u00d6zel S\u00fcrat Teknesi Kiralama ve Transfer | Eden plaj\u0131nda 8 saat Tam G\u00fcn, Sahilde VIP a\u00e7\u0131k b\u00fcfe \u00f6\u011fle yeme\u011fi ve \u0130\u00e7ecekler.","breadcrumb":{"@id":"https:\/\/hurghadalovers.com\/tr\/tours\/soma-bay-ozel-surat-teknesi-kiralama-eden-adasi\/#breadcrumb"},"inLanguage":"tr","potentialAction":[{"@type":"ReadAction","target":["https:\/\/hurghadalovers.com\/tr\/tours\/soma-bay-ozel-surat-teknesi-kiralama-eden-adasi\/"]}]},{"@type":"ImageObject","inLanguage":"tr","@id":"https:\/\/hurghadalovers.com\/tr\/tours\/soma-bay-ozel-surat-teknesi-kiralama-eden-adasi\/#primaryimage","url":"https:\/\/hurghadalovers.com\/wp-content\/uploads\/2023\/08\/Book-Your-VIP-Beach-Day-Use-all-inclusive-Now.jpeg","contentUrl":"https:\/\/hurghadalovers.com\/wp-content\/uploads\/2023\/08\/Book-Your-VIP-Beach-Day-Use-all-inclusive-Now.jpeg","width":1555,"height":1106,"caption":"Book Your VIP Beach Day Use all inclusive Now"},{"@type":"BreadcrumbList","@id":"https:\/\/hurghadalovers.com\/tr\/tours\/soma-bay-ozel-surat-teknesi-kiralama-eden-adasi\/#breadcrumb","itemListElement":[{"@type":"ListItem","position":1,"name":"Home","item":"https:\/\/hurghadalovers.com\/tr\/"},{"@type":"ListItem","position":2,"name":"Shop","item":"https:\/\/hurghadalovers.com\/shop\/"},{"@type":"ListItem","position":3,"name":"Soma K\u00f6rfezi Eden Adas\u0131&#8217;na \u00d6zel S\u00fcrat Teknesi Kiralama"}]},{"@type":"WebSite","@id":"https:\/\/hurghadalovers.com\/tr\/#website","url":"https:\/\/hurghadalovers.com\/tr\/","name":"Hurghada Excursions & Day Trips | Booking Best Prices Tours","description":"Hurghada Lovers - Best Tour Operator - Excursions &amp; Things to do for Family Day Trips with kids and Couples Romantic. Unique .Hidden gems","publisher":{"@id":"https:\/\/hurghadalovers.com\/tr\/#organization"},"alternateName":"Hurghada Excursions","potentialAction":[{"@type":"SearchAction","target":{"@type":"EntryPoint","urlTemplate":"https:\/\/hurghadalovers.com\/tr\/?s={search_term_string}"},"query-input":{"@type":"PropertyValueSpecification","valueRequired":true,"valueName":"search_term_string"}}],"inLanguage":"tr"},{"@type":["Organization","Place","TravelAgency"],"@id":"https:\/\/hurghadalovers.com\/tr\/#organization","name":"Hurghada Excursions","url":"https:\/\/hurghadalovers.com\/tr\/","logo":{"@id":"https:\/\/hurghadalovers.com\/tr\/tours\/soma-bay-ozel-surat-teknesi-kiralama-eden-adasi\/#local-main-organization-logo"},"image":{"@id":"https:\/\/hurghadalovers.com\/tr\/tours\/soma-bay-ozel-surat-teknesi-kiralama-eden-adasi\/#local-main-organization-logo"},"sameAs":["https:\/\/www.facebook.com\/Hurghadaloversegypt"],"address":{"@id":"https:\/\/hurghadalovers.com\/tr\/tours\/soma-bay-ozel-surat-teknesi-kiralama-eden-adasi\/#local-main-place-address"},"telephone":["00201112596434"],"contactPoint":{"@type":"ContactPoint","telephone":"00201112596434","email":"weyouface@gmail.com"},"openingHoursSpecification":{"@type":"OpeningHoursSpecification","dayOfWeek":["Monday","Tuesday","Wednesday","Thursday","Friday","Saturday","Sunday"],"opens":"00:00","closes":"23:59"},"email":"weyouface@gmail.com","areaServed":"Luxor, Hurghada, El Gouna, Aswan, Sharm El Sheikh, Giza, Alexandria, Marsa Alam, Quseir, Soma Bay, Sahl Hasheesh, Red Sea, Makadi Bay, Cairo","priceRange":"$","currenciesAccepted":"euro","paymentAccepted":"cash on site"},{"@type":"PostalAddress","@id":"https:\/\/hurghadalovers.com\/tr\/tours\/soma-bay-ozel-surat-teknesi-kiralama-eden-adasi\/#local-main-place-address","streetAddress":"17 Banks street, Alkawther area, top nbk bank","addressLocality":"hurghada","postalCode":"84511","addressRegion":"red sea","addressCountry":"EG"},{"@type":"ImageObject","inLanguage":"tr","@id":"https:\/\/hurghadalovers.com\/tr\/tours\/soma-bay-ozel-surat-teknesi-kiralama-eden-adasi\/#local-main-organization-logo","url":"https:\/\/hurghadalovers.com\/wp-content\/uploads\/2019\/10\/hurghada-excursions-logo.png","contentUrl":"https:\/\/hurghadalovers.com\/wp-content\/uploads\/2019\/10\/hurghada-excursions-logo.png","width":272,"height":90,"caption":"Hurghada Excursions"}]},"product_brand":"Soma Bay \u015enorkel Yat Gezisi","product_price_amount":"90","product_price_currency":"EUR","og_availability":"instock","product_availability":"instock","product_retailer_item_id":"312313hhh","product_condition":"new","geo.placename":"hurghada","geo.region":"M\u0131s\u0131r"},"_links":{"self":[{"href":"https:\/\/hurghadalovers.com\/tr\/wp-json\/wp\/v2\/product\/384333","targetHints":{"allow":["GET"]}}],"collection":[{"href":"https:\/\/hurghadalovers.com\/tr\/wp-json\/wp\/v2\/product"}],"about":[{"href":"https:\/\/hurghadalovers.com\/tr\/wp-json\/wp\/v2\/types\/product"}],"wp:featuredmedia":[{"embeddable":true,"href":"https:\/\/hurghadalovers.com\/tr\/wp-json\/wp\/v2\/media\/931553"}],"wp:attachment":[{"href":"https:\/\/hurghadalovers.com\/tr\/wp-json\/wp\/v2\/media?parent=384333"}],"wp:term":[{"taxonomy":"product_brand","embeddable":true,"href":"https:\/\/hurghadalovers.com\/tr\/wp-json\/wp\/v2\/product_brand?post=384333"},{"taxonomy":"product_cat","embeddable":true,"href":"https:\/\/hurghadalovers.com\/tr\/wp-json\/wp\/v2\/product_cat?post=384333"},{"taxonomy":"product_tag","embeddable":true,"href":"https:\/\/hurghadalovers.com\/tr\/wp-json\/wp\/v2\/product_tag?post=384333"}],"curies":[{"name":"wp","href":"https:\/\/api.w.org\/{rel}","templated":true}]}}