{"id":383076,"date":"2023-08-26T09:22:14","date_gmt":"2023-08-26T09:22:14","guid":{"rendered":"https:\/\/hurghadalovers.com\/shop\/kategorilenmemis\/ozel-soma-korfezi-taksi-transferleri\/"},"modified":"2026-02-08T04:25:32","modified_gmt":"2026-02-08T04:25:32","slug":"ozel-soma-bay-taksi-transferi","status":"publish","type":"product","link":"https:\/\/hurghadalovers.com\/tr\/tours\/ozel-soma-bay-taksi-transferi\/","title":{"rendered":"\u00d6zel Soma K\u00f6rfezi Taksi Transferleri"},"content":{"rendered":"<p>Luksor, Kahire&#8217;ye <strong>\u00d6zel <\/strong><strong>Soma<\/strong> K\u00f6rfezi <strong>Taksi Transferleri<\/strong> | Rezervasyon Ucuz Fiyatlar Marsa alam, EL Gouna, Makadi k\u00f6rfezi, Hurghada (HRG) Havaalan\u0131na L\u00fcks Minivan ve Vip Araba ile Turist Servisi <strong>Transferi<\/strong> | Sitede nakit.<\/p>\n<p><strong>Detaylar:<\/strong><\/p>\n<ul>\n<li>Tur T\u00fcr\u00fc: Araba veya Minivan ile L\u00fcks \u00d6zel.<\/li>\n<li>Rezervasyon Taksi Araba, Minivan, M\u00fcsaitlik: Her g\u00fcn.<\/li>\n<li>Tekerlekli sandalye ile eri\u015filebilir.<\/li>\n<li>Soma K\u00f6rfezi&#8217;nden Luksor&#8217;a Al\u0131\u015f Saati: 05:00<\/li>\n<li>Soma K\u00f6rfezi&#8217;nden Kahire&#8217;ye Al\u0131\u015f Saati: 12:30<\/li>\n<li>Soma bay Otellerinden Hurghada (HRG) Havaalan\u0131, Hurghada Marina&#8217;ya Al\u0131\u015f Saati: istedi\u011finiz gibi.<\/li>\n<\/ul>\n<p><strong>\u015eimdi Rezerve Et Sonra \u00d6de:<\/strong><\/p>\n<ul>\n<li>Rehber i\u00e7in nakit.<\/li>\n<li>M\u0131s\u0131r poundu, $, \u20ac veya \u00a3 ile \u00f6deme.<\/li>\n<\/ul>\n<p><strong>\u0130ptal Politikas\u0131:<\/strong><\/p>\n<ul>\n<li>24 saat \u00f6ncesine kadar iptal edebilirsiniz.<\/li>\n<li>Ailenizden herhangi biri Sabah\u0131 \u0130ptal Etti\u011finde, Maliyetin %50&#8217;sini \u00d6deyin.<\/li>\n<\/ul>\n<p><strong>Neler Dahil?<\/strong><\/p>\n<ul>\n<li>Soma K\u00f6rfezi Otellerinden transfer &#8220;Otelden alma ve b\u0131rakma&#8221;.<\/li>\n<li>T\u00fcm Vergiler, Giri\u015f \u00dccretleri ve Ta\u015f\u0131ma \u00dccretleri.<\/li>\n<li>Transferler.<\/li>\n<li>\u0130\u00e7kiler.<\/li>\n<\/ul>\n<p><strong>\u0130stisnalar?<\/strong><\/p>\n<ul>\n<li>Bah\u015fi\u015f.<\/li>\n<\/ul>\n<p><strong>\u00d6zel Transfer <\/strong><strong>Soma K\u00f6rfezi<\/strong> <strong>Luxor&#8217;a:<\/strong><\/p>\n<p>Fiyat Taksi \/ Araba &#8220;3 Koltuk&#8221; = 170$ \u00d6zel Ara\u00e7 Ba\u015f\u0131na Fiyat.<\/p>\n<p>Fiyat Minivan &#8220;8 Koltuk&#8221; = 200$ \u00d6zel Minivan\/Minib\u00fcs ba\u015f\u0131na fiyat.<\/p>\n<p>Soma K\u00f6rfezi ile Luksor aras\u0131ndaki mesafe = 300 km<\/p>\n<p>Soma k\u00f6rfezi ile Luksor aras\u0131ndaki s\u00fcre = 4 saat.<\/p>\n<p>Orada 2 Durak &#8221; 20 dakika Mola, Safaga&#8217;da 20 Turist kontrol noktas\u0131&#8221;.<\/p>\n<p><strong> <\/strong><\/p>\n<p><strong>\u00d6zel Transfer <\/strong><strong>Soma K\u00f6rfezi<\/strong> <strong>Kahire&#8217;ye, Giza Piramitleri&#8217;ne:<\/strong><\/p>\n<p>Fiyat Taksi \/ Araba &#8220;3 Koltuk&#8221; = 180$ \u00d6zel Ara\u00e7 Ba\u015f\u0131na Fiyat.<\/p>\n<p>Fiyat Minivan &#8220;8 Koltuk&#8221; = 220$ \u00d6zel Minivan\/Minib\u00fcs ba\u015f\u0131na fiyat.<\/p>\n<p>Soma K\u00f6rfezi ile Kahire aras\u0131ndaki mesafe = 400 km<\/p>\n<p>Soma K\u00f6rfezi ile Kahire aras\u0131ndaki s\u00fcre = 7,30 saat<\/p>\n<p>3 Durak Var &#8220;Safran Ras Ghareb&#8217;de 20 dakika Mola, 15-30 dakika Turist kontrol noktas\u0131&#8221;<\/p>\n<p><strong>\u00d6zel Transfer <\/strong><strong>Soma K\u00f6rfezi<\/strong> <strong>Hurghada (HRG) Havaliman\u0131&#8217;na gidi\u015f veya geli\u015f:<\/strong><\/p>\n<p>Fiyat Taksi \/ Araba &#8220;3 &#8211; 6 Koltuk&#8221; = 30$ \u00d6zel Ara\u00e7 Ba\u015f\u0131na Fiyat.<\/p>\n<p>Fiyat Minivan &#8220;12 Koltuk&#8221; = 40$ \u00d6zel Minivan\/Minib\u00fcs ba\u015f\u0131na fiyat.<\/p>\n<p><strong> <\/strong><\/p>\n<p><strong>\u00d6zel Transfer <\/strong><strong>Soma K\u00f6rfezi<\/strong> <strong>Hurghada Marina&#8217;ya:<\/strong><\/p>\n<p>Fiyat Taksi \/ Araba &#8220;3 &#8211; 6 Koltuk&#8221; 4 saat = 45 $ \u00d6zel Ara\u00e7 Ba\u015f\u0131na Fiyat.<\/p>\n<p>Fiyat Minivan &#8220;12 Koltuk&#8221; 4 saat = 75$ \u00d6zel Minivan\/Minib\u00fcs ba\u015f\u0131na fiyat.<\/p>\n<p><strong> <\/strong><\/p>\n<p><strong>\u00d6zel Transfer <\/strong><strong>Soma K\u00f6rfezi<\/strong> <strong>El Gouna Otellerine:<\/strong><\/p>\n<p>Fiyat Taksi \/ Araba &#8220;3 &#8211; 6 Koltuk&#8221; = 55$ \u00d6zel Ara\u00e7 Ba\u015f\u0131na Fiyat.<\/p>\n<p>Fiyat Minivan &#8220;12 Koltuk&#8221; = 70$ \u00d6zel Minivan\/Minib\u00fcs ba\u015f\u0131na fiyat.<\/p>\n<p>Soma K\u00f6rfezi ile El Gouna aras\u0131ndaki mesafe = 90 km<\/p>\n<p>Soma k\u00f6rfezi ile El Gouna aras\u0131ndaki s\u00fcre = 70 dk.<\/p>\n<p><strong>\u00d6zel Taksi <\/strong><strong>Soma K\u00f6rfezi<\/strong> <strong>Marsa Alam&#8217;dan<\/strong><\/p>\n<p>Sizi veya grubunuzu Marsa Alam&#8217;dan K\u0131z\u0131ldeniz M\u0131s\u0131r&#8217;daki herhangi bir saraya transfer etmek i\u00e7in araba ve otob\u00fcs sunuyoruz.<\/p>\n<p><strong>Kahire Havaliman\u0131&#8217;na \u00d6zel Transferler<\/strong><\/p>\n<p>Kahire Havaalan\u0131na gitmeniz ve M\u0131s\u0131r Turizm \u015fehirlerine transfer olman\u0131z gerekiyorsa, size l\u00fcks \u00d6zel Otomobil Otob\u00fcs Limuzin Hizmeti vermemiz i\u00e7in bize g\u00fcvenebilirsiniz.<\/p>\n<p><strong>Taksi ile <\/strong><strong>Soma K\u00f6rfezi<\/strong> <strong>Marsa Alam&#8217;a<\/strong><\/p>\n<p>Hurghada havaalan\u0131na vard\u0131ysan\u0131z veya bulundu\u011funuz yerden Kahire veya Luksor&#8217;u ziyaret etmek i\u00e7in Mars Alam&#8217;a veya Mars Alam&#8217;dan en iyi arabalara veya otob\u00fcse ihtiyac\u0131n\u0131z varsa, hemen \u015fimdi bizi aray\u0131n<\/p>\n<p>1-3 ki\u015fi (bireysel ara\u00e7) = 90 $<\/p>\n<p>4-8 ki\u015fi (minib\u00fcs) = 120 $<\/p>\n<p><strong>Yorumlar:<\/strong><\/p>\n<p>Hurghada M\u0131s\u0131r&#8217;da \u00e7evrimi\u00e7i olarak <a href=\"https:\/\/hurghadalovers.com\/\">Hurghada<\/a> &#8216;daki En \u0130yi <a href=\"https:\/\/g.page\/r\/CUeYvkngP3wkEBM\/review\">Tur Operat\u00f6r\u00fc<\/a> olarak Google Harita \u0130ncelemelerimizi kontrol edin.<\/p>\n<p><strong>Rezervasyon:<\/strong><\/p>\n<p>Otel + Oda Numaras\u0131 + Foto\u011frafl\u0131 pasaportlar\u0131 WhatsApp&#8217;a g\u00f6nderin: <strong>+201112596434<\/strong><\/p>\n<p>M\u0131s\u0131r d\u0131\u015f\u0131ndaysan\u0131z \u015fimdi \u00e7evrimi\u00e7i rezervasyon yap\u0131n ve otele vard\u0131\u011f\u0131n\u0131zda onaylay\u0131n.<\/p>\n<p>&nbsp;<\/p>\n<p>&nbsp;<\/p>\n","protected":false},"excerpt":{"rendered":"<p>Luksor, Kahire&#8217;ye <strong>\u00d6zel <\/strong><strong>Soma<\/strong> K\u00f6rfezi <strong>Taksi Transferleri<\/strong> | Rezervasyon Ucuz Fiyatlar Marsa alam, EL Gouna, Makadi k\u00f6rfezi, Hurghada (HRG) Havaalan\u0131na L\u00fcks Minivan ve Vip Araba ile Turist Servisi <strong>Transferi<\/strong> | Sitede nakit.<\/p>\n","protected":false},"featured_media":454394,"template":"","meta":{"_joinchat":[]},"product_brand":[],"product_cat":[36664],"product_tag":[54307,54309,50569,54258,54255,54267,54265,54269,54277,54305,54303,54319,54321,54317,54256,54257,54259],"class_list":{"0":"post-383076","1":"product","2":"type-product","3":"status-publish","4":"has-post-thumbnail","6":"product_cat-turlar","7":"product_tag-ciftler-icin-soma-korfezi-aktiviteleri","8":"product_tag-ciftler-icin-soma-korfezinde-yapilacak-seyler","9":"product_tag-kahire-ozel-turlari","10":"product_tag-kahireye-soma-korfezi-gezisi","11":"product_tag-soma-korfezi-piramitler","12":"product_tag-soma-korfezi-aktiviteleri","13":"product_tag-soma-korfezi-gezileri","14":"product_tag-soma-korfezi-gunubirlik-geziler","15":"product_tag-soma-korfezinde-ailecek-yapilacak-seyler","16":"product_tag-soma-korfezinde-yapilacak-romantik-seyler-tr","17":"product_tag-soma-korfezinde-yapilacak-seyler","18":"product_tag-soma-korfezinden-aile-etkinlikleri","19":"product_tag-soma-korfezinden-aile-gunleri","20":"product_tag-soma-korfezinden-bebek-etkinlikleri","21":"product_tag-soma-korfezinden-kahire-gunubirlik-gezisi","22":"product_tag-soma-korfezinden-piramitler","23":"product_tag-soma-korfezinden-piramitlere-gunubirlik-gezi","24":"tour_category-soma-korfezinden-kahire-gunubirlik-turlar","25":"tour_category-soma-korfezi-gezileri","27":"first","28":"instock","29":"sale","30":"shipping-taxable","31":"purchasable","32":"product-type-tour"},"yoast_head":"<!-- This site is optimized with the Yoast SEO Premium plugin v26.9 (Yoast SEO v27.2) - https:\/\/yoast.com\/product\/yoast-seo-premium-wordpress\/ -->\n<title>Luksor, Kahire | L\u00fcks ve Vip \u00d6zel Soma K\u00f6rfezi Taksi Transferleri<\/title>\n<meta name=\"description\" content=\"Luksor&#039;a \u00d6zel Soma K\u00f6rfezi Taksi Transferleri, Kahire | Rezervasyon Ucuz Fiyatlar Marsa alam, EL Gouna&#039;ya L\u00fcks Minivan ve Vip Araba ile Turist Servisi Transferi...\" \/>\n<meta name=\"robots\" content=\"index, follow, max-snippet:-1, max-image-preview:large, max-video-preview:-1\" \/>\n<link rel=\"canonical\" href=\"https:\/\/hurghadalovers.com\/tr\/tours\/ozel-soma-bay-taksi-transferi\/\" \/>\n<meta property=\"og:locale\" content=\"tr_TR\" \/>\n<meta property=\"og:type\" content=\"article\" \/>\n<meta property=\"og:title\" content=\"\u00d6zel Soma K\u00f6rfezi Taksi Transferleri\" \/>\n<meta property=\"og:description\" content=\"Luksor&#039;a \u00d6zel Soma K\u00f6rfezi Taksi Transferleri, Kahire | Rezervasyon Ucuz Fiyatlar Marsa alam, EL Gouna&#039;ya L\u00fcks Minivan ve Vip Araba ile Turist Servisi Transferi...\" \/>\n<meta property=\"og:url\" content=\"https:\/\/hurghadalovers.com\/tr\/tours\/ozel-soma-bay-taksi-transferi\/\" \/>\n<meta property=\"og:site_name\" content=\"Hurghada Excursions &amp; Day Trips | Booking Best Prices Tours\" \/>\n<meta property=\"article:publisher\" content=\"https:\/\/www.facebook.com\/Hurghadaloversegypt\" \/>\n<meta property=\"article:modified_time\" content=\"2026-02-08T04:25:32+00:00\" \/>\n<meta property=\"og:image\" content=\"https:\/\/hurghadalovers.com\/wp-content\/uploads\/2023\/08\/Privater-Transfer-von-Soma-bay-2.jpeg\" \/>\n\t<meta property=\"og:image:width\" content=\"1156\" \/>\n\t<meta property=\"og:image:height\" content=\"867\" \/>\n\t<meta property=\"og:image:type\" content=\"image\/jpeg\" \/>\n<meta name=\"twitter:card\" content=\"summary_large_image\" \/>\n<meta name=\"twitter:label1\" content=\"Fiyat\" \/>\n\t<meta name=\"twitter:data1\" content=\"&euro;&nbsp;30\" \/>\n\t<meta name=\"twitter:label2\" content=\"Durumu\" \/>\n\t<meta name=\"twitter:data2\" content=\"Stokta var\" \/>\n<script type=\"application\/ld+json\" class=\"yoast-schema-graph\">{\"@context\":\"https:\/\/schema.org\",\"@graph\":[{\"@type\":[\"WebPage\",\"ItemPage\"],\"@id\":\"https:\/\/hurghadalovers.com\/tr\/tours\/ozel-soma-bay-taksi-transferi\/\",\"url\":\"https:\/\/hurghadalovers.com\/tr\/tours\/ozel-soma-bay-taksi-transferi\/\",\"name\":\"Luksor, Kahire | L\u00fcks ve Vip \u00d6zel Soma K\u00f6rfezi Taksi Transferleri\",\"isPartOf\":{\"@id\":\"https:\/\/hurghadalovers.com\/tr\/#website\"},\"primaryImageOfPage\":{\"@id\":\"https:\/\/hurghadalovers.com\/tr\/tours\/ozel-soma-bay-taksi-transferi\/#primaryimage\"},\"image\":{\"@id\":\"https:\/\/hurghadalovers.com\/tr\/tours\/ozel-soma-bay-taksi-transferi\/#primaryimage\"},\"thumbnailUrl\":\"https:\/\/hurghadalovers.com\/wp-content\/uploads\/2023\/08\/Privater-Transfer-von-Soma-bay-2.jpeg\",\"datePublished\":\"2023-08-26T09:22:14+00:00\",\"dateModified\":\"2026-02-08T04:25:32+00:00\",\"description\":\"Luksor'a \u00d6zel Soma K\u00f6rfezi Taksi Transferleri, Kahire | Rezervasyon Ucuz Fiyatlar Marsa alam, EL Gouna'ya L\u00fcks Minivan ve Vip Araba ile Turist Servisi Transferi...\",\"breadcrumb\":{\"@id\":\"https:\/\/hurghadalovers.com\/tr\/tours\/ozel-soma-bay-taksi-transferi\/#breadcrumb\"},\"inLanguage\":\"tr\",\"potentialAction\":[{\"@type\":\"ReadAction\",\"target\":[\"https:\/\/hurghadalovers.com\/tr\/tours\/ozel-soma-bay-taksi-transferi\/\"]}]},{\"@type\":\"ImageObject\",\"inLanguage\":\"tr\",\"@id\":\"https:\/\/hurghadalovers.com\/tr\/tours\/ozel-soma-bay-taksi-transferi\/#primaryimage\",\"url\":\"https:\/\/hurghadalovers.com\/wp-content\/uploads\/2023\/08\/Privater-Transfer-von-Soma-bay-2.jpeg\",\"contentUrl\":\"https:\/\/hurghadalovers.com\/wp-content\/uploads\/2023\/08\/Privater-Transfer-von-Soma-bay-2.jpeg\",\"width\":1156,\"height\":867,\"caption\":\"Privater Transfer von Soma Bay nach Luxor, Kairo\"},{\"@type\":\"BreadcrumbList\",\"@id\":\"https:\/\/hurghadalovers.com\/tr\/tours\/ozel-soma-bay-taksi-transferi\/#breadcrumb\",\"itemListElement\":[{\"@type\":\"ListItem\",\"position\":1,\"name\":\"Home\",\"item\":\"https:\/\/hurghadalovers.com\/tr\/\"},{\"@type\":\"ListItem\",\"position\":2,\"name\":\"Shop\",\"item\":\"https:\/\/hurghadalovers.com\/shop\/\"},{\"@type\":\"ListItem\",\"position\":3,\"name\":\"\u00d6zel Soma K\u00f6rfezi Taksi Transferleri\"}]},{\"@type\":\"WebSite\",\"@id\":\"https:\/\/hurghadalovers.com\/tr\/#website\",\"url\":\"https:\/\/hurghadalovers.com\/tr\/\",\"name\":\"Hurghada Excursions & Day Trips | Booking Best Prices Tours\",\"description\":\"Hurghada Lovers - Best Tour Operator - Excursions &amp; Things to do for Family Day Trips with kids and Couples Romantic. Unique .Hidden gems\",\"publisher\":{\"@id\":\"https:\/\/hurghadalovers.com\/tr\/#organization\"},\"alternateName\":\"Hurghada Excursions\",\"potentialAction\":[{\"@type\":\"SearchAction\",\"target\":{\"@type\":\"EntryPoint\",\"urlTemplate\":\"https:\/\/hurghadalovers.com\/tr\/?s={search_term_string}\"},\"query-input\":{\"@type\":\"PropertyValueSpecification\",\"valueRequired\":true,\"valueName\":\"search_term_string\"}}],\"inLanguage\":\"tr\"},{\"@type\":[\"Organization\",\"Place\",\"TravelAgency\"],\"@id\":\"https:\/\/hurghadalovers.com\/tr\/#organization\",\"name\":\"Hurghada Excursions\",\"url\":\"https:\/\/hurghadalovers.com\/tr\/\",\"logo\":{\"@id\":\"https:\/\/hurghadalovers.com\/tr\/tours\/ozel-soma-bay-taksi-transferi\/#local-main-organization-logo\"},\"image\":{\"@id\":\"https:\/\/hurghadalovers.com\/tr\/tours\/ozel-soma-bay-taksi-transferi\/#local-main-organization-logo\"},\"sameAs\":[\"https:\/\/www.facebook.com\/Hurghadaloversegypt\"],\"address\":{\"@id\":\"https:\/\/hurghadalovers.com\/tr\/tours\/ozel-soma-bay-taksi-transferi\/#local-main-place-address\"},\"telephone\":[\"00201112596434\"],\"contactPoint\":{\"@type\":\"ContactPoint\",\"telephone\":\"00201112596434\",\"email\":\"weyouface@gmail.com\"},\"openingHoursSpecification\":{\"@type\":\"OpeningHoursSpecification\",\"dayOfWeek\":[\"Monday\",\"Tuesday\",\"Wednesday\",\"Thursday\",\"Friday\",\"Saturday\",\"Sunday\"],\"opens\":\"00:00\",\"closes\":\"23:59\"},\"email\":\"weyouface@gmail.com\",\"areaServed\":\"Luxor, Hurghada, El Gouna, Aswan, Sharm El Sheikh, Giza, Alexandria, Marsa Alam, Quseir, Soma Bay, Sahl Hasheesh, Red Sea, Makadi Bay, Cairo\",\"priceRange\":\"$\",\"currenciesAccepted\":\"euro\",\"paymentAccepted\":\"cash on site\"},{\"@type\":\"PostalAddress\",\"@id\":\"https:\/\/hurghadalovers.com\/tr\/tours\/ozel-soma-bay-taksi-transferi\/#local-main-place-address\",\"streetAddress\":\"17 Banks street, Alkawther area, top nbk bank\",\"addressLocality\":\"hurghada\",\"postalCode\":\"84511\",\"addressRegion\":\"red sea\",\"addressCountry\":\"EG\"},{\"@type\":\"ImageObject\",\"inLanguage\":\"tr\",\"@id\":\"https:\/\/hurghadalovers.com\/tr\/tours\/ozel-soma-bay-taksi-transferi\/#local-main-organization-logo\",\"url\":\"https:\/\/hurghadalovers.com\/wp-content\/uploads\/2019\/10\/hurghada-excursions-logo.png\",\"contentUrl\":\"https:\/\/hurghadalovers.com\/wp-content\/uploads\/2019\/10\/hurghada-excursions-logo.png\",\"width\":272,\"height\":90,\"caption\":\"Hurghada Excursions\"}]}<\/script>\n<meta property=\"product:brand\" content=\"Soma Bay Piramitlere Turlar\u0131\" \/>\n<meta property=\"product:price:amount\" content=\"30\" \/>\n<meta property=\"product:price:currency\" content=\"EUR\" \/>\n<meta property=\"og:availability\" content=\"instock\" \/>\n<meta property=\"product:availability\" content=\"instock\" \/>\n<meta property=\"product:retailer_item_id\" content=\"Somabay042024\" \/>\n<meta property=\"product:condition\" content=\"new\" \/>\n<meta name=\"geo.placename\" content=\"hurghada\" \/>\n<meta name=\"geo.region\" content=\"M\u0131s\u0131r\" \/>\n<!-- \/ Yoast SEO Premium plugin. -->","yoast_head_json":{"title":"Luksor, Kahire | L\u00fcks ve Vip \u00d6zel Soma K\u00f6rfezi Taksi Transferleri","description":"Luksor'a \u00d6zel Soma K\u00f6rfezi Taksi Transferleri, Kahire | Rezervasyon Ucuz Fiyatlar Marsa alam, EL Gouna'ya L\u00fcks Minivan ve Vip Araba ile Turist Servisi Transferi...","robots":{"index":"index","follow":"follow","max-snippet":"max-snippet:-1","max-image-preview":"max-image-preview:large","max-video-preview":"max-video-preview:-1"},"canonical":"https:\/\/hurghadalovers.com\/tr\/tours\/ozel-soma-bay-taksi-transferi\/","og_locale":"tr_TR","og_type":"article","og_title":"\u00d6zel Soma K\u00f6rfezi Taksi Transferleri","og_description":"Luksor'a \u00d6zel Soma K\u00f6rfezi Taksi Transferleri, Kahire | Rezervasyon Ucuz Fiyatlar Marsa alam, EL Gouna'ya L\u00fcks Minivan ve Vip Araba ile Turist Servisi Transferi...","og_url":"https:\/\/hurghadalovers.com\/tr\/tours\/ozel-soma-bay-taksi-transferi\/","og_site_name":"Hurghada Excursions &amp; Day Trips | Booking Best Prices Tours","article_publisher":"https:\/\/www.facebook.com\/Hurghadaloversegypt","article_modified_time":"2026-02-08T04:25:32+00:00","og_image":[{"width":1156,"height":867,"url":"https:\/\/hurghadalovers.com\/wp-content\/uploads\/2023\/08\/Privater-Transfer-von-Soma-bay-2.jpeg","type":"image\/jpeg"}],"twitter_card":"summary_large_image","twitter_misc":{"Fiyat":"&euro;&nbsp;30","Durumu":"Stokta var"},"schema":{"@context":"https:\/\/schema.org","@graph":[{"@type":["WebPage","ItemPage"],"@id":"https:\/\/hurghadalovers.com\/tr\/tours\/ozel-soma-bay-taksi-transferi\/","url":"https:\/\/hurghadalovers.com\/tr\/tours\/ozel-soma-bay-taksi-transferi\/","name":"Luksor, Kahire | L\u00fcks ve Vip \u00d6zel Soma K\u00f6rfezi Taksi Transferleri","isPartOf":{"@id":"https:\/\/hurghadalovers.com\/tr\/#website"},"primaryImageOfPage":{"@id":"https:\/\/hurghadalovers.com\/tr\/tours\/ozel-soma-bay-taksi-transferi\/#primaryimage"},"image":{"@id":"https:\/\/hurghadalovers.com\/tr\/tours\/ozel-soma-bay-taksi-transferi\/#primaryimage"},"thumbnailUrl":"https:\/\/hurghadalovers.com\/wp-content\/uploads\/2023\/08\/Privater-Transfer-von-Soma-bay-2.jpeg","datePublished":"2023-08-26T09:22:14+00:00","dateModified":"2026-02-08T04:25:32+00:00","description":"Luksor'a \u00d6zel Soma K\u00f6rfezi Taksi Transferleri, Kahire | Rezervasyon Ucuz Fiyatlar Marsa alam, EL Gouna'ya L\u00fcks Minivan ve Vip Araba ile Turist Servisi Transferi...","breadcrumb":{"@id":"https:\/\/hurghadalovers.com\/tr\/tours\/ozel-soma-bay-taksi-transferi\/#breadcrumb"},"inLanguage":"tr","potentialAction":[{"@type":"ReadAction","target":["https:\/\/hurghadalovers.com\/tr\/tours\/ozel-soma-bay-taksi-transferi\/"]}]},{"@type":"ImageObject","inLanguage":"tr","@id":"https:\/\/hurghadalovers.com\/tr\/tours\/ozel-soma-bay-taksi-transferi\/#primaryimage","url":"https:\/\/hurghadalovers.com\/wp-content\/uploads\/2023\/08\/Privater-Transfer-von-Soma-bay-2.jpeg","contentUrl":"https:\/\/hurghadalovers.com\/wp-content\/uploads\/2023\/08\/Privater-Transfer-von-Soma-bay-2.jpeg","width":1156,"height":867,"caption":"Privater Transfer von Soma Bay nach Luxor, Kairo"},{"@type":"BreadcrumbList","@id":"https:\/\/hurghadalovers.com\/tr\/tours\/ozel-soma-bay-taksi-transferi\/#breadcrumb","itemListElement":[{"@type":"ListItem","position":1,"name":"Home","item":"https:\/\/hurghadalovers.com\/tr\/"},{"@type":"ListItem","position":2,"name":"Shop","item":"https:\/\/hurghadalovers.com\/shop\/"},{"@type":"ListItem","position":3,"name":"\u00d6zel Soma K\u00f6rfezi Taksi Transferleri"}]},{"@type":"WebSite","@id":"https:\/\/hurghadalovers.com\/tr\/#website","url":"https:\/\/hurghadalovers.com\/tr\/","name":"Hurghada Excursions & Day Trips | Booking Best Prices Tours","description":"Hurghada Lovers - Best Tour Operator - Excursions &amp; Things to do for Family Day Trips with kids and Couples Romantic. Unique .Hidden gems","publisher":{"@id":"https:\/\/hurghadalovers.com\/tr\/#organization"},"alternateName":"Hurghada Excursions","potentialAction":[{"@type":"SearchAction","target":{"@type":"EntryPoint","urlTemplate":"https:\/\/hurghadalovers.com\/tr\/?s={search_term_string}"},"query-input":{"@type":"PropertyValueSpecification","valueRequired":true,"valueName":"search_term_string"}}],"inLanguage":"tr"},{"@type":["Organization","Place","TravelAgency"],"@id":"https:\/\/hurghadalovers.com\/tr\/#organization","name":"Hurghada Excursions","url":"https:\/\/hurghadalovers.com\/tr\/","logo":{"@id":"https:\/\/hurghadalovers.com\/tr\/tours\/ozel-soma-bay-taksi-transferi\/#local-main-organization-logo"},"image":{"@id":"https:\/\/hurghadalovers.com\/tr\/tours\/ozel-soma-bay-taksi-transferi\/#local-main-organization-logo"},"sameAs":["https:\/\/www.facebook.com\/Hurghadaloversegypt"],"address":{"@id":"https:\/\/hurghadalovers.com\/tr\/tours\/ozel-soma-bay-taksi-transferi\/#local-main-place-address"},"telephone":["00201112596434"],"contactPoint":{"@type":"ContactPoint","telephone":"00201112596434","email":"weyouface@gmail.com"},"openingHoursSpecification":{"@type":"OpeningHoursSpecification","dayOfWeek":["Monday","Tuesday","Wednesday","Thursday","Friday","Saturday","Sunday"],"opens":"00:00","closes":"23:59"},"email":"weyouface@gmail.com","areaServed":"Luxor, Hurghada, El Gouna, Aswan, Sharm El Sheikh, Giza, Alexandria, Marsa Alam, Quseir, Soma Bay, Sahl Hasheesh, Red Sea, Makadi Bay, Cairo","priceRange":"$","currenciesAccepted":"euro","paymentAccepted":"cash on site"},{"@type":"PostalAddress","@id":"https:\/\/hurghadalovers.com\/tr\/tours\/ozel-soma-bay-taksi-transferi\/#local-main-place-address","streetAddress":"17 Banks street, Alkawther area, top nbk bank","addressLocality":"hurghada","postalCode":"84511","addressRegion":"red sea","addressCountry":"EG"},{"@type":"ImageObject","inLanguage":"tr","@id":"https:\/\/hurghadalovers.com\/tr\/tours\/ozel-soma-bay-taksi-transferi\/#local-main-organization-logo","url":"https:\/\/hurghadalovers.com\/wp-content\/uploads\/2019\/10\/hurghada-excursions-logo.png","contentUrl":"https:\/\/hurghadalovers.com\/wp-content\/uploads\/2019\/10\/hurghada-excursions-logo.png","width":272,"height":90,"caption":"Hurghada Excursions"}]},"product_brand":"Soma Bay Piramitlere Turlar\u0131","product_price_amount":"30","product_price_currency":"EUR","og_availability":"instock","product_availability":"instock","product_retailer_item_id":"Somabay042024","product_condition":"new","geo.placename":"hurghada","geo.region":"M\u0131s\u0131r"},"_links":{"self":[{"href":"https:\/\/hurghadalovers.com\/tr\/wp-json\/wp\/v2\/product\/383076","targetHints":{"allow":["GET"]}}],"collection":[{"href":"https:\/\/hurghadalovers.com\/tr\/wp-json\/wp\/v2\/product"}],"about":[{"href":"https:\/\/hurghadalovers.com\/tr\/wp-json\/wp\/v2\/types\/product"}],"wp:featuredmedia":[{"embeddable":true,"href":"https:\/\/hurghadalovers.com\/tr\/wp-json\/wp\/v2\/media\/454394"}],"wp:attachment":[{"href":"https:\/\/hurghadalovers.com\/tr\/wp-json\/wp\/v2\/media?parent=383076"}],"wp:term":[{"taxonomy":"product_brand","embeddable":true,"href":"https:\/\/hurghadalovers.com\/tr\/wp-json\/wp\/v2\/product_brand?post=383076"},{"taxonomy":"product_cat","embeddable":true,"href":"https:\/\/hurghadalovers.com\/tr\/wp-json\/wp\/v2\/product_cat?post=383076"},{"taxonomy":"product_tag","embeddable":true,"href":"https:\/\/hurghadalovers.com\/tr\/wp-json\/wp\/v2\/product_tag?post=383076"}],"curies":[{"name":"wp","href":"https:\/\/api.w.org\/{rel}","templated":true}]}}