{"id":381232,"date":"2023-08-19T11:35:23","date_gmt":"2023-08-19T11:35:23","guid":{"rendered":"https:\/\/hurghadalovers.com\/shop\/kategorilenmemis\/ozel-hurgada-taksi-transferleri\/"},"modified":"2026-02-09T18:02:33","modified_gmt":"2026-02-09T18:02:33","slug":"ozel-hurghada-taksi-transferleri","status":"publish","type":"product","link":"https:\/\/hurghadalovers.com\/tr\/tours\/ozel-hurghada-taksi-transferleri\/","title":{"rendered":"\u00d6zel Hurgada Taksi Transferleri"},"content":{"rendered":"<p>Luksor, Kahire&#8217;ye <strong>\u00d6zel Hurghada Taksi Transferleri<\/strong> | Rezervasyon Ucuz Fiyatlar Marsa alam, Soma koyu, EL Gouna, Makadi koyu, Hurghada (HRG) Havaalan\u0131&#8217;na L\u00fcks Minivan ve Vip Araba ile Turist Servisi <strong>Transferi<\/strong> | Sitede nakit.<\/p>\n<p><strong>Detaylar:<\/strong><\/p>\n<ul>\n<li>Tur T\u00fcr\u00fc: Araba veya Minivan ile L\u00fcks \u00d6zel.<\/li>\n<li>Rezervasyon Taksi Araba, Minivan, M\u00fcsaitlik: Her g\u00fcn.<\/li>\n<li>Tekerlekli sandalye ile eri\u015filebilir.<\/li>\n<li>Hurghada&#8217;dan Luksor&#8217;a Al\u0131\u015f Saati: 04:30<\/li>\n<li>Hurghada&#8217;dan Kahire&#8217;ye Al\u0131\u015f Saati: 01:30<\/li>\n<li>Hurghada Otellerinden Hurghada (HRG) Havaalan\u0131na, Hurghada Marina&#8217;ya Al\u0131\u015f Saati: istedi\u011finiz gibi.<\/li>\n<li>\n<\/li>\n<\/ul>\n<p><strong>\u015eimdi Rezerve Et Sonra \u00d6de:<\/strong><\/p>\n<ul>\n<li>Rehber i\u00e7in nakit.<\/li>\n<li>M\u0131s\u0131r poundu, $, \u20ac veya \u00a3 ile \u00f6deme.<\/li>\n<\/ul>\n<p><strong>\u0130ptal Politikas\u0131:<\/strong><\/p>\n<ul>\n<li>24 saat \u00f6ncesine kadar iptal edebilirsiniz.<\/li>\n<li>Ailenizden herhangi biri Sabah\u0131 \u0130ptal Etti\u011finde, Maliyetin %50&#8217;sini \u00d6deyin.<\/li>\n<\/ul>\n<p><strong>Neler Dahil?<\/strong><\/p>\n<ul>\n<li>Hurghada Otellerinden transfer &#8220;Otelden alma ve b\u0131rakma&#8221;.<\/li>\n<li>T\u00fcm Vergiler, Giri\u015f \u00dccretleri ve Ta\u015f\u0131ma \u00dccretleri.<\/li>\n<li>Transferler.<\/li>\n<li>\u0130\u00e7kiler.<\/li>\n<\/ul>\n<p><strong>\u0130stisnalar?<\/strong><\/p>\n<ul>\n<li>Bah\u015fi\u015f.<\/li>\n<\/ul>\n<p><strong>Hurghada&#8217;dan Luxor&#8217;a \u00d6zel Transfer:<\/strong><\/p>\n<p>Fiyat Taksi \/ Araba &#8220;3 Koltuk&#8221; = 130$ \u00d6zel Ara\u00e7 Ba\u015f\u0131na Fiyat.<\/p>\n<p>Fiyat Minivan &#8220;8 Koltuk&#8221; = 175$ \u00d6zel Minivan\/Minib\u00fcs ba\u015f\u0131na fiyat.<\/p>\n<p>Hurgada ile Luksor aras\u0131ndaki mesafe = 350 km<\/p>\n<p>Hurghada &#8211; Luksor aras\u0131 zaman = 4,30 saat.<\/p>\n<p>Orada 2 Durak &#8221; 20 dakika Mola, Safaga&#8217;da 20 Turist kontrol noktas\u0131&#8221;.<\/p>\n<p><strong> <\/strong><\/p>\n<p><strong>Hurghada&#8217;dan Kahire&#8217;ye \u00d6zel Transfer, Giza Piramitleri:<\/strong><\/p>\n<p>Fiyat Taksi \/ Araba &#8220;3 Koltuk&#8221; = 140$ \u00d6zel Ara\u00e7 Ba\u015f\u0131na Fiyat.<\/p>\n<p>Fiyat Minivan &#8220;8 Koltuk&#8221; = 200$ \u00d6zel Minivan\/Minib\u00fcs ba\u015f\u0131na fiyat.<\/p>\n<p>Hurgada ile Kahire aras\u0131ndaki mesafe = 450 km<\/p>\n<p>Hurgada ile Kahire aras\u0131ndaki s\u00fcre = 6,30 saat<\/p>\n<p>3 Durak Var &#8220;Safran Ras Ghareb&#8217;de 20 dakika Mola, 15-30 dakika Turist kontrol noktas\u0131&#8221;<\/p>\n<p><strong>Hurghada&#8217;dan Hurghada (HRG) Havaalan\u0131na veya Havaalan\u0131ndan \u00d6zel Transfer:<\/strong><\/p>\n<p>Fiyat Taksi \/ Araba &#8220;3 &#8211; 6 Koltuk&#8221; = 20$ \u00d6zel Ara\u00e7 Ba\u015f\u0131na Fiyat.<\/p>\n<p>Fiyat Minivan &#8220;12 Koltuk&#8221; = 30$ \u00d6zel Minivan\/Minib\u00fcs ba\u015f\u0131na fiyat.<\/p>\n<p><strong> <\/strong><\/p>\n<p><strong>Hurghada&#8217;dan Hurghada Marina&#8217;ya \u00d6zel Transfer:<\/strong><\/p>\n<p>Fiyat Taksi \/ Araba &#8220;3 &#8211; 6 Koltuk&#8221; 4 saat = 30 $ \u00d6zel Ara\u00e7 Ba\u015f\u0131na Fiyat.<\/p>\n<p>Fiyat Minivan &#8220;12 Koltuk&#8221; 4 saat = 50$ \u00d6zel Minivan\/Minib\u00fcs ba\u015f\u0131na fiyat.<\/p>\n<p><strong> <\/strong><\/p>\n<p><strong>Hurghada&#8217;dan El Gouna Otellerine \u00d6zel Transfer:<\/strong><\/p>\n<p>Fiyat Taksi \/ Araba &#8220;3 &#8211; 6 Koltuk&#8221; = 40$ \u00d6zel Ara\u00e7 Ba\u015f\u0131na Fiyat.<\/p>\n<p>Fiyat Minivan &#8220;12 Koltuk&#8221; = 55$ \u00d6zel Minivan\/Minib\u00fcs ba\u015f\u0131na fiyat.<\/p>\n<p>Hurgada ile El Gouna aras\u0131ndaki mesafe = 40 km<\/p>\n<p>Hurghada ile El Gouna aras\u0131ndaki s\u00fcre = 30 dk.<\/p>\n<p><strong>Marsa Alam&#8217;dan \u00d6zel Taksi Hurghada<\/strong><\/p>\n<p>Sizi veya grubunuzu Marsa Alam&#8217;dan K\u0131z\u0131ldeniz M\u0131s\u0131r&#8217;daki herhangi bir saraya transfer etmek i\u00e7in araba ve otob\u00fcs sunuyoruz.<\/p>\n<p><strong>Kahire Havaliman\u0131&#8217;na \u00d6zel Transferler<\/strong><\/p>\n<p>Kahire Havaalan\u0131na gitmeniz ve M\u0131s\u0131r Turizm \u015fehirlerine transfer olman\u0131z gerekiyorsa, size l\u00fcks \u00d6zel Otomobil Otob\u00fcs Limuzin Hizmeti vermemiz i\u00e7in bize g\u00fcvenebilirsiniz.<\/p>\n<p><strong>Hurgada&#8217;dan Sahl Hasheesh&#8217;e taksi<\/strong><\/p>\n<p>Sizi Hurghada havaliman\u0131ndan Sahl Hashe otellerine transfer etmek i\u00e7in herhangi bir formatta \u00f6zel ula\u015f\u0131m i\u00e7in en iyi fiyata ihtiyac\u0131n\u0131z var veya otelden herhangi bir yere transfer ihtiyac\u0131n\u0131z var, bize g\u00fcvenebilirsiniz.<\/p>\n<p>1-3 ki\u015fi (standart araba) = 10 $&#8217;dan ba\u015flayan fiyatlarla<\/p>\n<p>4-8 ki\u015fi (minib\u00fcs) = 23 $&#8217;dan ba\u015flayan fiyatlarla<\/p>\n<p><strong>Hurgada&#8217;dan Marsa Alam&#8217;a taksi<\/strong><\/p>\n<p>Hurghada havaalan\u0131na vard\u0131ysan\u0131z veya bulundu\u011funuz yerden Kahire veya Luksor&#8217;u ziyaret etmek i\u00e7in Mars Alam&#8217;a veya Mars Alam&#8217;dan en iyi arabalara veya otob\u00fcse ihtiyac\u0131n\u0131z varsa, hemen \u015fimdi bizi aray\u0131n<\/p>\n<p>1-3 ki\u015fi (bireysel ara\u00e7) = 84 $<\/p>\n<p>4-8 ki\u015fi (minib\u00fcs) = 107 $<\/p>\n<p><strong>Hurgada Havaliman\u0131&#8217;ndan Makadi K\u00f6rfezi&#8217;ne taksiler<\/strong><\/p>\n<p>Tek ba\u015f\u0131n\u0131za veya bir grup Makadi Bay oteli i\u00e7in en iyi transfer fiyatlar\u0131n\u0131 sunuyoruz ve Kahire Giza piramitlerini ziyaret edin veya Luksor \u015fehrine bir tur yap\u0131n.<\/p>\n<p>1-3 ki\u015fi (standart ara\u00e7) = 10 $&#8217;dan ba\u015flayan fiyatlarla<\/p>\n<p>4-8 ki\u015fi (minib\u00fcs) = 23 $<\/p>\n<p><strong>Hurgada Havaliman\u0131&#8217;ndan Soma K\u00f6rfezi&#8217;ne Taksi<\/strong><\/p>\n<p>Sizi Soma Bay otellerine transfer etmek i\u00e7in l\u00fcks \u00f6zel ara\u00e7lara, otob\u00fcslere veya bir limuzine ihtiyac\u0131n\u0131z varsa veya M\u0131s\u0131r&#8217;\u0131n turistik yerlerini ziyaret etmek i\u00e7in turlar yapman\u0131z gerekti\u011finde, \u015fimdi bizimle rezervasyon yap\u0131n.<\/p>\n<p>1-3 ki\u015fi (standart ara\u00e7) = 35 $<\/p>\n<p>4-8 ki\u015fi (minib\u00fcs) = 40 $<\/p>\n<p>&nbsp;<\/p>\n<p>&nbsp;<\/p>\n<p><strong>Yorumlar:<\/strong><\/p>\n<p>Hurghada M\u0131s\u0131r&#8217;da \u00e7evrimi\u00e7i olarak <a href=\"https:\/\/hurghadalovers.com\/\">Hurghada<\/a> &#8216;daki En \u0130yi <a href=\"https:\/\/g.page\/r\/CUeYvkngP3wkEBM\/review\">Tur Operat\u00f6r\u00fc<\/a> olarak Google Harita \u0130ncelemelerimizi kontrol edin.<\/p>\n<p>&nbsp;<\/p>\n<p><strong>Not:  <\/strong><\/p>\n<p>Ayr\u0131ca El Goua, Soma koyu, Makadi koyu, Sahl Hasheesh, Safaga&#8217;daki otelinizden ki\u015fi ba\u015f\u0131 10 $ ekstra \u00fccret kar\u015f\u0131l\u0131\u011f\u0131nda transfer ile tur yap\u0131yoruz.<\/p>\n<p>&nbsp;<\/p>\n<p><strong>Rezervasyon:<\/strong><\/p>\n<p>Otel + Oda Numaras\u0131 + Foto\u011frafl\u0131 pasaportlar\u0131 WhatsApp&#8217;a g\u00f6nderin: <strong>+201112596434<\/strong><\/p>\n<p>M\u0131s\u0131r d\u0131\u015f\u0131ndaysan\u0131z \u015fimdi \u00e7evrimi\u00e7i rezervasyon yap\u0131n ve otele vard\u0131\u011f\u0131n\u0131zda onaylay\u0131n.<\/p>\n","protected":false},"excerpt":{"rendered":"<p>Luksor, Kahire&#8217;ye \u00d6zel Hurghada Taksi Transferleri | Rezervasyon Ucuz Fiyatlar Marsa alam, Soma koyu, EL Gouna, Makadi koyu, Hurghada (HRG) Havaalan\u0131&#8217;na L\u00fcks Minivan ve Vip Araba ile Turist Servisi Transferi | Sitede nakit.<\/p>\n","protected":false},"featured_media":931095,"template":"","meta":{"_joinchat":[]},"product_brand":[],"product_cat":[36664],"product_tag":[],"class_list":{"0":"post-381232","1":"product","2":"type-product","3":"status-publish","4":"has-post-thumbnail","6":"product_cat-turlar","7":"tour_category-hurghada-to-luxor-tours-turkish","8":"tour_category-hurghada-tours-turkish","10":"first","11":"instock","12":"sale","13":"shipping-taxable","14":"purchasable","15":"product-type-tour"},"yoast_head":"<!-- This site is optimized with the Yoast SEO Premium plugin v26.9 (Yoast SEO v27.2) - https:\/\/yoast.com\/product\/yoast-seo-premium-wordpress\/ -->\n<title>Luksor, Kahire&#039;ye \u00d6zel Hurgada Taksi Transferleri<\/title>\n<meta name=\"description\" content=\"Luksor&#039;a \u00d6zel Hurgada Taksi Transferleri, Kahire | Rezervasyon Ucuz Fiyatlar L\u00fcks Minivan ve Vip Araba ile Marsa alam, Soma k\u00f6rfezine Turist Servisi Transferi...\" \/>\n<meta name=\"robots\" content=\"index, follow, max-snippet:-1, max-image-preview:large, max-video-preview:-1\" \/>\n<link rel=\"canonical\" href=\"https:\/\/hurghadalovers.com\/tr\/tours\/ozel-hurghada-taksi-transferleri\/\" \/>\n<meta property=\"og:locale\" content=\"tr_TR\" \/>\n<meta property=\"og:type\" content=\"article\" \/>\n<meta property=\"og:title\" content=\"\u00d6zel Hurgada Taksi Transferleri\" \/>\n<meta property=\"og:description\" content=\"Luksor&#039;a \u00d6zel Hurgada Taksi Transferleri, Kahire | Rezervasyon Ucuz Fiyatlar L\u00fcks Minivan ve Vip Araba ile Marsa alam, Soma k\u00f6rfezine Turist Servisi Transferi...\" \/>\n<meta property=\"og:url\" content=\"https:\/\/hurghadalovers.com\/tr\/tours\/ozel-hurghada-taksi-transferleri\/\" \/>\n<meta property=\"og:site_name\" content=\"Hurghada Excursions &amp; Day Trips | Booking Best Prices Tours\" \/>\n<meta property=\"article:publisher\" content=\"https:\/\/www.facebook.com\/Hurghadaloversegypt\" \/>\n<meta property=\"article:modified_time\" content=\"2026-02-09T18:02:33+00:00\" \/>\n<meta property=\"og:image\" content=\"https:\/\/hurghadalovers.com\/wp-content\/uploads\/2023\/08\/Private-Hurghada-Taxi-Transfers.jpeg\" \/>\n\t<meta property=\"og:image:width\" content=\"1600\" \/>\n\t<meta property=\"og:image:height\" content=\"1204\" \/>\n\t<meta property=\"og:image:type\" content=\"image\/jpeg\" \/>\n<meta name=\"twitter:card\" content=\"summary_large_image\" \/>\n<meta name=\"twitter:label1\" content=\"Fiyat\" \/>\n\t<meta name=\"twitter:data1\" content=\"&euro;&nbsp;20\" \/>\n\t<meta name=\"twitter:label2\" content=\"Durumu\" \/>\n\t<meta name=\"twitter:data2\" content=\"Stokta var\" \/>\n<script type=\"application\/ld+json\" class=\"yoast-schema-graph\">{\"@context\":\"https:\/\/schema.org\",\"@graph\":[{\"@type\":[\"WebPage\",\"ItemPage\"],\"@id\":\"https:\/\/hurghadalovers.com\/tr\/tours\/ozel-hurghada-taksi-transferleri\/\",\"url\":\"https:\/\/hurghadalovers.com\/tr\/tours\/ozel-hurghada-taksi-transferleri\/\",\"name\":\"Luksor, Kahire'ye \u00d6zel Hurgada Taksi Transferleri\",\"isPartOf\":{\"@id\":\"https:\/\/hurghadalovers.com\/tr\/#website\"},\"primaryImageOfPage\":{\"@id\":\"https:\/\/hurghadalovers.com\/tr\/tours\/ozel-hurghada-taksi-transferleri\/#primaryimage\"},\"image\":{\"@id\":\"https:\/\/hurghadalovers.com\/tr\/tours\/ozel-hurghada-taksi-transferleri\/#primaryimage\"},\"thumbnailUrl\":\"https:\/\/hurghadalovers.com\/wp-content\/uploads\/2023\/08\/Private-Hurghada-Taxi-Transfers.jpeg\",\"datePublished\":\"2023-08-19T11:35:23+00:00\",\"dateModified\":\"2026-02-09T18:02:33+00:00\",\"description\":\"Luksor'a \u00d6zel Hurgada Taksi Transferleri, Kahire | Rezervasyon Ucuz Fiyatlar L\u00fcks Minivan ve Vip Araba ile Marsa alam, Soma k\u00f6rfezine Turist Servisi Transferi...\",\"breadcrumb\":{\"@id\":\"https:\/\/hurghadalovers.com\/tr\/tours\/ozel-hurghada-taksi-transferleri\/#breadcrumb\"},\"inLanguage\":\"tr\",\"potentialAction\":[{\"@type\":\"ReadAction\",\"target\":[\"https:\/\/hurghadalovers.com\/tr\/tours\/ozel-hurghada-taksi-transferleri\/\"]}]},{\"@type\":\"ImageObject\",\"inLanguage\":\"tr\",\"@id\":\"https:\/\/hurghadalovers.com\/tr\/tours\/ozel-hurghada-taksi-transferleri\/#primaryimage\",\"url\":\"https:\/\/hurghadalovers.com\/wp-content\/uploads\/2023\/08\/Private-Hurghada-Taxi-Transfers.jpeg\",\"contentUrl\":\"https:\/\/hurghadalovers.com\/wp-content\/uploads\/2023\/08\/Private-Hurghada-Taxi-Transfers.jpeg\",\"width\":1600,\"height\":1204,\"caption\":\"Private Hurghada Taxi Transfers Private Makadi Bay Taxi Transfers\"},{\"@type\":\"BreadcrumbList\",\"@id\":\"https:\/\/hurghadalovers.com\/tr\/tours\/ozel-hurghada-taksi-transferleri\/#breadcrumb\",\"itemListElement\":[{\"@type\":\"ListItem\",\"position\":1,\"name\":\"Home\",\"item\":\"https:\/\/hurghadalovers.com\/tr\/\"},{\"@type\":\"ListItem\",\"position\":2,\"name\":\"Shop\",\"item\":\"https:\/\/hurghadalovers.com\/shop\/\"},{\"@type\":\"ListItem\",\"position\":3,\"name\":\"\u00d6zel Hurgada Taksi Transferleri\"}]},{\"@type\":\"WebSite\",\"@id\":\"https:\/\/hurghadalovers.com\/tr\/#website\",\"url\":\"https:\/\/hurghadalovers.com\/tr\/\",\"name\":\"Hurghada Excursions & Day Trips | Booking Best Prices Tours\",\"description\":\"Hurghada Lovers - Best Tour Operator - Excursions &amp; Things to do for Family Day Trips with kids and Couples Romantic. Unique .Hidden gems\",\"publisher\":{\"@id\":\"https:\/\/hurghadalovers.com\/tr\/#organization\"},\"alternateName\":\"Hurghada Excursions\",\"potentialAction\":[{\"@type\":\"SearchAction\",\"target\":{\"@type\":\"EntryPoint\",\"urlTemplate\":\"https:\/\/hurghadalovers.com\/tr\/?s={search_term_string}\"},\"query-input\":{\"@type\":\"PropertyValueSpecification\",\"valueRequired\":true,\"valueName\":\"search_term_string\"}}],\"inLanguage\":\"tr\"},{\"@type\":[\"Organization\",\"Place\",\"TravelAgency\"],\"@id\":\"https:\/\/hurghadalovers.com\/tr\/#organization\",\"name\":\"Hurghada Excursions\",\"url\":\"https:\/\/hurghadalovers.com\/tr\/\",\"logo\":{\"@id\":\"https:\/\/hurghadalovers.com\/tr\/tours\/ozel-hurghada-taksi-transferleri\/#local-main-organization-logo\"},\"image\":{\"@id\":\"https:\/\/hurghadalovers.com\/tr\/tours\/ozel-hurghada-taksi-transferleri\/#local-main-organization-logo\"},\"sameAs\":[\"https:\/\/www.facebook.com\/Hurghadaloversegypt\"],\"address\":{\"@id\":\"https:\/\/hurghadalovers.com\/tr\/tours\/ozel-hurghada-taksi-transferleri\/#local-main-place-address\"},\"telephone\":[\"00201112596434\"],\"contactPoint\":{\"@type\":\"ContactPoint\",\"telephone\":\"00201112596434\",\"email\":\"weyouface@gmail.com\"},\"openingHoursSpecification\":{\"@type\":\"OpeningHoursSpecification\",\"dayOfWeek\":[\"Monday\",\"Tuesday\",\"Wednesday\",\"Thursday\",\"Friday\",\"Saturday\",\"Sunday\"],\"opens\":\"00:00\",\"closes\":\"23:59\"},\"email\":\"weyouface@gmail.com\",\"areaServed\":\"Luxor, Hurghada, El Gouna, Aswan, Sharm El Sheikh, Giza, Alexandria, Marsa Alam, Quseir, Soma Bay, Sahl Hasheesh, Red Sea, Makadi Bay, Cairo\",\"priceRange\":\"$\",\"currenciesAccepted\":\"euro\",\"paymentAccepted\":\"cash on site\"},{\"@type\":\"PostalAddress\",\"@id\":\"https:\/\/hurghadalovers.com\/tr\/tours\/ozel-hurghada-taksi-transferleri\/#local-main-place-address\",\"streetAddress\":\"17 Banks street, Alkawther area, top nbk bank\",\"addressLocality\":\"hurghada\",\"postalCode\":\"84511\",\"addressRegion\":\"red sea\",\"addressCountry\":\"EG\"},{\"@type\":\"ImageObject\",\"inLanguage\":\"tr\",\"@id\":\"https:\/\/hurghadalovers.com\/tr\/tours\/ozel-hurghada-taksi-transferleri\/#local-main-organization-logo\",\"url\":\"https:\/\/hurghadalovers.com\/wp-content\/uploads\/2019\/10\/hurghada-excursions-logo.png\",\"contentUrl\":\"https:\/\/hurghadalovers.com\/wp-content\/uploads\/2019\/10\/hurghada-excursions-logo.png\",\"width\":272,\"height\":90,\"caption\":\"Hurghada Excursions\"}]}<\/script>\n<meta property=\"product:brand\" content=\"Hurgadadan Luksor Turlar\u0131\" \/>\n<meta property=\"product:price:amount\" content=\"20\" \/>\n<meta property=\"product:price:currency\" content=\"EUR\" \/>\n<meta property=\"og:availability\" content=\"instock\" \/>\n<meta property=\"product:availability\" content=\"instock\" \/>\n<meta property=\"product:retailer_item_id\" content=\"Transfers012024\" \/>\n<meta property=\"product:condition\" content=\"new\" \/>\n<meta name=\"geo.placename\" content=\"hurghada\" \/>\n<meta name=\"geo.region\" content=\"M\u0131s\u0131r\" \/>\n<!-- \/ Yoast SEO Premium plugin. -->","yoast_head_json":{"title":"Luksor, Kahire'ye \u00d6zel Hurgada Taksi Transferleri","description":"Luksor'a \u00d6zel Hurgada Taksi Transferleri, Kahire | Rezervasyon Ucuz Fiyatlar L\u00fcks Minivan ve Vip Araba ile Marsa alam, Soma k\u00f6rfezine Turist Servisi Transferi...","robots":{"index":"index","follow":"follow","max-snippet":"max-snippet:-1","max-image-preview":"max-image-preview:large","max-video-preview":"max-video-preview:-1"},"canonical":"https:\/\/hurghadalovers.com\/tr\/tours\/ozel-hurghada-taksi-transferleri\/","og_locale":"tr_TR","og_type":"article","og_title":"\u00d6zel Hurgada Taksi Transferleri","og_description":"Luksor'a \u00d6zel Hurgada Taksi Transferleri, Kahire | Rezervasyon Ucuz Fiyatlar L\u00fcks Minivan ve Vip Araba ile Marsa alam, Soma k\u00f6rfezine Turist Servisi Transferi...","og_url":"https:\/\/hurghadalovers.com\/tr\/tours\/ozel-hurghada-taksi-transferleri\/","og_site_name":"Hurghada Excursions &amp; Day Trips | Booking Best Prices Tours","article_publisher":"https:\/\/www.facebook.com\/Hurghadaloversegypt","article_modified_time":"2026-02-09T18:02:33+00:00","og_image":[{"width":1600,"height":1204,"url":"https:\/\/hurghadalovers.com\/wp-content\/uploads\/2023\/08\/Private-Hurghada-Taxi-Transfers.jpeg","type":"image\/jpeg"}],"twitter_card":"summary_large_image","twitter_misc":{"Fiyat":"&euro;&nbsp;20","Durumu":"Stokta var"},"schema":{"@context":"https:\/\/schema.org","@graph":[{"@type":["WebPage","ItemPage"],"@id":"https:\/\/hurghadalovers.com\/tr\/tours\/ozel-hurghada-taksi-transferleri\/","url":"https:\/\/hurghadalovers.com\/tr\/tours\/ozel-hurghada-taksi-transferleri\/","name":"Luksor, Kahire'ye \u00d6zel Hurgada Taksi Transferleri","isPartOf":{"@id":"https:\/\/hurghadalovers.com\/tr\/#website"},"primaryImageOfPage":{"@id":"https:\/\/hurghadalovers.com\/tr\/tours\/ozel-hurghada-taksi-transferleri\/#primaryimage"},"image":{"@id":"https:\/\/hurghadalovers.com\/tr\/tours\/ozel-hurghada-taksi-transferleri\/#primaryimage"},"thumbnailUrl":"https:\/\/hurghadalovers.com\/wp-content\/uploads\/2023\/08\/Private-Hurghada-Taxi-Transfers.jpeg","datePublished":"2023-08-19T11:35:23+00:00","dateModified":"2026-02-09T18:02:33+00:00","description":"Luksor'a \u00d6zel Hurgada Taksi Transferleri, Kahire | Rezervasyon Ucuz Fiyatlar L\u00fcks Minivan ve Vip Araba ile Marsa alam, Soma k\u00f6rfezine Turist Servisi Transferi...","breadcrumb":{"@id":"https:\/\/hurghadalovers.com\/tr\/tours\/ozel-hurghada-taksi-transferleri\/#breadcrumb"},"inLanguage":"tr","potentialAction":[{"@type":"ReadAction","target":["https:\/\/hurghadalovers.com\/tr\/tours\/ozel-hurghada-taksi-transferleri\/"]}]},{"@type":"ImageObject","inLanguage":"tr","@id":"https:\/\/hurghadalovers.com\/tr\/tours\/ozel-hurghada-taksi-transferleri\/#primaryimage","url":"https:\/\/hurghadalovers.com\/wp-content\/uploads\/2023\/08\/Private-Hurghada-Taxi-Transfers.jpeg","contentUrl":"https:\/\/hurghadalovers.com\/wp-content\/uploads\/2023\/08\/Private-Hurghada-Taxi-Transfers.jpeg","width":1600,"height":1204,"caption":"Private Hurghada Taxi Transfers Private Makadi Bay Taxi Transfers"},{"@type":"BreadcrumbList","@id":"https:\/\/hurghadalovers.com\/tr\/tours\/ozel-hurghada-taksi-transferleri\/#breadcrumb","itemListElement":[{"@type":"ListItem","position":1,"name":"Home","item":"https:\/\/hurghadalovers.com\/tr\/"},{"@type":"ListItem","position":2,"name":"Shop","item":"https:\/\/hurghadalovers.com\/shop\/"},{"@type":"ListItem","position":3,"name":"\u00d6zel Hurgada Taksi Transferleri"}]},{"@type":"WebSite","@id":"https:\/\/hurghadalovers.com\/tr\/#website","url":"https:\/\/hurghadalovers.com\/tr\/","name":"Hurghada Excursions & Day Trips | Booking Best Prices Tours","description":"Hurghada Lovers - Best Tour Operator - Excursions &amp; Things to do for Family Day Trips with kids and Couples Romantic. Unique .Hidden gems","publisher":{"@id":"https:\/\/hurghadalovers.com\/tr\/#organization"},"alternateName":"Hurghada Excursions","potentialAction":[{"@type":"SearchAction","target":{"@type":"EntryPoint","urlTemplate":"https:\/\/hurghadalovers.com\/tr\/?s={search_term_string}"},"query-input":{"@type":"PropertyValueSpecification","valueRequired":true,"valueName":"search_term_string"}}],"inLanguage":"tr"},{"@type":["Organization","Place","TravelAgency"],"@id":"https:\/\/hurghadalovers.com\/tr\/#organization","name":"Hurghada Excursions","url":"https:\/\/hurghadalovers.com\/tr\/","logo":{"@id":"https:\/\/hurghadalovers.com\/tr\/tours\/ozel-hurghada-taksi-transferleri\/#local-main-organization-logo"},"image":{"@id":"https:\/\/hurghadalovers.com\/tr\/tours\/ozel-hurghada-taksi-transferleri\/#local-main-organization-logo"},"sameAs":["https:\/\/www.facebook.com\/Hurghadaloversegypt"],"address":{"@id":"https:\/\/hurghadalovers.com\/tr\/tours\/ozel-hurghada-taksi-transferleri\/#local-main-place-address"},"telephone":["00201112596434"],"contactPoint":{"@type":"ContactPoint","telephone":"00201112596434","email":"weyouface@gmail.com"},"openingHoursSpecification":{"@type":"OpeningHoursSpecification","dayOfWeek":["Monday","Tuesday","Wednesday","Thursday","Friday","Saturday","Sunday"],"opens":"00:00","closes":"23:59"},"email":"weyouface@gmail.com","areaServed":"Luxor, Hurghada, El Gouna, Aswan, Sharm El Sheikh, Giza, Alexandria, Marsa Alam, Quseir, Soma Bay, Sahl Hasheesh, Red Sea, Makadi Bay, Cairo","priceRange":"$","currenciesAccepted":"euro","paymentAccepted":"cash on site"},{"@type":"PostalAddress","@id":"https:\/\/hurghadalovers.com\/tr\/tours\/ozel-hurghada-taksi-transferleri\/#local-main-place-address","streetAddress":"17 Banks street, Alkawther area, top nbk bank","addressLocality":"hurghada","postalCode":"84511","addressRegion":"red sea","addressCountry":"EG"},{"@type":"ImageObject","inLanguage":"tr","@id":"https:\/\/hurghadalovers.com\/tr\/tours\/ozel-hurghada-taksi-transferleri\/#local-main-organization-logo","url":"https:\/\/hurghadalovers.com\/wp-content\/uploads\/2019\/10\/hurghada-excursions-logo.png","contentUrl":"https:\/\/hurghadalovers.com\/wp-content\/uploads\/2019\/10\/hurghada-excursions-logo.png","width":272,"height":90,"caption":"Hurghada Excursions"}]},"product_brand":"Hurgadadan Luksor Turlar\u0131","product_price_amount":"20","product_price_currency":"EUR","og_availability":"instock","product_availability":"instock","product_retailer_item_id":"Transfers012024","product_condition":"new","geo.placename":"hurghada","geo.region":"M\u0131s\u0131r"},"_links":{"self":[{"href":"https:\/\/hurghadalovers.com\/tr\/wp-json\/wp\/v2\/product\/381232","targetHints":{"allow":["GET"]}}],"collection":[{"href":"https:\/\/hurghadalovers.com\/tr\/wp-json\/wp\/v2\/product"}],"about":[{"href":"https:\/\/hurghadalovers.com\/tr\/wp-json\/wp\/v2\/types\/product"}],"wp:featuredmedia":[{"embeddable":true,"href":"https:\/\/hurghadalovers.com\/tr\/wp-json\/wp\/v2\/media\/931095"}],"wp:attachment":[{"href":"https:\/\/hurghadalovers.com\/tr\/wp-json\/wp\/v2\/media?parent=381232"}],"wp:term":[{"taxonomy":"product_brand","embeddable":true,"href":"https:\/\/hurghadalovers.com\/tr\/wp-json\/wp\/v2\/product_brand?post=381232"},{"taxonomy":"product_cat","embeddable":true,"href":"https:\/\/hurghadalovers.com\/tr\/wp-json\/wp\/v2\/product_cat?post=381232"},{"taxonomy":"product_tag","embeddable":true,"href":"https:\/\/hurghadalovers.com\/tr\/wp-json\/wp\/v2\/product_tag?post=381232"}],"curies":[{"name":"wp","href":"https:\/\/api.w.org\/{rel}","templated":true}]}}