{"id":380529,"date":"2025-07-01T10:00:42","date_gmt":"2023-08-15T12:03:53","guid":{"rendered":"https:\/\/hurghadalovers.com\/shop\/kategorilenmemis\/hurgadadan-luks-elit-orange-bay-ada-gezisi\/"},"modified":"2026-02-08T04:56:19","modified_gmt":"2026-02-08T04:56:19","slug":"luks-elit-turuncu-koy-adasi-gezisi-hurgadadan","status":"publish","type":"product","link":"https:\/\/hurghadalovers.com\/tr\/tours\/luks-elit-turuncu-koy-adasi-gezisi-hurgadadan\/","title":{"rendered":"Hurgada&#8217;dan L\u00fcks Orange Bay Ada Gezisi"},"content":{"rendered":"<p><strong>Giftun Adas\u0131<\/strong> &#8216;n\u0131n en g\u00fczel plajlar\u0131nda ve En \u0130yi Ev resif Noktalar\u0131ndan birinde kaliteli zaman ge\u00e7irmek i\u00e7in VIP \u00d6\u011fle Yeme\u011fi ve aileler i\u00e7in \u00f6zel yerler, daha fazla mahremiyet ve l\u00fcks l\u00fcks ile <strong>Hurghada&#8217;dan L\u00fcks Orange Bay<\/strong> <strong>Adas\u0131<\/strong> <strong>Gezisi<\/strong>.<\/p>\n<p>&nbsp;<\/p>\n<p><strong>\u00d6nemli noktalar:<\/strong><\/p>\n<ul>\n<li>Tek Nokta \u015enorkel Ev Resifi.<\/li>\n<li>Orange Bay Island Plaj\u0131&#8217;nda 1 saat.<\/li>\n<li>L\u00fcks Yat.<\/li>\n<\/ul>\n<p><strong>Detaylar:<\/strong><\/p>\n<ul>\n<li>Tur M\u00fcsaitlik Durumu: Her g\u00fcn.<\/li>\n<li>Tur T\u00fcr\u00fc: Grup<\/li>\n<li>Teslim Alma Saati: Sabah 08:00&#8217;den itibaren.<\/li>\n<li>Kalk\u0131\u015f Saati: 17:00.<\/li>\n<li>Tekerlekli sandalye ile eri\u015filebilir.<\/li>\n<li>S\u00fcre: 8 saat.<\/li>\n<\/ul>\n<p><strong>\u015eimdi Rezerve Et Sonra \u00d6de:<\/strong><\/p>\n<ul>\n<li>Rehber i\u00e7in nakit.<\/li>\n<li>M\u0131s\u0131r poundu, $, \u20ac veya \u00a3 ile \u00f6deme.<\/li>\n<\/ul>\n<p><strong>\u0130ptal Politikas\u0131:<\/strong><\/p>\n<ul>\n<li>24 saat \u00f6ncesine kadar iptal edebilirsiniz.<\/li>\n<li>Ailenizden herhangi biri Sabah\u0131 \u0130ptal Etti\u011finde, Maliyetin %50&#8217;sini \u00d6deyin.<\/li>\n<\/ul>\n<p><strong>Neler Dahil?<\/strong><\/p>\n<ul>\n<li>Hurghada Otellerinden transfer &#8220;Otelden alma ve b\u0131rakma&#8221;.<\/li>\n<li>T\u00fcm Vergiler, Giri\u015f \u00dccretleri ve Ta\u015f\u0131ma \u00dccretleri.<\/li>\n<li>Tur rehberi.<\/li>\n<li>Maden suyu + Kola + S\u00fct + Kahve\/\u00c7ay.<\/li>\n<li>1 \u015enorkel noktas\u0131.<\/li>\n<li>\u015enorkel Ekipmanlar\u0131 &#8220;Maskeler ve Y\u00fczme Paletleri&#8221;.<\/li>\n<li><strong>Orange Bay Island<\/strong> <strong>Plaj\u0131<\/strong>&#8216;nda 1 saat.<\/li>\n<li>Teknede VIP a\u00e7\u0131k b\u00fcfe \u00f6\u011fle yeme\u011fi.<\/li>\n<li>Can yelekleri.<\/li>\n<\/ul>\n<p><strong>\u0130stisnalar?<\/strong><\/p>\n<ul>\n<li>Bah\u015fi\u015f.<\/li>\n<li>The Orange Bay Restaurant Island&#8217;da i\u00e7kiler.<\/li>\n<li>Gezi i\u00e7in Foto\u011fraf ve Foto\u011fraflar.<\/li>\n<li>Kad\u0131n, Erkek, \u00c7ocuk t\u00fcm Bedenler i\u00e7in Kiral\u0131k Mayo ve Mayo sunuyoruz &#8220;Ki\u015fi ba\u015f\u0131 5$&#8221;.<\/li>\n<li>Bahsedilmeyen ekstralar.<\/li>\n<\/ul>\n<p><strong>Hurghada&#8217;dan L\u00fcks Orange Bay Adas\u0131 Gezisi Fiyatlar\u0131:<\/strong><\/p>\n<ul>\n<li><strong>Yeti\u015fkin Fiyat\u0131 = <\/strong><strong> Ki\u015fi Ba\u015f<\/strong>\u0131<strong>40$<\/strong>&#8216;dan ba\u015flayan <strong>fiyatlarla <\/strong>.<\/li>\n<li>\u00c7ocuklar i\u00e7in fiyat &#8220;5-12\u2033= %50.<\/li>\n<li>\u00c7ocuklar i\u00e7in &#8220;0-5\u2033= \u00dccretsiz.<\/li>\n<\/ul>\n<p><strong>Yorumlar:<\/strong><\/p>\n<p>Hurghada M\u0131s\u0131r&#8217;da \u00e7evrimi\u00e7i olarak <a href=\"https:\/\/hurghadalovers.com\/\">Hurghada<\/a> &#8216;daki En \u0130yi <a href=\"https:\/\/g.page\/r\/CUeYvkngP3wkEBM\/review\">Tur Operat\u00f6r\u00fc<\/a> olarak Google Harita \u0130ncelemelerimizi kontrol edin.<\/p>\n<p>&nbsp;<\/p>\n<p><strong>Not:  <\/strong><\/p>\n<p>Ayr\u0131ca El Goua, Soma koyu, Makadi koyu, Sahl Hasheesh, Safaga&#8217;daki otelinizden ki\u015fi ba\u015f\u0131 10 $ ekstra \u00fccret kar\u015f\u0131l\u0131\u011f\u0131nda transfer ile tur yap\u0131yoruz.<\/p>\n<p>&nbsp;<\/p>\n<p><strong>Rezervasyon:<\/strong><\/p>\n<p>Otel + Oda Numaras\u0131 + Foto\u011frafl\u0131 pasaportlar\u0131 WhatsApp&#8217;a g\u00f6nderin: <strong>+201112596434<\/strong><\/p>\n<p>M\u0131s\u0131r d\u0131\u015f\u0131ndaysan\u0131z \u015fimdi \u00e7evrimi\u00e7i rezervasyon yap\u0131n ve otele vard\u0131\u011f\u0131n\u0131zda onaylay\u0131n.<\/p>\n","protected":false},"excerpt":{"rendered":"<p>Giftun Adas\u0131&#8217;n\u0131n en g\u00fczel plajlar\u0131nda ve bir En \u0130yi Ev resif Noktas\u0131nda kaliteli zaman ge\u00e7irmek i\u00e7in VIP \u00d6\u011fle Yeme\u011fi ve aileler i\u00e7in \u00f6zel yerler, daha fazla mahremiyet ve l\u00fcks l\u00fcks ile Hurghada&#8217;dan L\u00fcks Elit Orange Bay Adas\u0131 Gezisi.<\/p>\n","protected":false},"featured_media":380426,"template":"","meta":{"_joinchat":[]},"product_brand":[],"product_cat":[36664],"product_tag":[50565,50563],"class_list":{"0":"post-380529","1":"product","2":"type-product","3":"status-publish","4":"has-post-thumbnail","6":"product_cat-turlar","7":"product_tag-en-iyi-luks-misir-tur-sirketleri","8":"product_tag-misir-luks-turlari","9":"tour_category-hurghada-snorkeling-trips-turkish","10":"tour_category-hurghada-tours-turkish","12":"first","13":"instock","14":"sale","15":"shipping-taxable","16":"purchasable","17":"product-type-tour"},"yoast_head":"<!-- This site is optimized with the Yoast SEO Premium plugin v26.9 (Yoast SEO v27.2) - https:\/\/yoast.com\/product\/yoast-seo-premium-wordpress\/ -->\n<title>Hurgada&#039;dan L\u00fcks Orange Bay Ada Gezisi<\/title>\n<meta name=\"description\" content=\"Hurgada&#039;dan VIP \u00d6\u011fle Yeme\u011fi ile L\u00fcks Orange Bay Adas\u0131 Gezisi ve Aileler i\u00e7in \u00f6zel yerler, daha fazla mahremiyet ve kaliteli zaman ge\u00e7irmek i\u00e7in l\u00fcks l\u00fcks.\" \/>\n<meta name=\"robots\" content=\"index, follow, max-snippet:-1, max-image-preview:large, max-video-preview:-1\" \/>\n<link rel=\"canonical\" href=\"https:\/\/hurghadalovers.com\/tr\/tours\/luks-elit-turuncu-koy-adasi-gezisi-hurgadadan\/\" \/>\n<meta property=\"og:locale\" content=\"tr_TR\" \/>\n<meta property=\"og:type\" content=\"article\" \/>\n<meta property=\"og:title\" content=\"Hurgada&#039;dan L\u00fcks Orange Bay Ada Gezisi\" \/>\n<meta property=\"og:description\" content=\"Hurgada&#039;dan VIP \u00d6\u011fle Yeme\u011fi ile L\u00fcks Orange Bay Adas\u0131 Gezisi ve Aileler i\u00e7in \u00f6zel yerler, daha fazla mahremiyet ve kaliteli zaman ge\u00e7irmek i\u00e7in l\u00fcks l\u00fcks.\" \/>\n<meta property=\"og:url\" content=\"https:\/\/hurghadalovers.com\/tr\/tours\/luks-elit-turuncu-koy-adasi-gezisi-hurgadadan\/\" \/>\n<meta property=\"og:site_name\" content=\"Hurghada Excursions &amp; Day Trips | Booking Best Prices Tours\" \/>\n<meta property=\"article:publisher\" content=\"https:\/\/www.facebook.com\/Hurghadaloversegypt\" \/>\n<meta property=\"article:modified_time\" content=\"2026-02-08T04:56:19+00:00\" \/>\n<meta property=\"og:image\" content=\"https:\/\/hurghadalovers.com\/wp-content\/uploads\/2023\/08\/Luxury-Elite-Orange-Bay-Island-Trip-from-Hurghada.jpeg\" \/>\n\t<meta property=\"og:image:width\" content=\"1156\" \/>\n\t<meta property=\"og:image:height\" content=\"867\" \/>\n\t<meta property=\"og:image:type\" content=\"image\/jpeg\" \/>\n<meta name=\"twitter:card\" content=\"summary_large_image\" \/>\n<meta name=\"twitter:label1\" content=\"Fiyat\" \/>\n\t<meta name=\"twitter:data1\" content=\"&euro;&nbsp;40\" \/>\n\t<meta name=\"twitter:label2\" content=\"Durumu\" \/>\n\t<meta name=\"twitter:data2\" content=\"Stokta var\" \/>\n<script type=\"application\/ld+json\" class=\"yoast-schema-graph\">{\"@context\":\"https:\/\/schema.org\",\"@graph\":[{\"@type\":[\"WebPage\",\"ItemPage\"],\"@id\":\"https:\/\/hurghadalovers.com\/tr\/tours\/luks-elit-turuncu-koy-adasi-gezisi-hurgadadan\/\",\"url\":\"https:\/\/hurghadalovers.com\/tr\/tours\/luks-elit-turuncu-koy-adasi-gezisi-hurgadadan\/\",\"name\":\"Hurgada'dan L\u00fcks Orange Bay Ada Gezisi\",\"isPartOf\":{\"@id\":\"https:\/\/hurghadalovers.com\/tr\/#website\"},\"primaryImageOfPage\":{\"@id\":\"https:\/\/hurghadalovers.com\/tr\/tours\/luks-elit-turuncu-koy-adasi-gezisi-hurgadadan\/#primaryimage\"},\"image\":{\"@id\":\"https:\/\/hurghadalovers.com\/tr\/tours\/luks-elit-turuncu-koy-adasi-gezisi-hurgadadan\/#primaryimage\"},\"thumbnailUrl\":\"https:\/\/hurghadalovers.com\/wp-content\/uploads\/2023\/08\/Luxury-Elite-Orange-Bay-Island-Trip-from-Hurghada.jpeg\",\"datePublished\":\"2023-08-15T12:03:53+00:00\",\"dateModified\":\"2026-02-08T04:56:19+00:00\",\"description\":\"Hurgada'dan VIP \u00d6\u011fle Yeme\u011fi ile L\u00fcks Orange Bay Adas\u0131 Gezisi ve Aileler i\u00e7in \u00f6zel yerler, daha fazla mahremiyet ve kaliteli zaman ge\u00e7irmek i\u00e7in l\u00fcks l\u00fcks.\",\"breadcrumb\":{\"@id\":\"https:\/\/hurghadalovers.com\/tr\/tours\/luks-elit-turuncu-koy-adasi-gezisi-hurgadadan\/#breadcrumb\"},\"inLanguage\":\"tr\",\"potentialAction\":[{\"@type\":\"ReadAction\",\"target\":[\"https:\/\/hurghadalovers.com\/tr\/tours\/luks-elit-turuncu-koy-adasi-gezisi-hurgadadan\/\"]}]},{\"@type\":\"ImageObject\",\"inLanguage\":\"tr\",\"@id\":\"https:\/\/hurghadalovers.com\/tr\/tours\/luks-elit-turuncu-koy-adasi-gezisi-hurgadadan\/#primaryimage\",\"url\":\"https:\/\/hurghadalovers.com\/wp-content\/uploads\/2023\/08\/Luxury-Elite-Orange-Bay-Island-Trip-from-Hurghada.jpeg\",\"contentUrl\":\"https:\/\/hurghadalovers.com\/wp-content\/uploads\/2023\/08\/Luxury-Elite-Orange-Bay-Island-Trip-from-Hurghada.jpeg\",\"width\":1156,\"height\":867,\"caption\":\"Hurgada'dan L\u00fcks Elit Orange Bay Ada Gezisi\"},{\"@type\":\"BreadcrumbList\",\"@id\":\"https:\/\/hurghadalovers.com\/tr\/tours\/luks-elit-turuncu-koy-adasi-gezisi-hurgadadan\/#breadcrumb\",\"itemListElement\":[{\"@type\":\"ListItem\",\"position\":1,\"name\":\"Home\",\"item\":\"https:\/\/hurghadalovers.com\/tr\/\"},{\"@type\":\"ListItem\",\"position\":2,\"name\":\"Shop\",\"item\":\"https:\/\/hurghadalovers.com\/shop\/\"},{\"@type\":\"ListItem\",\"position\":3,\"name\":\"Hurgada&#8217;dan L\u00fcks Orange Bay Ada Gezisi\"}]},{\"@type\":\"WebSite\",\"@id\":\"https:\/\/hurghadalovers.com\/tr\/#website\",\"url\":\"https:\/\/hurghadalovers.com\/tr\/\",\"name\":\"Hurghada Excursions & Day Trips | Booking Best Prices Tours\",\"description\":\"Hurghada Lovers - Best Tour Operator - Excursions &amp; Things to do for Family Day Trips with kids and Couples Romantic. Unique .Hidden gems\",\"publisher\":{\"@id\":\"https:\/\/hurghadalovers.com\/tr\/#organization\"},\"alternateName\":\"Hurghada Excursions\",\"potentialAction\":[{\"@type\":\"SearchAction\",\"target\":{\"@type\":\"EntryPoint\",\"urlTemplate\":\"https:\/\/hurghadalovers.com\/tr\/?s={search_term_string}\"},\"query-input\":{\"@type\":\"PropertyValueSpecification\",\"valueRequired\":true,\"valueName\":\"search_term_string\"}}],\"inLanguage\":\"tr\"},{\"@type\":[\"Organization\",\"Place\",\"TravelAgency\"],\"@id\":\"https:\/\/hurghadalovers.com\/tr\/#organization\",\"name\":\"Hurghada Excursions\",\"url\":\"https:\/\/hurghadalovers.com\/tr\/\",\"logo\":{\"@id\":\"https:\/\/hurghadalovers.com\/tr\/tours\/luks-elit-turuncu-koy-adasi-gezisi-hurgadadan\/#local-main-organization-logo\"},\"image\":{\"@id\":\"https:\/\/hurghadalovers.com\/tr\/tours\/luks-elit-turuncu-koy-adasi-gezisi-hurgadadan\/#local-main-organization-logo\"},\"sameAs\":[\"https:\/\/www.facebook.com\/Hurghadaloversegypt\"],\"address\":{\"@id\":\"https:\/\/hurghadalovers.com\/tr\/tours\/luks-elit-turuncu-koy-adasi-gezisi-hurgadadan\/#local-main-place-address\"},\"telephone\":[\"00201112596434\"],\"contactPoint\":{\"@type\":\"ContactPoint\",\"telephone\":\"00201112596434\",\"email\":\"weyouface@gmail.com\"},\"openingHoursSpecification\":{\"@type\":\"OpeningHoursSpecification\",\"dayOfWeek\":[\"Monday\",\"Tuesday\",\"Wednesday\",\"Thursday\",\"Friday\",\"Saturday\",\"Sunday\"],\"opens\":\"00:00\",\"closes\":\"23:59\"},\"email\":\"weyouface@gmail.com\",\"areaServed\":\"Luxor, Hurghada, El Gouna, Aswan, Sharm El Sheikh, Giza, Alexandria, Marsa Alam, Quseir, Soma Bay, Sahl Hasheesh, Red Sea, Makadi Bay, Cairo\",\"priceRange\":\"$\",\"currenciesAccepted\":\"euro\",\"paymentAccepted\":\"cash on site\"},{\"@type\":\"PostalAddress\",\"@id\":\"https:\/\/hurghadalovers.com\/tr\/tours\/luks-elit-turuncu-koy-adasi-gezisi-hurgadadan\/#local-main-place-address\",\"streetAddress\":\"17 Banks street, Alkawther area, top nbk bank\",\"addressLocality\":\"hurghada\",\"postalCode\":\"84511\",\"addressRegion\":\"red sea\",\"addressCountry\":\"EG\"},{\"@type\":\"ImageObject\",\"inLanguage\":\"tr\",\"@id\":\"https:\/\/hurghadalovers.com\/tr\/tours\/luks-elit-turuncu-koy-adasi-gezisi-hurgadadan\/#local-main-organization-logo\",\"url\":\"https:\/\/hurghadalovers.com\/wp-content\/uploads\/2019\/10\/hurghada-excursions-logo.png\",\"contentUrl\":\"https:\/\/hurghadalovers.com\/wp-content\/uploads\/2019\/10\/hurghada-excursions-logo.png\",\"width\":272,\"height\":90,\"caption\":\"Hurghada Excursions\"}]}<\/script>\n<meta property=\"product:brand\" content=\"Hurghada \u015enorkel Yat Gezisi\" \/>\n<meta property=\"product:price:amount\" content=\"40\" \/>\n<meta property=\"product:price:currency\" content=\"EUR\" \/>\n<meta property=\"og:availability\" content=\"instock\" \/>\n<meta property=\"product:availability\" content=\"instock\" \/>\n<meta property=\"product:retailer_item_id\" content=\"Snorkeling022024\" \/>\n<meta property=\"product:condition\" content=\"new\" \/>\n<meta name=\"geo.placename\" content=\"hurghada\" \/>\n<meta name=\"geo.region\" content=\"M\u0131s\u0131r\" \/>\n<!-- \/ Yoast SEO Premium plugin. -->","yoast_head_json":{"title":"Hurgada'dan L\u00fcks Orange Bay Ada Gezisi","description":"Hurgada'dan VIP \u00d6\u011fle Yeme\u011fi ile L\u00fcks Orange Bay Adas\u0131 Gezisi ve Aileler i\u00e7in \u00f6zel yerler, daha fazla mahremiyet ve kaliteli zaman ge\u00e7irmek i\u00e7in l\u00fcks l\u00fcks.","robots":{"index":"index","follow":"follow","max-snippet":"max-snippet:-1","max-image-preview":"max-image-preview:large","max-video-preview":"max-video-preview:-1"},"canonical":"https:\/\/hurghadalovers.com\/tr\/tours\/luks-elit-turuncu-koy-adasi-gezisi-hurgadadan\/","og_locale":"tr_TR","og_type":"article","og_title":"Hurgada'dan L\u00fcks Orange Bay Ada Gezisi","og_description":"Hurgada'dan VIP \u00d6\u011fle Yeme\u011fi ile L\u00fcks Orange Bay Adas\u0131 Gezisi ve Aileler i\u00e7in \u00f6zel yerler, daha fazla mahremiyet ve kaliteli zaman ge\u00e7irmek i\u00e7in l\u00fcks l\u00fcks.","og_url":"https:\/\/hurghadalovers.com\/tr\/tours\/luks-elit-turuncu-koy-adasi-gezisi-hurgadadan\/","og_site_name":"Hurghada Excursions &amp; Day Trips | Booking Best Prices Tours","article_publisher":"https:\/\/www.facebook.com\/Hurghadaloversegypt","article_modified_time":"2026-02-08T04:56:19+00:00","og_image":[{"width":1156,"height":867,"url":"https:\/\/hurghadalovers.com\/wp-content\/uploads\/2023\/08\/Luxury-Elite-Orange-Bay-Island-Trip-from-Hurghada.jpeg","type":"image\/jpeg"}],"twitter_card":"summary_large_image","twitter_misc":{"Fiyat":"&euro;&nbsp;40","Durumu":"Stokta var"},"schema":{"@context":"https:\/\/schema.org","@graph":[{"@type":["WebPage","ItemPage"],"@id":"https:\/\/hurghadalovers.com\/tr\/tours\/luks-elit-turuncu-koy-adasi-gezisi-hurgadadan\/","url":"https:\/\/hurghadalovers.com\/tr\/tours\/luks-elit-turuncu-koy-adasi-gezisi-hurgadadan\/","name":"Hurgada'dan L\u00fcks Orange Bay Ada Gezisi","isPartOf":{"@id":"https:\/\/hurghadalovers.com\/tr\/#website"},"primaryImageOfPage":{"@id":"https:\/\/hurghadalovers.com\/tr\/tours\/luks-elit-turuncu-koy-adasi-gezisi-hurgadadan\/#primaryimage"},"image":{"@id":"https:\/\/hurghadalovers.com\/tr\/tours\/luks-elit-turuncu-koy-adasi-gezisi-hurgadadan\/#primaryimage"},"thumbnailUrl":"https:\/\/hurghadalovers.com\/wp-content\/uploads\/2023\/08\/Luxury-Elite-Orange-Bay-Island-Trip-from-Hurghada.jpeg","datePublished":"2023-08-15T12:03:53+00:00","dateModified":"2026-02-08T04:56:19+00:00","description":"Hurgada'dan VIP \u00d6\u011fle Yeme\u011fi ile L\u00fcks Orange Bay Adas\u0131 Gezisi ve Aileler i\u00e7in \u00f6zel yerler, daha fazla mahremiyet ve kaliteli zaman ge\u00e7irmek i\u00e7in l\u00fcks l\u00fcks.","breadcrumb":{"@id":"https:\/\/hurghadalovers.com\/tr\/tours\/luks-elit-turuncu-koy-adasi-gezisi-hurgadadan\/#breadcrumb"},"inLanguage":"tr","potentialAction":[{"@type":"ReadAction","target":["https:\/\/hurghadalovers.com\/tr\/tours\/luks-elit-turuncu-koy-adasi-gezisi-hurgadadan\/"]}]},{"@type":"ImageObject","inLanguage":"tr","@id":"https:\/\/hurghadalovers.com\/tr\/tours\/luks-elit-turuncu-koy-adasi-gezisi-hurgadadan\/#primaryimage","url":"https:\/\/hurghadalovers.com\/wp-content\/uploads\/2023\/08\/Luxury-Elite-Orange-Bay-Island-Trip-from-Hurghada.jpeg","contentUrl":"https:\/\/hurghadalovers.com\/wp-content\/uploads\/2023\/08\/Luxury-Elite-Orange-Bay-Island-Trip-from-Hurghada.jpeg","width":1156,"height":867,"caption":"Hurgada'dan L\u00fcks Elit Orange Bay Ada Gezisi"},{"@type":"BreadcrumbList","@id":"https:\/\/hurghadalovers.com\/tr\/tours\/luks-elit-turuncu-koy-adasi-gezisi-hurgadadan\/#breadcrumb","itemListElement":[{"@type":"ListItem","position":1,"name":"Home","item":"https:\/\/hurghadalovers.com\/tr\/"},{"@type":"ListItem","position":2,"name":"Shop","item":"https:\/\/hurghadalovers.com\/shop\/"},{"@type":"ListItem","position":3,"name":"Hurgada&#8217;dan L\u00fcks Orange Bay Ada Gezisi"}]},{"@type":"WebSite","@id":"https:\/\/hurghadalovers.com\/tr\/#website","url":"https:\/\/hurghadalovers.com\/tr\/","name":"Hurghada Excursions & Day Trips | Booking Best Prices Tours","description":"Hurghada Lovers - Best Tour Operator - Excursions &amp; Things to do for Family Day Trips with kids and Couples Romantic. Unique .Hidden gems","publisher":{"@id":"https:\/\/hurghadalovers.com\/tr\/#organization"},"alternateName":"Hurghada Excursions","potentialAction":[{"@type":"SearchAction","target":{"@type":"EntryPoint","urlTemplate":"https:\/\/hurghadalovers.com\/tr\/?s={search_term_string}"},"query-input":{"@type":"PropertyValueSpecification","valueRequired":true,"valueName":"search_term_string"}}],"inLanguage":"tr"},{"@type":["Organization","Place","TravelAgency"],"@id":"https:\/\/hurghadalovers.com\/tr\/#organization","name":"Hurghada Excursions","url":"https:\/\/hurghadalovers.com\/tr\/","logo":{"@id":"https:\/\/hurghadalovers.com\/tr\/tours\/luks-elit-turuncu-koy-adasi-gezisi-hurgadadan\/#local-main-organization-logo"},"image":{"@id":"https:\/\/hurghadalovers.com\/tr\/tours\/luks-elit-turuncu-koy-adasi-gezisi-hurgadadan\/#local-main-organization-logo"},"sameAs":["https:\/\/www.facebook.com\/Hurghadaloversegypt"],"address":{"@id":"https:\/\/hurghadalovers.com\/tr\/tours\/luks-elit-turuncu-koy-adasi-gezisi-hurgadadan\/#local-main-place-address"},"telephone":["00201112596434"],"contactPoint":{"@type":"ContactPoint","telephone":"00201112596434","email":"weyouface@gmail.com"},"openingHoursSpecification":{"@type":"OpeningHoursSpecification","dayOfWeek":["Monday","Tuesday","Wednesday","Thursday","Friday","Saturday","Sunday"],"opens":"00:00","closes":"23:59"},"email":"weyouface@gmail.com","areaServed":"Luxor, Hurghada, El Gouna, Aswan, Sharm El Sheikh, Giza, Alexandria, Marsa Alam, Quseir, Soma Bay, Sahl Hasheesh, Red Sea, Makadi Bay, Cairo","priceRange":"$","currenciesAccepted":"euro","paymentAccepted":"cash on site"},{"@type":"PostalAddress","@id":"https:\/\/hurghadalovers.com\/tr\/tours\/luks-elit-turuncu-koy-adasi-gezisi-hurgadadan\/#local-main-place-address","streetAddress":"17 Banks street, Alkawther area, top nbk bank","addressLocality":"hurghada","postalCode":"84511","addressRegion":"red sea","addressCountry":"EG"},{"@type":"ImageObject","inLanguage":"tr","@id":"https:\/\/hurghadalovers.com\/tr\/tours\/luks-elit-turuncu-koy-adasi-gezisi-hurgadadan\/#local-main-organization-logo","url":"https:\/\/hurghadalovers.com\/wp-content\/uploads\/2019\/10\/hurghada-excursions-logo.png","contentUrl":"https:\/\/hurghadalovers.com\/wp-content\/uploads\/2019\/10\/hurghada-excursions-logo.png","width":272,"height":90,"caption":"Hurghada Excursions"}]},"product_brand":"Hurghada \u015enorkel Yat Gezisi","product_price_amount":"40","product_price_currency":"EUR","og_availability":"instock","product_availability":"instock","product_retailer_item_id":"Snorkeling022024","product_condition":"new","geo.placename":"hurghada","geo.region":"M\u0131s\u0131r"},"_links":{"self":[{"href":"https:\/\/hurghadalovers.com\/tr\/wp-json\/wp\/v2\/product\/380529","targetHints":{"allow":["GET"]}}],"collection":[{"href":"https:\/\/hurghadalovers.com\/tr\/wp-json\/wp\/v2\/product"}],"about":[{"href":"https:\/\/hurghadalovers.com\/tr\/wp-json\/wp\/v2\/types\/product"}],"wp:featuredmedia":[{"embeddable":true,"href":"https:\/\/hurghadalovers.com\/tr\/wp-json\/wp\/v2\/media\/380426"}],"wp:attachment":[{"href":"https:\/\/hurghadalovers.com\/tr\/wp-json\/wp\/v2\/media?parent=380529"}],"wp:term":[{"taxonomy":"product_brand","embeddable":true,"href":"https:\/\/hurghadalovers.com\/tr\/wp-json\/wp\/v2\/product_brand?post=380529"},{"taxonomy":"product_cat","embeddable":true,"href":"https:\/\/hurghadalovers.com\/tr\/wp-json\/wp\/v2\/product_cat?post=380529"},{"taxonomy":"product_tag","embeddable":true,"href":"https:\/\/hurghadalovers.com\/tr\/wp-json\/wp\/v2\/product_tag?post=380529"}],"curies":[{"name":"wp","href":"https:\/\/api.w.org\/{rel}","templated":true}]}}