{"id":380363,"date":"2023-08-14T12:09:20","date_gmt":"2023-08-14T12:25:31","guid":{"rendered":"https:\/\/hurghadalovers.com\/shop\/kategorilenmemis\/hurgadadan-sabah-super-jeep-safari-gezisi\/"},"modified":"2026-02-09T22:22:12","modified_gmt":"2026-02-09T22:22:12","slug":"sabah-super-jeep-safari%cc%87-gezi%cc%87si%cc%87-hurghadadan","status":"publish","type":"product","link":"https:\/\/hurghadalovers.com\/tr\/tours\/sabah-super-jeep-safari%cc%87-gezi%cc%87si%cc%87-hurghadadan\/","title":{"rendered":"Hurgada&#8217;dan Sabah S\u00fcper Jeep Safari Gezisi"},"content":{"rendered":"<p><strong>Sabah Hurghada&#8217;dan<\/strong> ATV Quad Bike, Spider Car ve 4\u00d74 Araba ile Bedevi k\u00f6y\u00fcne Deve <strong>Gezisi<\/strong> ve daha fazlas\u0131 ile <strong>S\u00fcper Jeep Safari Gez<\/strong> isi.<\/p>\n<p style=\"text-align: center;\"><span style=\"color: #ff9900;\">Hurgada&#8217;da Yap\u0131lacak En \u0130yi \u015eeyler <span style=\"color: #33cccc;\"><br \/>\n  <strong>\u00c7ocuklarla Aile Dostu<\/strong><br \/>\n<\/span>, <strong>Ya\u015fl\u0131lar<\/strong> &amp; <span style=\"color: #993366;\"><br \/>\n  <strong>Romantik<\/strong><br \/>\n<\/span> ve <span style=\"color: #993366;\"><br \/>\n  <strong>\u00c7iftler Balay\u0131<\/strong><br \/>\n<\/span><\/span><\/p>\n<p>&nbsp;<\/p>\n<p><strong>\u00d6nemli noktalar:<\/strong><\/p>\n<ol>\n<li>4\u00d74 Jeep Araba.<\/li>\n<li>Atl\u0131 Bisiklet Gezisi.<\/li>\n<li>\u00d6r\u00fcmcek araba.<\/li>\n<li>Deve gezintisi.<\/li>\n<li>Bedevi k\u00f6y\u00fc.<\/li>\n<\/ol>\n<p><strong>Detaylar:<\/strong><\/p>\n<ul>\n<li>Tur M\u00fcsaitlik Durumu: Her g\u00fcn.<\/li>\n<li>Tur T\u00fcr\u00fc: Grup<\/li>\n<li>Teslim Alma Saati: Sabah 08:00&#8217;den itibaren.<\/li>\n<li>Kalk\u0131\u015f Saati: 14:00.<\/li>\n<li>S\u00fcre: 5 saat.<\/li>\n<\/ul>\n<p><strong>\u015eimdi Rezerve Et Sonra \u00d6de:<\/strong><\/p>\n<ul>\n<li>Rehber i\u00e7in nakit.<\/li>\n<li>M\u0131s\u0131r poundu, $, \u20ac veya \u00a3 ile \u00f6deme.<\/li>\n<\/ul>\n<p><strong>\u0130ptal Politikas\u0131:<\/strong><\/p>\n<ul>\n<li>24 saat \u00f6ncesine kadar iptal edebilirsiniz.<\/li>\n<li>Ailenizden herhangi biri Sabah\u0131 \u0130ptal Etti\u011finde, Maliyetin %50&#8217;sini \u00d6deyin.<\/li>\n<\/ul>\n<p><strong>Neler Dahil?<\/strong><\/p>\n<ul>\n<li>Hurghada Otellerinden transfer &#8220;Otelden alma ve b\u0131rakma&#8221;.<\/li>\n<li>T\u00fcm Vergiler, Giri\u015f \u00dccretleri ve Ta\u015f\u0131ma \u00dccretleri.<\/li>\n<li>Transferler.<\/li>\n<li>Tur rehberi.<\/li>\n<li>Kask.<\/li>\n<\/ul>\n<p><strong>\u0130stisnalar?<\/strong><\/p>\n<ul>\n<li>E\u015farp<\/li>\n<li>Koruyucu g\u00f6zl\u00fckler<\/li>\n<li>Bah\u015fi\u015f.<\/li>\n<li>Yolculuk i\u00e7in foto\u011fraf\u00e7\u0131l\u0131k.<\/li>\n<li>Bahsedilmeyen ekstralar.<\/li>\n<\/ul>\n<p><strong>Hurghada&#8217;dan Sabah S\u00fcper Jeep Safari Gezisi Fiyatlar\u0131:<\/strong><\/p>\n<ul>\n<li><strong>Yeti\u015fkin Fiyat\u0131 = <\/strong><strong> Ki\u015fi Ba\u015f<\/strong>\u0131<strong>20$<\/strong>.<\/li>\n<li>\u00c7ocuklar i\u00e7in fiyat &#8220;5-12\u2033= %50.<\/li>\n<li>\u00c7ocuklar i\u00e7in &#8220;0-5\u2033= \u00dccretsiz.<\/li>\n<\/ul>\n<p><strong>Yorumlar:<\/strong><\/p>\n<p>Hurghada M\u0131s\u0131r&#8217;da \u00e7evrimi\u00e7i olarak <a href=\"https:\/\/hurghadalovers.com\/\">Hurghada<\/a> &#8216;daki En \u0130yi <a href=\"https:\/\/g.page\/r\/CUeYvkngP3wkEBM\/review\">Tur Operat\u00f6r\u00fc<\/a> olarak Google Harita \u0130ncelemelerimizi kontrol edin.<\/p>\n<p>&nbsp;<\/p>\n<p><strong>Not:  <\/strong><\/p>\n<p>Ayr\u0131ca El Goua, Soma koyu, Makadi koyu, Sahl Hasheesh, Safaga&#8217;daki otelinizden ki\u015fi ba\u015f\u0131 10 $ ekstra \u00fccret kar\u015f\u0131l\u0131\u011f\u0131nda transfer ile tur yap\u0131yoruz.<\/p>\n<p>&nbsp;<\/p>\n<p><strong>Rezervasyon:<\/strong><\/p>\n<p>Otel + Oda Numaras\u0131 + Foto\u011frafl\u0131 pasaportlar\u0131 WhatsApp&#8217;a g\u00f6nderin: <strong>+201112596434<\/strong><\/p>\n<p>M\u0131s\u0131r d\u0131\u015f\u0131ndaysan\u0131z \u015fimdi \u00e7evrimi\u00e7i rezervasyon yap\u0131n ve otele vard\u0131\u011f\u0131n\u0131zda onaylay\u0131n.<\/p>\n","protected":false},"excerpt":{"rendered":"<p>Sabah ATV Quad Bike, Spider Car ve 4\u00d74 Araba ile Hurghada&#8217;dan Bedevi k\u00f6y\u00fcne Deve Gezisi ile S\u00fcper Jeep Safari Gezisi&#8230; <strong>\u00c7ocuklu Aileler<\/strong>, <strong>Ya\u015fl\u0131lar<\/strong> ve <strong>Romantikler<\/strong> i\u00e7in Hurgada&#8217;da Yap\u0131lacak En \u0130yi \u015eeyler<\/p>\n","protected":false},"featured_media":380262,"template":"","meta":{"_joinchat":[]},"product_brand":[],"product_cat":[36664],"product_tag":[],"class_list":{"0":"post-380363","1":"product","2":"type-product","3":"status-publish","4":"has-post-thumbnail","6":"product_cat-turlar","7":"tour_category-quad-tour-from-hurghada-turkish","8":"tour_category-hurghada-tours-turkish","10":"first","11":"instock","12":"sale","13":"shipping-taxable","14":"purchasable","15":"product-type-tour"},"yoast_head":"<!-- This site is optimized with the Yoast SEO Premium plugin v26.9 (Yoast SEO v27.2) - https:\/\/yoast.com\/product\/yoast-seo-premium-wordpress\/ -->\n<title>Hurgada&#039;dan ATV ile Sabah S\u00fcper Jeep Safari Gezisi<\/title>\n<meta name=\"description\" content=\"Sabah ATV Quad Bike, Spider Car ve 4\u00d74 Araba ile Hurghada&#039;dan Bedevi k\u00f6y\u00fcne Deve Gezisi ile S\u00fcper Jeep Safari Gezisi... \u00c7ocuklarla aile dostu\" \/>\n<meta name=\"robots\" content=\"index, follow, max-snippet:-1, max-image-preview:large, max-video-preview:-1\" \/>\n<link rel=\"canonical\" href=\"https:\/\/hurghadalovers.com\/tr\/tours\/sabah-super-jeep-safari%cc%87-gezi%cc%87si%cc%87-hurghadadan\/\" \/>\n<meta property=\"og:locale\" content=\"tr_TR\" \/>\n<meta property=\"og:type\" content=\"article\" \/>\n<meta property=\"og:title\" content=\"Hurgada&#039;dan Sabah S\u00fcper Jeep Safari Gezisi\" \/>\n<meta property=\"og:description\" content=\"Sabah ATV Quad Bike, Spider Car ve 4\u00d74 Araba ile Hurghada&#039;dan Bedevi k\u00f6y\u00fcne Deve Gezisi ile S\u00fcper Jeep Safari Gezisi... \u00c7ocuklarla aile dostu\" \/>\n<meta property=\"og:url\" content=\"https:\/\/hurghadalovers.com\/tr\/tours\/sabah-super-jeep-safari%cc%87-gezi%cc%87si%cc%87-hurghadadan\/\" \/>\n<meta property=\"og:site_name\" content=\"Hurghada Excursions &amp; Day Trips | Booking Best Prices Tours\" \/>\n<meta property=\"article:publisher\" content=\"https:\/\/www.facebook.com\/Hurghadaloversegypt\" \/>\n<meta property=\"article:modified_time\" content=\"2026-02-09T22:22:12+00:00\" \/>\n<meta property=\"og:image\" content=\"https:\/\/hurghadalovers.com\/wp-content\/uploads\/2023\/08\/Morning-Super-Jeep-Safari-Trip-from-Hurghada.jpeg\" \/>\n\t<meta property=\"og:image:width\" content=\"1156\" \/>\n\t<meta property=\"og:image:height\" content=\"867\" \/>\n\t<meta property=\"og:image:type\" content=\"image\/jpeg\" \/>\n<meta name=\"twitter:card\" content=\"summary_large_image\" \/>\n<meta name=\"twitter:label1\" content=\"Fiyat\" \/>\n\t<meta name=\"twitter:data1\" content=\"&euro;&nbsp;25\" \/>\n\t<meta name=\"twitter:label2\" content=\"Durumu\" \/>\n\t<meta name=\"twitter:data2\" content=\"Stokta var\" \/>\n<script type=\"application\/ld+json\" class=\"yoast-schema-graph\">{\"@context\":\"https:\/\/schema.org\",\"@graph\":[{\"@type\":[\"WebPage\",\"ItemPage\"],\"@id\":\"https:\/\/hurghadalovers.com\/tr\/tours\/sabah-super-jeep-safari%cc%87-gezi%cc%87si%cc%87-hurghadadan\/\",\"url\":\"https:\/\/hurghadalovers.com\/tr\/tours\/sabah-super-jeep-safari%cc%87-gezi%cc%87si%cc%87-hurghadadan\/\",\"name\":\"Hurgada'dan ATV ile Sabah S\u00fcper Jeep Safari Gezisi\",\"isPartOf\":{\"@id\":\"https:\/\/hurghadalovers.com\/tr\/#website\"},\"primaryImageOfPage\":{\"@id\":\"https:\/\/hurghadalovers.com\/tr\/tours\/sabah-super-jeep-safari%cc%87-gezi%cc%87si%cc%87-hurghadadan\/#primaryimage\"},\"image\":{\"@id\":\"https:\/\/hurghadalovers.com\/tr\/tours\/sabah-super-jeep-safari%cc%87-gezi%cc%87si%cc%87-hurghadadan\/#primaryimage\"},\"thumbnailUrl\":\"https:\/\/hurghadalovers.com\/wp-content\/uploads\/2023\/08\/Morning-Super-Jeep-Safari-Trip-from-Hurghada.jpeg\",\"datePublished\":\"2023-08-14T12:25:31+00:00\",\"dateModified\":\"2026-02-09T22:22:12+00:00\",\"description\":\"Sabah ATV Quad Bike, Spider Car ve 4\u00d74 Araba ile Hurghada'dan Bedevi k\u00f6y\u00fcne Deve Gezisi ile S\u00fcper Jeep Safari Gezisi... \u00c7ocuklarla aile dostu\",\"breadcrumb\":{\"@id\":\"https:\/\/hurghadalovers.com\/tr\/tours\/sabah-super-jeep-safari%cc%87-gezi%cc%87si%cc%87-hurghadadan\/#breadcrumb\"},\"inLanguage\":\"tr\",\"potentialAction\":[{\"@type\":\"ReadAction\",\"target\":[\"https:\/\/hurghadalovers.com\/tr\/tours\/sabah-super-jeep-safari%cc%87-gezi%cc%87si%cc%87-hurghadadan\/\"]}]},{\"@type\":\"ImageObject\",\"inLanguage\":\"tr\",\"@id\":\"https:\/\/hurghadalovers.com\/tr\/tours\/sabah-super-jeep-safari%cc%87-gezi%cc%87si%cc%87-hurghadadan\/#primaryimage\",\"url\":\"https:\/\/hurghadalovers.com\/wp-content\/uploads\/2023\/08\/Morning-Super-Jeep-Safari-Trip-from-Hurghada.jpeg\",\"contentUrl\":\"https:\/\/hurghadalovers.com\/wp-content\/uploads\/2023\/08\/Morning-Super-Jeep-Safari-Trip-from-Hurghada.jpeg\",\"width\":1156,\"height\":867,\"caption\":\"Morning Super Jeep Safari Trip from Hurghada\"},{\"@type\":\"BreadcrumbList\",\"@id\":\"https:\/\/hurghadalovers.com\/tr\/tours\/sabah-super-jeep-safari%cc%87-gezi%cc%87si%cc%87-hurghadadan\/#breadcrumb\",\"itemListElement\":[{\"@type\":\"ListItem\",\"position\":1,\"name\":\"Home\",\"item\":\"https:\/\/hurghadalovers.com\/tr\/\"},{\"@type\":\"ListItem\",\"position\":2,\"name\":\"Shop\",\"item\":\"https:\/\/hurghadalovers.com\/shop\/\"},{\"@type\":\"ListItem\",\"position\":3,\"name\":\"Hurgada&#8217;dan Sabah S\u00fcper Jeep Safari Gezisi\"}]},{\"@type\":\"WebSite\",\"@id\":\"https:\/\/hurghadalovers.com\/tr\/#website\",\"url\":\"https:\/\/hurghadalovers.com\/tr\/\",\"name\":\"Hurghada Excursions & Day Trips | Booking Best Prices Tours\",\"description\":\"Hurghada Lovers - Best Tour Operator - Excursions &amp; Things to do for Family Day Trips with kids and Couples Romantic. Unique .Hidden gems\",\"publisher\":{\"@id\":\"https:\/\/hurghadalovers.com\/tr\/#organization\"},\"alternateName\":\"Hurghada Excursions\",\"potentialAction\":[{\"@type\":\"SearchAction\",\"target\":{\"@type\":\"EntryPoint\",\"urlTemplate\":\"https:\/\/hurghadalovers.com\/tr\/?s={search_term_string}\"},\"query-input\":{\"@type\":\"PropertyValueSpecification\",\"valueRequired\":true,\"valueName\":\"search_term_string\"}}],\"inLanguage\":\"tr\"},{\"@type\":[\"Organization\",\"Place\",\"TravelAgency\"],\"@id\":\"https:\/\/hurghadalovers.com\/tr\/#organization\",\"name\":\"Hurghada Excursions\",\"url\":\"https:\/\/hurghadalovers.com\/tr\/\",\"logo\":{\"@id\":\"https:\/\/hurghadalovers.com\/tr\/tours\/sabah-super-jeep-safari%cc%87-gezi%cc%87si%cc%87-hurghadadan\/#local-main-organization-logo\"},\"image\":{\"@id\":\"https:\/\/hurghadalovers.com\/tr\/tours\/sabah-super-jeep-safari%cc%87-gezi%cc%87si%cc%87-hurghadadan\/#local-main-organization-logo\"},\"sameAs\":[\"https:\/\/www.facebook.com\/Hurghadaloversegypt\"],\"address\":{\"@id\":\"https:\/\/hurghadalovers.com\/tr\/tours\/sabah-super-jeep-safari%cc%87-gezi%cc%87si%cc%87-hurghadadan\/#local-main-place-address\"},\"telephone\":[\"00201112596434\"],\"contactPoint\":{\"@type\":\"ContactPoint\",\"telephone\":\"00201112596434\",\"email\":\"weyouface@gmail.com\"},\"openingHoursSpecification\":{\"@type\":\"OpeningHoursSpecification\",\"dayOfWeek\":[\"Monday\",\"Tuesday\",\"Wednesday\",\"Thursday\",\"Friday\",\"Saturday\",\"Sunday\"],\"opens\":\"00:00\",\"closes\":\"23:59\"},\"email\":\"weyouface@gmail.com\",\"areaServed\":\"Luxor, Hurghada, El Gouna, Aswan, Sharm El Sheikh, Giza, Alexandria, Marsa Alam, Quseir, Soma Bay, Sahl Hasheesh, Red Sea, Makadi Bay, Cairo\",\"priceRange\":\"$\",\"currenciesAccepted\":\"euro\",\"paymentAccepted\":\"cash on site\"},{\"@type\":\"PostalAddress\",\"@id\":\"https:\/\/hurghadalovers.com\/tr\/tours\/sabah-super-jeep-safari%cc%87-gezi%cc%87si%cc%87-hurghadadan\/#local-main-place-address\",\"streetAddress\":\"17 Banks street, Alkawther area, top nbk bank\",\"addressLocality\":\"hurghada\",\"postalCode\":\"84511\",\"addressRegion\":\"red sea\",\"addressCountry\":\"EG\"},{\"@type\":\"ImageObject\",\"inLanguage\":\"tr\",\"@id\":\"https:\/\/hurghadalovers.com\/tr\/tours\/sabah-super-jeep-safari%cc%87-gezi%cc%87si%cc%87-hurghadadan\/#local-main-organization-logo\",\"url\":\"https:\/\/hurghadalovers.com\/wp-content\/uploads\/2019\/10\/hurghada-excursions-logo.png\",\"contentUrl\":\"https:\/\/hurghadalovers.com\/wp-content\/uploads\/2019\/10\/hurghada-excursions-logo.png\",\"width\":272,\"height\":90,\"caption\":\"Hurghada Excursions\"}]}<\/script>\n<meta property=\"product:brand\" content=\"Hurghada Safari Turlar\u0131\" \/>\n<meta property=\"product:price:amount\" content=\"25\" \/>\n<meta property=\"product:price:currency\" content=\"EUR\" \/>\n<meta property=\"og:availability\" content=\"instock\" \/>\n<meta property=\"product:availability\" content=\"instock\" \/>\n<meta property=\"product:retailer_item_id\" content=\"Safari082024\" \/>\n<meta property=\"product:condition\" content=\"new\" \/>\n<meta name=\"geo.placename\" content=\"hurghada\" \/>\n<meta name=\"geo.region\" content=\"M\u0131s\u0131r\" \/>\n<!-- \/ Yoast SEO Premium plugin. -->","yoast_head_json":{"title":"Hurgada'dan ATV ile Sabah S\u00fcper Jeep Safari Gezisi","description":"Sabah ATV Quad Bike, Spider Car ve 4\u00d74 Araba ile Hurghada'dan Bedevi k\u00f6y\u00fcne Deve Gezisi ile S\u00fcper Jeep Safari Gezisi... \u00c7ocuklarla aile dostu","robots":{"index":"index","follow":"follow","max-snippet":"max-snippet:-1","max-image-preview":"max-image-preview:large","max-video-preview":"max-video-preview:-1"},"canonical":"https:\/\/hurghadalovers.com\/tr\/tours\/sabah-super-jeep-safari%cc%87-gezi%cc%87si%cc%87-hurghadadan\/","og_locale":"tr_TR","og_type":"article","og_title":"Hurgada'dan Sabah S\u00fcper Jeep Safari Gezisi","og_description":"Sabah ATV Quad Bike, Spider Car ve 4\u00d74 Araba ile Hurghada'dan Bedevi k\u00f6y\u00fcne Deve Gezisi ile S\u00fcper Jeep Safari Gezisi... \u00c7ocuklarla aile dostu","og_url":"https:\/\/hurghadalovers.com\/tr\/tours\/sabah-super-jeep-safari%cc%87-gezi%cc%87si%cc%87-hurghadadan\/","og_site_name":"Hurghada Excursions &amp; Day Trips | Booking Best Prices Tours","article_publisher":"https:\/\/www.facebook.com\/Hurghadaloversegypt","article_modified_time":"2026-02-09T22:22:12+00:00","og_image":[{"width":1156,"height":867,"url":"https:\/\/hurghadalovers.com\/wp-content\/uploads\/2023\/08\/Morning-Super-Jeep-Safari-Trip-from-Hurghada.jpeg","type":"image\/jpeg"}],"twitter_card":"summary_large_image","twitter_misc":{"Fiyat":"&euro;&nbsp;25","Durumu":"Stokta var"},"schema":{"@context":"https:\/\/schema.org","@graph":[{"@type":["WebPage","ItemPage"],"@id":"https:\/\/hurghadalovers.com\/tr\/tours\/sabah-super-jeep-safari%cc%87-gezi%cc%87si%cc%87-hurghadadan\/","url":"https:\/\/hurghadalovers.com\/tr\/tours\/sabah-super-jeep-safari%cc%87-gezi%cc%87si%cc%87-hurghadadan\/","name":"Hurgada'dan ATV ile Sabah S\u00fcper Jeep Safari Gezisi","isPartOf":{"@id":"https:\/\/hurghadalovers.com\/tr\/#website"},"primaryImageOfPage":{"@id":"https:\/\/hurghadalovers.com\/tr\/tours\/sabah-super-jeep-safari%cc%87-gezi%cc%87si%cc%87-hurghadadan\/#primaryimage"},"image":{"@id":"https:\/\/hurghadalovers.com\/tr\/tours\/sabah-super-jeep-safari%cc%87-gezi%cc%87si%cc%87-hurghadadan\/#primaryimage"},"thumbnailUrl":"https:\/\/hurghadalovers.com\/wp-content\/uploads\/2023\/08\/Morning-Super-Jeep-Safari-Trip-from-Hurghada.jpeg","datePublished":"2023-08-14T12:25:31+00:00","dateModified":"2026-02-09T22:22:12+00:00","description":"Sabah ATV Quad Bike, Spider Car ve 4\u00d74 Araba ile Hurghada'dan Bedevi k\u00f6y\u00fcne Deve Gezisi ile S\u00fcper Jeep Safari Gezisi... \u00c7ocuklarla aile dostu","breadcrumb":{"@id":"https:\/\/hurghadalovers.com\/tr\/tours\/sabah-super-jeep-safari%cc%87-gezi%cc%87si%cc%87-hurghadadan\/#breadcrumb"},"inLanguage":"tr","potentialAction":[{"@type":"ReadAction","target":["https:\/\/hurghadalovers.com\/tr\/tours\/sabah-super-jeep-safari%cc%87-gezi%cc%87si%cc%87-hurghadadan\/"]}]},{"@type":"ImageObject","inLanguage":"tr","@id":"https:\/\/hurghadalovers.com\/tr\/tours\/sabah-super-jeep-safari%cc%87-gezi%cc%87si%cc%87-hurghadadan\/#primaryimage","url":"https:\/\/hurghadalovers.com\/wp-content\/uploads\/2023\/08\/Morning-Super-Jeep-Safari-Trip-from-Hurghada.jpeg","contentUrl":"https:\/\/hurghadalovers.com\/wp-content\/uploads\/2023\/08\/Morning-Super-Jeep-Safari-Trip-from-Hurghada.jpeg","width":1156,"height":867,"caption":"Morning Super Jeep Safari Trip from Hurghada"},{"@type":"BreadcrumbList","@id":"https:\/\/hurghadalovers.com\/tr\/tours\/sabah-super-jeep-safari%cc%87-gezi%cc%87si%cc%87-hurghadadan\/#breadcrumb","itemListElement":[{"@type":"ListItem","position":1,"name":"Home","item":"https:\/\/hurghadalovers.com\/tr\/"},{"@type":"ListItem","position":2,"name":"Shop","item":"https:\/\/hurghadalovers.com\/shop\/"},{"@type":"ListItem","position":3,"name":"Hurgada&#8217;dan Sabah S\u00fcper Jeep Safari Gezisi"}]},{"@type":"WebSite","@id":"https:\/\/hurghadalovers.com\/tr\/#website","url":"https:\/\/hurghadalovers.com\/tr\/","name":"Hurghada Excursions & Day Trips | Booking Best Prices Tours","description":"Hurghada Lovers - Best Tour Operator - Excursions &amp; Things to do for Family Day Trips with kids and Couples Romantic. Unique .Hidden gems","publisher":{"@id":"https:\/\/hurghadalovers.com\/tr\/#organization"},"alternateName":"Hurghada Excursions","potentialAction":[{"@type":"SearchAction","target":{"@type":"EntryPoint","urlTemplate":"https:\/\/hurghadalovers.com\/tr\/?s={search_term_string}"},"query-input":{"@type":"PropertyValueSpecification","valueRequired":true,"valueName":"search_term_string"}}],"inLanguage":"tr"},{"@type":["Organization","Place","TravelAgency"],"@id":"https:\/\/hurghadalovers.com\/tr\/#organization","name":"Hurghada Excursions","url":"https:\/\/hurghadalovers.com\/tr\/","logo":{"@id":"https:\/\/hurghadalovers.com\/tr\/tours\/sabah-super-jeep-safari%cc%87-gezi%cc%87si%cc%87-hurghadadan\/#local-main-organization-logo"},"image":{"@id":"https:\/\/hurghadalovers.com\/tr\/tours\/sabah-super-jeep-safari%cc%87-gezi%cc%87si%cc%87-hurghadadan\/#local-main-organization-logo"},"sameAs":["https:\/\/www.facebook.com\/Hurghadaloversegypt"],"address":{"@id":"https:\/\/hurghadalovers.com\/tr\/tours\/sabah-super-jeep-safari%cc%87-gezi%cc%87si%cc%87-hurghadadan\/#local-main-place-address"},"telephone":["00201112596434"],"contactPoint":{"@type":"ContactPoint","telephone":"00201112596434","email":"weyouface@gmail.com"},"openingHoursSpecification":{"@type":"OpeningHoursSpecification","dayOfWeek":["Monday","Tuesday","Wednesday","Thursday","Friday","Saturday","Sunday"],"opens":"00:00","closes":"23:59"},"email":"weyouface@gmail.com","areaServed":"Luxor, Hurghada, El Gouna, Aswan, Sharm El Sheikh, Giza, Alexandria, Marsa Alam, Quseir, Soma Bay, Sahl Hasheesh, Red Sea, Makadi Bay, Cairo","priceRange":"$","currenciesAccepted":"euro","paymentAccepted":"cash on site"},{"@type":"PostalAddress","@id":"https:\/\/hurghadalovers.com\/tr\/tours\/sabah-super-jeep-safari%cc%87-gezi%cc%87si%cc%87-hurghadadan\/#local-main-place-address","streetAddress":"17 Banks street, Alkawther area, top nbk bank","addressLocality":"hurghada","postalCode":"84511","addressRegion":"red sea","addressCountry":"EG"},{"@type":"ImageObject","inLanguage":"tr","@id":"https:\/\/hurghadalovers.com\/tr\/tours\/sabah-super-jeep-safari%cc%87-gezi%cc%87si%cc%87-hurghadadan\/#local-main-organization-logo","url":"https:\/\/hurghadalovers.com\/wp-content\/uploads\/2019\/10\/hurghada-excursions-logo.png","contentUrl":"https:\/\/hurghadalovers.com\/wp-content\/uploads\/2019\/10\/hurghada-excursions-logo.png","width":272,"height":90,"caption":"Hurghada Excursions"}]},"product_brand":"Hurghada Safari Turlar\u0131","product_price_amount":"25","product_price_currency":"EUR","og_availability":"instock","product_availability":"instock","product_retailer_item_id":"Safari082024","product_condition":"new","geo.placename":"hurghada","geo.region":"M\u0131s\u0131r"},"_links":{"self":[{"href":"https:\/\/hurghadalovers.com\/tr\/wp-json\/wp\/v2\/product\/380363","targetHints":{"allow":["GET"]}}],"collection":[{"href":"https:\/\/hurghadalovers.com\/tr\/wp-json\/wp\/v2\/product"}],"about":[{"href":"https:\/\/hurghadalovers.com\/tr\/wp-json\/wp\/v2\/types\/product"}],"wp:featuredmedia":[{"embeddable":true,"href":"https:\/\/hurghadalovers.com\/tr\/wp-json\/wp\/v2\/media\/380262"}],"wp:attachment":[{"href":"https:\/\/hurghadalovers.com\/tr\/wp-json\/wp\/v2\/media?parent=380363"}],"wp:term":[{"taxonomy":"product_brand","embeddable":true,"href":"https:\/\/hurghadalovers.com\/tr\/wp-json\/wp\/v2\/product_brand?post=380363"},{"taxonomy":"product_cat","embeddable":true,"href":"https:\/\/hurghadalovers.com\/tr\/wp-json\/wp\/v2\/product_cat?post=380363"},{"taxonomy":"product_tag","embeddable":true,"href":"https:\/\/hurghadalovers.com\/tr\/wp-json\/wp\/v2\/product_tag?post=380363"}],"curies":[{"name":"wp","href":"https:\/\/api.w.org\/{rel}","templated":true}]}}