{"id":397008,"date":"2023-09-04T18:21:37","date_gmt":"2023-09-04T18:21:37","guid":{"rendered":"https:\/\/hurghadalovers.com\/shop\/okategoriserad\/dagsutflykt-med-buss-fran-el-gouna-till-pyramiderna\/"},"modified":"2026-02-09T01:26:27","modified_gmt":"2026-02-09T01:26:27","slug":"el-gouna-till-pyramiderna-dagsutflykt-med-buss","status":"publish","type":"product","link":"https:\/\/hurghadalovers.com\/sv\/tours\/el-gouna-till-pyramiderna-dagsutflykt-med-buss\/","title":{"rendered":"Dagsutflykt med buss fr\u00e5n El Gouna till pyramiderna"},"content":{"rendered":"<p><strong>El Gouna<\/strong> <strong>till pyramiderna dagsutflykt med buss<\/strong> | Bokning Billigt pris Kairo Tours fr\u00e5n El Gouna med privat guide, lunch, biljetter och lyxig transfer.<\/p>\n<p style=\"text-align: center;\"><span style=\"color: #993300;\"><strong>Uppt\u00e4ck den faraoniska civilisationens hemligheter<\/strong><\/span><\/p>\n<p><strong>H\u00f6jdpunkter:<\/strong><\/p>\n<ol>\n<li>Bes\u00f6k pyramiderna i Giza.<\/li>\n<li>Bes\u00f6k den stora sfinxen.<\/li>\n<li>Egyptiska museet.<\/li>\n<li>Lunch p\u00e5 restaurang &#8221;Vegetarisk mat finns tillg\u00e4nglig&#8221;.<\/li>\n<\/ol>\n<p><strong>El Gouna<\/strong> <strong>Dagsutflykt med buss till pyramiderna Detaljer:<\/strong><\/p>\n<ul>\n<li>Tillg\u00e4nglighet f\u00f6r turer: Varje dag.<\/li>\n<li>Typ av resa: Grupp.<\/li>\n<li>Tid f\u00f6r upph\u00e4mtning: Fr\u00e5n kl. 12.00<\/li>\n<li>Hotellets frukostp\u00e5se ska f\u00f6lja med p\u00e5 morgonen.<\/li>\n<li>Tid f\u00f6r upph\u00e4mtning: 23:00.<\/li>\n<li>Tillg\u00e4ngligt f\u00f6r rullstolsburna.<\/li>\n<li>Varaktighet: 24 timmar.<\/li>\n<\/ul>\n<p><strong>Boka nu och betala senare:<\/strong><\/p>\n<ul>\n<li>Kontanter p\u00e5 plats till Guide.<\/li>\n<li>Betalning med egyptiska pund, $, \u20ac eller \u00a3.<\/li>\n<\/ul>\n<p><strong>Regler f\u00f6r avbokning:<\/strong><\/p>\n<ul>\n<li>du kan avboka upp till 24 timmar i f\u00f6rv\u00e4g.<\/li>\n<li>Om n\u00e5gon i din familj avbokar Morning ska du betala 50 % av kostnaden.<\/li>\n<\/ul>\n<p><strong>Vad ing\u00e5r i paketet?<\/strong><\/p>\n<ul>\n<li>Transfer fr\u00e5n El Gouna Hotels &#8221;Upph\u00e4mtning och avl\u00e4mning vid hotellet&#8221;.<\/li>\n<li>Alla skatter, intr\u00e4desavgifter och expeditionsavgifter.<\/li>\n<li>\u00d6verf\u00f6ringar.<\/li>\n<li>Reseledare.<\/li>\n<li>Lunch p\u00e5 restaurang.<\/li>\n<\/ul>\n<p><strong>Undantag?<\/strong><\/p>\n<ul>\n<li>Tippning.<\/li>\n<li>Felucca resa &#8221;B\u00e5tkryssning&#8221; I 35 min.<\/li>\n<li>Drycker.<\/li>\n<li>Eventuella extrafunktioner som inte n\u00e4mns.<\/li>\n<\/ul>\n<p><strong>Priser:<\/strong><\/p>\n<ul>\n<li><strong>Vuxenpris = 65$ per person<\/strong>.<\/li>\n<li>Pris f\u00f6r barn &#8221;5-12\u2033= 50%.<\/li>\n<li>f\u00f6r barn &#8221;0-5\u2033= Gratis.<\/li>\n<\/ul>\n<p>&nbsp;<\/p>\n<p><strong>Recensioner:<\/strong><\/p>\n<p>kolla v\u00e5ra Google Map Recensioner som B\u00e4sta <a href=\"https:\/\/g.page\/r\/CUeYvkngP3wkEBM\/review\">researrang\u00f6r i Hurghada<\/a> online i <a href=\"https:\/\/hurghadalovers.com\/\">Hurghada<\/a> Egypten.<\/p>\n<p>&nbsp;<\/p>\n<p><strong>Bokning:<\/strong><\/p>\n<p>Skicka hotell + rumsnummer + pass med foto till WhatsApp: <strong>+201112596434<\/strong><\/p>\n<p>Om du \u00e4r ute Egypten Bokning nu online och bekr\u00e4fta vid ankomst Hotell.<\/p>\n<p>&nbsp;<\/p>\n<p>&nbsp;<\/p>\n","protected":false},"excerpt":{"rendered":"<p><strong>El Gouna<\/strong> <strong>till pyramiderna dagsutflykt med buss<\/strong> | Bokning Billigt pris Kairo Tours fr\u00e5n El Gouna med privat guide, lunch, biljetter och lyxig transfer.<\/p>\n<p style=\"text-align: center;\"><span style=\"color: #993300;\"><strong>Uppt\u00e4ck den faraoniska civilisationens hemligheter<\/strong><\/span><\/p>\n<p>&nbsp;<\/p>\n","protected":false},"featured_media":470902,"template":"","meta":{"_joinchat":[]},"product_brand":[],"product_cat":[36666],"product_tag":[],"class_list":{"0":"post-397008","1":"product","2":"type-product","3":"status-publish","4":"has-post-thumbnail","6":"product_cat-resor","7":"tour_category-rundturer-fran-el-gouna-till-pyramiderna","8":"tour_category-el-gouna-utflykter","10":"first","11":"instock","12":"sale","13":"shipping-taxable","14":"purchasable","15":"product-type-tour"},"yoast_head":"<!-- This site is optimized with the Yoast SEO Premium plugin v26.9 (Yoast SEO v27.2) - https:\/\/yoast.com\/product\/yoast-seo-premium-wordpress\/ -->\n<title>El Gouna till Pyramiderna dagsutflykt med buss | Billigt pris Kairo Tours<\/title>\n<meta name=\"description\" content=\"El Gouna till pyramiderna dagsutflykt med buss | Bokning Billigt pris Kairo Tours fr\u00e5n El Gouna med privat guide, lunch, biljetter och lyxig transfer.\" \/>\n<meta name=\"robots\" content=\"index, follow, max-snippet:-1, max-image-preview:large, max-video-preview:-1\" \/>\n<link rel=\"canonical\" href=\"https:\/\/hurghadalovers.com\/sv\/tours\/el-gouna-till-pyramiderna-dagsutflykt-med-buss\/\" \/>\n<meta property=\"og:locale\" content=\"sv_SE\" \/>\n<meta property=\"og:type\" content=\"article\" \/>\n<meta property=\"og:title\" content=\"Dagsutflykt med buss fr\u00e5n El Gouna till pyramiderna\" \/>\n<meta property=\"og:description\" content=\"El Gouna till pyramiderna dagsutflykt med buss | Bokning Billigt pris Kairo Tours fr\u00e5n El Gouna med privat guide, lunch, biljetter och lyxig transfer.\" \/>\n<meta property=\"og:url\" content=\"https:\/\/hurghadalovers.com\/sv\/tours\/el-gouna-till-pyramiderna-dagsutflykt-med-buss\/\" \/>\n<meta property=\"og:site_name\" content=\"Hurghada Excursions &amp; Day Trips | Booking Best Prices Tours\" \/>\n<meta property=\"article:publisher\" content=\"https:\/\/www.facebook.com\/Hurghadaloversegypt\" \/>\n<meta property=\"article:modified_time\" content=\"2026-02-09T01:26:27+00:00\" \/>\n<meta property=\"og:image\" content=\"https:\/\/hurghadalovers.com\/wp-content\/uploads\/2023\/09\/El-Gouna-to-Pyramids-Day-Trip-by-Bus.jpg\" \/>\n\t<meta property=\"og:image:width\" content=\"1888\" \/>\n\t<meta property=\"og:image:height\" content=\"1259\" \/>\n\t<meta property=\"og:image:type\" content=\"image\/jpeg\" \/>\n<meta name=\"twitter:card\" content=\"summary_large_image\" \/>\n<meta name=\"twitter:label1\" content=\"Pris\" \/>\n\t<meta name=\"twitter:data1\" content=\"&euro;&nbsp;75\" \/>\n\t<meta name=\"twitter:label2\" content=\"Tillg\u00e4nglig\" \/>\n\t<meta name=\"twitter:data2\" content=\"I lager\" \/>\n<script type=\"application\/ld+json\" class=\"yoast-schema-graph\">{\"@context\":\"https:\/\/schema.org\",\"@graph\":[{\"@type\":[\"WebPage\",\"ItemPage\"],\"@id\":\"https:\/\/hurghadalovers.com\/sv\/tours\/el-gouna-till-pyramiderna-dagsutflykt-med-buss\/\",\"url\":\"https:\/\/hurghadalovers.com\/sv\/tours\/el-gouna-till-pyramiderna-dagsutflykt-med-buss\/\",\"name\":\"El Gouna till Pyramiderna dagsutflykt med buss | Billigt pris Kairo Tours\",\"isPartOf\":{\"@id\":\"https:\/\/hurghadalovers.com\/sv\/#website\"},\"primaryImageOfPage\":{\"@id\":\"https:\/\/hurghadalovers.com\/sv\/tours\/el-gouna-till-pyramiderna-dagsutflykt-med-buss\/#primaryimage\"},\"image\":{\"@id\":\"https:\/\/hurghadalovers.com\/sv\/tours\/el-gouna-till-pyramiderna-dagsutflykt-med-buss\/#primaryimage\"},\"thumbnailUrl\":\"https:\/\/hurghadalovers.com\/wp-content\/uploads\/2023\/09\/El-Gouna-to-Pyramids-Day-Trip-by-Bus.jpg\",\"datePublished\":\"2023-09-04T18:21:37+00:00\",\"dateModified\":\"2026-02-09T01:26:27+00:00\",\"description\":\"El Gouna till pyramiderna dagsutflykt med buss | Bokning Billigt pris Kairo Tours fr\u00e5n El Gouna med privat guide, lunch, biljetter och lyxig transfer.\",\"breadcrumb\":{\"@id\":\"https:\/\/hurghadalovers.com\/sv\/tours\/el-gouna-till-pyramiderna-dagsutflykt-med-buss\/#breadcrumb\"},\"inLanguage\":\"sv-SE\",\"potentialAction\":[{\"@type\":\"ReadAction\",\"target\":[\"https:\/\/hurghadalovers.com\/sv\/tours\/el-gouna-till-pyramiderna-dagsutflykt-med-buss\/\"]}]},{\"@type\":\"ImageObject\",\"inLanguage\":\"sv-SE\",\"@id\":\"https:\/\/hurghadalovers.com\/sv\/tours\/el-gouna-till-pyramiderna-dagsutflykt-med-buss\/#primaryimage\",\"url\":\"https:\/\/hurghadalovers.com\/wp-content\/uploads\/2023\/09\/El-Gouna-to-Pyramids-Day-Trip-by-Bus.jpg\",\"contentUrl\":\"https:\/\/hurghadalovers.com\/wp-content\/uploads\/2023\/09\/El-Gouna-to-Pyramids-Day-Trip-by-Bus.jpg\",\"width\":1888,\"height\":1259,\"caption\":\"El Gouna to Pyramids Day Trip by Bus\"},{\"@type\":\"BreadcrumbList\",\"@id\":\"https:\/\/hurghadalovers.com\/sv\/tours\/el-gouna-till-pyramiderna-dagsutflykt-med-buss\/#breadcrumb\",\"itemListElement\":[{\"@type\":\"ListItem\",\"position\":1,\"name\":\"Home\",\"item\":\"https:\/\/hurghadalovers.com\/sv\/\"},{\"@type\":\"ListItem\",\"position\":2,\"name\":\"Shop\",\"item\":\"https:\/\/hurghadalovers.com\/shop\/\"},{\"@type\":\"ListItem\",\"position\":3,\"name\":\"Dagsutflykt med buss fr\u00e5n El Gouna till pyramiderna\"}]},{\"@type\":\"WebSite\",\"@id\":\"https:\/\/hurghadalovers.com\/sv\/#website\",\"url\":\"https:\/\/hurghadalovers.com\/sv\/\",\"name\":\"Hurghada Excursions & Day Trips | Booking Best Prices Tours\",\"description\":\"Hurghada Lovers - Best Tour Operator - Excursions &amp; Things to do for Family Day Trips with kids and Couples Romantic. Unique .Hidden gems\",\"publisher\":{\"@id\":\"https:\/\/hurghadalovers.com\/sv\/#organization\"},\"alternateName\":\"Hurghada Excursions\",\"potentialAction\":[{\"@type\":\"SearchAction\",\"target\":{\"@type\":\"EntryPoint\",\"urlTemplate\":\"https:\/\/hurghadalovers.com\/sv\/?s={search_term_string}\"},\"query-input\":{\"@type\":\"PropertyValueSpecification\",\"valueRequired\":true,\"valueName\":\"search_term_string\"}}],\"inLanguage\":\"sv-SE\"},{\"@type\":[\"Organization\",\"Place\",\"TravelAgency\"],\"@id\":\"https:\/\/hurghadalovers.com\/sv\/#organization\",\"name\":\"Hurghada Excursions\",\"url\":\"https:\/\/hurghadalovers.com\/sv\/\",\"logo\":{\"@id\":\"https:\/\/hurghadalovers.com\/sv\/tours\/el-gouna-till-pyramiderna-dagsutflykt-med-buss\/#local-main-organization-logo\"},\"image\":{\"@id\":\"https:\/\/hurghadalovers.com\/sv\/tours\/el-gouna-till-pyramiderna-dagsutflykt-med-buss\/#local-main-organization-logo\"},\"sameAs\":[\"https:\/\/www.facebook.com\/Hurghadaloversegypt\"],\"address\":{\"@id\":\"https:\/\/hurghadalovers.com\/sv\/tours\/el-gouna-till-pyramiderna-dagsutflykt-med-buss\/#local-main-place-address\"},\"telephone\":[\"00201112596434\"],\"contactPoint\":{\"@type\":\"ContactPoint\",\"telephone\":\"00201112596434\",\"email\":\"weyouface@gmail.com\"},\"openingHoursSpecification\":{\"@type\":\"OpeningHoursSpecification\",\"dayOfWeek\":[\"Monday\",\"Tuesday\",\"Wednesday\",\"Thursday\",\"Friday\",\"Saturday\",\"Sunday\"],\"opens\":\"00:00\",\"closes\":\"23:59\"},\"email\":\"weyouface@gmail.com\",\"areaServed\":\"Luxor, Hurghada, El Gouna, Aswan, Sharm El Sheikh, Giza, Alexandria, Marsa Alam, Quseir, Soma Bay, Sahl Hasheesh, Red Sea, Makadi Bay, Cairo\",\"priceRange\":\"$\",\"currenciesAccepted\":\"euro\",\"paymentAccepted\":\"cash on site\"},{\"@type\":\"PostalAddress\",\"@id\":\"https:\/\/hurghadalovers.com\/sv\/tours\/el-gouna-till-pyramiderna-dagsutflykt-med-buss\/#local-main-place-address\",\"streetAddress\":\"17 Banks street, Alkawther area, top nbk bank\",\"addressLocality\":\"hurghada\",\"postalCode\":\"84511\",\"addressRegion\":\"red sea\",\"addressCountry\":\"EG\"},{\"@type\":\"ImageObject\",\"inLanguage\":\"sv-SE\",\"@id\":\"https:\/\/hurghadalovers.com\/sv\/tours\/el-gouna-till-pyramiderna-dagsutflykt-med-buss\/#local-main-organization-logo\",\"url\":\"https:\/\/hurghadalovers.com\/wp-content\/uploads\/2019\/10\/hurghada-excursions-logo.png\",\"contentUrl\":\"https:\/\/hurghadalovers.com\/wp-content\/uploads\/2019\/10\/hurghada-excursions-logo.png\",\"width\":272,\"height\":90,\"caption\":\"Hurghada Excursions\"}]}<\/script>\n<meta property=\"product:brand\" content=\"Dagstur till Kairo fr\u00e5n El Gouna\" \/>\n<meta property=\"product:price:amount\" content=\"75\" \/>\n<meta property=\"product:price:currency\" content=\"EUR\" \/>\n<meta property=\"og:availability\" content=\"instock\" \/>\n<meta property=\"product:availability\" content=\"instock\" \/>\n<meta property=\"product:retailer_item_id\" content=\"Gouna0172024\" \/>\n<meta property=\"product:condition\" content=\"new\" \/>\n<meta name=\"geo.placename\" content=\"hurghada\" \/>\n<meta name=\"geo.region\" content=\"Egyptien\" \/>\n<!-- \/ Yoast SEO Premium plugin. -->","yoast_head_json":{"title":"El Gouna till Pyramiderna dagsutflykt med buss | Billigt pris Kairo Tours","description":"El Gouna till pyramiderna dagsutflykt med buss | Bokning Billigt pris Kairo Tours fr\u00e5n El Gouna med privat guide, lunch, biljetter och lyxig transfer.","robots":{"index":"index","follow":"follow","max-snippet":"max-snippet:-1","max-image-preview":"max-image-preview:large","max-video-preview":"max-video-preview:-1"},"canonical":"https:\/\/hurghadalovers.com\/sv\/tours\/el-gouna-till-pyramiderna-dagsutflykt-med-buss\/","og_locale":"sv_SE","og_type":"article","og_title":"Dagsutflykt med buss fr\u00e5n El Gouna till pyramiderna","og_description":"El Gouna till pyramiderna dagsutflykt med buss | Bokning Billigt pris Kairo Tours fr\u00e5n El Gouna med privat guide, lunch, biljetter och lyxig transfer.","og_url":"https:\/\/hurghadalovers.com\/sv\/tours\/el-gouna-till-pyramiderna-dagsutflykt-med-buss\/","og_site_name":"Hurghada Excursions &amp; Day Trips | Booking Best Prices Tours","article_publisher":"https:\/\/www.facebook.com\/Hurghadaloversegypt","article_modified_time":"2026-02-09T01:26:27+00:00","og_image":[{"width":1888,"height":1259,"url":"https:\/\/hurghadalovers.com\/wp-content\/uploads\/2023\/09\/El-Gouna-to-Pyramids-Day-Trip-by-Bus.jpg","type":"image\/jpeg"}],"twitter_card":"summary_large_image","twitter_misc":{"Pris":"&euro;&nbsp;75","Tillg\u00e4nglig":"I lager"},"schema":{"@context":"https:\/\/schema.org","@graph":[{"@type":["WebPage","ItemPage"],"@id":"https:\/\/hurghadalovers.com\/sv\/tours\/el-gouna-till-pyramiderna-dagsutflykt-med-buss\/","url":"https:\/\/hurghadalovers.com\/sv\/tours\/el-gouna-till-pyramiderna-dagsutflykt-med-buss\/","name":"El Gouna till Pyramiderna dagsutflykt med buss | Billigt pris Kairo Tours","isPartOf":{"@id":"https:\/\/hurghadalovers.com\/sv\/#website"},"primaryImageOfPage":{"@id":"https:\/\/hurghadalovers.com\/sv\/tours\/el-gouna-till-pyramiderna-dagsutflykt-med-buss\/#primaryimage"},"image":{"@id":"https:\/\/hurghadalovers.com\/sv\/tours\/el-gouna-till-pyramiderna-dagsutflykt-med-buss\/#primaryimage"},"thumbnailUrl":"https:\/\/hurghadalovers.com\/wp-content\/uploads\/2023\/09\/El-Gouna-to-Pyramids-Day-Trip-by-Bus.jpg","datePublished":"2023-09-04T18:21:37+00:00","dateModified":"2026-02-09T01:26:27+00:00","description":"El Gouna till pyramiderna dagsutflykt med buss | Bokning Billigt pris Kairo Tours fr\u00e5n El Gouna med privat guide, lunch, biljetter och lyxig transfer.","breadcrumb":{"@id":"https:\/\/hurghadalovers.com\/sv\/tours\/el-gouna-till-pyramiderna-dagsutflykt-med-buss\/#breadcrumb"},"inLanguage":"sv-SE","potentialAction":[{"@type":"ReadAction","target":["https:\/\/hurghadalovers.com\/sv\/tours\/el-gouna-till-pyramiderna-dagsutflykt-med-buss\/"]}]},{"@type":"ImageObject","inLanguage":"sv-SE","@id":"https:\/\/hurghadalovers.com\/sv\/tours\/el-gouna-till-pyramiderna-dagsutflykt-med-buss\/#primaryimage","url":"https:\/\/hurghadalovers.com\/wp-content\/uploads\/2023\/09\/El-Gouna-to-Pyramids-Day-Trip-by-Bus.jpg","contentUrl":"https:\/\/hurghadalovers.com\/wp-content\/uploads\/2023\/09\/El-Gouna-to-Pyramids-Day-Trip-by-Bus.jpg","width":1888,"height":1259,"caption":"El Gouna to Pyramids Day Trip by Bus"},{"@type":"BreadcrumbList","@id":"https:\/\/hurghadalovers.com\/sv\/tours\/el-gouna-till-pyramiderna-dagsutflykt-med-buss\/#breadcrumb","itemListElement":[{"@type":"ListItem","position":1,"name":"Home","item":"https:\/\/hurghadalovers.com\/sv\/"},{"@type":"ListItem","position":2,"name":"Shop","item":"https:\/\/hurghadalovers.com\/shop\/"},{"@type":"ListItem","position":3,"name":"Dagsutflykt med buss fr\u00e5n El Gouna till pyramiderna"}]},{"@type":"WebSite","@id":"https:\/\/hurghadalovers.com\/sv\/#website","url":"https:\/\/hurghadalovers.com\/sv\/","name":"Hurghada Excursions & Day Trips | Booking Best Prices Tours","description":"Hurghada Lovers - Best Tour Operator - Excursions &amp; Things to do for Family Day Trips with kids and Couples Romantic. Unique .Hidden gems","publisher":{"@id":"https:\/\/hurghadalovers.com\/sv\/#organization"},"alternateName":"Hurghada Excursions","potentialAction":[{"@type":"SearchAction","target":{"@type":"EntryPoint","urlTemplate":"https:\/\/hurghadalovers.com\/sv\/?s={search_term_string}"},"query-input":{"@type":"PropertyValueSpecification","valueRequired":true,"valueName":"search_term_string"}}],"inLanguage":"sv-SE"},{"@type":["Organization","Place","TravelAgency"],"@id":"https:\/\/hurghadalovers.com\/sv\/#organization","name":"Hurghada Excursions","url":"https:\/\/hurghadalovers.com\/sv\/","logo":{"@id":"https:\/\/hurghadalovers.com\/sv\/tours\/el-gouna-till-pyramiderna-dagsutflykt-med-buss\/#local-main-organization-logo"},"image":{"@id":"https:\/\/hurghadalovers.com\/sv\/tours\/el-gouna-till-pyramiderna-dagsutflykt-med-buss\/#local-main-organization-logo"},"sameAs":["https:\/\/www.facebook.com\/Hurghadaloversegypt"],"address":{"@id":"https:\/\/hurghadalovers.com\/sv\/tours\/el-gouna-till-pyramiderna-dagsutflykt-med-buss\/#local-main-place-address"},"telephone":["00201112596434"],"contactPoint":{"@type":"ContactPoint","telephone":"00201112596434","email":"weyouface@gmail.com"},"openingHoursSpecification":{"@type":"OpeningHoursSpecification","dayOfWeek":["Monday","Tuesday","Wednesday","Thursday","Friday","Saturday","Sunday"],"opens":"00:00","closes":"23:59"},"email":"weyouface@gmail.com","areaServed":"Luxor, Hurghada, El Gouna, Aswan, Sharm El Sheikh, Giza, Alexandria, Marsa Alam, Quseir, Soma Bay, Sahl Hasheesh, Red Sea, Makadi Bay, Cairo","priceRange":"$","currenciesAccepted":"euro","paymentAccepted":"cash on site"},{"@type":"PostalAddress","@id":"https:\/\/hurghadalovers.com\/sv\/tours\/el-gouna-till-pyramiderna-dagsutflykt-med-buss\/#local-main-place-address","streetAddress":"17 Banks street, Alkawther area, top nbk bank","addressLocality":"hurghada","postalCode":"84511","addressRegion":"red sea","addressCountry":"EG"},{"@type":"ImageObject","inLanguage":"sv-SE","@id":"https:\/\/hurghadalovers.com\/sv\/tours\/el-gouna-till-pyramiderna-dagsutflykt-med-buss\/#local-main-organization-logo","url":"https:\/\/hurghadalovers.com\/wp-content\/uploads\/2019\/10\/hurghada-excursions-logo.png","contentUrl":"https:\/\/hurghadalovers.com\/wp-content\/uploads\/2019\/10\/hurghada-excursions-logo.png","width":272,"height":90,"caption":"Hurghada Excursions"}]},"product_brand":"Dagstur till Kairo fr\u00e5n El Gouna","product_price_amount":"75","product_price_currency":"EUR","og_availability":"instock","product_availability":"instock","product_retailer_item_id":"Gouna0172024","product_condition":"new","geo.placename":"hurghada","geo.region":"Egyptien"},"_links":{"self":[{"href":"https:\/\/hurghadalovers.com\/sv\/wp-json\/wp\/v2\/product\/397008","targetHints":{"allow":["GET"]}}],"collection":[{"href":"https:\/\/hurghadalovers.com\/sv\/wp-json\/wp\/v2\/product"}],"about":[{"href":"https:\/\/hurghadalovers.com\/sv\/wp-json\/wp\/v2\/types\/product"}],"wp:featuredmedia":[{"embeddable":true,"href":"https:\/\/hurghadalovers.com\/sv\/wp-json\/wp\/v2\/media\/470902"}],"wp:attachment":[{"href":"https:\/\/hurghadalovers.com\/sv\/wp-json\/wp\/v2\/media?parent=397008"}],"wp:term":[{"taxonomy":"product_brand","embeddable":true,"href":"https:\/\/hurghadalovers.com\/sv\/wp-json\/wp\/v2\/product_brand?post=397008"},{"taxonomy":"product_cat","embeddable":true,"href":"https:\/\/hurghadalovers.com\/sv\/wp-json\/wp\/v2\/product_cat?post=397008"},{"taxonomy":"product_tag","embeddable":true,"href":"https:\/\/hurghadalovers.com\/sv\/wp-json\/wp\/v2\/product_tag?post=397008"}],"curies":[{"name":"wp","href":"https:\/\/api.w.org\/{rel}","templated":true}]}}