{"id":394579,"date":"2023-09-03T11:00:35","date_gmt":"2023-09-03T11:00:35","guid":{"rendered":"https:\/\/hurghadalovers.com\/shop\/okategoriserad\/el-gouna-privat-luxor-tva-dagars-resa-med-luftballongstur\/"},"modified":"2026-02-07T17:46:04","modified_gmt":"2026-02-07T17:46:04","slug":"el-gouna-privat-luxor-tva-dagars-resa-med-varma-luftballonger","status":"publish","type":"product","link":"https:\/\/hurghadalovers.com\/sv\/tours\/el-gouna-privat-luxor-tva-dagars-resa-med-varma-luftballonger\/","title":{"rendered":"El Gouna privat Luxor tv\u00e5 dagars resa med luftballongstur"},"content":{"rendered":"<p><strong>El Gouna<\/strong> <strong>Privat Luxor Tv\u00e5dagarsresa med luftballongtur<\/strong> med privat guide, biljetter och lunch.<\/p>\n<p>Uppt\u00e4ck de faraoniska monumenten i staden Luxor fr\u00e5n ovan n\u00e4r du \u00e5ker <strong>luftballong<\/strong> i soluppg\u00e5ngen och l\u00e4r dig om nya hemligheter om faraokungarnas liv och <strong>kung Tutankhamuns<\/strong> hemlighet med mera genom en speciell tv\u00e5dagarstur.<\/p>\n<p><strong>H\u00f6jdpunkter:<\/strong><\/p>\n<ol>\n<li>Templet i Karnak.<\/li>\n<li>Luxor-templet.<\/li>\n<li>En natt p\u00e5 hotell.<\/li>\n<li>\u00c5ktur med varmluftsballong.<\/li>\n<li>Memnons kolosser.<\/li>\n<li>Hatshepsuts tempel.<\/li>\n<li>3 gravar i Konungarnas dal.<\/li>\n<li>Lunch p\u00e5 restaurang &#8221;Vegetarisk mat finns tillg\u00e4nglig&#8221;.<\/li>\n<\/ol>\n<p><strong>Privat tv\u00e5dagarsresa till Luxor Detaljer:<\/strong><\/p>\n<ul>\n<li>Tillg\u00e4nglighet f\u00f6r turer: Varje dag.<\/li>\n<li>Typ av resa: Privat med bil eller minivan.<\/li>\n<li>Upph\u00e4mtningstid: Start fr\u00e5n 05:00 A.M.<\/li>\n<li>Hotellets frukostp\u00e5se ska f\u00f6lja med p\u00e5 morgonen.<\/li>\n<li>Tid f\u00f6r upph\u00e4mtning: 19:00.<\/li>\n<li>Tillg\u00e4ngligt f\u00f6r rullstolsburna.<\/li>\n<li>Varaktighet: 2 dagar \/ 1 natt.<\/li>\n<\/ul>\n<p><strong>Boka nu och betala senare:<\/strong><\/p>\n<ul>\n<li>Kontanter p\u00e5 plats till Guide.<\/li>\n<li>Betalning med egyptiska pund, $, \u20ac eller \u00a3.<\/li>\n<\/ul>\n<p><strong>Regler f\u00f6r avbokning:<\/strong><\/p>\n<ul>\n<li>du kan avboka upp till 24 timmar i f\u00f6rv\u00e4g.<\/li>\n<li>Om n\u00e5gon i din familj avbokar Morning ska du betala 50 % av kostnaden.<\/li>\n<\/ul>\n<p><strong>Vad ing\u00e5r i paketet?<\/strong><\/p>\n<ul>\n<li>Transfer fr\u00e5n El Gouna Hotels &#8221;Upph\u00e4mtning och avl\u00e4mning vid hotellet&#8221;.<\/li>\n<li>Alla skatter, intr\u00e4desavgifter och expeditionsavgifter.<\/li>\n<li>\u00d6verf\u00f6ringar.<\/li>\n<li>\u00c5ktur med varmluftsballong.<\/li>\n<li>Reseledare.<\/li>\n<li>En natt p\u00e5 hotell med frukost.<\/li>\n<li>Drycker.<\/li>\n<li>2 Tid lunch i restaurang.<\/li>\n<\/ul>\n<p><strong>Undantag?<\/strong><\/p>\n<ul>\n<li>Tippning.<\/li>\n<li>Felucca-tur &#8221;B\u00e5tkryssning&#8221; I 35 min= 10$.<\/li>\n<li>Eventuella extrafunktioner som inte n\u00e4mns.<\/li>\n<\/ul>\n<p><strong> <\/strong><\/p>\n<p><strong>du kan l\u00e4gga till den f\u00f6rsta dagen eller koppla av p\u00e5 hotellet:<\/strong><\/p>\n<ul>\n<li>Privat 30 min Felucca i Nilen.<\/li>\n<li>Museet f\u00f6r mumifiering.<\/li>\n<\/ul>\n<p><strong>kan du l\u00e4gga till i Second Day:<\/strong><\/p>\n<ul>\n<li>Drottning Nefertiti i Drottningarnas dal.<\/li>\n<li>Shopping.<\/li>\n<\/ul>\n<p><strong> <\/strong><\/p>\n<p><strong>Priser:<\/strong><\/p>\n<ul>\n<li><strong>Pris f\u00f6r vuxna = fr\u00e5n 290$ per person<\/strong>.<\/li>\n<li>Pris f\u00f6r barn &#8221;5-12\u2033= 50%.<\/li>\n<li>f\u00f6r barn &#8221;0-5\u2033= Gratis.<\/li>\n<\/ul>\n<p><strong>Recensioner Privat Luxor tv\u00e5 dagars resa:<\/strong><\/p>\n<p>kolla v\u00e5ra Google Map Recensioner som B\u00e4sta <a href=\"https:\/\/g.page\/r\/CUeYvkngP3wkEBM\/review\">researrang\u00f6r i Hurghada<\/a> online i <a href=\"https:\/\/hurghadalovers.com\/\">Hurghada<\/a> Egypten.<\/p>\n<p>&nbsp;<\/p>\n<p><strong>Bokning:<\/strong><\/p>\n<p>Skicka hotell + rumsnummer + pass med foto till WhatsApp: <strong>+201112596434<\/strong><\/p>\n<p>Om du \u00e4r ute Egypten Bokning nu online och bekr\u00e4fta vid ankomst Hotell.<\/p>\n<p>&nbsp;<\/p>\n<p>&nbsp;<\/p>\n","protected":false},"excerpt":{"rendered":"<p><strong>El Gouna<\/strong> <strong>Privat Luxor Tv\u00e5dagarsresa med luftballongtur<\/strong> med privat guide, biljetter och lunch. Uppt\u00e4ck de faraoniska monumenten i staden Luxor<\/p>\n","protected":false},"featured_media":936367,"template":"","meta":{"_joinchat":[]},"product_brand":[],"product_cat":[36666],"product_tag":[57002,57023,57008,57014,57011,57005,57017,57029,57026,57020],"class_list":{"0":"post-394579","1":"product","2":"type-product","3":"status-publish","4":"has-post-thumbnail","6":"product_cat-resor","7":"product_tag-dagsutflykt-fran-el-gouna-till-luxor","8":"product_tag-el-gouna-till-konungarnas-dal","9":"product_tag-el-gouna-till-luxor-buss","10":"product_tag-el-gouna-resor-till-luxor","11":"product_tag-luxor-dagstur-fran-el-gouna","12":"product_tag-luxor-resa-fran-el-gouna","13":"product_tag-luxor-tur-fran-el-gouna","14":"product_tag-privat-luxor-tur-fran-el-gouna","15":"product_tag-transfer-fran-luxor-till-el-gouna","16":"product_tag-varmluftsballong-el-gouna","17":"tour_category-rundturer-fran-el-gouna-till-luxor","18":"tour_category-el-gouna-utflykter","20":"first","21":"instock","22":"sale","23":"shipping-taxable","24":"purchasable","25":"product-type-tour"},"yoast_head":"<!-- This site is optimized with the Yoast SEO Premium plugin v26.9 (Yoast SEO v27.2) - https:\/\/yoast.com\/product\/yoast-seo-premium-wordpress\/ -->\n<title>El Gouna privat Luxor tv\u00e5 dagars resa med luftballongstur<\/title>\n<meta name=\"description\" content=\"El Gouna Private Luxor tv\u00e5dagarsresa med luftballongtur med privat guide, biljetter och lunch. Uppt\u00e4ck de faraoniska monumenten i staden Luxor\" \/>\n<meta name=\"robots\" content=\"index, follow, max-snippet:-1, max-image-preview:large, max-video-preview:-1\" \/>\n<link rel=\"canonical\" href=\"https:\/\/hurghadalovers.com\/sv\/tours\/el-gouna-privat-luxor-tva-dagars-resa-med-varma-luftballonger\/\" \/>\n<meta property=\"og:locale\" content=\"sv_SE\" \/>\n<meta property=\"og:type\" content=\"article\" \/>\n<meta property=\"og:title\" content=\"El Gouna privat Luxor tv\u00e5 dagars resa med luftballongstur\" \/>\n<meta property=\"og:description\" content=\"El Gouna Private Luxor tv\u00e5dagarsresa med luftballongtur med privat guide, biljetter och lunch. Uppt\u00e4ck de faraoniska monumenten i staden Luxor\" \/>\n<meta property=\"og:url\" content=\"https:\/\/hurghadalovers.com\/sv\/tours\/el-gouna-privat-luxor-tva-dagars-resa-med-varma-luftballonger\/\" \/>\n<meta property=\"og:site_name\" content=\"Hurghada Excursions &amp; Day Trips | Booking Best Prices Tours\" \/>\n<meta property=\"article:publisher\" content=\"https:\/\/www.facebook.com\/Hurghadaloversegypt\" \/>\n<meta property=\"article:modified_time\" content=\"2026-02-07T17:46:04+00:00\" \/>\n<meta property=\"og:image\" content=\"https:\/\/hurghadalovers.com\/wp-content\/uploads\/2023\/08\/Private-2-Day-Trip-to-Luxor-from-Makadi-bay-All-inclusive-2025.jpeg\" \/>\n\t<meta property=\"og:image:width\" content=\"960\" \/>\n\t<meta property=\"og:image:height\" content=\"1280\" \/>\n\t<meta property=\"og:image:type\" content=\"image\/jpeg\" \/>\n<meta name=\"twitter:card\" content=\"summary_large_image\" \/>\n<meta name=\"twitter:label1\" content=\"Pris\" \/>\n\t<meta name=\"twitter:data1\" content=\"&euro;&nbsp;375\" \/>\n\t<meta name=\"twitter:label2\" content=\"Tillg\u00e4nglig\" \/>\n\t<meta name=\"twitter:data2\" content=\"I lager\" \/>\n<script type=\"application\/ld+json\" class=\"yoast-schema-graph\">{\"@context\":\"https:\/\/schema.org\",\"@graph\":[{\"@type\":[\"WebPage\",\"ItemPage\"],\"@id\":\"https:\/\/hurghadalovers.com\/sv\/tours\/el-gouna-privat-luxor-tva-dagars-resa-med-varma-luftballonger\/\",\"url\":\"https:\/\/hurghadalovers.com\/sv\/tours\/el-gouna-privat-luxor-tva-dagars-resa-med-varma-luftballonger\/\",\"name\":\"El Gouna privat Luxor tv\u00e5 dagars resa med luftballongstur\",\"isPartOf\":{\"@id\":\"https:\/\/hurghadalovers.com\/sv\/#website\"},\"primaryImageOfPage\":{\"@id\":\"https:\/\/hurghadalovers.com\/sv\/tours\/el-gouna-privat-luxor-tva-dagars-resa-med-varma-luftballonger\/#primaryimage\"},\"image\":{\"@id\":\"https:\/\/hurghadalovers.com\/sv\/tours\/el-gouna-privat-luxor-tva-dagars-resa-med-varma-luftballonger\/#primaryimage\"},\"thumbnailUrl\":\"https:\/\/hurghadalovers.com\/wp-content\/uploads\/2023\/08\/Private-2-Day-Trip-to-Luxor-from-Makadi-bay-All-inclusive-2025.jpeg\",\"datePublished\":\"2023-09-03T11:00:35+00:00\",\"dateModified\":\"2026-02-07T17:46:04+00:00\",\"description\":\"El Gouna Private Luxor tv\u00e5dagarsresa med luftballongtur med privat guide, biljetter och lunch. Uppt\u00e4ck de faraoniska monumenten i staden Luxor\",\"breadcrumb\":{\"@id\":\"https:\/\/hurghadalovers.com\/sv\/tours\/el-gouna-privat-luxor-tva-dagars-resa-med-varma-luftballonger\/#breadcrumb\"},\"inLanguage\":\"sv-SE\",\"potentialAction\":[{\"@type\":\"ReadAction\",\"target\":[\"https:\/\/hurghadalovers.com\/sv\/tours\/el-gouna-privat-luxor-tva-dagars-resa-med-varma-luftballonger\/\"]}]},{\"@type\":\"ImageObject\",\"inLanguage\":\"sv-SE\",\"@id\":\"https:\/\/hurghadalovers.com\/sv\/tours\/el-gouna-privat-luxor-tva-dagars-resa-med-varma-luftballonger\/#primaryimage\",\"url\":\"https:\/\/hurghadalovers.com\/wp-content\/uploads\/2023\/08\/Private-2-Day-Trip-to-Luxor-from-Makadi-bay-All-inclusive-2025.jpeg\",\"contentUrl\":\"https:\/\/hurghadalovers.com\/wp-content\/uploads\/2023\/08\/Private-2-Day-Trip-to-Luxor-from-Makadi-bay-All-inclusive-2025.jpeg\",\"width\":960,\"height\":1280,\"caption\":\"Private 2 Day Trip to Luxor from Makadi bay All inclusive 2025\"},{\"@type\":\"BreadcrumbList\",\"@id\":\"https:\/\/hurghadalovers.com\/sv\/tours\/el-gouna-privat-luxor-tva-dagars-resa-med-varma-luftballonger\/#breadcrumb\",\"itemListElement\":[{\"@type\":\"ListItem\",\"position\":1,\"name\":\"Home\",\"item\":\"https:\/\/hurghadalovers.com\/sv\/\"},{\"@type\":\"ListItem\",\"position\":2,\"name\":\"Shop\",\"item\":\"https:\/\/hurghadalovers.com\/shop\/\"},{\"@type\":\"ListItem\",\"position\":3,\"name\":\"El Gouna privat Luxor tv\u00e5 dagars resa med luftballongstur\"}]},{\"@type\":\"WebSite\",\"@id\":\"https:\/\/hurghadalovers.com\/sv\/#website\",\"url\":\"https:\/\/hurghadalovers.com\/sv\/\",\"name\":\"Hurghada Excursions & Day Trips | Booking Best Prices Tours\",\"description\":\"Hurghada Lovers - Best Tour Operator - Excursions &amp; Things to do for Family Day Trips with kids and Couples Romantic. Unique .Hidden gems\",\"publisher\":{\"@id\":\"https:\/\/hurghadalovers.com\/sv\/#organization\"},\"alternateName\":\"Hurghada Excursions\",\"potentialAction\":[{\"@type\":\"SearchAction\",\"target\":{\"@type\":\"EntryPoint\",\"urlTemplate\":\"https:\/\/hurghadalovers.com\/sv\/?s={search_term_string}\"},\"query-input\":{\"@type\":\"PropertyValueSpecification\",\"valueRequired\":true,\"valueName\":\"search_term_string\"}}],\"inLanguage\":\"sv-SE\"},{\"@type\":[\"Organization\",\"Place\",\"TravelAgency\"],\"@id\":\"https:\/\/hurghadalovers.com\/sv\/#organization\",\"name\":\"Hurghada Excursions\",\"url\":\"https:\/\/hurghadalovers.com\/sv\/\",\"logo\":{\"@id\":\"https:\/\/hurghadalovers.com\/sv\/tours\/el-gouna-privat-luxor-tva-dagars-resa-med-varma-luftballonger\/#local-main-organization-logo\"},\"image\":{\"@id\":\"https:\/\/hurghadalovers.com\/sv\/tours\/el-gouna-privat-luxor-tva-dagars-resa-med-varma-luftballonger\/#local-main-organization-logo\"},\"sameAs\":[\"https:\/\/www.facebook.com\/Hurghadaloversegypt\"],\"address\":{\"@id\":\"https:\/\/hurghadalovers.com\/sv\/tours\/el-gouna-privat-luxor-tva-dagars-resa-med-varma-luftballonger\/#local-main-place-address\"},\"telephone\":[\"00201112596434\"],\"contactPoint\":{\"@type\":\"ContactPoint\",\"telephone\":\"00201112596434\",\"email\":\"weyouface@gmail.com\"},\"openingHoursSpecification\":{\"@type\":\"OpeningHoursSpecification\",\"dayOfWeek\":[\"Monday\",\"Tuesday\",\"Wednesday\",\"Thursday\",\"Friday\",\"Saturday\",\"Sunday\"],\"opens\":\"00:00\",\"closes\":\"23:59\"},\"email\":\"weyouface@gmail.com\",\"areaServed\":\"Luxor, Hurghada, El Gouna, Aswan, Sharm El Sheikh, Giza, Alexandria, Marsa Alam, Quseir, Soma Bay, Sahl Hasheesh, Red Sea, Makadi Bay, Cairo\",\"priceRange\":\"$\",\"currenciesAccepted\":\"euro\",\"paymentAccepted\":\"cash on site\"},{\"@type\":\"PostalAddress\",\"@id\":\"https:\/\/hurghadalovers.com\/sv\/tours\/el-gouna-privat-luxor-tva-dagars-resa-med-varma-luftballonger\/#local-main-place-address\",\"streetAddress\":\"17 Banks street, Alkawther area, top nbk bank\",\"addressLocality\":\"hurghada\",\"postalCode\":\"84511\",\"addressRegion\":\"red sea\",\"addressCountry\":\"EG\"},{\"@type\":\"ImageObject\",\"inLanguage\":\"sv-SE\",\"@id\":\"https:\/\/hurghadalovers.com\/sv\/tours\/el-gouna-privat-luxor-tva-dagars-resa-med-varma-luftballonger\/#local-main-organization-logo\",\"url\":\"https:\/\/hurghadalovers.com\/wp-content\/uploads\/2019\/10\/hurghada-excursions-logo.png\",\"contentUrl\":\"https:\/\/hurghadalovers.com\/wp-content\/uploads\/2019\/10\/hurghada-excursions-logo.png\",\"width\":272,\"height\":90,\"caption\":\"Hurghada Excursions\"}]}<\/script>\n<meta property=\"product:brand\" content=\"Dagstur till Luxor fr\u00e5n El Gouna\" \/>\n<meta property=\"product:price:amount\" content=\"375\" \/>\n<meta property=\"product:price:currency\" content=\"EUR\" \/>\n<meta property=\"og:availability\" content=\"instock\" \/>\n<meta property=\"product:availability\" content=\"instock\" \/>\n<meta property=\"product:retailer_item_id\" content=\"Gouna422024\" \/>\n<meta property=\"product:condition\" content=\"new\" \/>\n<meta name=\"geo.placename\" content=\"hurghada\" \/>\n<meta name=\"geo.region\" content=\"Egyptien\" \/>\n<!-- \/ Yoast SEO Premium plugin. -->","yoast_head_json":{"title":"El Gouna privat Luxor tv\u00e5 dagars resa med luftballongstur","description":"El Gouna Private Luxor tv\u00e5dagarsresa med luftballongtur med privat guide, biljetter och lunch. Uppt\u00e4ck de faraoniska monumenten i staden Luxor","robots":{"index":"index","follow":"follow","max-snippet":"max-snippet:-1","max-image-preview":"max-image-preview:large","max-video-preview":"max-video-preview:-1"},"canonical":"https:\/\/hurghadalovers.com\/sv\/tours\/el-gouna-privat-luxor-tva-dagars-resa-med-varma-luftballonger\/","og_locale":"sv_SE","og_type":"article","og_title":"El Gouna privat Luxor tv\u00e5 dagars resa med luftballongstur","og_description":"El Gouna Private Luxor tv\u00e5dagarsresa med luftballongtur med privat guide, biljetter och lunch. Uppt\u00e4ck de faraoniska monumenten i staden Luxor","og_url":"https:\/\/hurghadalovers.com\/sv\/tours\/el-gouna-privat-luxor-tva-dagars-resa-med-varma-luftballonger\/","og_site_name":"Hurghada Excursions &amp; Day Trips | Booking Best Prices Tours","article_publisher":"https:\/\/www.facebook.com\/Hurghadaloversegypt","article_modified_time":"2026-02-07T17:46:04+00:00","og_image":[{"width":960,"height":1280,"url":"https:\/\/hurghadalovers.com\/wp-content\/uploads\/2023\/08\/Private-2-Day-Trip-to-Luxor-from-Makadi-bay-All-inclusive-2025.jpeg","type":"image\/jpeg"}],"twitter_card":"summary_large_image","twitter_misc":{"Pris":"&euro;&nbsp;375","Tillg\u00e4nglig":"I lager"},"schema":{"@context":"https:\/\/schema.org","@graph":[{"@type":["WebPage","ItemPage"],"@id":"https:\/\/hurghadalovers.com\/sv\/tours\/el-gouna-privat-luxor-tva-dagars-resa-med-varma-luftballonger\/","url":"https:\/\/hurghadalovers.com\/sv\/tours\/el-gouna-privat-luxor-tva-dagars-resa-med-varma-luftballonger\/","name":"El Gouna privat Luxor tv\u00e5 dagars resa med luftballongstur","isPartOf":{"@id":"https:\/\/hurghadalovers.com\/sv\/#website"},"primaryImageOfPage":{"@id":"https:\/\/hurghadalovers.com\/sv\/tours\/el-gouna-privat-luxor-tva-dagars-resa-med-varma-luftballonger\/#primaryimage"},"image":{"@id":"https:\/\/hurghadalovers.com\/sv\/tours\/el-gouna-privat-luxor-tva-dagars-resa-med-varma-luftballonger\/#primaryimage"},"thumbnailUrl":"https:\/\/hurghadalovers.com\/wp-content\/uploads\/2023\/08\/Private-2-Day-Trip-to-Luxor-from-Makadi-bay-All-inclusive-2025.jpeg","datePublished":"2023-09-03T11:00:35+00:00","dateModified":"2026-02-07T17:46:04+00:00","description":"El Gouna Private Luxor tv\u00e5dagarsresa med luftballongtur med privat guide, biljetter och lunch. Uppt\u00e4ck de faraoniska monumenten i staden Luxor","breadcrumb":{"@id":"https:\/\/hurghadalovers.com\/sv\/tours\/el-gouna-privat-luxor-tva-dagars-resa-med-varma-luftballonger\/#breadcrumb"},"inLanguage":"sv-SE","potentialAction":[{"@type":"ReadAction","target":["https:\/\/hurghadalovers.com\/sv\/tours\/el-gouna-privat-luxor-tva-dagars-resa-med-varma-luftballonger\/"]}]},{"@type":"ImageObject","inLanguage":"sv-SE","@id":"https:\/\/hurghadalovers.com\/sv\/tours\/el-gouna-privat-luxor-tva-dagars-resa-med-varma-luftballonger\/#primaryimage","url":"https:\/\/hurghadalovers.com\/wp-content\/uploads\/2023\/08\/Private-2-Day-Trip-to-Luxor-from-Makadi-bay-All-inclusive-2025.jpeg","contentUrl":"https:\/\/hurghadalovers.com\/wp-content\/uploads\/2023\/08\/Private-2-Day-Trip-to-Luxor-from-Makadi-bay-All-inclusive-2025.jpeg","width":960,"height":1280,"caption":"Private 2 Day Trip to Luxor from Makadi bay All inclusive 2025"},{"@type":"BreadcrumbList","@id":"https:\/\/hurghadalovers.com\/sv\/tours\/el-gouna-privat-luxor-tva-dagars-resa-med-varma-luftballonger\/#breadcrumb","itemListElement":[{"@type":"ListItem","position":1,"name":"Home","item":"https:\/\/hurghadalovers.com\/sv\/"},{"@type":"ListItem","position":2,"name":"Shop","item":"https:\/\/hurghadalovers.com\/shop\/"},{"@type":"ListItem","position":3,"name":"El Gouna privat Luxor tv\u00e5 dagars resa med luftballongstur"}]},{"@type":"WebSite","@id":"https:\/\/hurghadalovers.com\/sv\/#website","url":"https:\/\/hurghadalovers.com\/sv\/","name":"Hurghada Excursions & Day Trips | Booking Best Prices Tours","description":"Hurghada Lovers - Best Tour Operator - Excursions &amp; Things to do for Family Day Trips with kids and Couples Romantic. Unique .Hidden gems","publisher":{"@id":"https:\/\/hurghadalovers.com\/sv\/#organization"},"alternateName":"Hurghada Excursions","potentialAction":[{"@type":"SearchAction","target":{"@type":"EntryPoint","urlTemplate":"https:\/\/hurghadalovers.com\/sv\/?s={search_term_string}"},"query-input":{"@type":"PropertyValueSpecification","valueRequired":true,"valueName":"search_term_string"}}],"inLanguage":"sv-SE"},{"@type":["Organization","Place","TravelAgency"],"@id":"https:\/\/hurghadalovers.com\/sv\/#organization","name":"Hurghada Excursions","url":"https:\/\/hurghadalovers.com\/sv\/","logo":{"@id":"https:\/\/hurghadalovers.com\/sv\/tours\/el-gouna-privat-luxor-tva-dagars-resa-med-varma-luftballonger\/#local-main-organization-logo"},"image":{"@id":"https:\/\/hurghadalovers.com\/sv\/tours\/el-gouna-privat-luxor-tva-dagars-resa-med-varma-luftballonger\/#local-main-organization-logo"},"sameAs":["https:\/\/www.facebook.com\/Hurghadaloversegypt"],"address":{"@id":"https:\/\/hurghadalovers.com\/sv\/tours\/el-gouna-privat-luxor-tva-dagars-resa-med-varma-luftballonger\/#local-main-place-address"},"telephone":["00201112596434"],"contactPoint":{"@type":"ContactPoint","telephone":"00201112596434","email":"weyouface@gmail.com"},"openingHoursSpecification":{"@type":"OpeningHoursSpecification","dayOfWeek":["Monday","Tuesday","Wednesday","Thursday","Friday","Saturday","Sunday"],"opens":"00:00","closes":"23:59"},"email":"weyouface@gmail.com","areaServed":"Luxor, Hurghada, El Gouna, Aswan, Sharm El Sheikh, Giza, Alexandria, Marsa Alam, Quseir, Soma Bay, Sahl Hasheesh, Red Sea, Makadi Bay, Cairo","priceRange":"$","currenciesAccepted":"euro","paymentAccepted":"cash on site"},{"@type":"PostalAddress","@id":"https:\/\/hurghadalovers.com\/sv\/tours\/el-gouna-privat-luxor-tva-dagars-resa-med-varma-luftballonger\/#local-main-place-address","streetAddress":"17 Banks street, Alkawther area, top nbk bank","addressLocality":"hurghada","postalCode":"84511","addressRegion":"red sea","addressCountry":"EG"},{"@type":"ImageObject","inLanguage":"sv-SE","@id":"https:\/\/hurghadalovers.com\/sv\/tours\/el-gouna-privat-luxor-tva-dagars-resa-med-varma-luftballonger\/#local-main-organization-logo","url":"https:\/\/hurghadalovers.com\/wp-content\/uploads\/2019\/10\/hurghada-excursions-logo.png","contentUrl":"https:\/\/hurghadalovers.com\/wp-content\/uploads\/2019\/10\/hurghada-excursions-logo.png","width":272,"height":90,"caption":"Hurghada Excursions"}]},"product_brand":"Dagstur till Luxor fr\u00e5n El Gouna","product_price_amount":"375","product_price_currency":"EUR","og_availability":"instock","product_availability":"instock","product_retailer_item_id":"Gouna422024","product_condition":"new","geo.placename":"hurghada","geo.region":"Egyptien"},"_links":{"self":[{"href":"https:\/\/hurghadalovers.com\/sv\/wp-json\/wp\/v2\/product\/394579","targetHints":{"allow":["GET"]}}],"collection":[{"href":"https:\/\/hurghadalovers.com\/sv\/wp-json\/wp\/v2\/product"}],"about":[{"href":"https:\/\/hurghadalovers.com\/sv\/wp-json\/wp\/v2\/types\/product"}],"wp:featuredmedia":[{"embeddable":true,"href":"https:\/\/hurghadalovers.com\/sv\/wp-json\/wp\/v2\/media\/936367"}],"wp:attachment":[{"href":"https:\/\/hurghadalovers.com\/sv\/wp-json\/wp\/v2\/media?parent=394579"}],"wp:term":[{"taxonomy":"product_brand","embeddable":true,"href":"https:\/\/hurghadalovers.com\/sv\/wp-json\/wp\/v2\/product_brand?post=394579"},{"taxonomy":"product_cat","embeddable":true,"href":"https:\/\/hurghadalovers.com\/sv\/wp-json\/wp\/v2\/product_cat?post=394579"},{"taxonomy":"product_tag","embeddable":true,"href":"https:\/\/hurghadalovers.com\/sv\/wp-json\/wp\/v2\/product_tag?post=394579"}],"curies":[{"name":"wp","href":"https:\/\/api.w.org\/{rel}","templated":true}]}}