{"id":394229,"date":"2023-09-02T20:35:35","date_gmt":"2023-09-02T20:35:35","guid":{"rendered":"https:\/\/hurghadalovers.com\/shop\/okategoriserad\/privata-taxitransfers-till-el-gouna\/"},"modified":"2026-02-09T19:58:54","modified_gmt":"2026-02-09T19:58:54","slug":"privat-el-gouna-taxi-transferers","status":"publish","type":"product","link":"https:\/\/hurghadalovers.com\/sv\/tours\/privat-el-gouna-taxi-transferers\/","title":{"rendered":"Privata taxitransfers till El Gouna"},"content":{"rendered":"<p><strong>Privat <\/strong><strong>El Gouna<\/strong> <strong>Taxi Transfer<\/strong> till Luxor, Kairo | Bokning Billiga priser Turistservice Transfer med lyxig minivan och Vip-bil till Marsa alam, Soma bay, Hurghada (HRG) flygplats | Kontanter p\u00e5 plats.<\/p>\n<p><strong>Detaljer:<\/strong><\/p>\n<ul>\n<li>Typ av resa: Privat lyxresa med bil eller minivan.<\/li>\n<li>Bokning av taxi bil, minivan, tillg\u00e4nglighet: Varje dag.<\/li>\n<li>Tillg\u00e4ngligt f\u00f6r rullstolsburna.<\/li>\n<li>Upph\u00e4mtningstid fr\u00e5n El Gouna till Luxor: 05:00 A.M.<\/li>\n<li>Upph\u00e4mtningstid fr\u00e5n El Gouna till Kairo: 12:30 A.M.<\/li>\n<li>Upph\u00e4mtningstid fr\u00e5n El Gouna Hotels till Hurghada (HRG) Airport, Hurghada Marina: som du vill.<\/li>\n<\/ul>\n<p><strong>Boka nu och betala senare:<\/strong><\/p>\n<ul>\n<li>Kontanter p\u00e5 plats till Guide.<\/li>\n<li>Betalning med egyptiska pund, $, \u20ac eller \u00a3.<\/li>\n<\/ul>\n<p><strong>Regler f\u00f6r avbokning:<\/strong><\/p>\n<ul>\n<li>du kan avboka upp till 24 timmar i f\u00f6rv\u00e4g.<\/li>\n<li>Om n\u00e5gon i din familj avbokar Morning ska du betala 50 % av kostnaden.<\/li>\n<\/ul>\n<p><strong>Vad ing\u00e5r i paketet?<\/strong><\/p>\n<ul>\n<li>Transfer fr\u00e5n El Gouna Hotels &#8221;Upph\u00e4mtning och avl\u00e4mning vid hotellet&#8221;.<\/li>\n<li>Alla skatter, intr\u00e4desavgifter och expeditionsavgifter.<\/li>\n<li>\u00d6verf\u00f6ringar.<\/li>\n<li>Drycker.<\/li>\n<\/ul>\n<p><strong>Undantag?<\/strong><\/p>\n<ul>\n<li>Tippning.<\/li>\n<\/ul>\n<p><strong>Privat transfer <\/strong><strong>El Gouna<\/strong> <strong>till Luxor:<\/strong><\/p>\n<p>Pris Taxi\/bil &#8221; 3 platser&#8221; = 170$ Pris per privatbil.<\/p>\n<p>Pris Minivan &#8221;8 s\u00e4ten&#8221; = 200$ Pris per privat minivan\/minibuss.<\/p>\n<p>Avst\u00e5nd mellan El Gouna och Luxor = 360 km<\/p>\n<p>Tid mellan El Gouna och Luxor = 4,5 tim.<\/p>\n<p>Det finns 2 stopp &#8221; 20 minuters paus, 20 turistkontrollpunkter i Safaga&#8221;.<\/p>\n<p><strong> <\/strong><\/p>\n<p><strong>Privat transfer <\/strong><strong>El Gouna<\/strong> <strong>till Kairo, pyramiderna i Giza:<\/strong><\/p>\n<p>Pris Taxi\/bil &#8221; 3 s\u00e4ten&#8221; = 180$ Pris per privat bil.<\/p>\n<p>Pris Minivan &#8221;8 platser&#8221; = 220 $ Pris per privat minivan \/ minibuss.<\/p>\n<p>Avst\u00e5nd mellan El Gouna och Kairo = 340 km<\/p>\n<p>Tid mellan El Gouna och Kairo = 7 timmar<\/p>\n<p>Det finns 3 stopp &#8221; 20 min paus i Saffron Ras Ghareb, 15-30 min turistkontroll&#8221;<\/p>\n<p><strong>Privat transfer <\/strong><strong>El Gouna<\/strong> <strong>till eller fr\u00e5n Hurghada (HRG) Airport:<\/strong><\/p>\n<p>Pris Taxi\/bil &#8221; 3 &#8211; 6 s\u00e4ten&#8221; = 30$ Pris per privat bil.<\/p>\n<p>Pris Minivan &#8221;12 platser&#8221; = 40$ Pris per privat minivan\/minibuss.<\/p>\n<p><strong> <\/strong><\/p>\n<p><strong>Privat transfer <\/strong><strong>El Gouna<\/strong> <strong>till Hurghadas marina:<\/strong><\/p>\n<p>Pris Taxi\/ Bil &#8221; 3 &#8211; 6 S\u00e4ten&#8221; 4hr = 45$ Pris per Privat Bil.<\/p>\n<p>Pris Minivan &#8221;12 platser&#8221; 4h = 75$ Pris per privat minivan\/minibuss.<\/p>\n<p><strong>  Privat transfer till Kairos flygplats<\/strong><\/p>\n<p>om du beh\u00f6ver g\u00e5 Kairo flygplats och beh\u00f6ver \u00f6verf\u00f6ra till turistst\u00e4der Egypten, kan lita p\u00e5 att vi ger dig lyxiga privata bilar buss limousine service.<\/p>\n<p><strong>Taxi fr\u00e5n <\/strong><strong>El Gouna<\/strong> <strong>till Marsa Alam<\/strong><\/p>\n<p>Om du anl\u00e4nde till Hurghada flygplats eller fr\u00e5n din plats beh\u00f6ver du de b\u00e4sta bilarna eller en buss till eller fr\u00e5n Mars Alam f\u00f6r att bes\u00f6ka Kairo eller Luxor, ring oss just nu<\/p>\n<p>1-3 pax (enskild bil) = 90 USD<\/p>\n<p>4-8 personer (minibuss) = 120 $.<\/p>\n<p><strong>Recensioner:<\/strong><\/p>\n<p>kolla v\u00e5ra Google Map Recensioner som B\u00e4sta <a href=\"https:\/\/g.page\/r\/CUeYvkngP3wkEBM\/review\">researrang\u00f6r i Hurghada<\/a> online i <a href=\"https:\/\/hurghadalovers.com\/\">Hurghada<\/a> Egypten.<\/p>\n<p><strong>Bokning:<\/strong><\/p>\n<p>Skicka hotell + rumsnummer + pass med foto till WhatsApp: <strong>+201112596434<\/strong><\/p>\n<p>Om du \u00e4r ute Egypten Bokning nu online och bekr\u00e4fta vid ankomst Hotell.<\/p>\n<p>&nbsp;<\/p>\n<p>&nbsp;<\/p>\n","protected":false},"excerpt":{"rendered":"<p><strong>Privat <\/strong><strong>El Gouna<\/strong> <strong>Taxi Transfer<\/strong> till Luxor, Kairo | Bokning Billiga priser Turistservice Transfer med lyxig minivan och Vip-bil till Marsa alam, Soma bay, Hurghada (HRG) flygplats | Kontanter p\u00e5 plats.<\/p>\n","protected":false},"featured_media":936340,"template":"","meta":{"_joinchat":[]},"product_brand":[],"product_cat":[36666],"product_tag":[],"class_list":{"0":"post-394229","1":"product","2":"type-product","3":"status-publish","4":"has-post-thumbnail","6":"product_cat-resor","7":"tour_category-rundturer-fran-el-gouna-till-pyramiderna","8":"tour_category-rundturer-fran-el-gouna-till-luxor","9":"tour_category-el-gouna-utflykter","11":"first","12":"instock","13":"sale","14":"shipping-taxable","15":"purchasable","16":"product-type-tour"},"yoast_head":"<!-- This site is optimized with the Yoast SEO Premium plugin v26.9 (Yoast SEO v27.2) - https:\/\/yoast.com\/product\/yoast-seo-premium-wordpress\/ -->\n<title>Privat El Gouna taxitransfer till Luxor, Kairo | Billiga priser<\/title>\n<meta name=\"description\" content=\"Privat El Gouna Taxi Transfer till Luxor, Kairo | Bokning Billiga priser Turistservice Transfer med lyxig minivan och Vip-bil till Marsa alam, Soma bay\" \/>\n<meta name=\"robots\" content=\"index, follow, max-snippet:-1, max-image-preview:large, max-video-preview:-1\" \/>\n<link rel=\"canonical\" href=\"https:\/\/hurghadalovers.com\/sv\/tours\/privat-el-gouna-taxi-transferers\/\" \/>\n<meta property=\"og:locale\" content=\"sv_SE\" \/>\n<meta property=\"og:type\" content=\"article\" \/>\n<meta property=\"og:title\" content=\"Privata taxitransfers till El Gouna\" \/>\n<meta property=\"og:description\" content=\"Privat El Gouna Taxi Transfer till Luxor, Kairo | Bokning Billiga priser Turistservice Transfer med lyxig minivan och Vip-bil till Marsa alam, Soma bay\" \/>\n<meta property=\"og:url\" content=\"https:\/\/hurghadalovers.com\/sv\/tours\/privat-el-gouna-taxi-transferers\/\" \/>\n<meta property=\"og:site_name\" content=\"Hurghada Excursions &amp; Day Trips | Booking Best Prices Tours\" \/>\n<meta property=\"article:publisher\" content=\"https:\/\/www.facebook.com\/Hurghadaloversegypt\" \/>\n<meta property=\"article:modified_time\" content=\"2026-02-09T19:58:54+00:00\" \/>\n<meta property=\"og:image\" content=\"https:\/\/hurghadalovers.com\/wp-content\/uploads\/2023\/08\/Transfer-from-Makadi-bay-Hotels-Hotel-pick-up-and-drop-off.jpeg\" \/>\n\t<meta property=\"og:image:width\" content=\"720\" \/>\n\t<meta property=\"og:image:height\" content=\"540\" \/>\n\t<meta property=\"og:image:type\" content=\"image\/jpeg\" \/>\n<meta name=\"twitter:card\" content=\"summary_large_image\" \/>\n<meta name=\"twitter:label1\" content=\"Pris\" \/>\n\t<meta name=\"twitter:data1\" content=\"&euro;&nbsp;35\" \/>\n\t<meta name=\"twitter:label2\" content=\"Tillg\u00e4nglig\" \/>\n\t<meta name=\"twitter:data2\" content=\"I lager\" \/>\n<script type=\"application\/ld+json\" class=\"yoast-schema-graph\">{\"@context\":\"https:\/\/schema.org\",\"@graph\":[{\"@type\":[\"WebPage\",\"ItemPage\"],\"@id\":\"https:\/\/hurghadalovers.com\/sv\/tours\/privat-el-gouna-taxi-transferers\/\",\"url\":\"https:\/\/hurghadalovers.com\/sv\/tours\/privat-el-gouna-taxi-transferers\/\",\"name\":\"Privat El Gouna taxitransfer till Luxor, Kairo | Billiga priser\",\"isPartOf\":{\"@id\":\"https:\/\/hurghadalovers.com\/sv\/#website\"},\"primaryImageOfPage\":{\"@id\":\"https:\/\/hurghadalovers.com\/sv\/tours\/privat-el-gouna-taxi-transferers\/#primaryimage\"},\"image\":{\"@id\":\"https:\/\/hurghadalovers.com\/sv\/tours\/privat-el-gouna-taxi-transferers\/#primaryimage\"},\"thumbnailUrl\":\"https:\/\/hurghadalovers.com\/wp-content\/uploads\/2023\/08\/Transfer-from-Makadi-bay-Hotels-Hotel-pick-up-and-drop-off.jpeg\",\"datePublished\":\"2023-09-02T20:35:35+00:00\",\"dateModified\":\"2026-02-09T19:58:54+00:00\",\"description\":\"Privat El Gouna Taxi Transfer till Luxor, Kairo | Bokning Billiga priser Turistservice Transfer med lyxig minivan och Vip-bil till Marsa alam, Soma bay\",\"breadcrumb\":{\"@id\":\"https:\/\/hurghadalovers.com\/sv\/tours\/privat-el-gouna-taxi-transferers\/#breadcrumb\"},\"inLanguage\":\"sv-SE\",\"potentialAction\":[{\"@type\":\"ReadAction\",\"target\":[\"https:\/\/hurghadalovers.com\/sv\/tours\/privat-el-gouna-taxi-transferers\/\"]}]},{\"@type\":\"ImageObject\",\"inLanguage\":\"sv-SE\",\"@id\":\"https:\/\/hurghadalovers.com\/sv\/tours\/privat-el-gouna-taxi-transferers\/#primaryimage\",\"url\":\"https:\/\/hurghadalovers.com\/wp-content\/uploads\/2023\/08\/Transfer-from-Makadi-bay-Hotels-Hotel-pick-up-and-drop-off.jpeg\",\"contentUrl\":\"https:\/\/hurghadalovers.com\/wp-content\/uploads\/2023\/08\/Transfer-from-Makadi-bay-Hotels-Hotel-pick-up-and-drop-off.jpeg\",\"width\":720,\"height\":540,\"caption\":\"Transfer from Makadi bay Hotels \u201cHotel pick up and drop off\u201d\"},{\"@type\":\"BreadcrumbList\",\"@id\":\"https:\/\/hurghadalovers.com\/sv\/tours\/privat-el-gouna-taxi-transferers\/#breadcrumb\",\"itemListElement\":[{\"@type\":\"ListItem\",\"position\":1,\"name\":\"Home\",\"item\":\"https:\/\/hurghadalovers.com\/sv\/\"},{\"@type\":\"ListItem\",\"position\":2,\"name\":\"Shop\",\"item\":\"https:\/\/hurghadalovers.com\/shop\/\"},{\"@type\":\"ListItem\",\"position\":3,\"name\":\"Privata taxitransfers till El Gouna\"}]},{\"@type\":\"WebSite\",\"@id\":\"https:\/\/hurghadalovers.com\/sv\/#website\",\"url\":\"https:\/\/hurghadalovers.com\/sv\/\",\"name\":\"Hurghada Excursions & Day Trips | Booking Best Prices Tours\",\"description\":\"Hurghada Lovers - Best Tour Operator - Excursions &amp; Things to do for Family Day Trips with kids and Couples Romantic. Unique .Hidden gems\",\"publisher\":{\"@id\":\"https:\/\/hurghadalovers.com\/sv\/#organization\"},\"alternateName\":\"Hurghada Excursions\",\"potentialAction\":[{\"@type\":\"SearchAction\",\"target\":{\"@type\":\"EntryPoint\",\"urlTemplate\":\"https:\/\/hurghadalovers.com\/sv\/?s={search_term_string}\"},\"query-input\":{\"@type\":\"PropertyValueSpecification\",\"valueRequired\":true,\"valueName\":\"search_term_string\"}}],\"inLanguage\":\"sv-SE\"},{\"@type\":[\"Organization\",\"Place\",\"TravelAgency\"],\"@id\":\"https:\/\/hurghadalovers.com\/sv\/#organization\",\"name\":\"Hurghada Excursions\",\"url\":\"https:\/\/hurghadalovers.com\/sv\/\",\"logo\":{\"@id\":\"https:\/\/hurghadalovers.com\/sv\/tours\/privat-el-gouna-taxi-transferers\/#local-main-organization-logo\"},\"image\":{\"@id\":\"https:\/\/hurghadalovers.com\/sv\/tours\/privat-el-gouna-taxi-transferers\/#local-main-organization-logo\"},\"sameAs\":[\"https:\/\/www.facebook.com\/Hurghadaloversegypt\"],\"address\":{\"@id\":\"https:\/\/hurghadalovers.com\/sv\/tours\/privat-el-gouna-taxi-transferers\/#local-main-place-address\"},\"telephone\":[\"00201112596434\"],\"contactPoint\":{\"@type\":\"ContactPoint\",\"telephone\":\"00201112596434\",\"email\":\"weyouface@gmail.com\"},\"openingHoursSpecification\":{\"@type\":\"OpeningHoursSpecification\",\"dayOfWeek\":[\"Monday\",\"Tuesday\",\"Wednesday\",\"Thursday\",\"Friday\",\"Saturday\",\"Sunday\"],\"opens\":\"00:00\",\"closes\":\"23:59\"},\"email\":\"weyouface@gmail.com\",\"areaServed\":\"Luxor, Hurghada, El Gouna, Aswan, Sharm El Sheikh, Giza, Alexandria, Marsa Alam, Quseir, Soma Bay, Sahl Hasheesh, Red Sea, Makadi Bay, Cairo\",\"priceRange\":\"$\",\"currenciesAccepted\":\"euro\",\"paymentAccepted\":\"cash on site\"},{\"@type\":\"PostalAddress\",\"@id\":\"https:\/\/hurghadalovers.com\/sv\/tours\/privat-el-gouna-taxi-transferers\/#local-main-place-address\",\"streetAddress\":\"17 Banks street, Alkawther area, top nbk bank\",\"addressLocality\":\"hurghada\",\"postalCode\":\"84511\",\"addressRegion\":\"red sea\",\"addressCountry\":\"EG\"},{\"@type\":\"ImageObject\",\"inLanguage\":\"sv-SE\",\"@id\":\"https:\/\/hurghadalovers.com\/sv\/tours\/privat-el-gouna-taxi-transferers\/#local-main-organization-logo\",\"url\":\"https:\/\/hurghadalovers.com\/wp-content\/uploads\/2019\/10\/hurghada-excursions-logo.png\",\"contentUrl\":\"https:\/\/hurghadalovers.com\/wp-content\/uploads\/2019\/10\/hurghada-excursions-logo.png\",\"width\":272,\"height\":90,\"caption\":\"Hurghada Excursions\"}]}<\/script>\n<meta property=\"product:brand\" content=\"Dagstur till Kairo fr\u00e5n El Gouna\" \/>\n<meta property=\"product:price:amount\" content=\"35\" \/>\n<meta property=\"product:price:currency\" content=\"EUR\" \/>\n<meta property=\"og:availability\" content=\"instock\" \/>\n<meta property=\"product:availability\" content=\"instock\" \/>\n<meta property=\"product:retailer_item_id\" content=\"Gouna202024\" \/>\n<meta property=\"product:condition\" content=\"new\" \/>\n<meta name=\"geo.placename\" content=\"hurghada\" \/>\n<meta name=\"geo.region\" content=\"Egyptien\" \/>\n<!-- \/ Yoast SEO Premium plugin. -->","yoast_head_json":{"title":"Privat El Gouna taxitransfer till Luxor, Kairo | Billiga priser","description":"Privat El Gouna Taxi Transfer till Luxor, Kairo | Bokning Billiga priser Turistservice Transfer med lyxig minivan och Vip-bil till Marsa alam, Soma bay","robots":{"index":"index","follow":"follow","max-snippet":"max-snippet:-1","max-image-preview":"max-image-preview:large","max-video-preview":"max-video-preview:-1"},"canonical":"https:\/\/hurghadalovers.com\/sv\/tours\/privat-el-gouna-taxi-transferers\/","og_locale":"sv_SE","og_type":"article","og_title":"Privata taxitransfers till El Gouna","og_description":"Privat El Gouna Taxi Transfer till Luxor, Kairo | Bokning Billiga priser Turistservice Transfer med lyxig minivan och Vip-bil till Marsa alam, Soma bay","og_url":"https:\/\/hurghadalovers.com\/sv\/tours\/privat-el-gouna-taxi-transferers\/","og_site_name":"Hurghada Excursions &amp; Day Trips | Booking Best Prices Tours","article_publisher":"https:\/\/www.facebook.com\/Hurghadaloversegypt","article_modified_time":"2026-02-09T19:58:54+00:00","og_image":[{"width":720,"height":540,"url":"https:\/\/hurghadalovers.com\/wp-content\/uploads\/2023\/08\/Transfer-from-Makadi-bay-Hotels-Hotel-pick-up-and-drop-off.jpeg","type":"image\/jpeg"}],"twitter_card":"summary_large_image","twitter_misc":{"Pris":"&euro;&nbsp;35","Tillg\u00e4nglig":"I lager"},"schema":{"@context":"https:\/\/schema.org","@graph":[{"@type":["WebPage","ItemPage"],"@id":"https:\/\/hurghadalovers.com\/sv\/tours\/privat-el-gouna-taxi-transferers\/","url":"https:\/\/hurghadalovers.com\/sv\/tours\/privat-el-gouna-taxi-transferers\/","name":"Privat El Gouna taxitransfer till Luxor, Kairo | Billiga priser","isPartOf":{"@id":"https:\/\/hurghadalovers.com\/sv\/#website"},"primaryImageOfPage":{"@id":"https:\/\/hurghadalovers.com\/sv\/tours\/privat-el-gouna-taxi-transferers\/#primaryimage"},"image":{"@id":"https:\/\/hurghadalovers.com\/sv\/tours\/privat-el-gouna-taxi-transferers\/#primaryimage"},"thumbnailUrl":"https:\/\/hurghadalovers.com\/wp-content\/uploads\/2023\/08\/Transfer-from-Makadi-bay-Hotels-Hotel-pick-up-and-drop-off.jpeg","datePublished":"2023-09-02T20:35:35+00:00","dateModified":"2026-02-09T19:58:54+00:00","description":"Privat El Gouna Taxi Transfer till Luxor, Kairo | Bokning Billiga priser Turistservice Transfer med lyxig minivan och Vip-bil till Marsa alam, Soma bay","breadcrumb":{"@id":"https:\/\/hurghadalovers.com\/sv\/tours\/privat-el-gouna-taxi-transferers\/#breadcrumb"},"inLanguage":"sv-SE","potentialAction":[{"@type":"ReadAction","target":["https:\/\/hurghadalovers.com\/sv\/tours\/privat-el-gouna-taxi-transferers\/"]}]},{"@type":"ImageObject","inLanguage":"sv-SE","@id":"https:\/\/hurghadalovers.com\/sv\/tours\/privat-el-gouna-taxi-transferers\/#primaryimage","url":"https:\/\/hurghadalovers.com\/wp-content\/uploads\/2023\/08\/Transfer-from-Makadi-bay-Hotels-Hotel-pick-up-and-drop-off.jpeg","contentUrl":"https:\/\/hurghadalovers.com\/wp-content\/uploads\/2023\/08\/Transfer-from-Makadi-bay-Hotels-Hotel-pick-up-and-drop-off.jpeg","width":720,"height":540,"caption":"Transfer from Makadi bay Hotels \u201cHotel pick up and drop off\u201d"},{"@type":"BreadcrumbList","@id":"https:\/\/hurghadalovers.com\/sv\/tours\/privat-el-gouna-taxi-transferers\/#breadcrumb","itemListElement":[{"@type":"ListItem","position":1,"name":"Home","item":"https:\/\/hurghadalovers.com\/sv\/"},{"@type":"ListItem","position":2,"name":"Shop","item":"https:\/\/hurghadalovers.com\/shop\/"},{"@type":"ListItem","position":3,"name":"Privata taxitransfers till El Gouna"}]},{"@type":"WebSite","@id":"https:\/\/hurghadalovers.com\/sv\/#website","url":"https:\/\/hurghadalovers.com\/sv\/","name":"Hurghada Excursions & Day Trips | Booking Best Prices Tours","description":"Hurghada Lovers - Best Tour Operator - Excursions &amp; Things to do for Family Day Trips with kids and Couples Romantic. Unique .Hidden gems","publisher":{"@id":"https:\/\/hurghadalovers.com\/sv\/#organization"},"alternateName":"Hurghada Excursions","potentialAction":[{"@type":"SearchAction","target":{"@type":"EntryPoint","urlTemplate":"https:\/\/hurghadalovers.com\/sv\/?s={search_term_string}"},"query-input":{"@type":"PropertyValueSpecification","valueRequired":true,"valueName":"search_term_string"}}],"inLanguage":"sv-SE"},{"@type":["Organization","Place","TravelAgency"],"@id":"https:\/\/hurghadalovers.com\/sv\/#organization","name":"Hurghada Excursions","url":"https:\/\/hurghadalovers.com\/sv\/","logo":{"@id":"https:\/\/hurghadalovers.com\/sv\/tours\/privat-el-gouna-taxi-transferers\/#local-main-organization-logo"},"image":{"@id":"https:\/\/hurghadalovers.com\/sv\/tours\/privat-el-gouna-taxi-transferers\/#local-main-organization-logo"},"sameAs":["https:\/\/www.facebook.com\/Hurghadaloversegypt"],"address":{"@id":"https:\/\/hurghadalovers.com\/sv\/tours\/privat-el-gouna-taxi-transferers\/#local-main-place-address"},"telephone":["00201112596434"],"contactPoint":{"@type":"ContactPoint","telephone":"00201112596434","email":"weyouface@gmail.com"},"openingHoursSpecification":{"@type":"OpeningHoursSpecification","dayOfWeek":["Monday","Tuesday","Wednesday","Thursday","Friday","Saturday","Sunday"],"opens":"00:00","closes":"23:59"},"email":"weyouface@gmail.com","areaServed":"Luxor, Hurghada, El Gouna, Aswan, Sharm El Sheikh, Giza, Alexandria, Marsa Alam, Quseir, Soma Bay, Sahl Hasheesh, Red Sea, Makadi Bay, Cairo","priceRange":"$","currenciesAccepted":"euro","paymentAccepted":"cash on site"},{"@type":"PostalAddress","@id":"https:\/\/hurghadalovers.com\/sv\/tours\/privat-el-gouna-taxi-transferers\/#local-main-place-address","streetAddress":"17 Banks street, Alkawther area, top nbk bank","addressLocality":"hurghada","postalCode":"84511","addressRegion":"red sea","addressCountry":"EG"},{"@type":"ImageObject","inLanguage":"sv-SE","@id":"https:\/\/hurghadalovers.com\/sv\/tours\/privat-el-gouna-taxi-transferers\/#local-main-organization-logo","url":"https:\/\/hurghadalovers.com\/wp-content\/uploads\/2019\/10\/hurghada-excursions-logo.png","contentUrl":"https:\/\/hurghadalovers.com\/wp-content\/uploads\/2019\/10\/hurghada-excursions-logo.png","width":272,"height":90,"caption":"Hurghada Excursions"}]},"product_brand":"Dagstur till Kairo fr\u00e5n El Gouna","product_price_amount":"35","product_price_currency":"EUR","og_availability":"instock","product_availability":"instock","product_retailer_item_id":"Gouna202024","product_condition":"new","geo.placename":"hurghada","geo.region":"Egyptien"},"_links":{"self":[{"href":"https:\/\/hurghadalovers.com\/sv\/wp-json\/wp\/v2\/product\/394229","targetHints":{"allow":["GET"]}}],"collection":[{"href":"https:\/\/hurghadalovers.com\/sv\/wp-json\/wp\/v2\/product"}],"about":[{"href":"https:\/\/hurghadalovers.com\/sv\/wp-json\/wp\/v2\/types\/product"}],"wp:featuredmedia":[{"embeddable":true,"href":"https:\/\/hurghadalovers.com\/sv\/wp-json\/wp\/v2\/media\/936340"}],"wp:attachment":[{"href":"https:\/\/hurghadalovers.com\/sv\/wp-json\/wp\/v2\/media?parent=394229"}],"wp:term":[{"taxonomy":"product_brand","embeddable":true,"href":"https:\/\/hurghadalovers.com\/sv\/wp-json\/wp\/v2\/product_brand?post=394229"},{"taxonomy":"product_cat","embeddable":true,"href":"https:\/\/hurghadalovers.com\/sv\/wp-json\/wp\/v2\/product_cat?post=394229"},{"taxonomy":"product_tag","embeddable":true,"href":"https:\/\/hurghadalovers.com\/sv\/wp-json\/wp\/v2\/product_tag?post=394229"}],"curies":[{"name":"wp","href":"https:\/\/api.w.org\/{rel}","templated":true}]}}