{"id":393089,"date":"2023-09-01T21:46:12","date_gmt":"2023-09-01T21:52:00","guid":{"rendered":"https:\/\/hurghadalovers.com\/shop\/okategoriserad\/sahl-hasheesh-morgon-tur-med-fyrhjuling\/"},"modified":"2026-02-09T20:16:07","modified_gmt":"2026-02-09T20:16:07","slug":"sahl-hasheesh-morgon-quad-biking-tur","status":"publish","type":"product","link":"https:\/\/hurghadalovers.com\/sv\/tours\/sahl-hasheesh-morgon-quad-biking-tur\/","title":{"rendered":"Sahl Hasheesh morgon tur med fyrhjuling"},"content":{"rendered":"<p><strong>Sahl Hasheesh<\/strong> <strong>Morning Quad Biking Tour<\/strong> \u00d6kensafari till <strong>beduinby<\/strong> med kamelridning.<\/p>\n<p>Ser du fram emot att se <strong>bergen<\/strong> och plat\u00e5erna och ta bilder med v\u00e4nner? F\u00f6lj med p\u00e5 de b\u00e4sta <strong>safariresorna<\/strong> till beduinbyn, <strong>rid p\u00e5 kamel<\/strong>, titta p\u00e5 beduinernas liv, bestig berg och g\u00f6r en sp\u00e4nnande upplevelse i \u00f6knen f\u00f6r att f\u00e5 ut <strong>adrenalinet<\/strong> ur kroppen.<\/p>\n<p style=\"text-align: center;\"><span style=\"color: #800080;\">B\u00e4sta sakerna att g\u00f6ra i Sahl Hasheesh p\u00e5 en <strong>romantisk<\/strong> <strong>smekm\u00e5nad<\/strong> f\u00f6r <strong>par<\/strong><\/span><\/p>\n<p><strong>H\u00f6jdpunkter:<\/strong><\/p>\n<ol>\n<li>K\u00f6rning med fyrhjuling.<\/li>\n<li>Kamelridning.<\/li>\n<li>Beduinby.<\/li>\n<\/ol>\n<p><strong>Morgon<\/strong> <strong>Detaljer om turen med fyrhjuling:<\/strong><\/p>\n<ul>\n<li>Tillg\u00e4nglighet f\u00f6r turer: Varje dag.<\/li>\n<li>Typ av resa: Grupp.<\/li>\n<li>Upph\u00e4mtningstid: Start fr\u00e5n 07:30.<\/li>\n<li>Tid f\u00f6r upph\u00e4mtning: solnedg\u00e5ng.<\/li>\n<li>Varaktighet: 3 timmar<\/li>\n<\/ul>\n<p><strong>Boka nu och betala senare:<\/strong><\/p>\n<ul>\n<li>Kontanter p\u00e5 plats till Guide.<\/li>\n<li>Betalning med egyptiska pund, $, \u20ac eller \u00a3.<\/li>\n<\/ul>\n<p><strong>Regler f\u00f6r avbokning:<\/strong><\/p>\n<ul>\n<li>du kan avboka upp till 24 timmar i f\u00f6rv\u00e4g.<\/li>\n<li>Om n\u00e5gon i din familj avbokar Morning ska du betala 50 % av kostnaden.<\/li>\n<\/ul>\n<p><strong>Vad ing\u00e5r i paketet?<\/strong><\/p>\n<ul>\n<li>Transfer fr\u00e5n Sahl Hasheesh Hotels &#8221;Upph\u00e4mtning och avl\u00e4mning p\u00e5 hotellet&#8221;.<\/li>\n<li>Alla skatter, intr\u00e4desavgifter och expeditionsavgifter.<\/li>\n<li>\u00d6verf\u00f6ringar.<\/li>\n<li>Reseledare.<\/li>\n<li>Hj\u00e4lm.<\/li>\n<\/ul>\n<p><strong>Undantag?<\/strong><\/p>\n<ul>\n<li>Scarf<\/li>\n<li>Skyddsglas\u00f6gon<\/li>\n<li>Tippning.<\/li>\n<li>Fotografering f\u00f6r resan.<\/li>\n<li>Eventuella extrafunktioner som inte n\u00e4mns.<strong> <\/strong><\/li>\n<\/ul>\n<p><strong>Priser:<\/strong><\/p>\n<p><strong>Vuxenpris = 30$ per person<\/strong>.<\/p>\n<p><strong>Recensioner:<\/strong><\/p>\n<p>kolla v\u00e5ra Google Map Recensioner som B\u00e4sta <a href=\"https:\/\/g.page\/r\/CUeYvkngP3wkEBM\/review\">researrang\u00f6r i Hurghada<\/a> online i <a href=\"https:\/\/hurghadalovers.com\/\">Hurghada<\/a> Egypten.<\/p>\n<p>&nbsp;<\/p>\n<p><strong>Bokning:<\/strong><\/p>\n<p>Skicka hotell + rumsnummer + pass med foto till WhatsApp: <strong>+201112596434<\/strong><\/p>\n<p>Om du \u00e4r ute Egypten Bokning nu online och bekr\u00e4fta vid ankomst Hotell.<\/p>\n<p>&nbsp;<\/p>\n<p>&nbsp;<\/p>\n","protected":false},"excerpt":{"rendered":"<p><strong>Sahl Hasheesh<\/strong> <strong>Morning Quad Biking Tour<\/strong> \u00d6kensafari till <strong>beduinby<\/strong> med kamelridning. Ser du fram emot att se <strong>bergen<\/strong> och plat\u00e5erna<\/p>\n","protected":false},"featured_media":392365,"template":"","meta":{"_joinchat":[]},"product_brand":[],"product_cat":[36666],"product_tag":[53218,49772,49789,49784,49766,49769,53224,53198,49768,49779,53188,53203,49767,53173,53183,53208,53213,53229],"class_list":{"0":"post-393089","1":"product","2":"type-product","3":"status-publish","4":"has-post-thumbnail","6":"product_cat-resor","7":"product_tag-aktiviteter-for-barn-fran-sahl-hasheesh","8":"product_tag-atv-sahl-hasheesh-sv","9":"product_tag-beduinbyn-sahl-hasheesh","10":"product_tag-kamelridning-sahl-hasheesh","11":"product_tag-okensafari-sahl-hasheesh","12":"product_tag-quad-biking-sahl-hasheesh-sv","13":"product_tag-roliga-inomhusaktiviteter-fran-sahl-hasheesh","14":"product_tag-romantiska-saker-att-gora-fran-sahl-hasheesh","15":"product_tag-safari-sahara-sahl-hasheesh-sv","16":"product_tag-safariturne-sahl-hasheesh","17":"product_tag-sahl-hasheesh-aktiviteter","18":"product_tag-sahl-hasheesh-aktiviteter-for-par","19":"product_tag-sahl-hasheesh-buggy-safari-sv","20":"product_tag-sahl-hasheesh-utflykter","21":"product_tag-saker-att-gora-i-sahl-hasheesh","22":"product_tag-saker-att-gora-i-sahl-hasheesh-for-par","23":"product_tag-saker-att-gora-med-barn-fran-sahl-hasheesh","24":"product_tag-smabarnsaktiviteter-fran-sahl-hasheesh","25":"tour_category-fyrhjulingstur-fran-sahl-hasheesh","26":"tour_category-sahl-hasheesh-utflykter","28":"first","29":"instock","30":"sale","31":"shipping-taxable","32":"purchasable","33":"product-type-tour"},"yoast_head":"<!-- This site is optimized with the Yoast SEO Premium plugin v26.9 (Yoast SEO v27.2) - https:\/\/yoast.com\/product\/yoast-seo-premium-wordpress\/ -->\n<title>Sahl Hasheesh morgon tur med fyrhjuling<\/title>\n<meta name=\"description\" content=\"Sahl Hasheesh Morning Quad Biking Tour \u00d6ken safari till beduinby med kamelridning. Ser du fram emot att se bergen och plat\u00e5erna\" \/>\n<meta name=\"robots\" content=\"index, follow, max-snippet:-1, max-image-preview:large, max-video-preview:-1\" \/>\n<link rel=\"canonical\" href=\"https:\/\/hurghadalovers.com\/sv\/tours\/sahl-hasheesh-morgon-quad-biking-tur\/\" \/>\n<meta property=\"og:locale\" content=\"sv_SE\" \/>\n<meta property=\"og:type\" content=\"article\" \/>\n<meta property=\"og:title\" content=\"Sahl Hasheesh morgon tur med fyrhjuling\" \/>\n<meta property=\"og:description\" content=\"Sahl Hasheesh Morning Quad Biking Tour \u00d6ken safari till beduinby med kamelridning. Ser du fram emot att se bergen och plat\u00e5erna\" \/>\n<meta property=\"og:url\" content=\"https:\/\/hurghadalovers.com\/sv\/tours\/sahl-hasheesh-morgon-quad-biking-tur\/\" \/>\n<meta property=\"og:site_name\" content=\"Hurghada Excursions &amp; Day Trips | Booking Best Prices Tours\" \/>\n<meta property=\"article:publisher\" content=\"https:\/\/www.facebook.com\/Hurghadaloversegypt\" \/>\n<meta property=\"article:modified_time\" content=\"2026-02-09T20:16:07+00:00\" \/>\n<meta property=\"og:image\" content=\"https:\/\/hurghadalovers.com\/wp-content\/uploads\/2023\/09\/Sahl-Hasheesh-Morning-Quad-Biking-Tour.jpeg\" \/>\n\t<meta property=\"og:image:width\" content=\"867\" \/>\n\t<meta property=\"og:image:height\" content=\"1156\" \/>\n\t<meta property=\"og:image:type\" content=\"image\/jpeg\" \/>\n<meta name=\"twitter:card\" content=\"summary_large_image\" \/>\n<meta name=\"twitter:label1\" content=\"Pris\" \/>\n\t<meta name=\"twitter:data1\" content=\"&euro;&nbsp;30\" \/>\n\t<meta name=\"twitter:label2\" content=\"Tillg\u00e4nglig\" \/>\n\t<meta name=\"twitter:data2\" content=\"I lager\" \/>\n<script type=\"application\/ld+json\" class=\"yoast-schema-graph\">{\"@context\":\"https:\/\/schema.org\",\"@graph\":[{\"@type\":[\"WebPage\",\"ItemPage\"],\"@id\":\"https:\/\/hurghadalovers.com\/sv\/tours\/sahl-hasheesh-morgon-quad-biking-tur\/\",\"url\":\"https:\/\/hurghadalovers.com\/sv\/tours\/sahl-hasheesh-morgon-quad-biking-tur\/\",\"name\":\"Sahl Hasheesh morgon tur med fyrhjuling\",\"isPartOf\":{\"@id\":\"https:\/\/hurghadalovers.com\/sv\/#website\"},\"primaryImageOfPage\":{\"@id\":\"https:\/\/hurghadalovers.com\/sv\/tours\/sahl-hasheesh-morgon-quad-biking-tur\/#primaryimage\"},\"image\":{\"@id\":\"https:\/\/hurghadalovers.com\/sv\/tours\/sahl-hasheesh-morgon-quad-biking-tur\/#primaryimage\"},\"thumbnailUrl\":\"https:\/\/hurghadalovers.com\/wp-content\/uploads\/2023\/09\/Sahl-Hasheesh-Morning-Quad-Biking-Tour.jpeg\",\"datePublished\":\"2023-09-01T21:52:00+00:00\",\"dateModified\":\"2026-02-09T20:16:07+00:00\",\"description\":\"Sahl Hasheesh Morning Quad Biking Tour \u00d6ken safari till beduinby med kamelridning. Ser du fram emot att se bergen och plat\u00e5erna\",\"breadcrumb\":{\"@id\":\"https:\/\/hurghadalovers.com\/sv\/tours\/sahl-hasheesh-morgon-quad-biking-tur\/#breadcrumb\"},\"inLanguage\":\"sv-SE\",\"potentialAction\":[{\"@type\":\"ReadAction\",\"target\":[\"https:\/\/hurghadalovers.com\/sv\/tours\/sahl-hasheesh-morgon-quad-biking-tur\/\"]}]},{\"@type\":\"ImageObject\",\"inLanguage\":\"sv-SE\",\"@id\":\"https:\/\/hurghadalovers.com\/sv\/tours\/sahl-hasheesh-morgon-quad-biking-tur\/#primaryimage\",\"url\":\"https:\/\/hurghadalovers.com\/wp-content\/uploads\/2023\/09\/Sahl-Hasheesh-Morning-Quad-Biking-Tour.jpeg\",\"contentUrl\":\"https:\/\/hurghadalovers.com\/wp-content\/uploads\/2023\/09\/Sahl-Hasheesh-Morning-Quad-Biking-Tour.jpeg\",\"width\":867,\"height\":1156,\"caption\":\"Sahl Hasheesh Morning Quad Biking Tour\"},{\"@type\":\"BreadcrumbList\",\"@id\":\"https:\/\/hurghadalovers.com\/sv\/tours\/sahl-hasheesh-morgon-quad-biking-tur\/#breadcrumb\",\"itemListElement\":[{\"@type\":\"ListItem\",\"position\":1,\"name\":\"Home\",\"item\":\"https:\/\/hurghadalovers.com\/sv\/\"},{\"@type\":\"ListItem\",\"position\":2,\"name\":\"Shop\",\"item\":\"https:\/\/hurghadalovers.com\/shop\/\"},{\"@type\":\"ListItem\",\"position\":3,\"name\":\"Sahl Hasheesh morgon tur med fyrhjuling\"}]},{\"@type\":\"WebSite\",\"@id\":\"https:\/\/hurghadalovers.com\/sv\/#website\",\"url\":\"https:\/\/hurghadalovers.com\/sv\/\",\"name\":\"Hurghada Excursions & Day Trips | Booking Best Prices Tours\",\"description\":\"Hurghada Lovers - Best Tour Operator - Excursions &amp; Things to do for Family Day Trips with kids and Couples Romantic. Unique .Hidden gems\",\"publisher\":{\"@id\":\"https:\/\/hurghadalovers.com\/sv\/#organization\"},\"alternateName\":\"Hurghada Excursions\",\"potentialAction\":[{\"@type\":\"SearchAction\",\"target\":{\"@type\":\"EntryPoint\",\"urlTemplate\":\"https:\/\/hurghadalovers.com\/sv\/?s={search_term_string}\"},\"query-input\":{\"@type\":\"PropertyValueSpecification\",\"valueRequired\":true,\"valueName\":\"search_term_string\"}}],\"inLanguage\":\"sv-SE\"},{\"@type\":[\"Organization\",\"Place\",\"TravelAgency\"],\"@id\":\"https:\/\/hurghadalovers.com\/sv\/#organization\",\"name\":\"Hurghada Excursions\",\"url\":\"https:\/\/hurghadalovers.com\/sv\/\",\"logo\":{\"@id\":\"https:\/\/hurghadalovers.com\/sv\/tours\/sahl-hasheesh-morgon-quad-biking-tur\/#local-main-organization-logo\"},\"image\":{\"@id\":\"https:\/\/hurghadalovers.com\/sv\/tours\/sahl-hasheesh-morgon-quad-biking-tur\/#local-main-organization-logo\"},\"sameAs\":[\"https:\/\/www.facebook.com\/Hurghadaloversegypt\"],\"address\":{\"@id\":\"https:\/\/hurghadalovers.com\/sv\/tours\/sahl-hasheesh-morgon-quad-biking-tur\/#local-main-place-address\"},\"telephone\":[\"00201112596434\"],\"contactPoint\":{\"@type\":\"ContactPoint\",\"telephone\":\"00201112596434\",\"email\":\"weyouface@gmail.com\"},\"openingHoursSpecification\":{\"@type\":\"OpeningHoursSpecification\",\"dayOfWeek\":[\"Monday\",\"Tuesday\",\"Wednesday\",\"Thursday\",\"Friday\",\"Saturday\",\"Sunday\"],\"opens\":\"00:00\",\"closes\":\"23:59\"},\"email\":\"weyouface@gmail.com\",\"areaServed\":\"Luxor, Hurghada, El Gouna, Aswan, Sharm El Sheikh, Giza, Alexandria, Marsa Alam, Quseir, Soma Bay, Sahl Hasheesh, Red Sea, Makadi Bay, Cairo\",\"priceRange\":\"$\",\"currenciesAccepted\":\"euro\",\"paymentAccepted\":\"cash on site\"},{\"@type\":\"PostalAddress\",\"@id\":\"https:\/\/hurghadalovers.com\/sv\/tours\/sahl-hasheesh-morgon-quad-biking-tur\/#local-main-place-address\",\"streetAddress\":\"17 Banks street, Alkawther area, top nbk bank\",\"addressLocality\":\"hurghada\",\"postalCode\":\"84511\",\"addressRegion\":\"red sea\",\"addressCountry\":\"EG\"},{\"@type\":\"ImageObject\",\"inLanguage\":\"sv-SE\",\"@id\":\"https:\/\/hurghadalovers.com\/sv\/tours\/sahl-hasheesh-morgon-quad-biking-tur\/#local-main-organization-logo\",\"url\":\"https:\/\/hurghadalovers.com\/wp-content\/uploads\/2019\/10\/hurghada-excursions-logo.png\",\"contentUrl\":\"https:\/\/hurghadalovers.com\/wp-content\/uploads\/2019\/10\/hurghada-excursions-logo.png\",\"width\":272,\"height\":90,\"caption\":\"Hurghada Excursions\"}]}<\/script>\n<meta property=\"product:brand\" content=\"Utflykter fyrhjuling fr\u00e5n Sahl Hasheesh\" \/>\n<meta property=\"product:price:amount\" content=\"30\" \/>\n<meta property=\"product:price:currency\" content=\"EUR\" \/>\n<meta property=\"og:availability\" content=\"instock\" \/>\n<meta property=\"product:availability\" content=\"instock\" \/>\n<meta property=\"product:retailer_item_id\" content=\"safawewewewe\" \/>\n<meta property=\"product:condition\" content=\"new\" \/>\n<meta name=\"geo.placename\" content=\"hurghada\" \/>\n<meta name=\"geo.region\" content=\"Egyptien\" \/>\n<!-- \/ Yoast SEO Premium plugin. -->","yoast_head_json":{"title":"Sahl Hasheesh morgon tur med fyrhjuling","description":"Sahl Hasheesh Morning Quad Biking Tour \u00d6ken safari till beduinby med kamelridning. Ser du fram emot att se bergen och plat\u00e5erna","robots":{"index":"index","follow":"follow","max-snippet":"max-snippet:-1","max-image-preview":"max-image-preview:large","max-video-preview":"max-video-preview:-1"},"canonical":"https:\/\/hurghadalovers.com\/sv\/tours\/sahl-hasheesh-morgon-quad-biking-tur\/","og_locale":"sv_SE","og_type":"article","og_title":"Sahl Hasheesh morgon tur med fyrhjuling","og_description":"Sahl Hasheesh Morning Quad Biking Tour \u00d6ken safari till beduinby med kamelridning. Ser du fram emot att se bergen och plat\u00e5erna","og_url":"https:\/\/hurghadalovers.com\/sv\/tours\/sahl-hasheesh-morgon-quad-biking-tur\/","og_site_name":"Hurghada Excursions &amp; Day Trips | Booking Best Prices Tours","article_publisher":"https:\/\/www.facebook.com\/Hurghadaloversegypt","article_modified_time":"2026-02-09T20:16:07+00:00","og_image":[{"width":867,"height":1156,"url":"https:\/\/hurghadalovers.com\/wp-content\/uploads\/2023\/09\/Sahl-Hasheesh-Morning-Quad-Biking-Tour.jpeg","type":"image\/jpeg"}],"twitter_card":"summary_large_image","twitter_misc":{"Pris":"&euro;&nbsp;30","Tillg\u00e4nglig":"I lager"},"schema":{"@context":"https:\/\/schema.org","@graph":[{"@type":["WebPage","ItemPage"],"@id":"https:\/\/hurghadalovers.com\/sv\/tours\/sahl-hasheesh-morgon-quad-biking-tur\/","url":"https:\/\/hurghadalovers.com\/sv\/tours\/sahl-hasheesh-morgon-quad-biking-tur\/","name":"Sahl Hasheesh morgon tur med fyrhjuling","isPartOf":{"@id":"https:\/\/hurghadalovers.com\/sv\/#website"},"primaryImageOfPage":{"@id":"https:\/\/hurghadalovers.com\/sv\/tours\/sahl-hasheesh-morgon-quad-biking-tur\/#primaryimage"},"image":{"@id":"https:\/\/hurghadalovers.com\/sv\/tours\/sahl-hasheesh-morgon-quad-biking-tur\/#primaryimage"},"thumbnailUrl":"https:\/\/hurghadalovers.com\/wp-content\/uploads\/2023\/09\/Sahl-Hasheesh-Morning-Quad-Biking-Tour.jpeg","datePublished":"2023-09-01T21:52:00+00:00","dateModified":"2026-02-09T20:16:07+00:00","description":"Sahl Hasheesh Morning Quad Biking Tour \u00d6ken safari till beduinby med kamelridning. Ser du fram emot att se bergen och plat\u00e5erna","breadcrumb":{"@id":"https:\/\/hurghadalovers.com\/sv\/tours\/sahl-hasheesh-morgon-quad-biking-tur\/#breadcrumb"},"inLanguage":"sv-SE","potentialAction":[{"@type":"ReadAction","target":["https:\/\/hurghadalovers.com\/sv\/tours\/sahl-hasheesh-morgon-quad-biking-tur\/"]}]},{"@type":"ImageObject","inLanguage":"sv-SE","@id":"https:\/\/hurghadalovers.com\/sv\/tours\/sahl-hasheesh-morgon-quad-biking-tur\/#primaryimage","url":"https:\/\/hurghadalovers.com\/wp-content\/uploads\/2023\/09\/Sahl-Hasheesh-Morning-Quad-Biking-Tour.jpeg","contentUrl":"https:\/\/hurghadalovers.com\/wp-content\/uploads\/2023\/09\/Sahl-Hasheesh-Morning-Quad-Biking-Tour.jpeg","width":867,"height":1156,"caption":"Sahl Hasheesh Morning Quad Biking Tour"},{"@type":"BreadcrumbList","@id":"https:\/\/hurghadalovers.com\/sv\/tours\/sahl-hasheesh-morgon-quad-biking-tur\/#breadcrumb","itemListElement":[{"@type":"ListItem","position":1,"name":"Home","item":"https:\/\/hurghadalovers.com\/sv\/"},{"@type":"ListItem","position":2,"name":"Shop","item":"https:\/\/hurghadalovers.com\/shop\/"},{"@type":"ListItem","position":3,"name":"Sahl Hasheesh morgon tur med fyrhjuling"}]},{"@type":"WebSite","@id":"https:\/\/hurghadalovers.com\/sv\/#website","url":"https:\/\/hurghadalovers.com\/sv\/","name":"Hurghada Excursions & Day Trips | Booking Best Prices Tours","description":"Hurghada Lovers - Best Tour Operator - Excursions &amp; Things to do for Family Day Trips with kids and Couples Romantic. Unique .Hidden gems","publisher":{"@id":"https:\/\/hurghadalovers.com\/sv\/#organization"},"alternateName":"Hurghada Excursions","potentialAction":[{"@type":"SearchAction","target":{"@type":"EntryPoint","urlTemplate":"https:\/\/hurghadalovers.com\/sv\/?s={search_term_string}"},"query-input":{"@type":"PropertyValueSpecification","valueRequired":true,"valueName":"search_term_string"}}],"inLanguage":"sv-SE"},{"@type":["Organization","Place","TravelAgency"],"@id":"https:\/\/hurghadalovers.com\/sv\/#organization","name":"Hurghada Excursions","url":"https:\/\/hurghadalovers.com\/sv\/","logo":{"@id":"https:\/\/hurghadalovers.com\/sv\/tours\/sahl-hasheesh-morgon-quad-biking-tur\/#local-main-organization-logo"},"image":{"@id":"https:\/\/hurghadalovers.com\/sv\/tours\/sahl-hasheesh-morgon-quad-biking-tur\/#local-main-organization-logo"},"sameAs":["https:\/\/www.facebook.com\/Hurghadaloversegypt"],"address":{"@id":"https:\/\/hurghadalovers.com\/sv\/tours\/sahl-hasheesh-morgon-quad-biking-tur\/#local-main-place-address"},"telephone":["00201112596434"],"contactPoint":{"@type":"ContactPoint","telephone":"00201112596434","email":"weyouface@gmail.com"},"openingHoursSpecification":{"@type":"OpeningHoursSpecification","dayOfWeek":["Monday","Tuesday","Wednesday","Thursday","Friday","Saturday","Sunday"],"opens":"00:00","closes":"23:59"},"email":"weyouface@gmail.com","areaServed":"Luxor, Hurghada, El Gouna, Aswan, Sharm El Sheikh, Giza, Alexandria, Marsa Alam, Quseir, Soma Bay, Sahl Hasheesh, Red Sea, Makadi Bay, Cairo","priceRange":"$","currenciesAccepted":"euro","paymentAccepted":"cash on site"},{"@type":"PostalAddress","@id":"https:\/\/hurghadalovers.com\/sv\/tours\/sahl-hasheesh-morgon-quad-biking-tur\/#local-main-place-address","streetAddress":"17 Banks street, Alkawther area, top nbk bank","addressLocality":"hurghada","postalCode":"84511","addressRegion":"red sea","addressCountry":"EG"},{"@type":"ImageObject","inLanguage":"sv-SE","@id":"https:\/\/hurghadalovers.com\/sv\/tours\/sahl-hasheesh-morgon-quad-biking-tur\/#local-main-organization-logo","url":"https:\/\/hurghadalovers.com\/wp-content\/uploads\/2019\/10\/hurghada-excursions-logo.png","contentUrl":"https:\/\/hurghadalovers.com\/wp-content\/uploads\/2019\/10\/hurghada-excursions-logo.png","width":272,"height":90,"caption":"Hurghada Excursions"}]},"product_brand":"Utflykter fyrhjuling fr\u00e5n Sahl Hasheesh","product_price_amount":"30","product_price_currency":"EUR","og_availability":"instock","product_availability":"instock","product_retailer_item_id":"safawewewewe","product_condition":"new","geo.placename":"hurghada","geo.region":"Egyptien"},"_links":{"self":[{"href":"https:\/\/hurghadalovers.com\/sv\/wp-json\/wp\/v2\/product\/393089","targetHints":{"allow":["GET"]}}],"collection":[{"href":"https:\/\/hurghadalovers.com\/sv\/wp-json\/wp\/v2\/product"}],"about":[{"href":"https:\/\/hurghadalovers.com\/sv\/wp-json\/wp\/v2\/types\/product"}],"wp:featuredmedia":[{"embeddable":true,"href":"https:\/\/hurghadalovers.com\/sv\/wp-json\/wp\/v2\/media\/392365"}],"wp:attachment":[{"href":"https:\/\/hurghadalovers.com\/sv\/wp-json\/wp\/v2\/media?parent=393089"}],"wp:term":[{"taxonomy":"product_brand","embeddable":true,"href":"https:\/\/hurghadalovers.com\/sv\/wp-json\/wp\/v2\/product_brand?post=393089"},{"taxonomy":"product_cat","embeddable":true,"href":"https:\/\/hurghadalovers.com\/sv\/wp-json\/wp\/v2\/product_cat?post=393089"},{"taxonomy":"product_tag","embeddable":true,"href":"https:\/\/hurghadalovers.com\/sv\/wp-json\/wp\/v2\/product_tag?post=393089"}],"curies":[{"name":"wp","href":"https:\/\/api.w.org\/{rel}","templated":true}]}}