{"id":391910,"date":"2023-08-31T19:49:22","date_gmt":"2023-08-31T19:52:41","guid":{"rendered":"https:\/\/hurghadalovers.com\/shop\/okategoriserad\/padi-open-water-diver-kurs-i-sahl-hasheesh\/"},"modified":"2026-02-08T11:45:05","modified_gmt":"2026-02-08T11:45:05","slug":"padi-dykarkurs-i-oppet-vatten-i-sahl-hasheesh","status":"publish","type":"product","link":"https:\/\/hurghadalovers.com\/sv\/tours\/padi-dykarkurs-i-oppet-vatten-i-sahl-hasheesh\/","title":{"rendered":"PADI Open Water Diver-kurs i Sahl Hasheesh"},"content":{"rendered":"<p><strong>PADI Open Water Diver-kurs i <\/strong><strong>Sahl Hasheesh<\/strong> &#8211; 3 dagar | med lunch, drycker, dykutrustning och transfer.<\/p>\n<p style=\"text-align: center;\"><span style=\"color: #008080;\"><strong>Lyxb\u00e5t | Professionell dykinstrukt\u00f6r<\/strong><\/span><\/p>\n<p><strong>H\u00f6jdpunkter:<\/strong><\/p>\n<ul>\n<li>L\u00e4r dig grunderna i scubadykning<\/li>\n<li>L\u00e4r dig dykutrustning och dykteknik<\/li>\n<li>\u00d6vningstillf\u00e4llen med \u00f6ppet vatten<\/li>\n<li>Maximalt djup 18 m.<\/li>\n<li>Minimi\u00e5lder \u00e4r 12 \u00e5r.<\/li>\n<\/ul>\n<p><strong> <\/strong><\/p>\n<p><strong>Detaljer:<\/strong><\/p>\n<ul>\n<li>Tillg\u00e4nglighet f\u00f6r turer: Varje dag.<\/li>\n<li>Typ av resa: Grupp eller privat.<\/li>\n<li>Upph\u00e4mtningstid: Start fr\u00e5n 07:30 A.M.<\/li>\n<li>Tid f\u00f6r upph\u00e4mtning: 16:00.<\/li>\n<li>Tillg\u00e4ngligt f\u00f6r rullstolsburna.<\/li>\n<li>Varaktighet: 3 dagar.<\/li>\n<\/ul>\n<p><strong>Boka nu och betala senare:<\/strong><\/p>\n<ul>\n<li>Kontanter p\u00e5 plats till Guide.<\/li>\n<li>Betalning med egyptiska pund, $, \u20ac eller \u00a3.<\/li>\n<\/ul>\n<p><strong>Regler f\u00f6r avbokning:<\/strong><\/p>\n<ul>\n<li>du kan avboka upp till 24 timmar i f\u00f6rv\u00e4g.<\/li>\n<li>Om n\u00e5gon i din familj avbokar Morning ska du betala 50 % av kostnaden.<\/li>\n<\/ul>\n<p><strong>Vad ing\u00e5r i paketet?<\/strong><\/p>\n<ul>\n<li>Transfer fr\u00e5n Sahl Hasheesh Hotels &#8221;Upph\u00e4mtning och avl\u00e4mning p\u00e5 hotellet&#8221;.<\/li>\n<li>Alla skatter, intr\u00e4desavgifter och expeditionsavgifter.<\/li>\n<li>Mineralvatten + Cola.<\/li>\n<li>Professionell dykinstrukt\u00f6r.<\/li>\n<li>Dykutrustning &amp; snorklingsutrustning &#8221;Masker och simfenor&#8221;.<\/li>\n<li>VIP-lunchbuff\u00e9 p\u00e5 b\u00e5ten.<\/li>\n<li>Livv\u00e4star.<\/li>\n<\/ul>\n<p><strong>Undantag?<\/strong><\/p>\n<ul>\n<li>Tippning.<\/li>\n<li>Fotografering &amp; Foton f\u00f6r resan.<\/li>\n<li>Vi erbjuder hyra baddr\u00e4kter &amp; badkl\u00e4der f\u00f6r kvinnor, m\u00e4n, barn alla storlekar &#8221; 5 $ per en&#8221;.<\/li>\n<li>Eventuella extrafunktioner som inte n\u00e4mns.<\/li>\n<li>PADI-handbok = 55$<\/li>\n<li>PADI Online-certifiering = 55$<\/li>\n<li>Manual + Online certifiering = 100$.<\/li>\n<\/ul>\n<p><strong>Priser:<\/strong><\/p>\n<ul>\n<li><strong>Vuxenpris = 260$ per person<\/strong>.<\/li>\n<\/ul>\n<p><strong>Vi skapar kurser:<\/strong><\/p>\n<ol>\n<li>PADI Scuba Diver-kurs 2 dagar = 220$<\/li>\n<li>PADI Bubblemaker-kurs f\u00f6r barn | Varaktighet: 1 timme<br \/>\n= 80$<\/li>\n<li>PADI Advanced Open Water Diver-kurs 2 dagar = 220$<\/li>\n<li>PADI Rescue Diver-kurs 4 dagar = 280$<\/li>\n<\/ol>\n<p><strong>Recensioner:<\/strong><\/p>\n<p>kolla v\u00e5ra Google Map Recensioner som B\u00e4sta <a href=\"https:\/\/g.page\/r\/CUeYvkngP3wkEBM\/review\">researrang\u00f6r i Hurghada<\/a> online i <a href=\"https:\/\/hurghadalovers.com\/\">Hurghada<\/a> Egypten.<\/p>\n<p><strong>Bokning:<\/strong><\/p>\n<p>Skicka hotell + rumsnummer + pass med foto till WhatsApp: <strong>+201112596434<\/strong><\/p>\n<p>Om du \u00e4r ute Egypten Bokning nu online och bekr\u00e4fta vid ankomst Hotell.<\/p>\n<p>&nbsp;<\/p>\n<p>&nbsp;<\/p>\n","protected":false},"excerpt":{"rendered":"<p><strong>PADI Open Water Diver-kurs i <\/strong><strong>Sahl Hasheesh<\/strong> &#8211; 3 dagar | med lunch, drycker, dykutrustning och transfer.<\/p>\n<p style=\"text-align: center;\"><span style=\"color: #008080;\"><strong>Lyxb\u00e5t | Professionell dykinstrukt\u00f6r<\/strong><\/span><\/p>\n<p>&nbsp;<\/p>\n","protected":false},"featured_media":391800,"template":"","meta":{"_joinchat":[]},"product_brand":[],"product_cat":[36666],"product_tag":[53315,53344,53310,53298,53234,53158,53323,53331,53307,53303,53327,53340,53198,53188,53203,53334,53348,53173,53183,53208,53319,53292],"class_list":{"0":"post-391910","1":"product","2":"type-product","3":"status-publish","4":"has-post-thumbnail","6":"product_cat-resor","7":"product_tag-batutflykter-i-sahl-hasheesh","8":"product_tag-batuthyrning-sahl-hasheesh","9":"product_tag-dolphin-house-sahl-hasheesh-sv","10":"product_tag-dykning-sahl-hasheesh","11":"product_tag-familjeaktiviteter-fran-sahl-hasheesh","12":"product_tag-familjedagar-ut-fran-sahl-hasheesh","13":"product_tag-giftun-island-sahl-hasheesh-sv","14":"product_tag-hastighetsbat-sahl-hasheesh","15":"product_tag-orange-bay-island-sahl-hasheesh-sv","16":"product_tag-paradison-sahl-hasheesh","17":"product_tag-piratbat-sahl-hasheesh","18":"product_tag-privat-bat-sahl-hasheesh","19":"product_tag-romantiska-saker-att-gora-fran-sahl-hasheesh","20":"product_tag-sahl-hasheesh-aktiviteter","21":"product_tag-sahl-hasheesh-aktiviteter-for-par","22":"product_tag-sahl-hasheesh-batcharter","23":"product_tag-sahl-hasheesh-privat-battur","24":"product_tag-sahl-hasheesh-utflykter","25":"product_tag-saker-att-gora-i-sahl-hasheesh","26":"product_tag-saker-att-gora-i-sahl-hasheesh-for-par","27":"product_tag-simma-med-delfiner-sahl-hasheesh","28":"product_tag-snorkelturer-i-sahl-hasheesh","29":"tour_category-snorkelturer-i-sahl-hasheesh","30":"tour_category-sahl-hasheesh-utflykter","32":"first","33":"instock","34":"sale","35":"shipping-taxable","36":"purchasable","37":"product-type-tour"},"yoast_head":"<!-- This site is optimized with the Yoast SEO Premium plugin v26.9 (Yoast SEO v27.2) - https:\/\/yoast.com\/product\/yoast-seo-premium-wordpress\/ -->\n<title>PADI Open Water Diver-kurs i Sahl Hasheesh - 3 dagar<\/title>\n<meta name=\"description\" content=\"PADI Open Water Diver-kurs i Sahl Hasheesh - 3 dagar | med lunch, drycker, dykutrustning och transfer. Lyxb\u00e5t | Professionell dykinstrukt\u00f6r\" \/>\n<meta name=\"robots\" content=\"index, follow, max-snippet:-1, max-image-preview:large, max-video-preview:-1\" \/>\n<link rel=\"canonical\" href=\"https:\/\/hurghadalovers.com\/sv\/tours\/padi-dykarkurs-i-oppet-vatten-i-sahl-hasheesh\/\" \/>\n<meta property=\"og:locale\" content=\"sv_SE\" \/>\n<meta property=\"og:type\" content=\"article\" \/>\n<meta property=\"og:title\" content=\"PADI Open Water Diver-kurs i Sahl Hasheesh\" \/>\n<meta property=\"og:description\" content=\"PADI Open Water Diver-kurs i Sahl Hasheesh - 3 dagar | med lunch, drycker, dykutrustning och transfer. Lyxb\u00e5t | Professionell dykinstrukt\u00f6r\" \/>\n<meta property=\"og:url\" content=\"https:\/\/hurghadalovers.com\/sv\/tours\/padi-dykarkurs-i-oppet-vatten-i-sahl-hasheesh\/\" \/>\n<meta property=\"og:site_name\" content=\"Hurghada Excursions &amp; Day Trips | Booking Best Prices Tours\" \/>\n<meta property=\"article:publisher\" content=\"https:\/\/www.facebook.com\/Hurghadaloversegypt\" \/>\n<meta property=\"article:modified_time\" content=\"2026-02-08T11:45:05+00:00\" \/>\n<meta property=\"og:image\" content=\"https:\/\/hurghadalovers.com\/wp-content\/uploads\/2023\/08\/PADI-Open-Water-Diver-Course-in-Sahl-Hasheesh.jpeg\" \/>\n\t<meta property=\"og:image:width\" content=\"853\" \/>\n\t<meta property=\"og:image:height\" content=\"1280\" \/>\n\t<meta property=\"og:image:type\" content=\"image\/jpeg\" \/>\n<meta name=\"twitter:card\" content=\"summary_large_image\" \/>\n<meta name=\"twitter:label1\" content=\"Pris\" \/>\n\t<meta name=\"twitter:data1\" content=\"&euro;&nbsp;260\" \/>\n\t<meta name=\"twitter:label2\" content=\"Tillg\u00e4nglig\" \/>\n\t<meta name=\"twitter:data2\" content=\"I lager\" \/>\n<script type=\"application\/ld+json\" class=\"yoast-schema-graph\">{\"@context\":\"https:\/\/schema.org\",\"@graph\":[{\"@type\":[\"WebPage\",\"ItemPage\"],\"@id\":\"https:\/\/hurghadalovers.com\/sv\/tours\/padi-dykarkurs-i-oppet-vatten-i-sahl-hasheesh\/\",\"url\":\"https:\/\/hurghadalovers.com\/sv\/tours\/padi-dykarkurs-i-oppet-vatten-i-sahl-hasheesh\/\",\"name\":\"PADI Open Water Diver-kurs i Sahl Hasheesh - 3 dagar\",\"isPartOf\":{\"@id\":\"https:\/\/hurghadalovers.com\/sv\/#website\"},\"primaryImageOfPage\":{\"@id\":\"https:\/\/hurghadalovers.com\/sv\/tours\/padi-dykarkurs-i-oppet-vatten-i-sahl-hasheesh\/#primaryimage\"},\"image\":{\"@id\":\"https:\/\/hurghadalovers.com\/sv\/tours\/padi-dykarkurs-i-oppet-vatten-i-sahl-hasheesh\/#primaryimage\"},\"thumbnailUrl\":\"https:\/\/hurghadalovers.com\/wp-content\/uploads\/2023\/08\/PADI-Open-Water-Diver-Course-in-Sahl-Hasheesh.jpeg\",\"datePublished\":\"2023-08-31T19:52:41+00:00\",\"dateModified\":\"2026-02-08T11:45:05+00:00\",\"description\":\"PADI Open Water Diver-kurs i Sahl Hasheesh - 3 dagar | med lunch, drycker, dykutrustning och transfer. Lyxb\u00e5t | Professionell dykinstrukt\u00f6r\",\"breadcrumb\":{\"@id\":\"https:\/\/hurghadalovers.com\/sv\/tours\/padi-dykarkurs-i-oppet-vatten-i-sahl-hasheesh\/#breadcrumb\"},\"inLanguage\":\"sv-SE\",\"potentialAction\":[{\"@type\":\"ReadAction\",\"target\":[\"https:\/\/hurghadalovers.com\/sv\/tours\/padi-dykarkurs-i-oppet-vatten-i-sahl-hasheesh\/\"]}]},{\"@type\":\"ImageObject\",\"inLanguage\":\"sv-SE\",\"@id\":\"https:\/\/hurghadalovers.com\/sv\/tours\/padi-dykarkurs-i-oppet-vatten-i-sahl-hasheesh\/#primaryimage\",\"url\":\"https:\/\/hurghadalovers.com\/wp-content\/uploads\/2023\/08\/PADI-Open-Water-Diver-Course-in-Sahl-Hasheesh.jpeg\",\"contentUrl\":\"https:\/\/hurghadalovers.com\/wp-content\/uploads\/2023\/08\/PADI-Open-Water-Diver-Course-in-Sahl-Hasheesh.jpeg\",\"width\":853,\"height\":1280,\"caption\":\"PADI Open Water Diver Course in\u00a0Sahl Hasheesh \u2013 3 Days\"},{\"@type\":\"BreadcrumbList\",\"@id\":\"https:\/\/hurghadalovers.com\/sv\/tours\/padi-dykarkurs-i-oppet-vatten-i-sahl-hasheesh\/#breadcrumb\",\"itemListElement\":[{\"@type\":\"ListItem\",\"position\":1,\"name\":\"Home\",\"item\":\"https:\/\/hurghadalovers.com\/sv\/\"},{\"@type\":\"ListItem\",\"position\":2,\"name\":\"Shop\",\"item\":\"https:\/\/hurghadalovers.com\/shop\/\"},{\"@type\":\"ListItem\",\"position\":3,\"name\":\"PADI Open Water Diver-kurs i Sahl Hasheesh\"}]},{\"@type\":\"WebSite\",\"@id\":\"https:\/\/hurghadalovers.com\/sv\/#website\",\"url\":\"https:\/\/hurghadalovers.com\/sv\/\",\"name\":\"Hurghada Excursions & Day Trips | Booking Best Prices Tours\",\"description\":\"Hurghada Lovers - Best Tour Operator - Excursions &amp; Things to do for Family Day Trips with kids and Couples Romantic. Unique .Hidden gems\",\"publisher\":{\"@id\":\"https:\/\/hurghadalovers.com\/sv\/#organization\"},\"alternateName\":\"Hurghada Excursions\",\"potentialAction\":[{\"@type\":\"SearchAction\",\"target\":{\"@type\":\"EntryPoint\",\"urlTemplate\":\"https:\/\/hurghadalovers.com\/sv\/?s={search_term_string}\"},\"query-input\":{\"@type\":\"PropertyValueSpecification\",\"valueRequired\":true,\"valueName\":\"search_term_string\"}}],\"inLanguage\":\"sv-SE\"},{\"@type\":[\"Organization\",\"Place\",\"TravelAgency\"],\"@id\":\"https:\/\/hurghadalovers.com\/sv\/#organization\",\"name\":\"Hurghada Excursions\",\"url\":\"https:\/\/hurghadalovers.com\/sv\/\",\"logo\":{\"@id\":\"https:\/\/hurghadalovers.com\/sv\/tours\/padi-dykarkurs-i-oppet-vatten-i-sahl-hasheesh\/#local-main-organization-logo\"},\"image\":{\"@id\":\"https:\/\/hurghadalovers.com\/sv\/tours\/padi-dykarkurs-i-oppet-vatten-i-sahl-hasheesh\/#local-main-organization-logo\"},\"sameAs\":[\"https:\/\/www.facebook.com\/Hurghadaloversegypt\"],\"address\":{\"@id\":\"https:\/\/hurghadalovers.com\/sv\/tours\/padi-dykarkurs-i-oppet-vatten-i-sahl-hasheesh\/#local-main-place-address\"},\"telephone\":[\"00201112596434\"],\"contactPoint\":{\"@type\":\"ContactPoint\",\"telephone\":\"00201112596434\",\"email\":\"weyouface@gmail.com\"},\"openingHoursSpecification\":{\"@type\":\"OpeningHoursSpecification\",\"dayOfWeek\":[\"Monday\",\"Tuesday\",\"Wednesday\",\"Thursday\",\"Friday\",\"Saturday\",\"Sunday\"],\"opens\":\"00:00\",\"closes\":\"23:59\"},\"email\":\"weyouface@gmail.com\",\"areaServed\":\"Luxor, Hurghada, El Gouna, Aswan, Sharm El Sheikh, Giza, Alexandria, Marsa Alam, Quseir, Soma Bay, Sahl Hasheesh, Red Sea, Makadi Bay, Cairo\",\"priceRange\":\"$\",\"currenciesAccepted\":\"euro\",\"paymentAccepted\":\"cash on site\"},{\"@type\":\"PostalAddress\",\"@id\":\"https:\/\/hurghadalovers.com\/sv\/tours\/padi-dykarkurs-i-oppet-vatten-i-sahl-hasheesh\/#local-main-place-address\",\"streetAddress\":\"17 Banks street, Alkawther area, top nbk bank\",\"addressLocality\":\"hurghada\",\"postalCode\":\"84511\",\"addressRegion\":\"red sea\",\"addressCountry\":\"EG\"},{\"@type\":\"ImageObject\",\"inLanguage\":\"sv-SE\",\"@id\":\"https:\/\/hurghadalovers.com\/sv\/tours\/padi-dykarkurs-i-oppet-vatten-i-sahl-hasheesh\/#local-main-organization-logo\",\"url\":\"https:\/\/hurghadalovers.com\/wp-content\/uploads\/2019\/10\/hurghada-excursions-logo.png\",\"contentUrl\":\"https:\/\/hurghadalovers.com\/wp-content\/uploads\/2019\/10\/hurghada-excursions-logo.png\",\"width\":272,\"height\":90,\"caption\":\"Hurghada Excursions\"}]}<\/script>\n<meta property=\"product:brand\" content=\"B\u00e5tturer fr\u00e5n Sahl Hasheesh\" \/>\n<meta property=\"product:price:amount\" content=\"260\" \/>\n<meta property=\"product:price:currency\" content=\"EUR\" \/>\n<meta property=\"og:availability\" content=\"instock\" \/>\n<meta property=\"product:availability\" content=\"instock\" \/>\n<meta property=\"product:retailer_item_id\" content=\"Sahl502024\" \/>\n<meta property=\"product:condition\" content=\"new\" \/>\n<meta name=\"geo.placename\" content=\"hurghada\" \/>\n<meta name=\"geo.region\" content=\"Egyptien\" \/>\n<!-- \/ Yoast SEO Premium plugin. -->","yoast_head_json":{"title":"PADI Open Water Diver-kurs i Sahl Hasheesh - 3 dagar","description":"PADI Open Water Diver-kurs i Sahl Hasheesh - 3 dagar | med lunch, drycker, dykutrustning och transfer. Lyxb\u00e5t | Professionell dykinstrukt\u00f6r","robots":{"index":"index","follow":"follow","max-snippet":"max-snippet:-1","max-image-preview":"max-image-preview:large","max-video-preview":"max-video-preview:-1"},"canonical":"https:\/\/hurghadalovers.com\/sv\/tours\/padi-dykarkurs-i-oppet-vatten-i-sahl-hasheesh\/","og_locale":"sv_SE","og_type":"article","og_title":"PADI Open Water Diver-kurs i Sahl Hasheesh","og_description":"PADI Open Water Diver-kurs i Sahl Hasheesh - 3 dagar | med lunch, drycker, dykutrustning och transfer. Lyxb\u00e5t | Professionell dykinstrukt\u00f6r","og_url":"https:\/\/hurghadalovers.com\/sv\/tours\/padi-dykarkurs-i-oppet-vatten-i-sahl-hasheesh\/","og_site_name":"Hurghada Excursions &amp; Day Trips | Booking Best Prices Tours","article_publisher":"https:\/\/www.facebook.com\/Hurghadaloversegypt","article_modified_time":"2026-02-08T11:45:05+00:00","og_image":[{"width":853,"height":1280,"url":"https:\/\/hurghadalovers.com\/wp-content\/uploads\/2023\/08\/PADI-Open-Water-Diver-Course-in-Sahl-Hasheesh.jpeg","type":"image\/jpeg"}],"twitter_card":"summary_large_image","twitter_misc":{"Pris":"&euro;&nbsp;260","Tillg\u00e4nglig":"I lager"},"schema":{"@context":"https:\/\/schema.org","@graph":[{"@type":["WebPage","ItemPage"],"@id":"https:\/\/hurghadalovers.com\/sv\/tours\/padi-dykarkurs-i-oppet-vatten-i-sahl-hasheesh\/","url":"https:\/\/hurghadalovers.com\/sv\/tours\/padi-dykarkurs-i-oppet-vatten-i-sahl-hasheesh\/","name":"PADI Open Water Diver-kurs i Sahl Hasheesh - 3 dagar","isPartOf":{"@id":"https:\/\/hurghadalovers.com\/sv\/#website"},"primaryImageOfPage":{"@id":"https:\/\/hurghadalovers.com\/sv\/tours\/padi-dykarkurs-i-oppet-vatten-i-sahl-hasheesh\/#primaryimage"},"image":{"@id":"https:\/\/hurghadalovers.com\/sv\/tours\/padi-dykarkurs-i-oppet-vatten-i-sahl-hasheesh\/#primaryimage"},"thumbnailUrl":"https:\/\/hurghadalovers.com\/wp-content\/uploads\/2023\/08\/PADI-Open-Water-Diver-Course-in-Sahl-Hasheesh.jpeg","datePublished":"2023-08-31T19:52:41+00:00","dateModified":"2026-02-08T11:45:05+00:00","description":"PADI Open Water Diver-kurs i Sahl Hasheesh - 3 dagar | med lunch, drycker, dykutrustning och transfer. Lyxb\u00e5t | Professionell dykinstrukt\u00f6r","breadcrumb":{"@id":"https:\/\/hurghadalovers.com\/sv\/tours\/padi-dykarkurs-i-oppet-vatten-i-sahl-hasheesh\/#breadcrumb"},"inLanguage":"sv-SE","potentialAction":[{"@type":"ReadAction","target":["https:\/\/hurghadalovers.com\/sv\/tours\/padi-dykarkurs-i-oppet-vatten-i-sahl-hasheesh\/"]}]},{"@type":"ImageObject","inLanguage":"sv-SE","@id":"https:\/\/hurghadalovers.com\/sv\/tours\/padi-dykarkurs-i-oppet-vatten-i-sahl-hasheesh\/#primaryimage","url":"https:\/\/hurghadalovers.com\/wp-content\/uploads\/2023\/08\/PADI-Open-Water-Diver-Course-in-Sahl-Hasheesh.jpeg","contentUrl":"https:\/\/hurghadalovers.com\/wp-content\/uploads\/2023\/08\/PADI-Open-Water-Diver-Course-in-Sahl-Hasheesh.jpeg","width":853,"height":1280,"caption":"PADI Open Water Diver Course in\u00a0Sahl Hasheesh \u2013 3 Days"},{"@type":"BreadcrumbList","@id":"https:\/\/hurghadalovers.com\/sv\/tours\/padi-dykarkurs-i-oppet-vatten-i-sahl-hasheesh\/#breadcrumb","itemListElement":[{"@type":"ListItem","position":1,"name":"Home","item":"https:\/\/hurghadalovers.com\/sv\/"},{"@type":"ListItem","position":2,"name":"Shop","item":"https:\/\/hurghadalovers.com\/shop\/"},{"@type":"ListItem","position":3,"name":"PADI Open Water Diver-kurs i Sahl Hasheesh"}]},{"@type":"WebSite","@id":"https:\/\/hurghadalovers.com\/sv\/#website","url":"https:\/\/hurghadalovers.com\/sv\/","name":"Hurghada Excursions & Day Trips | Booking Best Prices Tours","description":"Hurghada Lovers - Best Tour Operator - Excursions &amp; Things to do for Family Day Trips with kids and Couples Romantic. Unique .Hidden gems","publisher":{"@id":"https:\/\/hurghadalovers.com\/sv\/#organization"},"alternateName":"Hurghada Excursions","potentialAction":[{"@type":"SearchAction","target":{"@type":"EntryPoint","urlTemplate":"https:\/\/hurghadalovers.com\/sv\/?s={search_term_string}"},"query-input":{"@type":"PropertyValueSpecification","valueRequired":true,"valueName":"search_term_string"}}],"inLanguage":"sv-SE"},{"@type":["Organization","Place","TravelAgency"],"@id":"https:\/\/hurghadalovers.com\/sv\/#organization","name":"Hurghada Excursions","url":"https:\/\/hurghadalovers.com\/sv\/","logo":{"@id":"https:\/\/hurghadalovers.com\/sv\/tours\/padi-dykarkurs-i-oppet-vatten-i-sahl-hasheesh\/#local-main-organization-logo"},"image":{"@id":"https:\/\/hurghadalovers.com\/sv\/tours\/padi-dykarkurs-i-oppet-vatten-i-sahl-hasheesh\/#local-main-organization-logo"},"sameAs":["https:\/\/www.facebook.com\/Hurghadaloversegypt"],"address":{"@id":"https:\/\/hurghadalovers.com\/sv\/tours\/padi-dykarkurs-i-oppet-vatten-i-sahl-hasheesh\/#local-main-place-address"},"telephone":["00201112596434"],"contactPoint":{"@type":"ContactPoint","telephone":"00201112596434","email":"weyouface@gmail.com"},"openingHoursSpecification":{"@type":"OpeningHoursSpecification","dayOfWeek":["Monday","Tuesday","Wednesday","Thursday","Friday","Saturday","Sunday"],"opens":"00:00","closes":"23:59"},"email":"weyouface@gmail.com","areaServed":"Luxor, Hurghada, El Gouna, Aswan, Sharm El Sheikh, Giza, Alexandria, Marsa Alam, Quseir, Soma Bay, Sahl Hasheesh, Red Sea, Makadi Bay, Cairo","priceRange":"$","currenciesAccepted":"euro","paymentAccepted":"cash on site"},{"@type":"PostalAddress","@id":"https:\/\/hurghadalovers.com\/sv\/tours\/padi-dykarkurs-i-oppet-vatten-i-sahl-hasheesh\/#local-main-place-address","streetAddress":"17 Banks street, Alkawther area, top nbk bank","addressLocality":"hurghada","postalCode":"84511","addressRegion":"red sea","addressCountry":"EG"},{"@type":"ImageObject","inLanguage":"sv-SE","@id":"https:\/\/hurghadalovers.com\/sv\/tours\/padi-dykarkurs-i-oppet-vatten-i-sahl-hasheesh\/#local-main-organization-logo","url":"https:\/\/hurghadalovers.com\/wp-content\/uploads\/2019\/10\/hurghada-excursions-logo.png","contentUrl":"https:\/\/hurghadalovers.com\/wp-content\/uploads\/2019\/10\/hurghada-excursions-logo.png","width":272,"height":90,"caption":"Hurghada Excursions"}]},"product_brand":"B\u00e5tturer fr\u00e5n Sahl Hasheesh","product_price_amount":"260","product_price_currency":"EUR","og_availability":"instock","product_availability":"instock","product_retailer_item_id":"Sahl502024","product_condition":"new","geo.placename":"hurghada","geo.region":"Egyptien"},"_links":{"self":[{"href":"https:\/\/hurghadalovers.com\/sv\/wp-json\/wp\/v2\/product\/391910","targetHints":{"allow":["GET"]}}],"collection":[{"href":"https:\/\/hurghadalovers.com\/sv\/wp-json\/wp\/v2\/product"}],"about":[{"href":"https:\/\/hurghadalovers.com\/sv\/wp-json\/wp\/v2\/types\/product"}],"wp:featuredmedia":[{"embeddable":true,"href":"https:\/\/hurghadalovers.com\/sv\/wp-json\/wp\/v2\/media\/391800"}],"wp:attachment":[{"href":"https:\/\/hurghadalovers.com\/sv\/wp-json\/wp\/v2\/media?parent=391910"}],"wp:term":[{"taxonomy":"product_brand","embeddable":true,"href":"https:\/\/hurghadalovers.com\/sv\/wp-json\/wp\/v2\/product_brand?post=391910"},{"taxonomy":"product_cat","embeddable":true,"href":"https:\/\/hurghadalovers.com\/sv\/wp-json\/wp\/v2\/product_cat?post=391910"},{"taxonomy":"product_tag","embeddable":true,"href":"https:\/\/hurghadalovers.com\/sv\/wp-json\/wp\/v2\/product_tag?post=391910"}],"curies":[{"name":"wp","href":"https:\/\/api.w.org\/{rel}","templated":true}]}}