{"id":391077,"date":"2023-08-31T14:46:52","date_gmt":"2023-08-31T14:56:12","guid":{"rendered":"https:\/\/hurghadalovers.com\/shop\/okategoriserad\/privat-dagstur-fran-sahl-hasheesh-till-abu-simbel-aswan-2-dagar\/"},"modified":"2026-02-09T09:31:35","modified_gmt":"2026-02-09T09:31:35","slug":"privat-dagstur-fran-sahl-hasheesh-tillabu-simbel-aswan-2-dygn","status":"publish","type":"product","link":"https:\/\/hurghadalovers.com\/sv\/tours\/privat-dagstur-fran-sahl-hasheesh-tillabu-simbel-aswan-2-dygn\/","title":{"rendered":"Privat dagstur fr\u00e5n Sahl Hasheesh till Abu Simbel &amp; Aswan &#8211; 2 dagar"},"content":{"rendered":"<p><strong>Privat dagstur fr\u00e5n <\/strong><strong>Sahl Hasheesh<\/strong> <strong>till Abu Simbel<\/strong> &amp; Aswan &#8211; 2 dagar med privat guide, biljetter och lunch<\/p>\n<p>Uppt\u00e4ck hemligheterna bakom <strong>kung Ramses II<\/strong>, en av faraonernas mest ber\u00f6mda kungar, och bes\u00f6k de viktigaste historiska templen f\u00f6r att uppt\u00e4cka nya fakta om den forntida egyptiska <strong>faraoniska civilisationen<\/strong>.<\/p>\n<p><strong>H\u00f6jdpunkter:<\/strong><\/p>\n<ul>\n<li>Philae-tempelkomplexet.<\/li>\n<li>Den ofullbordade obelisken.<\/li>\n<li>Den h\u00f6ga dammen.<\/li>\n<li>Abu Simbels tempel.<\/li>\n<li>Lunch p\u00e5 restaurang &#8221;Vegetarisk mat finns tillg\u00e4nglig&#8221;.<\/li>\n<\/ul>\n<p><strong>Privat dagsutflykt fr\u00e5n <\/strong><strong>Sahl Hasheesh<\/strong> <strong>till Abu Simbel Detaljer:<\/strong><\/p>\n<ul>\n<li>Tillg\u00e4nglighet f\u00f6r turer: Varje dag.<\/li>\n<li>Typ av resa: Privat med bil eller minivan.<\/li>\n<li>Upph\u00e4mtningstid: Start fr\u00e5n 05:30 A.M.<\/li>\n<li>Hotellets frukostp\u00e5se ska f\u00f6lja med p\u00e5 morgonen.<\/li>\n<li>Tid f\u00f6r upph\u00e4mtning: 19:00.<\/li>\n<li>Tillg\u00e4ngligt f\u00f6r rullstolsburna.<\/li>\n<li>Varaktighet: 2 dagar \/ 1 natt.<\/li>\n<\/ul>\n<p><strong>Boka nu och betala senare:<\/strong><\/p>\n<ul>\n<li>Kontanter p\u00e5 plats till Guide.<\/li>\n<li>Betalning med egyptiska pund, $, \u20ac eller \u00a3.<\/li>\n<\/ul>\n<p><strong>Regler f\u00f6r avbokning:<\/strong><\/p>\n<ul>\n<li>du kan avboka upp till 24 timmar i f\u00f6rv\u00e4g.<\/li>\n<li>Om n\u00e5gon i din familj avbokar Morning ska du betala 50 % av kostnaden.<\/li>\n<\/ul>\n<p><strong>Vad ing\u00e5r i paketet?<\/strong><\/p>\n<ul>\n<li>Transfer fr\u00e5n Sahl Hasheesh Hotels &#8221;Upph\u00e4mtning och avl\u00e4mning p\u00e5 hotellet&#8221;.<\/li>\n<li>Alla skatter, intr\u00e4desavgifter och expeditionsavgifter.<\/li>\n<li>\u00d6verf\u00f6ringar.<\/li>\n<li>Reseledare.<\/li>\n<li>En natt p\u00e5 hotell med frukost.<\/li>\n<li>Drycker.<\/li>\n<li>2 Tid lunch i restaurang.<\/li>\n<\/ul>\n<p><strong>Undantag?<\/strong><\/p>\n<ul>\n<li>Tippning.<\/li>\n<li>Eventuella extrafunktioner som inte n\u00e4mns.<\/li>\n<\/ul>\n<p><strong>Priser:<\/strong><\/p>\n<ul>\n<li><strong>Pris f\u00f6r vuxna = fr\u00e5n 300 $ per person<\/strong>.<\/li>\n<li>Pris f\u00f6r barn &#8221;5-12\u2033= 50%.<\/li>\n<li>f\u00f6r barn &#8221;0-5\u2033= Gratis.<\/li>\n<\/ul>\n<p><strong>Recensioner:<\/strong><\/p>\n<p>kolla v\u00e5ra Google Map Recensioner som B\u00e4sta <a href=\"https:\/\/g.page\/r\/CUeYvkngP3wkEBM\/review\">researrang\u00f6r i Hurghada<\/a> online i <a href=\"https:\/\/hurghadalovers.com\/\">Hurghada<\/a> Egypten.<\/p>\n<p><strong>Bokning:<\/strong><\/p>\n<p>Skicka hotell + rumsnummer + pass med foto till WhatsApp: <strong>+201112596434<\/strong><\/p>\n<p>Om du \u00e4r ute Egypten Bokning nu online och bekr\u00e4fta vid ankomst Hotell.<\/p>\n<p>&nbsp;<\/p>\n<p>&nbsp;<\/p>\n","protected":false},"excerpt":{"rendered":"<p><strong>Privat dagstur fr\u00e5n <\/strong><strong>Sahl Hasheesh<\/strong> <strong>till Abu Simbel<\/strong> &amp; Aswan &#8211; 2 dagar med privat guide, biljetter och lunch Uppt\u00e4ck hemligheterna hos <strong>kung Ramses II<\/strong>, en av faraonernas mest ber\u00f6mda kungar<\/p>\n","protected":false},"featured_media":390922,"template":"","meta":{"_joinchat":[]},"product_brand":[],"product_cat":[36666],"product_tag":[53268,53260,53274,53270,53278,53280,53284,53282,53272,53276,53264,49475,53289],"class_list":{"0":"post-391077","1":"product","2":"type-product","3":"status-publish","4":"has-post-thumbnail","6":"product_cat-resor","7":"product_tag-dagsutflykt-fran-sahl-hasheesh-till-luxor","8":"product_tag-familjen-roliga-platser-fran-sahl-hasheesh","9":"product_tag-luxor-dagstur-fran-sahl-hasheesh","10":"product_tag-luxor-resa-fran-sahl-hasheesh","11":"product_tag-luxor-tur-fran-sahl-hasheesh","12":"product_tag-overforing-fran-luxor-till-sahl-hasheesh","13":"product_tag-privat-luxor-tur-fran-sahl-hasheesh","14":"product_tag-sahl-hasheesh-till-konungarnas-dal","15":"product_tag-sahl-hasheesh-till-luxor-buss","16":"product_tag-sahl-hasheesh-resor-till-luxor","17":"product_tag-saker-att-gora-med-spadbarn-fran-sahl-hasheesh","18":"product_tag-things-to-do-with-family-from-sahl-hasheesh","19":"product_tag-varmluftsballong-sahl-hasheesh","20":"tour_category-resor-fran-sahl-hasheesh-till-luxor","21":"tour_category-sahl-hasheesh-utflykter","23":"first","24":"instock","25":"sale","26":"shipping-taxable","27":"purchasable","28":"product-type-tour"},"yoast_head":"<!-- This site is optimized with the Yoast SEO Premium plugin v26.9 (Yoast SEO v27.2) - https:\/\/yoast.com\/product\/yoast-seo-premium-wordpress\/ -->\n<title>Privat dagsutflykt fr\u00e5n Sahl Hasheesh till Abu Simbel och Assuan<\/title>\n<meta name=\"description\" content=\"Privat dagstur fr\u00e5n Sahl Hasheesh till Abu Simbel &amp; Aswan - 2 dagar med privat guide, biljetter och lunch Uppt\u00e4ck kung Ramses II:s hemligheter...\" \/>\n<meta name=\"robots\" content=\"index, follow, max-snippet:-1, max-image-preview:large, max-video-preview:-1\" \/>\n<link rel=\"canonical\" href=\"https:\/\/hurghadalovers.com\/sv\/tours\/privat-dagstur-fran-sahl-hasheesh-tillabu-simbel-aswan-2-dygn\/\" \/>\n<meta property=\"og:locale\" content=\"sv_SE\" \/>\n<meta property=\"og:type\" content=\"article\" \/>\n<meta property=\"og:title\" content=\"Privat dagstur fr\u00e5n Sahl Hasheesh till Abu Simbel &amp; Aswan - 2 dagar\" \/>\n<meta property=\"og:description\" content=\"Privat dagstur fr\u00e5n Sahl Hasheesh till Abu Simbel &amp; Aswan - 2 dagar med privat guide, biljetter och lunch Uppt\u00e4ck kung Ramses II:s hemligheter...\" \/>\n<meta property=\"og:url\" content=\"https:\/\/hurghadalovers.com\/sv\/tours\/privat-dagstur-fran-sahl-hasheesh-tillabu-simbel-aswan-2-dygn\/\" \/>\n<meta property=\"og:site_name\" content=\"Hurghada Excursions &amp; Day Trips | Booking Best Prices Tours\" \/>\n<meta property=\"article:publisher\" content=\"https:\/\/www.facebook.com\/Hurghadaloversegypt\" \/>\n<meta property=\"article:modified_time\" content=\"2026-02-09T09:31:35+00:00\" \/>\n<meta property=\"og:image\" content=\"https:\/\/hurghadalovers.com\/wp-content\/uploads\/2023\/08\/Private-Day-Trip-from-Sahl-Hasheesh-to-Abu-Simbel.jpeg\" \/>\n\t<meta property=\"og:image:width\" content=\"1536\" \/>\n\t<meta property=\"og:image:height\" content=\"928\" \/>\n\t<meta property=\"og:image:type\" content=\"image\/jpeg\" \/>\n<meta name=\"twitter:card\" content=\"summary_large_image\" \/>\n<meta name=\"twitter:label1\" content=\"Pris\" \/>\n\t<meta name=\"twitter:data1\" content=\"&euro;&nbsp;350\" \/>\n\t<meta name=\"twitter:label2\" content=\"Tillg\u00e4nglig\" \/>\n\t<meta name=\"twitter:data2\" content=\"I lager\" \/>\n<script type=\"application\/ld+json\" class=\"yoast-schema-graph\">{\"@context\":\"https:\/\/schema.org\",\"@graph\":[{\"@type\":[\"WebPage\",\"ItemPage\"],\"@id\":\"https:\/\/hurghadalovers.com\/sv\/tours\/privat-dagstur-fran-sahl-hasheesh-tillabu-simbel-aswan-2-dygn\/\",\"url\":\"https:\/\/hurghadalovers.com\/sv\/tours\/privat-dagstur-fran-sahl-hasheesh-tillabu-simbel-aswan-2-dygn\/\",\"name\":\"Privat dagsutflykt fr\u00e5n Sahl Hasheesh till Abu Simbel och Assuan\",\"isPartOf\":{\"@id\":\"https:\/\/hurghadalovers.com\/sv\/#website\"},\"primaryImageOfPage\":{\"@id\":\"https:\/\/hurghadalovers.com\/sv\/tours\/privat-dagstur-fran-sahl-hasheesh-tillabu-simbel-aswan-2-dygn\/#primaryimage\"},\"image\":{\"@id\":\"https:\/\/hurghadalovers.com\/sv\/tours\/privat-dagstur-fran-sahl-hasheesh-tillabu-simbel-aswan-2-dygn\/#primaryimage\"},\"thumbnailUrl\":\"https:\/\/hurghadalovers.com\/wp-content\/uploads\/2023\/08\/Private-Day-Trip-from-Sahl-Hasheesh-to-Abu-Simbel.jpeg\",\"datePublished\":\"2023-08-31T14:56:12+00:00\",\"dateModified\":\"2026-02-09T09:31:35+00:00\",\"description\":\"Privat dagstur fr\u00e5n Sahl Hasheesh till Abu Simbel & Aswan - 2 dagar med privat guide, biljetter och lunch Uppt\u00e4ck kung Ramses II:s hemligheter...\",\"breadcrumb\":{\"@id\":\"https:\/\/hurghadalovers.com\/sv\/tours\/privat-dagstur-fran-sahl-hasheesh-tillabu-simbel-aswan-2-dygn\/#breadcrumb\"},\"inLanguage\":\"sv-SE\",\"potentialAction\":[{\"@type\":\"ReadAction\",\"target\":[\"https:\/\/hurghadalovers.com\/sv\/tours\/privat-dagstur-fran-sahl-hasheesh-tillabu-simbel-aswan-2-dygn\/\"]}]},{\"@type\":\"ImageObject\",\"inLanguage\":\"sv-SE\",\"@id\":\"https:\/\/hurghadalovers.com\/sv\/tours\/privat-dagstur-fran-sahl-hasheesh-tillabu-simbel-aswan-2-dygn\/#primaryimage\",\"url\":\"https:\/\/hurghadalovers.com\/wp-content\/uploads\/2023\/08\/Private-Day-Trip-from-Sahl-Hasheesh-to-Abu-Simbel.jpeg\",\"contentUrl\":\"https:\/\/hurghadalovers.com\/wp-content\/uploads\/2023\/08\/Private-Day-Trip-from-Sahl-Hasheesh-to-Abu-Simbel.jpeg\",\"width\":1536,\"height\":928,\"caption\":\"Private Day Trip from Sahl Hasheesh to Abu Simbel\"},{\"@type\":\"BreadcrumbList\",\"@id\":\"https:\/\/hurghadalovers.com\/sv\/tours\/privat-dagstur-fran-sahl-hasheesh-tillabu-simbel-aswan-2-dygn\/#breadcrumb\",\"itemListElement\":[{\"@type\":\"ListItem\",\"position\":1,\"name\":\"Home\",\"item\":\"https:\/\/hurghadalovers.com\/sv\/\"},{\"@type\":\"ListItem\",\"position\":2,\"name\":\"Shop\",\"item\":\"https:\/\/hurghadalovers.com\/shop\/\"},{\"@type\":\"ListItem\",\"position\":3,\"name\":\"Privat dagstur fr\u00e5n Sahl Hasheesh till Abu Simbel &amp; Aswan &#8211; 2 dagar\"}]},{\"@type\":\"WebSite\",\"@id\":\"https:\/\/hurghadalovers.com\/sv\/#website\",\"url\":\"https:\/\/hurghadalovers.com\/sv\/\",\"name\":\"Hurghada Excursions & Day Trips | Booking Best Prices Tours\",\"description\":\"Hurghada Lovers - Best Tour Operator - Excursions &amp; Things to do for Family Day Trips with kids and Couples Romantic. Unique .Hidden gems\",\"publisher\":{\"@id\":\"https:\/\/hurghadalovers.com\/sv\/#organization\"},\"alternateName\":\"Hurghada Excursions\",\"potentialAction\":[{\"@type\":\"SearchAction\",\"target\":{\"@type\":\"EntryPoint\",\"urlTemplate\":\"https:\/\/hurghadalovers.com\/sv\/?s={search_term_string}\"},\"query-input\":{\"@type\":\"PropertyValueSpecification\",\"valueRequired\":true,\"valueName\":\"search_term_string\"}}],\"inLanguage\":\"sv-SE\"},{\"@type\":[\"Organization\",\"Place\",\"TravelAgency\"],\"@id\":\"https:\/\/hurghadalovers.com\/sv\/#organization\",\"name\":\"Hurghada Excursions\",\"url\":\"https:\/\/hurghadalovers.com\/sv\/\",\"logo\":{\"@id\":\"https:\/\/hurghadalovers.com\/sv\/tours\/privat-dagstur-fran-sahl-hasheesh-tillabu-simbel-aswan-2-dygn\/#local-main-organization-logo\"},\"image\":{\"@id\":\"https:\/\/hurghadalovers.com\/sv\/tours\/privat-dagstur-fran-sahl-hasheesh-tillabu-simbel-aswan-2-dygn\/#local-main-organization-logo\"},\"sameAs\":[\"https:\/\/www.facebook.com\/Hurghadaloversegypt\"],\"address\":{\"@id\":\"https:\/\/hurghadalovers.com\/sv\/tours\/privat-dagstur-fran-sahl-hasheesh-tillabu-simbel-aswan-2-dygn\/#local-main-place-address\"},\"telephone\":[\"00201112596434\"],\"contactPoint\":{\"@type\":\"ContactPoint\",\"telephone\":\"00201112596434\",\"email\":\"weyouface@gmail.com\"},\"openingHoursSpecification\":{\"@type\":\"OpeningHoursSpecification\",\"dayOfWeek\":[\"Monday\",\"Tuesday\",\"Wednesday\",\"Thursday\",\"Friday\",\"Saturday\",\"Sunday\"],\"opens\":\"00:00\",\"closes\":\"23:59\"},\"email\":\"weyouface@gmail.com\",\"areaServed\":\"Luxor, Hurghada, El Gouna, Aswan, Sharm El Sheikh, Giza, Alexandria, Marsa Alam, Quseir, Soma Bay, Sahl Hasheesh, Red Sea, Makadi Bay, Cairo\",\"priceRange\":\"$\",\"currenciesAccepted\":\"euro\",\"paymentAccepted\":\"cash on site\"},{\"@type\":\"PostalAddress\",\"@id\":\"https:\/\/hurghadalovers.com\/sv\/tours\/privat-dagstur-fran-sahl-hasheesh-tillabu-simbel-aswan-2-dygn\/#local-main-place-address\",\"streetAddress\":\"17 Banks street, Alkawther area, top nbk bank\",\"addressLocality\":\"hurghada\",\"postalCode\":\"84511\",\"addressRegion\":\"red sea\",\"addressCountry\":\"EG\"},{\"@type\":\"ImageObject\",\"inLanguage\":\"sv-SE\",\"@id\":\"https:\/\/hurghadalovers.com\/sv\/tours\/privat-dagstur-fran-sahl-hasheesh-tillabu-simbel-aswan-2-dygn\/#local-main-organization-logo\",\"url\":\"https:\/\/hurghadalovers.com\/wp-content\/uploads\/2019\/10\/hurghada-excursions-logo.png\",\"contentUrl\":\"https:\/\/hurghadalovers.com\/wp-content\/uploads\/2019\/10\/hurghada-excursions-logo.png\",\"width\":272,\"height\":90,\"caption\":\"Hurghada Excursions\"}]}<\/script>\n<meta property=\"product:brand\" content=\"Dagstur till Luxor fr\u00e5n Sahl Hasheesh\" \/>\n<meta property=\"product:price:amount\" content=\"350\" \/>\n<meta property=\"product:price:currency\" content=\"EUR\" \/>\n<meta property=\"og:availability\" content=\"instock\" \/>\n<meta property=\"product:availability\" content=\"instock\" \/>\n<meta property=\"product:retailer_item_id\" content=\"Sahl222024\" \/>\n<meta property=\"product:condition\" content=\"new\" \/>\n<meta name=\"geo.placename\" content=\"hurghada\" \/>\n<meta name=\"geo.region\" content=\"Egyptien\" \/>\n<!-- \/ Yoast SEO Premium plugin. -->","yoast_head_json":{"title":"Privat dagsutflykt fr\u00e5n Sahl Hasheesh till Abu Simbel och Assuan","description":"Privat dagstur fr\u00e5n Sahl Hasheesh till Abu Simbel & Aswan - 2 dagar med privat guide, biljetter och lunch Uppt\u00e4ck kung Ramses II:s hemligheter...","robots":{"index":"index","follow":"follow","max-snippet":"max-snippet:-1","max-image-preview":"max-image-preview:large","max-video-preview":"max-video-preview:-1"},"canonical":"https:\/\/hurghadalovers.com\/sv\/tours\/privat-dagstur-fran-sahl-hasheesh-tillabu-simbel-aswan-2-dygn\/","og_locale":"sv_SE","og_type":"article","og_title":"Privat dagstur fr\u00e5n Sahl Hasheesh till Abu Simbel &amp; Aswan - 2 dagar","og_description":"Privat dagstur fr\u00e5n Sahl Hasheesh till Abu Simbel & Aswan - 2 dagar med privat guide, biljetter och lunch Uppt\u00e4ck kung Ramses II:s hemligheter...","og_url":"https:\/\/hurghadalovers.com\/sv\/tours\/privat-dagstur-fran-sahl-hasheesh-tillabu-simbel-aswan-2-dygn\/","og_site_name":"Hurghada Excursions &amp; Day Trips | Booking Best Prices Tours","article_publisher":"https:\/\/www.facebook.com\/Hurghadaloversegypt","article_modified_time":"2026-02-09T09:31:35+00:00","og_image":[{"width":1536,"height":928,"url":"https:\/\/hurghadalovers.com\/wp-content\/uploads\/2023\/08\/Private-Day-Trip-from-Sahl-Hasheesh-to-Abu-Simbel.jpeg","type":"image\/jpeg"}],"twitter_card":"summary_large_image","twitter_misc":{"Pris":"&euro;&nbsp;350","Tillg\u00e4nglig":"I lager"},"schema":{"@context":"https:\/\/schema.org","@graph":[{"@type":["WebPage","ItemPage"],"@id":"https:\/\/hurghadalovers.com\/sv\/tours\/privat-dagstur-fran-sahl-hasheesh-tillabu-simbel-aswan-2-dygn\/","url":"https:\/\/hurghadalovers.com\/sv\/tours\/privat-dagstur-fran-sahl-hasheesh-tillabu-simbel-aswan-2-dygn\/","name":"Privat dagsutflykt fr\u00e5n Sahl Hasheesh till Abu Simbel och Assuan","isPartOf":{"@id":"https:\/\/hurghadalovers.com\/sv\/#website"},"primaryImageOfPage":{"@id":"https:\/\/hurghadalovers.com\/sv\/tours\/privat-dagstur-fran-sahl-hasheesh-tillabu-simbel-aswan-2-dygn\/#primaryimage"},"image":{"@id":"https:\/\/hurghadalovers.com\/sv\/tours\/privat-dagstur-fran-sahl-hasheesh-tillabu-simbel-aswan-2-dygn\/#primaryimage"},"thumbnailUrl":"https:\/\/hurghadalovers.com\/wp-content\/uploads\/2023\/08\/Private-Day-Trip-from-Sahl-Hasheesh-to-Abu-Simbel.jpeg","datePublished":"2023-08-31T14:56:12+00:00","dateModified":"2026-02-09T09:31:35+00:00","description":"Privat dagstur fr\u00e5n Sahl Hasheesh till Abu Simbel & Aswan - 2 dagar med privat guide, biljetter och lunch Uppt\u00e4ck kung Ramses II:s hemligheter...","breadcrumb":{"@id":"https:\/\/hurghadalovers.com\/sv\/tours\/privat-dagstur-fran-sahl-hasheesh-tillabu-simbel-aswan-2-dygn\/#breadcrumb"},"inLanguage":"sv-SE","potentialAction":[{"@type":"ReadAction","target":["https:\/\/hurghadalovers.com\/sv\/tours\/privat-dagstur-fran-sahl-hasheesh-tillabu-simbel-aswan-2-dygn\/"]}]},{"@type":"ImageObject","inLanguage":"sv-SE","@id":"https:\/\/hurghadalovers.com\/sv\/tours\/privat-dagstur-fran-sahl-hasheesh-tillabu-simbel-aswan-2-dygn\/#primaryimage","url":"https:\/\/hurghadalovers.com\/wp-content\/uploads\/2023\/08\/Private-Day-Trip-from-Sahl-Hasheesh-to-Abu-Simbel.jpeg","contentUrl":"https:\/\/hurghadalovers.com\/wp-content\/uploads\/2023\/08\/Private-Day-Trip-from-Sahl-Hasheesh-to-Abu-Simbel.jpeg","width":1536,"height":928,"caption":"Private Day Trip from Sahl Hasheesh to Abu Simbel"},{"@type":"BreadcrumbList","@id":"https:\/\/hurghadalovers.com\/sv\/tours\/privat-dagstur-fran-sahl-hasheesh-tillabu-simbel-aswan-2-dygn\/#breadcrumb","itemListElement":[{"@type":"ListItem","position":1,"name":"Home","item":"https:\/\/hurghadalovers.com\/sv\/"},{"@type":"ListItem","position":2,"name":"Shop","item":"https:\/\/hurghadalovers.com\/shop\/"},{"@type":"ListItem","position":3,"name":"Privat dagstur fr\u00e5n Sahl Hasheesh till Abu Simbel &amp; Aswan &#8211; 2 dagar"}]},{"@type":"WebSite","@id":"https:\/\/hurghadalovers.com\/sv\/#website","url":"https:\/\/hurghadalovers.com\/sv\/","name":"Hurghada Excursions & Day Trips | Booking Best Prices Tours","description":"Hurghada Lovers - Best Tour Operator - Excursions &amp; Things to do for Family Day Trips with kids and Couples Romantic. Unique .Hidden gems","publisher":{"@id":"https:\/\/hurghadalovers.com\/sv\/#organization"},"alternateName":"Hurghada Excursions","potentialAction":[{"@type":"SearchAction","target":{"@type":"EntryPoint","urlTemplate":"https:\/\/hurghadalovers.com\/sv\/?s={search_term_string}"},"query-input":{"@type":"PropertyValueSpecification","valueRequired":true,"valueName":"search_term_string"}}],"inLanguage":"sv-SE"},{"@type":["Organization","Place","TravelAgency"],"@id":"https:\/\/hurghadalovers.com\/sv\/#organization","name":"Hurghada Excursions","url":"https:\/\/hurghadalovers.com\/sv\/","logo":{"@id":"https:\/\/hurghadalovers.com\/sv\/tours\/privat-dagstur-fran-sahl-hasheesh-tillabu-simbel-aswan-2-dygn\/#local-main-organization-logo"},"image":{"@id":"https:\/\/hurghadalovers.com\/sv\/tours\/privat-dagstur-fran-sahl-hasheesh-tillabu-simbel-aswan-2-dygn\/#local-main-organization-logo"},"sameAs":["https:\/\/www.facebook.com\/Hurghadaloversegypt"],"address":{"@id":"https:\/\/hurghadalovers.com\/sv\/tours\/privat-dagstur-fran-sahl-hasheesh-tillabu-simbel-aswan-2-dygn\/#local-main-place-address"},"telephone":["00201112596434"],"contactPoint":{"@type":"ContactPoint","telephone":"00201112596434","email":"weyouface@gmail.com"},"openingHoursSpecification":{"@type":"OpeningHoursSpecification","dayOfWeek":["Monday","Tuesday","Wednesday","Thursday","Friday","Saturday","Sunday"],"opens":"00:00","closes":"23:59"},"email":"weyouface@gmail.com","areaServed":"Luxor, Hurghada, El Gouna, Aswan, Sharm El Sheikh, Giza, Alexandria, Marsa Alam, Quseir, Soma Bay, Sahl Hasheesh, Red Sea, Makadi Bay, Cairo","priceRange":"$","currenciesAccepted":"euro","paymentAccepted":"cash on site"},{"@type":"PostalAddress","@id":"https:\/\/hurghadalovers.com\/sv\/tours\/privat-dagstur-fran-sahl-hasheesh-tillabu-simbel-aswan-2-dygn\/#local-main-place-address","streetAddress":"17 Banks street, Alkawther area, top nbk bank","addressLocality":"hurghada","postalCode":"84511","addressRegion":"red sea","addressCountry":"EG"},{"@type":"ImageObject","inLanguage":"sv-SE","@id":"https:\/\/hurghadalovers.com\/sv\/tours\/privat-dagstur-fran-sahl-hasheesh-tillabu-simbel-aswan-2-dygn\/#local-main-organization-logo","url":"https:\/\/hurghadalovers.com\/wp-content\/uploads\/2019\/10\/hurghada-excursions-logo.png","contentUrl":"https:\/\/hurghadalovers.com\/wp-content\/uploads\/2019\/10\/hurghada-excursions-logo.png","width":272,"height":90,"caption":"Hurghada Excursions"}]},"product_brand":"Dagstur till Luxor fr\u00e5n Sahl Hasheesh","product_price_amount":"350","product_price_currency":"EUR","og_availability":"instock","product_availability":"instock","product_retailer_item_id":"Sahl222024","product_condition":"new","geo.placename":"hurghada","geo.region":"Egyptien"},"_links":{"self":[{"href":"https:\/\/hurghadalovers.com\/sv\/wp-json\/wp\/v2\/product\/391077","targetHints":{"allow":["GET"]}}],"collection":[{"href":"https:\/\/hurghadalovers.com\/sv\/wp-json\/wp\/v2\/product"}],"about":[{"href":"https:\/\/hurghadalovers.com\/sv\/wp-json\/wp\/v2\/types\/product"}],"wp:featuredmedia":[{"embeddable":true,"href":"https:\/\/hurghadalovers.com\/sv\/wp-json\/wp\/v2\/media\/390922"}],"wp:attachment":[{"href":"https:\/\/hurghadalovers.com\/sv\/wp-json\/wp\/v2\/media?parent=391077"}],"wp:term":[{"taxonomy":"product_brand","embeddable":true,"href":"https:\/\/hurghadalovers.com\/sv\/wp-json\/wp\/v2\/product_brand?post=391077"},{"taxonomy":"product_cat","embeddable":true,"href":"https:\/\/hurghadalovers.com\/sv\/wp-json\/wp\/v2\/product_cat?post=391077"},{"taxonomy":"product_tag","embeddable":true,"href":"https:\/\/hurghadalovers.com\/sv\/wp-json\/wp\/v2\/product_tag?post=391077"}],"curies":[{"name":"wp","href":"https:\/\/api.w.org\/{rel}","templated":true}]}}