{"id":390800,"date":"2023-08-31T13:50:34","date_gmt":"2023-08-31T13:50:34","guid":{"rendered":"https:\/\/hurghadalovers.com\/shop\/okategoriserad\/sahl-hasheesh-private-luxor-tva-dagars-resa-med-luftballongstur\/"},"modified":"2026-02-07T16:05:15","modified_gmt":"2026-02-07T16:05:15","slug":"sahl-hasheesh-privat-luxor-tva-dagars-resa-med-varm-luftballong","status":"publish","type":"product","link":"https:\/\/hurghadalovers.com\/sv\/tours\/sahl-hasheesh-privat-luxor-tva-dagars-resa-med-varm-luftballong\/","title":{"rendered":"Sahl Hasheesh Private Luxor Tv\u00e5 dagars resa med luftballongstur"},"content":{"rendered":"<p><strong>Sahl Hasheesh<\/strong> <strong>Private Luxor tv\u00e5dagarsresa med luftballongstur<\/strong> med privat guide, biljetter och lunch.<\/p>\n<p>Uppt\u00e4ck de faraoniska monumenten i staden Luxor fr\u00e5n ovan n\u00e4r du \u00e5ker <strong>luftballong<\/strong> i soluppg\u00e5ngen och l\u00e4r dig om nya hemligheter om faraokungarnas liv och <strong>kung Tutankhamuns<\/strong> hemlighet med mera genom en speciell tv\u00e5dagarstur.<\/p>\n<p><strong>H\u00f6jdpunkter:<\/strong><\/p>\n<ol>\n<li>Templet i Karnak.<\/li>\n<li>Luxor-templet.<\/li>\n<li>En natt p\u00e5 hotell.<\/li>\n<li>\u00c5ktur med varmluftsballong.<\/li>\n<li>Memnons kolosser.<\/li>\n<li>Hatshepsuts tempel.<\/li>\n<li>3 gravar i Konungarnas dal.<\/li>\n<li>Lunch p\u00e5 restaurang &#8221;Vegetarisk mat finns tillg\u00e4nglig&#8221;.<\/li>\n<\/ol>\n<p><strong>Privat tv\u00e5dagarsresa till Luxor Detaljer:<\/strong><\/p>\n<ul>\n<li>Tillg\u00e4nglighet f\u00f6r turer: Varje dag.<\/li>\n<li>Typ av resa: Privat med bil eller minivan.<\/li>\n<li>Upph\u00e4mtningstid: Start fr\u00e5n 05:00 A.M.<\/li>\n<li>Hotellets frukostp\u00e5se ska f\u00f6lja med p\u00e5 morgonen.<\/li>\n<li>Tid f\u00f6r upph\u00e4mtning: 19:00.<\/li>\n<li>Tillg\u00e4ngligt f\u00f6r rullstolsburna.<\/li>\n<li>Varaktighet: 2 dagar \/ 1 natt.<\/li>\n<\/ul>\n<p><strong>Boka nu och betala senare:<\/strong><\/p>\n<ul>\n<li>Kontanter p\u00e5 plats till Guide.<\/li>\n<li>Betalning med egyptiska pund, $, \u20ac eller \u00a3.<\/li>\n<\/ul>\n<p><strong>Regler f\u00f6r avbokning:<\/strong><\/p>\n<ul>\n<li>du kan avboka upp till 24 timmar i f\u00f6rv\u00e4g.<\/li>\n<li>Om n\u00e5gon i din familj avbokar Morning ska du betala 50 % av kostnaden.<\/li>\n<\/ul>\n<p><strong>Vad ing\u00e5r i paketet?<\/strong><\/p>\n<ul>\n<li>Transfer fr\u00e5n Sahl Hasheesh Hotels &#8221;Upph\u00e4mtning och avl\u00e4mning p\u00e5 hotellet&#8221;.<\/li>\n<li>Alla skatter, intr\u00e4desavgifter och expeditionsavgifter.<\/li>\n<li>\u00d6verf\u00f6ringar.<\/li>\n<li>\u00c5ktur med varmluftsballong.<\/li>\n<li>Reseledare.<\/li>\n<li>En natt p\u00e5 hotell med frukost.<\/li>\n<li>Drycker.<\/li>\n<li>2 Tid lunch i restaurang.<\/li>\n<\/ul>\n<p><strong>Undantag?<\/strong><\/p>\n<ul>\n<li>Tippning.<\/li>\n<li>Felucca-tur &#8221;B\u00e5tkryssning&#8221; I 35 min= 10$.<\/li>\n<li>Eventuella extrafunktioner som inte n\u00e4mns.<\/li>\n<\/ul>\n<p><strong> <\/strong><\/p>\n<p><strong>du kan l\u00e4gga till den f\u00f6rsta dagen eller koppla av p\u00e5 hotellet:<\/strong><\/p>\n<ul>\n<li>Privat 30 min Felucca i Nilen.<\/li>\n<li>Museet f\u00f6r mumifiering.<\/li>\n<\/ul>\n<p><strong>kan du l\u00e4gga till i Second Day:<\/strong><\/p>\n<ul>\n<li>Drottning Nefertiti i Drottningarnas dal.<\/li>\n<li>Shopping.<\/li>\n<\/ul>\n<p><strong> <\/strong><\/p>\n<p><strong>Priser:<\/strong><\/p>\n<ul>\n<li><strong>Pris f\u00f6r vuxna = fr\u00e5n 290$ per person<\/strong>.<\/li>\n<li>Pris f\u00f6r barn &#8221;5-12\u2033= 50%.<\/li>\n<li>f\u00f6r barn &#8221;0-5\u2033= Gratis.<\/li>\n<\/ul>\n<p><strong>Recensioner Privat Luxor tv\u00e5 dagars resa:<\/strong><\/p>\n<p>kolla v\u00e5ra Google Map Recensioner som B\u00e4sta <a href=\"https:\/\/g.page\/r\/CUeYvkngP3wkEBM\/review\">researrang\u00f6r i Hurghada<\/a> online i <a href=\"https:\/\/hurghadalovers.com\/\">Hurghada<\/a> Egypten.<\/p>\n<p>&nbsp;<\/p>\n<p><strong>Bokning:<\/strong><\/p>\n<p>Skicka hotell + rumsnummer + pass med foto till WhatsApp: <strong>+201112596434<\/strong><\/p>\n<p>Om du \u00e4r ute Egypten Bokning nu online och bekr\u00e4fta vid ankomst Hotell.<\/p>\n<p>&nbsp;<\/p>\n<p>&nbsp;<\/p>\n","protected":false},"excerpt":{"rendered":"<p><strong>Sahl Hasheesh<\/strong> <strong>Private Luxor tv\u00e5dagarsresa med luftballongstur<\/strong> med privat guide, biljetter och lunch. Uppt\u00e4ck de faraoniska monumenten i staden Luxor<\/p>\n","protected":false},"featured_media":390593,"template":"","meta":{"_joinchat":[]},"product_brand":[],"product_cat":[36666],"product_tag":[49763,53266,49760,53268,49758,53115,49762,53274,50714,53270,53278,53280,49759,53284,49761,53282,53272,53276,53248,53289],"class_list":{"0":"post-390800","1":"product","2":"type-product","3":"status-publish","4":"has-post-thumbnail","6":"product_cat-resor","7":"product_tag-aktiviteter-for-2-aringar-fran-sahl-hasheesh","8":"product_tag-billiga-familjedagar-ut-fran-sahl-hasheesh","9":"product_tag-dagsturer-fran-sahl-hasheesh","10":"product_tag-dagsutflykt-fran-sahl-hasheesh-till-luxor","11":"product_tag-dagsutflykter-fran-sahl-hasheesh","12":"product_tag-familj-saker-att-gora-fran-sahl-hasheesh","13":"product_tag-inomhusaktiviteter-for-par-sahl-hasheesh","14":"product_tag-luxor-dagstur-fran-sahl-hasheesh","15":"product_tag-luxor-privata-turer","16":"product_tag-luxor-resa-fran-sahl-hasheesh","17":"product_tag-luxor-tur-fran-sahl-hasheesh","18":"product_tag-overforing-fran-luxor-till-sahl-hasheesh","19":"product_tag-platser-att-besoka-i-sahl-hasheesh","20":"product_tag-privat-luxor-tur-fran-sahl-hasheesh","21":"product_tag-romantiska-aktiviteter-for-par-i-sahl-hasheesh","22":"product_tag-sahl-hasheesh-till-konungarnas-dal","23":"product_tag-sahl-hasheesh-till-luxor-buss","24":"product_tag-sahl-hasheesh-resor-till-luxor","25":"product_tag-saker-att-se-i-sahl-hasheesh","26":"product_tag-varmluftsballong-sahl-hasheesh","27":"tour_category-resor-fran-sahl-hasheesh-till-luxor","28":"tour_category-sahl-hasheesh-utflykter","30":"first","31":"instock","32":"sale","33":"shipping-taxable","34":"purchasable","35":"product-type-tour"},"yoast_head":"<!-- This site is optimized with the Yoast SEO Premium plugin v26.9 (Yoast SEO v27.2) - https:\/\/yoast.com\/product\/yoast-seo-premium-wordpress\/ -->\n<title>Sahl Hasheesh Private Luxor Tv\u00e5dagarstur med varmluftsballong<\/title>\n<meta name=\"description\" content=\"Sahl Hasheesh Private Luxor tv\u00e5dagarsresa med luftballongstur med privat guide, biljetter och lunch. Uppt\u00e4ck de faraoniska monumenten i staden\" \/>\n<meta name=\"robots\" content=\"index, follow, max-snippet:-1, max-image-preview:large, max-video-preview:-1\" \/>\n<link rel=\"canonical\" href=\"https:\/\/hurghadalovers.com\/sv\/tours\/sahl-hasheesh-privat-luxor-tva-dagars-resa-med-varm-luftballong\/\" \/>\n<meta property=\"og:locale\" content=\"sv_SE\" \/>\n<meta property=\"og:type\" content=\"article\" \/>\n<meta property=\"og:title\" content=\"Sahl Hasheesh Private Luxor Tv\u00e5 dagars resa med luftballongstur\" \/>\n<meta property=\"og:description\" content=\"Sahl Hasheesh Private Luxor tv\u00e5dagarsresa med luftballongstur med privat guide, biljetter och lunch. Uppt\u00e4ck de faraoniska monumenten i staden\" \/>\n<meta property=\"og:url\" content=\"https:\/\/hurghadalovers.com\/sv\/tours\/sahl-hasheesh-privat-luxor-tva-dagars-resa-med-varm-luftballong\/\" \/>\n<meta property=\"og:site_name\" content=\"Hurghada Excursions &amp; Day Trips | Booking Best Prices Tours\" \/>\n<meta property=\"article:publisher\" content=\"https:\/\/www.facebook.com\/Hurghadaloversegypt\" \/>\n<meta property=\"article:modified_time\" content=\"2026-02-07T16:05:15+00:00\" \/>\n<meta property=\"og:image\" content=\"https:\/\/hurghadalovers.com\/wp-content\/uploads\/2023\/08\/Sahl-Hasheesh-Private-Luxor-Two-Days-Trip-with-Hot-Air-Balloon-Ride.jpeg\" \/>\n\t<meta property=\"og:image:width\" content=\"1536\" \/>\n\t<meta property=\"og:image:height\" content=\"830\" \/>\n\t<meta property=\"og:image:type\" content=\"image\/jpeg\" \/>\n<meta name=\"twitter:card\" content=\"summary_large_image\" \/>\n<meta name=\"twitter:label1\" content=\"Pris\" \/>\n\t<meta name=\"twitter:data1\" content=\"&euro;&nbsp;375\" \/>\n\t<meta name=\"twitter:label2\" content=\"Tillg\u00e4nglig\" \/>\n\t<meta name=\"twitter:data2\" content=\"I lager\" \/>\n<script type=\"application\/ld+json\" class=\"yoast-schema-graph\">{\"@context\":\"https:\/\/schema.org\",\"@graph\":[{\"@type\":[\"WebPage\",\"ItemPage\"],\"@id\":\"https:\/\/hurghadalovers.com\/sv\/tours\/sahl-hasheesh-privat-luxor-tva-dagars-resa-med-varm-luftballong\/\",\"url\":\"https:\/\/hurghadalovers.com\/sv\/tours\/sahl-hasheesh-privat-luxor-tva-dagars-resa-med-varm-luftballong\/\",\"name\":\"Sahl Hasheesh Private Luxor Tv\u00e5dagarstur med varmluftsballong\",\"isPartOf\":{\"@id\":\"https:\/\/hurghadalovers.com\/sv\/#website\"},\"primaryImageOfPage\":{\"@id\":\"https:\/\/hurghadalovers.com\/sv\/tours\/sahl-hasheesh-privat-luxor-tva-dagars-resa-med-varm-luftballong\/#primaryimage\"},\"image\":{\"@id\":\"https:\/\/hurghadalovers.com\/sv\/tours\/sahl-hasheesh-privat-luxor-tva-dagars-resa-med-varm-luftballong\/#primaryimage\"},\"thumbnailUrl\":\"https:\/\/hurghadalovers.com\/wp-content\/uploads\/2023\/08\/Sahl-Hasheesh-Private-Luxor-Two-Days-Trip-with-Hot-Air-Balloon-Ride.jpeg\",\"datePublished\":\"2023-08-31T13:50:34+00:00\",\"dateModified\":\"2026-02-07T16:05:15+00:00\",\"description\":\"Sahl Hasheesh Private Luxor tv\u00e5dagarsresa med luftballongstur med privat guide, biljetter och lunch. Uppt\u00e4ck de faraoniska monumenten i staden\",\"breadcrumb\":{\"@id\":\"https:\/\/hurghadalovers.com\/sv\/tours\/sahl-hasheesh-privat-luxor-tva-dagars-resa-med-varm-luftballong\/#breadcrumb\"},\"inLanguage\":\"sv-SE\",\"potentialAction\":[{\"@type\":\"ReadAction\",\"target\":[\"https:\/\/hurghadalovers.com\/sv\/tours\/sahl-hasheesh-privat-luxor-tva-dagars-resa-med-varm-luftballong\/\"]}]},{\"@type\":\"ImageObject\",\"inLanguage\":\"sv-SE\",\"@id\":\"https:\/\/hurghadalovers.com\/sv\/tours\/sahl-hasheesh-privat-luxor-tva-dagars-resa-med-varm-luftballong\/#primaryimage\",\"url\":\"https:\/\/hurghadalovers.com\/wp-content\/uploads\/2023\/08\/Sahl-Hasheesh-Private-Luxor-Two-Days-Trip-with-Hot-Air-Balloon-Ride.jpeg\",\"contentUrl\":\"https:\/\/hurghadalovers.com\/wp-content\/uploads\/2023\/08\/Sahl-Hasheesh-Private-Luxor-Two-Days-Trip-with-Hot-Air-Balloon-Ride.jpeg\",\"width\":1536,\"height\":830,\"caption\":\"Sahl Hasheesh Private Luxor Tv\u00e5 dagars resa med luftballongstur\"},{\"@type\":\"BreadcrumbList\",\"@id\":\"https:\/\/hurghadalovers.com\/sv\/tours\/sahl-hasheesh-privat-luxor-tva-dagars-resa-med-varm-luftballong\/#breadcrumb\",\"itemListElement\":[{\"@type\":\"ListItem\",\"position\":1,\"name\":\"Home\",\"item\":\"https:\/\/hurghadalovers.com\/sv\/\"},{\"@type\":\"ListItem\",\"position\":2,\"name\":\"Shop\",\"item\":\"https:\/\/hurghadalovers.com\/shop\/\"},{\"@type\":\"ListItem\",\"position\":3,\"name\":\"Sahl Hasheesh Private Luxor Tv\u00e5 dagars resa med luftballongstur\"}]},{\"@type\":\"WebSite\",\"@id\":\"https:\/\/hurghadalovers.com\/sv\/#website\",\"url\":\"https:\/\/hurghadalovers.com\/sv\/\",\"name\":\"Hurghada Excursions & Day Trips | Booking Best Prices Tours\",\"description\":\"Hurghada Lovers - Best Tour Operator - Excursions &amp; Things to do for Family Day Trips with kids and Couples Romantic. Unique .Hidden gems\",\"publisher\":{\"@id\":\"https:\/\/hurghadalovers.com\/sv\/#organization\"},\"alternateName\":\"Hurghada Excursions\",\"potentialAction\":[{\"@type\":\"SearchAction\",\"target\":{\"@type\":\"EntryPoint\",\"urlTemplate\":\"https:\/\/hurghadalovers.com\/sv\/?s={search_term_string}\"},\"query-input\":{\"@type\":\"PropertyValueSpecification\",\"valueRequired\":true,\"valueName\":\"search_term_string\"}}],\"inLanguage\":\"sv-SE\"},{\"@type\":[\"Organization\",\"Place\",\"TravelAgency\"],\"@id\":\"https:\/\/hurghadalovers.com\/sv\/#organization\",\"name\":\"Hurghada Excursions\",\"url\":\"https:\/\/hurghadalovers.com\/sv\/\",\"logo\":{\"@id\":\"https:\/\/hurghadalovers.com\/sv\/tours\/sahl-hasheesh-privat-luxor-tva-dagars-resa-med-varm-luftballong\/#local-main-organization-logo\"},\"image\":{\"@id\":\"https:\/\/hurghadalovers.com\/sv\/tours\/sahl-hasheesh-privat-luxor-tva-dagars-resa-med-varm-luftballong\/#local-main-organization-logo\"},\"sameAs\":[\"https:\/\/www.facebook.com\/Hurghadaloversegypt\"],\"address\":{\"@id\":\"https:\/\/hurghadalovers.com\/sv\/tours\/sahl-hasheesh-privat-luxor-tva-dagars-resa-med-varm-luftballong\/#local-main-place-address\"},\"telephone\":[\"00201112596434\"],\"contactPoint\":{\"@type\":\"ContactPoint\",\"telephone\":\"00201112596434\",\"email\":\"weyouface@gmail.com\"},\"openingHoursSpecification\":{\"@type\":\"OpeningHoursSpecification\",\"dayOfWeek\":[\"Monday\",\"Tuesday\",\"Wednesday\",\"Thursday\",\"Friday\",\"Saturday\",\"Sunday\"],\"opens\":\"00:00\",\"closes\":\"23:59\"},\"email\":\"weyouface@gmail.com\",\"areaServed\":\"Luxor, Hurghada, El Gouna, Aswan, Sharm El Sheikh, Giza, Alexandria, Marsa Alam, Quseir, Soma Bay, Sahl Hasheesh, Red Sea, Makadi Bay, Cairo\",\"priceRange\":\"$\",\"currenciesAccepted\":\"euro\",\"paymentAccepted\":\"cash on site\"},{\"@type\":\"PostalAddress\",\"@id\":\"https:\/\/hurghadalovers.com\/sv\/tours\/sahl-hasheesh-privat-luxor-tva-dagars-resa-med-varm-luftballong\/#local-main-place-address\",\"streetAddress\":\"17 Banks street, Alkawther area, top nbk bank\",\"addressLocality\":\"hurghada\",\"postalCode\":\"84511\",\"addressRegion\":\"red sea\",\"addressCountry\":\"EG\"},{\"@type\":\"ImageObject\",\"inLanguage\":\"sv-SE\",\"@id\":\"https:\/\/hurghadalovers.com\/sv\/tours\/sahl-hasheesh-privat-luxor-tva-dagars-resa-med-varm-luftballong\/#local-main-organization-logo\",\"url\":\"https:\/\/hurghadalovers.com\/wp-content\/uploads\/2019\/10\/hurghada-excursions-logo.png\",\"contentUrl\":\"https:\/\/hurghadalovers.com\/wp-content\/uploads\/2019\/10\/hurghada-excursions-logo.png\",\"width\":272,\"height\":90,\"caption\":\"Hurghada Excursions\"}]}<\/script>\n<meta property=\"product:brand\" content=\"Dagstur till Luxor fr\u00e5n Sahl Hasheesh\" \/>\n<meta property=\"product:price:amount\" content=\"375\" \/>\n<meta property=\"product:price:currency\" content=\"EUR\" \/>\n<meta property=\"og:availability\" content=\"instock\" \/>\n<meta property=\"product:availability\" content=\"instock\" \/>\n<meta property=\"product:retailer_item_id\" content=\"Sahl132024\" \/>\n<meta property=\"product:condition\" content=\"new\" \/>\n<meta name=\"geo.placename\" content=\"hurghada\" \/>\n<meta name=\"geo.region\" content=\"Egyptien\" \/>\n<!-- \/ Yoast SEO Premium plugin. -->","yoast_head_json":{"title":"Sahl Hasheesh Private Luxor Tv\u00e5dagarstur med varmluftsballong","description":"Sahl Hasheesh Private Luxor tv\u00e5dagarsresa med luftballongstur med privat guide, biljetter och lunch. Uppt\u00e4ck de faraoniska monumenten i staden","robots":{"index":"index","follow":"follow","max-snippet":"max-snippet:-1","max-image-preview":"max-image-preview:large","max-video-preview":"max-video-preview:-1"},"canonical":"https:\/\/hurghadalovers.com\/sv\/tours\/sahl-hasheesh-privat-luxor-tva-dagars-resa-med-varm-luftballong\/","og_locale":"sv_SE","og_type":"article","og_title":"Sahl Hasheesh Private Luxor Tv\u00e5 dagars resa med luftballongstur","og_description":"Sahl Hasheesh Private Luxor tv\u00e5dagarsresa med luftballongstur med privat guide, biljetter och lunch. Uppt\u00e4ck de faraoniska monumenten i staden","og_url":"https:\/\/hurghadalovers.com\/sv\/tours\/sahl-hasheesh-privat-luxor-tva-dagars-resa-med-varm-luftballong\/","og_site_name":"Hurghada Excursions &amp; Day Trips | Booking Best Prices Tours","article_publisher":"https:\/\/www.facebook.com\/Hurghadaloversegypt","article_modified_time":"2026-02-07T16:05:15+00:00","og_image":[{"width":1536,"height":830,"url":"https:\/\/hurghadalovers.com\/wp-content\/uploads\/2023\/08\/Sahl-Hasheesh-Private-Luxor-Two-Days-Trip-with-Hot-Air-Balloon-Ride.jpeg","type":"image\/jpeg"}],"twitter_card":"summary_large_image","twitter_misc":{"Pris":"&euro;&nbsp;375","Tillg\u00e4nglig":"I lager"},"schema":{"@context":"https:\/\/schema.org","@graph":[{"@type":["WebPage","ItemPage"],"@id":"https:\/\/hurghadalovers.com\/sv\/tours\/sahl-hasheesh-privat-luxor-tva-dagars-resa-med-varm-luftballong\/","url":"https:\/\/hurghadalovers.com\/sv\/tours\/sahl-hasheesh-privat-luxor-tva-dagars-resa-med-varm-luftballong\/","name":"Sahl Hasheesh Private Luxor Tv\u00e5dagarstur med varmluftsballong","isPartOf":{"@id":"https:\/\/hurghadalovers.com\/sv\/#website"},"primaryImageOfPage":{"@id":"https:\/\/hurghadalovers.com\/sv\/tours\/sahl-hasheesh-privat-luxor-tva-dagars-resa-med-varm-luftballong\/#primaryimage"},"image":{"@id":"https:\/\/hurghadalovers.com\/sv\/tours\/sahl-hasheesh-privat-luxor-tva-dagars-resa-med-varm-luftballong\/#primaryimage"},"thumbnailUrl":"https:\/\/hurghadalovers.com\/wp-content\/uploads\/2023\/08\/Sahl-Hasheesh-Private-Luxor-Two-Days-Trip-with-Hot-Air-Balloon-Ride.jpeg","datePublished":"2023-08-31T13:50:34+00:00","dateModified":"2026-02-07T16:05:15+00:00","description":"Sahl Hasheesh Private Luxor tv\u00e5dagarsresa med luftballongstur med privat guide, biljetter och lunch. Uppt\u00e4ck de faraoniska monumenten i staden","breadcrumb":{"@id":"https:\/\/hurghadalovers.com\/sv\/tours\/sahl-hasheesh-privat-luxor-tva-dagars-resa-med-varm-luftballong\/#breadcrumb"},"inLanguage":"sv-SE","potentialAction":[{"@type":"ReadAction","target":["https:\/\/hurghadalovers.com\/sv\/tours\/sahl-hasheesh-privat-luxor-tva-dagars-resa-med-varm-luftballong\/"]}]},{"@type":"ImageObject","inLanguage":"sv-SE","@id":"https:\/\/hurghadalovers.com\/sv\/tours\/sahl-hasheesh-privat-luxor-tva-dagars-resa-med-varm-luftballong\/#primaryimage","url":"https:\/\/hurghadalovers.com\/wp-content\/uploads\/2023\/08\/Sahl-Hasheesh-Private-Luxor-Two-Days-Trip-with-Hot-Air-Balloon-Ride.jpeg","contentUrl":"https:\/\/hurghadalovers.com\/wp-content\/uploads\/2023\/08\/Sahl-Hasheesh-Private-Luxor-Two-Days-Trip-with-Hot-Air-Balloon-Ride.jpeg","width":1536,"height":830,"caption":"Sahl Hasheesh Private Luxor Tv\u00e5 dagars resa med luftballongstur"},{"@type":"BreadcrumbList","@id":"https:\/\/hurghadalovers.com\/sv\/tours\/sahl-hasheesh-privat-luxor-tva-dagars-resa-med-varm-luftballong\/#breadcrumb","itemListElement":[{"@type":"ListItem","position":1,"name":"Home","item":"https:\/\/hurghadalovers.com\/sv\/"},{"@type":"ListItem","position":2,"name":"Shop","item":"https:\/\/hurghadalovers.com\/shop\/"},{"@type":"ListItem","position":3,"name":"Sahl Hasheesh Private Luxor Tv\u00e5 dagars resa med luftballongstur"}]},{"@type":"WebSite","@id":"https:\/\/hurghadalovers.com\/sv\/#website","url":"https:\/\/hurghadalovers.com\/sv\/","name":"Hurghada Excursions & Day Trips | Booking Best Prices Tours","description":"Hurghada Lovers - Best Tour Operator - Excursions &amp; Things to do for Family Day Trips with kids and Couples Romantic. Unique .Hidden gems","publisher":{"@id":"https:\/\/hurghadalovers.com\/sv\/#organization"},"alternateName":"Hurghada Excursions","potentialAction":[{"@type":"SearchAction","target":{"@type":"EntryPoint","urlTemplate":"https:\/\/hurghadalovers.com\/sv\/?s={search_term_string}"},"query-input":{"@type":"PropertyValueSpecification","valueRequired":true,"valueName":"search_term_string"}}],"inLanguage":"sv-SE"},{"@type":["Organization","Place","TravelAgency"],"@id":"https:\/\/hurghadalovers.com\/sv\/#organization","name":"Hurghada Excursions","url":"https:\/\/hurghadalovers.com\/sv\/","logo":{"@id":"https:\/\/hurghadalovers.com\/sv\/tours\/sahl-hasheesh-privat-luxor-tva-dagars-resa-med-varm-luftballong\/#local-main-organization-logo"},"image":{"@id":"https:\/\/hurghadalovers.com\/sv\/tours\/sahl-hasheesh-privat-luxor-tva-dagars-resa-med-varm-luftballong\/#local-main-organization-logo"},"sameAs":["https:\/\/www.facebook.com\/Hurghadaloversegypt"],"address":{"@id":"https:\/\/hurghadalovers.com\/sv\/tours\/sahl-hasheesh-privat-luxor-tva-dagars-resa-med-varm-luftballong\/#local-main-place-address"},"telephone":["00201112596434"],"contactPoint":{"@type":"ContactPoint","telephone":"00201112596434","email":"weyouface@gmail.com"},"openingHoursSpecification":{"@type":"OpeningHoursSpecification","dayOfWeek":["Monday","Tuesday","Wednesday","Thursday","Friday","Saturday","Sunday"],"opens":"00:00","closes":"23:59"},"email":"weyouface@gmail.com","areaServed":"Luxor, Hurghada, El Gouna, Aswan, Sharm El Sheikh, Giza, Alexandria, Marsa Alam, Quseir, Soma Bay, Sahl Hasheesh, Red Sea, Makadi Bay, Cairo","priceRange":"$","currenciesAccepted":"euro","paymentAccepted":"cash on site"},{"@type":"PostalAddress","@id":"https:\/\/hurghadalovers.com\/sv\/tours\/sahl-hasheesh-privat-luxor-tva-dagars-resa-med-varm-luftballong\/#local-main-place-address","streetAddress":"17 Banks street, Alkawther area, top nbk bank","addressLocality":"hurghada","postalCode":"84511","addressRegion":"red sea","addressCountry":"EG"},{"@type":"ImageObject","inLanguage":"sv-SE","@id":"https:\/\/hurghadalovers.com\/sv\/tours\/sahl-hasheesh-privat-luxor-tva-dagars-resa-med-varm-luftballong\/#local-main-organization-logo","url":"https:\/\/hurghadalovers.com\/wp-content\/uploads\/2019\/10\/hurghada-excursions-logo.png","contentUrl":"https:\/\/hurghadalovers.com\/wp-content\/uploads\/2019\/10\/hurghada-excursions-logo.png","width":272,"height":90,"caption":"Hurghada Excursions"}]},"product_brand":"Dagstur till Luxor fr\u00e5n Sahl Hasheesh","product_price_amount":"375","product_price_currency":"EUR","og_availability":"instock","product_availability":"instock","product_retailer_item_id":"Sahl132024","product_condition":"new","geo.placename":"hurghada","geo.region":"Egyptien"},"_links":{"self":[{"href":"https:\/\/hurghadalovers.com\/sv\/wp-json\/wp\/v2\/product\/390800","targetHints":{"allow":["GET"]}}],"collection":[{"href":"https:\/\/hurghadalovers.com\/sv\/wp-json\/wp\/v2\/product"}],"about":[{"href":"https:\/\/hurghadalovers.com\/sv\/wp-json\/wp\/v2\/types\/product"}],"wp:featuredmedia":[{"embeddable":true,"href":"https:\/\/hurghadalovers.com\/sv\/wp-json\/wp\/v2\/media\/390593"}],"wp:attachment":[{"href":"https:\/\/hurghadalovers.com\/sv\/wp-json\/wp\/v2\/media?parent=390800"}],"wp:term":[{"taxonomy":"product_brand","embeddable":true,"href":"https:\/\/hurghadalovers.com\/sv\/wp-json\/wp\/v2\/product_brand?post=390800"},{"taxonomy":"product_cat","embeddable":true,"href":"https:\/\/hurghadalovers.com\/sv\/wp-json\/wp\/v2\/product_cat?post=390800"},{"taxonomy":"product_tag","embeddable":true,"href":"https:\/\/hurghadalovers.com\/sv\/wp-json\/wp\/v2\/product_tag?post=390800"}],"curies":[{"name":"wp","href":"https:\/\/api.w.org\/{rel}","templated":true}]}}