{"id":388212,"date":"2023-08-30T09:36:59","date_gmt":"2023-08-30T09:36:59","guid":{"rendered":"https:\/\/hurghadalovers.com\/shop\/okategoriserad\/makadi-bay-speedboat-hyra-till-orange-bay-och-paradise-island\/"},"modified":"2026-02-08T21:57:45","modified_gmt":"2026-02-08T21:57:45","slug":"makadi-bay-uthyrning-av-motorbatar-till-orange-bay-paradise-island","status":"publish","type":"product","link":"https:\/\/hurghadalovers.com\/sv\/tours\/makadi-bay-uthyrning-av-motorbatar-till-orange-bay-paradise-island\/","title":{"rendered":"Makadi Bay Speedboat-hyra till Orange Bay och Paradise Island"},"content":{"rendered":"<p><strong>Makadi Bay Speedboat Rental till Orange Bay &amp; Paradise Island<\/strong> | Privata lyxiga speedb\u00e5tar med biljetter, snorkling och transfer.<\/p>\n<p style=\"text-align: center;\"><span style=\"color: #00ccff;\">Vackraste Makadi Bay <strong>Familjev\u00e4nliga aktiviteter<\/strong>, <strong>Saker att g\u00f6ra med Barn<\/strong>, Seniorer, <strong>Smekm\u00e5nad<\/strong> och <strong>Par<\/strong>.<\/span><\/p>\n<p>Njut av en speciell dag och en unik upplevelse med mer <strong>privatliv<\/strong> och <strong>lyx<\/strong>, och \u00e5k med familj och v\u00e4nner till de vackraste str\u00e4nderna p\u00e5 <strong>Giftun Island<\/strong> och simma p\u00e5 de vackraste platserna med <strong>korallrev<\/strong>.<\/p>\n<p>Vi erbjuder bokning endast privat speedboatuthyrning till <strong>Orange bay &amp; Paradise Island <\/strong>med biljetter och njut av stranden i 4-5 timmar och tillbaka.<\/p>\n<p>&nbsp;<\/p>\n<p><strong>H\u00f6jdpunkter:<\/strong><\/p>\n<ul>\n<li>en plats f\u00f6r snorkling House Reef.<\/li>\n<li>1 timme till Paradise Island Beach.<\/li>\n<li>1 timme vid Orange bay Island Beach.<\/li>\n<\/ul>\n<p><strong>Detaljer:<\/strong><\/p>\n<ul>\n<li>Tillg\u00e4nglighet f\u00f6r turer: Varje dag.<\/li>\n<li>Typ av resa: Privat.<\/li>\n<li>Upph\u00e4mtningstid: Start fr\u00e5n kl. 07.30 eller fr\u00e5n kl. 12.30.<\/li>\n<li>Tid f\u00f6r upph\u00e4mtning: 13:00 eller 18:00.<\/li>\n<li>Tillg\u00e4ngligt f\u00f6r rullstolsburna.<\/li>\n<li>Varaktighet: 4-5 timmar.<\/li>\n<\/ul>\n<p><strong>Boka nu och betala senare:<\/strong><\/p>\n<ul>\n<li>Kontanter p\u00e5 plats till Guide.<\/li>\n<li>Betalning med egyptiska pund, $, \u20ac eller \u00a3.<\/li>\n<\/ul>\n<p><strong>Regler f\u00f6r avbokning:<\/strong><\/p>\n<ul>\n<li>du kan avboka upp till 24 timmar i f\u00f6rv\u00e4g.<\/li>\n<li>Om n\u00e5gon i din familj avbokar Morning ska du betala 50 % av kostnaden.<\/li>\n<\/ul>\n<p><strong>Vad ing\u00e5r i paketet?<\/strong><\/p>\n<ul>\n<li>Transfer fr\u00e5n Makadi Bay Hotels &#8221;Hotell h\u00e4mtning och l\u00e4mning&#8221;.<\/li>\n<li>Alla skatter, intr\u00e4desavgifter och expeditionsavgifter.<\/li>\n<li>Mineralvatten + Cola.<\/li>\n<li>en plats f\u00f6r snorkling.<\/li>\n<li>Snorklingsutrustning &#8221;masker och simfenor&#8221;.<\/li>\n<li>1 timme till Paradise Island Beach.<\/li>\n<li>1 timme vid Orange bay Island Beach.<\/li>\n<\/ul>\n<p><strong>Undantag?<\/strong><\/p>\n<ul>\n<li>Tippning.<\/li>\n<li>Drycker i Paradise Restaurant Island.<\/li>\n<li>Eventuella extrafunktioner som inte n\u00e4mns.<\/li>\n<\/ul>\n<p><strong>Priser:<\/strong><\/p>\n<ul>\n<li>Hyra av motorb\u00e5t till Paradise Island med biljetter &#8221;2 personer&#8221; och transfer = 240 $.<\/li>\n<li>Hyra av motorb\u00e5t till Paradise Island med biljetter &#8221;2 personer&#8221;, snorkling och transfer = 300$<\/li>\n<li><strong>Upp till 2 personer Extra biljett = 5$ per person.<\/strong><\/li>\n<\/ul>\n<p><strong>Recensioner:<\/strong><\/p>\n<p>kolla v\u00e5ra Google Map Recensioner som B\u00e4sta <a href=\"https:\/\/g.page\/r\/CUeYvkngP3wkEBM\/review\">researrang\u00f6r i Hurghada<\/a> online i <a href=\"https:\/\/hurghadalovers.com\/\">Hurghada<\/a> Egypten.<\/p>\n<p>&nbsp;<\/p>\n<p><strong>Bokning:<\/strong><\/p>\n<p>Skicka hotell + rumsnummer + pass med foto till WhatsApp: <strong>+201112596434<\/strong><\/p>\n<p>Om du \u00e4r ute Egypten Bokning nu online och bekr\u00e4fta vid ankomst Hotell.<\/p>\n<p>&nbsp;<\/p>\n<p>&nbsp;<\/p>\n","protected":false},"excerpt":{"rendered":"<p>Makadi Bay Speedboat Rental till Orange Bay &amp; Paradise Island | Privata lyxiga speedb\u00e5tar med biljetter, snorkling och transfer.  <span style=\"color: #00ccff;\"><strong>Familjev\u00e4nliga aktiviteter<\/strong><\/span><\/p>\n","protected":false},"featured_media":934379,"template":"","meta":{"_joinchat":[]},"product_brand":[],"product_cat":[36666],"product_tag":[50741,50737],"class_list":{"0":"post-388212","1":"product","2":"type-product","3":"status-publish","4":"has-post-thumbnail","6":"product_cat-resor","7":"product_tag-makadi-bay-privat-battur","8":"product_tag-privat-bat-makadi-bay","9":"tour_category-snorkling-i-makadibukten","10":"tour_category-makadibukten-utflykter","12":"first","13":"instock","14":"sale","15":"shipping-taxable","16":"purchasable","17":"product-type-tour"},"yoast_head":"<!-- This site is optimized with the Yoast SEO Premium plugin v26.9 (Yoast SEO v27.2) - https:\/\/yoast.com\/product\/yoast-seo-premium-wordpress\/ -->\n<title>Makadi Bay Speedboat-hyra till Orange Bay och Paradise Island<\/title>\n<meta name=\"description\" content=\"Makadi Bay Speedboat Rental till Orange Bay &amp; Paradise Island | Privata lyxiga speedb\u00e5tar med biljetter, snorkling och transfer.\" \/>\n<meta name=\"robots\" content=\"index, follow, max-snippet:-1, max-image-preview:large, max-video-preview:-1\" \/>\n<link rel=\"canonical\" href=\"https:\/\/hurghadalovers.com\/sv\/tours\/makadi-bay-uthyrning-av-motorbatar-till-orange-bay-paradise-island\/\" \/>\n<meta property=\"og:locale\" content=\"sv_SE\" \/>\n<meta property=\"og:type\" content=\"article\" \/>\n<meta property=\"og:title\" content=\"Makadi Bay Speedboat-hyra till Orange Bay och Paradise Island\" \/>\n<meta property=\"og:description\" content=\"Makadi Bay Speedboat Rental till Orange Bay &amp; Paradise Island | Privata lyxiga speedb\u00e5tar med biljetter, snorkling och transfer.\" \/>\n<meta property=\"og:url\" content=\"https:\/\/hurghadalovers.com\/sv\/tours\/makadi-bay-uthyrning-av-motorbatar-till-orange-bay-paradise-island\/\" \/>\n<meta property=\"og:site_name\" content=\"Hurghada Excursions &amp; Day Trips | Booking Best Prices Tours\" \/>\n<meta property=\"article:publisher\" content=\"https:\/\/www.facebook.com\/Hurghadaloversegypt\" \/>\n<meta property=\"article:modified_time\" content=\"2026-02-08T21:57:45+00:00\" \/>\n<meta property=\"og:image\" content=\"https:\/\/hurghadalovers.com\/wp-content\/uploads\/2023\/08\/Booking-Online-Half-Day-Snorkeling-Morning-or-Afternoon-to-Swim-with-Dolphins-House-Spot.jpeg\" \/>\n\t<meta property=\"og:image:width\" content=\"694\" \/>\n\t<meta property=\"og:image:height\" content=\"1040\" \/>\n\t<meta property=\"og:image:type\" content=\"image\/jpeg\" \/>\n<meta name=\"twitter:card\" content=\"summary_large_image\" \/>\n<meta name=\"twitter:label1\" content=\"Pris\" \/>\n\t<meta name=\"twitter:data1\" content=\"&euro;&nbsp;240\" \/>\n\t<meta name=\"twitter:label2\" content=\"Tillg\u00e4nglig\" \/>\n\t<meta name=\"twitter:data2\" content=\"I lager\" \/>\n<script type=\"application\/ld+json\" class=\"yoast-schema-graph\">{\"@context\":\"https:\/\/schema.org\",\"@graph\":[{\"@type\":[\"WebPage\",\"ItemPage\"],\"@id\":\"https:\/\/hurghadalovers.com\/sv\/tours\/makadi-bay-uthyrning-av-motorbatar-till-orange-bay-paradise-island\/\",\"url\":\"https:\/\/hurghadalovers.com\/sv\/tours\/makadi-bay-uthyrning-av-motorbatar-till-orange-bay-paradise-island\/\",\"name\":\"Makadi Bay Speedboat-hyra till Orange Bay och Paradise Island\",\"isPartOf\":{\"@id\":\"https:\/\/hurghadalovers.com\/sv\/#website\"},\"primaryImageOfPage\":{\"@id\":\"https:\/\/hurghadalovers.com\/sv\/tours\/makadi-bay-uthyrning-av-motorbatar-till-orange-bay-paradise-island\/#primaryimage\"},\"image\":{\"@id\":\"https:\/\/hurghadalovers.com\/sv\/tours\/makadi-bay-uthyrning-av-motorbatar-till-orange-bay-paradise-island\/#primaryimage\"},\"thumbnailUrl\":\"https:\/\/hurghadalovers.com\/wp-content\/uploads\/2023\/08\/Booking-Online-Half-Day-Snorkeling-Morning-or-Afternoon-to-Swim-with-Dolphins-House-Spot.jpeg\",\"datePublished\":\"2023-08-30T09:36:59+00:00\",\"dateModified\":\"2026-02-08T21:57:45+00:00\",\"description\":\"Makadi Bay Speedboat Rental till Orange Bay & Paradise Island | Privata lyxiga speedb\u00e5tar med biljetter, snorkling och transfer.\",\"breadcrumb\":{\"@id\":\"https:\/\/hurghadalovers.com\/sv\/tours\/makadi-bay-uthyrning-av-motorbatar-till-orange-bay-paradise-island\/#breadcrumb\"},\"inLanguage\":\"sv-SE\",\"potentialAction\":[{\"@type\":\"ReadAction\",\"target\":[\"https:\/\/hurghadalovers.com\/sv\/tours\/makadi-bay-uthyrning-av-motorbatar-till-orange-bay-paradise-island\/\"]}]},{\"@type\":\"ImageObject\",\"inLanguage\":\"sv-SE\",\"@id\":\"https:\/\/hurghadalovers.com\/sv\/tours\/makadi-bay-uthyrning-av-motorbatar-till-orange-bay-paradise-island\/#primaryimage\",\"url\":\"https:\/\/hurghadalovers.com\/wp-content\/uploads\/2023\/08\/Booking-Online-Half-Day-Snorkeling-Morning-or-Afternoon-to-Swim-with-Dolphins-House-Spot.jpeg\",\"contentUrl\":\"https:\/\/hurghadalovers.com\/wp-content\/uploads\/2023\/08\/Booking-Online-Half-Day-Snorkeling-Morning-or-Afternoon-to-Swim-with-Dolphins-House-Spot.jpeg\",\"width\":694,\"height\":1040,\"caption\":\"Booking Online Half Day Snorkeling Morning or Afternoon to Swim with Dolphins House Spot\"},{\"@type\":\"BreadcrumbList\",\"@id\":\"https:\/\/hurghadalovers.com\/sv\/tours\/makadi-bay-uthyrning-av-motorbatar-till-orange-bay-paradise-island\/#breadcrumb\",\"itemListElement\":[{\"@type\":\"ListItem\",\"position\":1,\"name\":\"Home\",\"item\":\"https:\/\/hurghadalovers.com\/sv\/\"},{\"@type\":\"ListItem\",\"position\":2,\"name\":\"Shop\",\"item\":\"https:\/\/hurghadalovers.com\/shop\/\"},{\"@type\":\"ListItem\",\"position\":3,\"name\":\"Makadi Bay Speedboat-hyra till Orange Bay och Paradise Island\"}]},{\"@type\":\"WebSite\",\"@id\":\"https:\/\/hurghadalovers.com\/sv\/#website\",\"url\":\"https:\/\/hurghadalovers.com\/sv\/\",\"name\":\"Hurghada Excursions & Day Trips | Booking Best Prices Tours\",\"description\":\"Hurghada Lovers - Best Tour Operator - Excursions &amp; Things to do for Family Day Trips with kids and Couples Romantic. Unique .Hidden gems\",\"publisher\":{\"@id\":\"https:\/\/hurghadalovers.com\/sv\/#organization\"},\"alternateName\":\"Hurghada Excursions\",\"potentialAction\":[{\"@type\":\"SearchAction\",\"target\":{\"@type\":\"EntryPoint\",\"urlTemplate\":\"https:\/\/hurghadalovers.com\/sv\/?s={search_term_string}\"},\"query-input\":{\"@type\":\"PropertyValueSpecification\",\"valueRequired\":true,\"valueName\":\"search_term_string\"}}],\"inLanguage\":\"sv-SE\"},{\"@type\":[\"Organization\",\"Place\",\"TravelAgency\"],\"@id\":\"https:\/\/hurghadalovers.com\/sv\/#organization\",\"name\":\"Hurghada Excursions\",\"url\":\"https:\/\/hurghadalovers.com\/sv\/\",\"logo\":{\"@id\":\"https:\/\/hurghadalovers.com\/sv\/tours\/makadi-bay-uthyrning-av-motorbatar-till-orange-bay-paradise-island\/#local-main-organization-logo\"},\"image\":{\"@id\":\"https:\/\/hurghadalovers.com\/sv\/tours\/makadi-bay-uthyrning-av-motorbatar-till-orange-bay-paradise-island\/#local-main-organization-logo\"},\"sameAs\":[\"https:\/\/www.facebook.com\/Hurghadaloversegypt\"],\"address\":{\"@id\":\"https:\/\/hurghadalovers.com\/sv\/tours\/makadi-bay-uthyrning-av-motorbatar-till-orange-bay-paradise-island\/#local-main-place-address\"},\"telephone\":[\"00201112596434\"],\"contactPoint\":{\"@type\":\"ContactPoint\",\"telephone\":\"00201112596434\",\"email\":\"weyouface@gmail.com\"},\"openingHoursSpecification\":{\"@type\":\"OpeningHoursSpecification\",\"dayOfWeek\":[\"Monday\",\"Tuesday\",\"Wednesday\",\"Thursday\",\"Friday\",\"Saturday\",\"Sunday\"],\"opens\":\"00:00\",\"closes\":\"23:59\"},\"email\":\"weyouface@gmail.com\",\"areaServed\":\"Luxor, Hurghada, El Gouna, Aswan, Sharm El Sheikh, Giza, Alexandria, Marsa Alam, Quseir, Soma Bay, Sahl Hasheesh, Red Sea, Makadi Bay, Cairo\",\"priceRange\":\"$\",\"currenciesAccepted\":\"euro\",\"paymentAccepted\":\"cash on site\"},{\"@type\":\"PostalAddress\",\"@id\":\"https:\/\/hurghadalovers.com\/sv\/tours\/makadi-bay-uthyrning-av-motorbatar-till-orange-bay-paradise-island\/#local-main-place-address\",\"streetAddress\":\"17 Banks street, Alkawther area, top nbk bank\",\"addressLocality\":\"hurghada\",\"postalCode\":\"84511\",\"addressRegion\":\"red sea\",\"addressCountry\":\"EG\"},{\"@type\":\"ImageObject\",\"inLanguage\":\"sv-SE\",\"@id\":\"https:\/\/hurghadalovers.com\/sv\/tours\/makadi-bay-uthyrning-av-motorbatar-till-orange-bay-paradise-island\/#local-main-organization-logo\",\"url\":\"https:\/\/hurghadalovers.com\/wp-content\/uploads\/2019\/10\/hurghada-excursions-logo.png\",\"contentUrl\":\"https:\/\/hurghadalovers.com\/wp-content\/uploads\/2019\/10\/hurghada-excursions-logo.png\",\"width\":272,\"height\":90,\"caption\":\"Hurghada Excursions\"}]}<\/script>\n<meta property=\"product:brand\" content=\"B\u00e5tturer fr\u00e5n Makadibukten\" \/>\n<meta property=\"product:price:amount\" content=\"240\" \/>\n<meta property=\"product:price:currency\" content=\"EUR\" \/>\n<meta property=\"og:availability\" content=\"instock\" \/>\n<meta property=\"product:availability\" content=\"instock\" \/>\n<meta property=\"product:retailer_item_id\" content=\"MakadiSnorkeling082024\" \/>\n<meta property=\"product:condition\" content=\"new\" \/>\n<meta name=\"geo.placename\" content=\"hurghada\" \/>\n<meta name=\"geo.region\" content=\"Egyptien\" \/>\n<!-- \/ Yoast SEO Premium plugin. -->","yoast_head_json":{"title":"Makadi Bay Speedboat-hyra till Orange Bay och Paradise Island","description":"Makadi Bay Speedboat Rental till Orange Bay & Paradise Island | Privata lyxiga speedb\u00e5tar med biljetter, snorkling och transfer.","robots":{"index":"index","follow":"follow","max-snippet":"max-snippet:-1","max-image-preview":"max-image-preview:large","max-video-preview":"max-video-preview:-1"},"canonical":"https:\/\/hurghadalovers.com\/sv\/tours\/makadi-bay-uthyrning-av-motorbatar-till-orange-bay-paradise-island\/","og_locale":"sv_SE","og_type":"article","og_title":"Makadi Bay Speedboat-hyra till Orange Bay och Paradise Island","og_description":"Makadi Bay Speedboat Rental till Orange Bay & Paradise Island | Privata lyxiga speedb\u00e5tar med biljetter, snorkling och transfer.","og_url":"https:\/\/hurghadalovers.com\/sv\/tours\/makadi-bay-uthyrning-av-motorbatar-till-orange-bay-paradise-island\/","og_site_name":"Hurghada Excursions &amp; Day Trips | Booking Best Prices Tours","article_publisher":"https:\/\/www.facebook.com\/Hurghadaloversegypt","article_modified_time":"2026-02-08T21:57:45+00:00","og_image":[{"width":694,"height":1040,"url":"https:\/\/hurghadalovers.com\/wp-content\/uploads\/2023\/08\/Booking-Online-Half-Day-Snorkeling-Morning-or-Afternoon-to-Swim-with-Dolphins-House-Spot.jpeg","type":"image\/jpeg"}],"twitter_card":"summary_large_image","twitter_misc":{"Pris":"&euro;&nbsp;240","Tillg\u00e4nglig":"I lager"},"schema":{"@context":"https:\/\/schema.org","@graph":[{"@type":["WebPage","ItemPage"],"@id":"https:\/\/hurghadalovers.com\/sv\/tours\/makadi-bay-uthyrning-av-motorbatar-till-orange-bay-paradise-island\/","url":"https:\/\/hurghadalovers.com\/sv\/tours\/makadi-bay-uthyrning-av-motorbatar-till-orange-bay-paradise-island\/","name":"Makadi Bay Speedboat-hyra till Orange Bay och Paradise Island","isPartOf":{"@id":"https:\/\/hurghadalovers.com\/sv\/#website"},"primaryImageOfPage":{"@id":"https:\/\/hurghadalovers.com\/sv\/tours\/makadi-bay-uthyrning-av-motorbatar-till-orange-bay-paradise-island\/#primaryimage"},"image":{"@id":"https:\/\/hurghadalovers.com\/sv\/tours\/makadi-bay-uthyrning-av-motorbatar-till-orange-bay-paradise-island\/#primaryimage"},"thumbnailUrl":"https:\/\/hurghadalovers.com\/wp-content\/uploads\/2023\/08\/Booking-Online-Half-Day-Snorkeling-Morning-or-Afternoon-to-Swim-with-Dolphins-House-Spot.jpeg","datePublished":"2023-08-30T09:36:59+00:00","dateModified":"2026-02-08T21:57:45+00:00","description":"Makadi Bay Speedboat Rental till Orange Bay & Paradise Island | Privata lyxiga speedb\u00e5tar med biljetter, snorkling och transfer.","breadcrumb":{"@id":"https:\/\/hurghadalovers.com\/sv\/tours\/makadi-bay-uthyrning-av-motorbatar-till-orange-bay-paradise-island\/#breadcrumb"},"inLanguage":"sv-SE","potentialAction":[{"@type":"ReadAction","target":["https:\/\/hurghadalovers.com\/sv\/tours\/makadi-bay-uthyrning-av-motorbatar-till-orange-bay-paradise-island\/"]}]},{"@type":"ImageObject","inLanguage":"sv-SE","@id":"https:\/\/hurghadalovers.com\/sv\/tours\/makadi-bay-uthyrning-av-motorbatar-till-orange-bay-paradise-island\/#primaryimage","url":"https:\/\/hurghadalovers.com\/wp-content\/uploads\/2023\/08\/Booking-Online-Half-Day-Snorkeling-Morning-or-Afternoon-to-Swim-with-Dolphins-House-Spot.jpeg","contentUrl":"https:\/\/hurghadalovers.com\/wp-content\/uploads\/2023\/08\/Booking-Online-Half-Day-Snorkeling-Morning-or-Afternoon-to-Swim-with-Dolphins-House-Spot.jpeg","width":694,"height":1040,"caption":"Booking Online Half Day Snorkeling Morning or Afternoon to Swim with Dolphins House Spot"},{"@type":"BreadcrumbList","@id":"https:\/\/hurghadalovers.com\/sv\/tours\/makadi-bay-uthyrning-av-motorbatar-till-orange-bay-paradise-island\/#breadcrumb","itemListElement":[{"@type":"ListItem","position":1,"name":"Home","item":"https:\/\/hurghadalovers.com\/sv\/"},{"@type":"ListItem","position":2,"name":"Shop","item":"https:\/\/hurghadalovers.com\/shop\/"},{"@type":"ListItem","position":3,"name":"Makadi Bay Speedboat-hyra till Orange Bay och Paradise Island"}]},{"@type":"WebSite","@id":"https:\/\/hurghadalovers.com\/sv\/#website","url":"https:\/\/hurghadalovers.com\/sv\/","name":"Hurghada Excursions & Day Trips | Booking Best Prices Tours","description":"Hurghada Lovers - Best Tour Operator - Excursions &amp; Things to do for Family Day Trips with kids and Couples Romantic. Unique .Hidden gems","publisher":{"@id":"https:\/\/hurghadalovers.com\/sv\/#organization"},"alternateName":"Hurghada Excursions","potentialAction":[{"@type":"SearchAction","target":{"@type":"EntryPoint","urlTemplate":"https:\/\/hurghadalovers.com\/sv\/?s={search_term_string}"},"query-input":{"@type":"PropertyValueSpecification","valueRequired":true,"valueName":"search_term_string"}}],"inLanguage":"sv-SE"},{"@type":["Organization","Place","TravelAgency"],"@id":"https:\/\/hurghadalovers.com\/sv\/#organization","name":"Hurghada Excursions","url":"https:\/\/hurghadalovers.com\/sv\/","logo":{"@id":"https:\/\/hurghadalovers.com\/sv\/tours\/makadi-bay-uthyrning-av-motorbatar-till-orange-bay-paradise-island\/#local-main-organization-logo"},"image":{"@id":"https:\/\/hurghadalovers.com\/sv\/tours\/makadi-bay-uthyrning-av-motorbatar-till-orange-bay-paradise-island\/#local-main-organization-logo"},"sameAs":["https:\/\/www.facebook.com\/Hurghadaloversegypt"],"address":{"@id":"https:\/\/hurghadalovers.com\/sv\/tours\/makadi-bay-uthyrning-av-motorbatar-till-orange-bay-paradise-island\/#local-main-place-address"},"telephone":["00201112596434"],"contactPoint":{"@type":"ContactPoint","telephone":"00201112596434","email":"weyouface@gmail.com"},"openingHoursSpecification":{"@type":"OpeningHoursSpecification","dayOfWeek":["Monday","Tuesday","Wednesday","Thursday","Friday","Saturday","Sunday"],"opens":"00:00","closes":"23:59"},"email":"weyouface@gmail.com","areaServed":"Luxor, Hurghada, El Gouna, Aswan, Sharm El Sheikh, Giza, Alexandria, Marsa Alam, Quseir, Soma Bay, Sahl Hasheesh, Red Sea, Makadi Bay, Cairo","priceRange":"$","currenciesAccepted":"euro","paymentAccepted":"cash on site"},{"@type":"PostalAddress","@id":"https:\/\/hurghadalovers.com\/sv\/tours\/makadi-bay-uthyrning-av-motorbatar-till-orange-bay-paradise-island\/#local-main-place-address","streetAddress":"17 Banks street, Alkawther area, top nbk bank","addressLocality":"hurghada","postalCode":"84511","addressRegion":"red sea","addressCountry":"EG"},{"@type":"ImageObject","inLanguage":"sv-SE","@id":"https:\/\/hurghadalovers.com\/sv\/tours\/makadi-bay-uthyrning-av-motorbatar-till-orange-bay-paradise-island\/#local-main-organization-logo","url":"https:\/\/hurghadalovers.com\/wp-content\/uploads\/2019\/10\/hurghada-excursions-logo.png","contentUrl":"https:\/\/hurghadalovers.com\/wp-content\/uploads\/2019\/10\/hurghada-excursions-logo.png","width":272,"height":90,"caption":"Hurghada Excursions"}]},"product_brand":"B\u00e5tturer fr\u00e5n Makadibukten","product_price_amount":"240","product_price_currency":"EUR","og_availability":"instock","product_availability":"instock","product_retailer_item_id":"MakadiSnorkeling082024","product_condition":"new","geo.placename":"hurghada","geo.region":"Egyptien"},"_links":{"self":[{"href":"https:\/\/hurghadalovers.com\/sv\/wp-json\/wp\/v2\/product\/388212","targetHints":{"allow":["GET"]}}],"collection":[{"href":"https:\/\/hurghadalovers.com\/sv\/wp-json\/wp\/v2\/product"}],"about":[{"href":"https:\/\/hurghadalovers.com\/sv\/wp-json\/wp\/v2\/types\/product"}],"wp:featuredmedia":[{"embeddable":true,"href":"https:\/\/hurghadalovers.com\/sv\/wp-json\/wp\/v2\/media\/934379"}],"wp:attachment":[{"href":"https:\/\/hurghadalovers.com\/sv\/wp-json\/wp\/v2\/media?parent=388212"}],"wp:term":[{"taxonomy":"product_brand","embeddable":true,"href":"https:\/\/hurghadalovers.com\/sv\/wp-json\/wp\/v2\/product_brand?post=388212"},{"taxonomy":"product_cat","embeddable":true,"href":"https:\/\/hurghadalovers.com\/sv\/wp-json\/wp\/v2\/product_cat?post=388212"},{"taxonomy":"product_tag","embeddable":true,"href":"https:\/\/hurghadalovers.com\/sv\/wp-json\/wp\/v2\/product_tag?post=388212"}],"curies":[{"name":"wp","href":"https:\/\/api.w.org\/{rel}","templated":true}]}}