{"id":385259,"date":"2023-08-27T11:46:25","date_gmt":"2023-08-27T11:46:25","guid":{"rendered":"https:\/\/hurghadalovers.com\/shop\/okategoriserad\/lyxig-resa-till-orange-bay-island-fran-soma-bay-vip-yachts-services\/"},"modified":"2026-02-07T17:14:54","modified_gmt":"2026-02-07T17:14:54","slug":"lyx-orange-bay-island-resor-fran-soma-bay","status":"publish","type":"product","link":"https:\/\/hurghadalovers.com\/sv\/tours\/lyx-orange-bay-island-resor-fran-soma-bay\/","title":{"rendered":"Lyxig resa till Orange Bay Island fr\u00e5n Soma Bay | VIP Yachts &amp; Services"},"content":{"rendered":"<p><strong>Lyxig Orange Bay Island Trip fr\u00e5n <\/strong><strong>Soma Bay<\/strong> med VIP-lunch och speciella platser f\u00f6r familjer, mer integritet och lyxig lyx f\u00f6r att spendera kvalitetstid p\u00e5 de vackraste str\u00e4nderna p\u00e5 <strong>Giftun Island<\/strong> och en b\u00e4sta husrevspottar.<\/p>\n<p>&nbsp;<\/p>\n<p><strong>H\u00f6jdpunkter:<\/strong><\/p>\n<ul>\n<li>En plats f\u00f6r snorkling vid House Reef.<\/li>\n<li>1 timme vid Orange Bay Island Beach.<\/li>\n<li>Lyxig elit-yacht.<\/li>\n<\/ul>\n<p><strong>Detaljer:<\/strong><\/p>\n<ul>\n<li>Tillg\u00e4nglighet f\u00f6r turer: Varje dag.<\/li>\n<li>Typ av resa: Grupp.<\/li>\n<li>Upph\u00e4mtningstid: Start fr\u00e5n 07:30 A.M.<\/li>\n<li>Tid f\u00f6r upph\u00e4mtning: 17:00.<\/li>\n<li>Tillg\u00e4ngligt f\u00f6r rullstolsburna.<\/li>\n<li>Varaktighet: 8 timmar.<\/li>\n<\/ul>\n<p><strong>Boka nu och betala senare:<\/strong><\/p>\n<ul>\n<li>Kontanter p\u00e5 plats till Guide.<\/li>\n<li>Betalning med egyptiska pund, $, \u20ac eller \u00a3.<\/li>\n<\/ul>\n<p><strong>Regler f\u00f6r avbokning:<\/strong><\/p>\n<ul>\n<li>du kan avboka upp till 24 timmar i f\u00f6rv\u00e4g.<\/li>\n<li>Om n\u00e5gon i din familj avbokar Morning ska du betala 50 % av kostnaden.<\/li>\n<\/ul>\n<p><strong>Vad ing\u00e5r i paketet?<\/strong><\/p>\n<ul>\n<li>Transfer fr\u00e5n Soma bay Hotels &#8221;Hotel pick up and drop off&#8221;.<\/li>\n<li>Alla skatter, intr\u00e4desavgifter och expeditionsavgifter.<\/li>\n<li>Reseledare.<\/li>\n<li>Mineralvatten + Cola + Mj\u00f6lk + Kaffe\/Te.<\/li>\n<li>1 Snorkelplats.<\/li>\n<li>Snorklingsutrustning &#8221;masker och simfenor&#8221;.<\/li>\n<li>1 timme vid <strong>Orange Bay Island<\/strong> <strong>Beach<\/strong>.<\/li>\n<li>VIP-lunchbuff\u00e9 p\u00e5 b\u00e5ten.<\/li>\n<li>Livv\u00e4star.<\/li>\n<\/ul>\n<p><strong>Undantag?<\/strong><\/p>\n<ul>\n<li>Tippning.<\/li>\n<li>Drinkar p\u00e5 The Orange Bay Restaurant Island.<\/li>\n<li>Fotografering &amp; Foton f\u00f6r resan.<\/li>\n<li>Vi erbjuder hyra baddr\u00e4kter &amp; badkl\u00e4der f\u00f6r kvinnor, m\u00e4n, barn alla storlekar &#8221; 5 $ per en&#8221;.<\/li>\n<li>Eventuella extrafunktioner som inte n\u00e4mns.<\/li>\n<\/ul>\n<p><strong>Priser:<\/strong><\/p>\n<ul>\n<li><strong>Vuxenpris = <\/strong><strong>50$<\/strong><strong> per person<\/strong>.<\/li>\n<li>Pris f\u00f6r barn &#8221;3-10\u2033= 50%.<\/li>\n<li>f\u00f6r barn &#8221;0-3\u2033= Gratis.<\/li>\n<\/ul>\n<p><strong>Recensioner:<\/strong><\/p>\n<p>kolla v\u00e5ra Google Map Recensioner som B\u00e4sta <a href=\"https:\/\/g.page\/r\/CUeYvkngP3wkEBM\/review\">researrang\u00f6r i Hurghada<\/a> online i <a href=\"https:\/\/hurghadalovers.com\/\">Hurghada<\/a> Egypten.<\/p>\n<p><strong>Bokning:<\/strong><\/p>\n<p>Skicka hotell + rumsnummer + pass med foto till WhatsApp: <strong>+201112596434<\/strong><\/p>\n<p>Om du \u00e4r ute Egypten Bokning nu online och bekr\u00e4fta vid ankomst Hotell.<\/p>\n<p>&nbsp;<\/p>\n<p>&nbsp;<\/p>\n","protected":false},"excerpt":{"rendered":"<p>Lyxig resa till Orange Bay Island fr\u00e5n Soma Bay med VIP-lunch och speciella platser f\u00f6r familjer, mer avskildhet och lyx. vackra str\u00e4nder p\u00e5 \u00f6n Giftun<\/p>\n","protected":false},"featured_media":934225,"template":"","meta":{"_joinchat":[]},"product_brand":[],"product_cat":[36666],"product_tag":[54645,54366,54377,54471,54381,54364,54369,54495,54387,54385,54383,54375,54639,54621,54367,54363,54373,54379,54467,54371],"class_list":{"0":"post-385259","1":"product","2":"type-product","3":"status-publish","4":"has-post-thumbnail","6":"product_cat-resor","7":"product_tag-aktiviteter-for-tonaringar-fran-soma-bay","8":"product_tag-batutflykter-i-soma-bay","9":"product_tag-batuthyrning-soma-bay","10":"product_tag-dagsturer-i-soma-bay","11":"product_tag-dolphin-house-soma-bay-sv","12":"product_tag-dykning-soma-bay","13":"product_tag-giftun-island-soma-bay-sv","14":"product_tag-inomhusaktiviteter-for-par-soma-bay","15":"product_tag-orange-bay-island-soma-bay-sv","16":"product_tag-paradison-soma-bay","17":"product_tag-piratbat-soma-bay","18":"product_tag-privat-bat-soma-bay","19":"product_tag-roliga-familjeaktiviteter-fran-soma-bay","20":"product_tag-romantiska-aktiviteter-for-par-i-soma-bay","21":"product_tag-simma-med-delfiner-soma-bay","22":"product_tag-snorklingsresor-i-soma-bay","23":"product_tag-soma-bay-batcharter","24":"product_tag-soma-bay-privat-battur","25":"product_tag-soma-bay-vad-man-kan-gora","26":"product_tag-speedbat-soma-bay","27":"tour_category-snorkling-i-soma-bay-sv","28":"tour_category-soma-bay-utflykter","30":"first","31":"instock","32":"sale","33":"shipping-taxable","34":"purchasable","35":"product-type-tour"},"yoast_head":"<!-- This site is optimized with the Yoast SEO Premium plugin v26.9 (Yoast SEO v27.2) - https:\/\/yoast.com\/product\/yoast-seo-premium-wordpress\/ -->\n<title>Lyxig resa till Orange Bay fr\u00e5n Soma Bay | VIP Yachts<\/title>\n<meta name=\"description\" content=\"Lyxig resa till Orange Bay Island fr\u00e5n Soma Bay med VIP-lunch och speciella platser f\u00f6r familjer, mer avskildhet och lyx. vackra str\u00e4nder p\u00e5 \u00f6n Giftun\" \/>\n<meta name=\"robots\" content=\"index, follow, max-snippet:-1, max-image-preview:large, max-video-preview:-1\" \/>\n<link rel=\"canonical\" href=\"https:\/\/hurghadalovers.com\/sv\/tours\/lyx-orange-bay-island-resor-fran-soma-bay\/\" \/>\n<meta property=\"og:locale\" content=\"sv_SE\" \/>\n<meta property=\"og:type\" content=\"article\" \/>\n<meta property=\"og:title\" content=\"Lyxig resa till Orange Bay Island fr\u00e5n Soma Bay | VIP Yachts &amp; Services\" \/>\n<meta property=\"og:description\" content=\"Lyxig resa till Orange Bay Island fr\u00e5n Soma Bay med VIP-lunch och speciella platser f\u00f6r familjer, mer avskildhet och lyx. vackra str\u00e4nder p\u00e5 \u00f6n Giftun\" \/>\n<meta property=\"og:url\" content=\"https:\/\/hurghadalovers.com\/sv\/tours\/lyx-orange-bay-island-resor-fran-soma-bay\/\" \/>\n<meta property=\"og:site_name\" content=\"Hurghada Excursions &amp; Day Trips | Booking Best Prices Tours\" \/>\n<meta property=\"article:publisher\" content=\"https:\/\/www.facebook.com\/Hurghadaloversegypt\" \/>\n<meta property=\"article:modified_time\" content=\"2026-02-07T17:14:54+00:00\" \/>\n<meta property=\"og:image\" content=\"https:\/\/hurghadalovers.com\/wp-content\/uploads\/2023\/08\/Soma-bay-Luxury-Yacht-Cruise-to-Orange-bay-2026.jpeg\" \/>\n\t<meta property=\"og:image:width\" content=\"1156\" \/>\n\t<meta property=\"og:image:height\" content=\"521\" \/>\n\t<meta property=\"og:image:type\" content=\"image\/jpeg\" \/>\n<meta name=\"twitter:card\" content=\"summary_large_image\" \/>\n<meta name=\"twitter:label1\" content=\"Pris\" \/>\n\t<meta name=\"twitter:data1\" content=\"&euro;&nbsp;55\" \/>\n\t<meta name=\"twitter:label2\" content=\"Tillg\u00e4nglig\" \/>\n\t<meta name=\"twitter:data2\" content=\"I lager\" \/>\n<script type=\"application\/ld+json\" class=\"yoast-schema-graph\">{\"@context\":\"https:\/\/schema.org\",\"@graph\":[{\"@type\":[\"WebPage\",\"ItemPage\"],\"@id\":\"https:\/\/hurghadalovers.com\/sv\/tours\/lyx-orange-bay-island-resor-fran-soma-bay\/\",\"url\":\"https:\/\/hurghadalovers.com\/sv\/tours\/lyx-orange-bay-island-resor-fran-soma-bay\/\",\"name\":\"Lyxig resa till Orange Bay fr\u00e5n Soma Bay | VIP Yachts\",\"isPartOf\":{\"@id\":\"https:\/\/hurghadalovers.com\/sv\/#website\"},\"primaryImageOfPage\":{\"@id\":\"https:\/\/hurghadalovers.com\/sv\/tours\/lyx-orange-bay-island-resor-fran-soma-bay\/#primaryimage\"},\"image\":{\"@id\":\"https:\/\/hurghadalovers.com\/sv\/tours\/lyx-orange-bay-island-resor-fran-soma-bay\/#primaryimage\"},\"thumbnailUrl\":\"https:\/\/hurghadalovers.com\/wp-content\/uploads\/2023\/08\/Soma-bay-Luxury-Yacht-Cruise-to-Orange-bay-2026.jpeg\",\"datePublished\":\"2023-08-27T11:46:25+00:00\",\"dateModified\":\"2026-02-07T17:14:54+00:00\",\"description\":\"Lyxig resa till Orange Bay Island fr\u00e5n Soma Bay med VIP-lunch och speciella platser f\u00f6r familjer, mer avskildhet och lyx. vackra str\u00e4nder p\u00e5 \u00f6n Giftun\",\"breadcrumb\":{\"@id\":\"https:\/\/hurghadalovers.com\/sv\/tours\/lyx-orange-bay-island-resor-fran-soma-bay\/#breadcrumb\"},\"inLanguage\":\"sv-SE\",\"potentialAction\":[{\"@type\":\"ReadAction\",\"target\":[\"https:\/\/hurghadalovers.com\/sv\/tours\/lyx-orange-bay-island-resor-fran-soma-bay\/\"]}]},{\"@type\":\"ImageObject\",\"inLanguage\":\"sv-SE\",\"@id\":\"https:\/\/hurghadalovers.com\/sv\/tours\/lyx-orange-bay-island-resor-fran-soma-bay\/#primaryimage\",\"url\":\"https:\/\/hurghadalovers.com\/wp-content\/uploads\/2023\/08\/Soma-bay-Luxury-Yacht-Cruise-to-Orange-bay-2026.jpeg\",\"contentUrl\":\"https:\/\/hurghadalovers.com\/wp-content\/uploads\/2023\/08\/Soma-bay-Luxury-Yacht-Cruise-to-Orange-bay-2026.jpeg\",\"width\":1156,\"height\":521,\"caption\":\"Soma bay Luxury Yacht Cruise to Orange bay 2026\"},{\"@type\":\"BreadcrumbList\",\"@id\":\"https:\/\/hurghadalovers.com\/sv\/tours\/lyx-orange-bay-island-resor-fran-soma-bay\/#breadcrumb\",\"itemListElement\":[{\"@type\":\"ListItem\",\"position\":1,\"name\":\"Home\",\"item\":\"https:\/\/hurghadalovers.com\/sv\/\"},{\"@type\":\"ListItem\",\"position\":2,\"name\":\"Shop\",\"item\":\"https:\/\/hurghadalovers.com\/shop\/\"},{\"@type\":\"ListItem\",\"position\":3,\"name\":\"Lyxig resa till Orange Bay Island fr\u00e5n Soma Bay | VIP Yachts &amp; Services\"}]},{\"@type\":\"WebSite\",\"@id\":\"https:\/\/hurghadalovers.com\/sv\/#website\",\"url\":\"https:\/\/hurghadalovers.com\/sv\/\",\"name\":\"Hurghada Excursions & Day Trips | Booking Best Prices Tours\",\"description\":\"Hurghada Lovers - Best Tour Operator - Excursions &amp; Things to do for Family Day Trips with kids and Couples Romantic. Unique .Hidden gems\",\"publisher\":{\"@id\":\"https:\/\/hurghadalovers.com\/sv\/#organization\"},\"alternateName\":\"Hurghada Excursions\",\"potentialAction\":[{\"@type\":\"SearchAction\",\"target\":{\"@type\":\"EntryPoint\",\"urlTemplate\":\"https:\/\/hurghadalovers.com\/sv\/?s={search_term_string}\"},\"query-input\":{\"@type\":\"PropertyValueSpecification\",\"valueRequired\":true,\"valueName\":\"search_term_string\"}}],\"inLanguage\":\"sv-SE\"},{\"@type\":[\"Organization\",\"Place\",\"TravelAgency\"],\"@id\":\"https:\/\/hurghadalovers.com\/sv\/#organization\",\"name\":\"Hurghada Excursions\",\"url\":\"https:\/\/hurghadalovers.com\/sv\/\",\"logo\":{\"@id\":\"https:\/\/hurghadalovers.com\/sv\/tours\/lyx-orange-bay-island-resor-fran-soma-bay\/#local-main-organization-logo\"},\"image\":{\"@id\":\"https:\/\/hurghadalovers.com\/sv\/tours\/lyx-orange-bay-island-resor-fran-soma-bay\/#local-main-organization-logo\"},\"sameAs\":[\"https:\/\/www.facebook.com\/Hurghadaloversegypt\"],\"address\":{\"@id\":\"https:\/\/hurghadalovers.com\/sv\/tours\/lyx-orange-bay-island-resor-fran-soma-bay\/#local-main-place-address\"},\"telephone\":[\"00201112596434\"],\"contactPoint\":{\"@type\":\"ContactPoint\",\"telephone\":\"00201112596434\",\"email\":\"weyouface@gmail.com\"},\"openingHoursSpecification\":{\"@type\":\"OpeningHoursSpecification\",\"dayOfWeek\":[\"Monday\",\"Tuesday\",\"Wednesday\",\"Thursday\",\"Friday\",\"Saturday\",\"Sunday\"],\"opens\":\"00:00\",\"closes\":\"23:59\"},\"email\":\"weyouface@gmail.com\",\"areaServed\":\"Luxor, Hurghada, El Gouna, Aswan, Sharm El Sheikh, Giza, Alexandria, Marsa Alam, Quseir, Soma Bay, Sahl Hasheesh, Red Sea, Makadi Bay, Cairo\",\"priceRange\":\"$\",\"currenciesAccepted\":\"euro\",\"paymentAccepted\":\"cash on site\"},{\"@type\":\"PostalAddress\",\"@id\":\"https:\/\/hurghadalovers.com\/sv\/tours\/lyx-orange-bay-island-resor-fran-soma-bay\/#local-main-place-address\",\"streetAddress\":\"17 Banks street, Alkawther area, top nbk bank\",\"addressLocality\":\"hurghada\",\"postalCode\":\"84511\",\"addressRegion\":\"red sea\",\"addressCountry\":\"EG\"},{\"@type\":\"ImageObject\",\"inLanguage\":\"sv-SE\",\"@id\":\"https:\/\/hurghadalovers.com\/sv\/tours\/lyx-orange-bay-island-resor-fran-soma-bay\/#local-main-organization-logo\",\"url\":\"https:\/\/hurghadalovers.com\/wp-content\/uploads\/2019\/10\/hurghada-excursions-logo.png\",\"contentUrl\":\"https:\/\/hurghadalovers.com\/wp-content\/uploads\/2019\/10\/hurghada-excursions-logo.png\",\"width\":272,\"height\":90,\"caption\":\"Hurghada Excursions\"}]}<\/script>\n<meta property=\"product:brand\" content=\"B\u00e5tturer fr\u00e5n Soma bay\" \/>\n<meta property=\"product:price:amount\" content=\"55\" \/>\n<meta property=\"product:price:currency\" content=\"EUR\" \/>\n<meta property=\"og:availability\" content=\"instock\" \/>\n<meta property=\"product:availability\" content=\"instock\" \/>\n<meta property=\"product:retailer_item_id\" content=\"PrivateSoma152024\" \/>\n<meta property=\"product:condition\" content=\"new\" \/>\n<meta name=\"geo.placename\" content=\"hurghada\" \/>\n<meta name=\"geo.region\" content=\"Egyptien\" \/>\n<!-- \/ Yoast SEO Premium plugin. -->","yoast_head_json":{"title":"Lyxig resa till Orange Bay fr\u00e5n Soma Bay | VIP Yachts","description":"Lyxig resa till Orange Bay Island fr\u00e5n Soma Bay med VIP-lunch och speciella platser f\u00f6r familjer, mer avskildhet och lyx. vackra str\u00e4nder p\u00e5 \u00f6n Giftun","robots":{"index":"index","follow":"follow","max-snippet":"max-snippet:-1","max-image-preview":"max-image-preview:large","max-video-preview":"max-video-preview:-1"},"canonical":"https:\/\/hurghadalovers.com\/sv\/tours\/lyx-orange-bay-island-resor-fran-soma-bay\/","og_locale":"sv_SE","og_type":"article","og_title":"Lyxig resa till Orange Bay Island fr\u00e5n Soma Bay | VIP Yachts &amp; Services","og_description":"Lyxig resa till Orange Bay Island fr\u00e5n Soma Bay med VIP-lunch och speciella platser f\u00f6r familjer, mer avskildhet och lyx. vackra str\u00e4nder p\u00e5 \u00f6n Giftun","og_url":"https:\/\/hurghadalovers.com\/sv\/tours\/lyx-orange-bay-island-resor-fran-soma-bay\/","og_site_name":"Hurghada Excursions &amp; Day Trips | Booking Best Prices Tours","article_publisher":"https:\/\/www.facebook.com\/Hurghadaloversegypt","article_modified_time":"2026-02-07T17:14:54+00:00","og_image":[{"width":1156,"height":521,"url":"https:\/\/hurghadalovers.com\/wp-content\/uploads\/2023\/08\/Soma-bay-Luxury-Yacht-Cruise-to-Orange-bay-2026.jpeg","type":"image\/jpeg"}],"twitter_card":"summary_large_image","twitter_misc":{"Pris":"&euro;&nbsp;55","Tillg\u00e4nglig":"I lager"},"schema":{"@context":"https:\/\/schema.org","@graph":[{"@type":["WebPage","ItemPage"],"@id":"https:\/\/hurghadalovers.com\/sv\/tours\/lyx-orange-bay-island-resor-fran-soma-bay\/","url":"https:\/\/hurghadalovers.com\/sv\/tours\/lyx-orange-bay-island-resor-fran-soma-bay\/","name":"Lyxig resa till Orange Bay fr\u00e5n Soma Bay | VIP Yachts","isPartOf":{"@id":"https:\/\/hurghadalovers.com\/sv\/#website"},"primaryImageOfPage":{"@id":"https:\/\/hurghadalovers.com\/sv\/tours\/lyx-orange-bay-island-resor-fran-soma-bay\/#primaryimage"},"image":{"@id":"https:\/\/hurghadalovers.com\/sv\/tours\/lyx-orange-bay-island-resor-fran-soma-bay\/#primaryimage"},"thumbnailUrl":"https:\/\/hurghadalovers.com\/wp-content\/uploads\/2023\/08\/Soma-bay-Luxury-Yacht-Cruise-to-Orange-bay-2026.jpeg","datePublished":"2023-08-27T11:46:25+00:00","dateModified":"2026-02-07T17:14:54+00:00","description":"Lyxig resa till Orange Bay Island fr\u00e5n Soma Bay med VIP-lunch och speciella platser f\u00f6r familjer, mer avskildhet och lyx. vackra str\u00e4nder p\u00e5 \u00f6n Giftun","breadcrumb":{"@id":"https:\/\/hurghadalovers.com\/sv\/tours\/lyx-orange-bay-island-resor-fran-soma-bay\/#breadcrumb"},"inLanguage":"sv-SE","potentialAction":[{"@type":"ReadAction","target":["https:\/\/hurghadalovers.com\/sv\/tours\/lyx-orange-bay-island-resor-fran-soma-bay\/"]}]},{"@type":"ImageObject","inLanguage":"sv-SE","@id":"https:\/\/hurghadalovers.com\/sv\/tours\/lyx-orange-bay-island-resor-fran-soma-bay\/#primaryimage","url":"https:\/\/hurghadalovers.com\/wp-content\/uploads\/2023\/08\/Soma-bay-Luxury-Yacht-Cruise-to-Orange-bay-2026.jpeg","contentUrl":"https:\/\/hurghadalovers.com\/wp-content\/uploads\/2023\/08\/Soma-bay-Luxury-Yacht-Cruise-to-Orange-bay-2026.jpeg","width":1156,"height":521,"caption":"Soma bay Luxury Yacht Cruise to Orange bay 2026"},{"@type":"BreadcrumbList","@id":"https:\/\/hurghadalovers.com\/sv\/tours\/lyx-orange-bay-island-resor-fran-soma-bay\/#breadcrumb","itemListElement":[{"@type":"ListItem","position":1,"name":"Home","item":"https:\/\/hurghadalovers.com\/sv\/"},{"@type":"ListItem","position":2,"name":"Shop","item":"https:\/\/hurghadalovers.com\/shop\/"},{"@type":"ListItem","position":3,"name":"Lyxig resa till Orange Bay Island fr\u00e5n Soma Bay | VIP Yachts &amp; Services"}]},{"@type":"WebSite","@id":"https:\/\/hurghadalovers.com\/sv\/#website","url":"https:\/\/hurghadalovers.com\/sv\/","name":"Hurghada Excursions & Day Trips | Booking Best Prices Tours","description":"Hurghada Lovers - Best Tour Operator - Excursions &amp; Things to do for Family Day Trips with kids and Couples Romantic. Unique .Hidden gems","publisher":{"@id":"https:\/\/hurghadalovers.com\/sv\/#organization"},"alternateName":"Hurghada Excursions","potentialAction":[{"@type":"SearchAction","target":{"@type":"EntryPoint","urlTemplate":"https:\/\/hurghadalovers.com\/sv\/?s={search_term_string}"},"query-input":{"@type":"PropertyValueSpecification","valueRequired":true,"valueName":"search_term_string"}}],"inLanguage":"sv-SE"},{"@type":["Organization","Place","TravelAgency"],"@id":"https:\/\/hurghadalovers.com\/sv\/#organization","name":"Hurghada Excursions","url":"https:\/\/hurghadalovers.com\/sv\/","logo":{"@id":"https:\/\/hurghadalovers.com\/sv\/tours\/lyx-orange-bay-island-resor-fran-soma-bay\/#local-main-organization-logo"},"image":{"@id":"https:\/\/hurghadalovers.com\/sv\/tours\/lyx-orange-bay-island-resor-fran-soma-bay\/#local-main-organization-logo"},"sameAs":["https:\/\/www.facebook.com\/Hurghadaloversegypt"],"address":{"@id":"https:\/\/hurghadalovers.com\/sv\/tours\/lyx-orange-bay-island-resor-fran-soma-bay\/#local-main-place-address"},"telephone":["00201112596434"],"contactPoint":{"@type":"ContactPoint","telephone":"00201112596434","email":"weyouface@gmail.com"},"openingHoursSpecification":{"@type":"OpeningHoursSpecification","dayOfWeek":["Monday","Tuesday","Wednesday","Thursday","Friday","Saturday","Sunday"],"opens":"00:00","closes":"23:59"},"email":"weyouface@gmail.com","areaServed":"Luxor, Hurghada, El Gouna, Aswan, Sharm El Sheikh, Giza, Alexandria, Marsa Alam, Quseir, Soma Bay, Sahl Hasheesh, Red Sea, Makadi Bay, Cairo","priceRange":"$","currenciesAccepted":"euro","paymentAccepted":"cash on site"},{"@type":"PostalAddress","@id":"https:\/\/hurghadalovers.com\/sv\/tours\/lyx-orange-bay-island-resor-fran-soma-bay\/#local-main-place-address","streetAddress":"17 Banks street, Alkawther area, top nbk bank","addressLocality":"hurghada","postalCode":"84511","addressRegion":"red sea","addressCountry":"EG"},{"@type":"ImageObject","inLanguage":"sv-SE","@id":"https:\/\/hurghadalovers.com\/sv\/tours\/lyx-orange-bay-island-resor-fran-soma-bay\/#local-main-organization-logo","url":"https:\/\/hurghadalovers.com\/wp-content\/uploads\/2019\/10\/hurghada-excursions-logo.png","contentUrl":"https:\/\/hurghadalovers.com\/wp-content\/uploads\/2019\/10\/hurghada-excursions-logo.png","width":272,"height":90,"caption":"Hurghada Excursions"}]},"product_brand":"B\u00e5tturer fr\u00e5n Soma bay","product_price_amount":"55","product_price_currency":"EUR","og_availability":"instock","product_availability":"instock","product_retailer_item_id":"PrivateSoma152024","product_condition":"new","geo.placename":"hurghada","geo.region":"Egyptien"},"_links":{"self":[{"href":"https:\/\/hurghadalovers.com\/sv\/wp-json\/wp\/v2\/product\/385259","targetHints":{"allow":["GET"]}}],"collection":[{"href":"https:\/\/hurghadalovers.com\/sv\/wp-json\/wp\/v2\/product"}],"about":[{"href":"https:\/\/hurghadalovers.com\/sv\/wp-json\/wp\/v2\/types\/product"}],"wp:featuredmedia":[{"embeddable":true,"href":"https:\/\/hurghadalovers.com\/sv\/wp-json\/wp\/v2\/media\/934225"}],"wp:attachment":[{"href":"https:\/\/hurghadalovers.com\/sv\/wp-json\/wp\/v2\/media?parent=385259"}],"wp:term":[{"taxonomy":"product_brand","embeddable":true,"href":"https:\/\/hurghadalovers.com\/sv\/wp-json\/wp\/v2\/product_brand?post=385259"},{"taxonomy":"product_cat","embeddable":true,"href":"https:\/\/hurghadalovers.com\/sv\/wp-json\/wp\/v2\/product_cat?post=385259"},{"taxonomy":"product_tag","embeddable":true,"href":"https:\/\/hurghadalovers.com\/sv\/wp-json\/wp\/v2\/product_tag?post=385259"}],"curies":[{"name":"wp","href":"https:\/\/api.w.org\/{rel}","templated":true}]}}