{"id":384925,"date":"2023-08-27T10:40:35","date_gmt":"2023-08-27T10:44:00","guid":{"rendered":"https:\/\/hurghadalovers.com\/shop\/okategoriserad\/privat-batcharter-i-soma-bay-till-paradise-island\/"},"modified":"2026-02-09T04:52:53","modified_gmt":"2026-02-09T04:52:53","slug":"privat-soma-bukten-batcharter-till-paradise-island","status":"publish","type":"product","link":"https:\/\/hurghadalovers.com\/sv\/tours\/privat-soma-bukten-batcharter-till-paradise-island\/","title":{"rendered":"Privat b\u00e5tcharter i Soma Bay till Paradise Island"},"content":{"rendered":"<p><strong>Privat <\/strong><strong>Soma bay <\/strong><strong>b\u00e5tcharter till Paradise Island<\/strong> med snorkling, vattensporter, lunch och transfer.<\/p>\n<p style=\"text-align: center;\"><span style=\"color: #00ccff;\">Vackraste Soma-bukten <strong>Familjev\u00e4nliga aktiviteter<\/strong>, <strong>Saker att g\u00f6ra med barn<\/strong>, Seniorer, <strong>Smekm\u00e5nad<\/strong> och <strong>Par<\/strong>.<\/span><\/p>\n<p>Bokning Small <strong>Yacht Charter<\/strong> fr\u00e5n 3 till 6 personer eller Luxury Big <strong>Boat Rental<\/strong> fr\u00e5n 8 till 35 personer med Transfer till goto Simning i Best <strong>House reef Spot<\/strong> och Saty 2-4 timmar i b\u00e4sta Beach <strong>Giftun Island<\/strong> &#8221;Paradise Beach&#8221;.<\/p>\n<p>&nbsp;<\/p>\n<p><strong>H\u00f6jdpunkter:<\/strong><\/p>\n<ul>\n<li>2 platser f\u00f6r snorkling vid House Reef.<\/li>\n<li>2-4 timmar p\u00e5 Paradise Island Beach.<\/li>\n<li>Vattensporter &#8221;Banana och Quattro&#8221;.<\/li>\n<\/ul>\n<p><strong>Detaljer:<\/strong><\/p>\n<ul>\n<li>Tillg\u00e4nglighet f\u00f6r turer: Varje dag.<\/li>\n<li>Typ av resa: Privat.<\/li>\n<li>Upph\u00e4mtningstid: Start fr\u00e5n 07:30 A.M.<\/li>\n<li>Tid f\u00f6r upph\u00e4mtning: 17:00.<\/li>\n<li>Tillg\u00e4ngligt f\u00f6r rullstolsburna.<\/li>\n<li>Varaktighet: 8 timmar.<\/li>\n<\/ul>\n<p><strong>Boka nu och betala senare:<\/strong><\/p>\n<ul>\n<li>Kontanter p\u00e5 plats till Guide.<\/li>\n<li>Betalning med egyptiska pund, $, \u20ac eller \u00a3.<\/li>\n<\/ul>\n<p><strong>Regler f\u00f6r avbokning:<\/strong><\/p>\n<ul>\n<li>du kan avboka upp till 24 timmar i f\u00f6rv\u00e4g.<\/li>\n<li>Om n\u00e5gon i din familj avbokar Morning ska du betala 50 % av kostnaden.<\/li>\n<\/ul>\n<p><strong>Vad ing\u00e5r i paketet?<\/strong><\/p>\n<ul>\n<li>Transfer fr\u00e5n Soma bay Hotels &#8221;Hotel pick up and drop off&#8221;.<\/li>\n<li>Alla skatter, intr\u00e4desavgifter och expeditionsavgifter.<\/li>\n<li>Reseledare.<\/li>\n<li>Mineralvatten + Cola + Mj\u00f6lk + Kaffe\/Te.<\/li>\n<li>2 Snorkelplats.<\/li>\n<li>Snorklingsutrustning &#8221;masker och simfenor&#8221;.<\/li>\n<li>2-4 timmar p\u00e5 <strong>Paradise Island<\/strong> <strong>Beach<\/strong>.<\/li>\n<li>VIP-lunchbuff\u00e9 p\u00e5 b\u00e5ten.<\/li>\n<li>Livv\u00e4star.<\/li>\n<\/ul>\n<p><strong>Undantag?<\/strong><\/p>\n<ul>\n<li>Tippning.<\/li>\n<li>Drinkar i The Paradise Restaurant Island.<\/li>\n<li>Fotografering &amp; Foton f\u00f6r resan.<\/li>\n<li>Vi erbjuder hyra baddr\u00e4kter &amp; badkl\u00e4der f\u00f6r kvinnor, m\u00e4n, barn alla storlekar &#8221; 5 $ per en&#8221;.<\/li>\n<li>Eventuella extrafunktioner som inte n\u00e4mns.<\/li>\n<\/ul>\n<p><strong>Priser:<\/strong><\/p>\n<ul>\n<li><strong>Charter av sm\u00e5 b\u00e5tar fr\u00e5n 3 till 6 personer = fr\u00e5n 4<\/strong><strong>2<\/strong><strong>0$<\/strong><\/li>\n<li><strong>Uthyrning av lyxiga stora b\u00e5tar fr\u00e5n 8 till 35 personer = fr\u00e5n 7<\/strong><strong>7<\/strong><strong>0$<\/strong><\/li>\n<\/ul>\n<p><strong>  Recensioner:<\/strong><\/p>\n<p>kolla v\u00e5ra Google Map Recensioner som B\u00e4sta <a href=\"https:\/\/g.page\/r\/CUeYvkngP3wkEBM\/review\">researrang\u00f6r i Hurghada<\/a> online i <a href=\"https:\/\/hurghadalovers.com\/\">Hurghada<\/a> Egypten.<\/p>\n<p><strong>Bokning:<\/strong><\/p>\n<p>Skicka hotell + rumsnummer + pass med foto till WhatsApp: <strong>+201112596434<\/strong><\/p>\n<p>Om du \u00e4r ute Egypten Bokning nu online och bekr\u00e4fta vid ankomst Hotell.<\/p>\n<p>&nbsp;<\/p>\n<p>&nbsp;<\/p>\n","protected":false},"excerpt":{"rendered":"<p><strong>Privat <\/strong><strong>Soma bay <\/strong><strong>b\u00e5tcharter till Paradise Island<\/strong> med snorkling, vattensporter, lunch och transfer.<\/p>\n<p style=\"text-align: center;\"><span style=\"color: #00ccff;\">Vackraste Soma-bukten <strong>Familjev\u00e4nliga aktiviteter<\/strong>, <strong>Saker att g\u00f6ra med barn<\/strong>, Seniorer, <strong>Smekm\u00e5nad<\/strong> och <strong>Par<\/strong>.<\/span><\/p>\n<p>&nbsp;<\/p>\n","protected":false},"featured_media":384878,"template":"","meta":{"_joinchat":[]},"product_brand":[],"product_cat":[36666],"product_tag":[],"class_list":{"0":"post-384925","1":"product","2":"type-product","3":"status-publish","4":"has-post-thumbnail","6":"product_cat-resor","7":"tour_category-snorkling-i-soma-bay-sv","8":"tour_category-soma-bay-utflykter","10":"first","11":"instock","12":"sale","13":"shipping-taxable","14":"purchasable","15":"product-type-tour"},"yoast_head":"<!-- This site is optimized with the Yoast SEO Premium plugin v26.9 (Yoast SEO v27.2) - https:\/\/yoast.com\/product\/yoast-seo-premium-wordpress\/ -->\n<title>Privat b\u00e5tcharter i Soma Bay till Paradise Island med snorkling<\/title>\n<meta name=\"description\" content=\"Privat Soma bay b\u00e5tcharter till Paradise Island med snorkling, vattensporter, lunch och transfer. Vackraste Soma bay Familjev\u00e4nliga aktiviteter\" \/>\n<meta name=\"robots\" content=\"index, follow, max-snippet:-1, max-image-preview:large, max-video-preview:-1\" \/>\n<link rel=\"canonical\" href=\"https:\/\/hurghadalovers.com\/sv\/tours\/privat-soma-bukten-batcharter-till-paradise-island\/\" \/>\n<meta property=\"og:locale\" content=\"sv_SE\" \/>\n<meta property=\"og:type\" content=\"article\" \/>\n<meta property=\"og:title\" content=\"Privat b\u00e5tcharter i Soma Bay till Paradise Island\" \/>\n<meta property=\"og:description\" content=\"Privat Soma bay b\u00e5tcharter till Paradise Island med snorkling, vattensporter, lunch och transfer. Vackraste Soma bay Familjev\u00e4nliga aktiviteter\" \/>\n<meta property=\"og:url\" content=\"https:\/\/hurghadalovers.com\/sv\/tours\/privat-soma-bukten-batcharter-till-paradise-island\/\" \/>\n<meta property=\"og:site_name\" content=\"Hurghada Excursions &amp; Day Trips | Booking Best Prices Tours\" \/>\n<meta property=\"article:publisher\" content=\"https:\/\/www.facebook.com\/Hurghadaloversegypt\" \/>\n<meta property=\"article:modified_time\" content=\"2026-02-09T04:52:53+00:00\" \/>\n<meta property=\"og:image\" content=\"https:\/\/hurghadalovers.com\/wp-content\/uploads\/2023\/08\/Private-Soma-bay-Boat-Charters-to-Paradise-Island.jpeg\" \/>\n\t<meta property=\"og:image:width\" content=\"1156\" \/>\n\t<meta property=\"og:image:height\" content=\"867\" \/>\n\t<meta property=\"og:image:type\" content=\"image\/jpeg\" \/>\n<meta name=\"twitter:card\" content=\"summary_large_image\" \/>\n<meta name=\"twitter:label1\" content=\"Pris\" \/>\n\t<meta name=\"twitter:data1\" content=\"&euro;&nbsp;420\" \/>\n\t<meta name=\"twitter:label2\" content=\"Tillg\u00e4nglig\" \/>\n\t<meta name=\"twitter:data2\" content=\"I lager\" \/>\n<script type=\"application\/ld+json\" class=\"yoast-schema-graph\">{\"@context\":\"https:\/\/schema.org\",\"@graph\":[{\"@type\":[\"WebPage\",\"ItemPage\"],\"@id\":\"https:\/\/hurghadalovers.com\/sv\/tours\/privat-soma-bukten-batcharter-till-paradise-island\/\",\"url\":\"https:\/\/hurghadalovers.com\/sv\/tours\/privat-soma-bukten-batcharter-till-paradise-island\/\",\"name\":\"Privat b\u00e5tcharter i Soma Bay till Paradise Island med snorkling\",\"isPartOf\":{\"@id\":\"https:\/\/hurghadalovers.com\/sv\/#website\"},\"primaryImageOfPage\":{\"@id\":\"https:\/\/hurghadalovers.com\/sv\/tours\/privat-soma-bukten-batcharter-till-paradise-island\/#primaryimage\"},\"image\":{\"@id\":\"https:\/\/hurghadalovers.com\/sv\/tours\/privat-soma-bukten-batcharter-till-paradise-island\/#primaryimage\"},\"thumbnailUrl\":\"https:\/\/hurghadalovers.com\/wp-content\/uploads\/2023\/08\/Private-Soma-bay-Boat-Charters-to-Paradise-Island.jpeg\",\"datePublished\":\"2023-08-27T10:44:00+00:00\",\"dateModified\":\"2026-02-09T04:52:53+00:00\",\"description\":\"Privat Soma bay b\u00e5tcharter till Paradise Island med snorkling, vattensporter, lunch och transfer. Vackraste Soma bay Familjev\u00e4nliga aktiviteter\",\"breadcrumb\":{\"@id\":\"https:\/\/hurghadalovers.com\/sv\/tours\/privat-soma-bukten-batcharter-till-paradise-island\/#breadcrumb\"},\"inLanguage\":\"sv-SE\",\"potentialAction\":[{\"@type\":\"ReadAction\",\"target\":[\"https:\/\/hurghadalovers.com\/sv\/tours\/privat-soma-bukten-batcharter-till-paradise-island\/\"]}]},{\"@type\":\"ImageObject\",\"inLanguage\":\"sv-SE\",\"@id\":\"https:\/\/hurghadalovers.com\/sv\/tours\/privat-soma-bukten-batcharter-till-paradise-island\/#primaryimage\",\"url\":\"https:\/\/hurghadalovers.com\/wp-content\/uploads\/2023\/08\/Private-Soma-bay-Boat-Charters-to-Paradise-Island.jpeg\",\"contentUrl\":\"https:\/\/hurghadalovers.com\/wp-content\/uploads\/2023\/08\/Private-Soma-bay-Boat-Charters-to-Paradise-Island.jpeg\",\"width\":1156,\"height\":867,\"caption\":\"Privat b\u00e5tcharter i Soma Bay till Paradise Island\"},{\"@type\":\"BreadcrumbList\",\"@id\":\"https:\/\/hurghadalovers.com\/sv\/tours\/privat-soma-bukten-batcharter-till-paradise-island\/#breadcrumb\",\"itemListElement\":[{\"@type\":\"ListItem\",\"position\":1,\"name\":\"Home\",\"item\":\"https:\/\/hurghadalovers.com\/sv\/\"},{\"@type\":\"ListItem\",\"position\":2,\"name\":\"Shop\",\"item\":\"https:\/\/hurghadalovers.com\/shop\/\"},{\"@type\":\"ListItem\",\"position\":3,\"name\":\"Privat b\u00e5tcharter i Soma Bay till Paradise Island\"}]},{\"@type\":\"WebSite\",\"@id\":\"https:\/\/hurghadalovers.com\/sv\/#website\",\"url\":\"https:\/\/hurghadalovers.com\/sv\/\",\"name\":\"Hurghada Excursions & Day Trips | Booking Best Prices Tours\",\"description\":\"Hurghada Lovers - Best Tour Operator - Excursions &amp; Things to do for Family Day Trips with kids and Couples Romantic. Unique .Hidden gems\",\"publisher\":{\"@id\":\"https:\/\/hurghadalovers.com\/sv\/#organization\"},\"alternateName\":\"Hurghada Excursions\",\"potentialAction\":[{\"@type\":\"SearchAction\",\"target\":{\"@type\":\"EntryPoint\",\"urlTemplate\":\"https:\/\/hurghadalovers.com\/sv\/?s={search_term_string}\"},\"query-input\":{\"@type\":\"PropertyValueSpecification\",\"valueRequired\":true,\"valueName\":\"search_term_string\"}}],\"inLanguage\":\"sv-SE\"},{\"@type\":[\"Organization\",\"Place\",\"TravelAgency\"],\"@id\":\"https:\/\/hurghadalovers.com\/sv\/#organization\",\"name\":\"Hurghada Excursions\",\"url\":\"https:\/\/hurghadalovers.com\/sv\/\",\"logo\":{\"@id\":\"https:\/\/hurghadalovers.com\/sv\/tours\/privat-soma-bukten-batcharter-till-paradise-island\/#local-main-organization-logo\"},\"image\":{\"@id\":\"https:\/\/hurghadalovers.com\/sv\/tours\/privat-soma-bukten-batcharter-till-paradise-island\/#local-main-organization-logo\"},\"sameAs\":[\"https:\/\/www.facebook.com\/Hurghadaloversegypt\"],\"address\":{\"@id\":\"https:\/\/hurghadalovers.com\/sv\/tours\/privat-soma-bukten-batcharter-till-paradise-island\/#local-main-place-address\"},\"telephone\":[\"00201112596434\"],\"contactPoint\":{\"@type\":\"ContactPoint\",\"telephone\":\"00201112596434\",\"email\":\"weyouface@gmail.com\"},\"openingHoursSpecification\":{\"@type\":\"OpeningHoursSpecification\",\"dayOfWeek\":[\"Monday\",\"Tuesday\",\"Wednesday\",\"Thursday\",\"Friday\",\"Saturday\",\"Sunday\"],\"opens\":\"00:00\",\"closes\":\"23:59\"},\"email\":\"weyouface@gmail.com\",\"areaServed\":\"Luxor, Hurghada, El Gouna, Aswan, Sharm El Sheikh, Giza, Alexandria, Marsa Alam, Quseir, Soma Bay, Sahl Hasheesh, Red Sea, Makadi Bay, Cairo\",\"priceRange\":\"$\",\"currenciesAccepted\":\"euro\",\"paymentAccepted\":\"cash on site\"},{\"@type\":\"PostalAddress\",\"@id\":\"https:\/\/hurghadalovers.com\/sv\/tours\/privat-soma-bukten-batcharter-till-paradise-island\/#local-main-place-address\",\"streetAddress\":\"17 Banks street, Alkawther area, top nbk bank\",\"addressLocality\":\"hurghada\",\"postalCode\":\"84511\",\"addressRegion\":\"red sea\",\"addressCountry\":\"EG\"},{\"@type\":\"ImageObject\",\"inLanguage\":\"sv-SE\",\"@id\":\"https:\/\/hurghadalovers.com\/sv\/tours\/privat-soma-bukten-batcharter-till-paradise-island\/#local-main-organization-logo\",\"url\":\"https:\/\/hurghadalovers.com\/wp-content\/uploads\/2019\/10\/hurghada-excursions-logo.png\",\"contentUrl\":\"https:\/\/hurghadalovers.com\/wp-content\/uploads\/2019\/10\/hurghada-excursions-logo.png\",\"width\":272,\"height\":90,\"caption\":\"Hurghada Excursions\"}]}<\/script>\n<meta property=\"product:brand\" content=\"B\u00e5tturer fr\u00e5n Soma bay\" \/>\n<meta property=\"product:price:amount\" content=\"420\" \/>\n<meta property=\"product:price:currency\" content=\"EUR\" \/>\n<meta property=\"og:availability\" content=\"instock\" \/>\n<meta property=\"product:availability\" content=\"instock\" \/>\n<meta property=\"product:retailer_item_id\" content=\"PrivateSoma102024\" \/>\n<meta property=\"product:condition\" content=\"new\" \/>\n<meta name=\"geo.placename\" content=\"hurghada\" \/>\n<meta name=\"geo.region\" content=\"Egyptien\" \/>\n<!-- \/ Yoast SEO Premium plugin. -->","yoast_head_json":{"title":"Privat b\u00e5tcharter i Soma Bay till Paradise Island med snorkling","description":"Privat Soma bay b\u00e5tcharter till Paradise Island med snorkling, vattensporter, lunch och transfer. Vackraste Soma bay Familjev\u00e4nliga aktiviteter","robots":{"index":"index","follow":"follow","max-snippet":"max-snippet:-1","max-image-preview":"max-image-preview:large","max-video-preview":"max-video-preview:-1"},"canonical":"https:\/\/hurghadalovers.com\/sv\/tours\/privat-soma-bukten-batcharter-till-paradise-island\/","og_locale":"sv_SE","og_type":"article","og_title":"Privat b\u00e5tcharter i Soma Bay till Paradise Island","og_description":"Privat Soma bay b\u00e5tcharter till Paradise Island med snorkling, vattensporter, lunch och transfer. Vackraste Soma bay Familjev\u00e4nliga aktiviteter","og_url":"https:\/\/hurghadalovers.com\/sv\/tours\/privat-soma-bukten-batcharter-till-paradise-island\/","og_site_name":"Hurghada Excursions &amp; Day Trips | Booking Best Prices Tours","article_publisher":"https:\/\/www.facebook.com\/Hurghadaloversegypt","article_modified_time":"2026-02-09T04:52:53+00:00","og_image":[{"width":1156,"height":867,"url":"https:\/\/hurghadalovers.com\/wp-content\/uploads\/2023\/08\/Private-Soma-bay-Boat-Charters-to-Paradise-Island.jpeg","type":"image\/jpeg"}],"twitter_card":"summary_large_image","twitter_misc":{"Pris":"&euro;&nbsp;420","Tillg\u00e4nglig":"I lager"},"schema":{"@context":"https:\/\/schema.org","@graph":[{"@type":["WebPage","ItemPage"],"@id":"https:\/\/hurghadalovers.com\/sv\/tours\/privat-soma-bukten-batcharter-till-paradise-island\/","url":"https:\/\/hurghadalovers.com\/sv\/tours\/privat-soma-bukten-batcharter-till-paradise-island\/","name":"Privat b\u00e5tcharter i Soma Bay till Paradise Island med snorkling","isPartOf":{"@id":"https:\/\/hurghadalovers.com\/sv\/#website"},"primaryImageOfPage":{"@id":"https:\/\/hurghadalovers.com\/sv\/tours\/privat-soma-bukten-batcharter-till-paradise-island\/#primaryimage"},"image":{"@id":"https:\/\/hurghadalovers.com\/sv\/tours\/privat-soma-bukten-batcharter-till-paradise-island\/#primaryimage"},"thumbnailUrl":"https:\/\/hurghadalovers.com\/wp-content\/uploads\/2023\/08\/Private-Soma-bay-Boat-Charters-to-Paradise-Island.jpeg","datePublished":"2023-08-27T10:44:00+00:00","dateModified":"2026-02-09T04:52:53+00:00","description":"Privat Soma bay b\u00e5tcharter till Paradise Island med snorkling, vattensporter, lunch och transfer. Vackraste Soma bay Familjev\u00e4nliga aktiviteter","breadcrumb":{"@id":"https:\/\/hurghadalovers.com\/sv\/tours\/privat-soma-bukten-batcharter-till-paradise-island\/#breadcrumb"},"inLanguage":"sv-SE","potentialAction":[{"@type":"ReadAction","target":["https:\/\/hurghadalovers.com\/sv\/tours\/privat-soma-bukten-batcharter-till-paradise-island\/"]}]},{"@type":"ImageObject","inLanguage":"sv-SE","@id":"https:\/\/hurghadalovers.com\/sv\/tours\/privat-soma-bukten-batcharter-till-paradise-island\/#primaryimage","url":"https:\/\/hurghadalovers.com\/wp-content\/uploads\/2023\/08\/Private-Soma-bay-Boat-Charters-to-Paradise-Island.jpeg","contentUrl":"https:\/\/hurghadalovers.com\/wp-content\/uploads\/2023\/08\/Private-Soma-bay-Boat-Charters-to-Paradise-Island.jpeg","width":1156,"height":867,"caption":"Privat b\u00e5tcharter i Soma Bay till Paradise Island"},{"@type":"BreadcrumbList","@id":"https:\/\/hurghadalovers.com\/sv\/tours\/privat-soma-bukten-batcharter-till-paradise-island\/#breadcrumb","itemListElement":[{"@type":"ListItem","position":1,"name":"Home","item":"https:\/\/hurghadalovers.com\/sv\/"},{"@type":"ListItem","position":2,"name":"Shop","item":"https:\/\/hurghadalovers.com\/shop\/"},{"@type":"ListItem","position":3,"name":"Privat b\u00e5tcharter i Soma Bay till Paradise Island"}]},{"@type":"WebSite","@id":"https:\/\/hurghadalovers.com\/sv\/#website","url":"https:\/\/hurghadalovers.com\/sv\/","name":"Hurghada Excursions & Day Trips | Booking Best Prices Tours","description":"Hurghada Lovers - Best Tour Operator - Excursions &amp; Things to do for Family Day Trips with kids and Couples Romantic. Unique .Hidden gems","publisher":{"@id":"https:\/\/hurghadalovers.com\/sv\/#organization"},"alternateName":"Hurghada Excursions","potentialAction":[{"@type":"SearchAction","target":{"@type":"EntryPoint","urlTemplate":"https:\/\/hurghadalovers.com\/sv\/?s={search_term_string}"},"query-input":{"@type":"PropertyValueSpecification","valueRequired":true,"valueName":"search_term_string"}}],"inLanguage":"sv-SE"},{"@type":["Organization","Place","TravelAgency"],"@id":"https:\/\/hurghadalovers.com\/sv\/#organization","name":"Hurghada Excursions","url":"https:\/\/hurghadalovers.com\/sv\/","logo":{"@id":"https:\/\/hurghadalovers.com\/sv\/tours\/privat-soma-bukten-batcharter-till-paradise-island\/#local-main-organization-logo"},"image":{"@id":"https:\/\/hurghadalovers.com\/sv\/tours\/privat-soma-bukten-batcharter-till-paradise-island\/#local-main-organization-logo"},"sameAs":["https:\/\/www.facebook.com\/Hurghadaloversegypt"],"address":{"@id":"https:\/\/hurghadalovers.com\/sv\/tours\/privat-soma-bukten-batcharter-till-paradise-island\/#local-main-place-address"},"telephone":["00201112596434"],"contactPoint":{"@type":"ContactPoint","telephone":"00201112596434","email":"weyouface@gmail.com"},"openingHoursSpecification":{"@type":"OpeningHoursSpecification","dayOfWeek":["Monday","Tuesday","Wednesday","Thursday","Friday","Saturday","Sunday"],"opens":"00:00","closes":"23:59"},"email":"weyouface@gmail.com","areaServed":"Luxor, Hurghada, El Gouna, Aswan, Sharm El Sheikh, Giza, Alexandria, Marsa Alam, Quseir, Soma Bay, Sahl Hasheesh, Red Sea, Makadi Bay, Cairo","priceRange":"$","currenciesAccepted":"euro","paymentAccepted":"cash on site"},{"@type":"PostalAddress","@id":"https:\/\/hurghadalovers.com\/sv\/tours\/privat-soma-bukten-batcharter-till-paradise-island\/#local-main-place-address","streetAddress":"17 Banks street, Alkawther area, top nbk bank","addressLocality":"hurghada","postalCode":"84511","addressRegion":"red sea","addressCountry":"EG"},{"@type":"ImageObject","inLanguage":"sv-SE","@id":"https:\/\/hurghadalovers.com\/sv\/tours\/privat-soma-bukten-batcharter-till-paradise-island\/#local-main-organization-logo","url":"https:\/\/hurghadalovers.com\/wp-content\/uploads\/2019\/10\/hurghada-excursions-logo.png","contentUrl":"https:\/\/hurghadalovers.com\/wp-content\/uploads\/2019\/10\/hurghada-excursions-logo.png","width":272,"height":90,"caption":"Hurghada Excursions"}]},"product_brand":"B\u00e5tturer fr\u00e5n Soma bay","product_price_amount":"420","product_price_currency":"EUR","og_availability":"instock","product_availability":"instock","product_retailer_item_id":"PrivateSoma102024","product_condition":"new","geo.placename":"hurghada","geo.region":"Egyptien"},"_links":{"self":[{"href":"https:\/\/hurghadalovers.com\/sv\/wp-json\/wp\/v2\/product\/384925","targetHints":{"allow":["GET"]}}],"collection":[{"href":"https:\/\/hurghadalovers.com\/sv\/wp-json\/wp\/v2\/product"}],"about":[{"href":"https:\/\/hurghadalovers.com\/sv\/wp-json\/wp\/v2\/types\/product"}],"wp:featuredmedia":[{"embeddable":true,"href":"https:\/\/hurghadalovers.com\/sv\/wp-json\/wp\/v2\/media\/384878"}],"wp:attachment":[{"href":"https:\/\/hurghadalovers.com\/sv\/wp-json\/wp\/v2\/media?parent=384925"}],"wp:term":[{"taxonomy":"product_brand","embeddable":true,"href":"https:\/\/hurghadalovers.com\/sv\/wp-json\/wp\/v2\/product_brand?post=384925"},{"taxonomy":"product_cat","embeddable":true,"href":"https:\/\/hurghadalovers.com\/sv\/wp-json\/wp\/v2\/product_cat?post=384925"},{"taxonomy":"product_tag","embeddable":true,"href":"https:\/\/hurghadalovers.com\/sv\/wp-json\/wp\/v2\/product_tag?post=384925"}],"curies":[{"name":"wp","href":"https:\/\/api.w.org\/{rel}","templated":true}]}}