{"id":383102,"date":"2023-08-26T09:22:14","date_gmt":"2023-08-26T09:22:14","guid":{"rendered":"https:\/\/hurghadalovers.com\/shop\/okategoriserad\/privata-taxitransfers-till-soma-bay\/"},"modified":"2026-02-08T04:25:32","modified_gmt":"2026-02-08T04:25:32","slug":"privat-soma-bay-taxi-transfers","status":"publish","type":"product","link":"https:\/\/hurghadalovers.com\/sv\/tours\/privat-soma-bay-taxi-transfers\/","title":{"rendered":"Privata taxitransfers till Soma Bay"},"content":{"rendered":"<p><strong>Privat <\/strong><strong>Soma bay<\/strong> <strong>Taxi Transfer<\/strong> till Luxor, Kairo | Bokning Billiga priser Turistservice Transfer med lyxig minivan och Vip-bil till Marsa alam, EL Gouna, Makadi bay, Hurghada (HRG) flygplats | Kontanter p\u00e5 plats.<\/p>\n<p><strong>Detaljer:<\/strong><\/p>\n<ul>\n<li>Typ av resa: Privat lyxresa med bil eller minivan.<\/li>\n<li>Bokning av taxi bil, minivan, tillg\u00e4nglighet: Varje dag.<\/li>\n<li>Tillg\u00e4ngligt f\u00f6r rullstolsburna.<\/li>\n<li>Upph\u00e4mtningstid fr\u00e5n Soma bay till Luxor: 05:00 A.M.<\/li>\n<li>Upph\u00e4mtningstid fr\u00e5n Soma bay till Kairo: 12:30 A.M.<\/li>\n<li>Upph\u00e4mtningstid fr\u00e5n Soma bay Hotels till Hurghada (HRG) Airport, Hurghada Marina: som du vill.<\/li>\n<\/ul>\n<p><strong>Boka nu och betala senare:<\/strong><\/p>\n<ul>\n<li>Kontanter p\u00e5 plats till Guide.<\/li>\n<li>Betalning med egyptiska pund, $, \u20ac eller \u00a3.<\/li>\n<\/ul>\n<p><strong>Regler f\u00f6r avbokning:<\/strong><\/p>\n<ul>\n<li>du kan avboka upp till 24 timmar i f\u00f6rv\u00e4g.<\/li>\n<li>Om n\u00e5gon i din familj avbokar Morning ska du betala 50 % av kostnaden.<\/li>\n<\/ul>\n<p><strong>Vad ing\u00e5r i paketet?<\/strong><\/p>\n<ul>\n<li>Transfer fr\u00e5n Soma bay Hotels &#8221;Hotel pick up and drop off&#8221;.<\/li>\n<li>Alla skatter, intr\u00e4desavgifter och expeditionsavgifter.<\/li>\n<li>\u00d6verf\u00f6ringar.<\/li>\n<li>Drycker.<\/li>\n<\/ul>\n<p><strong>Undantag?<\/strong><\/p>\n<ul>\n<li>Tippning.<\/li>\n<\/ul>\n<p><strong>Privat transfer <\/strong><strong>Soma-bukten<\/strong> <strong>till Luxor:<\/strong><\/p>\n<p>Pris Taxi\/bil &#8221; 3 platser&#8221; = 170$ Pris per privatbil.<\/p>\n<p>Pris Minivan &#8221;8 s\u00e4ten&#8221; = 200$ Pris per privat minivan\/minibuss.<\/p>\n<p>Avst\u00e5nd mellan Soma Bay och Luxor = 300 km<\/p>\n<p>Tid mellan Soma bay och Luxor = 4 tim.<\/p>\n<p>Det finns 2 stopp &#8221; 20 minuters paus, 20 turistkontrollpunkter i Safaga&#8221;.<\/p>\n<p><strong> <\/strong><\/p>\n<p><strong>Privat transfer <\/strong><strong>Soma-bukten<\/strong> <strong>till Kairo, pyramiderna i Giza:<\/strong><\/p>\n<p>Pris Taxi\/bil &#8221; 3 s\u00e4ten&#8221; = 180$ Pris per privat bil.<\/p>\n<p>Pris Minivan &#8221;8 platser&#8221; = 220 $ Pris per privat minivan \/ minibuss.<\/p>\n<p>Avst\u00e5nd mellan Soma Bay och Kairo = 400 km<\/p>\n<p>Tid mellan Soma bay och Kairo = 7.30 timmar<\/p>\n<p>Det finns 3 stopp &#8221; 20 min paus i Saffron Ras Ghareb, 15-30 min turistkontroll&#8221;<\/p>\n<p><strong>Privat transfer <\/strong><strong>Soma-bukten<\/strong> <strong>till eller fr\u00e5n Hurghada (HRG) Airport:<\/strong><\/p>\n<p>Pris Taxi\/bil &#8221; 3 &#8211; 6 s\u00e4ten&#8221; = 30$ Pris per privat bil.<\/p>\n<p>Pris Minivan &#8221;12 platser&#8221; = 40$ Pris per privat minivan\/minibuss.<\/p>\n<p><strong> <\/strong><\/p>\n<p><strong>Privat transfer <\/strong><strong>Soma-bukten<\/strong> <strong>till Hurghadas marina:<\/strong><\/p>\n<p>Pris Taxi\/ Bil &#8221; 3 &#8211; 6 S\u00e4ten&#8221; 4hr = 45$ Pris per Privat Bil.<\/p>\n<p>Pris Minivan &#8221;12 platser&#8221; 4h = 75$ Pris per privat minivan\/minibuss.<\/p>\n<p><strong> <\/strong><\/p>\n<p><strong>Privat transfer <\/strong><strong>Soma-bukten<\/strong> <strong>till hotell i El Gouna:<\/strong><\/p>\n<p>Pris Taxi\/bil &#8221; 3 &#8211; 6 s\u00e4ten&#8221; = 55$ Pris per privat bil.<\/p>\n<p>Pris Minivan &#8221;12 platser&#8221; = 70$ Pris per privat minivan\/minibuss.<\/p>\n<p>Avst\u00e5nd mellan Soma Bay och El Gouna = 90 km<\/p>\n<p>Tid mellan Soma bay och El Gouna = 70 min.<\/p>\n<p><strong>Privat taxi <\/strong><strong>Soma-bukten<\/strong> <strong>fr\u00e5n Marsa Alam<\/strong><\/p>\n<p>Vi erbjuder bilar och bussar f\u00f6r att \u00f6verf\u00f6ra dig eller din grupp fr\u00e5n Marsa Alam till alla palats i R\u00f6da havet Egypten.<\/p>\n<p><strong>Privat transfer till Kairos flygplats<\/strong><\/p>\n<p>om du beh\u00f6ver g\u00e5 Kairo flygplats och beh\u00f6ver \u00f6verf\u00f6ra till turistst\u00e4der Egypten, kan lita p\u00e5 att vi ger dig lyxiga privata bilar buss limousine service.<\/p>\n<p><strong>Taxi fr\u00e5n <\/strong><strong>Soma-bukten<\/strong> <strong>till Marsa Alam<\/strong><\/p>\n<p>Om du anl\u00e4nde till Hurghada flygplats eller fr\u00e5n din plats beh\u00f6ver du de b\u00e4sta bilarna eller en buss till eller fr\u00e5n Mars Alam f\u00f6r att bes\u00f6ka Kairo eller Luxor, ring oss just nu<\/p>\n<p>1-3 pax (enskild bil) = 90 USD<\/p>\n<p>4-8 personer (minibuss) = 120 $.<\/p>\n<p><strong>Recensioner:<\/strong><\/p>\n<p>kolla v\u00e5ra Google Map Recensioner som B\u00e4sta <a href=\"https:\/\/g.page\/r\/CUeYvkngP3wkEBM\/review\">researrang\u00f6r i Hurghada<\/a> online i <a href=\"https:\/\/hurghadalovers.com\/\">Hurghada<\/a> Egypten.<\/p>\n<p><strong>Bokning:<\/strong><\/p>\n<p>Skicka hotell + rumsnummer + pass med foto till WhatsApp: <strong>+201112596434<\/strong><\/p>\n<p>Om du \u00e4r ute Egypten Bokning nu online och bekr\u00e4fta vid ankomst Hotell.<\/p>\n<p>&nbsp;<\/p>\n<p>&nbsp;<\/p>\n","protected":false},"excerpt":{"rendered":"<p><strong>Privat <\/strong><strong>Soma bay<\/strong> <strong>Taxi Transfer<\/strong> till Luxor, Kairo | Bokning Billiga priser Turistservice Transfer med lyxig minivan och Vip-bil till Marsa alam, EL Gouna, Makadi bay, Hurghada (HRG) flygplats | Kontanter p\u00e5 plats.<\/p>\n","protected":false},"featured_media":454394,"template":"","meta":{"_joinchat":[]},"product_brand":[],"product_cat":[36666],"product_tag":[54459,54435,54423,54463,54480,54598,54603,50723,54427,54557,54551,54568,54593,54561,54431,54419,54455],"class_list":{"0":"post-383102","1":"product","2":"type-product","3":"status-publish","4":"has-post-thumbnail","6":"product_cat-resor","7":"product_tag-aktiviteter-i-soma-bay","8":"product_tag-dagsutflykt-fran-soma-bay-till-pyramiderna","9":"product_tag-dagsutflykt-till-kairo-fran-soma-bay","10":"product_tag-dagsutflykter-i-soma-bay","11":"product_tag-familj-saker-att-gora-fran-soma-bay","12":"product_tag-familjeaktiviteter-fran-soma-bay","13":"product_tag-familjeutflykter-fran-soma-bay","14":"product_tag-privata-rundturer-i-kairo","15":"product_tag-pyramiderna-fran-soma-bay","16":"product_tag-romantiska-saker-att-gora-fran-soma-bay","17":"product_tag-saker-att-gora-i-soma-bay","18":"product_tag-saker-att-gora-i-soma-bay-for-par","19":"product_tag-smabarnsaktiviteter-fran-soma-bay","20":"product_tag-soma-bay-aktiviteter-for-par","21":"product_tag-soma-bay-resa-till-kairo","22":"product_tag-soma-bay-till-pyramiderna","23":"product_tag-utflykter-i-soma-bay","24":"tour_category-dagsturer-till-kairo-fran-soma-bay","25":"tour_category-soma-bay-utflykter","27":"first","28":"instock","29":"sale","30":"shipping-taxable","31":"purchasable","32":"product-type-tour"},"yoast_head":"<!-- This site is optimized with the Yoast SEO Premium plugin v26.9 (Yoast SEO v27.2) - https:\/\/yoast.com\/product\/yoast-seo-premium-wordpress\/ -->\n<title>Privat Soma bay taxitransfer till Luxor, Kairo | Lyx &amp; Vip<\/title>\n<meta name=\"description\" content=\"Privat Soma bay Taxi Transfer till Luxor, Kairo | Bokning Billiga priser Turistservice Transfer med lyxig minivan och Vip-bil till Marsa alam, EL Gouna ...\" \/>\n<meta name=\"robots\" content=\"index, follow, max-snippet:-1, max-image-preview:large, max-video-preview:-1\" \/>\n<link rel=\"canonical\" href=\"https:\/\/hurghadalovers.com\/sv\/tours\/privat-soma-bay-taxi-transfers\/\" \/>\n<meta property=\"og:locale\" content=\"sv_SE\" \/>\n<meta property=\"og:type\" content=\"article\" \/>\n<meta property=\"og:title\" content=\"Privata taxitransfers till Soma Bay\" \/>\n<meta property=\"og:description\" content=\"Privat Soma bay Taxi Transfer till Luxor, Kairo | Bokning Billiga priser Turistservice Transfer med lyxig minivan och Vip-bil till Marsa alam, EL Gouna ...\" \/>\n<meta property=\"og:url\" content=\"https:\/\/hurghadalovers.com\/sv\/tours\/privat-soma-bay-taxi-transfers\/\" \/>\n<meta property=\"og:site_name\" content=\"Hurghada Excursions &amp; Day Trips | Booking Best Prices Tours\" \/>\n<meta property=\"article:publisher\" content=\"https:\/\/www.facebook.com\/Hurghadaloversegypt\" \/>\n<meta property=\"article:modified_time\" content=\"2026-02-08T04:25:32+00:00\" \/>\n<meta property=\"og:image\" content=\"https:\/\/hurghadalovers.com\/wp-content\/uploads\/2023\/08\/Privater-Transfer-von-Soma-bay-2.jpeg\" \/>\n\t<meta property=\"og:image:width\" content=\"1156\" \/>\n\t<meta property=\"og:image:height\" content=\"867\" \/>\n\t<meta property=\"og:image:type\" content=\"image\/jpeg\" \/>\n<meta name=\"twitter:card\" content=\"summary_large_image\" \/>\n<meta name=\"twitter:label1\" content=\"Pris\" \/>\n\t<meta name=\"twitter:data1\" content=\"&euro;&nbsp;30\" \/>\n\t<meta name=\"twitter:label2\" content=\"Tillg\u00e4nglig\" \/>\n\t<meta name=\"twitter:data2\" content=\"I lager\" \/>\n<script type=\"application\/ld+json\" class=\"yoast-schema-graph\">{\"@context\":\"https:\/\/schema.org\",\"@graph\":[{\"@type\":[\"WebPage\",\"ItemPage\"],\"@id\":\"https:\/\/hurghadalovers.com\/sv\/tours\/privat-soma-bay-taxi-transfers\/\",\"url\":\"https:\/\/hurghadalovers.com\/sv\/tours\/privat-soma-bay-taxi-transfers\/\",\"name\":\"Privat Soma bay taxitransfer till Luxor, Kairo | Lyx & Vip\",\"isPartOf\":{\"@id\":\"https:\/\/hurghadalovers.com\/sv\/#website\"},\"primaryImageOfPage\":{\"@id\":\"https:\/\/hurghadalovers.com\/sv\/tours\/privat-soma-bay-taxi-transfers\/#primaryimage\"},\"image\":{\"@id\":\"https:\/\/hurghadalovers.com\/sv\/tours\/privat-soma-bay-taxi-transfers\/#primaryimage\"},\"thumbnailUrl\":\"https:\/\/hurghadalovers.com\/wp-content\/uploads\/2023\/08\/Privater-Transfer-von-Soma-bay-2.jpeg\",\"datePublished\":\"2023-08-26T09:22:14+00:00\",\"dateModified\":\"2026-02-08T04:25:32+00:00\",\"description\":\"Privat Soma bay Taxi Transfer till Luxor, Kairo | Bokning Billiga priser Turistservice Transfer med lyxig minivan och Vip-bil till Marsa alam, EL Gouna ...\",\"breadcrumb\":{\"@id\":\"https:\/\/hurghadalovers.com\/sv\/tours\/privat-soma-bay-taxi-transfers\/#breadcrumb\"},\"inLanguage\":\"sv-SE\",\"potentialAction\":[{\"@type\":\"ReadAction\",\"target\":[\"https:\/\/hurghadalovers.com\/sv\/tours\/privat-soma-bay-taxi-transfers\/\"]}]},{\"@type\":\"ImageObject\",\"inLanguage\":\"sv-SE\",\"@id\":\"https:\/\/hurghadalovers.com\/sv\/tours\/privat-soma-bay-taxi-transfers\/#primaryimage\",\"url\":\"https:\/\/hurghadalovers.com\/wp-content\/uploads\/2023\/08\/Privater-Transfer-von-Soma-bay-2.jpeg\",\"contentUrl\":\"https:\/\/hurghadalovers.com\/wp-content\/uploads\/2023\/08\/Privater-Transfer-von-Soma-bay-2.jpeg\",\"width\":1156,\"height\":867,\"caption\":\"Privater Transfer von Soma Bay nach Luxor, Kairo\"},{\"@type\":\"BreadcrumbList\",\"@id\":\"https:\/\/hurghadalovers.com\/sv\/tours\/privat-soma-bay-taxi-transfers\/#breadcrumb\",\"itemListElement\":[{\"@type\":\"ListItem\",\"position\":1,\"name\":\"Home\",\"item\":\"https:\/\/hurghadalovers.com\/sv\/\"},{\"@type\":\"ListItem\",\"position\":2,\"name\":\"Shop\",\"item\":\"https:\/\/hurghadalovers.com\/shop\/\"},{\"@type\":\"ListItem\",\"position\":3,\"name\":\"Privata taxitransfers till Soma Bay\"}]},{\"@type\":\"WebSite\",\"@id\":\"https:\/\/hurghadalovers.com\/sv\/#website\",\"url\":\"https:\/\/hurghadalovers.com\/sv\/\",\"name\":\"Hurghada Excursions & Day Trips | Booking Best Prices Tours\",\"description\":\"Hurghada Lovers - Best Tour Operator - Excursions &amp; Things to do for Family Day Trips with kids and Couples Romantic. Unique .Hidden gems\",\"publisher\":{\"@id\":\"https:\/\/hurghadalovers.com\/sv\/#organization\"},\"alternateName\":\"Hurghada Excursions\",\"potentialAction\":[{\"@type\":\"SearchAction\",\"target\":{\"@type\":\"EntryPoint\",\"urlTemplate\":\"https:\/\/hurghadalovers.com\/sv\/?s={search_term_string}\"},\"query-input\":{\"@type\":\"PropertyValueSpecification\",\"valueRequired\":true,\"valueName\":\"search_term_string\"}}],\"inLanguage\":\"sv-SE\"},{\"@type\":[\"Organization\",\"Place\",\"TravelAgency\"],\"@id\":\"https:\/\/hurghadalovers.com\/sv\/#organization\",\"name\":\"Hurghada Excursions\",\"url\":\"https:\/\/hurghadalovers.com\/sv\/\",\"logo\":{\"@id\":\"https:\/\/hurghadalovers.com\/sv\/tours\/privat-soma-bay-taxi-transfers\/#local-main-organization-logo\"},\"image\":{\"@id\":\"https:\/\/hurghadalovers.com\/sv\/tours\/privat-soma-bay-taxi-transfers\/#local-main-organization-logo\"},\"sameAs\":[\"https:\/\/www.facebook.com\/Hurghadaloversegypt\"],\"address\":{\"@id\":\"https:\/\/hurghadalovers.com\/sv\/tours\/privat-soma-bay-taxi-transfers\/#local-main-place-address\"},\"telephone\":[\"00201112596434\"],\"contactPoint\":{\"@type\":\"ContactPoint\",\"telephone\":\"00201112596434\",\"email\":\"weyouface@gmail.com\"},\"openingHoursSpecification\":{\"@type\":\"OpeningHoursSpecification\",\"dayOfWeek\":[\"Monday\",\"Tuesday\",\"Wednesday\",\"Thursday\",\"Friday\",\"Saturday\",\"Sunday\"],\"opens\":\"00:00\",\"closes\":\"23:59\"},\"email\":\"weyouface@gmail.com\",\"areaServed\":\"Luxor, Hurghada, El Gouna, Aswan, Sharm El Sheikh, Giza, Alexandria, Marsa Alam, Quseir, Soma Bay, Sahl Hasheesh, Red Sea, Makadi Bay, Cairo\",\"priceRange\":\"$\",\"currenciesAccepted\":\"euro\",\"paymentAccepted\":\"cash on site\"},{\"@type\":\"PostalAddress\",\"@id\":\"https:\/\/hurghadalovers.com\/sv\/tours\/privat-soma-bay-taxi-transfers\/#local-main-place-address\",\"streetAddress\":\"17 Banks street, Alkawther area, top nbk bank\",\"addressLocality\":\"hurghada\",\"postalCode\":\"84511\",\"addressRegion\":\"red sea\",\"addressCountry\":\"EG\"},{\"@type\":\"ImageObject\",\"inLanguage\":\"sv-SE\",\"@id\":\"https:\/\/hurghadalovers.com\/sv\/tours\/privat-soma-bay-taxi-transfers\/#local-main-organization-logo\",\"url\":\"https:\/\/hurghadalovers.com\/wp-content\/uploads\/2019\/10\/hurghada-excursions-logo.png\",\"contentUrl\":\"https:\/\/hurghadalovers.com\/wp-content\/uploads\/2019\/10\/hurghada-excursions-logo.png\",\"width\":272,\"height\":90,\"caption\":\"Hurghada Excursions\"}]}<\/script>\n<meta property=\"product:brand\" content=\"Dagstur till Kairo fr\u00e5n Soma bay\" \/>\n<meta property=\"product:price:amount\" content=\"30\" \/>\n<meta property=\"product:price:currency\" content=\"EUR\" \/>\n<meta property=\"og:availability\" content=\"instock\" \/>\n<meta property=\"product:availability\" content=\"instock\" \/>\n<meta property=\"product:retailer_item_id\" content=\"Somabay042024\" \/>\n<meta property=\"product:condition\" content=\"new\" \/>\n<meta name=\"geo.placename\" content=\"hurghada\" \/>\n<meta name=\"geo.region\" content=\"Egyptien\" \/>\n<!-- \/ Yoast SEO Premium plugin. -->","yoast_head_json":{"title":"Privat Soma bay taxitransfer till Luxor, Kairo | Lyx & Vip","description":"Privat Soma bay Taxi Transfer till Luxor, Kairo | Bokning Billiga priser Turistservice Transfer med lyxig minivan och Vip-bil till Marsa alam, EL Gouna ...","robots":{"index":"index","follow":"follow","max-snippet":"max-snippet:-1","max-image-preview":"max-image-preview:large","max-video-preview":"max-video-preview:-1"},"canonical":"https:\/\/hurghadalovers.com\/sv\/tours\/privat-soma-bay-taxi-transfers\/","og_locale":"sv_SE","og_type":"article","og_title":"Privata taxitransfers till Soma Bay","og_description":"Privat Soma bay Taxi Transfer till Luxor, Kairo | Bokning Billiga priser Turistservice Transfer med lyxig minivan och Vip-bil till Marsa alam, EL Gouna ...","og_url":"https:\/\/hurghadalovers.com\/sv\/tours\/privat-soma-bay-taxi-transfers\/","og_site_name":"Hurghada Excursions &amp; Day Trips | Booking Best Prices Tours","article_publisher":"https:\/\/www.facebook.com\/Hurghadaloversegypt","article_modified_time":"2026-02-08T04:25:32+00:00","og_image":[{"width":1156,"height":867,"url":"https:\/\/hurghadalovers.com\/wp-content\/uploads\/2023\/08\/Privater-Transfer-von-Soma-bay-2.jpeg","type":"image\/jpeg"}],"twitter_card":"summary_large_image","twitter_misc":{"Pris":"&euro;&nbsp;30","Tillg\u00e4nglig":"I lager"},"schema":{"@context":"https:\/\/schema.org","@graph":[{"@type":["WebPage","ItemPage"],"@id":"https:\/\/hurghadalovers.com\/sv\/tours\/privat-soma-bay-taxi-transfers\/","url":"https:\/\/hurghadalovers.com\/sv\/tours\/privat-soma-bay-taxi-transfers\/","name":"Privat Soma bay taxitransfer till Luxor, Kairo | Lyx & Vip","isPartOf":{"@id":"https:\/\/hurghadalovers.com\/sv\/#website"},"primaryImageOfPage":{"@id":"https:\/\/hurghadalovers.com\/sv\/tours\/privat-soma-bay-taxi-transfers\/#primaryimage"},"image":{"@id":"https:\/\/hurghadalovers.com\/sv\/tours\/privat-soma-bay-taxi-transfers\/#primaryimage"},"thumbnailUrl":"https:\/\/hurghadalovers.com\/wp-content\/uploads\/2023\/08\/Privater-Transfer-von-Soma-bay-2.jpeg","datePublished":"2023-08-26T09:22:14+00:00","dateModified":"2026-02-08T04:25:32+00:00","description":"Privat Soma bay Taxi Transfer till Luxor, Kairo | Bokning Billiga priser Turistservice Transfer med lyxig minivan och Vip-bil till Marsa alam, EL Gouna ...","breadcrumb":{"@id":"https:\/\/hurghadalovers.com\/sv\/tours\/privat-soma-bay-taxi-transfers\/#breadcrumb"},"inLanguage":"sv-SE","potentialAction":[{"@type":"ReadAction","target":["https:\/\/hurghadalovers.com\/sv\/tours\/privat-soma-bay-taxi-transfers\/"]}]},{"@type":"ImageObject","inLanguage":"sv-SE","@id":"https:\/\/hurghadalovers.com\/sv\/tours\/privat-soma-bay-taxi-transfers\/#primaryimage","url":"https:\/\/hurghadalovers.com\/wp-content\/uploads\/2023\/08\/Privater-Transfer-von-Soma-bay-2.jpeg","contentUrl":"https:\/\/hurghadalovers.com\/wp-content\/uploads\/2023\/08\/Privater-Transfer-von-Soma-bay-2.jpeg","width":1156,"height":867,"caption":"Privater Transfer von Soma Bay nach Luxor, Kairo"},{"@type":"BreadcrumbList","@id":"https:\/\/hurghadalovers.com\/sv\/tours\/privat-soma-bay-taxi-transfers\/#breadcrumb","itemListElement":[{"@type":"ListItem","position":1,"name":"Home","item":"https:\/\/hurghadalovers.com\/sv\/"},{"@type":"ListItem","position":2,"name":"Shop","item":"https:\/\/hurghadalovers.com\/shop\/"},{"@type":"ListItem","position":3,"name":"Privata taxitransfers till Soma Bay"}]},{"@type":"WebSite","@id":"https:\/\/hurghadalovers.com\/sv\/#website","url":"https:\/\/hurghadalovers.com\/sv\/","name":"Hurghada Excursions & Day Trips | Booking Best Prices Tours","description":"Hurghada Lovers - Best Tour Operator - Excursions &amp; Things to do for Family Day Trips with kids and Couples Romantic. Unique .Hidden gems","publisher":{"@id":"https:\/\/hurghadalovers.com\/sv\/#organization"},"alternateName":"Hurghada Excursions","potentialAction":[{"@type":"SearchAction","target":{"@type":"EntryPoint","urlTemplate":"https:\/\/hurghadalovers.com\/sv\/?s={search_term_string}"},"query-input":{"@type":"PropertyValueSpecification","valueRequired":true,"valueName":"search_term_string"}}],"inLanguage":"sv-SE"},{"@type":["Organization","Place","TravelAgency"],"@id":"https:\/\/hurghadalovers.com\/sv\/#organization","name":"Hurghada Excursions","url":"https:\/\/hurghadalovers.com\/sv\/","logo":{"@id":"https:\/\/hurghadalovers.com\/sv\/tours\/privat-soma-bay-taxi-transfers\/#local-main-organization-logo"},"image":{"@id":"https:\/\/hurghadalovers.com\/sv\/tours\/privat-soma-bay-taxi-transfers\/#local-main-organization-logo"},"sameAs":["https:\/\/www.facebook.com\/Hurghadaloversegypt"],"address":{"@id":"https:\/\/hurghadalovers.com\/sv\/tours\/privat-soma-bay-taxi-transfers\/#local-main-place-address"},"telephone":["00201112596434"],"contactPoint":{"@type":"ContactPoint","telephone":"00201112596434","email":"weyouface@gmail.com"},"openingHoursSpecification":{"@type":"OpeningHoursSpecification","dayOfWeek":["Monday","Tuesday","Wednesday","Thursday","Friday","Saturday","Sunday"],"opens":"00:00","closes":"23:59"},"email":"weyouface@gmail.com","areaServed":"Luxor, Hurghada, El Gouna, Aswan, Sharm El Sheikh, Giza, Alexandria, Marsa Alam, Quseir, Soma Bay, Sahl Hasheesh, Red Sea, Makadi Bay, Cairo","priceRange":"$","currenciesAccepted":"euro","paymentAccepted":"cash on site"},{"@type":"PostalAddress","@id":"https:\/\/hurghadalovers.com\/sv\/tours\/privat-soma-bay-taxi-transfers\/#local-main-place-address","streetAddress":"17 Banks street, Alkawther area, top nbk bank","addressLocality":"hurghada","postalCode":"84511","addressRegion":"red sea","addressCountry":"EG"},{"@type":"ImageObject","inLanguage":"sv-SE","@id":"https:\/\/hurghadalovers.com\/sv\/tours\/privat-soma-bay-taxi-transfers\/#local-main-organization-logo","url":"https:\/\/hurghadalovers.com\/wp-content\/uploads\/2019\/10\/hurghada-excursions-logo.png","contentUrl":"https:\/\/hurghadalovers.com\/wp-content\/uploads\/2019\/10\/hurghada-excursions-logo.png","width":272,"height":90,"caption":"Hurghada Excursions"}]},"product_brand":"Dagstur till Kairo fr\u00e5n Soma bay","product_price_amount":"30","product_price_currency":"EUR","og_availability":"instock","product_availability":"instock","product_retailer_item_id":"Somabay042024","product_condition":"new","geo.placename":"hurghada","geo.region":"Egyptien"},"_links":{"self":[{"href":"https:\/\/hurghadalovers.com\/sv\/wp-json\/wp\/v2\/product\/383102","targetHints":{"allow":["GET"]}}],"collection":[{"href":"https:\/\/hurghadalovers.com\/sv\/wp-json\/wp\/v2\/product"}],"about":[{"href":"https:\/\/hurghadalovers.com\/sv\/wp-json\/wp\/v2\/types\/product"}],"wp:featuredmedia":[{"embeddable":true,"href":"https:\/\/hurghadalovers.com\/sv\/wp-json\/wp\/v2\/media\/454394"}],"wp:attachment":[{"href":"https:\/\/hurghadalovers.com\/sv\/wp-json\/wp\/v2\/media?parent=383102"}],"wp:term":[{"taxonomy":"product_brand","embeddable":true,"href":"https:\/\/hurghadalovers.com\/sv\/wp-json\/wp\/v2\/product_brand?post=383102"},{"taxonomy":"product_cat","embeddable":true,"href":"https:\/\/hurghadalovers.com\/sv\/wp-json\/wp\/v2\/product_cat?post=383102"},{"taxonomy":"product_tag","embeddable":true,"href":"https:\/\/hurghadalovers.com\/sv\/wp-json\/wp\/v2\/product_tag?post=383102"}],"curies":[{"name":"wp","href":"https:\/\/api.w.org\/{rel}","templated":true}]}}