{"id":382970,"date":"2023-08-26T08:59:46","date_gmt":"2023-08-26T08:59:46","guid":{"rendered":"https:\/\/hurghadalovers.com\/shop\/okategoriserad\/dagsutflykter-fran-soma-bay-till-pyramiderna-med-minivan-liten-grupp\/"},"modified":"2026-01-22T23:57:02","modified_gmt":"2026-01-22T23:57:02","slug":"dagsturer-fran-soma-bay-till-pyramiderna-med-minivan","status":"publish","type":"product","link":"https:\/\/hurghadalovers.com\/sv\/tours\/dagsturer-fran-soma-bay-till-pyramiderna-med-minivan\/","title":{"rendered":"Dagsutflykter fr\u00e5n Soma Bay till Pyramiderna med minivan &#8211; liten grupp"},"content":{"rendered":"<p><strong>Dagsutflykter fr\u00e5n <\/strong><strong>Soma Bay<\/strong> <strong>till Pyramiderna med minivan<\/strong> &#8211; Liten grupp 8 personer med privat guide, lunch, biljetter och lyxig transfer.<\/p>\n<p><strong>H\u00f6jdpunkter:<\/strong><\/p>\n<ol>\n<li>Bes\u00f6k pyramiderna i Giza.<\/li>\n<li>Bes\u00f6k den stora sfinxen.<\/li>\n<li>Egyptiska museet.<\/li>\n<li>Lunch p\u00e5 restaurang &#8221;Vegetarisk mat finns tillg\u00e4nglig&#8221;.<\/li>\n<\/ol>\n<p><strong>Dagsutflykter fr\u00e5n <\/strong><strong>Soma-bukten<\/strong> <strong>till Pyramiderna med minivan Detaljer:<\/strong><\/p>\n<ul>\n<li>Tillg\u00e4nglighet f\u00f6r turer: Varje dag.<\/li>\n<li>Typ av resa: Grupp &#8211; 8 personer.<\/li>\n<li>Tid f\u00f6r upph\u00e4mtning: Fr\u00e5n kl. 01.00<\/li>\n<li>Hotellets frukostp\u00e5se ska f\u00f6lja med p\u00e5 morgonen.<\/li>\n<li>Tid f\u00f6r upph\u00e4mtning: 22:30.<\/li>\n<li>Tillg\u00e4ngligt f\u00f6r rullstolsburna.<\/li>\n<li>Varaktighet: 22 timmar<\/li>\n<\/ul>\n<p><strong>Boka nu och betala senare:<\/strong><\/p>\n<ul>\n<li>Kontanter p\u00e5 plats till Guide.<\/li>\n<li>Betalning med egyptiska pund, $, \u20ac eller \u00a3.<\/li>\n<\/ul>\n<p><strong>Regler f\u00f6r avbokning:<\/strong><\/p>\n<ul>\n<li>du kan avboka upp till 24 timmar i f\u00f6rv\u00e4g.<\/li>\n<li>Om n\u00e5gon i din familj avbokar Morning ska du betala 50 % av kostnaden.<\/li>\n<\/ul>\n<p><strong>Vad ing\u00e5r i paketet?<\/strong><\/p>\n<ul>\n<li>Transfer fr\u00e5n Soma bay Hotels &#8221;Hotel pick up and drop off&#8221;.<\/li>\n<li>Alla skatter, intr\u00e4desavgifter och expeditionsavgifter.<\/li>\n<li>\u00d6verf\u00f6ringar.<\/li>\n<li>Reseledare.<\/li>\n<li>Lunch p\u00e5 restaurang.<\/li>\n<\/ul>\n<p><strong>Undantag?<\/strong><\/p>\n<ul>\n<li>Tippning.<\/li>\n<li>Felucca resa &#8221;B\u00e5tkryssning&#8221; I 35 min.<\/li>\n<li>Drycker.<\/li>\n<li>Eventuella extrafunktioner som inte n\u00e4mns.<\/li>\n<\/ul>\n<p><strong>Priser:<\/strong><\/p>\n<ul>\n<li><strong>Vuxenpris = <\/strong><strong>90$ per person<\/strong>.<\/li>\n<li>Pris f\u00f6r barn &#8221;5-12\u2033= 50%.<\/li>\n<li>f\u00f6r barn &#8221;0-5\u2033= Gratis.<\/li>\n<\/ul>\n<p>&nbsp;<\/p>\n<p><strong>Recensioner:<\/strong><\/p>\n<p>kolla v\u00e5ra Google Map Recensioner som B\u00e4sta <a href=\"https:\/\/g.page\/r\/CUeYvkngP3wkEBM\/review\">researrang\u00f6r i Hurghada<\/a> online i <a href=\"https:\/\/hurghadalovers.com\/\">Hurghada<\/a> Egypten.<\/p>\n<p>&nbsp;<\/p>\n<p><strong>Bokning:<\/strong><\/p>\n<p>Skicka hotell + rumsnummer + pass med foto till WhatsApp: <strong>+201112596434<\/strong><\/p>\n<p>Om du \u00e4r ute Egypten Bokning nu online och bekr\u00e4fta vid ankomst Hotell.<\/p>\n<p>&nbsp;<\/p>\n<p>&nbsp;<\/p>\n","protected":false},"excerpt":{"rendered":"<p><strong>Dagsutflykter fr\u00e5n <\/strong><strong>Soma Bay<\/strong> <strong>till Pyramiderna med minivan<\/strong> &#8211; Liten grupp 8 personer med privat guide, lunch, biljetter och lyxig transfer.<\/p>\n","protected":false},"featured_media":928279,"template":"","meta":{"_joinchat":[]},"product_brand":[],"product_cat":[36666],"product_tag":[54459,54581,54435,54423,54463,54427,54587,54557,54551,54568,54575,54561,54431,54419,54455],"class_list":{"0":"post-382970","1":"product","2":"type-product","3":"status-publish","4":"has-post-thumbnail","6":"product_cat-resor","7":"product_tag-aktiviteter-i-soma-bay","8":"product_tag-barnaktiviteter-fran-soma-bay","9":"product_tag-dagsutflykt-fran-soma-bay-till-pyramiderna","10":"product_tag-dagsutflykt-till-kairo-fran-soma-bay","11":"product_tag-dagsutflykter-i-soma-bay","12":"product_tag-pyramiderna-fran-soma-bay","13":"product_tag-roliga-inomhusaktiviteter-fran-soma-bay","14":"product_tag-romantiska-saker-att-gora-fran-soma-bay","15":"product_tag-saker-att-gora-i-soma-bay","16":"product_tag-saker-att-gora-i-soma-bay-for-par","17":"product_tag-saker-att-gora-med-barn-fran-soma-bay","18":"product_tag-soma-bay-aktiviteter-for-par","19":"product_tag-soma-bay-resa-till-kairo","20":"product_tag-soma-bay-till-pyramiderna","21":"product_tag-utflykter-i-soma-bay","22":"tour_category-dagsturer-till-kairo-fran-soma-bay","23":"tour_category-soma-bay-utflykter","25":"first","26":"instock","27":"sale","28":"shipping-taxable","29":"purchasable","30":"product-type-tour"},"yoast_head":"<!-- This site is optimized with the Yoast SEO Premium plugin v26.9 (Yoast SEO v27.2) - https:\/\/yoast.com\/product\/yoast-seo-premium-wordpress\/ -->\n<title>Dagsutflykter fr\u00e5n Soma Bay till Pyramiderna med minivan - liten grupp<\/title>\n<meta name=\"description\" content=\"Dagsutflykter fr\u00e5n Soma Bay till Pyramiderna med minivan - Liten grupp 8 personer med privat guide, lunch, biljetter och lyxig transfer.\" \/>\n<meta name=\"robots\" content=\"index, follow, max-snippet:-1, max-image-preview:large, max-video-preview:-1\" \/>\n<link rel=\"canonical\" href=\"https:\/\/hurghadalovers.com\/sv\/tours\/dagsturer-fran-soma-bay-till-pyramiderna-med-minivan\/\" \/>\n<meta property=\"og:locale\" content=\"sv_SE\" \/>\n<meta property=\"og:type\" content=\"article\" \/>\n<meta property=\"og:title\" content=\"Dagsutflykter fr\u00e5n Soma Bay till Pyramiderna med minivan - liten grupp\" \/>\n<meta property=\"og:description\" content=\"Dagsutflykter fr\u00e5n Soma Bay till Pyramiderna med minivan - Liten grupp 8 personer med privat guide, lunch, biljetter och lyxig transfer.\" \/>\n<meta property=\"og:url\" content=\"https:\/\/hurghadalovers.com\/sv\/tours\/dagsturer-fran-soma-bay-till-pyramiderna-med-minivan\/\" \/>\n<meta property=\"og:site_name\" content=\"Hurghada Excursions &amp; Day Trips | Booking Best Prices Tours\" \/>\n<meta property=\"article:publisher\" content=\"https:\/\/www.facebook.com\/Hurghadaloversegypt\" \/>\n<meta property=\"article:modified_time\" content=\"2026-01-22T23:57:02+00:00\" \/>\n<meta property=\"og:image\" content=\"https:\/\/hurghadalovers.com\/wp-content\/uploads\/2024\/04\/Pharaonic-Tourist-attractions-in-Cairo.jpeg\" \/>\n\t<meta property=\"og:image:width\" content=\"1280\" \/>\n\t<meta property=\"og:image:height\" content=\"720\" \/>\n\t<meta property=\"og:image:type\" content=\"image\/jpeg\" \/>\n<meta name=\"twitter:card\" content=\"summary_large_image\" \/>\n<meta name=\"twitter:label1\" content=\"Pris\" \/>\n\t<meta name=\"twitter:data1\" content=\"&euro;&nbsp;85\" \/>\n\t<meta name=\"twitter:label2\" content=\"Tillg\u00e4nglig\" \/>\n\t<meta name=\"twitter:data2\" content=\"I lager\" \/>\n<script type=\"application\/ld+json\" class=\"yoast-schema-graph\">{\"@context\":\"https:\/\/schema.org\",\"@graph\":[{\"@type\":[\"WebPage\",\"ItemPage\"],\"@id\":\"https:\/\/hurghadalovers.com\/sv\/tours\/dagsturer-fran-soma-bay-till-pyramiderna-med-minivan\/\",\"url\":\"https:\/\/hurghadalovers.com\/sv\/tours\/dagsturer-fran-soma-bay-till-pyramiderna-med-minivan\/\",\"name\":\"Dagsutflykter fr\u00e5n Soma Bay till Pyramiderna med minivan - liten grupp\",\"isPartOf\":{\"@id\":\"https:\/\/hurghadalovers.com\/sv\/#website\"},\"primaryImageOfPage\":{\"@id\":\"https:\/\/hurghadalovers.com\/sv\/tours\/dagsturer-fran-soma-bay-till-pyramiderna-med-minivan\/#primaryimage\"},\"image\":{\"@id\":\"https:\/\/hurghadalovers.com\/sv\/tours\/dagsturer-fran-soma-bay-till-pyramiderna-med-minivan\/#primaryimage\"},\"thumbnailUrl\":\"https:\/\/hurghadalovers.com\/wp-content\/uploads\/2024\/04\/Pharaonic-Tourist-attractions-in-Cairo.jpeg\",\"datePublished\":\"2023-08-26T08:59:46+00:00\",\"dateModified\":\"2026-01-22T23:57:02+00:00\",\"description\":\"Dagsutflykter fr\u00e5n Soma Bay till Pyramiderna med minivan - Liten grupp 8 personer med privat guide, lunch, biljetter och lyxig transfer.\",\"breadcrumb\":{\"@id\":\"https:\/\/hurghadalovers.com\/sv\/tours\/dagsturer-fran-soma-bay-till-pyramiderna-med-minivan\/#breadcrumb\"},\"inLanguage\":\"sv-SE\",\"potentialAction\":[{\"@type\":\"ReadAction\",\"target\":[\"https:\/\/hurghadalovers.com\/sv\/tours\/dagsturer-fran-soma-bay-till-pyramiderna-med-minivan\/\"]}]},{\"@type\":\"ImageObject\",\"inLanguage\":\"sv-SE\",\"@id\":\"https:\/\/hurghadalovers.com\/sv\/tours\/dagsturer-fran-soma-bay-till-pyramiderna-med-minivan\/#primaryimage\",\"url\":\"https:\/\/hurghadalovers.com\/wp-content\/uploads\/2024\/04\/Pharaonic-Tourist-attractions-in-Cairo.jpeg\",\"contentUrl\":\"https:\/\/hurghadalovers.com\/wp-content\/uploads\/2024\/04\/Pharaonic-Tourist-attractions-in-Cairo.jpeg\",\"width\":1280,\"height\":720,\"caption\":\"Pharaonic Tourist attractions in Cairo\"},{\"@type\":\"BreadcrumbList\",\"@id\":\"https:\/\/hurghadalovers.com\/sv\/tours\/dagsturer-fran-soma-bay-till-pyramiderna-med-minivan\/#breadcrumb\",\"itemListElement\":[{\"@type\":\"ListItem\",\"position\":1,\"name\":\"Home\",\"item\":\"https:\/\/hurghadalovers.com\/sv\/\"},{\"@type\":\"ListItem\",\"position\":2,\"name\":\"Shop\",\"item\":\"https:\/\/hurghadalovers.com\/shop\/\"},{\"@type\":\"ListItem\",\"position\":3,\"name\":\"Dagsutflykter fr\u00e5n Soma Bay till Pyramiderna med minivan &#8211; liten grupp\"}]},{\"@type\":\"WebSite\",\"@id\":\"https:\/\/hurghadalovers.com\/sv\/#website\",\"url\":\"https:\/\/hurghadalovers.com\/sv\/\",\"name\":\"Hurghada Excursions & Day Trips | Booking Best Prices Tours\",\"description\":\"Hurghada Lovers - Best Tour Operator - Excursions &amp; Things to do for Family Day Trips with kids and Couples Romantic. Unique .Hidden gems\",\"publisher\":{\"@id\":\"https:\/\/hurghadalovers.com\/sv\/#organization\"},\"alternateName\":\"Hurghada Excursions\",\"potentialAction\":[{\"@type\":\"SearchAction\",\"target\":{\"@type\":\"EntryPoint\",\"urlTemplate\":\"https:\/\/hurghadalovers.com\/sv\/?s={search_term_string}\"},\"query-input\":{\"@type\":\"PropertyValueSpecification\",\"valueRequired\":true,\"valueName\":\"search_term_string\"}}],\"inLanguage\":\"sv-SE\"},{\"@type\":[\"Organization\",\"Place\",\"TravelAgency\"],\"@id\":\"https:\/\/hurghadalovers.com\/sv\/#organization\",\"name\":\"Hurghada Excursions\",\"url\":\"https:\/\/hurghadalovers.com\/sv\/\",\"logo\":{\"@id\":\"https:\/\/hurghadalovers.com\/sv\/tours\/dagsturer-fran-soma-bay-till-pyramiderna-med-minivan\/#local-main-organization-logo\"},\"image\":{\"@id\":\"https:\/\/hurghadalovers.com\/sv\/tours\/dagsturer-fran-soma-bay-till-pyramiderna-med-minivan\/#local-main-organization-logo\"},\"sameAs\":[\"https:\/\/www.facebook.com\/Hurghadaloversegypt\"],\"address\":{\"@id\":\"https:\/\/hurghadalovers.com\/sv\/tours\/dagsturer-fran-soma-bay-till-pyramiderna-med-minivan\/#local-main-place-address\"},\"telephone\":[\"00201112596434\"],\"contactPoint\":{\"@type\":\"ContactPoint\",\"telephone\":\"00201112596434\",\"email\":\"weyouface@gmail.com\"},\"openingHoursSpecification\":{\"@type\":\"OpeningHoursSpecification\",\"dayOfWeek\":[\"Monday\",\"Tuesday\",\"Wednesday\",\"Thursday\",\"Friday\",\"Saturday\",\"Sunday\"],\"opens\":\"00:00\",\"closes\":\"23:59\"},\"email\":\"weyouface@gmail.com\",\"areaServed\":\"Luxor, Hurghada, El Gouna, Aswan, Sharm El Sheikh, Giza, Alexandria, Marsa Alam, Quseir, Soma Bay, Sahl Hasheesh, Red Sea, Makadi Bay, Cairo\",\"priceRange\":\"$\",\"currenciesAccepted\":\"euro\",\"paymentAccepted\":\"cash on site\"},{\"@type\":\"PostalAddress\",\"@id\":\"https:\/\/hurghadalovers.com\/sv\/tours\/dagsturer-fran-soma-bay-till-pyramiderna-med-minivan\/#local-main-place-address\",\"streetAddress\":\"17 Banks street, Alkawther area, top nbk bank\",\"addressLocality\":\"hurghada\",\"postalCode\":\"84511\",\"addressRegion\":\"red sea\",\"addressCountry\":\"EG\"},{\"@type\":\"ImageObject\",\"inLanguage\":\"sv-SE\",\"@id\":\"https:\/\/hurghadalovers.com\/sv\/tours\/dagsturer-fran-soma-bay-till-pyramiderna-med-minivan\/#local-main-organization-logo\",\"url\":\"https:\/\/hurghadalovers.com\/wp-content\/uploads\/2019\/10\/hurghada-excursions-logo.png\",\"contentUrl\":\"https:\/\/hurghadalovers.com\/wp-content\/uploads\/2019\/10\/hurghada-excursions-logo.png\",\"width\":272,\"height\":90,\"caption\":\"Hurghada Excursions\"}]}<\/script>\n<meta property=\"product:brand\" content=\"Dagstur till Kairo fr\u00e5n Soma bay\" \/>\n<meta property=\"product:price:amount\" content=\"85\" \/>\n<meta property=\"product:price:currency\" content=\"EUR\" \/>\n<meta property=\"og:availability\" content=\"instock\" \/>\n<meta property=\"product:availability\" content=\"instock\" \/>\n<meta property=\"product:retailer_item_id\" content=\"Somabay022024\" \/>\n<meta property=\"product:condition\" content=\"new\" \/>\n<meta name=\"geo.placename\" content=\"hurghada\" \/>\n<meta name=\"geo.region\" content=\"Egyptien\" \/>\n<!-- \/ Yoast SEO Premium plugin. -->","yoast_head_json":{"title":"Dagsutflykter fr\u00e5n Soma Bay till Pyramiderna med minivan - liten grupp","description":"Dagsutflykter fr\u00e5n Soma Bay till Pyramiderna med minivan - Liten grupp 8 personer med privat guide, lunch, biljetter och lyxig transfer.","robots":{"index":"index","follow":"follow","max-snippet":"max-snippet:-1","max-image-preview":"max-image-preview:large","max-video-preview":"max-video-preview:-1"},"canonical":"https:\/\/hurghadalovers.com\/sv\/tours\/dagsturer-fran-soma-bay-till-pyramiderna-med-minivan\/","og_locale":"sv_SE","og_type":"article","og_title":"Dagsutflykter fr\u00e5n Soma Bay till Pyramiderna med minivan - liten grupp","og_description":"Dagsutflykter fr\u00e5n Soma Bay till Pyramiderna med minivan - Liten grupp 8 personer med privat guide, lunch, biljetter och lyxig transfer.","og_url":"https:\/\/hurghadalovers.com\/sv\/tours\/dagsturer-fran-soma-bay-till-pyramiderna-med-minivan\/","og_site_name":"Hurghada Excursions &amp; Day Trips | Booking Best Prices Tours","article_publisher":"https:\/\/www.facebook.com\/Hurghadaloversegypt","article_modified_time":"2026-01-22T23:57:02+00:00","og_image":[{"width":1280,"height":720,"url":"https:\/\/hurghadalovers.com\/wp-content\/uploads\/2024\/04\/Pharaonic-Tourist-attractions-in-Cairo.jpeg","type":"image\/jpeg"}],"twitter_card":"summary_large_image","twitter_misc":{"Pris":"&euro;&nbsp;85","Tillg\u00e4nglig":"I lager"},"schema":{"@context":"https:\/\/schema.org","@graph":[{"@type":["WebPage","ItemPage"],"@id":"https:\/\/hurghadalovers.com\/sv\/tours\/dagsturer-fran-soma-bay-till-pyramiderna-med-minivan\/","url":"https:\/\/hurghadalovers.com\/sv\/tours\/dagsturer-fran-soma-bay-till-pyramiderna-med-minivan\/","name":"Dagsutflykter fr\u00e5n Soma Bay till Pyramiderna med minivan - liten grupp","isPartOf":{"@id":"https:\/\/hurghadalovers.com\/sv\/#website"},"primaryImageOfPage":{"@id":"https:\/\/hurghadalovers.com\/sv\/tours\/dagsturer-fran-soma-bay-till-pyramiderna-med-minivan\/#primaryimage"},"image":{"@id":"https:\/\/hurghadalovers.com\/sv\/tours\/dagsturer-fran-soma-bay-till-pyramiderna-med-minivan\/#primaryimage"},"thumbnailUrl":"https:\/\/hurghadalovers.com\/wp-content\/uploads\/2024\/04\/Pharaonic-Tourist-attractions-in-Cairo.jpeg","datePublished":"2023-08-26T08:59:46+00:00","dateModified":"2026-01-22T23:57:02+00:00","description":"Dagsutflykter fr\u00e5n Soma Bay till Pyramiderna med minivan - Liten grupp 8 personer med privat guide, lunch, biljetter och lyxig transfer.","breadcrumb":{"@id":"https:\/\/hurghadalovers.com\/sv\/tours\/dagsturer-fran-soma-bay-till-pyramiderna-med-minivan\/#breadcrumb"},"inLanguage":"sv-SE","potentialAction":[{"@type":"ReadAction","target":["https:\/\/hurghadalovers.com\/sv\/tours\/dagsturer-fran-soma-bay-till-pyramiderna-med-minivan\/"]}]},{"@type":"ImageObject","inLanguage":"sv-SE","@id":"https:\/\/hurghadalovers.com\/sv\/tours\/dagsturer-fran-soma-bay-till-pyramiderna-med-minivan\/#primaryimage","url":"https:\/\/hurghadalovers.com\/wp-content\/uploads\/2024\/04\/Pharaonic-Tourist-attractions-in-Cairo.jpeg","contentUrl":"https:\/\/hurghadalovers.com\/wp-content\/uploads\/2024\/04\/Pharaonic-Tourist-attractions-in-Cairo.jpeg","width":1280,"height":720,"caption":"Pharaonic Tourist attractions in Cairo"},{"@type":"BreadcrumbList","@id":"https:\/\/hurghadalovers.com\/sv\/tours\/dagsturer-fran-soma-bay-till-pyramiderna-med-minivan\/#breadcrumb","itemListElement":[{"@type":"ListItem","position":1,"name":"Home","item":"https:\/\/hurghadalovers.com\/sv\/"},{"@type":"ListItem","position":2,"name":"Shop","item":"https:\/\/hurghadalovers.com\/shop\/"},{"@type":"ListItem","position":3,"name":"Dagsutflykter fr\u00e5n Soma Bay till Pyramiderna med minivan &#8211; liten grupp"}]},{"@type":"WebSite","@id":"https:\/\/hurghadalovers.com\/sv\/#website","url":"https:\/\/hurghadalovers.com\/sv\/","name":"Hurghada Excursions & Day Trips | Booking Best Prices Tours","description":"Hurghada Lovers - Best Tour Operator - Excursions &amp; Things to do for Family Day Trips with kids and Couples Romantic. Unique .Hidden gems","publisher":{"@id":"https:\/\/hurghadalovers.com\/sv\/#organization"},"alternateName":"Hurghada Excursions","potentialAction":[{"@type":"SearchAction","target":{"@type":"EntryPoint","urlTemplate":"https:\/\/hurghadalovers.com\/sv\/?s={search_term_string}"},"query-input":{"@type":"PropertyValueSpecification","valueRequired":true,"valueName":"search_term_string"}}],"inLanguage":"sv-SE"},{"@type":["Organization","Place","TravelAgency"],"@id":"https:\/\/hurghadalovers.com\/sv\/#organization","name":"Hurghada Excursions","url":"https:\/\/hurghadalovers.com\/sv\/","logo":{"@id":"https:\/\/hurghadalovers.com\/sv\/tours\/dagsturer-fran-soma-bay-till-pyramiderna-med-minivan\/#local-main-organization-logo"},"image":{"@id":"https:\/\/hurghadalovers.com\/sv\/tours\/dagsturer-fran-soma-bay-till-pyramiderna-med-minivan\/#local-main-organization-logo"},"sameAs":["https:\/\/www.facebook.com\/Hurghadaloversegypt"],"address":{"@id":"https:\/\/hurghadalovers.com\/sv\/tours\/dagsturer-fran-soma-bay-till-pyramiderna-med-minivan\/#local-main-place-address"},"telephone":["00201112596434"],"contactPoint":{"@type":"ContactPoint","telephone":"00201112596434","email":"weyouface@gmail.com"},"openingHoursSpecification":{"@type":"OpeningHoursSpecification","dayOfWeek":["Monday","Tuesday","Wednesday","Thursday","Friday","Saturday","Sunday"],"opens":"00:00","closes":"23:59"},"email":"weyouface@gmail.com","areaServed":"Luxor, Hurghada, El Gouna, Aswan, Sharm El Sheikh, Giza, Alexandria, Marsa Alam, Quseir, Soma Bay, Sahl Hasheesh, Red Sea, Makadi Bay, Cairo","priceRange":"$","currenciesAccepted":"euro","paymentAccepted":"cash on site"},{"@type":"PostalAddress","@id":"https:\/\/hurghadalovers.com\/sv\/tours\/dagsturer-fran-soma-bay-till-pyramiderna-med-minivan\/#local-main-place-address","streetAddress":"17 Banks street, Alkawther area, top nbk bank","addressLocality":"hurghada","postalCode":"84511","addressRegion":"red sea","addressCountry":"EG"},{"@type":"ImageObject","inLanguage":"sv-SE","@id":"https:\/\/hurghadalovers.com\/sv\/tours\/dagsturer-fran-soma-bay-till-pyramiderna-med-minivan\/#local-main-organization-logo","url":"https:\/\/hurghadalovers.com\/wp-content\/uploads\/2019\/10\/hurghada-excursions-logo.png","contentUrl":"https:\/\/hurghadalovers.com\/wp-content\/uploads\/2019\/10\/hurghada-excursions-logo.png","width":272,"height":90,"caption":"Hurghada Excursions"}]},"product_brand":"Dagstur till Kairo fr\u00e5n Soma bay","product_price_amount":"85","product_price_currency":"EUR","og_availability":"instock","product_availability":"instock","product_retailer_item_id":"Somabay022024","product_condition":"new","geo.placename":"hurghada","geo.region":"Egyptien"},"_links":{"self":[{"href":"https:\/\/hurghadalovers.com\/sv\/wp-json\/wp\/v2\/product\/382970","targetHints":{"allow":["GET"]}}],"collection":[{"href":"https:\/\/hurghadalovers.com\/sv\/wp-json\/wp\/v2\/product"}],"about":[{"href":"https:\/\/hurghadalovers.com\/sv\/wp-json\/wp\/v2\/types\/product"}],"wp:featuredmedia":[{"embeddable":true,"href":"https:\/\/hurghadalovers.com\/sv\/wp-json\/wp\/v2\/media\/928279"}],"wp:attachment":[{"href":"https:\/\/hurghadalovers.com\/sv\/wp-json\/wp\/v2\/media?parent=382970"}],"wp:term":[{"taxonomy":"product_brand","embeddable":true,"href":"https:\/\/hurghadalovers.com\/sv\/wp-json\/wp\/v2\/product_brand?post=382970"},{"taxonomy":"product_cat","embeddable":true,"href":"https:\/\/hurghadalovers.com\/sv\/wp-json\/wp\/v2\/product_cat?post=382970"},{"taxonomy":"product_tag","embeddable":true,"href":"https:\/\/hurghadalovers.com\/sv\/wp-json\/wp\/v2\/product_tag?post=382970"}],"curies":[{"name":"wp","href":"https:\/\/api.w.org\/{rel}","templated":true}]}}