{"id":380419,"date":"2024-04-22T12:00:36","date_gmt":"2024-04-22T12:00:36","guid":{"rendered":"https:\/\/hurghadalovers.com\/shop\/okategoriserad\/snorkeltur-pa-on-orange-bay-fran-hurghada\/"},"modified":"2026-02-09T04:56:40","modified_gmt":"2026-02-09T04:56:40","slug":"orange-bay-island-snorkeling-resor-ifran-hurghada","status":"publish","type":"product","link":"https:\/\/hurghadalovers.com\/sv\/tours\/orange-bay-island-snorkeling-resor-ifran-hurghada\/","title":{"rendered":"Snorkeltur p\u00e5 \u00f6n Orange bay fr\u00e5n Hurghada"},"content":{"rendered":"<p><strong>Orange bay Island Snorkeling Trip fr\u00e5n Hurghada<\/strong> med vattensporter | g\u00e5 med oss i Top Boat Day Trips i Hurghada till Beach Giftun Island och simning i b\u00e4sta husrevspots.<\/p>\n<p style=\"text-align: center;\"><span style=\"color: #00ccff;\">Vackraste Hurghada <span style=\"color: #33cccc;\"><br \/>\n  <strong>Familjev\u00e4nliga aktiviteter<\/strong><br \/>\n<\/span>, <strong>Saker att g\u00f6ra med barn<\/strong>, Seniorer, <strong><br \/>\n  <span style=\"color: #993366;\">smekm\u00e5nad<\/span><br \/>\n<\/strong> och <strong>Par<\/strong>.<\/span><\/p>\n<p><strong>H\u00f6jdpunkter:<\/strong><\/p>\n<ul>\n<li>2 platser f\u00f6r snorkling vid House Reef.<\/li>\n<li>2 timmar vid Orange Bay Island Beach.<\/li>\n<li>Lunch p\u00e5 lyxb\u00e5t.<\/li>\n<li>Vattensporter &#8221;Banana och Quattro&#8221;.<\/li>\n<\/ul>\n<p><strong>Snorklingsresa till Orange Bay Island fr\u00e5n Hurghada Detaljer:<\/strong><\/p>\n<ul>\n<li>Tillg\u00e4nglighet f\u00f6r turer: Varje dag.<\/li>\n<li>Typ av resa: Grupp.<\/li>\n<li>Tid f\u00f6r upph\u00e4mtning: Fr\u00e5n kl. 08.00<\/li>\n<li>Tid f\u00f6r upph\u00e4mtning: 17:00.<\/li>\n<li>Tillg\u00e4ngligt f\u00f6r rullstolsburna.<\/li>\n<li>Varaktighet: 8 timmar.<\/li>\n<\/ul>\n<p><strong>Boka nu och betala senare:<\/strong><\/p>\n<ul>\n<li>Kontanter p\u00e5 plats till Guide.<\/li>\n<li>Betalning med egyptiska pund, $, \u20ac eller \u00a3.<\/li>\n<\/ul>\n<p><strong>Regler f\u00f6r avbokning:<\/strong><\/p>\n<ul>\n<li>du kan avboka upp till 24 timmar i f\u00f6rv\u00e4g.<\/li>\n<li>Om n\u00e5gon i din familj avbokar Morning ska du betala 50 % av kostnaden.<\/li>\n<\/ul>\n<p><strong>Vad ing\u00e5r i paketet?<\/strong><\/p>\n<ul>\n<li>Transfer fr\u00e5n Hurghada Hotels &#8221;Hotel pick up and drop off&#8221;.<\/li>\n<li>Alla skatter, intr\u00e4desavgifter och expeditionsavgifter.<\/li>\n<li>Reseledare.<\/li>\n<li>Mineralvatten + Cola + Mj\u00f6lk + Kaffe\/Te.<\/li>\n<li>2 platser f\u00f6r snorkling<\/li>\n<li>Vattensporter &#8221;Banana, Sofa boat&#8221;.<\/li>\n<li>Snorklingsutrustning &#8221;masker och simfenor&#8221;.<\/li>\n<li>2 timmar vid <strong>Orange Bay Island<\/strong> <strong>Beach<\/strong>.<\/li>\n<li>lunchbuff\u00e9 p\u00e5 b\u00e5ten.<\/li>\n<li>Livv\u00e4star.<\/li>\n<\/ul>\n<p><strong>Undantag?<\/strong><\/p>\n<ul>\n<li>Tippning.<\/li>\n<li>Drinkar p\u00e5 The Orange Bay Restaurant Island.<\/li>\n<li>Fotografering &amp; Foton f\u00f6r resan.<\/li>\n<li>Vi erbjuder hyra baddr\u00e4kter &amp; badkl\u00e4der f\u00f6r kvinnor, m\u00e4n, barn alla storlekar &#8221; 5 $ per en&#8221;.<\/li>\n<li>Eventuella extrafunktioner som inte n\u00e4mns.<\/li>\n<\/ul>\n<p><strong>Snorklingsresa till Orange Bay Island fr\u00e5n Hurghada Priser:<\/strong><\/p>\n<ul>\n<li><strong>Pris f\u00f6r vuxna = <\/strong><strong>fr\u00e5n 25$<\/strong><strong> per person<\/strong>.<\/li>\n<li>Pris f\u00f6r barn &#8221;5-12\u2033= 50%.<\/li>\n<li>f\u00f6r barn &#8221;0-5\u2033= Gratis.<\/li>\n<\/ul>\n<p><strong>Recensioner:<\/strong><\/p>\n<p>kolla v\u00e5ra Google Map Recensioner som B\u00e4sta <a href=\"https:\/\/g.page\/r\/CUeYvkngP3wkEBM\/review\">researrang\u00f6r i Hurghada<\/a> online i <a href=\"https:\/\/hurghadalovers.com\/\">Hurghada<\/a> Egypten.<\/p>\n<p>&nbsp;<\/p>\n<p><strong>Notera:  <\/strong><\/p>\n<p>Vi g\u00f6r ocks\u00e5 turer med transfer fr\u00e5n ditt hotell i El Goua, Soma bay, Makadi bay, Sahl Hasheesh, Safaga med extra kostnad = 10 $ per person.<\/p>\n<p>&nbsp;<\/p>\n<p><strong>Bokning:<\/strong><\/p>\n<p>Skicka hotell + rumsnummer + pass med foto till WhatsApp: <strong>+201112596434<\/strong><\/p>\n<p>Om du \u00e4r ute Egypten Bokning nu online och bekr\u00e4fta vid ankomst Hotell.<\/p>\n","protected":false},"excerpt":{"rendered":"<p>Orange bay Island Snorkeling Trip fr\u00e5n Hurghada med vattensporter | g\u00e5 med oss i Top Boat Day Trips i Hurghada till Beach Giftun Island och simning i b\u00e4sta husrevspots.<\/p>\n","protected":false},"featured_media":483553,"template":"","meta":{"_joinchat":[]},"product_brand":[],"product_cat":[36666],"product_tag":[59107,59059,59322,59350,59329,59310,59293],"class_list":{"0":"post-380419","1":"product","2":"type-product","3":"status-publish","4":"has-post-thumbnail","6":"product_cat-resor","7":"product_tag-aktiviteter-for-tonaringar-fran-hurghada","8":"product_tag-aktiviteter-i-hurghada","9":"product_tag-batutflykter-i-hurghada","10":"product_tag-familjen-roliga-platser-fran-hurghada","11":"product_tag-giftun-island-hurghada-sv","12":"product_tag-orange-bay-island-hurghada-sv","13":"product_tag-snorklingsresor-i-hurghada","14":"tour_category-best-day-trips-from-hurghada-sweden","15":"tour_category-hurghada-snorkeling-trips-sv","17":"first","18":"instock","19":"sale","20":"shipping-taxable","21":"purchasable","22":"product-type-tour"},"yoast_head":"<!-- This site is optimized with the Yoast SEO Premium plugin v26.9 (Yoast SEO v27.2) - https:\/\/yoast.com\/product\/yoast-seo-premium-wordpress\/ -->\n<title>Snorkeltur p\u00e5 \u00f6n Orange bay fr\u00e5n Hurghada<\/title>\n<meta name=\"description\" content=\"Orange bay Island Snorkeling Trip fr\u00e5n Hurghada med vattensporter | g\u00e5 med oss i Top Boat Day Trips i Hurghada och simma i Best House reef Spots.\" \/>\n<meta name=\"robots\" content=\"index, follow, max-snippet:-1, max-image-preview:large, max-video-preview:-1\" \/>\n<link rel=\"canonical\" href=\"https:\/\/hurghadalovers.com\/sv\/tours\/orange-bay-island-snorkeling-resor-ifran-hurghada\/\" \/>\n<meta property=\"og:locale\" content=\"sv_SE\" \/>\n<meta property=\"og:type\" content=\"article\" \/>\n<meta property=\"og:title\" content=\"Snorkeltur p\u00e5 \u00f6n Orange bay fr\u00e5n Hurghada\" \/>\n<meta property=\"og:description\" content=\"Orange bay Island Snorkeling Trip fr\u00e5n Hurghada med vattensporter | g\u00e5 med oss i Top Boat Day Trips i Hurghada och simma i Best House reef Spots.\" \/>\n<meta property=\"og:url\" content=\"https:\/\/hurghadalovers.com\/sv\/tours\/orange-bay-island-snorkeling-resor-ifran-hurghada\/\" \/>\n<meta property=\"og:site_name\" content=\"Hurghada Excursions &amp; Day Trips | Booking Best Prices Tours\" \/>\n<meta property=\"article:publisher\" content=\"https:\/\/www.facebook.com\/Hurghadaloversegypt\" \/>\n<meta property=\"article:modified_time\" content=\"2026-02-09T04:56:40+00:00\" \/>\n<meta property=\"og:image\" content=\"https:\/\/hurghadalovers.com\/wp-content\/uploads\/2024\/04\/Orange-bay-Hurghada-Snorkeling-Boat-Trip-2025.jpg\" \/>\n\t<meta property=\"og:image:width\" content=\"1156\" \/>\n\t<meta property=\"og:image:height\" content=\"867\" \/>\n\t<meta property=\"og:image:type\" content=\"image\/jpeg\" \/>\n<meta name=\"twitter:card\" content=\"summary_large_image\" \/>\n<meta name=\"twitter:label1\" content=\"Pris\" \/>\n\t<meta name=\"twitter:data1\" content=\"&euro;&nbsp;25\" \/>\n\t<meta name=\"twitter:label2\" content=\"Tillg\u00e4nglig\" \/>\n\t<meta name=\"twitter:data2\" content=\"I lager\" \/>\n<script type=\"application\/ld+json\" class=\"yoast-schema-graph\">{\"@context\":\"https:\/\/schema.org\",\"@graph\":[{\"@type\":[\"WebPage\",\"ItemPage\"],\"@id\":\"https:\/\/hurghadalovers.com\/sv\/tours\/orange-bay-island-snorkeling-resor-ifran-hurghada\/\",\"url\":\"https:\/\/hurghadalovers.com\/sv\/tours\/orange-bay-island-snorkeling-resor-ifran-hurghada\/\",\"name\":\"Snorkeltur p\u00e5 \u00f6n Orange bay fr\u00e5n Hurghada\",\"isPartOf\":{\"@id\":\"https:\/\/hurghadalovers.com\/sv\/#website\"},\"primaryImageOfPage\":{\"@id\":\"https:\/\/hurghadalovers.com\/sv\/tours\/orange-bay-island-snorkeling-resor-ifran-hurghada\/#primaryimage\"},\"image\":{\"@id\":\"https:\/\/hurghadalovers.com\/sv\/tours\/orange-bay-island-snorkeling-resor-ifran-hurghada\/#primaryimage\"},\"thumbnailUrl\":\"https:\/\/hurghadalovers.com\/wp-content\/uploads\/2024\/04\/Orange-bay-Hurghada-Snorkeling-Boat-Trip-2025.jpg\",\"datePublished\":\"2024-04-22T12:00:36+00:00\",\"dateModified\":\"2026-02-09T04:56:40+00:00\",\"description\":\"Orange bay Island Snorkeling Trip fr\u00e5n Hurghada med vattensporter | g\u00e5 med oss i Top Boat Day Trips i Hurghada och simma i Best House reef Spots.\",\"breadcrumb\":{\"@id\":\"https:\/\/hurghadalovers.com\/sv\/tours\/orange-bay-island-snorkeling-resor-ifran-hurghada\/#breadcrumb\"},\"inLanguage\":\"sv-SE\",\"potentialAction\":[{\"@type\":\"ReadAction\",\"target\":[\"https:\/\/hurghadalovers.com\/sv\/tours\/orange-bay-island-snorkeling-resor-ifran-hurghada\/\"]}]},{\"@type\":\"ImageObject\",\"inLanguage\":\"sv-SE\",\"@id\":\"https:\/\/hurghadalovers.com\/sv\/tours\/orange-bay-island-snorkeling-resor-ifran-hurghada\/#primaryimage\",\"url\":\"https:\/\/hurghadalovers.com\/wp-content\/uploads\/2024\/04\/Orange-bay-Hurghada-Snorkeling-Boat-Trip-2025.jpg\",\"contentUrl\":\"https:\/\/hurghadalovers.com\/wp-content\/uploads\/2024\/04\/Orange-bay-Hurghada-Snorkeling-Boat-Trip-2025.jpg\",\"width\":1156,\"height\":867,\"caption\":\"Orange bay Hurghada Snorkeling Boat Trip all inclusive\"},{\"@type\":\"BreadcrumbList\",\"@id\":\"https:\/\/hurghadalovers.com\/sv\/tours\/orange-bay-island-snorkeling-resor-ifran-hurghada\/#breadcrumb\",\"itemListElement\":[{\"@type\":\"ListItem\",\"position\":1,\"name\":\"Home\",\"item\":\"https:\/\/hurghadalovers.com\/sv\/\"},{\"@type\":\"ListItem\",\"position\":2,\"name\":\"Shop\",\"item\":\"https:\/\/hurghadalovers.com\/shop\/\"},{\"@type\":\"ListItem\",\"position\":3,\"name\":\"Snorkeltur p\u00e5 \u00f6n Orange bay fr\u00e5n Hurghada\"}]},{\"@type\":\"WebSite\",\"@id\":\"https:\/\/hurghadalovers.com\/sv\/#website\",\"url\":\"https:\/\/hurghadalovers.com\/sv\/\",\"name\":\"Hurghada Excursions & Day Trips | Booking Best Prices Tours\",\"description\":\"Hurghada Lovers - Best Tour Operator - Excursions &amp; Things to do for Family Day Trips with kids and Couples Romantic. Unique .Hidden gems\",\"publisher\":{\"@id\":\"https:\/\/hurghadalovers.com\/sv\/#organization\"},\"alternateName\":\"Hurghada Excursions\",\"potentialAction\":[{\"@type\":\"SearchAction\",\"target\":{\"@type\":\"EntryPoint\",\"urlTemplate\":\"https:\/\/hurghadalovers.com\/sv\/?s={search_term_string}\"},\"query-input\":{\"@type\":\"PropertyValueSpecification\",\"valueRequired\":true,\"valueName\":\"search_term_string\"}}],\"inLanguage\":\"sv-SE\"},{\"@type\":[\"Organization\",\"Place\",\"TravelAgency\"],\"@id\":\"https:\/\/hurghadalovers.com\/sv\/#organization\",\"name\":\"Hurghada Excursions\",\"url\":\"https:\/\/hurghadalovers.com\/sv\/\",\"logo\":{\"@id\":\"https:\/\/hurghadalovers.com\/sv\/tours\/orange-bay-island-snorkeling-resor-ifran-hurghada\/#local-main-organization-logo\"},\"image\":{\"@id\":\"https:\/\/hurghadalovers.com\/sv\/tours\/orange-bay-island-snorkeling-resor-ifran-hurghada\/#local-main-organization-logo\"},\"sameAs\":[\"https:\/\/www.facebook.com\/Hurghadaloversegypt\"],\"address\":{\"@id\":\"https:\/\/hurghadalovers.com\/sv\/tours\/orange-bay-island-snorkeling-resor-ifran-hurghada\/#local-main-place-address\"},\"telephone\":[\"00201112596434\"],\"contactPoint\":{\"@type\":\"ContactPoint\",\"telephone\":\"00201112596434\",\"email\":\"weyouface@gmail.com\"},\"openingHoursSpecification\":{\"@type\":\"OpeningHoursSpecification\",\"dayOfWeek\":[\"Monday\",\"Tuesday\",\"Wednesday\",\"Thursday\",\"Friday\",\"Saturday\",\"Sunday\"],\"opens\":\"00:00\",\"closes\":\"23:59\"},\"email\":\"weyouface@gmail.com\",\"areaServed\":\"Luxor, Hurghada, El Gouna, Aswan, Sharm El Sheikh, Giza, Alexandria, Marsa Alam, Quseir, Soma Bay, Sahl Hasheesh, Red Sea, Makadi Bay, Cairo\",\"priceRange\":\"$\",\"currenciesAccepted\":\"euro\",\"paymentAccepted\":\"cash on site\"},{\"@type\":\"PostalAddress\",\"@id\":\"https:\/\/hurghadalovers.com\/sv\/tours\/orange-bay-island-snorkeling-resor-ifran-hurghada\/#local-main-place-address\",\"streetAddress\":\"17 Banks street, Alkawther area, top nbk bank\",\"addressLocality\":\"hurghada\",\"postalCode\":\"84511\",\"addressRegion\":\"red sea\",\"addressCountry\":\"EG\"},{\"@type\":\"ImageObject\",\"inLanguage\":\"sv-SE\",\"@id\":\"https:\/\/hurghadalovers.com\/sv\/tours\/orange-bay-island-snorkeling-resor-ifran-hurghada\/#local-main-organization-logo\",\"url\":\"https:\/\/hurghadalovers.com\/wp-content\/uploads\/2019\/10\/hurghada-excursions-logo.png\",\"contentUrl\":\"https:\/\/hurghadalovers.com\/wp-content\/uploads\/2019\/10\/hurghada-excursions-logo.png\",\"width\":272,\"height\":90,\"caption\":\"Hurghada Excursions\"}]}<\/script>\n<meta property=\"product:brand\" content=\"B\u00e4sta dagsturerna fr\u00e5n Hurghada\" \/>\n<meta property=\"product:price:amount\" content=\"25\" \/>\n<meta property=\"product:price:currency\" content=\"EUR\" \/>\n<meta property=\"og:availability\" content=\"instock\" \/>\n<meta property=\"product:availability\" content=\"instock\" \/>\n<meta property=\"product:retailer_item_id\" content=\"snorkeling012024\" \/>\n<meta property=\"product:condition\" content=\"new\" \/>\n<meta name=\"geo.placename\" content=\"hurghada\" \/>\n<meta name=\"geo.region\" content=\"Egyptien\" \/>\n<!-- \/ Yoast SEO Premium plugin. -->","yoast_head_json":{"title":"Snorkeltur p\u00e5 \u00f6n Orange bay fr\u00e5n Hurghada","description":"Orange bay Island Snorkeling Trip fr\u00e5n Hurghada med vattensporter | g\u00e5 med oss i Top Boat Day Trips i Hurghada och simma i Best House reef Spots.","robots":{"index":"index","follow":"follow","max-snippet":"max-snippet:-1","max-image-preview":"max-image-preview:large","max-video-preview":"max-video-preview:-1"},"canonical":"https:\/\/hurghadalovers.com\/sv\/tours\/orange-bay-island-snorkeling-resor-ifran-hurghada\/","og_locale":"sv_SE","og_type":"article","og_title":"Snorkeltur p\u00e5 \u00f6n Orange bay fr\u00e5n Hurghada","og_description":"Orange bay Island Snorkeling Trip fr\u00e5n Hurghada med vattensporter | g\u00e5 med oss i Top Boat Day Trips i Hurghada och simma i Best House reef Spots.","og_url":"https:\/\/hurghadalovers.com\/sv\/tours\/orange-bay-island-snorkeling-resor-ifran-hurghada\/","og_site_name":"Hurghada Excursions &amp; Day Trips | Booking Best Prices Tours","article_publisher":"https:\/\/www.facebook.com\/Hurghadaloversegypt","article_modified_time":"2026-02-09T04:56:40+00:00","og_image":[{"width":1156,"height":867,"url":"https:\/\/hurghadalovers.com\/wp-content\/uploads\/2024\/04\/Orange-bay-Hurghada-Snorkeling-Boat-Trip-2025.jpg","type":"image\/jpeg"}],"twitter_card":"summary_large_image","twitter_misc":{"Pris":"&euro;&nbsp;25","Tillg\u00e4nglig":"I lager"},"schema":{"@context":"https:\/\/schema.org","@graph":[{"@type":["WebPage","ItemPage"],"@id":"https:\/\/hurghadalovers.com\/sv\/tours\/orange-bay-island-snorkeling-resor-ifran-hurghada\/","url":"https:\/\/hurghadalovers.com\/sv\/tours\/orange-bay-island-snorkeling-resor-ifran-hurghada\/","name":"Snorkeltur p\u00e5 \u00f6n Orange bay fr\u00e5n Hurghada","isPartOf":{"@id":"https:\/\/hurghadalovers.com\/sv\/#website"},"primaryImageOfPage":{"@id":"https:\/\/hurghadalovers.com\/sv\/tours\/orange-bay-island-snorkeling-resor-ifran-hurghada\/#primaryimage"},"image":{"@id":"https:\/\/hurghadalovers.com\/sv\/tours\/orange-bay-island-snorkeling-resor-ifran-hurghada\/#primaryimage"},"thumbnailUrl":"https:\/\/hurghadalovers.com\/wp-content\/uploads\/2024\/04\/Orange-bay-Hurghada-Snorkeling-Boat-Trip-2025.jpg","datePublished":"2024-04-22T12:00:36+00:00","dateModified":"2026-02-09T04:56:40+00:00","description":"Orange bay Island Snorkeling Trip fr\u00e5n Hurghada med vattensporter | g\u00e5 med oss i Top Boat Day Trips i Hurghada och simma i Best House reef Spots.","breadcrumb":{"@id":"https:\/\/hurghadalovers.com\/sv\/tours\/orange-bay-island-snorkeling-resor-ifran-hurghada\/#breadcrumb"},"inLanguage":"sv-SE","potentialAction":[{"@type":"ReadAction","target":["https:\/\/hurghadalovers.com\/sv\/tours\/orange-bay-island-snorkeling-resor-ifran-hurghada\/"]}]},{"@type":"ImageObject","inLanguage":"sv-SE","@id":"https:\/\/hurghadalovers.com\/sv\/tours\/orange-bay-island-snorkeling-resor-ifran-hurghada\/#primaryimage","url":"https:\/\/hurghadalovers.com\/wp-content\/uploads\/2024\/04\/Orange-bay-Hurghada-Snorkeling-Boat-Trip-2025.jpg","contentUrl":"https:\/\/hurghadalovers.com\/wp-content\/uploads\/2024\/04\/Orange-bay-Hurghada-Snorkeling-Boat-Trip-2025.jpg","width":1156,"height":867,"caption":"Orange bay Hurghada Snorkeling Boat Trip all inclusive"},{"@type":"BreadcrumbList","@id":"https:\/\/hurghadalovers.com\/sv\/tours\/orange-bay-island-snorkeling-resor-ifran-hurghada\/#breadcrumb","itemListElement":[{"@type":"ListItem","position":1,"name":"Home","item":"https:\/\/hurghadalovers.com\/sv\/"},{"@type":"ListItem","position":2,"name":"Shop","item":"https:\/\/hurghadalovers.com\/shop\/"},{"@type":"ListItem","position":3,"name":"Snorkeltur p\u00e5 \u00f6n Orange bay fr\u00e5n Hurghada"}]},{"@type":"WebSite","@id":"https:\/\/hurghadalovers.com\/sv\/#website","url":"https:\/\/hurghadalovers.com\/sv\/","name":"Hurghada Excursions & Day Trips | Booking Best Prices Tours","description":"Hurghada Lovers - Best Tour Operator - Excursions &amp; Things to do for Family Day Trips with kids and Couples Romantic. Unique .Hidden gems","publisher":{"@id":"https:\/\/hurghadalovers.com\/sv\/#organization"},"alternateName":"Hurghada Excursions","potentialAction":[{"@type":"SearchAction","target":{"@type":"EntryPoint","urlTemplate":"https:\/\/hurghadalovers.com\/sv\/?s={search_term_string}"},"query-input":{"@type":"PropertyValueSpecification","valueRequired":true,"valueName":"search_term_string"}}],"inLanguage":"sv-SE"},{"@type":["Organization","Place","TravelAgency"],"@id":"https:\/\/hurghadalovers.com\/sv\/#organization","name":"Hurghada Excursions","url":"https:\/\/hurghadalovers.com\/sv\/","logo":{"@id":"https:\/\/hurghadalovers.com\/sv\/tours\/orange-bay-island-snorkeling-resor-ifran-hurghada\/#local-main-organization-logo"},"image":{"@id":"https:\/\/hurghadalovers.com\/sv\/tours\/orange-bay-island-snorkeling-resor-ifran-hurghada\/#local-main-organization-logo"},"sameAs":["https:\/\/www.facebook.com\/Hurghadaloversegypt"],"address":{"@id":"https:\/\/hurghadalovers.com\/sv\/tours\/orange-bay-island-snorkeling-resor-ifran-hurghada\/#local-main-place-address"},"telephone":["00201112596434"],"contactPoint":{"@type":"ContactPoint","telephone":"00201112596434","email":"weyouface@gmail.com"},"openingHoursSpecification":{"@type":"OpeningHoursSpecification","dayOfWeek":["Monday","Tuesday","Wednesday","Thursday","Friday","Saturday","Sunday"],"opens":"00:00","closes":"23:59"},"email":"weyouface@gmail.com","areaServed":"Luxor, Hurghada, El Gouna, Aswan, Sharm El Sheikh, Giza, Alexandria, Marsa Alam, Quseir, Soma Bay, Sahl Hasheesh, Red Sea, Makadi Bay, Cairo","priceRange":"$","currenciesAccepted":"euro","paymentAccepted":"cash on site"},{"@type":"PostalAddress","@id":"https:\/\/hurghadalovers.com\/sv\/tours\/orange-bay-island-snorkeling-resor-ifran-hurghada\/#local-main-place-address","streetAddress":"17 Banks street, Alkawther area, top nbk bank","addressLocality":"hurghada","postalCode":"84511","addressRegion":"red sea","addressCountry":"EG"},{"@type":"ImageObject","inLanguage":"sv-SE","@id":"https:\/\/hurghadalovers.com\/sv\/tours\/orange-bay-island-snorkeling-resor-ifran-hurghada\/#local-main-organization-logo","url":"https:\/\/hurghadalovers.com\/wp-content\/uploads\/2019\/10\/hurghada-excursions-logo.png","contentUrl":"https:\/\/hurghadalovers.com\/wp-content\/uploads\/2019\/10\/hurghada-excursions-logo.png","width":272,"height":90,"caption":"Hurghada Excursions"}]},"product_brand":"B\u00e4sta dagsturerna fr\u00e5n Hurghada","product_price_amount":"25","product_price_currency":"EUR","og_availability":"instock","product_availability":"instock","product_retailer_item_id":"snorkeling012024","product_condition":"new","geo.placename":"hurghada","geo.region":"Egyptien"},"_links":{"self":[{"href":"https:\/\/hurghadalovers.com\/sv\/wp-json\/wp\/v2\/product\/380419","targetHints":{"allow":["GET"]}}],"collection":[{"href":"https:\/\/hurghadalovers.com\/sv\/wp-json\/wp\/v2\/product"}],"about":[{"href":"https:\/\/hurghadalovers.com\/sv\/wp-json\/wp\/v2\/types\/product"}],"wp:featuredmedia":[{"embeddable":true,"href":"https:\/\/hurghadalovers.com\/sv\/wp-json\/wp\/v2\/media\/483553"}],"wp:attachment":[{"href":"https:\/\/hurghadalovers.com\/sv\/wp-json\/wp\/v2\/media?parent=380419"}],"wp:term":[{"taxonomy":"product_brand","embeddable":true,"href":"https:\/\/hurghadalovers.com\/sv\/wp-json\/wp\/v2\/product_brand?post=380419"},{"taxonomy":"product_cat","embeddable":true,"href":"https:\/\/hurghadalovers.com\/sv\/wp-json\/wp\/v2\/product_cat?post=380419"},{"taxonomy":"product_tag","embeddable":true,"href":"https:\/\/hurghadalovers.com\/sv\/wp-json\/wp\/v2\/product_tag?post=380419"}],"curies":[{"name":"wp","href":"https:\/\/api.w.org\/{rel}","templated":true}]}}