{"id":380356,"date":"2023-08-14T12:09:20","date_gmt":"2023-08-14T12:24:35","guid":{"rendered":"https:\/\/hurghadalovers.com\/shop\/okategoriserad\/morgonutflykt-med-super-jeep-safari-fran-hurghada\/"},"modified":"2026-02-09T22:22:12","modified_gmt":"2026-02-09T22:22:12","slug":"morgon-super-jeep-safari-resa-fran-hurghada","status":"publish","type":"product","link":"https:\/\/hurghadalovers.com\/sv\/tours\/morgon-super-jeep-safari-resa-fran-hurghada\/","title":{"rendered":"Morgonutflykt med Super Jeep Safari fr\u00e5n Hurghada"},"content":{"rendered":"<p><strong>Morgon Super Jeep Safari Trip fr\u00e5n Hurghada<\/strong> med ATV Quad Bike, Spider Car och 4 \u00d7 4 Car till Bedouin Village med Camel Ride och mycket mer.<\/p>\n<p style=\"text-align: center;\"><span style=\"color: #ff9900;\">B\u00e4sta sakerna att g\u00f6ra i Hurghada f\u00f6r <span style=\"color: #33cccc;\"><br \/>\n  <strong>Familjev\u00e4nlig med barn<\/strong><br \/>\n<\/span><strong>Seniorer<\/strong> &amp; <span style=\"color: #993366;\"><br \/>\n  <strong>Romantiker<\/strong><br \/>\n<\/span> och <span style=\"color: #993366;\"><br \/>\n  <strong>Par smekm\u00e5nad<\/strong><br \/>\n<\/span><\/span><\/p>\n<p>&nbsp;<\/p>\n<p><strong>H\u00f6jdpunkter:<\/strong><\/p>\n<ol>\n<li>4\u00d74 Jeep Bil.<\/li>\n<li>K\u00f6rning med fyrhjuling.<\/li>\n<li>Spindelbil.<\/li>\n<li>Kamelridning.<\/li>\n<li>Beduinby.<\/li>\n<\/ol>\n<p><strong>Detaljer:<\/strong><\/p>\n<ul>\n<li>Tillg\u00e4nglighet f\u00f6r turer: Varje dag.<\/li>\n<li>Typ av resa: Grupp.<\/li>\n<li>Tid f\u00f6r upph\u00e4mtning: Fr\u00e5n kl. 08.00<\/li>\n<li>Tid f\u00f6r upph\u00e4mtning: 14:00.<\/li>\n<li>Varaktighet: 5 timmar<\/li>\n<\/ul>\n<p><strong>Boka nu och betala senare:<\/strong><\/p>\n<ul>\n<li>Kontanter p\u00e5 plats till Guide.<\/li>\n<li>Betalning med egyptiska pund, $, \u20ac eller \u00a3.<\/li>\n<\/ul>\n<p><strong>Regler f\u00f6r avbokning:<\/strong><\/p>\n<ul>\n<li>du kan avboka upp till 24 timmar i f\u00f6rv\u00e4g.<\/li>\n<li>Om n\u00e5gon i din familj avbokar Morning ska du betala 50 % av kostnaden.<\/li>\n<\/ul>\n<p><strong>Vad ing\u00e5r i paketet?<\/strong><\/p>\n<ul>\n<li>Transfer fr\u00e5n Hurghada Hotels &#8221;Hotel pick up and drop off&#8221;.<\/li>\n<li>Alla skatter, intr\u00e4desavgifter och expeditionsavgifter.<\/li>\n<li>\u00d6verf\u00f6ringar.<\/li>\n<li>Reseledare.<\/li>\n<li>Hj\u00e4lm.<\/li>\n<\/ul>\n<p><strong>Undantag?<\/strong><\/p>\n<ul>\n<li>Scarf<\/li>\n<li>Skyddsglas\u00f6gon<\/li>\n<li>Tippning.<\/li>\n<li>Fotografering f\u00f6r resan.<\/li>\n<li>Eventuella extrafunktioner som inte n\u00e4mns.<\/li>\n<\/ul>\n<p><strong>Morgon Super Jeep Safari fr\u00e5n Hurghada Priser:<\/strong><\/p>\n<ul>\n<li><strong>Vuxenpris = <\/strong><strong>20$<\/strong><strong> per person<\/strong>.<\/li>\n<li>Pris f\u00f6r barn &#8221;5-12\u2033= 50%.<\/li>\n<li>f\u00f6r barn &#8221;0-5\u2033= Gratis.<\/li>\n<\/ul>\n<p><strong>Recensioner:<\/strong><\/p>\n<p>kolla v\u00e5ra Google Map Recensioner som B\u00e4sta <a href=\"https:\/\/g.page\/r\/CUeYvkngP3wkEBM\/review\">researrang\u00f6r i Hurghada<\/a> online i <a href=\"https:\/\/hurghadalovers.com\/\">Hurghada<\/a> Egypten.<\/p>\n<p>&nbsp;<\/p>\n<p><strong>Notera:  <\/strong><\/p>\n<p>Vi g\u00f6r ocks\u00e5 turer med transfer fr\u00e5n ditt hotell i El Goua, Soma bay, Makadi bay, Sahl Hasheesh, Safaga med extra kostnad = 10 $ per person.<\/p>\n<p>&nbsp;<\/p>\n<p><strong>Bokning:<\/strong><\/p>\n<p>Skicka hotell + rumsnummer + pass med foto till WhatsApp: <strong>+201112596434<\/strong><\/p>\n<p>Om du \u00e4r ute Egypten Bokning nu online och bekr\u00e4fta vid ankomst Hotell.<\/p>\n","protected":false},"excerpt":{"rendered":"<p>Morgon Super Jeep Safari Trip fr\u00e5n Hurghada med ATV Quad Bike, Spider Car och 4 \u00d7 4 Car till Bedouin Village med Camel Ride &#8230; B\u00e4sta sakerna att g\u00f6ra i Hurghada f\u00f6r <strong>familjer med barn<\/strong>, <strong>seniorer<\/strong> och <strong>romantiker<\/strong><\/p>\n","protected":false},"featured_media":380262,"template":"","meta":{"_joinchat":[]},"product_brand":[],"product_cat":[36666],"product_tag":[],"class_list":{"0":"post-380356","1":"product","2":"type-product","3":"status-publish","4":"has-post-thumbnail","6":"product_cat-resor","7":"tour_category-best-day-trips-from-hurghada-sweden","8":"tour_category-safari-hurghada-trips-sv","10":"first","11":"instock","12":"sale","13":"shipping-taxable","14":"purchasable","15":"product-type-tour"},"yoast_head":"<!-- This site is optimized with the Yoast SEO Premium plugin v26.9 (Yoast SEO v27.2) - https:\/\/yoast.com\/product\/yoast-seo-premium-wordpress\/ -->\n<title>Morgon Super Jeep Safari Trip fr\u00e5n Hurghada med ATV<\/title>\n<meta name=\"description\" content=\"Morgon Super Jeep Safari Trip fr\u00e5n Hurghada med ATV Quad Bike, Spider Car och 4 \u00d7 4 Car till Bedouin Village med Camel Ride ... Familjev\u00e4nligt med barn\" \/>\n<meta name=\"robots\" content=\"index, follow, max-snippet:-1, max-image-preview:large, max-video-preview:-1\" \/>\n<link rel=\"canonical\" href=\"https:\/\/hurghadalovers.com\/sv\/tours\/morgon-super-jeep-safari-resa-fran-hurghada\/\" \/>\n<meta property=\"og:locale\" content=\"sv_SE\" \/>\n<meta property=\"og:type\" content=\"article\" \/>\n<meta property=\"og:title\" content=\"Morgonutflykt med Super Jeep Safari fr\u00e5n Hurghada\" \/>\n<meta property=\"og:description\" content=\"Morgon Super Jeep Safari Trip fr\u00e5n Hurghada med ATV Quad Bike, Spider Car och 4 \u00d7 4 Car till Bedouin Village med Camel Ride ... Familjev\u00e4nligt med barn\" \/>\n<meta property=\"og:url\" content=\"https:\/\/hurghadalovers.com\/sv\/tours\/morgon-super-jeep-safari-resa-fran-hurghada\/\" \/>\n<meta property=\"og:site_name\" content=\"Hurghada Excursions &amp; Day Trips | Booking Best Prices Tours\" \/>\n<meta property=\"article:publisher\" content=\"https:\/\/www.facebook.com\/Hurghadaloversegypt\" \/>\n<meta property=\"article:modified_time\" content=\"2026-02-09T22:22:12+00:00\" \/>\n<meta property=\"og:image\" content=\"https:\/\/hurghadalovers.com\/wp-content\/uploads\/2023\/08\/Morning-Super-Jeep-Safari-Trip-from-Hurghada.jpeg\" \/>\n\t<meta property=\"og:image:width\" content=\"1156\" \/>\n\t<meta property=\"og:image:height\" content=\"867\" \/>\n\t<meta property=\"og:image:type\" content=\"image\/jpeg\" \/>\n<meta name=\"twitter:card\" content=\"summary_large_image\" \/>\n<meta name=\"twitter:label1\" content=\"Pris\" \/>\n\t<meta name=\"twitter:data1\" content=\"&euro;&nbsp;25\" \/>\n\t<meta name=\"twitter:label2\" content=\"Tillg\u00e4nglig\" \/>\n\t<meta name=\"twitter:data2\" content=\"I lager\" \/>\n<script type=\"application\/ld+json\" class=\"yoast-schema-graph\">{\"@context\":\"https:\/\/schema.org\",\"@graph\":[{\"@type\":[\"WebPage\",\"ItemPage\"],\"@id\":\"https:\/\/hurghadalovers.com\/sv\/tours\/morgon-super-jeep-safari-resa-fran-hurghada\/\",\"url\":\"https:\/\/hurghadalovers.com\/sv\/tours\/morgon-super-jeep-safari-resa-fran-hurghada\/\",\"name\":\"Morgon Super Jeep Safari Trip fr\u00e5n Hurghada med ATV\",\"isPartOf\":{\"@id\":\"https:\/\/hurghadalovers.com\/sv\/#website\"},\"primaryImageOfPage\":{\"@id\":\"https:\/\/hurghadalovers.com\/sv\/tours\/morgon-super-jeep-safari-resa-fran-hurghada\/#primaryimage\"},\"image\":{\"@id\":\"https:\/\/hurghadalovers.com\/sv\/tours\/morgon-super-jeep-safari-resa-fran-hurghada\/#primaryimage\"},\"thumbnailUrl\":\"https:\/\/hurghadalovers.com\/wp-content\/uploads\/2023\/08\/Morning-Super-Jeep-Safari-Trip-from-Hurghada.jpeg\",\"datePublished\":\"2023-08-14T12:24:35+00:00\",\"dateModified\":\"2026-02-09T22:22:12+00:00\",\"description\":\"Morgon Super Jeep Safari Trip fr\u00e5n Hurghada med ATV Quad Bike, Spider Car och 4 \u00d7 4 Car till Bedouin Village med Camel Ride ... Familjev\u00e4nligt med barn\",\"breadcrumb\":{\"@id\":\"https:\/\/hurghadalovers.com\/sv\/tours\/morgon-super-jeep-safari-resa-fran-hurghada\/#breadcrumb\"},\"inLanguage\":\"sv-SE\",\"potentialAction\":[{\"@type\":\"ReadAction\",\"target\":[\"https:\/\/hurghadalovers.com\/sv\/tours\/morgon-super-jeep-safari-resa-fran-hurghada\/\"]}]},{\"@type\":\"ImageObject\",\"inLanguage\":\"sv-SE\",\"@id\":\"https:\/\/hurghadalovers.com\/sv\/tours\/morgon-super-jeep-safari-resa-fran-hurghada\/#primaryimage\",\"url\":\"https:\/\/hurghadalovers.com\/wp-content\/uploads\/2023\/08\/Morning-Super-Jeep-Safari-Trip-from-Hurghada.jpeg\",\"contentUrl\":\"https:\/\/hurghadalovers.com\/wp-content\/uploads\/2023\/08\/Morning-Super-Jeep-Safari-Trip-from-Hurghada.jpeg\",\"width\":1156,\"height\":867,\"caption\":\"Morning Super Jeep Safari Trip from Hurghada\"},{\"@type\":\"BreadcrumbList\",\"@id\":\"https:\/\/hurghadalovers.com\/sv\/tours\/morgon-super-jeep-safari-resa-fran-hurghada\/#breadcrumb\",\"itemListElement\":[{\"@type\":\"ListItem\",\"position\":1,\"name\":\"Home\",\"item\":\"https:\/\/hurghadalovers.com\/sv\/\"},{\"@type\":\"ListItem\",\"position\":2,\"name\":\"Shop\",\"item\":\"https:\/\/hurghadalovers.com\/shop\/\"},{\"@type\":\"ListItem\",\"position\":3,\"name\":\"Morgonutflykt med Super Jeep Safari fr\u00e5n Hurghada\"}]},{\"@type\":\"WebSite\",\"@id\":\"https:\/\/hurghadalovers.com\/sv\/#website\",\"url\":\"https:\/\/hurghadalovers.com\/sv\/\",\"name\":\"Hurghada Excursions & Day Trips | Booking Best Prices Tours\",\"description\":\"Hurghada Lovers - Best Tour Operator - Excursions &amp; Things to do for Family Day Trips with kids and Couples Romantic. Unique .Hidden gems\",\"publisher\":{\"@id\":\"https:\/\/hurghadalovers.com\/sv\/#organization\"},\"alternateName\":\"Hurghada Excursions\",\"potentialAction\":[{\"@type\":\"SearchAction\",\"target\":{\"@type\":\"EntryPoint\",\"urlTemplate\":\"https:\/\/hurghadalovers.com\/sv\/?s={search_term_string}\"},\"query-input\":{\"@type\":\"PropertyValueSpecification\",\"valueRequired\":true,\"valueName\":\"search_term_string\"}}],\"inLanguage\":\"sv-SE\"},{\"@type\":[\"Organization\",\"Place\",\"TravelAgency\"],\"@id\":\"https:\/\/hurghadalovers.com\/sv\/#organization\",\"name\":\"Hurghada Excursions\",\"url\":\"https:\/\/hurghadalovers.com\/sv\/\",\"logo\":{\"@id\":\"https:\/\/hurghadalovers.com\/sv\/tours\/morgon-super-jeep-safari-resa-fran-hurghada\/#local-main-organization-logo\"},\"image\":{\"@id\":\"https:\/\/hurghadalovers.com\/sv\/tours\/morgon-super-jeep-safari-resa-fran-hurghada\/#local-main-organization-logo\"},\"sameAs\":[\"https:\/\/www.facebook.com\/Hurghadaloversegypt\"],\"address\":{\"@id\":\"https:\/\/hurghadalovers.com\/sv\/tours\/morgon-super-jeep-safari-resa-fran-hurghada\/#local-main-place-address\"},\"telephone\":[\"00201112596434\"],\"contactPoint\":{\"@type\":\"ContactPoint\",\"telephone\":\"00201112596434\",\"email\":\"weyouface@gmail.com\"},\"openingHoursSpecification\":{\"@type\":\"OpeningHoursSpecification\",\"dayOfWeek\":[\"Monday\",\"Tuesday\",\"Wednesday\",\"Thursday\",\"Friday\",\"Saturday\",\"Sunday\"],\"opens\":\"00:00\",\"closes\":\"23:59\"},\"email\":\"weyouface@gmail.com\",\"areaServed\":\"Luxor, Hurghada, El Gouna, Aswan, Sharm El Sheikh, Giza, Alexandria, Marsa Alam, Quseir, Soma Bay, Sahl Hasheesh, Red Sea, Makadi Bay, Cairo\",\"priceRange\":\"$\",\"currenciesAccepted\":\"euro\",\"paymentAccepted\":\"cash on site\"},{\"@type\":\"PostalAddress\",\"@id\":\"https:\/\/hurghadalovers.com\/sv\/tours\/morgon-super-jeep-safari-resa-fran-hurghada\/#local-main-place-address\",\"streetAddress\":\"17 Banks street, Alkawther area, top nbk bank\",\"addressLocality\":\"hurghada\",\"postalCode\":\"84511\",\"addressRegion\":\"red sea\",\"addressCountry\":\"EG\"},{\"@type\":\"ImageObject\",\"inLanguage\":\"sv-SE\",\"@id\":\"https:\/\/hurghadalovers.com\/sv\/tours\/morgon-super-jeep-safari-resa-fran-hurghada\/#local-main-organization-logo\",\"url\":\"https:\/\/hurghadalovers.com\/wp-content\/uploads\/2019\/10\/hurghada-excursions-logo.png\",\"contentUrl\":\"https:\/\/hurghadalovers.com\/wp-content\/uploads\/2019\/10\/hurghada-excursions-logo.png\",\"width\":272,\"height\":90,\"caption\":\"Hurghada Excursions\"}]}<\/script>\n<meta property=\"product:brand\" content=\"B\u00e4sta dagsturerna fr\u00e5n Hurghada\" \/>\n<meta property=\"product:price:amount\" content=\"25\" \/>\n<meta property=\"product:price:currency\" content=\"EUR\" \/>\n<meta property=\"og:availability\" content=\"instock\" \/>\n<meta property=\"product:availability\" content=\"instock\" \/>\n<meta property=\"product:retailer_item_id\" content=\"Safari082024\" \/>\n<meta property=\"product:condition\" content=\"new\" \/>\n<meta name=\"geo.placename\" content=\"hurghada\" \/>\n<meta name=\"geo.region\" content=\"Egyptien\" \/>\n<!-- \/ Yoast SEO Premium plugin. -->","yoast_head_json":{"title":"Morgon Super Jeep Safari Trip fr\u00e5n Hurghada med ATV","description":"Morgon Super Jeep Safari Trip fr\u00e5n Hurghada med ATV Quad Bike, Spider Car och 4 \u00d7 4 Car till Bedouin Village med Camel Ride ... Familjev\u00e4nligt med barn","robots":{"index":"index","follow":"follow","max-snippet":"max-snippet:-1","max-image-preview":"max-image-preview:large","max-video-preview":"max-video-preview:-1"},"canonical":"https:\/\/hurghadalovers.com\/sv\/tours\/morgon-super-jeep-safari-resa-fran-hurghada\/","og_locale":"sv_SE","og_type":"article","og_title":"Morgonutflykt med Super Jeep Safari fr\u00e5n Hurghada","og_description":"Morgon Super Jeep Safari Trip fr\u00e5n Hurghada med ATV Quad Bike, Spider Car och 4 \u00d7 4 Car till Bedouin Village med Camel Ride ... Familjev\u00e4nligt med barn","og_url":"https:\/\/hurghadalovers.com\/sv\/tours\/morgon-super-jeep-safari-resa-fran-hurghada\/","og_site_name":"Hurghada Excursions &amp; Day Trips | Booking Best Prices Tours","article_publisher":"https:\/\/www.facebook.com\/Hurghadaloversegypt","article_modified_time":"2026-02-09T22:22:12+00:00","og_image":[{"width":1156,"height":867,"url":"https:\/\/hurghadalovers.com\/wp-content\/uploads\/2023\/08\/Morning-Super-Jeep-Safari-Trip-from-Hurghada.jpeg","type":"image\/jpeg"}],"twitter_card":"summary_large_image","twitter_misc":{"Pris":"&euro;&nbsp;25","Tillg\u00e4nglig":"I lager"},"schema":{"@context":"https:\/\/schema.org","@graph":[{"@type":["WebPage","ItemPage"],"@id":"https:\/\/hurghadalovers.com\/sv\/tours\/morgon-super-jeep-safari-resa-fran-hurghada\/","url":"https:\/\/hurghadalovers.com\/sv\/tours\/morgon-super-jeep-safari-resa-fran-hurghada\/","name":"Morgon Super Jeep Safari Trip fr\u00e5n Hurghada med ATV","isPartOf":{"@id":"https:\/\/hurghadalovers.com\/sv\/#website"},"primaryImageOfPage":{"@id":"https:\/\/hurghadalovers.com\/sv\/tours\/morgon-super-jeep-safari-resa-fran-hurghada\/#primaryimage"},"image":{"@id":"https:\/\/hurghadalovers.com\/sv\/tours\/morgon-super-jeep-safari-resa-fran-hurghada\/#primaryimage"},"thumbnailUrl":"https:\/\/hurghadalovers.com\/wp-content\/uploads\/2023\/08\/Morning-Super-Jeep-Safari-Trip-from-Hurghada.jpeg","datePublished":"2023-08-14T12:24:35+00:00","dateModified":"2026-02-09T22:22:12+00:00","description":"Morgon Super Jeep Safari Trip fr\u00e5n Hurghada med ATV Quad Bike, Spider Car och 4 \u00d7 4 Car till Bedouin Village med Camel Ride ... Familjev\u00e4nligt med barn","breadcrumb":{"@id":"https:\/\/hurghadalovers.com\/sv\/tours\/morgon-super-jeep-safari-resa-fran-hurghada\/#breadcrumb"},"inLanguage":"sv-SE","potentialAction":[{"@type":"ReadAction","target":["https:\/\/hurghadalovers.com\/sv\/tours\/morgon-super-jeep-safari-resa-fran-hurghada\/"]}]},{"@type":"ImageObject","inLanguage":"sv-SE","@id":"https:\/\/hurghadalovers.com\/sv\/tours\/morgon-super-jeep-safari-resa-fran-hurghada\/#primaryimage","url":"https:\/\/hurghadalovers.com\/wp-content\/uploads\/2023\/08\/Morning-Super-Jeep-Safari-Trip-from-Hurghada.jpeg","contentUrl":"https:\/\/hurghadalovers.com\/wp-content\/uploads\/2023\/08\/Morning-Super-Jeep-Safari-Trip-from-Hurghada.jpeg","width":1156,"height":867,"caption":"Morning Super Jeep Safari Trip from Hurghada"},{"@type":"BreadcrumbList","@id":"https:\/\/hurghadalovers.com\/sv\/tours\/morgon-super-jeep-safari-resa-fran-hurghada\/#breadcrumb","itemListElement":[{"@type":"ListItem","position":1,"name":"Home","item":"https:\/\/hurghadalovers.com\/sv\/"},{"@type":"ListItem","position":2,"name":"Shop","item":"https:\/\/hurghadalovers.com\/shop\/"},{"@type":"ListItem","position":3,"name":"Morgonutflykt med Super Jeep Safari fr\u00e5n Hurghada"}]},{"@type":"WebSite","@id":"https:\/\/hurghadalovers.com\/sv\/#website","url":"https:\/\/hurghadalovers.com\/sv\/","name":"Hurghada Excursions & Day Trips | Booking Best Prices Tours","description":"Hurghada Lovers - Best Tour Operator - Excursions &amp; Things to do for Family Day Trips with kids and Couples Romantic. Unique .Hidden gems","publisher":{"@id":"https:\/\/hurghadalovers.com\/sv\/#organization"},"alternateName":"Hurghada Excursions","potentialAction":[{"@type":"SearchAction","target":{"@type":"EntryPoint","urlTemplate":"https:\/\/hurghadalovers.com\/sv\/?s={search_term_string}"},"query-input":{"@type":"PropertyValueSpecification","valueRequired":true,"valueName":"search_term_string"}}],"inLanguage":"sv-SE"},{"@type":["Organization","Place","TravelAgency"],"@id":"https:\/\/hurghadalovers.com\/sv\/#organization","name":"Hurghada Excursions","url":"https:\/\/hurghadalovers.com\/sv\/","logo":{"@id":"https:\/\/hurghadalovers.com\/sv\/tours\/morgon-super-jeep-safari-resa-fran-hurghada\/#local-main-organization-logo"},"image":{"@id":"https:\/\/hurghadalovers.com\/sv\/tours\/morgon-super-jeep-safari-resa-fran-hurghada\/#local-main-organization-logo"},"sameAs":["https:\/\/www.facebook.com\/Hurghadaloversegypt"],"address":{"@id":"https:\/\/hurghadalovers.com\/sv\/tours\/morgon-super-jeep-safari-resa-fran-hurghada\/#local-main-place-address"},"telephone":["00201112596434"],"contactPoint":{"@type":"ContactPoint","telephone":"00201112596434","email":"weyouface@gmail.com"},"openingHoursSpecification":{"@type":"OpeningHoursSpecification","dayOfWeek":["Monday","Tuesday","Wednesday","Thursday","Friday","Saturday","Sunday"],"opens":"00:00","closes":"23:59"},"email":"weyouface@gmail.com","areaServed":"Luxor, Hurghada, El Gouna, Aswan, Sharm El Sheikh, Giza, Alexandria, Marsa Alam, Quseir, Soma Bay, Sahl Hasheesh, Red Sea, Makadi Bay, Cairo","priceRange":"$","currenciesAccepted":"euro","paymentAccepted":"cash on site"},{"@type":"PostalAddress","@id":"https:\/\/hurghadalovers.com\/sv\/tours\/morgon-super-jeep-safari-resa-fran-hurghada\/#local-main-place-address","streetAddress":"17 Banks street, Alkawther area, top nbk bank","addressLocality":"hurghada","postalCode":"84511","addressRegion":"red sea","addressCountry":"EG"},{"@type":"ImageObject","inLanguage":"sv-SE","@id":"https:\/\/hurghadalovers.com\/sv\/tours\/morgon-super-jeep-safari-resa-fran-hurghada\/#local-main-organization-logo","url":"https:\/\/hurghadalovers.com\/wp-content\/uploads\/2019\/10\/hurghada-excursions-logo.png","contentUrl":"https:\/\/hurghadalovers.com\/wp-content\/uploads\/2019\/10\/hurghada-excursions-logo.png","width":272,"height":90,"caption":"Hurghada Excursions"}]},"product_brand":"B\u00e4sta dagsturerna fr\u00e5n Hurghada","product_price_amount":"25","product_price_currency":"EUR","og_availability":"instock","product_availability":"instock","product_retailer_item_id":"Safari082024","product_condition":"new","geo.placename":"hurghada","geo.region":"Egyptien"},"_links":{"self":[{"href":"https:\/\/hurghadalovers.com\/sv\/wp-json\/wp\/v2\/product\/380356","targetHints":{"allow":["GET"]}}],"collection":[{"href":"https:\/\/hurghadalovers.com\/sv\/wp-json\/wp\/v2\/product"}],"about":[{"href":"https:\/\/hurghadalovers.com\/sv\/wp-json\/wp\/v2\/types\/product"}],"wp:featuredmedia":[{"embeddable":true,"href":"https:\/\/hurghadalovers.com\/sv\/wp-json\/wp\/v2\/media\/380262"}],"wp:attachment":[{"href":"https:\/\/hurghadalovers.com\/sv\/wp-json\/wp\/v2\/media?parent=380356"}],"wp:term":[{"taxonomy":"product_brand","embeddable":true,"href":"https:\/\/hurghadalovers.com\/sv\/wp-json\/wp\/v2\/product_brand?post=380356"},{"taxonomy":"product_cat","embeddable":true,"href":"https:\/\/hurghadalovers.com\/sv\/wp-json\/wp\/v2\/product_cat?post=380356"},{"taxonomy":"product_tag","embeddable":true,"href":"https:\/\/hurghadalovers.com\/sv\/wp-json\/wp\/v2\/product_tag?post=380356"}],"curies":[{"name":"wp","href":"https:\/\/api.w.org\/{rel}","templated":true}]}}