{"id":336810,"date":"2023-07-15T17:26:38","date_gmt":"2023-07-16T07:41:28","guid":{"rendered":"https:\/\/hurghadalovers.com\/shop\/okategoriserad\/privat-motorbat-till-dolphin-house-fran-hurghada\/"},"modified":"2026-02-09T16:58:42","modified_gmt":"2026-02-09T16:58:42","slug":"privat-motorbat-till-delfinhus-fran-hurghada","status":"publish","type":"product","link":"https:\/\/hurghadalovers.com\/sv\/tours\/privat-motorbat-till-delfinhus-fran-hurghada\/","title":{"rendered":"Privat motorb\u00e5t till Dolphin House fr\u00e5n Hurghada"},"content":{"rendered":"<p><strong>Privat motorb\u00e5t till Dolphin House fr\u00e5n Hurghada<\/strong><\/p>\n<p>Bokning 4hr Dolphin Spotting &amp; Swimming with Dolphins + 2 Snorkeling Spots.<\/p>\n<h4><strong>H\u00f6jdpunkter:<\/strong><\/h4>\n<ul>\n<li>Snabbg\u00e5ende b\u00e5t.<\/li>\n<li>Privat transfer.<\/li>\n<li>Snorklingsutrustning.<\/li>\n<li>Vatten, l\u00e4skedrycker.<\/li>\n<li>Platser f\u00f6r snorkling House Reef.<\/li>\n<li>Dolphin House &amp; Simma med delfiner.<\/li>\n<\/ul>\n<h4><strong>Detaljer:<\/strong><\/h4>\n<ul>\n<li>Tillg\u00e4nglighet: Varje dag.<\/li>\n<li>Tillg\u00e4ngligt f\u00f6r rullstolsburna.<\/li>\n<li>Varaktighet: 04 timmar<\/li>\n<li>Upph\u00e4mtningstid fr\u00e5n Hurghada Hotels: fr\u00e5n 07:30 A.M eller som du vill.<\/li>\n<li>Avh\u00e4mtning p\u00e5 Hurghada Hotel: 18:00 eller som du vill.<\/li>\n<\/ul>\n<h3><strong>Boka nu och betala senare:<\/strong><\/h3>\n<p>Kontanter p\u00e5 plats till Mr Tamer&#8221; eller kan ordna m\u00f6testid p\u00e5 hotellet&#8221;.<\/p>\n<p>Betalning med egyptiska pund, dollar, euro eller brittiska pund.<\/p>\n<p>&nbsp;<\/p>\n<h3><strong>Regler f\u00f6r avbokning:<\/strong><\/h3>\n<p>du kan avboka upp till 24 timmar i f\u00f6rv\u00e4g.<\/p>\n<p>&nbsp;<\/p>\n<h4><strong>Inkluderingar &#8211; Vad ing\u00e5r i privat snabbb\u00e5t till Dolphin House?<\/strong><\/h4>\n<ol>\n<li>Privat transfer fr\u00e5n Hurghada Hotels &#8221;h\u00e4mtning och l\u00e4mning vid hotellet&#8221;.<\/li>\n<li>Snorkelguide.<\/li>\n<li>Alla skatter, intr\u00e4desavgifter och expeditionsavgifter.<\/li>\n<li>Mineralvatten + Cola + Mj\u00f6lk + Kaffe\/Te.<\/li>\n<li>  2 -3 platser f\u00f6r snorkling.<\/li>\n<li>Snorklingsutrustning &#8221;Masker, flytv\u00e4star och simfenor&#8221;.<\/li>\n<\/ol>\n<h4><strong>Undantag &#8211; Hyrb\u00e5t fr\u00e5n Hurghada Ing\u00e5r?<\/strong><\/h4>\n<ul>\n<li>Dricks &#8221;Guide Gratuity&#8221;.<\/li>\n<li>Drinkar i The Paradise Island Restaurant Island.<\/li>\n<li>Mat och lunch &#8221; kan l\u00e4gga till extra som du vill&#8221;<\/li>\n<li>Fotografering f\u00f6r resan eller kan avboka Fotografering man med resa.<\/li>\n<li>Vi erbjuder hyra baddr\u00e4kter &amp; badkl\u00e4der f\u00f6r kvinnor, m\u00e4n, barn alla storlek &#8221;5 $ per en&#8221;.<\/li>\n<\/ul>\n<h3><strong>Privat motorb\u00e5t till Dolphin House fr\u00e5n Hurghada Priser:<\/strong><\/h3>\n<p><strong>4 timmar = 200$<\/strong><\/p>\n<p>&nbsp;<\/p>\n","protected":false},"excerpt":{"rendered":"<p>Privat Speedboat till Dolphin House fr\u00e5n Hurghada | Bokning 4hr Dolphin Spotting &amp; Simning med delfiner + 2 snorklingsplatser med transfer &#8230;<\/p>\n","protected":false},"featured_media":995802,"template":"","meta":{"_joinchat":[]},"product_brand":[],"product_cat":[36666],"product_tag":[],"class_list":{"0":"post-336810","1":"product","2":"type-product","3":"status-publish","4":"has-post-thumbnail","6":"product_cat-resor","7":"tour_category-best-day-trips-from-hurghada-sweden","8":"tour_category-hurghada-snorkeling-trips-sv","10":"first","11":"instock","12":"sale","13":"shipping-taxable","14":"purchasable","15":"product-type-tour"},"yoast_head":"<!-- This site is optimized with the Yoast SEO Premium plugin v26.9 (Yoast SEO v27.2) - https:\/\/yoast.com\/product\/yoast-seo-premium-wordpress\/ -->\n<title>Privat motorb\u00e5t till Dolphin House fr\u00e5n Hurghada<\/title>\n<meta name=\"description\" content=\"Privat Speedboat till Dolphin House fr\u00e5n Hurghada | Bokning 4hr Dolphin Spotting &amp; Simning med delfiner + 2 snorklingsplatser med transfer ...\" \/>\n<meta name=\"robots\" content=\"index, follow, max-snippet:-1, max-image-preview:large, max-video-preview:-1\" \/>\n<link rel=\"canonical\" href=\"https:\/\/hurghadalovers.com\/sv\/tours\/privat-motorbat-till-delfinhus-fran-hurghada\/\" \/>\n<meta property=\"og:locale\" content=\"sv_SE\" \/>\n<meta property=\"og:type\" content=\"article\" \/>\n<meta property=\"og:title\" content=\"Privat motorb\u00e5t till Dolphin House fr\u00e5n Hurghada\" \/>\n<meta property=\"og:description\" content=\"Privat Speedboat till Dolphin House fr\u00e5n Hurghada | Bokning 4hr Dolphin Spotting &amp; Simning med delfiner + 2 snorklingsplatser med transfer ...\" \/>\n<meta property=\"og:url\" content=\"https:\/\/hurghadalovers.com\/sv\/tours\/privat-motorbat-till-delfinhus-fran-hurghada\/\" \/>\n<meta property=\"og:site_name\" content=\"Hurghada Excursions &amp; Day Trips | Booking Best Prices Tours\" \/>\n<meta property=\"article:publisher\" content=\"https:\/\/www.facebook.com\/Hurghadaloversegypt\" \/>\n<meta property=\"article:modified_time\" content=\"2026-02-09T16:58:42+00:00\" \/>\n<meta property=\"og:image\" content=\"https:\/\/hurghadalovers.com\/wp-content\/uploads\/2023\/07\/Green-Turtles-Abu-Dabbab-Marsa-aLam.jpg\" \/>\n\t<meta property=\"og:image:width\" content=\"1111\" \/>\n\t<meta property=\"og:image:height\" content=\"940\" \/>\n\t<meta property=\"og:image:type\" content=\"image\/jpeg\" \/>\n<meta name=\"twitter:card\" content=\"summary_large_image\" \/>\n<meta name=\"twitter:label1\" content=\"Pris\" \/>\n\t<meta name=\"twitter:data1\" content=\"&euro;&nbsp;80\" \/>\n\t<meta name=\"twitter:label2\" content=\"Tillg\u00e4nglig\" \/>\n\t<meta name=\"twitter:data2\" content=\"I lager\" \/>\n<script type=\"application\/ld+json\" class=\"yoast-schema-graph\">{\"@context\":\"https:\/\/schema.org\",\"@graph\":[{\"@type\":[\"WebPage\",\"ItemPage\"],\"@id\":\"https:\/\/hurghadalovers.com\/sv\/tours\/privat-motorbat-till-delfinhus-fran-hurghada\/\",\"url\":\"https:\/\/hurghadalovers.com\/sv\/tours\/privat-motorbat-till-delfinhus-fran-hurghada\/\",\"name\":\"Privat motorb\u00e5t till Dolphin House fr\u00e5n Hurghada\",\"isPartOf\":{\"@id\":\"https:\/\/hurghadalovers.com\/sv\/#website\"},\"primaryImageOfPage\":{\"@id\":\"https:\/\/hurghadalovers.com\/sv\/tours\/privat-motorbat-till-delfinhus-fran-hurghada\/#primaryimage\"},\"image\":{\"@id\":\"https:\/\/hurghadalovers.com\/sv\/tours\/privat-motorbat-till-delfinhus-fran-hurghada\/#primaryimage\"},\"thumbnailUrl\":\"https:\/\/hurghadalovers.com\/wp-content\/uploads\/2023\/07\/Green-Turtles-Abu-Dabbab-Marsa-aLam.jpg\",\"datePublished\":\"2023-07-16T07:41:28+00:00\",\"dateModified\":\"2026-02-09T16:58:42+00:00\",\"description\":\"Privat Speedboat till Dolphin House fr\u00e5n Hurghada | Bokning 4hr Dolphin Spotting & Simning med delfiner + 2 snorklingsplatser med transfer ...\",\"breadcrumb\":{\"@id\":\"https:\/\/hurghadalovers.com\/sv\/tours\/privat-motorbat-till-delfinhus-fran-hurghada\/#breadcrumb\"},\"inLanguage\":\"sv-SE\",\"potentialAction\":[{\"@type\":\"ReadAction\",\"target\":[\"https:\/\/hurghadalovers.com\/sv\/tours\/privat-motorbat-till-delfinhus-fran-hurghada\/\"]}]},{\"@type\":\"ImageObject\",\"inLanguage\":\"sv-SE\",\"@id\":\"https:\/\/hurghadalovers.com\/sv\/tours\/privat-motorbat-till-delfinhus-fran-hurghada\/#primaryimage\",\"url\":\"https:\/\/hurghadalovers.com\/wp-content\/uploads\/2023\/07\/Green-Turtles-Abu-Dabbab-Marsa-aLam.jpg\",\"contentUrl\":\"https:\/\/hurghadalovers.com\/wp-content\/uploads\/2023\/07\/Green-Turtles-Abu-Dabbab-Marsa-aLam.jpg\",\"width\":1111,\"height\":940,\"caption\":\"Green Turtles Abu Dabbab Marsa aLam\"},{\"@type\":\"BreadcrumbList\",\"@id\":\"https:\/\/hurghadalovers.com\/sv\/tours\/privat-motorbat-till-delfinhus-fran-hurghada\/#breadcrumb\",\"itemListElement\":[{\"@type\":\"ListItem\",\"position\":1,\"name\":\"Home\",\"item\":\"https:\/\/hurghadalovers.com\/sv\/\"},{\"@type\":\"ListItem\",\"position\":2,\"name\":\"Shop\",\"item\":\"https:\/\/hurghadalovers.com\/shop\/\"},{\"@type\":\"ListItem\",\"position\":3,\"name\":\"Privat motorb\u00e5t till Dolphin House fr\u00e5n Hurghada\"}]},{\"@type\":\"WebSite\",\"@id\":\"https:\/\/hurghadalovers.com\/sv\/#website\",\"url\":\"https:\/\/hurghadalovers.com\/sv\/\",\"name\":\"Hurghada Excursions & Day Trips | Booking Best Prices Tours\",\"description\":\"Hurghada Lovers - Best Tour Operator - Excursions &amp; Things to do for Family Day Trips with kids and Couples Romantic. Unique .Hidden gems\",\"publisher\":{\"@id\":\"https:\/\/hurghadalovers.com\/sv\/#organization\"},\"alternateName\":\"Hurghada Excursions\",\"potentialAction\":[{\"@type\":\"SearchAction\",\"target\":{\"@type\":\"EntryPoint\",\"urlTemplate\":\"https:\/\/hurghadalovers.com\/sv\/?s={search_term_string}\"},\"query-input\":{\"@type\":\"PropertyValueSpecification\",\"valueRequired\":true,\"valueName\":\"search_term_string\"}}],\"inLanguage\":\"sv-SE\"},{\"@type\":[\"Organization\",\"Place\",\"TravelAgency\"],\"@id\":\"https:\/\/hurghadalovers.com\/sv\/#organization\",\"name\":\"Hurghada Excursions\",\"url\":\"https:\/\/hurghadalovers.com\/sv\/\",\"logo\":{\"@id\":\"https:\/\/hurghadalovers.com\/sv\/tours\/privat-motorbat-till-delfinhus-fran-hurghada\/#local-main-organization-logo\"},\"image\":{\"@id\":\"https:\/\/hurghadalovers.com\/sv\/tours\/privat-motorbat-till-delfinhus-fran-hurghada\/#local-main-organization-logo\"},\"sameAs\":[\"https:\/\/www.facebook.com\/Hurghadaloversegypt\"],\"address\":{\"@id\":\"https:\/\/hurghadalovers.com\/sv\/tours\/privat-motorbat-till-delfinhus-fran-hurghada\/#local-main-place-address\"},\"telephone\":[\"00201112596434\"],\"contactPoint\":{\"@type\":\"ContactPoint\",\"telephone\":\"00201112596434\",\"email\":\"weyouface@gmail.com\"},\"openingHoursSpecification\":{\"@type\":\"OpeningHoursSpecification\",\"dayOfWeek\":[\"Monday\",\"Tuesday\",\"Wednesday\",\"Thursday\",\"Friday\",\"Saturday\",\"Sunday\"],\"opens\":\"00:00\",\"closes\":\"23:59\"},\"email\":\"weyouface@gmail.com\",\"areaServed\":\"Luxor, Hurghada, El Gouna, Aswan, Sharm El Sheikh, Giza, Alexandria, Marsa Alam, Quseir, Soma Bay, Sahl Hasheesh, Red Sea, Makadi Bay, Cairo\",\"priceRange\":\"$\",\"currenciesAccepted\":\"euro\",\"paymentAccepted\":\"cash on site\"},{\"@type\":\"PostalAddress\",\"@id\":\"https:\/\/hurghadalovers.com\/sv\/tours\/privat-motorbat-till-delfinhus-fran-hurghada\/#local-main-place-address\",\"streetAddress\":\"17 Banks street, Alkawther area, top nbk bank\",\"addressLocality\":\"hurghada\",\"postalCode\":\"84511\",\"addressRegion\":\"red sea\",\"addressCountry\":\"EG\"},{\"@type\":\"ImageObject\",\"inLanguage\":\"sv-SE\",\"@id\":\"https:\/\/hurghadalovers.com\/sv\/tours\/privat-motorbat-till-delfinhus-fran-hurghada\/#local-main-organization-logo\",\"url\":\"https:\/\/hurghadalovers.com\/wp-content\/uploads\/2019\/10\/hurghada-excursions-logo.png\",\"contentUrl\":\"https:\/\/hurghadalovers.com\/wp-content\/uploads\/2019\/10\/hurghada-excursions-logo.png\",\"width\":272,\"height\":90,\"caption\":\"Hurghada Excursions\"}]}<\/script>\n<meta property=\"product:brand\" content=\"B\u00e4sta dagsturerna fr\u00e5n Hurghada\" \/>\n<meta property=\"product:price:amount\" content=\"80\" \/>\n<meta property=\"product:price:currency\" content=\"EUR\" \/>\n<meta property=\"og:availability\" content=\"instock\" \/>\n<meta property=\"product:availability\" content=\"instock\" \/>\n<meta property=\"product:retailer_item_id\" content=\"SpeedBoat9494\" \/>\n<meta property=\"product:condition\" content=\"new\" \/>\n<meta name=\"geo.placename\" content=\"hurghada\" \/>\n<meta name=\"geo.region\" content=\"Egyptien\" \/>\n<!-- \/ Yoast SEO Premium plugin. -->","yoast_head_json":{"title":"Privat motorb\u00e5t till Dolphin House fr\u00e5n Hurghada","description":"Privat Speedboat till Dolphin House fr\u00e5n Hurghada | Bokning 4hr Dolphin Spotting & Simning med delfiner + 2 snorklingsplatser med transfer ...","robots":{"index":"index","follow":"follow","max-snippet":"max-snippet:-1","max-image-preview":"max-image-preview:large","max-video-preview":"max-video-preview:-1"},"canonical":"https:\/\/hurghadalovers.com\/sv\/tours\/privat-motorbat-till-delfinhus-fran-hurghada\/","og_locale":"sv_SE","og_type":"article","og_title":"Privat motorb\u00e5t till Dolphin House fr\u00e5n Hurghada","og_description":"Privat Speedboat till Dolphin House fr\u00e5n Hurghada | Bokning 4hr Dolphin Spotting & Simning med delfiner + 2 snorklingsplatser med transfer ...","og_url":"https:\/\/hurghadalovers.com\/sv\/tours\/privat-motorbat-till-delfinhus-fran-hurghada\/","og_site_name":"Hurghada Excursions &amp; Day Trips | Booking Best Prices Tours","article_publisher":"https:\/\/www.facebook.com\/Hurghadaloversegypt","article_modified_time":"2026-02-09T16:58:42+00:00","og_image":[{"width":1111,"height":940,"url":"https:\/\/hurghadalovers.com\/wp-content\/uploads\/2023\/07\/Green-Turtles-Abu-Dabbab-Marsa-aLam.jpg","type":"image\/jpeg"}],"twitter_card":"summary_large_image","twitter_misc":{"Pris":"&euro;&nbsp;80","Tillg\u00e4nglig":"I lager"},"schema":{"@context":"https:\/\/schema.org","@graph":[{"@type":["WebPage","ItemPage"],"@id":"https:\/\/hurghadalovers.com\/sv\/tours\/privat-motorbat-till-delfinhus-fran-hurghada\/","url":"https:\/\/hurghadalovers.com\/sv\/tours\/privat-motorbat-till-delfinhus-fran-hurghada\/","name":"Privat motorb\u00e5t till Dolphin House fr\u00e5n Hurghada","isPartOf":{"@id":"https:\/\/hurghadalovers.com\/sv\/#website"},"primaryImageOfPage":{"@id":"https:\/\/hurghadalovers.com\/sv\/tours\/privat-motorbat-till-delfinhus-fran-hurghada\/#primaryimage"},"image":{"@id":"https:\/\/hurghadalovers.com\/sv\/tours\/privat-motorbat-till-delfinhus-fran-hurghada\/#primaryimage"},"thumbnailUrl":"https:\/\/hurghadalovers.com\/wp-content\/uploads\/2023\/07\/Green-Turtles-Abu-Dabbab-Marsa-aLam.jpg","datePublished":"2023-07-16T07:41:28+00:00","dateModified":"2026-02-09T16:58:42+00:00","description":"Privat Speedboat till Dolphin House fr\u00e5n Hurghada | Bokning 4hr Dolphin Spotting & Simning med delfiner + 2 snorklingsplatser med transfer ...","breadcrumb":{"@id":"https:\/\/hurghadalovers.com\/sv\/tours\/privat-motorbat-till-delfinhus-fran-hurghada\/#breadcrumb"},"inLanguage":"sv-SE","potentialAction":[{"@type":"ReadAction","target":["https:\/\/hurghadalovers.com\/sv\/tours\/privat-motorbat-till-delfinhus-fran-hurghada\/"]}]},{"@type":"ImageObject","inLanguage":"sv-SE","@id":"https:\/\/hurghadalovers.com\/sv\/tours\/privat-motorbat-till-delfinhus-fran-hurghada\/#primaryimage","url":"https:\/\/hurghadalovers.com\/wp-content\/uploads\/2023\/07\/Green-Turtles-Abu-Dabbab-Marsa-aLam.jpg","contentUrl":"https:\/\/hurghadalovers.com\/wp-content\/uploads\/2023\/07\/Green-Turtles-Abu-Dabbab-Marsa-aLam.jpg","width":1111,"height":940,"caption":"Green Turtles Abu Dabbab Marsa aLam"},{"@type":"BreadcrumbList","@id":"https:\/\/hurghadalovers.com\/sv\/tours\/privat-motorbat-till-delfinhus-fran-hurghada\/#breadcrumb","itemListElement":[{"@type":"ListItem","position":1,"name":"Home","item":"https:\/\/hurghadalovers.com\/sv\/"},{"@type":"ListItem","position":2,"name":"Shop","item":"https:\/\/hurghadalovers.com\/shop\/"},{"@type":"ListItem","position":3,"name":"Privat motorb\u00e5t till Dolphin House fr\u00e5n Hurghada"}]},{"@type":"WebSite","@id":"https:\/\/hurghadalovers.com\/sv\/#website","url":"https:\/\/hurghadalovers.com\/sv\/","name":"Hurghada Excursions & Day Trips | Booking Best Prices Tours","description":"Hurghada Lovers - Best Tour Operator - Excursions &amp; Things to do for Family Day Trips with kids and Couples Romantic. Unique .Hidden gems","publisher":{"@id":"https:\/\/hurghadalovers.com\/sv\/#organization"},"alternateName":"Hurghada Excursions","potentialAction":[{"@type":"SearchAction","target":{"@type":"EntryPoint","urlTemplate":"https:\/\/hurghadalovers.com\/sv\/?s={search_term_string}"},"query-input":{"@type":"PropertyValueSpecification","valueRequired":true,"valueName":"search_term_string"}}],"inLanguage":"sv-SE"},{"@type":["Organization","Place","TravelAgency"],"@id":"https:\/\/hurghadalovers.com\/sv\/#organization","name":"Hurghada Excursions","url":"https:\/\/hurghadalovers.com\/sv\/","logo":{"@id":"https:\/\/hurghadalovers.com\/sv\/tours\/privat-motorbat-till-delfinhus-fran-hurghada\/#local-main-organization-logo"},"image":{"@id":"https:\/\/hurghadalovers.com\/sv\/tours\/privat-motorbat-till-delfinhus-fran-hurghada\/#local-main-organization-logo"},"sameAs":["https:\/\/www.facebook.com\/Hurghadaloversegypt"],"address":{"@id":"https:\/\/hurghadalovers.com\/sv\/tours\/privat-motorbat-till-delfinhus-fran-hurghada\/#local-main-place-address"},"telephone":["00201112596434"],"contactPoint":{"@type":"ContactPoint","telephone":"00201112596434","email":"weyouface@gmail.com"},"openingHoursSpecification":{"@type":"OpeningHoursSpecification","dayOfWeek":["Monday","Tuesday","Wednesday","Thursday","Friday","Saturday","Sunday"],"opens":"00:00","closes":"23:59"},"email":"weyouface@gmail.com","areaServed":"Luxor, Hurghada, El Gouna, Aswan, Sharm El Sheikh, Giza, Alexandria, Marsa Alam, Quseir, Soma Bay, Sahl Hasheesh, Red Sea, Makadi Bay, Cairo","priceRange":"$","currenciesAccepted":"euro","paymentAccepted":"cash on site"},{"@type":"PostalAddress","@id":"https:\/\/hurghadalovers.com\/sv\/tours\/privat-motorbat-till-delfinhus-fran-hurghada\/#local-main-place-address","streetAddress":"17 Banks street, Alkawther area, top nbk bank","addressLocality":"hurghada","postalCode":"84511","addressRegion":"red sea","addressCountry":"EG"},{"@type":"ImageObject","inLanguage":"sv-SE","@id":"https:\/\/hurghadalovers.com\/sv\/tours\/privat-motorbat-till-delfinhus-fran-hurghada\/#local-main-organization-logo","url":"https:\/\/hurghadalovers.com\/wp-content\/uploads\/2019\/10\/hurghada-excursions-logo.png","contentUrl":"https:\/\/hurghadalovers.com\/wp-content\/uploads\/2019\/10\/hurghada-excursions-logo.png","width":272,"height":90,"caption":"Hurghada Excursions"}]},"product_brand":"B\u00e4sta dagsturerna fr\u00e5n Hurghada","product_price_amount":"80","product_price_currency":"EUR","og_availability":"instock","product_availability":"instock","product_retailer_item_id":"SpeedBoat9494","product_condition":"new","geo.placename":"hurghada","geo.region":"Egyptien"},"_links":{"self":[{"href":"https:\/\/hurghadalovers.com\/sv\/wp-json\/wp\/v2\/product\/336810","targetHints":{"allow":["GET"]}}],"collection":[{"href":"https:\/\/hurghadalovers.com\/sv\/wp-json\/wp\/v2\/product"}],"about":[{"href":"https:\/\/hurghadalovers.com\/sv\/wp-json\/wp\/v2\/types\/product"}],"wp:featuredmedia":[{"embeddable":true,"href":"https:\/\/hurghadalovers.com\/sv\/wp-json\/wp\/v2\/media\/995802"}],"wp:attachment":[{"href":"https:\/\/hurghadalovers.com\/sv\/wp-json\/wp\/v2\/media?parent=336810"}],"wp:term":[{"taxonomy":"product_brand","embeddable":true,"href":"https:\/\/hurghadalovers.com\/sv\/wp-json\/wp\/v2\/product_brand?post=336810"},{"taxonomy":"product_cat","embeddable":true,"href":"https:\/\/hurghadalovers.com\/sv\/wp-json\/wp\/v2\/product_cat?post=336810"},{"taxonomy":"product_tag","embeddable":true,"href":"https:\/\/hurghadalovers.com\/sv\/wp-json\/wp\/v2\/product_tag?post=336810"}],"curies":[{"name":"wp","href":"https:\/\/api.w.org\/{rel}","templated":true}]}}