{"id":397045,"date":"2023-09-04T18:24:13","date_gmt":"2023-09-04T18:24:13","guid":{"rendered":"https:\/\/hurghadalovers.com\/shop\/nekategorizirano\/enodnevni-izleti-iz-el-goune-do-piramid-z-minivanom-majhna-skupina\/"},"modified":"2026-02-09T07:01:38","modified_gmt":"2026-02-09T07:01:38","slug":"enodnevni-izlet-iz-el-goune-v-piramide-z-minivanom-za-malo-skupino","status":"publish","type":"product","link":"https:\/\/hurghadalovers.com\/sl\/tours\/enodnevni-izlet-iz-el-goune-v-piramide-z-minivanom-za-malo-skupino\/","title":{"rendered":"Enodnevni izleti iz El Goune do piramid z minivanom &#8211; majhna skupina"},"content":{"rendered":"<p><strong>Celodnevni izlet <\/strong> iz<strong>El Goune<\/strong> <strong>do piramid z minivanom<\/strong> &#8211; majhna skupina 8 oseb z zasebnim vodnikom, kosilom, vstopnicami in luksuznim prevozom.<\/p>\n<p><strong>Poudarki:<\/strong><\/p>\n<ol>\n<li>Obi\u0161\u010dite piramide v Gizi.<\/li>\n<li>Obi\u0161\u010dite Veliko sfingo.<\/li>\n<li>Egip\u010danski muzej.<\/li>\n<li>Kosilo v restavraciji &#8220;Na voljo je vegetarijanska hrana&#8221;.<\/li>\n<\/ol>\n<p><strong>Enodnevni izleti iz <\/strong><strong>El Gouna<\/strong> <strong>do piramid z minivanom Podrobnosti:<\/strong><\/p>\n<ul>\n<li>Razpolo\u017eljivost ture: Vsak dan.<\/li>\n<li>Vrsta ture: Skupina &#8211; 8 oseb.<\/li>\n<li>\u010cas prevzema: Za\u010detek od 01:00 A.M.<\/li>\n<li>Pro\u0161nja Hotel dobite vre\u010dko za zajtrk z vami zjutraj.<\/li>\n<li>\u010cas odhoda: 22:30.<\/li>\n<li>Dostopno za invalidske vozi\u010dke.<\/li>\n<li>Trajanje: 22 ur.<\/li>\n<\/ul>\n<p><strong>Rezervirajte zdaj in pla\u010dajte pozneje:<\/strong><\/p>\n<ul>\n<li>Denar na kraju samem za vodenje.<\/li>\n<li>Pla\u010dilo z egiptovskimi funti, $, \u20ac ali \u00a3.<\/li>\n<\/ul>\n<p><strong>Pravila odpovedi:<\/strong><\/p>\n<ul>\n<li>prekli\u010dete do 24 ur vnaprej.<\/li>\n<li>Ko kdo iz va\u0161e dru\u017eine prekli\u010de jutro, pla\u010da 50 % stro\u0161kov.<\/li>\n<\/ul>\n<p><strong>Kaj je vklju\u010deno?<\/strong><\/p>\n<ul>\n<li>Transfer iz hotelov El Gouna &#8220;Hotel pick up and drop off&#8221;.<\/li>\n<li>Vsi davki, vstopnine in manipulativni stro\u0161ki.<\/li>\n<li>Prenosi.<\/li>\n<li>Turisti\u010dni vodnik.<\/li>\n<li>Kosilo v restavraciji.<\/li>\n<\/ul>\n<p><strong>Izklju\u010ditve?<\/strong><\/p>\n<ul>\n<li>Dajanje napitnine.<\/li>\n<li>Izlet s feluko &#8220;Kri\u017earjenje z ladjo&#8221; Za 35 min.<\/li>\n<li>Pija\u010de.<\/li>\n<li>Dodatki, ki niso bili omenjeni.<\/li>\n<\/ul>\n<p><strong>Cene:<\/strong><\/p>\n<ul>\n<li><strong>Cena za odrasle = 90$ na osebo<\/strong>.<\/li>\n<li>Cena za otroke &#8220;5-12\u2033= 50%.<\/li>\n<li>za otroke &#8220;0-5\u2033= brezpla\u010dno.<\/li>\n<\/ul>\n<p>&nbsp;<\/p>\n<p><strong>Mnenja:<\/strong><\/p>\n<p>preverite na\u0161e Google Map Reviews kot Best <a href=\"https:\/\/g.page\/r\/CUeYvkngP3wkEBM\/review\">Tour Operator v Hurgadi na<\/a> spletu v <a href=\"https:\/\/hurghadalovers.com\/\">Hurgadi<\/a> Egipt.<\/p>\n<p>&nbsp;<\/p>\n<p><strong>Rezervacije:<\/strong><\/p>\n<p>Po\u0161ljite hotel + \u0160tevilka sobe + Foto potni listi na WhatsApp: <strong>+201112596434<\/strong><\/p>\n<p>\u010ce ste iz Egipta Rezervacija zdaj na spletu in potrdite ob prihodu Hotel.<\/p>\n<p>&nbsp;<\/p>\n<p>&nbsp;<\/p>\n","protected":false},"excerpt":{"rendered":"<p>Celodnevni izlet iz El Goune do piramid z minivanom &#8211; majhna skupina 8 oseb z zasebnim vodnikom, kosilom, vstopnicami in luksuznim prevozom. Odkrijte skrivnosti faraonske civilizacije<\/p>\n","protected":false},"featured_media":936801,"template":"","meta":{"_joinchat":[]},"product_brand":[],"product_cat":[36671],"product_tag":[],"class_list":{"0":"post-397045","1":"product","2":"type-product","3":"status-publish","4":"has-post-thumbnail","6":"product_cat-izleti","7":"tour_category-el-gouna-izleti","8":"tour_category-el-gouna-do-piramid-tours","10":"first","11":"instock","12":"sale","13":"shipping-taxable","14":"purchasable","15":"product-type-tour"},"yoast_head":"<!-- This site is optimized with the Yoast SEO Premium plugin v26.9 (Yoast SEO v27.2) - https:\/\/yoast.com\/product\/yoast-seo-premium-wordpress\/ -->\n<title>Enodnevni izleti iz El Goune do piramid - majhna skupina z minivanom<\/title>\n<meta name=\"description\" content=\"Celodnevni izlet iz El Goune do piramid z minivanom - majhna skupina 8 oseb z vodnikom, kosilom, vstopnicami, luksuznim prevozom. Skrivnosti faraonske civilizacije\" \/>\n<meta name=\"robots\" content=\"index, follow, max-snippet:-1, max-image-preview:large, max-video-preview:-1\" \/>\n<link rel=\"canonical\" href=\"https:\/\/hurghadalovers.com\/sl\/tours\/enodnevni-izlet-iz-el-goune-v-piramide-z-minivanom-za-malo-skupino\/\" \/>\n<meta property=\"og:locale\" content=\"sl_SI\" \/>\n<meta property=\"og:type\" content=\"article\" \/>\n<meta property=\"og:title\" content=\"Enodnevni izleti iz El Goune do piramid z minivanom - majhna skupina\" \/>\n<meta property=\"og:description\" content=\"Celodnevni izlet iz El Goune do piramid z minivanom - majhna skupina 8 oseb z vodnikom, kosilom, vstopnicami, luksuznim prevozom. Skrivnosti faraonske civilizacije\" \/>\n<meta property=\"og:url\" content=\"https:\/\/hurghadalovers.com\/sl\/tours\/enodnevni-izlet-iz-el-goune-v-piramide-z-minivanom-za-malo-skupino\/\" \/>\n<meta property=\"og:site_name\" content=\"Hurghada Excursions &amp; Day Trips | Booking Best Prices Tours\" \/>\n<meta property=\"article:publisher\" content=\"https:\/\/www.facebook.com\/Hurghadaloversegypt\" \/>\n<meta property=\"article:modified_time\" content=\"2026-02-09T07:01:38+00:00\" \/>\n<meta property=\"og:image\" content=\"https:\/\/hurghadalovers.com\/wp-content\/uploads\/2023\/08\/cairo-day-trip-from-Makadi-bay-2026.jpg\" \/>\n\t<meta property=\"og:image:width\" content=\"900\" \/>\n\t<meta property=\"og:image:height\" content=\"1200\" \/>\n\t<meta property=\"og:image:type\" content=\"image\/jpeg\" \/>\n<meta name=\"twitter:card\" content=\"summary_large_image\" \/>\n<meta name=\"twitter:label1\" content=\"Price\" \/>\n\t<meta name=\"twitter:data1\" content=\"&euro;&nbsp;85\" \/>\n\t<meta name=\"twitter:label2\" content=\"Availability\" \/>\n\t<meta name=\"twitter:data2\" content=\"In stock\" \/>\n<script type=\"application\/ld+json\" class=\"yoast-schema-graph\">{\"@context\":\"https:\/\/schema.org\",\"@graph\":[{\"@type\":[\"WebPage\",\"ItemPage\"],\"@id\":\"https:\/\/hurghadalovers.com\/sl\/tours\/enodnevni-izlet-iz-el-goune-v-piramide-z-minivanom-za-malo-skupino\/\",\"url\":\"https:\/\/hurghadalovers.com\/sl\/tours\/enodnevni-izlet-iz-el-goune-v-piramide-z-minivanom-za-malo-skupino\/\",\"name\":\"Enodnevni izleti iz El Goune do piramid - majhna skupina z minivanom\",\"isPartOf\":{\"@id\":\"https:\/\/hurghadalovers.com\/sl\/#website\"},\"primaryImageOfPage\":{\"@id\":\"https:\/\/hurghadalovers.com\/sl\/tours\/enodnevni-izlet-iz-el-goune-v-piramide-z-minivanom-za-malo-skupino\/#primaryimage\"},\"image\":{\"@id\":\"https:\/\/hurghadalovers.com\/sl\/tours\/enodnevni-izlet-iz-el-goune-v-piramide-z-minivanom-za-malo-skupino\/#primaryimage\"},\"thumbnailUrl\":\"https:\/\/hurghadalovers.com\/wp-content\/uploads\/2023\/08\/cairo-day-trip-from-Makadi-bay-2026.jpg\",\"datePublished\":\"2023-09-04T18:24:13+00:00\",\"dateModified\":\"2026-02-09T07:01:38+00:00\",\"description\":\"Celodnevni izlet iz El Goune do piramid z minivanom - majhna skupina 8 oseb z vodnikom, kosilom, vstopnicami, luksuznim prevozom. Skrivnosti faraonske civilizacije\",\"breadcrumb\":{\"@id\":\"https:\/\/hurghadalovers.com\/sl\/tours\/enodnevni-izlet-iz-el-goune-v-piramide-z-minivanom-za-malo-skupino\/#breadcrumb\"},\"inLanguage\":\"sl-SI\",\"potentialAction\":[{\"@type\":\"ReadAction\",\"target\":[\"https:\/\/hurghadalovers.com\/sl\/tours\/enodnevni-izlet-iz-el-goune-v-piramide-z-minivanom-za-malo-skupino\/\"]}]},{\"@type\":\"ImageObject\",\"inLanguage\":\"sl-SI\",\"@id\":\"https:\/\/hurghadalovers.com\/sl\/tours\/enodnevni-izlet-iz-el-goune-v-piramide-z-minivanom-za-malo-skupino\/#primaryimage\",\"url\":\"https:\/\/hurghadalovers.com\/wp-content\/uploads\/2023\/08\/cairo-day-trip-from-Makadi-bay-2026.jpg\",\"contentUrl\":\"https:\/\/hurghadalovers.com\/wp-content\/uploads\/2023\/08\/cairo-day-trip-from-Makadi-bay-2026.jpg\",\"width\":900,\"height\":1200,\"caption\":\"cairo-day-trip-from-Makadi-bay-2026\"},{\"@type\":\"BreadcrumbList\",\"@id\":\"https:\/\/hurghadalovers.com\/sl\/tours\/enodnevni-izlet-iz-el-goune-v-piramide-z-minivanom-za-malo-skupino\/#breadcrumb\",\"itemListElement\":[{\"@type\":\"ListItem\",\"position\":1,\"name\":\"Home\",\"item\":\"https:\/\/hurghadalovers.com\/sl\/\"},{\"@type\":\"ListItem\",\"position\":2,\"name\":\"Shop\",\"item\":\"https:\/\/hurghadalovers.com\/shop\/\"},{\"@type\":\"ListItem\",\"position\":3,\"name\":\"Enodnevni izleti iz El Goune do piramid z minivanom &#8211; majhna skupina\"}]},{\"@type\":\"WebSite\",\"@id\":\"https:\/\/hurghadalovers.com\/sl\/#website\",\"url\":\"https:\/\/hurghadalovers.com\/sl\/\",\"name\":\"Hurghada Excursions & Day Trips | Booking Best Prices Tours\",\"description\":\"Hurghada Lovers - Best Tour Operator - Excursions &amp; Things to do for Family Day Trips with kids and Couples Romantic. Unique .Hidden gems\",\"publisher\":{\"@id\":\"https:\/\/hurghadalovers.com\/sl\/#organization\"},\"alternateName\":\"Hurghada Excursions\",\"potentialAction\":[{\"@type\":\"SearchAction\",\"target\":{\"@type\":\"EntryPoint\",\"urlTemplate\":\"https:\/\/hurghadalovers.com\/sl\/?s={search_term_string}\"},\"query-input\":{\"@type\":\"PropertyValueSpecification\",\"valueRequired\":true,\"valueName\":\"search_term_string\"}}],\"inLanguage\":\"sl-SI\"},{\"@type\":[\"Organization\",\"Place\",\"TravelAgency\"],\"@id\":\"https:\/\/hurghadalovers.com\/sl\/#organization\",\"name\":\"Hurghada Excursions\",\"url\":\"https:\/\/hurghadalovers.com\/sl\/\",\"logo\":{\"@id\":\"https:\/\/hurghadalovers.com\/sl\/tours\/enodnevni-izlet-iz-el-goune-v-piramide-z-minivanom-za-malo-skupino\/#local-main-organization-logo\"},\"image\":{\"@id\":\"https:\/\/hurghadalovers.com\/sl\/tours\/enodnevni-izlet-iz-el-goune-v-piramide-z-minivanom-za-malo-skupino\/#local-main-organization-logo\"},\"sameAs\":[\"https:\/\/www.facebook.com\/Hurghadaloversegypt\"],\"address\":{\"@id\":\"https:\/\/hurghadalovers.com\/sl\/tours\/enodnevni-izlet-iz-el-goune-v-piramide-z-minivanom-za-malo-skupino\/#local-main-place-address\"},\"telephone\":[\"00201112596434\"],\"contactPoint\":{\"@type\":\"ContactPoint\",\"telephone\":\"00201112596434\",\"email\":\"weyouface@gmail.com\"},\"openingHoursSpecification\":{\"@type\":\"OpeningHoursSpecification\",\"dayOfWeek\":[\"Monday\",\"Tuesday\",\"Wednesday\",\"Thursday\",\"Friday\",\"Saturday\",\"Sunday\"],\"opens\":\"00:00\",\"closes\":\"23:59\"},\"email\":\"weyouface@gmail.com\",\"areaServed\":\"Luxor, Hurghada, El Gouna, Aswan, Sharm El Sheikh, Giza, Alexandria, Marsa Alam, Quseir, Soma Bay, Sahl Hasheesh, Red Sea, Makadi Bay, Cairo\",\"priceRange\":\"$\",\"currenciesAccepted\":\"euro\",\"paymentAccepted\":\"cash on site\"},{\"@type\":\"PostalAddress\",\"@id\":\"https:\/\/hurghadalovers.com\/sl\/tours\/enodnevni-izlet-iz-el-goune-v-piramide-z-minivanom-za-malo-skupino\/#local-main-place-address\",\"streetAddress\":\"17 Banks street, Alkawther area, top nbk bank\",\"addressLocality\":\"hurghada\",\"postalCode\":\"84511\",\"addressRegion\":\"red sea\",\"addressCountry\":\"EG\"},{\"@type\":\"ImageObject\",\"inLanguage\":\"sl-SI\",\"@id\":\"https:\/\/hurghadalovers.com\/sl\/tours\/enodnevni-izlet-iz-el-goune-v-piramide-z-minivanom-za-malo-skupino\/#local-main-organization-logo\",\"url\":\"https:\/\/hurghadalovers.com\/wp-content\/uploads\/2019\/10\/hurghada-excursions-logo.png\",\"contentUrl\":\"https:\/\/hurghadalovers.com\/wp-content\/uploads\/2019\/10\/hurghada-excursions-logo.png\",\"width\":272,\"height\":90,\"caption\":\"Hurghada Excursions\"}]}<\/script>\n<meta property=\"product:brand\" content=\"El Gouna Izleti\" \/>\n<meta property=\"product:price:amount\" content=\"85\" \/>\n<meta property=\"product:price:currency\" content=\"EUR\" \/>\n<meta property=\"og:availability\" content=\"instock\" \/>\n<meta property=\"product:availability\" content=\"instock\" \/>\n<meta property=\"product:retailer_item_id\" content=\"Gouna0182024\" \/>\n<meta property=\"product:condition\" content=\"new\" \/>\n<meta name=\"geo.placename\" content=\"hurghada\" \/>\n<meta name=\"geo.region\" content=\"Egypt\" \/>\n<!-- \/ Yoast SEO Premium plugin. -->","yoast_head_json":{"title":"Enodnevni izleti iz El Goune do piramid - majhna skupina z minivanom","description":"Celodnevni izlet iz El Goune do piramid z minivanom - majhna skupina 8 oseb z vodnikom, kosilom, vstopnicami, luksuznim prevozom. Skrivnosti faraonske civilizacije","robots":{"index":"index","follow":"follow","max-snippet":"max-snippet:-1","max-image-preview":"max-image-preview:large","max-video-preview":"max-video-preview:-1"},"canonical":"https:\/\/hurghadalovers.com\/sl\/tours\/enodnevni-izlet-iz-el-goune-v-piramide-z-minivanom-za-malo-skupino\/","og_locale":"sl_SI","og_type":"article","og_title":"Enodnevni izleti iz El Goune do piramid z minivanom - majhna skupina","og_description":"Celodnevni izlet iz El Goune do piramid z minivanom - majhna skupina 8 oseb z vodnikom, kosilom, vstopnicami, luksuznim prevozom. Skrivnosti faraonske civilizacije","og_url":"https:\/\/hurghadalovers.com\/sl\/tours\/enodnevni-izlet-iz-el-goune-v-piramide-z-minivanom-za-malo-skupino\/","og_site_name":"Hurghada Excursions &amp; Day Trips | Booking Best Prices Tours","article_publisher":"https:\/\/www.facebook.com\/Hurghadaloversegypt","article_modified_time":"2026-02-09T07:01:38+00:00","og_image":[{"width":900,"height":1200,"url":"https:\/\/hurghadalovers.com\/wp-content\/uploads\/2023\/08\/cairo-day-trip-from-Makadi-bay-2026.jpg","type":"image\/jpeg"}],"twitter_card":"summary_large_image","twitter_misc":{"Price":"&euro;&nbsp;85","Availability":"In stock"},"schema":{"@context":"https:\/\/schema.org","@graph":[{"@type":["WebPage","ItemPage"],"@id":"https:\/\/hurghadalovers.com\/sl\/tours\/enodnevni-izlet-iz-el-goune-v-piramide-z-minivanom-za-malo-skupino\/","url":"https:\/\/hurghadalovers.com\/sl\/tours\/enodnevni-izlet-iz-el-goune-v-piramide-z-minivanom-za-malo-skupino\/","name":"Enodnevni izleti iz El Goune do piramid - majhna skupina z minivanom","isPartOf":{"@id":"https:\/\/hurghadalovers.com\/sl\/#website"},"primaryImageOfPage":{"@id":"https:\/\/hurghadalovers.com\/sl\/tours\/enodnevni-izlet-iz-el-goune-v-piramide-z-minivanom-za-malo-skupino\/#primaryimage"},"image":{"@id":"https:\/\/hurghadalovers.com\/sl\/tours\/enodnevni-izlet-iz-el-goune-v-piramide-z-minivanom-za-malo-skupino\/#primaryimage"},"thumbnailUrl":"https:\/\/hurghadalovers.com\/wp-content\/uploads\/2023\/08\/cairo-day-trip-from-Makadi-bay-2026.jpg","datePublished":"2023-09-04T18:24:13+00:00","dateModified":"2026-02-09T07:01:38+00:00","description":"Celodnevni izlet iz El Goune do piramid z minivanom - majhna skupina 8 oseb z vodnikom, kosilom, vstopnicami, luksuznim prevozom. Skrivnosti faraonske civilizacije","breadcrumb":{"@id":"https:\/\/hurghadalovers.com\/sl\/tours\/enodnevni-izlet-iz-el-goune-v-piramide-z-minivanom-za-malo-skupino\/#breadcrumb"},"inLanguage":"sl-SI","potentialAction":[{"@type":"ReadAction","target":["https:\/\/hurghadalovers.com\/sl\/tours\/enodnevni-izlet-iz-el-goune-v-piramide-z-minivanom-za-malo-skupino\/"]}]},{"@type":"ImageObject","inLanguage":"sl-SI","@id":"https:\/\/hurghadalovers.com\/sl\/tours\/enodnevni-izlet-iz-el-goune-v-piramide-z-minivanom-za-malo-skupino\/#primaryimage","url":"https:\/\/hurghadalovers.com\/wp-content\/uploads\/2023\/08\/cairo-day-trip-from-Makadi-bay-2026.jpg","contentUrl":"https:\/\/hurghadalovers.com\/wp-content\/uploads\/2023\/08\/cairo-day-trip-from-Makadi-bay-2026.jpg","width":900,"height":1200,"caption":"cairo-day-trip-from-Makadi-bay-2026"},{"@type":"BreadcrumbList","@id":"https:\/\/hurghadalovers.com\/sl\/tours\/enodnevni-izlet-iz-el-goune-v-piramide-z-minivanom-za-malo-skupino\/#breadcrumb","itemListElement":[{"@type":"ListItem","position":1,"name":"Home","item":"https:\/\/hurghadalovers.com\/sl\/"},{"@type":"ListItem","position":2,"name":"Shop","item":"https:\/\/hurghadalovers.com\/shop\/"},{"@type":"ListItem","position":3,"name":"Enodnevni izleti iz El Goune do piramid z minivanom &#8211; majhna skupina"}]},{"@type":"WebSite","@id":"https:\/\/hurghadalovers.com\/sl\/#website","url":"https:\/\/hurghadalovers.com\/sl\/","name":"Hurghada Excursions & Day Trips | Booking Best Prices Tours","description":"Hurghada Lovers - Best Tour Operator - Excursions &amp; Things to do for Family Day Trips with kids and Couples Romantic. Unique .Hidden gems","publisher":{"@id":"https:\/\/hurghadalovers.com\/sl\/#organization"},"alternateName":"Hurghada Excursions","potentialAction":[{"@type":"SearchAction","target":{"@type":"EntryPoint","urlTemplate":"https:\/\/hurghadalovers.com\/sl\/?s={search_term_string}"},"query-input":{"@type":"PropertyValueSpecification","valueRequired":true,"valueName":"search_term_string"}}],"inLanguage":"sl-SI"},{"@type":["Organization","Place","TravelAgency"],"@id":"https:\/\/hurghadalovers.com\/sl\/#organization","name":"Hurghada Excursions","url":"https:\/\/hurghadalovers.com\/sl\/","logo":{"@id":"https:\/\/hurghadalovers.com\/sl\/tours\/enodnevni-izlet-iz-el-goune-v-piramide-z-minivanom-za-malo-skupino\/#local-main-organization-logo"},"image":{"@id":"https:\/\/hurghadalovers.com\/sl\/tours\/enodnevni-izlet-iz-el-goune-v-piramide-z-minivanom-za-malo-skupino\/#local-main-organization-logo"},"sameAs":["https:\/\/www.facebook.com\/Hurghadaloversegypt"],"address":{"@id":"https:\/\/hurghadalovers.com\/sl\/tours\/enodnevni-izlet-iz-el-goune-v-piramide-z-minivanom-za-malo-skupino\/#local-main-place-address"},"telephone":["00201112596434"],"contactPoint":{"@type":"ContactPoint","telephone":"00201112596434","email":"weyouface@gmail.com"},"openingHoursSpecification":{"@type":"OpeningHoursSpecification","dayOfWeek":["Monday","Tuesday","Wednesday","Thursday","Friday","Saturday","Sunday"],"opens":"00:00","closes":"23:59"},"email":"weyouface@gmail.com","areaServed":"Luxor, Hurghada, El Gouna, Aswan, Sharm El Sheikh, Giza, Alexandria, Marsa Alam, Quseir, Soma Bay, Sahl Hasheesh, Red Sea, Makadi Bay, Cairo","priceRange":"$","currenciesAccepted":"euro","paymentAccepted":"cash on site"},{"@type":"PostalAddress","@id":"https:\/\/hurghadalovers.com\/sl\/tours\/enodnevni-izlet-iz-el-goune-v-piramide-z-minivanom-za-malo-skupino\/#local-main-place-address","streetAddress":"17 Banks street, Alkawther area, top nbk bank","addressLocality":"hurghada","postalCode":"84511","addressRegion":"red sea","addressCountry":"EG"},{"@type":"ImageObject","inLanguage":"sl-SI","@id":"https:\/\/hurghadalovers.com\/sl\/tours\/enodnevni-izlet-iz-el-goune-v-piramide-z-minivanom-za-malo-skupino\/#local-main-organization-logo","url":"https:\/\/hurghadalovers.com\/wp-content\/uploads\/2019\/10\/hurghada-excursions-logo.png","contentUrl":"https:\/\/hurghadalovers.com\/wp-content\/uploads\/2019\/10\/hurghada-excursions-logo.png","width":272,"height":90,"caption":"Hurghada Excursions"}]},"product_brand":"El Gouna Izleti","product_price_amount":"85","product_price_currency":"EUR","og_availability":"instock","product_availability":"instock","product_retailer_item_id":"Gouna0182024","product_condition":"new","geo.placename":"hurghada","geo.region":"Egypt"},"_links":{"self":[{"href":"https:\/\/hurghadalovers.com\/sl\/wp-json\/wp\/v2\/product\/397045","targetHints":{"allow":["GET"]}}],"collection":[{"href":"https:\/\/hurghadalovers.com\/sl\/wp-json\/wp\/v2\/product"}],"about":[{"href":"https:\/\/hurghadalovers.com\/sl\/wp-json\/wp\/v2\/types\/product"}],"wp:featuredmedia":[{"embeddable":true,"href":"https:\/\/hurghadalovers.com\/sl\/wp-json\/wp\/v2\/media\/936801"}],"wp:attachment":[{"href":"https:\/\/hurghadalovers.com\/sl\/wp-json\/wp\/v2\/media?parent=397045"}],"wp:term":[{"taxonomy":"product_brand","embeddable":true,"href":"https:\/\/hurghadalovers.com\/sl\/wp-json\/wp\/v2\/product_brand?post=397045"},{"taxonomy":"product_cat","embeddable":true,"href":"https:\/\/hurghadalovers.com\/sl\/wp-json\/wp\/v2\/product_cat?post=397045"},{"taxonomy":"product_tag","embeddable":true,"href":"https:\/\/hurghadalovers.com\/sl\/wp-json\/wp\/v2\/product_tag?post=397045"}],"curies":[{"name":"wp","href":"https:\/\/api.w.org\/{rel}","templated":true}]}}