{"id":395776,"date":"2023-09-03T20:29:52","date_gmt":"2023-09-03T20:35:59","guid":{"rendered":"https:\/\/hurghadalovers.com\/shop\/nekategorizirano\/vsakodnevni-potapljaski-izlet-z-ladjo-iz-el-goune\/"},"modified":"2026-02-08T15:13:31","modified_gmt":"2026-02-08T15:13:31","slug":"dnevni-izlet-s-potapljanjem-s-colnom-iz-el-goune","status":"publish","type":"product","link":"https:\/\/hurghadalovers.com\/sl\/tours\/dnevni-izlet-s-potapljanjem-s-colnom-iz-el-goune\/","title":{"rendered":"Vsakodnevni potaplja\u0161ki izlet z ladjo iz El Goune"},"content":{"rendered":"<p><strong>Dnevni potaplja\u0161ki izlet z ladjo iz <\/strong><strong>El Goune<\/strong> | Certificirani in profesionalni potaplja\u010di | s kosilom, pija\u010do, potaplja\u0161ko opremo in prevozom.<\/p>\n<p style=\"text-align: center;\"><span style=\"color: #00ccff;\"><strong>Luksuzna ladja<\/strong> | <strong>Profesionalni in\u0161truktor potapljanja<\/strong> | <strong>Najbolj\u0161a potaplja\u0161ka obmo\u010dja in grebeni<\/strong>, Rde\u010de morje.<\/span><\/p>\n<p><strong>Poudarki:<\/strong><\/p>\n<ul>\n<li>2 postanka za potapljanje.<\/li>\n<\/ul>\n<p><strong>Podrobnosti:<\/strong><\/p>\n<ul>\n<li>Razpolo\u017eljivost ture: Vsak dan.<\/li>\n<li>Vrsta ture: Skupina ali zasebna.<\/li>\n<li>\u010cas prevzema: Za\u010detek od 07:30 A.M.<\/li>\n<li>\u010cas odhoda: 16:00.<\/li>\n<li>Dostopno za invalidske vozi\u010dke.<\/li>\n<li>Trajanje: Trajanje: 7 ur.<\/li>\n<\/ul>\n<p><strong>Rezervirajte zdaj in pla\u010dajte pozneje:<\/strong><\/p>\n<ul>\n<li>Denar na kraju samem za vodenje.<\/li>\n<li>Pla\u010dilo z egiptovskimi funti, $, \u20ac ali \u00a3.<\/li>\n<\/ul>\n<p><strong>Pravila odpovedi:<\/strong><\/p>\n<ul>\n<li>prekli\u010dete do 24 ur vnaprej.<\/li>\n<li>Ko kdo iz va\u0161e dru\u017eine prekli\u010de jutro, pla\u010da 50 % stro\u0161kov.<\/li>\n<\/ul>\n<p><strong>Kaj je vklju\u010deno?<\/strong><\/p>\n<ul>\n<li>Transfer iz hotelov El Gouna &#8220;Hotel pick up and drop off&#8221;.<\/li>\n<li>Vsi davki, vstopnine in manipulativni stro\u0161ki.<\/li>\n<li>Mineralna voda + Cola.<\/li>\n<li>Profesionalni in\u0161truktor potapljanja.<\/li>\n<li>Potaplja\u0161ka oprema in oprema za potapljanje &#8220;Maske in plavalne plavuti&#8221;.<\/li>\n<li>VIP samopostre\u017eno kosilo na ladji.<\/li>\n<li>Re\u0161ilni jopi\u010di.<\/li>\n<\/ul>\n<p><strong>Izklju\u010ditve?<\/strong><\/p>\n<ul>\n<li>Dajanje napitnine.<\/li>\n<li>Fotografija in fotografije za potovanje.<\/li>\n<li>Ponujamo najem kopalke in kopalke za \u017eenske, mo\u0161ke, otroke vse velikosti &#8220;5$ na enega&#8221;.<\/li>\n<li>Dodatki, ki niso bili omenjeni.<\/li>\n<li>Nitrox 12 L = 10$ na dan<\/li>\n<li>Nitrox 15 L = 10$ na dan<\/li>\n<li>15 L rezervoarji (normalen zrak) = 10$ na dan<\/li>\n<\/ul>\n<p><strong>Cene:<\/strong><\/p>\n<ul>\n<li><strong>Cena za odrasle = 80$ na osebo<\/strong>.<\/li>\n<\/ul>\n<p><strong>Mnenja:<\/strong><\/p>\n<p>preverite na\u0161e Google Map Reviews kot Best <a href=\"https:\/\/g.page\/r\/CUeYvkngP3wkEBM\/review\">Tour Operator v Hurgadi na<\/a> spletu v <a href=\"https:\/\/hurghadalovers.com\/\">Hurgadi<\/a> Egipt.<\/p>\n<p><strong>Rezervacije:<\/strong><\/p>\n<p>Po\u0161ljite hotel + \u0160tevilka sobe + Foto potni listi na WhatsApp: <strong>+201112596434<\/strong><\/p>\n<p>\u010ce ste iz Egipta Rezervacija zdaj na spletu in potrdite ob prihodu Hotel.<\/p>\n<p>&nbsp;<\/p>\n<p>&nbsp;<\/p>\n","protected":false},"excerpt":{"rendered":"<p><strong>Dnevni potaplja\u0161ki izlet z ladjo iz <\/strong><strong>El Goune<\/strong> | Certificirani in profesionalni potaplja\u010di | s kosilom, pija\u010do, potaplja\u0161ko opremo in prevozom.<\/p>\n<p style=\"text-align: center;\"><span style=\"color: #00ccff;\"><strong>Luksuzna ladja<\/strong> | <strong>Profesionalni in\u0161truktor potapljanja<\/strong> | <strong>Najbolj\u0161a potaplja\u0161ka obmo\u010dja in grebeni<\/strong>, Rde\u010de morje.<\/span><\/p>\n<p>&nbsp;<\/p>\n","protected":false},"featured_media":395631,"template":"","meta":{"_joinchat":[]},"product_brand":[],"product_cat":[36671],"product_tag":[],"class_list":{"0":"post-395776","1":"product","2":"type-product","3":"status-publish","4":"has-post-thumbnail","6":"product_cat-izleti","7":"tour_category-el-gouna-izleti","8":"tour_category-el-gouna-potapljanje","10":"first","11":"instock","12":"sale","13":"shipping-taxable","14":"purchasable","15":"product-type-tour"},"yoast_head":"<!-- This site is optimized with the Yoast SEO Premium plugin v26.9 (Yoast SEO v27.2) - https:\/\/yoast.com\/product\/yoast-seo-premium-wordpress\/ -->\n<title>Dnevni potaplja\u0161ki izlet z ladjo iz El Goune | Certified<\/title>\n<meta name=\"description\" content=\"Dnevni potaplja\u0161ki izlet z ladjo iz El Goune | Certificirani in profesionalni potaplja\u010di | s kosilom, pija\u010do, potaplja\u0161ko opremo in prevozom. Luksuzni \u010doln | Profesionalno\" \/>\n<meta name=\"robots\" content=\"index, follow, max-snippet:-1, max-image-preview:large, max-video-preview:-1\" \/>\n<link rel=\"canonical\" href=\"https:\/\/hurghadalovers.com\/sl\/tours\/dnevni-izlet-s-potapljanjem-s-colnom-iz-el-goune\/\" \/>\n<meta property=\"og:locale\" content=\"sl_SI\" \/>\n<meta property=\"og:type\" content=\"article\" \/>\n<meta property=\"og:title\" content=\"Vsakodnevni potaplja\u0161ki izlet z ladjo iz El Goune\" \/>\n<meta property=\"og:description\" content=\"Dnevni potaplja\u0161ki izlet z ladjo iz El Goune | Certificirani in profesionalni potaplja\u010di | s kosilom, pija\u010do, potaplja\u0161ko opremo in prevozom. Luksuzni \u010doln | Profesionalno\" \/>\n<meta property=\"og:url\" content=\"https:\/\/hurghadalovers.com\/sl\/tours\/dnevni-izlet-s-potapljanjem-s-colnom-iz-el-goune\/\" \/>\n<meta property=\"og:site_name\" content=\"Hurghada Excursions &amp; Day Trips | Booking Best Prices Tours\" \/>\n<meta property=\"article:publisher\" content=\"https:\/\/www.facebook.com\/Hurghadaloversegypt\" \/>\n<meta property=\"article:modified_time\" content=\"2026-02-08T15:13:31+00:00\" \/>\n<meta property=\"og:image\" content=\"https:\/\/hurghadalovers.com\/wp-content\/uploads\/2023\/09\/Daily-Scuba-Diving-Boat-Trip-from-El-Gouna.png\" \/>\n\t<meta property=\"og:image:width\" content=\"907\" \/>\n\t<meta property=\"og:image:height\" content=\"594\" \/>\n\t<meta property=\"og:image:type\" content=\"image\/png\" \/>\n<meta name=\"twitter:card\" content=\"summary_large_image\" \/>\n<meta name=\"twitter:label1\" content=\"Price\" \/>\n\t<meta name=\"twitter:data1\" content=\"&euro;&nbsp;80\" \/>\n\t<meta name=\"twitter:label2\" content=\"Availability\" \/>\n\t<meta name=\"twitter:data2\" content=\"In stock\" \/>\n<script type=\"application\/ld+json\" class=\"yoast-schema-graph\">{\"@context\":\"https:\/\/schema.org\",\"@graph\":[{\"@type\":[\"WebPage\",\"ItemPage\"],\"@id\":\"https:\/\/hurghadalovers.com\/sl\/tours\/dnevni-izlet-s-potapljanjem-s-colnom-iz-el-goune\/\",\"url\":\"https:\/\/hurghadalovers.com\/sl\/tours\/dnevni-izlet-s-potapljanjem-s-colnom-iz-el-goune\/\",\"name\":\"Dnevni potaplja\u0161ki izlet z ladjo iz El Goune | Certified\",\"isPartOf\":{\"@id\":\"https:\/\/hurghadalovers.com\/sl\/#website\"},\"primaryImageOfPage\":{\"@id\":\"https:\/\/hurghadalovers.com\/sl\/tours\/dnevni-izlet-s-potapljanjem-s-colnom-iz-el-goune\/#primaryimage\"},\"image\":{\"@id\":\"https:\/\/hurghadalovers.com\/sl\/tours\/dnevni-izlet-s-potapljanjem-s-colnom-iz-el-goune\/#primaryimage\"},\"thumbnailUrl\":\"https:\/\/hurghadalovers.com\/wp-content\/uploads\/2023\/09\/Daily-Scuba-Diving-Boat-Trip-from-El-Gouna.png\",\"datePublished\":\"2023-09-03T20:35:59+00:00\",\"dateModified\":\"2026-02-08T15:13:31+00:00\",\"description\":\"Dnevni potaplja\u0161ki izlet z ladjo iz El Goune | Certificirani in profesionalni potaplja\u010di | s kosilom, pija\u010do, potaplja\u0161ko opremo in prevozom. Luksuzni \u010doln | Profesionalno\",\"breadcrumb\":{\"@id\":\"https:\/\/hurghadalovers.com\/sl\/tours\/dnevni-izlet-s-potapljanjem-s-colnom-iz-el-goune\/#breadcrumb\"},\"inLanguage\":\"sl-SI\",\"potentialAction\":[{\"@type\":\"ReadAction\",\"target\":[\"https:\/\/hurghadalovers.com\/sl\/tours\/dnevni-izlet-s-potapljanjem-s-colnom-iz-el-goune\/\"]}]},{\"@type\":\"ImageObject\",\"inLanguage\":\"sl-SI\",\"@id\":\"https:\/\/hurghadalovers.com\/sl\/tours\/dnevni-izlet-s-potapljanjem-s-colnom-iz-el-goune\/#primaryimage\",\"url\":\"https:\/\/hurghadalovers.com\/wp-content\/uploads\/2023\/09\/Daily-Scuba-Diving-Boat-Trip-from-El-Gouna.png\",\"contentUrl\":\"https:\/\/hurghadalovers.com\/wp-content\/uploads\/2023\/09\/Daily-Scuba-Diving-Boat-Trip-from-El-Gouna.png\",\"width\":907,\"height\":594,\"caption\":\"Daily Scuba Diving Boat Trip from El Gouna\"},{\"@type\":\"BreadcrumbList\",\"@id\":\"https:\/\/hurghadalovers.com\/sl\/tours\/dnevni-izlet-s-potapljanjem-s-colnom-iz-el-goune\/#breadcrumb\",\"itemListElement\":[{\"@type\":\"ListItem\",\"position\":1,\"name\":\"Home\",\"item\":\"https:\/\/hurghadalovers.com\/sl\/\"},{\"@type\":\"ListItem\",\"position\":2,\"name\":\"Shop\",\"item\":\"https:\/\/hurghadalovers.com\/shop\/\"},{\"@type\":\"ListItem\",\"position\":3,\"name\":\"Vsakodnevni potaplja\u0161ki izlet z ladjo iz El Goune\"}]},{\"@type\":\"WebSite\",\"@id\":\"https:\/\/hurghadalovers.com\/sl\/#website\",\"url\":\"https:\/\/hurghadalovers.com\/sl\/\",\"name\":\"Hurghada Excursions & Day Trips | Booking Best Prices Tours\",\"description\":\"Hurghada Lovers - Best Tour Operator - Excursions &amp; Things to do for Family Day Trips with kids and Couples Romantic. Unique .Hidden gems\",\"publisher\":{\"@id\":\"https:\/\/hurghadalovers.com\/sl\/#organization\"},\"alternateName\":\"Hurghada Excursions\",\"potentialAction\":[{\"@type\":\"SearchAction\",\"target\":{\"@type\":\"EntryPoint\",\"urlTemplate\":\"https:\/\/hurghadalovers.com\/sl\/?s={search_term_string}\"},\"query-input\":{\"@type\":\"PropertyValueSpecification\",\"valueRequired\":true,\"valueName\":\"search_term_string\"}}],\"inLanguage\":\"sl-SI\"},{\"@type\":[\"Organization\",\"Place\",\"TravelAgency\"],\"@id\":\"https:\/\/hurghadalovers.com\/sl\/#organization\",\"name\":\"Hurghada Excursions\",\"url\":\"https:\/\/hurghadalovers.com\/sl\/\",\"logo\":{\"@id\":\"https:\/\/hurghadalovers.com\/sl\/tours\/dnevni-izlet-s-potapljanjem-s-colnom-iz-el-goune\/#local-main-organization-logo\"},\"image\":{\"@id\":\"https:\/\/hurghadalovers.com\/sl\/tours\/dnevni-izlet-s-potapljanjem-s-colnom-iz-el-goune\/#local-main-organization-logo\"},\"sameAs\":[\"https:\/\/www.facebook.com\/Hurghadaloversegypt\"],\"address\":{\"@id\":\"https:\/\/hurghadalovers.com\/sl\/tours\/dnevni-izlet-s-potapljanjem-s-colnom-iz-el-goune\/#local-main-place-address\"},\"telephone\":[\"00201112596434\"],\"contactPoint\":{\"@type\":\"ContactPoint\",\"telephone\":\"00201112596434\",\"email\":\"weyouface@gmail.com\"},\"openingHoursSpecification\":{\"@type\":\"OpeningHoursSpecification\",\"dayOfWeek\":[\"Monday\",\"Tuesday\",\"Wednesday\",\"Thursday\",\"Friday\",\"Saturday\",\"Sunday\"],\"opens\":\"00:00\",\"closes\":\"23:59\"},\"email\":\"weyouface@gmail.com\",\"areaServed\":\"Luxor, Hurghada, El Gouna, Aswan, Sharm El Sheikh, Giza, Alexandria, Marsa Alam, Quseir, Soma Bay, Sahl Hasheesh, Red Sea, Makadi Bay, Cairo\",\"priceRange\":\"$\",\"currenciesAccepted\":\"euro\",\"paymentAccepted\":\"cash on site\"},{\"@type\":\"PostalAddress\",\"@id\":\"https:\/\/hurghadalovers.com\/sl\/tours\/dnevni-izlet-s-potapljanjem-s-colnom-iz-el-goune\/#local-main-place-address\",\"streetAddress\":\"17 Banks street, Alkawther area, top nbk bank\",\"addressLocality\":\"hurghada\",\"postalCode\":\"84511\",\"addressRegion\":\"red sea\",\"addressCountry\":\"EG\"},{\"@type\":\"ImageObject\",\"inLanguage\":\"sl-SI\",\"@id\":\"https:\/\/hurghadalovers.com\/sl\/tours\/dnevni-izlet-s-potapljanjem-s-colnom-iz-el-goune\/#local-main-organization-logo\",\"url\":\"https:\/\/hurghadalovers.com\/wp-content\/uploads\/2019\/10\/hurghada-excursions-logo.png\",\"contentUrl\":\"https:\/\/hurghadalovers.com\/wp-content\/uploads\/2019\/10\/hurghada-excursions-logo.png\",\"width\":272,\"height\":90,\"caption\":\"Hurghada Excursions\"}]}<\/script>\n<meta property=\"product:brand\" content=\"El Gouna Izleti\" \/>\n<meta property=\"product:price:amount\" content=\"80\" \/>\n<meta property=\"product:price:currency\" content=\"EUR\" \/>\n<meta property=\"og:availability\" content=\"instock\" \/>\n<meta property=\"product:availability\" content=\"instock\" \/>\n<meta property=\"product:retailer_item_id\" content=\"Gouna812024\" \/>\n<meta property=\"product:condition\" content=\"new\" \/>\n<meta name=\"geo.placename\" content=\"hurghada\" \/>\n<meta name=\"geo.region\" content=\"Egypt\" \/>\n<!-- \/ Yoast SEO Premium plugin. -->","yoast_head_json":{"title":"Dnevni potaplja\u0161ki izlet z ladjo iz El Goune | Certified","description":"Dnevni potaplja\u0161ki izlet z ladjo iz El Goune | Certificirani in profesionalni potaplja\u010di | s kosilom, pija\u010do, potaplja\u0161ko opremo in prevozom. Luksuzni \u010doln | Profesionalno","robots":{"index":"index","follow":"follow","max-snippet":"max-snippet:-1","max-image-preview":"max-image-preview:large","max-video-preview":"max-video-preview:-1"},"canonical":"https:\/\/hurghadalovers.com\/sl\/tours\/dnevni-izlet-s-potapljanjem-s-colnom-iz-el-goune\/","og_locale":"sl_SI","og_type":"article","og_title":"Vsakodnevni potaplja\u0161ki izlet z ladjo iz El Goune","og_description":"Dnevni potaplja\u0161ki izlet z ladjo iz El Goune | Certificirani in profesionalni potaplja\u010di | s kosilom, pija\u010do, potaplja\u0161ko opremo in prevozom. Luksuzni \u010doln | Profesionalno","og_url":"https:\/\/hurghadalovers.com\/sl\/tours\/dnevni-izlet-s-potapljanjem-s-colnom-iz-el-goune\/","og_site_name":"Hurghada Excursions &amp; Day Trips | Booking Best Prices Tours","article_publisher":"https:\/\/www.facebook.com\/Hurghadaloversegypt","article_modified_time":"2026-02-08T15:13:31+00:00","og_image":[{"width":907,"height":594,"url":"https:\/\/hurghadalovers.com\/wp-content\/uploads\/2023\/09\/Daily-Scuba-Diving-Boat-Trip-from-El-Gouna.png","type":"image\/png"}],"twitter_card":"summary_large_image","twitter_misc":{"Price":"&euro;&nbsp;80","Availability":"In stock"},"schema":{"@context":"https:\/\/schema.org","@graph":[{"@type":["WebPage","ItemPage"],"@id":"https:\/\/hurghadalovers.com\/sl\/tours\/dnevni-izlet-s-potapljanjem-s-colnom-iz-el-goune\/","url":"https:\/\/hurghadalovers.com\/sl\/tours\/dnevni-izlet-s-potapljanjem-s-colnom-iz-el-goune\/","name":"Dnevni potaplja\u0161ki izlet z ladjo iz El Goune | Certified","isPartOf":{"@id":"https:\/\/hurghadalovers.com\/sl\/#website"},"primaryImageOfPage":{"@id":"https:\/\/hurghadalovers.com\/sl\/tours\/dnevni-izlet-s-potapljanjem-s-colnom-iz-el-goune\/#primaryimage"},"image":{"@id":"https:\/\/hurghadalovers.com\/sl\/tours\/dnevni-izlet-s-potapljanjem-s-colnom-iz-el-goune\/#primaryimage"},"thumbnailUrl":"https:\/\/hurghadalovers.com\/wp-content\/uploads\/2023\/09\/Daily-Scuba-Diving-Boat-Trip-from-El-Gouna.png","datePublished":"2023-09-03T20:35:59+00:00","dateModified":"2026-02-08T15:13:31+00:00","description":"Dnevni potaplja\u0161ki izlet z ladjo iz El Goune | Certificirani in profesionalni potaplja\u010di | s kosilom, pija\u010do, potaplja\u0161ko opremo in prevozom. Luksuzni \u010doln | Profesionalno","breadcrumb":{"@id":"https:\/\/hurghadalovers.com\/sl\/tours\/dnevni-izlet-s-potapljanjem-s-colnom-iz-el-goune\/#breadcrumb"},"inLanguage":"sl-SI","potentialAction":[{"@type":"ReadAction","target":["https:\/\/hurghadalovers.com\/sl\/tours\/dnevni-izlet-s-potapljanjem-s-colnom-iz-el-goune\/"]}]},{"@type":"ImageObject","inLanguage":"sl-SI","@id":"https:\/\/hurghadalovers.com\/sl\/tours\/dnevni-izlet-s-potapljanjem-s-colnom-iz-el-goune\/#primaryimage","url":"https:\/\/hurghadalovers.com\/wp-content\/uploads\/2023\/09\/Daily-Scuba-Diving-Boat-Trip-from-El-Gouna.png","contentUrl":"https:\/\/hurghadalovers.com\/wp-content\/uploads\/2023\/09\/Daily-Scuba-Diving-Boat-Trip-from-El-Gouna.png","width":907,"height":594,"caption":"Daily Scuba Diving Boat Trip from El Gouna"},{"@type":"BreadcrumbList","@id":"https:\/\/hurghadalovers.com\/sl\/tours\/dnevni-izlet-s-potapljanjem-s-colnom-iz-el-goune\/#breadcrumb","itemListElement":[{"@type":"ListItem","position":1,"name":"Home","item":"https:\/\/hurghadalovers.com\/sl\/"},{"@type":"ListItem","position":2,"name":"Shop","item":"https:\/\/hurghadalovers.com\/shop\/"},{"@type":"ListItem","position":3,"name":"Vsakodnevni potaplja\u0161ki izlet z ladjo iz El Goune"}]},{"@type":"WebSite","@id":"https:\/\/hurghadalovers.com\/sl\/#website","url":"https:\/\/hurghadalovers.com\/sl\/","name":"Hurghada Excursions & Day Trips | Booking Best Prices Tours","description":"Hurghada Lovers - Best Tour Operator - Excursions &amp; Things to do for Family Day Trips with kids and Couples Romantic. Unique .Hidden gems","publisher":{"@id":"https:\/\/hurghadalovers.com\/sl\/#organization"},"alternateName":"Hurghada Excursions","potentialAction":[{"@type":"SearchAction","target":{"@type":"EntryPoint","urlTemplate":"https:\/\/hurghadalovers.com\/sl\/?s={search_term_string}"},"query-input":{"@type":"PropertyValueSpecification","valueRequired":true,"valueName":"search_term_string"}}],"inLanguage":"sl-SI"},{"@type":["Organization","Place","TravelAgency"],"@id":"https:\/\/hurghadalovers.com\/sl\/#organization","name":"Hurghada Excursions","url":"https:\/\/hurghadalovers.com\/sl\/","logo":{"@id":"https:\/\/hurghadalovers.com\/sl\/tours\/dnevni-izlet-s-potapljanjem-s-colnom-iz-el-goune\/#local-main-organization-logo"},"image":{"@id":"https:\/\/hurghadalovers.com\/sl\/tours\/dnevni-izlet-s-potapljanjem-s-colnom-iz-el-goune\/#local-main-organization-logo"},"sameAs":["https:\/\/www.facebook.com\/Hurghadaloversegypt"],"address":{"@id":"https:\/\/hurghadalovers.com\/sl\/tours\/dnevni-izlet-s-potapljanjem-s-colnom-iz-el-goune\/#local-main-place-address"},"telephone":["00201112596434"],"contactPoint":{"@type":"ContactPoint","telephone":"00201112596434","email":"weyouface@gmail.com"},"openingHoursSpecification":{"@type":"OpeningHoursSpecification","dayOfWeek":["Monday","Tuesday","Wednesday","Thursday","Friday","Saturday","Sunday"],"opens":"00:00","closes":"23:59"},"email":"weyouface@gmail.com","areaServed":"Luxor, Hurghada, El Gouna, Aswan, Sharm El Sheikh, Giza, Alexandria, Marsa Alam, Quseir, Soma Bay, Sahl Hasheesh, Red Sea, Makadi Bay, Cairo","priceRange":"$","currenciesAccepted":"euro","paymentAccepted":"cash on site"},{"@type":"PostalAddress","@id":"https:\/\/hurghadalovers.com\/sl\/tours\/dnevni-izlet-s-potapljanjem-s-colnom-iz-el-goune\/#local-main-place-address","streetAddress":"17 Banks street, Alkawther area, top nbk bank","addressLocality":"hurghada","postalCode":"84511","addressRegion":"red sea","addressCountry":"EG"},{"@type":"ImageObject","inLanguage":"sl-SI","@id":"https:\/\/hurghadalovers.com\/sl\/tours\/dnevni-izlet-s-potapljanjem-s-colnom-iz-el-goune\/#local-main-organization-logo","url":"https:\/\/hurghadalovers.com\/wp-content\/uploads\/2019\/10\/hurghada-excursions-logo.png","contentUrl":"https:\/\/hurghadalovers.com\/wp-content\/uploads\/2019\/10\/hurghada-excursions-logo.png","width":272,"height":90,"caption":"Hurghada Excursions"}]},"product_brand":"El Gouna Izleti","product_price_amount":"80","product_price_currency":"EUR","og_availability":"instock","product_availability":"instock","product_retailer_item_id":"Gouna812024","product_condition":"new","geo.placename":"hurghada","geo.region":"Egypt"},"_links":{"self":[{"href":"https:\/\/hurghadalovers.com\/sl\/wp-json\/wp\/v2\/product\/395776","targetHints":{"allow":["GET"]}}],"collection":[{"href":"https:\/\/hurghadalovers.com\/sl\/wp-json\/wp\/v2\/product"}],"about":[{"href":"https:\/\/hurghadalovers.com\/sl\/wp-json\/wp\/v2\/types\/product"}],"wp:featuredmedia":[{"embeddable":true,"href":"https:\/\/hurghadalovers.com\/sl\/wp-json\/wp\/v2\/media\/395631"}],"wp:attachment":[{"href":"https:\/\/hurghadalovers.com\/sl\/wp-json\/wp\/v2\/media?parent=395776"}],"wp:term":[{"taxonomy":"product_brand","embeddable":true,"href":"https:\/\/hurghadalovers.com\/sl\/wp-json\/wp\/v2\/product_brand?post=395776"},{"taxonomy":"product_cat","embeddable":true,"href":"https:\/\/hurghadalovers.com\/sl\/wp-json\/wp\/v2\/product_cat?post=395776"},{"taxonomy":"product_tag","embeddable":true,"href":"https:\/\/hurghadalovers.com\/sl\/wp-json\/wp\/v2\/product_tag?post=395776"}],"curies":[{"name":"wp","href":"https:\/\/api.w.org\/{rel}","templated":true}]}}