{"id":394029,"date":"2023-09-02T12:09:59","date_gmt":"2023-09-02T12:11:55","guid":{"rendered":"https:\/\/hurghadalovers.com\/shop\/nekategorizirano\/el-gouna-zasebni-enodnevni-izlet-v-koptski-kairo\/"},"modified":"2026-02-08T07:14:49","modified_gmt":"2026-02-08T07:14:49","slug":"el-gouna-zasebni-dnevni-izlet-v-kopticni-kairo","status":"publish","type":"product","link":"https:\/\/hurghadalovers.com\/sl\/tours\/el-gouna-zasebni-dnevni-izlet-v-kopticni-kairo\/","title":{"rendered":"El Gouna Zasebni enodnevni izlet v koptski Kairo"},"content":{"rendered":"<p><strong>El Gouna Zasebni enodnevni izlet v koptski Kairo<\/strong> z zasebnim vodnikom, vstopnicami in kosilom.<\/p>\n<p>Ob obisku najpomembnej\u0161ih koptskih spomenikov v <strong>starem Kairu<\/strong>, koptskega muzeja in <strong>starodavnih cerkva<\/strong> odkrijte \u010dudovita zgodovinska dejstva ter spoznajte, kako so vplivali na zgodovino <strong>starega Egipta<\/strong>.<\/p>\n<p>&nbsp;<\/p>\n<p><strong>Poudarki:<\/strong><\/p>\n<ul>\n<li>Zanimivosti starega Kaira<\/li>\n<li>vise\u010da cerkev &#8220;Al-Muallaqa Church&#8221;.<\/li>\n<li>sveti Sergij.<\/li>\n<li>Cerkev Bacchus<\/li>\n<li>Cerkev Abu Serga<\/li>\n<li>Ben Ezra<\/li>\n<li>koptski muzej<\/li>\n<li>Kosilo v restavraciji.<\/li>\n<\/ul>\n<p><strong>El Gouna<\/strong> <strong>Zasebni enodnevni izlet v koptski Kairo Podrobnosti:<\/strong><\/p>\n<ul>\n<li>Razpolo\u017eljivost ture: Vsak dan.<\/li>\n<li>Vrsta ture: Zasebno z avtomobilom ali minivanom.<\/li>\n<li>\u010cas prevzema: Za\u010detek od 01:00 A.M.<\/li>\n<li>Pro\u0161nja Hotel dobite vre\u010dko za zajtrk z vami zjutraj.<\/li>\n<li>\u010cas odhoda: 20:30.<\/li>\n<li>Dostopno za invalidske vozi\u010dke.<\/li>\n<li>Trajanje: 22 ur.<\/li>\n<\/ul>\n<p><strong>Rezervirajte zdaj in pla\u010dajte pozneje:<\/strong><\/p>\n<ul>\n<li>Denar na kraju samem za vodenje.<\/li>\n<li>Pla\u010dilo z egiptovskimi funti, $, \u20ac ali \u00a3.<\/li>\n<\/ul>\n<p><strong>Pravila odpovedi:<\/strong><\/p>\n<ul>\n<li>prekli\u010dete do 24 ur vnaprej.<\/li>\n<li>Ko kdo iz va\u0161e dru\u017eine prekli\u010de jutro, pla\u010da 50 % stro\u0161kov.<\/li>\n<\/ul>\n<p><strong>Kaj je vklju\u010deno?<\/strong><\/p>\n<ul>\n<li>Transfer iz hotelov El Gouna &#8220;Hotel pick up and drop off&#8221;.<\/li>\n<li>Vsi davki, vstopnine in manipulativni stro\u0161ki.<\/li>\n<li>Prenosi.<\/li>\n<li>Turisti\u010dni vodnik.<\/li>\n<li>Pija\u010de.<\/li>\n<li>Kosilo v restavraciji.<\/li>\n<\/ul>\n<p><strong>Izklju\u010ditve?<\/strong><\/p>\n<ul>\n<li>Dajanje napitnine.<\/li>\n<li>Izlet s feluko &#8220;Kri\u017earjenje z ladjo&#8221; Za 35 min= 10$.<\/li>\n<li>Dodatki, ki niso bili omenjeni.<\/li>\n<\/ul>\n<p><strong>Cene:<\/strong><\/p>\n<ul>\n<li><strong>Cena za odrasle = od 160 $ na osebo<\/strong>.<\/li>\n<li>Cena za otroke &#8220;5-12\u2033= 50%.<\/li>\n<li>za otroke &#8220;0-5\u2033= brezpla\u010dno.<\/li>\n<\/ul>\n<p><strong>Mnenja:<\/strong><\/p>\n<p>preverite na\u0161e Google Map Reviews kot Best <a href=\"https:\/\/g.page\/r\/CUeYvkngP3wkEBM\/review\">Tour Operator v Hurgadi na<\/a> spletu v <a href=\"https:\/\/hurghadalovers.com\/\">Hurgadi<\/a> Egipt.<\/p>\n<p>&nbsp;<\/p>\n<p><strong>Rezervacije :<\/strong><\/p>\n<p>Po\u0161ljite hotel + \u0160tevilka sobe + Foto potni listi na WhatsApp: <strong>+201112596434<\/strong><\/p>\n<p>\u010ce ste iz Egipta Rezervacija zdaj na spletu in potrdite ob prihodu Hotel.<\/p>\n<p>&nbsp;<\/p>\n<p>&nbsp;<\/p>\n","protected":false},"excerpt":{"rendered":"<p><strong>El Gouna Zasebni enodnevni izlet v koptski Kairo<\/strong> z zasebnim vodnikom, vstopnicami in kosilom. Ob obisku najpomembnej\u0161ih koptskih spomenikov odkrijte \u010dudovita zgodovinska dejstva<\/p>\n","protected":false},"featured_media":393790,"template":"","meta":{"_joinchat":[]},"product_brand":[],"product_cat":[36671],"product_tag":[],"class_list":{"0":"post-394029","1":"product","2":"type-product","3":"status-publish","4":"has-post-thumbnail","6":"product_cat-izleti","7":"tour_category-el-gouna-izleti","8":"tour_category-el-gouna-do-piramid-tours","10":"first","11":"instock","12":"sale","13":"shipping-taxable","14":"purchasable","15":"product-type-tour"},"yoast_head":"<!-- This site is optimized with the Yoast SEO Premium plugin v26.9 (Yoast SEO v27.2) - https:\/\/yoast.com\/product\/yoast-seo-premium-wordpress\/ -->\n<title>El Gouna Zasebni enodnevni izlet v koptski Kairo<\/title>\n<meta name=\"description\" content=\"El Gouna Zasebni enodnevni izlet v koptski Kairo z zasebnim vodnikom, vstopnicami in kosilom. Odkrijte \u010dudovita zgodovinska dejstva ob obisku najpomembnej\u0161ih\" \/>\n<meta name=\"robots\" content=\"index, follow, max-snippet:-1, max-image-preview:large, max-video-preview:-1\" \/>\n<link rel=\"canonical\" href=\"https:\/\/hurghadalovers.com\/sl\/tours\/el-gouna-zasebni-dnevni-izlet-v-kopticni-kairo\/\" \/>\n<meta property=\"og:locale\" content=\"sl_SI\" \/>\n<meta property=\"og:type\" content=\"article\" \/>\n<meta property=\"og:title\" content=\"El Gouna Zasebni enodnevni izlet v koptski Kairo\" \/>\n<meta property=\"og:description\" content=\"El Gouna Zasebni enodnevni izlet v koptski Kairo z zasebnim vodnikom, vstopnicami in kosilom. Odkrijte \u010dudovita zgodovinska dejstva ob obisku najpomembnej\u0161ih\" \/>\n<meta property=\"og:url\" content=\"https:\/\/hurghadalovers.com\/sl\/tours\/el-gouna-zasebni-dnevni-izlet-v-kopticni-kairo\/\" \/>\n<meta property=\"og:site_name\" content=\"Hurghada Excursions &amp; Day Trips | Booking Best Prices Tours\" \/>\n<meta property=\"article:publisher\" content=\"https:\/\/www.facebook.com\/Hurghadaloversegypt\" \/>\n<meta property=\"article:modified_time\" content=\"2026-02-08T07:14:49+00:00\" \/>\n<meta property=\"og:image\" content=\"https:\/\/hurghadalovers.com\/wp-content\/uploads\/2023\/09\/El-Gouna-Private-Day-Trip-to-Coptic-Cairo.jpeg\" \/>\n\t<meta property=\"og:image:width\" content=\"1536\" \/>\n\t<meta property=\"og:image:height\" content=\"823\" \/>\n\t<meta property=\"og:image:type\" content=\"image\/jpeg\" \/>\n<meta name=\"twitter:card\" content=\"summary_large_image\" \/>\n<meta name=\"twitter:label1\" content=\"Price\" \/>\n\t<meta name=\"twitter:data1\" content=\"&euro;&nbsp;160\" \/>\n\t<meta name=\"twitter:label2\" content=\"Availability\" \/>\n\t<meta name=\"twitter:data2\" content=\"In stock\" \/>\n<script type=\"application\/ld+json\" class=\"yoast-schema-graph\">{\"@context\":\"https:\/\/schema.org\",\"@graph\":[{\"@type\":[\"WebPage\",\"ItemPage\"],\"@id\":\"https:\/\/hurghadalovers.com\/sl\/tours\/el-gouna-zasebni-dnevni-izlet-v-kopticni-kairo\/\",\"url\":\"https:\/\/hurghadalovers.com\/sl\/tours\/el-gouna-zasebni-dnevni-izlet-v-kopticni-kairo\/\",\"name\":\"El Gouna Zasebni enodnevni izlet v koptski Kairo\",\"isPartOf\":{\"@id\":\"https:\/\/hurghadalovers.com\/sl\/#website\"},\"primaryImageOfPage\":{\"@id\":\"https:\/\/hurghadalovers.com\/sl\/tours\/el-gouna-zasebni-dnevni-izlet-v-kopticni-kairo\/#primaryimage\"},\"image\":{\"@id\":\"https:\/\/hurghadalovers.com\/sl\/tours\/el-gouna-zasebni-dnevni-izlet-v-kopticni-kairo\/#primaryimage\"},\"thumbnailUrl\":\"https:\/\/hurghadalovers.com\/wp-content\/uploads\/2023\/09\/El-Gouna-Private-Day-Trip-to-Coptic-Cairo.jpeg\",\"datePublished\":\"2023-09-02T12:11:55+00:00\",\"dateModified\":\"2026-02-08T07:14:49+00:00\",\"description\":\"El Gouna Zasebni enodnevni izlet v koptski Kairo z zasebnim vodnikom, vstopnicami in kosilom. Odkrijte \u010dudovita zgodovinska dejstva ob obisku najpomembnej\u0161ih\",\"breadcrumb\":{\"@id\":\"https:\/\/hurghadalovers.com\/sl\/tours\/el-gouna-zasebni-dnevni-izlet-v-kopticni-kairo\/#breadcrumb\"},\"inLanguage\":\"sl-SI\",\"potentialAction\":[{\"@type\":\"ReadAction\",\"target\":[\"https:\/\/hurghadalovers.com\/sl\/tours\/el-gouna-zasebni-dnevni-izlet-v-kopticni-kairo\/\"]}]},{\"@type\":\"ImageObject\",\"inLanguage\":\"sl-SI\",\"@id\":\"https:\/\/hurghadalovers.com\/sl\/tours\/el-gouna-zasebni-dnevni-izlet-v-kopticni-kairo\/#primaryimage\",\"url\":\"https:\/\/hurghadalovers.com\/wp-content\/uploads\/2023\/09\/El-Gouna-Private-Day-Trip-to-Coptic-Cairo.jpeg\",\"contentUrl\":\"https:\/\/hurghadalovers.com\/wp-content\/uploads\/2023\/09\/El-Gouna-Private-Day-Trip-to-Coptic-Cairo.jpeg\",\"width\":1536,\"height\":823,\"caption\":\"El Gouna Zasebni enodnevni izlet v koptski Kairo\"},{\"@type\":\"BreadcrumbList\",\"@id\":\"https:\/\/hurghadalovers.com\/sl\/tours\/el-gouna-zasebni-dnevni-izlet-v-kopticni-kairo\/#breadcrumb\",\"itemListElement\":[{\"@type\":\"ListItem\",\"position\":1,\"name\":\"Home\",\"item\":\"https:\/\/hurghadalovers.com\/sl\/\"},{\"@type\":\"ListItem\",\"position\":2,\"name\":\"Shop\",\"item\":\"https:\/\/hurghadalovers.com\/shop\/\"},{\"@type\":\"ListItem\",\"position\":3,\"name\":\"El Gouna Zasebni enodnevni izlet v koptski Kairo\"}]},{\"@type\":\"WebSite\",\"@id\":\"https:\/\/hurghadalovers.com\/sl\/#website\",\"url\":\"https:\/\/hurghadalovers.com\/sl\/\",\"name\":\"Hurghada Excursions & Day Trips | Booking Best Prices Tours\",\"description\":\"Hurghada Lovers - Best Tour Operator - Excursions &amp; Things to do for Family Day Trips with kids and Couples Romantic. Unique .Hidden gems\",\"publisher\":{\"@id\":\"https:\/\/hurghadalovers.com\/sl\/#organization\"},\"alternateName\":\"Hurghada Excursions\",\"potentialAction\":[{\"@type\":\"SearchAction\",\"target\":{\"@type\":\"EntryPoint\",\"urlTemplate\":\"https:\/\/hurghadalovers.com\/sl\/?s={search_term_string}\"},\"query-input\":{\"@type\":\"PropertyValueSpecification\",\"valueRequired\":true,\"valueName\":\"search_term_string\"}}],\"inLanguage\":\"sl-SI\"},{\"@type\":[\"Organization\",\"Place\",\"TravelAgency\"],\"@id\":\"https:\/\/hurghadalovers.com\/sl\/#organization\",\"name\":\"Hurghada Excursions\",\"url\":\"https:\/\/hurghadalovers.com\/sl\/\",\"logo\":{\"@id\":\"https:\/\/hurghadalovers.com\/sl\/tours\/el-gouna-zasebni-dnevni-izlet-v-kopticni-kairo\/#local-main-organization-logo\"},\"image\":{\"@id\":\"https:\/\/hurghadalovers.com\/sl\/tours\/el-gouna-zasebni-dnevni-izlet-v-kopticni-kairo\/#local-main-organization-logo\"},\"sameAs\":[\"https:\/\/www.facebook.com\/Hurghadaloversegypt\"],\"address\":{\"@id\":\"https:\/\/hurghadalovers.com\/sl\/tours\/el-gouna-zasebni-dnevni-izlet-v-kopticni-kairo\/#local-main-place-address\"},\"telephone\":[\"00201112596434\"],\"contactPoint\":{\"@type\":\"ContactPoint\",\"telephone\":\"00201112596434\",\"email\":\"weyouface@gmail.com\"},\"openingHoursSpecification\":{\"@type\":\"OpeningHoursSpecification\",\"dayOfWeek\":[\"Monday\",\"Tuesday\",\"Wednesday\",\"Thursday\",\"Friday\",\"Saturday\",\"Sunday\"],\"opens\":\"00:00\",\"closes\":\"23:59\"},\"email\":\"weyouface@gmail.com\",\"areaServed\":\"Luxor, Hurghada, El Gouna, Aswan, Sharm El Sheikh, Giza, Alexandria, Marsa Alam, Quseir, Soma Bay, Sahl Hasheesh, Red Sea, Makadi Bay, Cairo\",\"priceRange\":\"$\",\"currenciesAccepted\":\"euro\",\"paymentAccepted\":\"cash on site\"},{\"@type\":\"PostalAddress\",\"@id\":\"https:\/\/hurghadalovers.com\/sl\/tours\/el-gouna-zasebni-dnevni-izlet-v-kopticni-kairo\/#local-main-place-address\",\"streetAddress\":\"17 Banks street, Alkawther area, top nbk bank\",\"addressLocality\":\"hurghada\",\"postalCode\":\"84511\",\"addressRegion\":\"red sea\",\"addressCountry\":\"EG\"},{\"@type\":\"ImageObject\",\"inLanguage\":\"sl-SI\",\"@id\":\"https:\/\/hurghadalovers.com\/sl\/tours\/el-gouna-zasebni-dnevni-izlet-v-kopticni-kairo\/#local-main-organization-logo\",\"url\":\"https:\/\/hurghadalovers.com\/wp-content\/uploads\/2019\/10\/hurghada-excursions-logo.png\",\"contentUrl\":\"https:\/\/hurghadalovers.com\/wp-content\/uploads\/2019\/10\/hurghada-excursions-logo.png\",\"width\":272,\"height\":90,\"caption\":\"Hurghada Excursions\"}]}<\/script>\n<meta property=\"product:brand\" content=\"El Gouna Izleti\" \/>\n<meta property=\"product:price:amount\" content=\"160\" \/>\n<meta property=\"product:price:currency\" content=\"EUR\" \/>\n<meta property=\"og:availability\" content=\"instock\" \/>\n<meta property=\"product:availability\" content=\"instock\" \/>\n<meta property=\"product:retailer_item_id\" content=\"Gouna052024\" \/>\n<meta property=\"product:condition\" content=\"new\" \/>\n<meta name=\"geo.placename\" content=\"hurghada\" \/>\n<meta name=\"geo.region\" content=\"Egypt\" \/>\n<!-- \/ Yoast SEO Premium plugin. -->","yoast_head_json":{"title":"El Gouna Zasebni enodnevni izlet v koptski Kairo","description":"El Gouna Zasebni enodnevni izlet v koptski Kairo z zasebnim vodnikom, vstopnicami in kosilom. Odkrijte \u010dudovita zgodovinska dejstva ob obisku najpomembnej\u0161ih","robots":{"index":"index","follow":"follow","max-snippet":"max-snippet:-1","max-image-preview":"max-image-preview:large","max-video-preview":"max-video-preview:-1"},"canonical":"https:\/\/hurghadalovers.com\/sl\/tours\/el-gouna-zasebni-dnevni-izlet-v-kopticni-kairo\/","og_locale":"sl_SI","og_type":"article","og_title":"El Gouna Zasebni enodnevni izlet v koptski Kairo","og_description":"El Gouna Zasebni enodnevni izlet v koptski Kairo z zasebnim vodnikom, vstopnicami in kosilom. Odkrijte \u010dudovita zgodovinska dejstva ob obisku najpomembnej\u0161ih","og_url":"https:\/\/hurghadalovers.com\/sl\/tours\/el-gouna-zasebni-dnevni-izlet-v-kopticni-kairo\/","og_site_name":"Hurghada Excursions &amp; Day Trips | Booking Best Prices Tours","article_publisher":"https:\/\/www.facebook.com\/Hurghadaloversegypt","article_modified_time":"2026-02-08T07:14:49+00:00","og_image":[{"width":1536,"height":823,"url":"https:\/\/hurghadalovers.com\/wp-content\/uploads\/2023\/09\/El-Gouna-Private-Day-Trip-to-Coptic-Cairo.jpeg","type":"image\/jpeg"}],"twitter_card":"summary_large_image","twitter_misc":{"Price":"&euro;&nbsp;160","Availability":"In stock"},"schema":{"@context":"https:\/\/schema.org","@graph":[{"@type":["WebPage","ItemPage"],"@id":"https:\/\/hurghadalovers.com\/sl\/tours\/el-gouna-zasebni-dnevni-izlet-v-kopticni-kairo\/","url":"https:\/\/hurghadalovers.com\/sl\/tours\/el-gouna-zasebni-dnevni-izlet-v-kopticni-kairo\/","name":"El Gouna Zasebni enodnevni izlet v koptski Kairo","isPartOf":{"@id":"https:\/\/hurghadalovers.com\/sl\/#website"},"primaryImageOfPage":{"@id":"https:\/\/hurghadalovers.com\/sl\/tours\/el-gouna-zasebni-dnevni-izlet-v-kopticni-kairo\/#primaryimage"},"image":{"@id":"https:\/\/hurghadalovers.com\/sl\/tours\/el-gouna-zasebni-dnevni-izlet-v-kopticni-kairo\/#primaryimage"},"thumbnailUrl":"https:\/\/hurghadalovers.com\/wp-content\/uploads\/2023\/09\/El-Gouna-Private-Day-Trip-to-Coptic-Cairo.jpeg","datePublished":"2023-09-02T12:11:55+00:00","dateModified":"2026-02-08T07:14:49+00:00","description":"El Gouna Zasebni enodnevni izlet v koptski Kairo z zasebnim vodnikom, vstopnicami in kosilom. Odkrijte \u010dudovita zgodovinska dejstva ob obisku najpomembnej\u0161ih","breadcrumb":{"@id":"https:\/\/hurghadalovers.com\/sl\/tours\/el-gouna-zasebni-dnevni-izlet-v-kopticni-kairo\/#breadcrumb"},"inLanguage":"sl-SI","potentialAction":[{"@type":"ReadAction","target":["https:\/\/hurghadalovers.com\/sl\/tours\/el-gouna-zasebni-dnevni-izlet-v-kopticni-kairo\/"]}]},{"@type":"ImageObject","inLanguage":"sl-SI","@id":"https:\/\/hurghadalovers.com\/sl\/tours\/el-gouna-zasebni-dnevni-izlet-v-kopticni-kairo\/#primaryimage","url":"https:\/\/hurghadalovers.com\/wp-content\/uploads\/2023\/09\/El-Gouna-Private-Day-Trip-to-Coptic-Cairo.jpeg","contentUrl":"https:\/\/hurghadalovers.com\/wp-content\/uploads\/2023\/09\/El-Gouna-Private-Day-Trip-to-Coptic-Cairo.jpeg","width":1536,"height":823,"caption":"El Gouna Zasebni enodnevni izlet v koptski Kairo"},{"@type":"BreadcrumbList","@id":"https:\/\/hurghadalovers.com\/sl\/tours\/el-gouna-zasebni-dnevni-izlet-v-kopticni-kairo\/#breadcrumb","itemListElement":[{"@type":"ListItem","position":1,"name":"Home","item":"https:\/\/hurghadalovers.com\/sl\/"},{"@type":"ListItem","position":2,"name":"Shop","item":"https:\/\/hurghadalovers.com\/shop\/"},{"@type":"ListItem","position":3,"name":"El Gouna Zasebni enodnevni izlet v koptski Kairo"}]},{"@type":"WebSite","@id":"https:\/\/hurghadalovers.com\/sl\/#website","url":"https:\/\/hurghadalovers.com\/sl\/","name":"Hurghada Excursions & Day Trips | Booking Best Prices Tours","description":"Hurghada Lovers - Best Tour Operator - Excursions &amp; Things to do for Family Day Trips with kids and Couples Romantic. Unique .Hidden gems","publisher":{"@id":"https:\/\/hurghadalovers.com\/sl\/#organization"},"alternateName":"Hurghada Excursions","potentialAction":[{"@type":"SearchAction","target":{"@type":"EntryPoint","urlTemplate":"https:\/\/hurghadalovers.com\/sl\/?s={search_term_string}"},"query-input":{"@type":"PropertyValueSpecification","valueRequired":true,"valueName":"search_term_string"}}],"inLanguage":"sl-SI"},{"@type":["Organization","Place","TravelAgency"],"@id":"https:\/\/hurghadalovers.com\/sl\/#organization","name":"Hurghada Excursions","url":"https:\/\/hurghadalovers.com\/sl\/","logo":{"@id":"https:\/\/hurghadalovers.com\/sl\/tours\/el-gouna-zasebni-dnevni-izlet-v-kopticni-kairo\/#local-main-organization-logo"},"image":{"@id":"https:\/\/hurghadalovers.com\/sl\/tours\/el-gouna-zasebni-dnevni-izlet-v-kopticni-kairo\/#local-main-organization-logo"},"sameAs":["https:\/\/www.facebook.com\/Hurghadaloversegypt"],"address":{"@id":"https:\/\/hurghadalovers.com\/sl\/tours\/el-gouna-zasebni-dnevni-izlet-v-kopticni-kairo\/#local-main-place-address"},"telephone":["00201112596434"],"contactPoint":{"@type":"ContactPoint","telephone":"00201112596434","email":"weyouface@gmail.com"},"openingHoursSpecification":{"@type":"OpeningHoursSpecification","dayOfWeek":["Monday","Tuesday","Wednesday","Thursday","Friday","Saturday","Sunday"],"opens":"00:00","closes":"23:59"},"email":"weyouface@gmail.com","areaServed":"Luxor, Hurghada, El Gouna, Aswan, Sharm El Sheikh, Giza, Alexandria, Marsa Alam, Quseir, Soma Bay, Sahl Hasheesh, Red Sea, Makadi Bay, Cairo","priceRange":"$","currenciesAccepted":"euro","paymentAccepted":"cash on site"},{"@type":"PostalAddress","@id":"https:\/\/hurghadalovers.com\/sl\/tours\/el-gouna-zasebni-dnevni-izlet-v-kopticni-kairo\/#local-main-place-address","streetAddress":"17 Banks street, Alkawther area, top nbk bank","addressLocality":"hurghada","postalCode":"84511","addressRegion":"red sea","addressCountry":"EG"},{"@type":"ImageObject","inLanguage":"sl-SI","@id":"https:\/\/hurghadalovers.com\/sl\/tours\/el-gouna-zasebni-dnevni-izlet-v-kopticni-kairo\/#local-main-organization-logo","url":"https:\/\/hurghadalovers.com\/wp-content\/uploads\/2019\/10\/hurghada-excursions-logo.png","contentUrl":"https:\/\/hurghadalovers.com\/wp-content\/uploads\/2019\/10\/hurghada-excursions-logo.png","width":272,"height":90,"caption":"Hurghada Excursions"}]},"product_brand":"El Gouna Izleti","product_price_amount":"160","product_price_currency":"EUR","og_availability":"instock","product_availability":"instock","product_retailer_item_id":"Gouna052024","product_condition":"new","geo.placename":"hurghada","geo.region":"Egypt"},"_links":{"self":[{"href":"https:\/\/hurghadalovers.com\/sl\/wp-json\/wp\/v2\/product\/394029","targetHints":{"allow":["GET"]}}],"collection":[{"href":"https:\/\/hurghadalovers.com\/sl\/wp-json\/wp\/v2\/product"}],"about":[{"href":"https:\/\/hurghadalovers.com\/sl\/wp-json\/wp\/v2\/types\/product"}],"wp:featuredmedia":[{"embeddable":true,"href":"https:\/\/hurghadalovers.com\/sl\/wp-json\/wp\/v2\/media\/393790"}],"wp:attachment":[{"href":"https:\/\/hurghadalovers.com\/sl\/wp-json\/wp\/v2\/media?parent=394029"}],"wp:term":[{"taxonomy":"product_brand","embeddable":true,"href":"https:\/\/hurghadalovers.com\/sl\/wp-json\/wp\/v2\/product_brand?post=394029"},{"taxonomy":"product_cat","embeddable":true,"href":"https:\/\/hurghadalovers.com\/sl\/wp-json\/wp\/v2\/product_cat?post=394029"},{"taxonomy":"product_tag","embeddable":true,"href":"https:\/\/hurghadalovers.com\/sl\/wp-json\/wp\/v2\/product_tag?post=394029"}],"curies":[{"name":"wp","href":"https:\/\/api.w.org\/{rel}","templated":true}]}}