{"id":392300,"date":"2023-09-01T20:53:12","date_gmt":"2023-09-01T20:56:39","guid":{"rendered":"https:\/\/hurghadalovers.com\/shop\/nekategorizirano\/sahl-hasheesh-zasebna-tura-s-stirikolesniki\/"},"modified":"2026-02-08T22:48:57","modified_gmt":"2026-02-08T22:48:57","slug":"sahl-hasheesh-zasebna-kolesarska-izletniska-izletniska-izletniska-izletniska-izletniska-izletniska-izletniska-izletniska","status":"publish","type":"product","link":"https:\/\/hurghadalovers.com\/sl\/tours\/sahl-hasheesh-zasebna-kolesarska-izletniska-izletniska-izletniska-izletniska-izletniska-izletniska-izletniska-izletniska\/","title":{"rendered":"Sahl Hasheesh Zasebna tura s \u0161tirikolesniki"},"content":{"rendered":"<p><strong>Sahl Hasheesh<\/strong> <strong>Private Quad Bike Tour<\/strong> Desert Safari v beduinsko vas z vo\u017enjo s kamelami.<\/p>\n<p>I\u0161\u010dete <strong>zasebnost<\/strong> in se odpravljate na edinstveno <strong>pustolov\u0161\u010dino z vo\u017enjo s \u0161tirikolesniki<\/strong> v pu\u0161\u010davi? Pridru\u017eite se najlep\u0161im <strong>safari izletom<\/strong> za dru\u017eine in pare, da se peljete 25 km po pu\u0161\u010davi, da bi dobili <strong>adrenalin<\/strong>, dokler ne pridete do <strong>beduinske vasi<\/strong>, nato <strong>vozite kamelo<\/strong> in spoznajte \u017eivljenje beduinov s pomo\u010djo <strong>zasebnega safari vodnika<\/strong>, nadzorujte svoj \u010das in ve\u010d zasebnosti ter <strong>razko\u0161ja<\/strong>.<\/p>\n<p style=\"text-align: center;\"><span style=\"color: #993300;\">Najbolj\u0161e stvari za po\u010deti v Sahl Hasheeshu za <strong>dru\u017eini prijazne dejavnosti<\/strong> ter <strong>romanti\u010dne<\/strong> in <strong>medene tedne za pare<\/strong><\/span><\/p>\n<p>&nbsp;<\/p>\n<p><strong>Poudarki:<\/strong><\/p>\n<ol>\n<li>Vo\u017enja s \u0161tirikolesniki.<\/li>\n<li>Vo\u017enja s kamelo.<\/li>\n<li>Beduinska vas.<\/li>\n<\/ol>\n<p><strong>Zasebna tura s \u0161tirikolesniki Podrobnosti:<\/strong><\/p>\n<ul>\n<li>Razpolo\u017eljivost ture: Vsak dan.<\/li>\n<li>Vrsta ture: Skupina: Skupina.<\/li>\n<li>\u010cas prevzema: od 8:00 ali popoldne od 14:00.<\/li>\n<li>\u010cas odvoza: 11:45. ALI \u010cas son\u010dnega zahoda.<\/li>\n<li>Trajanje: Trajanje: 3 ure.<\/li>\n<\/ul>\n<p><strong>Rezervirajte zdaj in pla\u010dajte pozneje:<\/strong><\/p>\n<ul>\n<li>Denar na kraju samem za vodenje.<\/li>\n<li>Pla\u010dilo z egiptovskimi funti, $, \u20ac ali \u00a3.<\/li>\n<\/ul>\n<p><strong>Pravila odpovedi:<\/strong><\/p>\n<ul>\n<li>prekli\u010dete do 24 ur vnaprej.<\/li>\n<li>Ko kdo iz va\u0161e dru\u017eine prekli\u010de jutro, pla\u010da 50 % stro\u0161kov.<\/li>\n<\/ul>\n<p><strong>Kaj je vklju\u010deno?<\/strong><\/p>\n<ul>\n<li>Transfer iz hotelov Sahl Hasheesh &#8220;Hotel pick up and drop off&#8221;.<\/li>\n<li>Vsi davki, vstopnine in manipulativni stro\u0161ki.<\/li>\n<li>Prenosi.<\/li>\n<li>Turisti\u010dni vodnik.<\/li>\n<li>\u010celada.<\/li>\n<\/ul>\n<p><strong>Izklju\u010ditve?<\/strong><\/p>\n<ul>\n<li>\u0160ali<\/li>\n<li>Za\u0161\u010ditna o\u010dala<\/li>\n<li>Dajanje napitnine.<\/li>\n<li>Fotografija za potovanje.<\/li>\n<li>Dodatki, ki niso bili omenjeni.<\/li>\n<\/ul>\n<p><strong>Zasebna tura s \u0161tirikolesniki Cene:<\/strong><\/p>\n<ul>\n<li><strong>Cena za odrasle = 40$ na osebo<\/strong>.<\/li>\n<\/ul>\n<p><strong>Mnenja:<\/strong><\/p>\n<p>preverite na\u0161e Google Map Reviews kot Best <a href=\"https:\/\/g.page\/r\/CUeYvkngP3wkEBM\/review\">Tour Operator v Hurgadi na<\/a> spletu v <a href=\"https:\/\/hurghadalovers.com\/\">Hurgadi<\/a> Egipt.<\/p>\n<p><strong>Rezervacije:<\/strong><\/p>\n<p>Po\u0161ljite hotel + \u0160tevilka sobe + Foto potni listi na WhatsApp: <strong>+201112596434<\/strong><\/p>\n<p>\u010ce ste iz Egipta Rezervacija zdaj na spletu in potrdite ob prihodu Hotel.<\/p>\n<p><span style=\"color: #ff0000;\">&#8212;&#8212; | &#8212;&#8212;&#8212;&#8212;&#8211; | &#8212;&#8212;&#8212;-<\/span><\/p>\n<p>&nbsp;<\/p>\n<p>Preverite na\u0161o <a href=\"https:\/\/hurghadalovers.com\/tour-category\/sahl-hasheesh-tours\/\"><strong>Izleti v Sahl Hasheesh<\/strong><\/a> &#8211; <a href=\"https:\/\/hurghadalovers.com\/tour-category\/safari-sahl-hasheesh\/\"><strong>Izlet s \u0161tirikolesniki iz Sahl Hasheesha<\/strong><\/a>:<\/p>\n<ul>\n<li><a href=\"https:\/\/hurghadalovers.com\/tours\/sahl-hasheesh-morning-quad-biking-tour\/\">Sahl Hasheesh Jutranji izlet s \u0161tirikolesniki<\/a><\/li>\n<li><a href=\"https:\/\/hurghadalovers.com\/tours\/sahl-hasheesh-sunset-quad-biking-tour\/\">Sahl Hasheesh Turneja s \u0161tirikolesniki ob son\u010dnem zahodu<\/a><\/li>\n<li><a href=\"https:\/\/hurghadalovers.com\/tours\/sahl-hasheesh-super-jeep-safari-trip\/\">Sahl Hasheesh Super Jeep Safari Trip<\/a><\/li>\n<li><a href=\"https:\/\/hurghadalovers.com\/tours\/sahl-hasheesh-desert-safaris-with-kids\/\"><strong>Sahl Hasheesh Pu\u0161\u010davski safariji z otroki<\/strong><\/a><\/li>\n<li><a href=\"https:\/\/hurghadalovers.com\/tours\/cheap-quad-biking-tours-from-sahl-hasheesh-2hr\/\">Poceni Quad Biking izleti iz Sahl Hasheesh<\/a> &#8211; 2h<\/li>\n<li><a href=\"https:\/\/hurghadalovers.com\/tours\/sunset-buggy-tour-from-sahl-hasheesh\/\">Izlet z buggyjem ob son\u010dnem zahodu iz Sahl Hasheesha<\/a><\/li>\n<li><a href=\"https:\/\/hurghadalovers.com\/tours\/morning-buggy-tour-from-sahl-hasheesh\/\">Jutranja tura z buggyji iz Sahl Hasheesha<\/a><\/li>\n<li><a href=\"https:\/\/hurghadalovers.com\/tours\/morning-jeep-safari-trip-from-sahl-hasheesh\/\">Jutranji izlet z d\u017eipom iz Sahl Hasheesha<\/a><\/li>\n<li><a href=\"https:\/\/hurghadalovers.com\/tours\/sahl-hasheesh-private-jeep-safari-trip\/\">Sahl Hasheesh Izlet z zasebnim d\u017eipom Safari<\/a><\/li>\n<li>Sahl Hasheesh Zasebna tura s \u0161tirikolesniki<\/li>\n<\/ul>\n<p><a href=\"https:\/\/hurghadalovers.com\/tour-category\/things-to-do-in-sahl-hasheesh\/\"><strong>Kaj po\u010deti v mestu Sahl Hasheesh<\/strong><\/a><\/p>\n<p><a href=\"https:\/\/hurghadalovers.com\/tours\/parasailing-sahl-hasheesh\/\">Parasailing Sahl Hasheesh<\/a><\/p>\n","protected":false},"excerpt":{"rendered":"<p><strong>Sahl Hasheesh<\/strong> <strong>Private Quad Bike Tour<\/strong> Desert Safari v beduinsko vas z vo\u017enjo s kamelami. I\u0161\u010dete <strong>zasebnost<\/strong> in se podajate na edinstveno <strong>pustolov\u0161\u010dino z vo\u017enjo s \u0161tirikolesniki<\/strong><\/p>\n","protected":false},"featured_media":935396,"template":"","meta":{"_joinchat":[]},"product_brand":[],"product_cat":[36671],"product_tag":[49955,49958,49948,49947,49943,49945,49957,49944,49960,49959,49951,49946,49953,49956,49952,49949,49950,49954],"class_list":{"0":"post-392300","1":"product","2":"type-product","3":"status-publish","4":"has-post-thumbnail","6":"product_cat-izleti","7":"product_tag-atv-sahl-hasheesh-sl","8":"product_tag-beduinska-vas-sahl-hasheesh","9":"product_tag-dejavnosti-za-dvoletnike-iz-sahl-hasheesha","10":"product_tag-dejavnosti-za-pare-v-zaprtih-prostorih-sahl-hasheesh","11":"product_tag-enodnevni-izleti-iz-sahl-hasheesha","12":"product_tag-enodnevni-izleti-iz-sahl-hasheesha-sl","13":"product_tag-jahanje-na-kamelah-sahl-hasheesh","14":"product_tag-kraji-za-obisk-v-sahl-hasheesh","15":"product_tag-ogled-z-buggyji-sahl-hasheesh","16":"product_tag-opazovanje-zvezd-sahl-hasheesh","17":"product_tag-puscavski-safari-sahl-hasheesh","18":"product_tag-romanticne-dejavnosti-za-pare-v-sahl-hasheeshu","19":"product_tag-safari-sahara-sahl-hasheesh-sl","20":"product_tag-safari-tour-sahl-hasheesh-sl","21":"product_tag-sahl-hasheesh-buggy-safari-sl","22":"product_tag-sahl-hasheesh-druzinam-prijazne-dejavnosti","23":"product_tag-sahl-hasheesh-otrokom-prijazni-izleti","24":"product_tag-voznja-s-stirikolesniki-sahl-hasheesh","25":"tour_category-izlet-s-stirikolesniki-iz-sahl-hasheesha","26":"tour_category-sahl-hasheesh-izleti","28":"first","29":"instock","30":"sale","31":"shipping-taxable","32":"purchasable","33":"product-type-tour"},"yoast_head":"<!-- This site is optimized with the Yoast SEO Premium plugin v26.9 (Yoast SEO v27.2) - https:\/\/yoast.com\/product\/yoast-seo-premium-wordpress\/ -->\n<title>Sahl Hasheesh Zasebna tura s \u0161tirikolesniki<\/title>\n<meta name=\"description\" content=\"Sahl Hasheesh Private Quad Bike Tour Desert Safari v beduinsko vas z vo\u017enjo s kamelami. I\u0161\u010dete zasebnost in se podajate na edinstveno pustolov\u0161\u010dino\" \/>\n<meta name=\"robots\" content=\"index, follow, max-snippet:-1, max-image-preview:large, max-video-preview:-1\" \/>\n<link rel=\"canonical\" href=\"https:\/\/hurghadalovers.com\/sl\/tours\/sahl-hasheesh-zasebna-kolesarska-izletniska-izletniska-izletniska-izletniska-izletniska-izletniska-izletniska-izletniska\/\" \/>\n<meta property=\"og:locale\" content=\"sl_SI\" \/>\n<meta property=\"og:type\" content=\"article\" \/>\n<meta property=\"og:title\" content=\"Sahl Hasheesh Zasebna tura s \u0161tirikolesniki\" \/>\n<meta property=\"og:description\" content=\"Sahl Hasheesh Private Quad Bike Tour Desert Safari v beduinsko vas z vo\u017enjo s kamelami. I\u0161\u010dete zasebnost in se podajate na edinstveno pustolov\u0161\u010dino\" \/>\n<meta property=\"og:url\" content=\"https:\/\/hurghadalovers.com\/sl\/tours\/sahl-hasheesh-zasebna-kolesarska-izletniska-izletniska-izletniska-izletniska-izletniska-izletniska-izletniska-izletniska\/\" \/>\n<meta property=\"og:site_name\" content=\"Hurghada Excursions &amp; Day Trips | Booking Best Prices Tours\" \/>\n<meta property=\"article:publisher\" content=\"https:\/\/www.facebook.com\/Hurghadaloversegypt\" \/>\n<meta property=\"article:modified_time\" content=\"2026-02-08T22:48:57+00:00\" \/>\n<meta property=\"og:image\" content=\"https:\/\/hurghadalovers.com\/wp-content\/uploads\/2023\/08\/Super-Jeep-Safari-Trip-from-Soma-bay-2026.jpeg\" \/>\n\t<meta property=\"og:image:width\" content=\"1156\" \/>\n\t<meta property=\"og:image:height\" content=\"521\" \/>\n\t<meta property=\"og:image:type\" content=\"image\/jpeg\" \/>\n<meta name=\"twitter:card\" content=\"summary_large_image\" \/>\n<meta name=\"twitter:label1\" content=\"Price\" \/>\n\t<meta name=\"twitter:data1\" content=\"&euro;&nbsp;40\" \/>\n\t<meta name=\"twitter:label2\" content=\"Availability\" \/>\n\t<meta name=\"twitter:data2\" content=\"In stock\" \/>\n<script type=\"application\/ld+json\" class=\"yoast-schema-graph\">{\"@context\":\"https:\/\/schema.org\",\"@graph\":[{\"@type\":[\"WebPage\",\"ItemPage\"],\"@id\":\"https:\/\/hurghadalovers.com\/sl\/tours\/sahl-hasheesh-zasebna-kolesarska-izletniska-izletniska-izletniska-izletniska-izletniska-izletniska-izletniska-izletniska\/\",\"url\":\"https:\/\/hurghadalovers.com\/sl\/tours\/sahl-hasheesh-zasebna-kolesarska-izletniska-izletniska-izletniska-izletniska-izletniska-izletniska-izletniska-izletniska\/\",\"name\":\"Sahl Hasheesh Zasebna tura s \u0161tirikolesniki\",\"isPartOf\":{\"@id\":\"https:\/\/hurghadalovers.com\/sl\/#website\"},\"primaryImageOfPage\":{\"@id\":\"https:\/\/hurghadalovers.com\/sl\/tours\/sahl-hasheesh-zasebna-kolesarska-izletniska-izletniska-izletniska-izletniska-izletniska-izletniska-izletniska-izletniska\/#primaryimage\"},\"image\":{\"@id\":\"https:\/\/hurghadalovers.com\/sl\/tours\/sahl-hasheesh-zasebna-kolesarska-izletniska-izletniska-izletniska-izletniska-izletniska-izletniska-izletniska-izletniska\/#primaryimage\"},\"thumbnailUrl\":\"https:\/\/hurghadalovers.com\/wp-content\/uploads\/2023\/08\/Super-Jeep-Safari-Trip-from-Soma-bay-2026.jpeg\",\"datePublished\":\"2023-09-01T20:56:39+00:00\",\"dateModified\":\"2026-02-08T22:48:57+00:00\",\"description\":\"Sahl Hasheesh Private Quad Bike Tour Desert Safari v beduinsko vas z vo\u017enjo s kamelami. I\u0161\u010dete zasebnost in se podajate na edinstveno pustolov\u0161\u010dino\",\"breadcrumb\":{\"@id\":\"https:\/\/hurghadalovers.com\/sl\/tours\/sahl-hasheesh-zasebna-kolesarska-izletniska-izletniska-izletniska-izletniska-izletniska-izletniska-izletniska-izletniska\/#breadcrumb\"},\"inLanguage\":\"sl-SI\",\"potentialAction\":[{\"@type\":\"ReadAction\",\"target\":[\"https:\/\/hurghadalovers.com\/sl\/tours\/sahl-hasheesh-zasebna-kolesarska-izletniska-izletniska-izletniska-izletniska-izletniska-izletniska-izletniska-izletniska\/\"]}]},{\"@type\":\"ImageObject\",\"inLanguage\":\"sl-SI\",\"@id\":\"https:\/\/hurghadalovers.com\/sl\/tours\/sahl-hasheesh-zasebna-kolesarska-izletniska-izletniska-izletniska-izletniska-izletniska-izletniska-izletniska-izletniska\/#primaryimage\",\"url\":\"https:\/\/hurghadalovers.com\/wp-content\/uploads\/2023\/08\/Super-Jeep-Safari-Trip-from-Soma-bay-2026.jpeg\",\"contentUrl\":\"https:\/\/hurghadalovers.com\/wp-content\/uploads\/2023\/08\/Super-Jeep-Safari-Trip-from-Soma-bay-2026.jpeg\",\"width\":1156,\"height\":521,\"caption\":\"Private Soma bay Quad Bike Tour\"},{\"@type\":\"BreadcrumbList\",\"@id\":\"https:\/\/hurghadalovers.com\/sl\/tours\/sahl-hasheesh-zasebna-kolesarska-izletniska-izletniska-izletniska-izletniska-izletniska-izletniska-izletniska-izletniska\/#breadcrumb\",\"itemListElement\":[{\"@type\":\"ListItem\",\"position\":1,\"name\":\"Home\",\"item\":\"https:\/\/hurghadalovers.com\/sl\/\"},{\"@type\":\"ListItem\",\"position\":2,\"name\":\"Shop\",\"item\":\"https:\/\/hurghadalovers.com\/shop\/\"},{\"@type\":\"ListItem\",\"position\":3,\"name\":\"Sahl Hasheesh Zasebna tura s \u0161tirikolesniki\"}]},{\"@type\":\"WebSite\",\"@id\":\"https:\/\/hurghadalovers.com\/sl\/#website\",\"url\":\"https:\/\/hurghadalovers.com\/sl\/\",\"name\":\"Hurghada Excursions & Day Trips | Booking Best Prices Tours\",\"description\":\"Hurghada Lovers - Best Tour Operator - Excursions &amp; Things to do for Family Day Trips with kids and Couples Romantic. Unique .Hidden gems\",\"publisher\":{\"@id\":\"https:\/\/hurghadalovers.com\/sl\/#organization\"},\"alternateName\":\"Hurghada Excursions\",\"potentialAction\":[{\"@type\":\"SearchAction\",\"target\":{\"@type\":\"EntryPoint\",\"urlTemplate\":\"https:\/\/hurghadalovers.com\/sl\/?s={search_term_string}\"},\"query-input\":{\"@type\":\"PropertyValueSpecification\",\"valueRequired\":true,\"valueName\":\"search_term_string\"}}],\"inLanguage\":\"sl-SI\"},{\"@type\":[\"Organization\",\"Place\",\"TravelAgency\"],\"@id\":\"https:\/\/hurghadalovers.com\/sl\/#organization\",\"name\":\"Hurghada Excursions\",\"url\":\"https:\/\/hurghadalovers.com\/sl\/\",\"logo\":{\"@id\":\"https:\/\/hurghadalovers.com\/sl\/tours\/sahl-hasheesh-zasebna-kolesarska-izletniska-izletniska-izletniska-izletniska-izletniska-izletniska-izletniska-izletniska\/#local-main-organization-logo\"},\"image\":{\"@id\":\"https:\/\/hurghadalovers.com\/sl\/tours\/sahl-hasheesh-zasebna-kolesarska-izletniska-izletniska-izletniska-izletniska-izletniska-izletniska-izletniska-izletniska\/#local-main-organization-logo\"},\"sameAs\":[\"https:\/\/www.facebook.com\/Hurghadaloversegypt\"],\"address\":{\"@id\":\"https:\/\/hurghadalovers.com\/sl\/tours\/sahl-hasheesh-zasebna-kolesarska-izletniska-izletniska-izletniska-izletniska-izletniska-izletniska-izletniska-izletniska\/#local-main-place-address\"},\"telephone\":[\"00201112596434\"],\"contactPoint\":{\"@type\":\"ContactPoint\",\"telephone\":\"00201112596434\",\"email\":\"weyouface@gmail.com\"},\"openingHoursSpecification\":{\"@type\":\"OpeningHoursSpecification\",\"dayOfWeek\":[\"Monday\",\"Tuesday\",\"Wednesday\",\"Thursday\",\"Friday\",\"Saturday\",\"Sunday\"],\"opens\":\"00:00\",\"closes\":\"23:59\"},\"email\":\"weyouface@gmail.com\",\"areaServed\":\"Luxor, Hurghada, El Gouna, Aswan, Sharm El Sheikh, Giza, Alexandria, Marsa Alam, Quseir, Soma Bay, Sahl Hasheesh, Red Sea, Makadi Bay, Cairo\",\"priceRange\":\"$\",\"currenciesAccepted\":\"euro\",\"paymentAccepted\":\"cash on site\"},{\"@type\":\"PostalAddress\",\"@id\":\"https:\/\/hurghadalovers.com\/sl\/tours\/sahl-hasheesh-zasebna-kolesarska-izletniska-izletniska-izletniska-izletniska-izletniska-izletniska-izletniska-izletniska\/#local-main-place-address\",\"streetAddress\":\"17 Banks street, Alkawther area, top nbk bank\",\"addressLocality\":\"hurghada\",\"postalCode\":\"84511\",\"addressRegion\":\"red sea\",\"addressCountry\":\"EG\"},{\"@type\":\"ImageObject\",\"inLanguage\":\"sl-SI\",\"@id\":\"https:\/\/hurghadalovers.com\/sl\/tours\/sahl-hasheesh-zasebna-kolesarska-izletniska-izletniska-izletniska-izletniska-izletniska-izletniska-izletniska-izletniska\/#local-main-organization-logo\",\"url\":\"https:\/\/hurghadalovers.com\/wp-content\/uploads\/2019\/10\/hurghada-excursions-logo.png\",\"contentUrl\":\"https:\/\/hurghadalovers.com\/wp-content\/uploads\/2019\/10\/hurghada-excursions-logo.png\",\"width\":272,\"height\":90,\"caption\":\"Hurghada Excursions\"}]}<\/script>\n<meta property=\"product:brand\" content=\"Izleti Vo\u017enja kvadova Sahl Hasheesh\" \/>\n<meta property=\"product:price:amount\" content=\"40\" \/>\n<meta property=\"product:price:currency\" content=\"EUR\" \/>\n<meta property=\"og:availability\" content=\"instock\" \/>\n<meta property=\"product:availability\" content=\"instock\" \/>\n<meta property=\"product:retailer_item_id\" content=\"SahlSafari062024\" \/>\n<meta property=\"product:condition\" content=\"new\" \/>\n<meta name=\"geo.placename\" content=\"hurghada\" \/>\n<meta name=\"geo.region\" content=\"Egypt\" \/>\n<!-- \/ Yoast SEO Premium plugin. -->","yoast_head_json":{"title":"Sahl Hasheesh Zasebna tura s \u0161tirikolesniki","description":"Sahl Hasheesh Private Quad Bike Tour Desert Safari v beduinsko vas z vo\u017enjo s kamelami. I\u0161\u010dete zasebnost in se podajate na edinstveno pustolov\u0161\u010dino","robots":{"index":"index","follow":"follow","max-snippet":"max-snippet:-1","max-image-preview":"max-image-preview:large","max-video-preview":"max-video-preview:-1"},"canonical":"https:\/\/hurghadalovers.com\/sl\/tours\/sahl-hasheesh-zasebna-kolesarska-izletniska-izletniska-izletniska-izletniska-izletniska-izletniska-izletniska-izletniska\/","og_locale":"sl_SI","og_type":"article","og_title":"Sahl Hasheesh Zasebna tura s \u0161tirikolesniki","og_description":"Sahl Hasheesh Private Quad Bike Tour Desert Safari v beduinsko vas z vo\u017enjo s kamelami. I\u0161\u010dete zasebnost in se podajate na edinstveno pustolov\u0161\u010dino","og_url":"https:\/\/hurghadalovers.com\/sl\/tours\/sahl-hasheesh-zasebna-kolesarska-izletniska-izletniska-izletniska-izletniska-izletniska-izletniska-izletniska-izletniska\/","og_site_name":"Hurghada Excursions &amp; Day Trips | Booking Best Prices Tours","article_publisher":"https:\/\/www.facebook.com\/Hurghadaloversegypt","article_modified_time":"2026-02-08T22:48:57+00:00","og_image":[{"width":1156,"height":521,"url":"https:\/\/hurghadalovers.com\/wp-content\/uploads\/2023\/08\/Super-Jeep-Safari-Trip-from-Soma-bay-2026.jpeg","type":"image\/jpeg"}],"twitter_card":"summary_large_image","twitter_misc":{"Price":"&euro;&nbsp;40","Availability":"In stock"},"schema":{"@context":"https:\/\/schema.org","@graph":[{"@type":["WebPage","ItemPage"],"@id":"https:\/\/hurghadalovers.com\/sl\/tours\/sahl-hasheesh-zasebna-kolesarska-izletniska-izletniska-izletniska-izletniska-izletniska-izletniska-izletniska-izletniska\/","url":"https:\/\/hurghadalovers.com\/sl\/tours\/sahl-hasheesh-zasebna-kolesarska-izletniska-izletniska-izletniska-izletniska-izletniska-izletniska-izletniska-izletniska\/","name":"Sahl Hasheesh Zasebna tura s \u0161tirikolesniki","isPartOf":{"@id":"https:\/\/hurghadalovers.com\/sl\/#website"},"primaryImageOfPage":{"@id":"https:\/\/hurghadalovers.com\/sl\/tours\/sahl-hasheesh-zasebna-kolesarska-izletniska-izletniska-izletniska-izletniska-izletniska-izletniska-izletniska-izletniska\/#primaryimage"},"image":{"@id":"https:\/\/hurghadalovers.com\/sl\/tours\/sahl-hasheesh-zasebna-kolesarska-izletniska-izletniska-izletniska-izletniska-izletniska-izletniska-izletniska-izletniska\/#primaryimage"},"thumbnailUrl":"https:\/\/hurghadalovers.com\/wp-content\/uploads\/2023\/08\/Super-Jeep-Safari-Trip-from-Soma-bay-2026.jpeg","datePublished":"2023-09-01T20:56:39+00:00","dateModified":"2026-02-08T22:48:57+00:00","description":"Sahl Hasheesh Private Quad Bike Tour Desert Safari v beduinsko vas z vo\u017enjo s kamelami. I\u0161\u010dete zasebnost in se podajate na edinstveno pustolov\u0161\u010dino","breadcrumb":{"@id":"https:\/\/hurghadalovers.com\/sl\/tours\/sahl-hasheesh-zasebna-kolesarska-izletniska-izletniska-izletniska-izletniska-izletniska-izletniska-izletniska-izletniska\/#breadcrumb"},"inLanguage":"sl-SI","potentialAction":[{"@type":"ReadAction","target":["https:\/\/hurghadalovers.com\/sl\/tours\/sahl-hasheesh-zasebna-kolesarska-izletniska-izletniska-izletniska-izletniska-izletniska-izletniska-izletniska-izletniska\/"]}]},{"@type":"ImageObject","inLanguage":"sl-SI","@id":"https:\/\/hurghadalovers.com\/sl\/tours\/sahl-hasheesh-zasebna-kolesarska-izletniska-izletniska-izletniska-izletniska-izletniska-izletniska-izletniska-izletniska\/#primaryimage","url":"https:\/\/hurghadalovers.com\/wp-content\/uploads\/2023\/08\/Super-Jeep-Safari-Trip-from-Soma-bay-2026.jpeg","contentUrl":"https:\/\/hurghadalovers.com\/wp-content\/uploads\/2023\/08\/Super-Jeep-Safari-Trip-from-Soma-bay-2026.jpeg","width":1156,"height":521,"caption":"Private Soma bay Quad Bike Tour"},{"@type":"BreadcrumbList","@id":"https:\/\/hurghadalovers.com\/sl\/tours\/sahl-hasheesh-zasebna-kolesarska-izletniska-izletniska-izletniska-izletniska-izletniska-izletniska-izletniska-izletniska\/#breadcrumb","itemListElement":[{"@type":"ListItem","position":1,"name":"Home","item":"https:\/\/hurghadalovers.com\/sl\/"},{"@type":"ListItem","position":2,"name":"Shop","item":"https:\/\/hurghadalovers.com\/shop\/"},{"@type":"ListItem","position":3,"name":"Sahl Hasheesh Zasebna tura s \u0161tirikolesniki"}]},{"@type":"WebSite","@id":"https:\/\/hurghadalovers.com\/sl\/#website","url":"https:\/\/hurghadalovers.com\/sl\/","name":"Hurghada Excursions & Day Trips | Booking Best Prices Tours","description":"Hurghada Lovers - Best Tour Operator - Excursions &amp; Things to do for Family Day Trips with kids and Couples Romantic. Unique .Hidden gems","publisher":{"@id":"https:\/\/hurghadalovers.com\/sl\/#organization"},"alternateName":"Hurghada Excursions","potentialAction":[{"@type":"SearchAction","target":{"@type":"EntryPoint","urlTemplate":"https:\/\/hurghadalovers.com\/sl\/?s={search_term_string}"},"query-input":{"@type":"PropertyValueSpecification","valueRequired":true,"valueName":"search_term_string"}}],"inLanguage":"sl-SI"},{"@type":["Organization","Place","TravelAgency"],"@id":"https:\/\/hurghadalovers.com\/sl\/#organization","name":"Hurghada Excursions","url":"https:\/\/hurghadalovers.com\/sl\/","logo":{"@id":"https:\/\/hurghadalovers.com\/sl\/tours\/sahl-hasheesh-zasebna-kolesarska-izletniska-izletniska-izletniska-izletniska-izletniska-izletniska-izletniska-izletniska\/#local-main-organization-logo"},"image":{"@id":"https:\/\/hurghadalovers.com\/sl\/tours\/sahl-hasheesh-zasebna-kolesarska-izletniska-izletniska-izletniska-izletniska-izletniska-izletniska-izletniska-izletniska\/#local-main-organization-logo"},"sameAs":["https:\/\/www.facebook.com\/Hurghadaloversegypt"],"address":{"@id":"https:\/\/hurghadalovers.com\/sl\/tours\/sahl-hasheesh-zasebna-kolesarska-izletniska-izletniska-izletniska-izletniska-izletniska-izletniska-izletniska-izletniska\/#local-main-place-address"},"telephone":["00201112596434"],"contactPoint":{"@type":"ContactPoint","telephone":"00201112596434","email":"weyouface@gmail.com"},"openingHoursSpecification":{"@type":"OpeningHoursSpecification","dayOfWeek":["Monday","Tuesday","Wednesday","Thursday","Friday","Saturday","Sunday"],"opens":"00:00","closes":"23:59"},"email":"weyouface@gmail.com","areaServed":"Luxor, Hurghada, El Gouna, Aswan, Sharm El Sheikh, Giza, Alexandria, Marsa Alam, Quseir, Soma Bay, Sahl Hasheesh, Red Sea, Makadi Bay, Cairo","priceRange":"$","currenciesAccepted":"euro","paymentAccepted":"cash on site"},{"@type":"PostalAddress","@id":"https:\/\/hurghadalovers.com\/sl\/tours\/sahl-hasheesh-zasebna-kolesarska-izletniska-izletniska-izletniska-izletniska-izletniska-izletniska-izletniska-izletniska\/#local-main-place-address","streetAddress":"17 Banks street, Alkawther area, top nbk bank","addressLocality":"hurghada","postalCode":"84511","addressRegion":"red sea","addressCountry":"EG"},{"@type":"ImageObject","inLanguage":"sl-SI","@id":"https:\/\/hurghadalovers.com\/sl\/tours\/sahl-hasheesh-zasebna-kolesarska-izletniska-izletniska-izletniska-izletniska-izletniska-izletniska-izletniska-izletniska\/#local-main-organization-logo","url":"https:\/\/hurghadalovers.com\/wp-content\/uploads\/2019\/10\/hurghada-excursions-logo.png","contentUrl":"https:\/\/hurghadalovers.com\/wp-content\/uploads\/2019\/10\/hurghada-excursions-logo.png","width":272,"height":90,"caption":"Hurghada Excursions"}]},"product_brand":"Izleti Vo\u017enja kvadova Sahl Hasheesh","product_price_amount":"40","product_price_currency":"EUR","og_availability":"instock","product_availability":"instock","product_retailer_item_id":"SahlSafari062024","product_condition":"new","geo.placename":"hurghada","geo.region":"Egypt"},"_links":{"self":[{"href":"https:\/\/hurghadalovers.com\/sl\/wp-json\/wp\/v2\/product\/392300","targetHints":{"allow":["GET"]}}],"collection":[{"href":"https:\/\/hurghadalovers.com\/sl\/wp-json\/wp\/v2\/product"}],"about":[{"href":"https:\/\/hurghadalovers.com\/sl\/wp-json\/wp\/v2\/types\/product"}],"wp:featuredmedia":[{"embeddable":true,"href":"https:\/\/hurghadalovers.com\/sl\/wp-json\/wp\/v2\/media\/935396"}],"wp:attachment":[{"href":"https:\/\/hurghadalovers.com\/sl\/wp-json\/wp\/v2\/media?parent=392300"}],"wp:term":[{"taxonomy":"product_brand","embeddable":true,"href":"https:\/\/hurghadalovers.com\/sl\/wp-json\/wp\/v2\/product_brand?post=392300"},{"taxonomy":"product_cat","embeddable":true,"href":"https:\/\/hurghadalovers.com\/sl\/wp-json\/wp\/v2\/product_cat?post=392300"},{"taxonomy":"product_tag","embeddable":true,"href":"https:\/\/hurghadalovers.com\/sl\/wp-json\/wp\/v2\/product_tag?post=392300"}],"curies":[{"name":"wp","href":"https:\/\/api.w.org\/{rel}","templated":true}]}}