{"id":392267,"date":"2023-09-01T20:48:00","date_gmt":"2023-09-01T20:48:00","guid":{"rendered":"https:\/\/hurghadalovers.com\/shop\/nekategorizirano\/sahl-hasheesh-izlet-z-zasebnim-dzipom-safari\/"},"modified":"2026-02-09T16:52:58","modified_gmt":"2026-02-09T16:52:58","slug":"sahl-hasheesh-private-jeep-safari-trip","status":"publish","type":"product","link":"https:\/\/hurghadalovers.com\/sl\/tours\/sahl-hasheesh-private-jeep-safari-trip\/","title":{"rendered":"Sahl Hasheesh Izlet z zasebnim d\u017eipom Safari"},"content":{"rendered":"<p><strong>Sahl Hasheesh<\/strong> <strong>Zasebni izlet z d\u017eipom Safari<\/strong> z ATV Quad Bike, Spider Car in 4\u00d74 Car do beduinske vasi z vo\u017enjo s kamelami, nato ve\u010derja na \u017earu + tradicionalna predstava.<\/p>\n<p style=\"text-align: center;\"><span style=\"color: #993300;\">Najbolj\u0161e stvari za po\u010deti v Sahl Hasheeshu za <strong>dru\u017eini prijazne po\u010ditnice z otroki<\/strong>, <strong>starej\u0161e<\/strong> in <strong>romanti\u010dne<\/strong> po\u010ditnice ter <strong>medene tedne za pare<\/strong><\/span><\/p>\n<p>&nbsp;<\/p>\n<p><strong>Poudarki:<\/strong><\/p>\n<ol>\n<li>4\u00d74 Jeep Car.<\/li>\n<li>Vo\u017enja s \u0161tirikolesniki.<\/li>\n<li>Avto Spider.<\/li>\n<li>Vo\u017enja s kamelo.<\/li>\n<li>Beduinska vas.<\/li>\n<li>Ve\u010derja na \u017earu.<\/li>\n<li>Orientalska razstava.<\/li>\n<\/ol>\n<p><strong>Podrobnosti:<\/strong><\/p>\n<ul>\n<li>Razpolo\u017eljivost ture: Vsak dan.<\/li>\n<li>Vrsta ture: Zasebna.<\/li>\n<li>\u010cas prevzema: Za\u010detek od 11:45..<\/li>\n<li>\u010cas odhoda: 19:00.<\/li>\n<li>Trajanje: Trajanje: 7 ur.<\/li>\n<\/ul>\n<p><strong>Rezervirajte zdaj in pla\u010dajte pozneje:<\/strong><\/p>\n<ul>\n<li>Denar na kraju samem za vodenje.<\/li>\n<li>Pla\u010dilo z egiptovskimi funti, $, \u20ac ali \u00a3.<\/li>\n<\/ul>\n<p><strong>Pravila odpovedi:<\/strong><\/p>\n<ul>\n<li>prekli\u010dete do 24 ur vnaprej.<\/li>\n<li>Ko kdo iz va\u0161e dru\u017eine prekli\u010de jutro, pla\u010da 50 % stro\u0161kov.<\/li>\n<\/ul>\n<p><strong>Kaj je vklju\u010deno?<\/strong><\/p>\n<ul>\n<li>Transfer iz hotelov Sahl Hasheesh &#8220;Hotel pick up and drop off&#8221;.<\/li>\n<li>Vsi davki, vstopnine in manipulativni stro\u0161ki.<\/li>\n<li>Prenosi.<\/li>\n<li>Turisti\u010dni vodnik.<\/li>\n<li>\u010celada.<\/li>\n<\/ul>\n<p><strong>Izklju\u010ditve?<\/strong><\/p>\n<ul>\n<li>\u0160ali<\/li>\n<li>Za\u0161\u010ditna o\u010dala<\/li>\n<li>Dajanje napitnine.<\/li>\n<li>Fotografija za potovanje.<\/li>\n<li>Dodatki, ki niso bili omenjeni.<\/li>\n<\/ul>\n<p><strong>Cene:<\/strong><\/p>\n<ul>\n<li><strong>Cena za odrasle = 55 $ na osebo<\/strong>.<\/li>\n<li>Cena za otroke &#8220;5-12\u2033= 50%.<\/li>\n<li>za otroke &#8220;0-5\u2033= brezpla\u010dno.<\/li>\n<\/ul>\n<p><strong>Mnenja:<\/strong><\/p>\n<p>preverite na\u0161e Google Map Reviews kot Best <a href=\"https:\/\/g.page\/r\/CUeYvkngP3wkEBM\/review\">Tour Operator v Hurgadi na<\/a> spletu v <a href=\"https:\/\/hurghadalovers.com\/\">Hurgadi<\/a> Egipt.<\/p>\n<p><strong>Rezervacije:<\/strong><\/p>\n<p>Po\u0161ljite hotel + \u0160tevilka sobe + Foto potni listi na WhatsApp: <strong>+201112596434<\/strong><\/p>\n<p>\u010ce ste iz Egipta Rezervacija zdaj na spletu in potrdite ob prihodu Hotel.<\/p>\n<p>&nbsp;<\/p>\n<p>&nbsp;<\/p>\n","protected":false},"excerpt":{"rendered":"<p><strong>Sahl Hasheesh<\/strong> <strong>Zasebni izlet z d\u017eipom Safari<\/strong> z ATV Quad Bike, Spider Car in 4\u00d74 Car do beduinske vasi z vo\u017enjo s kamelami, nato ve\u010derja na \u017earu + tradicionalna predstava.<\/p>\n","protected":false},"featured_media":392060,"template":"","meta":{"_joinchat":[]},"product_brand":[],"product_cat":[36671],"product_tag":[49955,49958,52575,49947,52554,49943,49945,49957,52655,49944,49960,49959,49951,49946,49953,49956,49952,52659,49954],"class_list":{"0":"post-392267","1":"product","2":"type-product","3":"status-publish","4":"has-post-thumbnail","6":"product_cat-izleti","7":"product_tag-atv-sahl-hasheesh-sl","8":"product_tag-beduinska-vas-sahl-hasheesh","9":"product_tag-dejavnosti-za-otroke-v-sahl-hasheeshu","10":"product_tag-dejavnosti-za-pare-v-zaprtih-prostorih-sahl-hasheesh","11":"product_tag-druzinske-aktivnosti-iz-sahl-hasheesha","12":"product_tag-enodnevni-izleti-iz-sahl-hasheesha","13":"product_tag-enodnevni-izleti-iz-sahl-hasheesha-sl","14":"product_tag-jahanje-na-kamelah-sahl-hasheesh","15":"product_tag-jeep-safari-sahl-hasheesh-sl","16":"product_tag-kraji-za-obisk-v-sahl-hasheesh","17":"product_tag-ogled-z-buggyji-sahl-hasheesh","18":"product_tag-opazovanje-zvezd-sahl-hasheesh","19":"product_tag-puscavski-safari-sahl-hasheesh","20":"product_tag-romanticne-dejavnosti-za-pare-v-sahl-hasheeshu","21":"product_tag-safari-sahara-sahl-hasheesh-sl","22":"product_tag-safari-tour-sahl-hasheesh-sl","23":"product_tag-sahl-hasheesh-buggy-safari-sl","24":"product_tag-super-safari-sahl-hasheesh-sl","25":"product_tag-voznja-s-stirikolesniki-sahl-hasheesh","26":"tour_category-izlet-s-stirikolesniki-iz-sahl-hasheesha","27":"tour_category-sahl-hasheesh-izleti","29":"first","30":"instock","31":"sale","32":"shipping-taxable","33":"purchasable","34":"product-type-tour"},"yoast_head":"<!-- This site is optimized with the Yoast SEO Premium plugin v26.9 (Yoast SEO v27.2) - https:\/\/yoast.com\/product\/yoast-seo-premium-wordpress\/ -->\n<title>Sahl Hasheesh Izlet z zasebnim d\u017eipom Safari<\/title>\n<meta name=\"description\" content=\"Sahl Hasheesh Zasebni izlet z d\u017eipom Safari z ATV Quad Bike, Spider Car in 4\u00d74 Car do beduinske vasi z vo\u017enjo s kamelami, nato ve\u010derja na \u017earu + tradicionalna predstava.\" \/>\n<meta name=\"robots\" content=\"index, follow, max-snippet:-1, max-image-preview:large, max-video-preview:-1\" \/>\n<link rel=\"canonical\" href=\"https:\/\/hurghadalovers.com\/sl\/tours\/sahl-hasheesh-private-jeep-safari-trip\/\" \/>\n<meta property=\"og:locale\" content=\"sl_SI\" \/>\n<meta property=\"og:type\" content=\"article\" \/>\n<meta property=\"og:title\" content=\"Sahl Hasheesh Izlet z zasebnim d\u017eipom Safari\" \/>\n<meta property=\"og:description\" content=\"Sahl Hasheesh Zasebni izlet z d\u017eipom Safari z ATV Quad Bike, Spider Car in 4\u00d74 Car do beduinske vasi z vo\u017enjo s kamelami, nato ve\u010derja na \u017earu + tradicionalna predstava.\" \/>\n<meta property=\"og:url\" content=\"https:\/\/hurghadalovers.com\/sl\/tours\/sahl-hasheesh-private-jeep-safari-trip\/\" \/>\n<meta property=\"og:site_name\" content=\"Hurghada Excursions &amp; Day Trips | Booking Best Prices Tours\" \/>\n<meta property=\"article:publisher\" content=\"https:\/\/www.facebook.com\/Hurghadaloversegypt\" \/>\n<meta property=\"article:modified_time\" content=\"2026-02-09T16:52:58+00:00\" \/>\n<meta property=\"og:image\" content=\"https:\/\/hurghadalovers.com\/wp-content\/uploads\/2023\/09\/Sahl-Hasheesh-Private-Jeep-Safari-Trip.jpeg\" \/>\n\t<meta property=\"og:image:width\" content=\"1156\" \/>\n\t<meta property=\"og:image:height\" content=\"867\" \/>\n\t<meta property=\"og:image:type\" content=\"image\/jpeg\" \/>\n<meta name=\"twitter:card\" content=\"summary_large_image\" \/>\n<meta name=\"twitter:label1\" content=\"Price\" \/>\n\t<meta name=\"twitter:data1\" content=\"&euro;&nbsp;150\" \/>\n\t<meta name=\"twitter:label2\" content=\"Availability\" \/>\n\t<meta name=\"twitter:data2\" content=\"In stock\" \/>\n<script type=\"application\/ld+json\" class=\"yoast-schema-graph\">{\"@context\":\"https:\/\/schema.org\",\"@graph\":[{\"@type\":[\"WebPage\",\"ItemPage\"],\"@id\":\"https:\/\/hurghadalovers.com\/sl\/tours\/sahl-hasheesh-private-jeep-safari-trip\/\",\"url\":\"https:\/\/hurghadalovers.com\/sl\/tours\/sahl-hasheesh-private-jeep-safari-trip\/\",\"name\":\"Sahl Hasheesh Izlet z zasebnim d\u017eipom Safari\",\"isPartOf\":{\"@id\":\"https:\/\/hurghadalovers.com\/sl\/#website\"},\"primaryImageOfPage\":{\"@id\":\"https:\/\/hurghadalovers.com\/sl\/tours\/sahl-hasheesh-private-jeep-safari-trip\/#primaryimage\"},\"image\":{\"@id\":\"https:\/\/hurghadalovers.com\/sl\/tours\/sahl-hasheesh-private-jeep-safari-trip\/#primaryimage\"},\"thumbnailUrl\":\"https:\/\/hurghadalovers.com\/wp-content\/uploads\/2023\/09\/Sahl-Hasheesh-Private-Jeep-Safari-Trip.jpeg\",\"datePublished\":\"2023-09-01T20:48:00+00:00\",\"dateModified\":\"2026-02-09T16:52:58+00:00\",\"description\":\"Sahl Hasheesh Zasebni izlet z d\u017eipom Safari z ATV Quad Bike, Spider Car in 4\u00d74 Car do beduinske vasi z vo\u017enjo s kamelami, nato ve\u010derja na \u017earu + tradicionalna predstava.\",\"breadcrumb\":{\"@id\":\"https:\/\/hurghadalovers.com\/sl\/tours\/sahl-hasheesh-private-jeep-safari-trip\/#breadcrumb\"},\"inLanguage\":\"sl-SI\",\"potentialAction\":[{\"@type\":\"ReadAction\",\"target\":[\"https:\/\/hurghadalovers.com\/sl\/tours\/sahl-hasheesh-private-jeep-safari-trip\/\"]}]},{\"@type\":\"ImageObject\",\"inLanguage\":\"sl-SI\",\"@id\":\"https:\/\/hurghadalovers.com\/sl\/tours\/sahl-hasheesh-private-jeep-safari-trip\/#primaryimage\",\"url\":\"https:\/\/hurghadalovers.com\/wp-content\/uploads\/2023\/09\/Sahl-Hasheesh-Private-Jeep-Safari-Trip.jpeg\",\"contentUrl\":\"https:\/\/hurghadalovers.com\/wp-content\/uploads\/2023\/09\/Sahl-Hasheesh-Private-Jeep-Safari-Trip.jpeg\",\"width\":1156,\"height\":867,\"caption\":\"Sahl Hasheesh Izlet z zasebnim d\u017eipom Safari\"},{\"@type\":\"BreadcrumbList\",\"@id\":\"https:\/\/hurghadalovers.com\/sl\/tours\/sahl-hasheesh-private-jeep-safari-trip\/#breadcrumb\",\"itemListElement\":[{\"@type\":\"ListItem\",\"position\":1,\"name\":\"Home\",\"item\":\"https:\/\/hurghadalovers.com\/sl\/\"},{\"@type\":\"ListItem\",\"position\":2,\"name\":\"Shop\",\"item\":\"https:\/\/hurghadalovers.com\/shop\/\"},{\"@type\":\"ListItem\",\"position\":3,\"name\":\"Sahl Hasheesh Izlet z zasebnim d\u017eipom Safari\"}]},{\"@type\":\"WebSite\",\"@id\":\"https:\/\/hurghadalovers.com\/sl\/#website\",\"url\":\"https:\/\/hurghadalovers.com\/sl\/\",\"name\":\"Hurghada Excursions & Day Trips | Booking Best Prices Tours\",\"description\":\"Hurghada Lovers - Best Tour Operator - Excursions &amp; Things to do for Family Day Trips with kids and Couples Romantic. Unique .Hidden gems\",\"publisher\":{\"@id\":\"https:\/\/hurghadalovers.com\/sl\/#organization\"},\"alternateName\":\"Hurghada Excursions\",\"potentialAction\":[{\"@type\":\"SearchAction\",\"target\":{\"@type\":\"EntryPoint\",\"urlTemplate\":\"https:\/\/hurghadalovers.com\/sl\/?s={search_term_string}\"},\"query-input\":{\"@type\":\"PropertyValueSpecification\",\"valueRequired\":true,\"valueName\":\"search_term_string\"}}],\"inLanguage\":\"sl-SI\"},{\"@type\":[\"Organization\",\"Place\",\"TravelAgency\"],\"@id\":\"https:\/\/hurghadalovers.com\/sl\/#organization\",\"name\":\"Hurghada Excursions\",\"url\":\"https:\/\/hurghadalovers.com\/sl\/\",\"logo\":{\"@id\":\"https:\/\/hurghadalovers.com\/sl\/tours\/sahl-hasheesh-private-jeep-safari-trip\/#local-main-organization-logo\"},\"image\":{\"@id\":\"https:\/\/hurghadalovers.com\/sl\/tours\/sahl-hasheesh-private-jeep-safari-trip\/#local-main-organization-logo\"},\"sameAs\":[\"https:\/\/www.facebook.com\/Hurghadaloversegypt\"],\"address\":{\"@id\":\"https:\/\/hurghadalovers.com\/sl\/tours\/sahl-hasheesh-private-jeep-safari-trip\/#local-main-place-address\"},\"telephone\":[\"00201112596434\"],\"contactPoint\":{\"@type\":\"ContactPoint\",\"telephone\":\"00201112596434\",\"email\":\"weyouface@gmail.com\"},\"openingHoursSpecification\":{\"@type\":\"OpeningHoursSpecification\",\"dayOfWeek\":[\"Monday\",\"Tuesday\",\"Wednesday\",\"Thursday\",\"Friday\",\"Saturday\",\"Sunday\"],\"opens\":\"00:00\",\"closes\":\"23:59\"},\"email\":\"weyouface@gmail.com\",\"areaServed\":\"Luxor, Hurghada, El Gouna, Aswan, Sharm El Sheikh, Giza, Alexandria, Marsa Alam, Quseir, Soma Bay, Sahl Hasheesh, Red Sea, Makadi Bay, Cairo\",\"priceRange\":\"$\",\"currenciesAccepted\":\"euro\",\"paymentAccepted\":\"cash on site\"},{\"@type\":\"PostalAddress\",\"@id\":\"https:\/\/hurghadalovers.com\/sl\/tours\/sahl-hasheesh-private-jeep-safari-trip\/#local-main-place-address\",\"streetAddress\":\"17 Banks street, Alkawther area, top nbk bank\",\"addressLocality\":\"hurghada\",\"postalCode\":\"84511\",\"addressRegion\":\"red sea\",\"addressCountry\":\"EG\"},{\"@type\":\"ImageObject\",\"inLanguage\":\"sl-SI\",\"@id\":\"https:\/\/hurghadalovers.com\/sl\/tours\/sahl-hasheesh-private-jeep-safari-trip\/#local-main-organization-logo\",\"url\":\"https:\/\/hurghadalovers.com\/wp-content\/uploads\/2019\/10\/hurghada-excursions-logo.png\",\"contentUrl\":\"https:\/\/hurghadalovers.com\/wp-content\/uploads\/2019\/10\/hurghada-excursions-logo.png\",\"width\":272,\"height\":90,\"caption\":\"Hurghada Excursions\"}]}<\/script>\n<meta property=\"product:brand\" content=\"Izleti Vo\u017enja kvadova Sahl Hasheesh\" \/>\n<meta property=\"product:price:amount\" content=\"150\" \/>\n<meta property=\"product:price:currency\" content=\"EUR\" \/>\n<meta property=\"og:availability\" content=\"instock\" \/>\n<meta property=\"product:availability\" content=\"instock\" \/>\n<meta property=\"product:retailer_item_id\" content=\"SahlSafari052024\" \/>\n<meta property=\"product:condition\" content=\"new\" \/>\n<meta name=\"geo.placename\" content=\"hurghada\" \/>\n<meta name=\"geo.region\" content=\"Egypt\" \/>\n<!-- \/ Yoast SEO Premium plugin. -->","yoast_head_json":{"title":"Sahl Hasheesh Izlet z zasebnim d\u017eipom Safari","description":"Sahl Hasheesh Zasebni izlet z d\u017eipom Safari z ATV Quad Bike, Spider Car in 4\u00d74 Car do beduinske vasi z vo\u017enjo s kamelami, nato ve\u010derja na \u017earu + tradicionalna predstava.","robots":{"index":"index","follow":"follow","max-snippet":"max-snippet:-1","max-image-preview":"max-image-preview:large","max-video-preview":"max-video-preview:-1"},"canonical":"https:\/\/hurghadalovers.com\/sl\/tours\/sahl-hasheesh-private-jeep-safari-trip\/","og_locale":"sl_SI","og_type":"article","og_title":"Sahl Hasheesh Izlet z zasebnim d\u017eipom Safari","og_description":"Sahl Hasheesh Zasebni izlet z d\u017eipom Safari z ATV Quad Bike, Spider Car in 4\u00d74 Car do beduinske vasi z vo\u017enjo s kamelami, nato ve\u010derja na \u017earu + tradicionalna predstava.","og_url":"https:\/\/hurghadalovers.com\/sl\/tours\/sahl-hasheesh-private-jeep-safari-trip\/","og_site_name":"Hurghada Excursions &amp; Day Trips | Booking Best Prices Tours","article_publisher":"https:\/\/www.facebook.com\/Hurghadaloversegypt","article_modified_time":"2026-02-09T16:52:58+00:00","og_image":[{"width":1156,"height":867,"url":"https:\/\/hurghadalovers.com\/wp-content\/uploads\/2023\/09\/Sahl-Hasheesh-Private-Jeep-Safari-Trip.jpeg","type":"image\/jpeg"}],"twitter_card":"summary_large_image","twitter_misc":{"Price":"&euro;&nbsp;150","Availability":"In stock"},"schema":{"@context":"https:\/\/schema.org","@graph":[{"@type":["WebPage","ItemPage"],"@id":"https:\/\/hurghadalovers.com\/sl\/tours\/sahl-hasheesh-private-jeep-safari-trip\/","url":"https:\/\/hurghadalovers.com\/sl\/tours\/sahl-hasheesh-private-jeep-safari-trip\/","name":"Sahl Hasheesh Izlet z zasebnim d\u017eipom Safari","isPartOf":{"@id":"https:\/\/hurghadalovers.com\/sl\/#website"},"primaryImageOfPage":{"@id":"https:\/\/hurghadalovers.com\/sl\/tours\/sahl-hasheesh-private-jeep-safari-trip\/#primaryimage"},"image":{"@id":"https:\/\/hurghadalovers.com\/sl\/tours\/sahl-hasheesh-private-jeep-safari-trip\/#primaryimage"},"thumbnailUrl":"https:\/\/hurghadalovers.com\/wp-content\/uploads\/2023\/09\/Sahl-Hasheesh-Private-Jeep-Safari-Trip.jpeg","datePublished":"2023-09-01T20:48:00+00:00","dateModified":"2026-02-09T16:52:58+00:00","description":"Sahl Hasheesh Zasebni izlet z d\u017eipom Safari z ATV Quad Bike, Spider Car in 4\u00d74 Car do beduinske vasi z vo\u017enjo s kamelami, nato ve\u010derja na \u017earu + tradicionalna predstava.","breadcrumb":{"@id":"https:\/\/hurghadalovers.com\/sl\/tours\/sahl-hasheesh-private-jeep-safari-trip\/#breadcrumb"},"inLanguage":"sl-SI","potentialAction":[{"@type":"ReadAction","target":["https:\/\/hurghadalovers.com\/sl\/tours\/sahl-hasheesh-private-jeep-safari-trip\/"]}]},{"@type":"ImageObject","inLanguage":"sl-SI","@id":"https:\/\/hurghadalovers.com\/sl\/tours\/sahl-hasheesh-private-jeep-safari-trip\/#primaryimage","url":"https:\/\/hurghadalovers.com\/wp-content\/uploads\/2023\/09\/Sahl-Hasheesh-Private-Jeep-Safari-Trip.jpeg","contentUrl":"https:\/\/hurghadalovers.com\/wp-content\/uploads\/2023\/09\/Sahl-Hasheesh-Private-Jeep-Safari-Trip.jpeg","width":1156,"height":867,"caption":"Sahl Hasheesh Izlet z zasebnim d\u017eipom Safari"},{"@type":"BreadcrumbList","@id":"https:\/\/hurghadalovers.com\/sl\/tours\/sahl-hasheesh-private-jeep-safari-trip\/#breadcrumb","itemListElement":[{"@type":"ListItem","position":1,"name":"Home","item":"https:\/\/hurghadalovers.com\/sl\/"},{"@type":"ListItem","position":2,"name":"Shop","item":"https:\/\/hurghadalovers.com\/shop\/"},{"@type":"ListItem","position":3,"name":"Sahl Hasheesh Izlet z zasebnim d\u017eipom Safari"}]},{"@type":"WebSite","@id":"https:\/\/hurghadalovers.com\/sl\/#website","url":"https:\/\/hurghadalovers.com\/sl\/","name":"Hurghada Excursions & Day Trips | Booking Best Prices Tours","description":"Hurghada Lovers - Best Tour Operator - Excursions &amp; Things to do for Family Day Trips with kids and Couples Romantic. Unique .Hidden gems","publisher":{"@id":"https:\/\/hurghadalovers.com\/sl\/#organization"},"alternateName":"Hurghada Excursions","potentialAction":[{"@type":"SearchAction","target":{"@type":"EntryPoint","urlTemplate":"https:\/\/hurghadalovers.com\/sl\/?s={search_term_string}"},"query-input":{"@type":"PropertyValueSpecification","valueRequired":true,"valueName":"search_term_string"}}],"inLanguage":"sl-SI"},{"@type":["Organization","Place","TravelAgency"],"@id":"https:\/\/hurghadalovers.com\/sl\/#organization","name":"Hurghada Excursions","url":"https:\/\/hurghadalovers.com\/sl\/","logo":{"@id":"https:\/\/hurghadalovers.com\/sl\/tours\/sahl-hasheesh-private-jeep-safari-trip\/#local-main-organization-logo"},"image":{"@id":"https:\/\/hurghadalovers.com\/sl\/tours\/sahl-hasheesh-private-jeep-safari-trip\/#local-main-organization-logo"},"sameAs":["https:\/\/www.facebook.com\/Hurghadaloversegypt"],"address":{"@id":"https:\/\/hurghadalovers.com\/sl\/tours\/sahl-hasheesh-private-jeep-safari-trip\/#local-main-place-address"},"telephone":["00201112596434"],"contactPoint":{"@type":"ContactPoint","telephone":"00201112596434","email":"weyouface@gmail.com"},"openingHoursSpecification":{"@type":"OpeningHoursSpecification","dayOfWeek":["Monday","Tuesday","Wednesday","Thursday","Friday","Saturday","Sunday"],"opens":"00:00","closes":"23:59"},"email":"weyouface@gmail.com","areaServed":"Luxor, Hurghada, El Gouna, Aswan, Sharm El Sheikh, Giza, Alexandria, Marsa Alam, Quseir, Soma Bay, Sahl Hasheesh, Red Sea, Makadi Bay, Cairo","priceRange":"$","currenciesAccepted":"euro","paymentAccepted":"cash on site"},{"@type":"PostalAddress","@id":"https:\/\/hurghadalovers.com\/sl\/tours\/sahl-hasheesh-private-jeep-safari-trip\/#local-main-place-address","streetAddress":"17 Banks street, Alkawther area, top nbk bank","addressLocality":"hurghada","postalCode":"84511","addressRegion":"red sea","addressCountry":"EG"},{"@type":"ImageObject","inLanguage":"sl-SI","@id":"https:\/\/hurghadalovers.com\/sl\/tours\/sahl-hasheesh-private-jeep-safari-trip\/#local-main-organization-logo","url":"https:\/\/hurghadalovers.com\/wp-content\/uploads\/2019\/10\/hurghada-excursions-logo.png","contentUrl":"https:\/\/hurghadalovers.com\/wp-content\/uploads\/2019\/10\/hurghada-excursions-logo.png","width":272,"height":90,"caption":"Hurghada Excursions"}]},"product_brand":"Izleti Vo\u017enja kvadova Sahl Hasheesh","product_price_amount":"150","product_price_currency":"EUR","og_availability":"instock","product_availability":"instock","product_retailer_item_id":"SahlSafari052024","product_condition":"new","geo.placename":"hurghada","geo.region":"Egypt"},"_links":{"self":[{"href":"https:\/\/hurghadalovers.com\/sl\/wp-json\/wp\/v2\/product\/392267","targetHints":{"allow":["GET"]}}],"collection":[{"href":"https:\/\/hurghadalovers.com\/sl\/wp-json\/wp\/v2\/product"}],"about":[{"href":"https:\/\/hurghadalovers.com\/sl\/wp-json\/wp\/v2\/types\/product"}],"wp:featuredmedia":[{"embeddable":true,"href":"https:\/\/hurghadalovers.com\/sl\/wp-json\/wp\/v2\/media\/392060"}],"wp:attachment":[{"href":"https:\/\/hurghadalovers.com\/sl\/wp-json\/wp\/v2\/media?parent=392267"}],"wp:term":[{"taxonomy":"product_brand","embeddable":true,"href":"https:\/\/hurghadalovers.com\/sl\/wp-json\/wp\/v2\/product_brand?post=392267"},{"taxonomy":"product_cat","embeddable":true,"href":"https:\/\/hurghadalovers.com\/sl\/wp-json\/wp\/v2\/product_cat?post=392267"},{"taxonomy":"product_tag","embeddable":true,"href":"https:\/\/hurghadalovers.com\/sl\/wp-json\/wp\/v2\/product_tag?post=392267"}],"curies":[{"name":"wp","href":"https:\/\/api.w.org\/{rel}","templated":true}]}}