{"id":392220,"date":"2023-09-01T20:42:25","date_gmt":"2023-09-01T20:45:46","guid":{"rendered":"https:\/\/hurghadalovers.com\/shop\/nekategorizirano\/jutranja-tura-z-buggyji-iz-sahl-hasheesha\/"},"modified":"2026-02-09T10:24:56","modified_gmt":"2026-02-09T10:24:56","slug":"jutranji-izlet-z-brosko-iz-sahl-hasheesha","status":"publish","type":"product","link":"https:\/\/hurghadalovers.com\/sl\/tours\/jutranji-izlet-z-brosko-iz-sahl-hasheesha\/","title":{"rendered":"Jutranja tura z buggyji iz Sahl Hasheesha"},"content":{"rendered":"<p><strong>Jutranji<\/strong> <strong>izlet z buggyjem iz <\/strong><strong>Sahl Hasheesha<\/strong> v beduinsko vas in vo\u017enja s kamelo | <strong>Luxury Adventure Desert Safari<\/strong> Family Friendly z otroki, pari in seniorji z zasebnim prevozom | Vo\u017enja s Polaris RZR.<\/p>\n<p>&nbsp;<\/p>\n<p><strong>Poudarki:<\/strong><\/p>\n<ol>\n<li>Vo\u017enja z buggyjem za sipine.<\/li>\n<li>Vo\u017enja s kamelo.<\/li>\n<li>Beduinska vas.<\/li>\n<\/ol>\n<p><strong>Sunset Buggy Tour iz <\/strong><strong>Sahl Hasheesh<\/strong> <strong>Podrobnosti:<\/strong><\/p>\n<ul>\n<li>Razpolo\u017eljivost ture: Vsak dan.<\/li>\n<li>Vrsta ture: Skupina ali zasebna.<\/li>\n<li>\u010cas prevzema: Za\u010detek od 07:30.<\/li>\n<li>\u010cas odhoda: od 19:00 dalje.<\/li>\n<li>Trajanje: Trajanje: 3 ure.<\/li>\n<\/ul>\n<p><strong>Rezervirajte zdaj in pla\u010dajte pozneje:<\/strong><\/p>\n<ul>\n<li>Denar na kraju samem za vodenje.<\/li>\n<li>Pla\u010dilo z egiptovskimi funti, $, \u20ac ali \u00a3.<\/li>\n<\/ul>\n<p><strong>Pravila odpovedi:<\/strong><\/p>\n<ul>\n<li>prekli\u010dete do 24 ur vnaprej.<\/li>\n<li>Ko kdo iz va\u0161e dru\u017eine prekli\u010de jutro, pla\u010da 50 % stro\u0161kov.<\/li>\n<\/ul>\n<p><strong>Kaj je vklju\u010deno?<\/strong><\/p>\n<ul>\n<li>Transfer iz hotelov Sahl Hasheesh &#8220;Hotel pick up and drop off&#8221;.<\/li>\n<li>Vsi davki, vstopnine in manipulativni stro\u0161ki.<\/li>\n<li>Prenosi.<\/li>\n<li>Turisti\u010dni vodnik.<\/li>\n<li>\u010celada.<\/li>\n<\/ul>\n<p><strong>Izklju\u010ditve?<\/strong><\/p>\n<ul>\n<li>\u0160ali<\/li>\n<li>Za\u0161\u010ditna o\u010dala<\/li>\n<li>Dajanje napitnine.<\/li>\n<li>Fotografija za potovanje.<\/li>\n<li>Dodatki, ki niso bili omenjeni.<\/li>\n<\/ul>\n<p><strong>Cene:<\/strong><\/p>\n<p><strong>Cena = 90$ na osebo<\/strong>.<\/p>\n<p><strong>Mnenja:<\/strong><\/p>\n<p>preverite na\u0161e Google Map Reviews kot Best <a href=\"https:\/\/g.page\/r\/CUeYvkngP3wkEBM\/review\">Tour Operator v Hurgadi na<\/a> spletu v <a href=\"https:\/\/hurghadalovers.com\/\">Hurgadi<\/a> Egipt.<\/p>\n<p>&nbsp;<\/p>\n<p><strong>Rezervacije:<\/strong><\/p>\n<p>Po\u0161ljite hotel + \u0160tevilka sobe + Foto potni listi na WhatsApp: <strong>+201112596434<\/strong><\/p>\n<p>\u010ce ste iz Egipta Rezervacija zdaj na spletu in potrdite ob prihodu Hotel.<\/p>\n<p>&nbsp;<\/p>\n<p>&nbsp;<\/p>\n","protected":false},"excerpt":{"rendered":"<p><strong>Jutranji<\/strong> <strong>izlet z buggyjem iz <\/strong><strong>Sahl Hasheesha<\/strong> v beduinsko vas in vo\u017enja s kamelo | <strong>Luxury Adventure Desert Safari<\/strong> Family Friendly z otroki, pari in seniorji z zasebnim prevozom | Vo\u017enja s Polaris RZR.<\/p>\n","protected":false},"featured_media":391986,"template":"","meta":{"_joinchat":[]},"product_brand":[],"product_cat":[36671],"product_tag":[49955,49958,52529,49957,49960,49959,49951,52563,49953,49956,49952,52546,52557,52556,52541,52561,52559,49954],"class_list":{"0":"post-392220","1":"product","2":"type-product","3":"status-publish","4":"has-post-thumbnail","6":"product_cat-izleti","7":"product_tag-atv-sahl-hasheesh-sl","8":"product_tag-beduinska-vas-sahl-hasheesh","9":"product_tag-druzinske-stvari-za-poceti-iz-sahl-hasheesha","10":"product_tag-jahanje-na-kamelah-sahl-hasheesh","11":"product_tag-ogled-z-buggyji-sahl-hasheesh","12":"product_tag-opazovanje-zvezd-sahl-hasheesh","13":"product_tag-puscavski-safari-sahl-hasheesh","14":"product_tag-romanticne-stvari-za-poceti-v-sahl-hasheeshu","15":"product_tag-safari-sahara-sahl-hasheesh-sl","16":"product_tag-safari-tour-sahl-hasheesh-sl","17":"product_tag-sahl-hasheesh-buggy-safari-sl","18":"product_tag-sahl-hasheesh-dnevni-izleti","19":"product_tag-sahl-hasheesh-dnevni-izleti-sl","20":"product_tag-sahl-hasheesh-kaj-poceti","21":"product_tag-sahl-hasheesh-poceni-izleti-za-druzine","22":"product_tag-sahl-hasheesh-romanticni-izleti","23":"product_tag-stvari-za-ogled-v-mestu-sahl-hasheesh","24":"product_tag-voznja-s-stirikolesniki-sahl-hasheesh","25":"tour_category-izlet-s-stirikolesniki-iz-sahl-hasheesha","26":"tour_category-sahl-hasheesh-izleti","28":"first","29":"instock","30":"sale","31":"shipping-taxable","32":"purchasable","33":"product-type-tour"},"yoast_head":"<!-- This site is optimized with the Yoast SEO Premium plugin v26.9 (Yoast SEO v27.2) - https:\/\/yoast.com\/product\/yoast-seo-premium-wordpress\/ -->\n<title>Jutranja tura z buggyji iz Sahl Hasheesha<\/title>\n<meta name=\"description\" content=\"Jutranja vo\u017enja z buggyjem iz Sahl Hasheesha v beduinsko vas in vo\u017enja s kamelo | Luxury Adventure Desert Safari Dru\u017einam prijazno za otroke, pare in starej\u0161e\" \/>\n<meta name=\"robots\" content=\"index, follow, max-snippet:-1, max-image-preview:large, max-video-preview:-1\" \/>\n<link rel=\"canonical\" href=\"https:\/\/hurghadalovers.com\/sl\/tours\/jutranji-izlet-z-brosko-iz-sahl-hasheesha\/\" \/>\n<meta property=\"og:locale\" content=\"sl_SI\" \/>\n<meta property=\"og:type\" content=\"article\" \/>\n<meta property=\"og:title\" content=\"Jutranja tura z buggyji iz Sahl Hasheesha\" \/>\n<meta property=\"og:description\" content=\"Jutranja vo\u017enja z buggyjem iz Sahl Hasheesha v beduinsko vas in vo\u017enja s kamelo | Luxury Adventure Desert Safari Dru\u017einam prijazno za otroke, pare in starej\u0161e\" \/>\n<meta property=\"og:url\" content=\"https:\/\/hurghadalovers.com\/sl\/tours\/jutranji-izlet-z-brosko-iz-sahl-hasheesha\/\" \/>\n<meta property=\"og:site_name\" content=\"Hurghada Excursions &amp; Day Trips | Booking Best Prices Tours\" \/>\n<meta property=\"article:publisher\" content=\"https:\/\/www.facebook.com\/Hurghadaloversegypt\" \/>\n<meta property=\"article:modified_time\" content=\"2026-02-09T10:24:56+00:00\" \/>\n<meta property=\"og:image\" content=\"https:\/\/hurghadalovers.com\/wp-content\/uploads\/2023\/09\/Morning-Buggy-Tour-from-Sahl-Hasheesh.jpeg\" \/>\n\t<meta property=\"og:image:width\" content=\"1280\" \/>\n\t<meta property=\"og:image:height\" content=\"960\" \/>\n\t<meta property=\"og:image:type\" content=\"image\/jpeg\" \/>\n<meta name=\"twitter:card\" content=\"summary_large_image\" \/>\n<meta name=\"twitter:label1\" content=\"Price\" \/>\n\t<meta name=\"twitter:data1\" content=\"&euro;&nbsp;90\" \/>\n\t<meta name=\"twitter:label2\" content=\"Availability\" \/>\n\t<meta name=\"twitter:data2\" content=\"In stock\" \/>\n<script type=\"application\/ld+json\" class=\"yoast-schema-graph\">{\"@context\":\"https:\/\/schema.org\",\"@graph\":[{\"@type\":[\"WebPage\",\"ItemPage\"],\"@id\":\"https:\/\/hurghadalovers.com\/sl\/tours\/jutranji-izlet-z-brosko-iz-sahl-hasheesha\/\",\"url\":\"https:\/\/hurghadalovers.com\/sl\/tours\/jutranji-izlet-z-brosko-iz-sahl-hasheesha\/\",\"name\":\"Jutranja tura z buggyji iz Sahl Hasheesha\",\"isPartOf\":{\"@id\":\"https:\/\/hurghadalovers.com\/sl\/#website\"},\"primaryImageOfPage\":{\"@id\":\"https:\/\/hurghadalovers.com\/sl\/tours\/jutranji-izlet-z-brosko-iz-sahl-hasheesha\/#primaryimage\"},\"image\":{\"@id\":\"https:\/\/hurghadalovers.com\/sl\/tours\/jutranji-izlet-z-brosko-iz-sahl-hasheesha\/#primaryimage\"},\"thumbnailUrl\":\"https:\/\/hurghadalovers.com\/wp-content\/uploads\/2023\/09\/Morning-Buggy-Tour-from-Sahl-Hasheesh.jpeg\",\"datePublished\":\"2023-09-01T20:45:46+00:00\",\"dateModified\":\"2026-02-09T10:24:56+00:00\",\"description\":\"Jutranja vo\u017enja z buggyjem iz Sahl Hasheesha v beduinsko vas in vo\u017enja s kamelo | Luxury Adventure Desert Safari Dru\u017einam prijazno za otroke, pare in starej\u0161e\",\"breadcrumb\":{\"@id\":\"https:\/\/hurghadalovers.com\/sl\/tours\/jutranji-izlet-z-brosko-iz-sahl-hasheesha\/#breadcrumb\"},\"inLanguage\":\"sl-SI\",\"potentialAction\":[{\"@type\":\"ReadAction\",\"target\":[\"https:\/\/hurghadalovers.com\/sl\/tours\/jutranji-izlet-z-brosko-iz-sahl-hasheesha\/\"]}]},{\"@type\":\"ImageObject\",\"inLanguage\":\"sl-SI\",\"@id\":\"https:\/\/hurghadalovers.com\/sl\/tours\/jutranji-izlet-z-brosko-iz-sahl-hasheesha\/#primaryimage\",\"url\":\"https:\/\/hurghadalovers.com\/wp-content\/uploads\/2023\/09\/Morning-Buggy-Tour-from-Sahl-Hasheesh.jpeg\",\"contentUrl\":\"https:\/\/hurghadalovers.com\/wp-content\/uploads\/2023\/09\/Morning-Buggy-Tour-from-Sahl-Hasheesh.jpeg\",\"width\":1280,\"height\":960,\"caption\":\"Jutranja tura z buggyji iz Sahl Hasheesha\"},{\"@type\":\"BreadcrumbList\",\"@id\":\"https:\/\/hurghadalovers.com\/sl\/tours\/jutranji-izlet-z-brosko-iz-sahl-hasheesha\/#breadcrumb\",\"itemListElement\":[{\"@type\":\"ListItem\",\"position\":1,\"name\":\"Home\",\"item\":\"https:\/\/hurghadalovers.com\/sl\/\"},{\"@type\":\"ListItem\",\"position\":2,\"name\":\"Shop\",\"item\":\"https:\/\/hurghadalovers.com\/shop\/\"},{\"@type\":\"ListItem\",\"position\":3,\"name\":\"Jutranja tura z buggyji iz Sahl Hasheesha\"}]},{\"@type\":\"WebSite\",\"@id\":\"https:\/\/hurghadalovers.com\/sl\/#website\",\"url\":\"https:\/\/hurghadalovers.com\/sl\/\",\"name\":\"Hurghada Excursions & Day Trips | Booking Best Prices Tours\",\"description\":\"Hurghada Lovers - Best Tour Operator - Excursions &amp; Things to do for Family Day Trips with kids and Couples Romantic. Unique .Hidden gems\",\"publisher\":{\"@id\":\"https:\/\/hurghadalovers.com\/sl\/#organization\"},\"alternateName\":\"Hurghada Excursions\",\"potentialAction\":[{\"@type\":\"SearchAction\",\"target\":{\"@type\":\"EntryPoint\",\"urlTemplate\":\"https:\/\/hurghadalovers.com\/sl\/?s={search_term_string}\"},\"query-input\":{\"@type\":\"PropertyValueSpecification\",\"valueRequired\":true,\"valueName\":\"search_term_string\"}}],\"inLanguage\":\"sl-SI\"},{\"@type\":[\"Organization\",\"Place\",\"TravelAgency\"],\"@id\":\"https:\/\/hurghadalovers.com\/sl\/#organization\",\"name\":\"Hurghada Excursions\",\"url\":\"https:\/\/hurghadalovers.com\/sl\/\",\"logo\":{\"@id\":\"https:\/\/hurghadalovers.com\/sl\/tours\/jutranji-izlet-z-brosko-iz-sahl-hasheesha\/#local-main-organization-logo\"},\"image\":{\"@id\":\"https:\/\/hurghadalovers.com\/sl\/tours\/jutranji-izlet-z-brosko-iz-sahl-hasheesha\/#local-main-organization-logo\"},\"sameAs\":[\"https:\/\/www.facebook.com\/Hurghadaloversegypt\"],\"address\":{\"@id\":\"https:\/\/hurghadalovers.com\/sl\/tours\/jutranji-izlet-z-brosko-iz-sahl-hasheesha\/#local-main-place-address\"},\"telephone\":[\"00201112596434\"],\"contactPoint\":{\"@type\":\"ContactPoint\",\"telephone\":\"00201112596434\",\"email\":\"weyouface@gmail.com\"},\"openingHoursSpecification\":{\"@type\":\"OpeningHoursSpecification\",\"dayOfWeek\":[\"Monday\",\"Tuesday\",\"Wednesday\",\"Thursday\",\"Friday\",\"Saturday\",\"Sunday\"],\"opens\":\"00:00\",\"closes\":\"23:59\"},\"email\":\"weyouface@gmail.com\",\"areaServed\":\"Luxor, Hurghada, El Gouna, Aswan, Sharm El Sheikh, Giza, Alexandria, Marsa Alam, Quseir, Soma Bay, Sahl Hasheesh, Red Sea, Makadi Bay, Cairo\",\"priceRange\":\"$\",\"currenciesAccepted\":\"euro\",\"paymentAccepted\":\"cash on site\"},{\"@type\":\"PostalAddress\",\"@id\":\"https:\/\/hurghadalovers.com\/sl\/tours\/jutranji-izlet-z-brosko-iz-sahl-hasheesha\/#local-main-place-address\",\"streetAddress\":\"17 Banks street, Alkawther area, top nbk bank\",\"addressLocality\":\"hurghada\",\"postalCode\":\"84511\",\"addressRegion\":\"red sea\",\"addressCountry\":\"EG\"},{\"@type\":\"ImageObject\",\"inLanguage\":\"sl-SI\",\"@id\":\"https:\/\/hurghadalovers.com\/sl\/tours\/jutranji-izlet-z-brosko-iz-sahl-hasheesha\/#local-main-organization-logo\",\"url\":\"https:\/\/hurghadalovers.com\/wp-content\/uploads\/2019\/10\/hurghada-excursions-logo.png\",\"contentUrl\":\"https:\/\/hurghadalovers.com\/wp-content\/uploads\/2019\/10\/hurghada-excursions-logo.png\",\"width\":272,\"height\":90,\"caption\":\"Hurghada Excursions\"}]}<\/script>\n<meta property=\"product:brand\" content=\"Izleti Vo\u017enja kvadova Sahl Hasheesh\" \/>\n<meta property=\"product:price:amount\" content=\"90\" \/>\n<meta property=\"product:price:currency\" content=\"EUR\" \/>\n<meta property=\"og:availability\" content=\"instock\" \/>\n<meta property=\"product:availability\" content=\"instock\" \/>\n<meta property=\"product:retailer_item_id\" content=\"SahlSafari032024\" \/>\n<meta property=\"product:condition\" content=\"new\" \/>\n<meta name=\"geo.placename\" content=\"hurghada\" \/>\n<meta name=\"geo.region\" content=\"Egypt\" \/>\n<!-- \/ Yoast SEO Premium plugin. -->","yoast_head_json":{"title":"Jutranja tura z buggyji iz Sahl Hasheesha","description":"Jutranja vo\u017enja z buggyjem iz Sahl Hasheesha v beduinsko vas in vo\u017enja s kamelo | Luxury Adventure Desert Safari Dru\u017einam prijazno za otroke, pare in starej\u0161e","robots":{"index":"index","follow":"follow","max-snippet":"max-snippet:-1","max-image-preview":"max-image-preview:large","max-video-preview":"max-video-preview:-1"},"canonical":"https:\/\/hurghadalovers.com\/sl\/tours\/jutranji-izlet-z-brosko-iz-sahl-hasheesha\/","og_locale":"sl_SI","og_type":"article","og_title":"Jutranja tura z buggyji iz Sahl Hasheesha","og_description":"Jutranja vo\u017enja z buggyjem iz Sahl Hasheesha v beduinsko vas in vo\u017enja s kamelo | Luxury Adventure Desert Safari Dru\u017einam prijazno za otroke, pare in starej\u0161e","og_url":"https:\/\/hurghadalovers.com\/sl\/tours\/jutranji-izlet-z-brosko-iz-sahl-hasheesha\/","og_site_name":"Hurghada Excursions &amp; Day Trips | Booking Best Prices Tours","article_publisher":"https:\/\/www.facebook.com\/Hurghadaloversegypt","article_modified_time":"2026-02-09T10:24:56+00:00","og_image":[{"width":1280,"height":960,"url":"https:\/\/hurghadalovers.com\/wp-content\/uploads\/2023\/09\/Morning-Buggy-Tour-from-Sahl-Hasheesh.jpeg","type":"image\/jpeg"}],"twitter_card":"summary_large_image","twitter_misc":{"Price":"&euro;&nbsp;90","Availability":"In stock"},"schema":{"@context":"https:\/\/schema.org","@graph":[{"@type":["WebPage","ItemPage"],"@id":"https:\/\/hurghadalovers.com\/sl\/tours\/jutranji-izlet-z-brosko-iz-sahl-hasheesha\/","url":"https:\/\/hurghadalovers.com\/sl\/tours\/jutranji-izlet-z-brosko-iz-sahl-hasheesha\/","name":"Jutranja tura z buggyji iz Sahl Hasheesha","isPartOf":{"@id":"https:\/\/hurghadalovers.com\/sl\/#website"},"primaryImageOfPage":{"@id":"https:\/\/hurghadalovers.com\/sl\/tours\/jutranji-izlet-z-brosko-iz-sahl-hasheesha\/#primaryimage"},"image":{"@id":"https:\/\/hurghadalovers.com\/sl\/tours\/jutranji-izlet-z-brosko-iz-sahl-hasheesha\/#primaryimage"},"thumbnailUrl":"https:\/\/hurghadalovers.com\/wp-content\/uploads\/2023\/09\/Morning-Buggy-Tour-from-Sahl-Hasheesh.jpeg","datePublished":"2023-09-01T20:45:46+00:00","dateModified":"2026-02-09T10:24:56+00:00","description":"Jutranja vo\u017enja z buggyjem iz Sahl Hasheesha v beduinsko vas in vo\u017enja s kamelo | Luxury Adventure Desert Safari Dru\u017einam prijazno za otroke, pare in starej\u0161e","breadcrumb":{"@id":"https:\/\/hurghadalovers.com\/sl\/tours\/jutranji-izlet-z-brosko-iz-sahl-hasheesha\/#breadcrumb"},"inLanguage":"sl-SI","potentialAction":[{"@type":"ReadAction","target":["https:\/\/hurghadalovers.com\/sl\/tours\/jutranji-izlet-z-brosko-iz-sahl-hasheesha\/"]}]},{"@type":"ImageObject","inLanguage":"sl-SI","@id":"https:\/\/hurghadalovers.com\/sl\/tours\/jutranji-izlet-z-brosko-iz-sahl-hasheesha\/#primaryimage","url":"https:\/\/hurghadalovers.com\/wp-content\/uploads\/2023\/09\/Morning-Buggy-Tour-from-Sahl-Hasheesh.jpeg","contentUrl":"https:\/\/hurghadalovers.com\/wp-content\/uploads\/2023\/09\/Morning-Buggy-Tour-from-Sahl-Hasheesh.jpeg","width":1280,"height":960,"caption":"Jutranja tura z buggyji iz Sahl Hasheesha"},{"@type":"BreadcrumbList","@id":"https:\/\/hurghadalovers.com\/sl\/tours\/jutranji-izlet-z-brosko-iz-sahl-hasheesha\/#breadcrumb","itemListElement":[{"@type":"ListItem","position":1,"name":"Home","item":"https:\/\/hurghadalovers.com\/sl\/"},{"@type":"ListItem","position":2,"name":"Shop","item":"https:\/\/hurghadalovers.com\/shop\/"},{"@type":"ListItem","position":3,"name":"Jutranja tura z buggyji iz Sahl Hasheesha"}]},{"@type":"WebSite","@id":"https:\/\/hurghadalovers.com\/sl\/#website","url":"https:\/\/hurghadalovers.com\/sl\/","name":"Hurghada Excursions & Day Trips | Booking Best Prices Tours","description":"Hurghada Lovers - Best Tour Operator - Excursions &amp; Things to do for Family Day Trips with kids and Couples Romantic. Unique .Hidden gems","publisher":{"@id":"https:\/\/hurghadalovers.com\/sl\/#organization"},"alternateName":"Hurghada Excursions","potentialAction":[{"@type":"SearchAction","target":{"@type":"EntryPoint","urlTemplate":"https:\/\/hurghadalovers.com\/sl\/?s={search_term_string}"},"query-input":{"@type":"PropertyValueSpecification","valueRequired":true,"valueName":"search_term_string"}}],"inLanguage":"sl-SI"},{"@type":["Organization","Place","TravelAgency"],"@id":"https:\/\/hurghadalovers.com\/sl\/#organization","name":"Hurghada Excursions","url":"https:\/\/hurghadalovers.com\/sl\/","logo":{"@id":"https:\/\/hurghadalovers.com\/sl\/tours\/jutranji-izlet-z-brosko-iz-sahl-hasheesha\/#local-main-organization-logo"},"image":{"@id":"https:\/\/hurghadalovers.com\/sl\/tours\/jutranji-izlet-z-brosko-iz-sahl-hasheesha\/#local-main-organization-logo"},"sameAs":["https:\/\/www.facebook.com\/Hurghadaloversegypt"],"address":{"@id":"https:\/\/hurghadalovers.com\/sl\/tours\/jutranji-izlet-z-brosko-iz-sahl-hasheesha\/#local-main-place-address"},"telephone":["00201112596434"],"contactPoint":{"@type":"ContactPoint","telephone":"00201112596434","email":"weyouface@gmail.com"},"openingHoursSpecification":{"@type":"OpeningHoursSpecification","dayOfWeek":["Monday","Tuesday","Wednesday","Thursday","Friday","Saturday","Sunday"],"opens":"00:00","closes":"23:59"},"email":"weyouface@gmail.com","areaServed":"Luxor, Hurghada, El Gouna, Aswan, Sharm El Sheikh, Giza, Alexandria, Marsa Alam, Quseir, Soma Bay, Sahl Hasheesh, Red Sea, Makadi Bay, Cairo","priceRange":"$","currenciesAccepted":"euro","paymentAccepted":"cash on site"},{"@type":"PostalAddress","@id":"https:\/\/hurghadalovers.com\/sl\/tours\/jutranji-izlet-z-brosko-iz-sahl-hasheesha\/#local-main-place-address","streetAddress":"17 Banks street, Alkawther area, top nbk bank","addressLocality":"hurghada","postalCode":"84511","addressRegion":"red sea","addressCountry":"EG"},{"@type":"ImageObject","inLanguage":"sl-SI","@id":"https:\/\/hurghadalovers.com\/sl\/tours\/jutranji-izlet-z-brosko-iz-sahl-hasheesha\/#local-main-organization-logo","url":"https:\/\/hurghadalovers.com\/wp-content\/uploads\/2019\/10\/hurghada-excursions-logo.png","contentUrl":"https:\/\/hurghadalovers.com\/wp-content\/uploads\/2019\/10\/hurghada-excursions-logo.png","width":272,"height":90,"caption":"Hurghada Excursions"}]},"product_brand":"Izleti Vo\u017enja kvadova Sahl Hasheesh","product_price_amount":"90","product_price_currency":"EUR","og_availability":"instock","product_availability":"instock","product_retailer_item_id":"SahlSafari032024","product_condition":"new","geo.placename":"hurghada","geo.region":"Egypt"},"_links":{"self":[{"href":"https:\/\/hurghadalovers.com\/sl\/wp-json\/wp\/v2\/product\/392220","targetHints":{"allow":["GET"]}}],"collection":[{"href":"https:\/\/hurghadalovers.com\/sl\/wp-json\/wp\/v2\/product"}],"about":[{"href":"https:\/\/hurghadalovers.com\/sl\/wp-json\/wp\/v2\/types\/product"}],"wp:featuredmedia":[{"embeddable":true,"href":"https:\/\/hurghadalovers.com\/sl\/wp-json\/wp\/v2\/media\/391986"}],"wp:attachment":[{"href":"https:\/\/hurghadalovers.com\/sl\/wp-json\/wp\/v2\/media?parent=392220"}],"wp:term":[{"taxonomy":"product_brand","embeddable":true,"href":"https:\/\/hurghadalovers.com\/sl\/wp-json\/wp\/v2\/product_brand?post=392220"},{"taxonomy":"product_cat","embeddable":true,"href":"https:\/\/hurghadalovers.com\/sl\/wp-json\/wp\/v2\/product_cat?post=392220"},{"taxonomy":"product_tag","embeddable":true,"href":"https:\/\/hurghadalovers.com\/sl\/wp-json\/wp\/v2\/product_tag?post=392220"}],"curies":[{"name":"wp","href":"https:\/\/api.w.org\/{rel}","templated":true}]}}