{"id":391729,"date":"2023-08-31T19:16:20","date_gmt":"2023-08-31T19:20:47","guid":{"rendered":"https:\/\/hurghadalovers.com\/shop\/nekategorizirano\/najem-hitrega-colna-sahl-hasheesh-do-orange-bay-paradise-island\/"},"modified":"2026-02-10T02:40:36","modified_gmt":"2026-02-10T02:40:36","slug":"sahl-hasheesh-speedboat-rental-to-orange-bay-paradise-island","status":"publish","type":"product","link":"https:\/\/hurghadalovers.com\/sl\/tours\/sahl-hasheesh-speedboat-rental-to-orange-bay-paradise-island\/","title":{"rendered":"Najem hitrega \u010dolna Sahl Hasheesh do Orange bay &amp; Paradise Island"},"content":{"rendered":"<p><strong>Najem hitrega \u010dolna<\/strong> <strong>Sahl Hasheesh<\/strong> <strong>v Orange bay &amp; Paradise Island<\/strong> | Zasebni luksuzni hitri \u010dolni z vstopnicami, potapljanjem in prevozom.<\/p>\n<p style=\"text-align: center;\">Najlep\u0161i Sahl Hasheesh <strong>Dru\u017einam prijazne dejavnosti<\/strong>, <strong>kaj po\u010deti z otroki<\/strong>, starej\u0161imi, na <strong>medenih tednih<\/strong> in v <strong>paru<\/strong>.<\/p>\n<p>Privo\u0161\u010dite si poseben dan in edinstveno do\u017eivetje z ve\u010d <strong>zasebnosti<\/strong> in <strong>razko\u0161ja<\/strong> ter se z dru\u017eino in prijatelji odpravite na najlep\u0161e pla\u017ee <strong>otoka Giftun<\/strong> in zaplavajte v najlep\u0161ih koti\u010dkih <strong>koralnih grebenov<\/strong>.<\/p>\n<p>Zagotavljamo rezervacijo le zasebnega najema hitrega \u010dolna do <strong>Orange bay &amp; Paradise Island <\/strong>z vstopnicami in u\u017eivajte na pla\u017ei za 4-5 ur in nazaj.<\/p>\n<p>&nbsp;<\/p>\n<p><strong>Poudarki:<\/strong><\/p>\n<ul>\n<li>ena to\u010dka Potapljanje House Reef.<\/li>\n<li>1 ura na pla\u017ei Paradise Island.<\/li>\n<li>1 ura na pla\u017ei Orange bay Island Beach.<\/li>\n<\/ul>\n<p><strong>Podrobnosti:<\/strong><\/p>\n<ul>\n<li>Razpolo\u017eljivost ture: Vsak dan.<\/li>\n<li>Vrsta ture: Zasebna.<\/li>\n<li>\u010cas prevzema: Za\u010detek ob 07:30 ali od 12:30.<\/li>\n<li>\u010cas odhoda: 13:00 ali 18:00.<\/li>\n<li>Dostopno za invalidske vozi\u010dke.<\/li>\n<li>Trajanje: Trajanje: 4-5 ur.<\/li>\n<\/ul>\n<p><strong>Rezervirajte zdaj in pla\u010dajte pozneje:<\/strong><\/p>\n<ul>\n<li>Denar na kraju samem za vodenje.<\/li>\n<li>Pla\u010dilo z egiptovskimi funti, $, \u20ac ali \u00a3.<\/li>\n<\/ul>\n<p><strong>Pravila odpovedi:<\/strong><\/p>\n<ul>\n<li>prekli\u010dete do 24 ur vnaprej.<\/li>\n<li>Ko kdo iz va\u0161e dru\u017eine prekli\u010de jutro, pla\u010da 50 % stro\u0161kov.<\/li>\n<\/ul>\n<p><strong>Kaj je vklju\u010deno?<\/strong><\/p>\n<ul>\n<li>Transfer iz hotelov Sahl Hasheesh &#8220;Hotel pick up and drop off&#8221;.<\/li>\n<li>Vsi davki, vstopnine in manipulativni stro\u0161ki.<\/li>\n<li>Mineralna voda + Cola.<\/li>\n<li>eno mesto za potapljanje.<\/li>\n<li>Oprema za potapljanje &#8220;Maske in plavalne plavuti&#8221;.<\/li>\n<li>1 ura na pla\u017ei Paradise Island.<\/li>\n<li>1 ura na pla\u017ei Orange bay Island Beach.<\/li>\n<\/ul>\n<p><strong>Izklju\u010ditve?<\/strong><\/p>\n<ul>\n<li>Dajanje napitnine.<\/li>\n<li>Pija\u010de v restavraciji Paradise Island.<\/li>\n<li>Dodatki, ki niso bili omenjeni.<\/li>\n<\/ul>\n<p><strong>Cene:<\/strong><\/p>\n<ul>\n<li>Najem hitrega \u010dolna na Paradise Island z vozovnicami &#8220;2 osebi&#8221; in transferjem = 240$<\/li>\n<li>Najem hitrega \u010dolna na Paradise Island z vstopnicami &#8220;2 osebi&#8221;, potapljanjem in prevozom = 300$<\/li>\n<li><strong>Do 2 osebi Dodatna vstopnica = 5$ na osebo.<\/strong><\/li>\n<\/ul>\n<p><strong>Mnenja:<\/strong><\/p>\n<p>preverite na\u0161e Google Map Reviews kot Best <a href=\"https:\/\/g.page\/r\/CUeYvkngP3wkEBM\/review\">Tour Operator v Hurgadi na<\/a> spletu v <a href=\"https:\/\/hurghadalovers.com\/\">Hurgadi<\/a> Egipt.<\/p>\n<p>&nbsp;<\/p>\n<p><strong>Rezervacije:<\/strong><\/p>\n<p>Po\u0161ljite hotel + \u0160tevilka sobe + Foto potni listi na WhatsApp: <strong>+201112596434<\/strong><\/p>\n<p>\u010ce ste iz Egipta Rezervacija zdaj na spletu in potrdite ob prihodu Hotel.<\/p>\n<p>&nbsp;<\/p>\n<p>&nbsp;<\/p>\n","protected":false},"excerpt":{"rendered":"<p><strong>Najem hitrega \u010dolna<\/strong> <strong>Sahl Hasheesh<\/strong> <strong>v Orange bay &amp; Paradise Island<\/strong> | Zasebni luksuzni hitri \u010dolni z vstopnicami, potapljanjem in prevozom.<\/p>\n","protected":false},"featured_media":391528,"template":"","meta":{"_joinchat":[]},"product_brand":[],"product_cat":[36671],"product_tag":[52625,52572,52634,52640,52614,52628,52578,52649,52622,52619,52637,52631,52617,49946,52563,52643,52546,52557,52556,52561,52652,52559,52646],"class_list":{"0":"post-391729","1":"product","2":"type-product","3":"status-publish","4":"has-post-thumbnail","6":"product_cat-izleti","7":"product_tag-dolphin-house-sahl-hasheesh-sl","8":"product_tag-druzinska-zabava-mesta-iz-sahl-hasheesh","9":"product_tag-giftun-otok-sahl-hasheesh","10":"product_tag-hitri-coln-sahl-hasheesh","11":"product_tag-izleti-s-potapljanjem-sahl-hasheesh","12":"product_tag-izleti-z-ladjo-sahl-hasheesh","13":"product_tag-kaj-poceti-z-dojencki-iz-sahl-hasheesha","14":"product_tag-najem-colna-sahl-hasheesh","15":"product_tag-oranzni-zaliv-otok-sahl-hasheesh","16":"product_tag-paradise-island-sahl-hasheesh-sl","17":"product_tag-piratski-coln-sahl-hasheesh","18":"product_tag-plavanje-z-delfini-sahl-hasheesh","19":"product_tag-potapljanje-sahl-hasheesh","20":"product_tag-romanticne-dejavnosti-za-pare-v-sahl-hasheeshu","21":"product_tag-romanticne-stvari-za-poceti-v-sahl-hasheeshu","22":"product_tag-sahl-hasheesh-carterji-za-colne","23":"product_tag-sahl-hasheesh-dnevni-izleti","24":"product_tag-sahl-hasheesh-dnevni-izleti-sl","25":"product_tag-sahl-hasheesh-kaj-poceti","26":"product_tag-sahl-hasheesh-romanticni-izleti","27":"product_tag-sahl-hasheesh-zasebni-izlet-z-ladjo","28":"product_tag-stvari-za-ogled-v-mestu-sahl-hasheesh","29":"product_tag-zasebni-coln-sahl-hasheesh","30":"tour_category-izleti-s-potapljanjem-sahl-hasheesh","31":"tour_category-sahl-hasheesh-izleti","33":"first","34":"instock","35":"sale","36":"shipping-taxable","37":"purchasable","38":"product-type-tour"},"yoast_head":"<!-- This site is optimized with the Yoast SEO Premium plugin v26.9 (Yoast SEO v27.2) - https:\/\/yoast.com\/product\/yoast-seo-premium-wordpress\/ -->\n<title>Najem hitrega \u010dolna Sahl Hasheesh do Orange bay &amp; Paradise Island<\/title>\n<meta name=\"description\" content=\"Najem hitrega \u010dolna Sahl Hasheesh v Orange bay &amp; Paradise Island | Zasebni luksuzni hitri \u010dolni z vstopnicami, potapljanjem in prevozom.\" \/>\n<meta name=\"robots\" content=\"index, follow, max-snippet:-1, max-image-preview:large, max-video-preview:-1\" \/>\n<link rel=\"canonical\" href=\"https:\/\/hurghadalovers.com\/sl\/tours\/sahl-hasheesh-speedboat-rental-to-orange-bay-paradise-island\/\" \/>\n<meta property=\"og:locale\" content=\"sl_SI\" \/>\n<meta property=\"og:type\" content=\"article\" \/>\n<meta property=\"og:title\" content=\"Najem hitrega \u010dolna Sahl Hasheesh do Orange bay &amp; Paradise Island\" \/>\n<meta property=\"og:description\" content=\"Najem hitrega \u010dolna Sahl Hasheesh v Orange bay &amp; Paradise Island | Zasebni luksuzni hitri \u010dolni z vstopnicami, potapljanjem in prevozom.\" \/>\n<meta property=\"og:url\" content=\"https:\/\/hurghadalovers.com\/sl\/tours\/sahl-hasheesh-speedboat-rental-to-orange-bay-paradise-island\/\" \/>\n<meta property=\"og:site_name\" content=\"Hurghada Excursions &amp; Day Trips | Booking Best Prices Tours\" \/>\n<meta property=\"article:publisher\" content=\"https:\/\/www.facebook.com\/Hurghadaloversegypt\" \/>\n<meta property=\"article:modified_time\" content=\"2026-02-10T02:40:36+00:00\" \/>\n<meta property=\"og:image\" content=\"https:\/\/hurghadalovers.com\/wp-content\/uploads\/2023\/08\/Sahl-Hasheesh-Speedboat-Rental-to-Orange-bay-Paradise-Island.jpeg\" \/>\n\t<meta property=\"og:image:width\" content=\"1156\" \/>\n\t<meta property=\"og:image:height\" content=\"867\" \/>\n\t<meta property=\"og:image:type\" content=\"image\/jpeg\" \/>\n<meta name=\"twitter:card\" content=\"summary_large_image\" \/>\n<meta name=\"twitter:label1\" content=\"Price\" \/>\n\t<meta name=\"twitter:data1\" content=\"&euro;&nbsp;240\" \/>\n\t<meta name=\"twitter:label2\" content=\"Availability\" \/>\n\t<meta name=\"twitter:data2\" content=\"In stock\" \/>\n<script type=\"application\/ld+json\" class=\"yoast-schema-graph\">{\"@context\":\"https:\/\/schema.org\",\"@graph\":[{\"@type\":[\"WebPage\",\"ItemPage\"],\"@id\":\"https:\/\/hurghadalovers.com\/sl\/tours\/sahl-hasheesh-speedboat-rental-to-orange-bay-paradise-island\/\",\"url\":\"https:\/\/hurghadalovers.com\/sl\/tours\/sahl-hasheesh-speedboat-rental-to-orange-bay-paradise-island\/\",\"name\":\"Najem hitrega \u010dolna Sahl Hasheesh do Orange bay & Paradise Island\",\"isPartOf\":{\"@id\":\"https:\/\/hurghadalovers.com\/sl\/#website\"},\"primaryImageOfPage\":{\"@id\":\"https:\/\/hurghadalovers.com\/sl\/tours\/sahl-hasheesh-speedboat-rental-to-orange-bay-paradise-island\/#primaryimage\"},\"image\":{\"@id\":\"https:\/\/hurghadalovers.com\/sl\/tours\/sahl-hasheesh-speedboat-rental-to-orange-bay-paradise-island\/#primaryimage\"},\"thumbnailUrl\":\"https:\/\/hurghadalovers.com\/wp-content\/uploads\/2023\/08\/Sahl-Hasheesh-Speedboat-Rental-to-Orange-bay-Paradise-Island.jpeg\",\"datePublished\":\"2023-08-31T19:20:47+00:00\",\"dateModified\":\"2026-02-10T02:40:36+00:00\",\"description\":\"Najem hitrega \u010dolna Sahl Hasheesh v Orange bay & Paradise Island | Zasebni luksuzni hitri \u010dolni z vstopnicami, potapljanjem in prevozom.\",\"breadcrumb\":{\"@id\":\"https:\/\/hurghadalovers.com\/sl\/tours\/sahl-hasheesh-speedboat-rental-to-orange-bay-paradise-island\/#breadcrumb\"},\"inLanguage\":\"sl-SI\",\"potentialAction\":[{\"@type\":\"ReadAction\",\"target\":[\"https:\/\/hurghadalovers.com\/sl\/tours\/sahl-hasheesh-speedboat-rental-to-orange-bay-paradise-island\/\"]}]},{\"@type\":\"ImageObject\",\"inLanguage\":\"sl-SI\",\"@id\":\"https:\/\/hurghadalovers.com\/sl\/tours\/sahl-hasheesh-speedboat-rental-to-orange-bay-paradise-island\/#primaryimage\",\"url\":\"https:\/\/hurghadalovers.com\/wp-content\/uploads\/2023\/08\/Sahl-Hasheesh-Speedboat-Rental-to-Orange-bay-Paradise-Island.jpeg\",\"contentUrl\":\"https:\/\/hurghadalovers.com\/wp-content\/uploads\/2023\/08\/Sahl-Hasheesh-Speedboat-Rental-to-Orange-bay-Paradise-Island.jpeg\",\"width\":1156,\"height\":867,\"caption\":\"Najem hitrega \u010dolna Sahl Hasheesh v Orange bay &amp; Paradise Island | Zasebni luksuzni hitri \u010dolni z vstopnicami, potapljanjem in prevozom.\"},{\"@type\":\"BreadcrumbList\",\"@id\":\"https:\/\/hurghadalovers.com\/sl\/tours\/sahl-hasheesh-speedboat-rental-to-orange-bay-paradise-island\/#breadcrumb\",\"itemListElement\":[{\"@type\":\"ListItem\",\"position\":1,\"name\":\"Home\",\"item\":\"https:\/\/hurghadalovers.com\/sl\/\"},{\"@type\":\"ListItem\",\"position\":2,\"name\":\"Shop\",\"item\":\"https:\/\/hurghadalovers.com\/shop\/\"},{\"@type\":\"ListItem\",\"position\":3,\"name\":\"Najem hitrega \u010dolna Sahl Hasheesh do Orange bay &amp; Paradise Island\"}]},{\"@type\":\"WebSite\",\"@id\":\"https:\/\/hurghadalovers.com\/sl\/#website\",\"url\":\"https:\/\/hurghadalovers.com\/sl\/\",\"name\":\"Hurghada Excursions & Day Trips | Booking Best Prices Tours\",\"description\":\"Hurghada Lovers - Best Tour Operator - Excursions &amp; Things to do for Family Day Trips with kids and Couples Romantic. Unique .Hidden gems\",\"publisher\":{\"@id\":\"https:\/\/hurghadalovers.com\/sl\/#organization\"},\"alternateName\":\"Hurghada Excursions\",\"potentialAction\":[{\"@type\":\"SearchAction\",\"target\":{\"@type\":\"EntryPoint\",\"urlTemplate\":\"https:\/\/hurghadalovers.com\/sl\/?s={search_term_string}\"},\"query-input\":{\"@type\":\"PropertyValueSpecification\",\"valueRequired\":true,\"valueName\":\"search_term_string\"}}],\"inLanguage\":\"sl-SI\"},{\"@type\":[\"Organization\",\"Place\",\"TravelAgency\"],\"@id\":\"https:\/\/hurghadalovers.com\/sl\/#organization\",\"name\":\"Hurghada Excursions\",\"url\":\"https:\/\/hurghadalovers.com\/sl\/\",\"logo\":{\"@id\":\"https:\/\/hurghadalovers.com\/sl\/tours\/sahl-hasheesh-speedboat-rental-to-orange-bay-paradise-island\/#local-main-organization-logo\"},\"image\":{\"@id\":\"https:\/\/hurghadalovers.com\/sl\/tours\/sahl-hasheesh-speedboat-rental-to-orange-bay-paradise-island\/#local-main-organization-logo\"},\"sameAs\":[\"https:\/\/www.facebook.com\/Hurghadaloversegypt\"],\"address\":{\"@id\":\"https:\/\/hurghadalovers.com\/sl\/tours\/sahl-hasheesh-speedboat-rental-to-orange-bay-paradise-island\/#local-main-place-address\"},\"telephone\":[\"00201112596434\"],\"contactPoint\":{\"@type\":\"ContactPoint\",\"telephone\":\"00201112596434\",\"email\":\"weyouface@gmail.com\"},\"openingHoursSpecification\":{\"@type\":\"OpeningHoursSpecification\",\"dayOfWeek\":[\"Monday\",\"Tuesday\",\"Wednesday\",\"Thursday\",\"Friday\",\"Saturday\",\"Sunday\"],\"opens\":\"00:00\",\"closes\":\"23:59\"},\"email\":\"weyouface@gmail.com\",\"areaServed\":\"Luxor, Hurghada, El Gouna, Aswan, Sharm El Sheikh, Giza, Alexandria, Marsa Alam, Quseir, Soma Bay, Sahl Hasheesh, Red Sea, Makadi Bay, Cairo\",\"priceRange\":\"$\",\"currenciesAccepted\":\"euro\",\"paymentAccepted\":\"cash on site\"},{\"@type\":\"PostalAddress\",\"@id\":\"https:\/\/hurghadalovers.com\/sl\/tours\/sahl-hasheesh-speedboat-rental-to-orange-bay-paradise-island\/#local-main-place-address\",\"streetAddress\":\"17 Banks street, Alkawther area, top nbk bank\",\"addressLocality\":\"hurghada\",\"postalCode\":\"84511\",\"addressRegion\":\"red sea\",\"addressCountry\":\"EG\"},{\"@type\":\"ImageObject\",\"inLanguage\":\"sl-SI\",\"@id\":\"https:\/\/hurghadalovers.com\/sl\/tours\/sahl-hasheesh-speedboat-rental-to-orange-bay-paradise-island\/#local-main-organization-logo\",\"url\":\"https:\/\/hurghadalovers.com\/wp-content\/uploads\/2019\/10\/hurghada-excursions-logo.png\",\"contentUrl\":\"https:\/\/hurghadalovers.com\/wp-content\/uploads\/2019\/10\/hurghada-excursions-logo.png\",\"width\":272,\"height\":90,\"caption\":\"Hurghada Excursions\"}]}<\/script>\n<meta property=\"product:brand\" content=\"Potapljanje z masko na Sahl Hasheesh\" \/>\n<meta property=\"product:price:amount\" content=\"240\" \/>\n<meta property=\"product:price:currency\" content=\"EUR\" \/>\n<meta property=\"og:availability\" content=\"instock\" \/>\n<meta property=\"product:availability\" content=\"instock\" \/>\n<meta property=\"product:retailer_item_id\" content=\"Sahl432024\" \/>\n<meta property=\"product:condition\" content=\"new\" \/>\n<meta name=\"geo.placename\" content=\"hurghada\" \/>\n<meta name=\"geo.region\" content=\"Egypt\" \/>\n<!-- \/ Yoast SEO Premium plugin. -->","yoast_head_json":{"title":"Najem hitrega \u010dolna Sahl Hasheesh do Orange bay & Paradise Island","description":"Najem hitrega \u010dolna Sahl Hasheesh v Orange bay & Paradise Island | Zasebni luksuzni hitri \u010dolni z vstopnicami, potapljanjem in prevozom.","robots":{"index":"index","follow":"follow","max-snippet":"max-snippet:-1","max-image-preview":"max-image-preview:large","max-video-preview":"max-video-preview:-1"},"canonical":"https:\/\/hurghadalovers.com\/sl\/tours\/sahl-hasheesh-speedboat-rental-to-orange-bay-paradise-island\/","og_locale":"sl_SI","og_type":"article","og_title":"Najem hitrega \u010dolna Sahl Hasheesh do Orange bay &amp; Paradise Island","og_description":"Najem hitrega \u010dolna Sahl Hasheesh v Orange bay & Paradise Island | Zasebni luksuzni hitri \u010dolni z vstopnicami, potapljanjem in prevozom.","og_url":"https:\/\/hurghadalovers.com\/sl\/tours\/sahl-hasheesh-speedboat-rental-to-orange-bay-paradise-island\/","og_site_name":"Hurghada Excursions &amp; Day Trips | Booking Best Prices Tours","article_publisher":"https:\/\/www.facebook.com\/Hurghadaloversegypt","article_modified_time":"2026-02-10T02:40:36+00:00","og_image":[{"width":1156,"height":867,"url":"https:\/\/hurghadalovers.com\/wp-content\/uploads\/2023\/08\/Sahl-Hasheesh-Speedboat-Rental-to-Orange-bay-Paradise-Island.jpeg","type":"image\/jpeg"}],"twitter_card":"summary_large_image","twitter_misc":{"Price":"&euro;&nbsp;240","Availability":"In stock"},"schema":{"@context":"https:\/\/schema.org","@graph":[{"@type":["WebPage","ItemPage"],"@id":"https:\/\/hurghadalovers.com\/sl\/tours\/sahl-hasheesh-speedboat-rental-to-orange-bay-paradise-island\/","url":"https:\/\/hurghadalovers.com\/sl\/tours\/sahl-hasheesh-speedboat-rental-to-orange-bay-paradise-island\/","name":"Najem hitrega \u010dolna Sahl Hasheesh do Orange bay & Paradise Island","isPartOf":{"@id":"https:\/\/hurghadalovers.com\/sl\/#website"},"primaryImageOfPage":{"@id":"https:\/\/hurghadalovers.com\/sl\/tours\/sahl-hasheesh-speedboat-rental-to-orange-bay-paradise-island\/#primaryimage"},"image":{"@id":"https:\/\/hurghadalovers.com\/sl\/tours\/sahl-hasheesh-speedboat-rental-to-orange-bay-paradise-island\/#primaryimage"},"thumbnailUrl":"https:\/\/hurghadalovers.com\/wp-content\/uploads\/2023\/08\/Sahl-Hasheesh-Speedboat-Rental-to-Orange-bay-Paradise-Island.jpeg","datePublished":"2023-08-31T19:20:47+00:00","dateModified":"2026-02-10T02:40:36+00:00","description":"Najem hitrega \u010dolna Sahl Hasheesh v Orange bay & Paradise Island | Zasebni luksuzni hitri \u010dolni z vstopnicami, potapljanjem in prevozom.","breadcrumb":{"@id":"https:\/\/hurghadalovers.com\/sl\/tours\/sahl-hasheesh-speedboat-rental-to-orange-bay-paradise-island\/#breadcrumb"},"inLanguage":"sl-SI","potentialAction":[{"@type":"ReadAction","target":["https:\/\/hurghadalovers.com\/sl\/tours\/sahl-hasheesh-speedboat-rental-to-orange-bay-paradise-island\/"]}]},{"@type":"ImageObject","inLanguage":"sl-SI","@id":"https:\/\/hurghadalovers.com\/sl\/tours\/sahl-hasheesh-speedboat-rental-to-orange-bay-paradise-island\/#primaryimage","url":"https:\/\/hurghadalovers.com\/wp-content\/uploads\/2023\/08\/Sahl-Hasheesh-Speedboat-Rental-to-Orange-bay-Paradise-Island.jpeg","contentUrl":"https:\/\/hurghadalovers.com\/wp-content\/uploads\/2023\/08\/Sahl-Hasheesh-Speedboat-Rental-to-Orange-bay-Paradise-Island.jpeg","width":1156,"height":867,"caption":"Najem hitrega \u010dolna Sahl Hasheesh v Orange bay &amp; Paradise Island | Zasebni luksuzni hitri \u010dolni z vstopnicami, potapljanjem in prevozom."},{"@type":"BreadcrumbList","@id":"https:\/\/hurghadalovers.com\/sl\/tours\/sahl-hasheesh-speedboat-rental-to-orange-bay-paradise-island\/#breadcrumb","itemListElement":[{"@type":"ListItem","position":1,"name":"Home","item":"https:\/\/hurghadalovers.com\/sl\/"},{"@type":"ListItem","position":2,"name":"Shop","item":"https:\/\/hurghadalovers.com\/shop\/"},{"@type":"ListItem","position":3,"name":"Najem hitrega \u010dolna Sahl Hasheesh do Orange bay &amp; Paradise Island"}]},{"@type":"WebSite","@id":"https:\/\/hurghadalovers.com\/sl\/#website","url":"https:\/\/hurghadalovers.com\/sl\/","name":"Hurghada Excursions & Day Trips | Booking Best Prices Tours","description":"Hurghada Lovers - Best Tour Operator - Excursions &amp; Things to do for Family Day Trips with kids and Couples Romantic. Unique .Hidden gems","publisher":{"@id":"https:\/\/hurghadalovers.com\/sl\/#organization"},"alternateName":"Hurghada Excursions","potentialAction":[{"@type":"SearchAction","target":{"@type":"EntryPoint","urlTemplate":"https:\/\/hurghadalovers.com\/sl\/?s={search_term_string}"},"query-input":{"@type":"PropertyValueSpecification","valueRequired":true,"valueName":"search_term_string"}}],"inLanguage":"sl-SI"},{"@type":["Organization","Place","TravelAgency"],"@id":"https:\/\/hurghadalovers.com\/sl\/#organization","name":"Hurghada Excursions","url":"https:\/\/hurghadalovers.com\/sl\/","logo":{"@id":"https:\/\/hurghadalovers.com\/sl\/tours\/sahl-hasheesh-speedboat-rental-to-orange-bay-paradise-island\/#local-main-organization-logo"},"image":{"@id":"https:\/\/hurghadalovers.com\/sl\/tours\/sahl-hasheesh-speedboat-rental-to-orange-bay-paradise-island\/#local-main-organization-logo"},"sameAs":["https:\/\/www.facebook.com\/Hurghadaloversegypt"],"address":{"@id":"https:\/\/hurghadalovers.com\/sl\/tours\/sahl-hasheesh-speedboat-rental-to-orange-bay-paradise-island\/#local-main-place-address"},"telephone":["00201112596434"],"contactPoint":{"@type":"ContactPoint","telephone":"00201112596434","email":"weyouface@gmail.com"},"openingHoursSpecification":{"@type":"OpeningHoursSpecification","dayOfWeek":["Monday","Tuesday","Wednesday","Thursday","Friday","Saturday","Sunday"],"opens":"00:00","closes":"23:59"},"email":"weyouface@gmail.com","areaServed":"Luxor, Hurghada, El Gouna, Aswan, Sharm El Sheikh, Giza, Alexandria, Marsa Alam, Quseir, Soma Bay, Sahl Hasheesh, Red Sea, Makadi Bay, Cairo","priceRange":"$","currenciesAccepted":"euro","paymentAccepted":"cash on site"},{"@type":"PostalAddress","@id":"https:\/\/hurghadalovers.com\/sl\/tours\/sahl-hasheesh-speedboat-rental-to-orange-bay-paradise-island\/#local-main-place-address","streetAddress":"17 Banks street, Alkawther area, top nbk bank","addressLocality":"hurghada","postalCode":"84511","addressRegion":"red sea","addressCountry":"EG"},{"@type":"ImageObject","inLanguage":"sl-SI","@id":"https:\/\/hurghadalovers.com\/sl\/tours\/sahl-hasheesh-speedboat-rental-to-orange-bay-paradise-island\/#local-main-organization-logo","url":"https:\/\/hurghadalovers.com\/wp-content\/uploads\/2019\/10\/hurghada-excursions-logo.png","contentUrl":"https:\/\/hurghadalovers.com\/wp-content\/uploads\/2019\/10\/hurghada-excursions-logo.png","width":272,"height":90,"caption":"Hurghada Excursions"}]},"product_brand":"Potapljanje z masko na Sahl Hasheesh","product_price_amount":"240","product_price_currency":"EUR","og_availability":"instock","product_availability":"instock","product_retailer_item_id":"Sahl432024","product_condition":"new","geo.placename":"hurghada","geo.region":"Egypt"},"_links":{"self":[{"href":"https:\/\/hurghadalovers.com\/sl\/wp-json\/wp\/v2\/product\/391729","targetHints":{"allow":["GET"]}}],"collection":[{"href":"https:\/\/hurghadalovers.com\/sl\/wp-json\/wp\/v2\/product"}],"about":[{"href":"https:\/\/hurghadalovers.com\/sl\/wp-json\/wp\/v2\/types\/product"}],"wp:featuredmedia":[{"embeddable":true,"href":"https:\/\/hurghadalovers.com\/sl\/wp-json\/wp\/v2\/media\/391528"}],"wp:attachment":[{"href":"https:\/\/hurghadalovers.com\/sl\/wp-json\/wp\/v2\/media?parent=391729"}],"wp:term":[{"taxonomy":"product_brand","embeddable":true,"href":"https:\/\/hurghadalovers.com\/sl\/wp-json\/wp\/v2\/product_brand?post=391729"},{"taxonomy":"product_cat","embeddable":true,"href":"https:\/\/hurghadalovers.com\/sl\/wp-json\/wp\/v2\/product_cat?post=391729"},{"taxonomy":"product_tag","embeddable":true,"href":"https:\/\/hurghadalovers.com\/sl\/wp-json\/wp\/v2\/product_tag?post=391729"}],"curies":[{"name":"wp","href":"https:\/\/api.w.org\/{rel}","templated":true}]}}