{"id":391012,"date":"2023-08-31T14:38:42","date_gmt":"2023-08-31T14:42:23","guid":{"rendered":"https:\/\/hurghadalovers.com\/shop\/nekategorizirano\/zasebni-izleti-iz-sahl-hasheesha-v-luksor-in-asuan-3-dni\/"},"modified":"2026-02-08T06:07:46","modified_gmt":"2026-02-08T06:07:46","slug":"zasebni-izleti-za-sahl-hasheesh-to-luxor-aswan-3-dnevi","status":"publish","type":"product","link":"https:\/\/hurghadalovers.com\/sl\/tours\/zasebni-izleti-za-sahl-hasheesh-to-luxor-aswan-3-dnevi\/","title":{"rendered":"Zasebni izleti iz Sahl Hasheesha v Luksor in Asuan &#8211; 3 dni"},"content":{"rendered":"<p><strong>Zasebni <\/strong> <strong>izleti<\/strong><strong>Sahl Hasheesh<\/strong> <strong>v Luksor<\/strong> in Asuan &#8211; 3 dni z zasebnim vodnikom, vstopnicami in kosilom.<\/p>\n<p>Posebno 3-dnevno potovanje za vse ljubitelje starodavne civilizacije Egipta, na katerem boste odkrili nova dejstva in skrivnosti o faraonskih kraljih ter obiskali najpomembnej\u0161e templje in kraljeve grobnice v Luksorju in Asuanu ter \u0161e ve\u010d.<\/p>\n<p>&nbsp;<\/p>\n<p><strong>Poudarki:<\/strong><\/p>\n<ul>\n<li>Tempelj Karnak.<\/li>\n<li>Memnonovi kolosi.<\/li>\n<li>Hatshepsutin mrtva\u0161ki tempelj.<\/li>\n<li>3 grobnice v Dolini kraljev .<\/li>\n<li>Tempeljski kompleks Philae.<\/li>\n<li>Nedokon\u010dani obelisk.<\/li>\n<li>Tempelj Edfu.<\/li>\n<li>Tempelj Kom Ombo.<\/li>\n<li>Visoki jez.<\/li>\n<li>Templji Abu Simbel.<\/li>\n<li>Kosilo v restavraciji &#8220;Na voljo je vegetarijanska hrana&#8221;.<\/li>\n<\/ul>\n<p><strong>Zasebno <\/strong><strong>Sahl Hasheesh<\/strong> <strong>Izleti v Luksor in Asuan Podrobnosti:<\/strong><\/p>\n<ul>\n<li>Razpolo\u017eljivost ture: Vsak dan.<\/li>\n<li>Vrsta ture: Zasebno z avtomobilom ali minivanom.<\/li>\n<li>\u010cas prevzema: Za\u010detek od 05:30 A.M.<\/li>\n<li>Pro\u0161nja Hotel dobite vre\u010dko za zajtrk z vami zjutraj.<\/li>\n<li>\u010cas odhoda: 19:00.<\/li>\n<li>Dostopno za invalidske vozi\u010dke.<\/li>\n<li>Trajanje: 3 dni \/ 2 no\u010di.<\/li>\n<\/ul>\n<p><strong>Rezervirajte zdaj in pla\u010dajte pozneje:<\/strong><\/p>\n<ul>\n<li>Denar na kraju samem za vodenje.<\/li>\n<li>Pla\u010dilo z egiptovskimi funti, $, \u20ac ali \u00a3.<\/li>\n<\/ul>\n<p><strong>Pravila odpovedi:<\/strong><\/p>\n<ul>\n<li>prekli\u010dete do 24 ur vnaprej.<\/li>\n<li>Ko kdo iz va\u0161e dru\u017eine prekli\u010de jutro, pla\u010da 50 % stro\u0161kov.<\/li>\n<\/ul>\n<p><strong>Kaj je vklju\u010deno?<\/strong><\/p>\n<ul>\n<li>Transfer iz hotelov Sahl Hasheesh &#8220;Hotel pick up and drop off&#8221;.<\/li>\n<li>Vsi davki, vstopnine in manipulativni stro\u0161ki.<\/li>\n<li>Prenosi.<\/li>\n<li>Turisti\u010dni vodnik.<\/li>\n<li>2 no\u010di v hotelu z zajtrkom.<\/li>\n<li>Pija\u010de.<\/li>\n<li>3 \u010cas kosila v restavraciji.<\/li>\n<\/ul>\n<p><strong>Izklju\u010ditve?<\/strong><\/p>\n<ul>\n<li>Dajanje napitnine.<\/li>\n<li>Izlet s feluko &#8220;Kri\u017earjenje z ladjo&#8221; Za 35 min= 10$.<\/li>\n<li>Dodatki, ki niso bili omenjeni.<\/li>\n<\/ul>\n<p><strong>lahko dodate prvi dan ali se sprostite v hotelu:<\/strong><\/p>\n<ul>\n<li>Zasebna 30-minutna vo\u017enja s feluko po reki Nil.<\/li>\n<li>Muzej mumifikacije.<\/li>\n<\/ul>\n<p><strong>lahko dodate drugi dan:<\/strong><\/p>\n<ul>\n<li>Kraljica Nefertiti v Dolini kraljic.<\/li>\n<li>Nakupovanje.<\/li>\n<li>ALI obisk templja Dendera<\/li>\n<li>Vo\u017enja z baloni na vro\u010d zrak.<\/li>\n<\/ul>\n<p><strong>Cene:<\/strong><\/p>\n<ul>\n<li><strong>Cena za odrasle = od 520 $ na osebo<\/strong>.<\/li>\n<li>Cena za otroke &#8220;5-12\u2033= 50%.<\/li>\n<li>za otroke &#8220;0-5\u2033= brezpla\u010dno.<\/li>\n<\/ul>\n<p><strong>Mnenja:<\/strong><\/p>\n<p>preverite na\u0161e Google Map Reviews kot Best <a href=\"https:\/\/g.page\/r\/CUeYvkngP3wkEBM\/review\">Tour Operator v Hurgadi na<\/a> spletu v <a href=\"https:\/\/hurghadalovers.com\/\">Hurgadi<\/a> Egipt.<\/p>\n<p>&nbsp;<\/p>\n<p><strong>Rezervacije:<\/strong><\/p>\n<p>Po\u0161ljite hotel + \u0160tevilka sobe + Foto potni listi na WhatsApp: <strong>+201112596434<\/strong><\/p>\n<p>\u010ce ste iz Egipta Rezervacija zdaj na spletu in potrdite ob prihodu Hotel.<\/p>\n<p>&nbsp;<\/p>\n<p>&nbsp;<\/p>\n","protected":false},"excerpt":{"rendered":"<p><strong>Zasebni <\/strong> <strong>izleti<\/strong><strong>Sahl Hasheesh<\/strong> <strong>v Luksor<\/strong> in Asuan &#8211; 3 dni z zasebnim vodnikom, vstopnicami in kosilom. Posebna 3-dnevna tura za vse ljubitelje starodavne civilizacije Egipta<\/p>\n","protected":false},"featured_media":390887,"template":"","meta":{"_joinchat":[]},"product_brand":[],"product_cat":[36671],"product_tag":[52567,52611,52592,52584,52529,52587,51020,52598,52563,52557,52595,52556,52561,52604,52589,52601,52565,52607],"class_list":{"0":"post-391012","1":"product","2":"type-product","3":"status-publish","4":"has-post-thumbnail","6":"product_cat-izleti","7":"product_tag-aktivnosti-za-najstnike-iz-sahl-hasheesha","8":"product_tag-balon-na-vroc-zrak-sahl-hasheesh","9":"product_tag-celodnevni-izlet-v-luksor-iz-sahl-hasheesha","10":"product_tag-dnevni-izlet-iz-sahl-hasheesha-v-luksor","11":"product_tag-druzinske-stvari-za-poceti-iz-sahl-hasheesha","12":"product_tag-izlet-v-luksor-iz-sahl-hasheesha","13":"product_tag-luxor-zasebni-izleti","14":"product_tag-ogled-luksorja-iz-sahl-hasheesha","15":"product_tag-romanticne-stvari-za-poceti-v-sahl-hasheeshu","16":"product_tag-sahl-hasheesh-dnevni-izleti-sl","17":"product_tag-sahl-hasheesh-izleti-v-luxor","18":"product_tag-sahl-hasheesh-kaj-poceti","19":"product_tag-sahl-hasheesh-romanticni-izleti","20":"product_tag-sahl-hasheesh-v-dolino-kraljev","21":"product_tag-sahl-hasheesh-v-luksor-avtobus","22":"product_tag-transfer-iz-luxorja-v-sahl-hasheesh","23":"product_tag-zabavne-druzinske-dejavnosti-iz-sahl-hasheesha","24":"product_tag-zasebni-ogled-luksorja-iz-sahl-hasheesha","25":"tour_category-sahl-hasheesh-v-luxor-tours","26":"tour_category-sahl-hasheesh-izleti","28":"first","29":"instock","30":"sale","31":"shipping-taxable","32":"purchasable","33":"product-type-tour"},"yoast_head":"<!-- This site is optimized with the Yoast SEO Premium plugin v26.9 (Yoast SEO v27.2) - https:\/\/yoast.com\/product\/yoast-seo-premium-wordpress\/ -->\n<title>Zasebni izleti iz Sahl Hasheesha v Luksor in Asuan - 3 dni<\/title>\n<meta name=\"description\" content=\"Zasebni izleti Sahl Hasheesh v Luksor in Asuan - 3 dni z zasebnim vodnikom, vstopnicami in kosilom. Posebna tridnevna tura za vse ljubitelje anti\u010dne civilizacije\" \/>\n<meta name=\"robots\" content=\"index, follow, max-snippet:-1, max-image-preview:large, max-video-preview:-1\" \/>\n<link rel=\"canonical\" href=\"https:\/\/hurghadalovers.com\/sl\/tours\/zasebni-izleti-za-sahl-hasheesh-to-luxor-aswan-3-dnevi\/\" \/>\n<meta property=\"og:locale\" content=\"sl_SI\" \/>\n<meta property=\"og:type\" content=\"article\" \/>\n<meta property=\"og:title\" content=\"Zasebni izleti iz Sahl Hasheesha v Luksor in Asuan - 3 dni\" \/>\n<meta property=\"og:description\" content=\"Zasebni izleti Sahl Hasheesh v Luksor in Asuan - 3 dni z zasebnim vodnikom, vstopnicami in kosilom. Posebna tridnevna tura za vse ljubitelje anti\u010dne civilizacije\" \/>\n<meta property=\"og:url\" content=\"https:\/\/hurghadalovers.com\/sl\/tours\/zasebni-izleti-za-sahl-hasheesh-to-luxor-aswan-3-dnevi\/\" \/>\n<meta property=\"og:site_name\" content=\"Hurghada Excursions &amp; Day Trips | Booking Best Prices Tours\" \/>\n<meta property=\"article:publisher\" content=\"https:\/\/www.facebook.com\/Hurghadaloversegypt\" \/>\n<meta property=\"article:modified_time\" content=\"2026-02-08T06:07:46+00:00\" \/>\n<meta property=\"og:image\" content=\"https:\/\/hurghadalovers.com\/wp-content\/uploads\/2023\/08\/Private-Sahl-Hasheesh-Tours-to-Luxor-Aswan-\u2013-3-Days.jpeg\" \/>\n\t<meta property=\"og:image:width\" content=\"1536\" \/>\n\t<meta property=\"og:image:height\" content=\"850\" \/>\n\t<meta property=\"og:image:type\" content=\"image\/jpeg\" \/>\n<meta name=\"twitter:card\" content=\"summary_large_image\" \/>\n<meta name=\"twitter:label1\" content=\"Price\" \/>\n\t<meta name=\"twitter:data1\" content=\"&euro;&nbsp;520\" \/>\n\t<meta name=\"twitter:label2\" content=\"Availability\" \/>\n\t<meta name=\"twitter:data2\" content=\"In stock\" \/>\n<script type=\"application\/ld+json\" class=\"yoast-schema-graph\">{\"@context\":\"https:\/\/schema.org\",\"@graph\":[{\"@type\":[\"WebPage\",\"ItemPage\"],\"@id\":\"https:\/\/hurghadalovers.com\/sl\/tours\/zasebni-izleti-za-sahl-hasheesh-to-luxor-aswan-3-dnevi\/\",\"url\":\"https:\/\/hurghadalovers.com\/sl\/tours\/zasebni-izleti-za-sahl-hasheesh-to-luxor-aswan-3-dnevi\/\",\"name\":\"Zasebni izleti iz Sahl Hasheesha v Luksor in Asuan - 3 dni\",\"isPartOf\":{\"@id\":\"https:\/\/hurghadalovers.com\/sl\/#website\"},\"primaryImageOfPage\":{\"@id\":\"https:\/\/hurghadalovers.com\/sl\/tours\/zasebni-izleti-za-sahl-hasheesh-to-luxor-aswan-3-dnevi\/#primaryimage\"},\"image\":{\"@id\":\"https:\/\/hurghadalovers.com\/sl\/tours\/zasebni-izleti-za-sahl-hasheesh-to-luxor-aswan-3-dnevi\/#primaryimage\"},\"thumbnailUrl\":\"https:\/\/hurghadalovers.com\/wp-content\/uploads\/2023\/08\/Private-Sahl-Hasheesh-Tours-to-Luxor-Aswan-\u2013-3-Days.jpeg\",\"datePublished\":\"2023-08-31T14:42:23+00:00\",\"dateModified\":\"2026-02-08T06:07:46+00:00\",\"description\":\"Zasebni izleti Sahl Hasheesh v Luksor in Asuan - 3 dni z zasebnim vodnikom, vstopnicami in kosilom. Posebna tridnevna tura za vse ljubitelje anti\u010dne civilizacije\",\"breadcrumb\":{\"@id\":\"https:\/\/hurghadalovers.com\/sl\/tours\/zasebni-izleti-za-sahl-hasheesh-to-luxor-aswan-3-dnevi\/#breadcrumb\"},\"inLanguage\":\"sl-SI\",\"potentialAction\":[{\"@type\":\"ReadAction\",\"target\":[\"https:\/\/hurghadalovers.com\/sl\/tours\/zasebni-izleti-za-sahl-hasheesh-to-luxor-aswan-3-dnevi\/\"]}]},{\"@type\":\"ImageObject\",\"inLanguage\":\"sl-SI\",\"@id\":\"https:\/\/hurghadalovers.com\/sl\/tours\/zasebni-izleti-za-sahl-hasheesh-to-luxor-aswan-3-dnevi\/#primaryimage\",\"url\":\"https:\/\/hurghadalovers.com\/wp-content\/uploads\/2023\/08\/Private-Sahl-Hasheesh-Tours-to-Luxor-Aswan-\u2013-3-Days.jpeg\",\"contentUrl\":\"https:\/\/hurghadalovers.com\/wp-content\/uploads\/2023\/08\/Private-Sahl-Hasheesh-Tours-to-Luxor-Aswan-\u2013-3-Days.jpeg\",\"width\":1536,\"height\":850,\"caption\":\"Zasebni izleti iz Sahl Hasheesha v Luksor in Asuan - 3 dni\"},{\"@type\":\"BreadcrumbList\",\"@id\":\"https:\/\/hurghadalovers.com\/sl\/tours\/zasebni-izleti-za-sahl-hasheesh-to-luxor-aswan-3-dnevi\/#breadcrumb\",\"itemListElement\":[{\"@type\":\"ListItem\",\"position\":1,\"name\":\"Home\",\"item\":\"https:\/\/hurghadalovers.com\/sl\/\"},{\"@type\":\"ListItem\",\"position\":2,\"name\":\"Shop\",\"item\":\"https:\/\/hurghadalovers.com\/shop\/\"},{\"@type\":\"ListItem\",\"position\":3,\"name\":\"Zasebni izleti iz Sahl Hasheesha v Luksor in Asuan &#8211; 3 dni\"}]},{\"@type\":\"WebSite\",\"@id\":\"https:\/\/hurghadalovers.com\/sl\/#website\",\"url\":\"https:\/\/hurghadalovers.com\/sl\/\",\"name\":\"Hurghada Excursions & Day Trips | Booking Best Prices Tours\",\"description\":\"Hurghada Lovers - Best Tour Operator - Excursions &amp; Things to do for Family Day Trips with kids and Couples Romantic. Unique .Hidden gems\",\"publisher\":{\"@id\":\"https:\/\/hurghadalovers.com\/sl\/#organization\"},\"alternateName\":\"Hurghada Excursions\",\"potentialAction\":[{\"@type\":\"SearchAction\",\"target\":{\"@type\":\"EntryPoint\",\"urlTemplate\":\"https:\/\/hurghadalovers.com\/sl\/?s={search_term_string}\"},\"query-input\":{\"@type\":\"PropertyValueSpecification\",\"valueRequired\":true,\"valueName\":\"search_term_string\"}}],\"inLanguage\":\"sl-SI\"},{\"@type\":[\"Organization\",\"Place\",\"TravelAgency\"],\"@id\":\"https:\/\/hurghadalovers.com\/sl\/#organization\",\"name\":\"Hurghada Excursions\",\"url\":\"https:\/\/hurghadalovers.com\/sl\/\",\"logo\":{\"@id\":\"https:\/\/hurghadalovers.com\/sl\/tours\/zasebni-izleti-za-sahl-hasheesh-to-luxor-aswan-3-dnevi\/#local-main-organization-logo\"},\"image\":{\"@id\":\"https:\/\/hurghadalovers.com\/sl\/tours\/zasebni-izleti-za-sahl-hasheesh-to-luxor-aswan-3-dnevi\/#local-main-organization-logo\"},\"sameAs\":[\"https:\/\/www.facebook.com\/Hurghadaloversegypt\"],\"address\":{\"@id\":\"https:\/\/hurghadalovers.com\/sl\/tours\/zasebni-izleti-za-sahl-hasheesh-to-luxor-aswan-3-dnevi\/#local-main-place-address\"},\"telephone\":[\"00201112596434\"],\"contactPoint\":{\"@type\":\"ContactPoint\",\"telephone\":\"00201112596434\",\"email\":\"weyouface@gmail.com\"},\"openingHoursSpecification\":{\"@type\":\"OpeningHoursSpecification\",\"dayOfWeek\":[\"Monday\",\"Tuesday\",\"Wednesday\",\"Thursday\",\"Friday\",\"Saturday\",\"Sunday\"],\"opens\":\"00:00\",\"closes\":\"23:59\"},\"email\":\"weyouface@gmail.com\",\"areaServed\":\"Luxor, Hurghada, El Gouna, Aswan, Sharm El Sheikh, Giza, Alexandria, Marsa Alam, Quseir, Soma Bay, Sahl Hasheesh, Red Sea, Makadi Bay, Cairo\",\"priceRange\":\"$\",\"currenciesAccepted\":\"euro\",\"paymentAccepted\":\"cash on site\"},{\"@type\":\"PostalAddress\",\"@id\":\"https:\/\/hurghadalovers.com\/sl\/tours\/zasebni-izleti-za-sahl-hasheesh-to-luxor-aswan-3-dnevi\/#local-main-place-address\",\"streetAddress\":\"17 Banks street, Alkawther area, top nbk bank\",\"addressLocality\":\"hurghada\",\"postalCode\":\"84511\",\"addressRegion\":\"red sea\",\"addressCountry\":\"EG\"},{\"@type\":\"ImageObject\",\"inLanguage\":\"sl-SI\",\"@id\":\"https:\/\/hurghadalovers.com\/sl\/tours\/zasebni-izleti-za-sahl-hasheesh-to-luxor-aswan-3-dnevi\/#local-main-organization-logo\",\"url\":\"https:\/\/hurghadalovers.com\/wp-content\/uploads\/2019\/10\/hurghada-excursions-logo.png\",\"contentUrl\":\"https:\/\/hurghadalovers.com\/wp-content\/uploads\/2019\/10\/hurghada-excursions-logo.png\",\"width\":272,\"height\":90,\"caption\":\"Hurghada Excursions\"}]}<\/script>\n<meta property=\"product:brand\" content=\"Izleti Luksorja iz Sahl Hasheesh\" \/>\n<meta property=\"product:price:amount\" content=\"520\" \/>\n<meta property=\"product:price:currency\" content=\"EUR\" \/>\n<meta property=\"og:availability\" content=\"instock\" \/>\n<meta property=\"product:availability\" content=\"instock\" \/>\n<meta property=\"product:retailer_item_id\" content=\"Sahl202024\" \/>\n<meta property=\"product:condition\" content=\"new\" \/>\n<meta name=\"geo.placename\" content=\"hurghada\" \/>\n<meta name=\"geo.region\" content=\"Egypt\" \/>\n<!-- \/ Yoast SEO Premium plugin. -->","yoast_head_json":{"title":"Zasebni izleti iz Sahl Hasheesha v Luksor in Asuan - 3 dni","description":"Zasebni izleti Sahl Hasheesh v Luksor in Asuan - 3 dni z zasebnim vodnikom, vstopnicami in kosilom. Posebna tridnevna tura za vse ljubitelje anti\u010dne civilizacije","robots":{"index":"index","follow":"follow","max-snippet":"max-snippet:-1","max-image-preview":"max-image-preview:large","max-video-preview":"max-video-preview:-1"},"canonical":"https:\/\/hurghadalovers.com\/sl\/tours\/zasebni-izleti-za-sahl-hasheesh-to-luxor-aswan-3-dnevi\/","og_locale":"sl_SI","og_type":"article","og_title":"Zasebni izleti iz Sahl Hasheesha v Luksor in Asuan - 3 dni","og_description":"Zasebni izleti Sahl Hasheesh v Luksor in Asuan - 3 dni z zasebnim vodnikom, vstopnicami in kosilom. Posebna tridnevna tura za vse ljubitelje anti\u010dne civilizacije","og_url":"https:\/\/hurghadalovers.com\/sl\/tours\/zasebni-izleti-za-sahl-hasheesh-to-luxor-aswan-3-dnevi\/","og_site_name":"Hurghada Excursions &amp; Day Trips | Booking Best Prices Tours","article_publisher":"https:\/\/www.facebook.com\/Hurghadaloversegypt","article_modified_time":"2026-02-08T06:07:46+00:00","og_image":[{"width":1536,"height":850,"url":"https:\/\/hurghadalovers.com\/wp-content\/uploads\/2023\/08\/Private-Sahl-Hasheesh-Tours-to-Luxor-Aswan-\u2013-3-Days.jpeg","type":"image\/jpeg"}],"twitter_card":"summary_large_image","twitter_misc":{"Price":"&euro;&nbsp;520","Availability":"In stock"},"schema":{"@context":"https:\/\/schema.org","@graph":[{"@type":["WebPage","ItemPage"],"@id":"https:\/\/hurghadalovers.com\/sl\/tours\/zasebni-izleti-za-sahl-hasheesh-to-luxor-aswan-3-dnevi\/","url":"https:\/\/hurghadalovers.com\/sl\/tours\/zasebni-izleti-za-sahl-hasheesh-to-luxor-aswan-3-dnevi\/","name":"Zasebni izleti iz Sahl Hasheesha v Luksor in Asuan - 3 dni","isPartOf":{"@id":"https:\/\/hurghadalovers.com\/sl\/#website"},"primaryImageOfPage":{"@id":"https:\/\/hurghadalovers.com\/sl\/tours\/zasebni-izleti-za-sahl-hasheesh-to-luxor-aswan-3-dnevi\/#primaryimage"},"image":{"@id":"https:\/\/hurghadalovers.com\/sl\/tours\/zasebni-izleti-za-sahl-hasheesh-to-luxor-aswan-3-dnevi\/#primaryimage"},"thumbnailUrl":"https:\/\/hurghadalovers.com\/wp-content\/uploads\/2023\/08\/Private-Sahl-Hasheesh-Tours-to-Luxor-Aswan-\u2013-3-Days.jpeg","datePublished":"2023-08-31T14:42:23+00:00","dateModified":"2026-02-08T06:07:46+00:00","description":"Zasebni izleti Sahl Hasheesh v Luksor in Asuan - 3 dni z zasebnim vodnikom, vstopnicami in kosilom. Posebna tridnevna tura za vse ljubitelje anti\u010dne civilizacije","breadcrumb":{"@id":"https:\/\/hurghadalovers.com\/sl\/tours\/zasebni-izleti-za-sahl-hasheesh-to-luxor-aswan-3-dnevi\/#breadcrumb"},"inLanguage":"sl-SI","potentialAction":[{"@type":"ReadAction","target":["https:\/\/hurghadalovers.com\/sl\/tours\/zasebni-izleti-za-sahl-hasheesh-to-luxor-aswan-3-dnevi\/"]}]},{"@type":"ImageObject","inLanguage":"sl-SI","@id":"https:\/\/hurghadalovers.com\/sl\/tours\/zasebni-izleti-za-sahl-hasheesh-to-luxor-aswan-3-dnevi\/#primaryimage","url":"https:\/\/hurghadalovers.com\/wp-content\/uploads\/2023\/08\/Private-Sahl-Hasheesh-Tours-to-Luxor-Aswan-\u2013-3-Days.jpeg","contentUrl":"https:\/\/hurghadalovers.com\/wp-content\/uploads\/2023\/08\/Private-Sahl-Hasheesh-Tours-to-Luxor-Aswan-\u2013-3-Days.jpeg","width":1536,"height":850,"caption":"Zasebni izleti iz Sahl Hasheesha v Luksor in Asuan - 3 dni"},{"@type":"BreadcrumbList","@id":"https:\/\/hurghadalovers.com\/sl\/tours\/zasebni-izleti-za-sahl-hasheesh-to-luxor-aswan-3-dnevi\/#breadcrumb","itemListElement":[{"@type":"ListItem","position":1,"name":"Home","item":"https:\/\/hurghadalovers.com\/sl\/"},{"@type":"ListItem","position":2,"name":"Shop","item":"https:\/\/hurghadalovers.com\/shop\/"},{"@type":"ListItem","position":3,"name":"Zasebni izleti iz Sahl Hasheesha v Luksor in Asuan &#8211; 3 dni"}]},{"@type":"WebSite","@id":"https:\/\/hurghadalovers.com\/sl\/#website","url":"https:\/\/hurghadalovers.com\/sl\/","name":"Hurghada Excursions & Day Trips | Booking Best Prices Tours","description":"Hurghada Lovers - Best Tour Operator - Excursions &amp; Things to do for Family Day Trips with kids and Couples Romantic. Unique .Hidden gems","publisher":{"@id":"https:\/\/hurghadalovers.com\/sl\/#organization"},"alternateName":"Hurghada Excursions","potentialAction":[{"@type":"SearchAction","target":{"@type":"EntryPoint","urlTemplate":"https:\/\/hurghadalovers.com\/sl\/?s={search_term_string}"},"query-input":{"@type":"PropertyValueSpecification","valueRequired":true,"valueName":"search_term_string"}}],"inLanguage":"sl-SI"},{"@type":["Organization","Place","TravelAgency"],"@id":"https:\/\/hurghadalovers.com\/sl\/#organization","name":"Hurghada Excursions","url":"https:\/\/hurghadalovers.com\/sl\/","logo":{"@id":"https:\/\/hurghadalovers.com\/sl\/tours\/zasebni-izleti-za-sahl-hasheesh-to-luxor-aswan-3-dnevi\/#local-main-organization-logo"},"image":{"@id":"https:\/\/hurghadalovers.com\/sl\/tours\/zasebni-izleti-za-sahl-hasheesh-to-luxor-aswan-3-dnevi\/#local-main-organization-logo"},"sameAs":["https:\/\/www.facebook.com\/Hurghadaloversegypt"],"address":{"@id":"https:\/\/hurghadalovers.com\/sl\/tours\/zasebni-izleti-za-sahl-hasheesh-to-luxor-aswan-3-dnevi\/#local-main-place-address"},"telephone":["00201112596434"],"contactPoint":{"@type":"ContactPoint","telephone":"00201112596434","email":"weyouface@gmail.com"},"openingHoursSpecification":{"@type":"OpeningHoursSpecification","dayOfWeek":["Monday","Tuesday","Wednesday","Thursday","Friday","Saturday","Sunday"],"opens":"00:00","closes":"23:59"},"email":"weyouface@gmail.com","areaServed":"Luxor, Hurghada, El Gouna, Aswan, Sharm El Sheikh, Giza, Alexandria, Marsa Alam, Quseir, Soma Bay, Sahl Hasheesh, Red Sea, Makadi Bay, Cairo","priceRange":"$","currenciesAccepted":"euro","paymentAccepted":"cash on site"},{"@type":"PostalAddress","@id":"https:\/\/hurghadalovers.com\/sl\/tours\/zasebni-izleti-za-sahl-hasheesh-to-luxor-aswan-3-dnevi\/#local-main-place-address","streetAddress":"17 Banks street, Alkawther area, top nbk bank","addressLocality":"hurghada","postalCode":"84511","addressRegion":"red sea","addressCountry":"EG"},{"@type":"ImageObject","inLanguage":"sl-SI","@id":"https:\/\/hurghadalovers.com\/sl\/tours\/zasebni-izleti-za-sahl-hasheesh-to-luxor-aswan-3-dnevi\/#local-main-organization-logo","url":"https:\/\/hurghadalovers.com\/wp-content\/uploads\/2019\/10\/hurghada-excursions-logo.png","contentUrl":"https:\/\/hurghadalovers.com\/wp-content\/uploads\/2019\/10\/hurghada-excursions-logo.png","width":272,"height":90,"caption":"Hurghada Excursions"}]},"product_brand":"Izleti Luksorja iz Sahl Hasheesh","product_price_amount":"520","product_price_currency":"EUR","og_availability":"instock","product_availability":"instock","product_retailer_item_id":"Sahl202024","product_condition":"new","geo.placename":"hurghada","geo.region":"Egypt"},"_links":{"self":[{"href":"https:\/\/hurghadalovers.com\/sl\/wp-json\/wp\/v2\/product\/391012","targetHints":{"allow":["GET"]}}],"collection":[{"href":"https:\/\/hurghadalovers.com\/sl\/wp-json\/wp\/v2\/product"}],"about":[{"href":"https:\/\/hurghadalovers.com\/sl\/wp-json\/wp\/v2\/types\/product"}],"wp:featuredmedia":[{"embeddable":true,"href":"https:\/\/hurghadalovers.com\/sl\/wp-json\/wp\/v2\/media\/390887"}],"wp:attachment":[{"href":"https:\/\/hurghadalovers.com\/sl\/wp-json\/wp\/v2\/media?parent=391012"}],"wp:term":[{"taxonomy":"product_brand","embeddable":true,"href":"https:\/\/hurghadalovers.com\/sl\/wp-json\/wp\/v2\/product_brand?post=391012"},{"taxonomy":"product_cat","embeddable":true,"href":"https:\/\/hurghadalovers.com\/sl\/wp-json\/wp\/v2\/product_cat?post=391012"},{"taxonomy":"product_tag","embeddable":true,"href":"https:\/\/hurghadalovers.com\/sl\/wp-json\/wp\/v2\/product_tag?post=391012"}],"curies":[{"name":"wp","href":"https:\/\/api.w.org\/{rel}","templated":true}]}}