{"id":390531,"date":"2023-08-31T12:43:30","date_gmt":"2023-08-31T12:44:55","guid":{"rendered":"https:\/\/hurghadalovers.com\/shop\/nekategorizirano\/zasebni-izleti-v-zaliv-makadi-do-piramid-el-rifai-moseje-sultan-hassan\/"},"modified":"2026-02-09T06:33:46","modified_gmt":"2026-02-09T06:33:46","slug":"zasebni-makadi-bay-excursions-to-pyramids-el-rifai-sultan-hassan-mosque","status":"publish","type":"product","link":"https:\/\/hurghadalovers.com\/sl\/tours\/zasebni-makadi-bay-excursions-to-pyramids-el-rifai-sultan-hassan-mosque\/","title":{"rendered":"Zasebni izleti v zaliv Makadi do piramid, El Rifai, mo\u0161eje Sultan Hassan"},"content":{"rendered":"<p><strong>Zasebni <\/strong> <strong>izleti v <\/strong><strong>Sahl Hasheesh<\/strong> do <strong>piramid, El Rifai, mo\u0161eje Sultan Hassan Iz <\/strong><strong>Sahl Hasheesha<\/strong> z avtomobilom, minivanom in zasebnim vodnikom.<\/p>\n<p style=\"text-align: center;\"><span style=\"color: #808000;\"><strong>Odkrijte skrivnosti faraonov in islamskih spomenikov v Egiptu<\/strong><\/span><\/p>\n<p><strong>Poudarki:<\/strong><\/p>\n<ol>\n<li>Piramide v Gizi.<\/li>\n<li>Velika sfinga.<\/li>\n<li>mo\u0161eja Al Rifai.<\/li>\n<li>mo\u0161eja Sultan Hassan.<\/li>\n<li>Kosilo v restavraciji &#8220;Na voljo je vegetarijanska hrana&#8221;.<\/li>\n<\/ol>\n<p><strong>Zasebno <\/strong><strong>Sahl Hasheesh<\/strong> <strong>Izleti v piramide Podrobnosti:<\/strong><\/p>\n<ul>\n<li>Razpolo\u017eljivost ture: Vsak dan.<\/li>\n<li>Vrsta ture: Zasebno z avtomobilom ali minivanom.<\/li>\n<li>\u010cas prevzema: Od 12:30 dalje.<\/li>\n<li>Pro\u0161nja Hotel dobite vre\u010dko za zajtrk z vami zjutraj.<\/li>\n<li>\u010cas odhoda: 19:00.<\/li>\n<li>Dostopno za invalidske vozi\u010dke.<\/li>\n<li>Trajanje: 22 ur.<\/li>\n<\/ul>\n<p><strong>Rezervirajte zdaj in pla\u010dajte pozneje:<\/strong><\/p>\n<ul>\n<li>Denar na kraju samem za vodenje.<\/li>\n<li>Pla\u010dilo z egiptovskimi funti, $, \u20ac ali \u00a3.<\/li>\n<\/ul>\n<p><strong>Pravila odpovedi:<\/strong><\/p>\n<ul>\n<li>prekli\u010dete do 24 ur vnaprej.<\/li>\n<li>Ko kdo iz va\u0161e dru\u017eine prekli\u010de jutro, pla\u010da 50 % stro\u0161kov.<\/li>\n<\/ul>\n<p><strong>Kaj je vklju\u010deno?<\/strong><\/p>\n<ul>\n<li>Transfer iz hotelov Sahl Hasheesh &#8220;Hotel pick up and drop off&#8221;.<\/li>\n<li>Vsi davki, vstopnine in manipulativni stro\u0161ki.<\/li>\n<li>Prenosi.<\/li>\n<li>Turisti\u010dni vodnik.<\/li>\n<li>Pija\u010de.<\/li>\n<li>Kosilo v restavraciji.<\/li>\n<\/ul>\n<p><strong>Izklju\u010ditve?<\/strong><\/p>\n<ul>\n<li>Dajanje napitnine.<\/li>\n<li>Izlet s feluko &#8220;Kri\u017earjenje z ladjo&#8221; Za 35 min= 10$.<\/li>\n<li>Dodatki, ki niso bili omenjeni.<\/li>\n<\/ul>\n<h4><strong>Cene:<\/strong><\/h4>\n<ul>\n<li><strong>Cena za odrasle = od 140$ na osebo<\/strong>.<\/li>\n<li>Cena za otroke &#8220;5-12\u2033= 50%.<\/li>\n<li>za otroke &#8220;0-5\u2033= brezpla\u010dno.<\/li>\n<\/ul>\n<p><strong>Mnenja:<\/strong><\/p>\n<p>preverite na\u0161e Google Map Reviews kot Best <a href=\"https:\/\/g.page\/r\/CUeYvkngP3wkEBM\/review\">Tour Operator v Hurgadi na<\/a> spletu v <a href=\"https:\/\/hurghadalovers.com\/\">Hurgadi<\/a> Egipt.<\/p>\n<p>&nbsp;<\/p>\n<p><strong>Rezervacije:<\/strong><\/p>\n<p>Po\u0161ljite hotel + \u0160tevilka sobe + Foto potni listi na WhatsApp: <strong>+201112596434<\/strong><\/p>\n<p>\u010ce ste iz Egipta Rezervacija zdaj na spletu in potrdite ob prihodu Hotel.<\/p>\n<p>&nbsp;<\/p>\n<p>&nbsp;<\/p>\n","protected":false},"excerpt":{"rendered":"<p><strong>Zasebni <\/strong> <strong>izleti v <\/strong><strong>Sahl Hasheesh<\/strong> do <strong>piramid, El Rifai, mo\u0161eje Sultan Hassan Iz <\/strong><strong>Sahl Hasheesha<\/strong> z avtomobilom, minivanom in zasebnim vodnikom.<\/p>\n<p style=\"text-align: center;\"><span style=\"color: #808000;\"><strong>Odkrijte skrivnosti faraonov in islamskih spomenikov v Egiptu<\/strong><\/span><\/p>\n<p>&nbsp;<\/p>\n","protected":false},"featured_media":995344,"template":"","meta":{"_joinchat":[]},"product_brand":[],"product_cat":[36671],"product_tag":[52567,52572,49476,52569,52563,52557,52556,52561,49446,52559],"class_list":{"0":"post-390531","1":"product","2":"type-product","3":"status-publish","4":"has-post-thumbnail","6":"product_cat-izleti","7":"product_tag-aktivnosti-za-najstnike-iz-sahl-hasheesha","8":"product_tag-druzinska-zabava-mesta-iz-sahl-hasheesh","9":"product_tag-family-fun-places-from-sahl-hasheesh","10":"product_tag-kaj-poceti-z-druzino-iz-sahl-hasheesha","11":"product_tag-romanticne-stvari-za-poceti-v-sahl-hasheeshu","12":"product_tag-sahl-hasheesh-dnevni-izleti-sl","13":"product_tag-sahl-hasheesh-kaj-poceti","14":"product_tag-sahl-hasheesh-romanticni-izleti","15":"product_tag-sahl-hasheesh-to-pyramids-day-trip","16":"product_tag-stvari-za-ogled-v-mestu-sahl-hasheesh","17":"tour_category-izleti-od-sahl-hasheesha-do-piramid","18":"tour_category-sahl-hasheesh-izleti","20":"first","21":"instock","22":"sale","23":"shipping-taxable","24":"purchasable","25":"product-type-tour"},"yoast_head":"<!-- This site is optimized with the Yoast SEO Premium plugin v26.9 (Yoast SEO v27.2) - https:\/\/yoast.com\/product\/yoast-seo-premium-wordpress\/ -->\n<title>Zasebni izleti v Sahl Hasheesh do piramid, mo\u0161eje El Rifai<\/title>\n<meta name=\"description\" content=\"Zasebni izleti v Sahl Hasheesh do piramid, El Rifai, mo\u0161eje Sultan Hassan Iz Sahl Hasheesha z avtomobilom, minivanom in zasebnim vodnikom. Odkrijte skrivnosti\" \/>\n<meta name=\"robots\" content=\"index, follow, max-snippet:-1, max-image-preview:large, max-video-preview:-1\" \/>\n<link rel=\"canonical\" href=\"https:\/\/hurghadalovers.com\/sl\/tours\/zasebni-makadi-bay-excursions-to-pyramids-el-rifai-sultan-hassan-mosque\/\" \/>\n<meta property=\"og:locale\" content=\"sl_SI\" \/>\n<meta property=\"og:type\" content=\"article\" \/>\n<meta property=\"og:title\" content=\"Zasebni izleti v zaliv Makadi do piramid, El Rifai, mo\u0161eje Sultan Hassan\" \/>\n<meta property=\"og:description\" content=\"Zasebni izleti v Sahl Hasheesh do piramid, El Rifai, mo\u0161eje Sultan Hassan Iz Sahl Hasheesha z avtomobilom, minivanom in zasebnim vodnikom. Odkrijte skrivnosti\" \/>\n<meta property=\"og:url\" content=\"https:\/\/hurghadalovers.com\/sl\/tours\/zasebni-makadi-bay-excursions-to-pyramids-el-rifai-sultan-hassan-mosque\/\" \/>\n<meta property=\"og:site_name\" content=\"Hurghada Excursions &amp; Day Trips | Booking Best Prices Tours\" \/>\n<meta property=\"article:publisher\" content=\"https:\/\/www.facebook.com\/Hurghadaloversegypt\" \/>\n<meta property=\"article:modified_time\" content=\"2026-02-09T06:33:46+00:00\" \/>\n<meta property=\"og:image\" content=\"https:\/\/hurghadalovers.com\/wp-content\/uploads\/2023\/08\/pyramids-from-hurghada.jpeg\" \/>\n\t<meta property=\"og:image:width\" content=\"1200\" \/>\n\t<meta property=\"og:image:height\" content=\"1600\" \/>\n\t<meta property=\"og:image:type\" content=\"image\/jpeg\" \/>\n<meta name=\"twitter:card\" content=\"summary_large_image\" \/>\n<meta name=\"twitter:label1\" content=\"Price\" \/>\n\t<meta name=\"twitter:data1\" content=\"&euro;&nbsp;200\" \/>\n\t<meta name=\"twitter:label2\" content=\"Availability\" \/>\n\t<meta name=\"twitter:data2\" content=\"In stock\" \/>\n<script type=\"application\/ld+json\" class=\"yoast-schema-graph\">{\"@context\":\"https:\/\/schema.org\",\"@graph\":[{\"@type\":[\"WebPage\",\"ItemPage\"],\"@id\":\"https:\/\/hurghadalovers.com\/sl\/tours\/zasebni-makadi-bay-excursions-to-pyramids-el-rifai-sultan-hassan-mosque\/\",\"url\":\"https:\/\/hurghadalovers.com\/sl\/tours\/zasebni-makadi-bay-excursions-to-pyramids-el-rifai-sultan-hassan-mosque\/\",\"name\":\"Zasebni izleti v Sahl Hasheesh do piramid, mo\u0161eje El Rifai\",\"isPartOf\":{\"@id\":\"https:\/\/hurghadalovers.com\/sl\/#website\"},\"primaryImageOfPage\":{\"@id\":\"https:\/\/hurghadalovers.com\/sl\/tours\/zasebni-makadi-bay-excursions-to-pyramids-el-rifai-sultan-hassan-mosque\/#primaryimage\"},\"image\":{\"@id\":\"https:\/\/hurghadalovers.com\/sl\/tours\/zasebni-makadi-bay-excursions-to-pyramids-el-rifai-sultan-hassan-mosque\/#primaryimage\"},\"thumbnailUrl\":\"https:\/\/hurghadalovers.com\/wp-content\/uploads\/2023\/08\/pyramids-from-hurghada.jpeg\",\"datePublished\":\"2023-08-31T12:44:55+00:00\",\"dateModified\":\"2026-02-09T06:33:46+00:00\",\"description\":\"Zasebni izleti v Sahl Hasheesh do piramid, El Rifai, mo\u0161eje Sultan Hassan Iz Sahl Hasheesha z avtomobilom, minivanom in zasebnim vodnikom. Odkrijte skrivnosti\",\"breadcrumb\":{\"@id\":\"https:\/\/hurghadalovers.com\/sl\/tours\/zasebni-makadi-bay-excursions-to-pyramids-el-rifai-sultan-hassan-mosque\/#breadcrumb\"},\"inLanguage\":\"sl-SI\",\"potentialAction\":[{\"@type\":\"ReadAction\",\"target\":[\"https:\/\/hurghadalovers.com\/sl\/tours\/zasebni-makadi-bay-excursions-to-pyramids-el-rifai-sultan-hassan-mosque\/\"]}]},{\"@type\":\"ImageObject\",\"inLanguage\":\"sl-SI\",\"@id\":\"https:\/\/hurghadalovers.com\/sl\/tours\/zasebni-makadi-bay-excursions-to-pyramids-el-rifai-sultan-hassan-mosque\/#primaryimage\",\"url\":\"https:\/\/hurghadalovers.com\/wp-content\/uploads\/2023\/08\/pyramids-from-hurghada.jpeg\",\"contentUrl\":\"https:\/\/hurghadalovers.com\/wp-content\/uploads\/2023\/08\/pyramids-from-hurghada.jpeg\",\"width\":1200,\"height\":1600,\"caption\":\"pyramids from hurghada\"},{\"@type\":\"BreadcrumbList\",\"@id\":\"https:\/\/hurghadalovers.com\/sl\/tours\/zasebni-makadi-bay-excursions-to-pyramids-el-rifai-sultan-hassan-mosque\/#breadcrumb\",\"itemListElement\":[{\"@type\":\"ListItem\",\"position\":1,\"name\":\"Home\",\"item\":\"https:\/\/hurghadalovers.com\/sl\/\"},{\"@type\":\"ListItem\",\"position\":2,\"name\":\"Shop\",\"item\":\"https:\/\/hurghadalovers.com\/shop\/\"},{\"@type\":\"ListItem\",\"position\":3,\"name\":\"Zasebni izleti v zaliv Makadi do piramid, El Rifai, mo\u0161eje Sultan Hassan\"}]},{\"@type\":\"WebSite\",\"@id\":\"https:\/\/hurghadalovers.com\/sl\/#website\",\"url\":\"https:\/\/hurghadalovers.com\/sl\/\",\"name\":\"Hurghada Excursions & Day Trips | Booking Best Prices Tours\",\"description\":\"Hurghada Lovers - Best Tour Operator - Excursions &amp; Things to do for Family Day Trips with kids and Couples Romantic. Unique .Hidden gems\",\"publisher\":{\"@id\":\"https:\/\/hurghadalovers.com\/sl\/#organization\"},\"alternateName\":\"Hurghada Excursions\",\"potentialAction\":[{\"@type\":\"SearchAction\",\"target\":{\"@type\":\"EntryPoint\",\"urlTemplate\":\"https:\/\/hurghadalovers.com\/sl\/?s={search_term_string}\"},\"query-input\":{\"@type\":\"PropertyValueSpecification\",\"valueRequired\":true,\"valueName\":\"search_term_string\"}}],\"inLanguage\":\"sl-SI\"},{\"@type\":[\"Organization\",\"Place\",\"TravelAgency\"],\"@id\":\"https:\/\/hurghadalovers.com\/sl\/#organization\",\"name\":\"Hurghada Excursions\",\"url\":\"https:\/\/hurghadalovers.com\/sl\/\",\"logo\":{\"@id\":\"https:\/\/hurghadalovers.com\/sl\/tours\/zasebni-makadi-bay-excursions-to-pyramids-el-rifai-sultan-hassan-mosque\/#local-main-organization-logo\"},\"image\":{\"@id\":\"https:\/\/hurghadalovers.com\/sl\/tours\/zasebni-makadi-bay-excursions-to-pyramids-el-rifai-sultan-hassan-mosque\/#local-main-organization-logo\"},\"sameAs\":[\"https:\/\/www.facebook.com\/Hurghadaloversegypt\"],\"address\":{\"@id\":\"https:\/\/hurghadalovers.com\/sl\/tours\/zasebni-makadi-bay-excursions-to-pyramids-el-rifai-sultan-hassan-mosque\/#local-main-place-address\"},\"telephone\":[\"00201112596434\"],\"contactPoint\":{\"@type\":\"ContactPoint\",\"telephone\":\"00201112596434\",\"email\":\"weyouface@gmail.com\"},\"openingHoursSpecification\":{\"@type\":\"OpeningHoursSpecification\",\"dayOfWeek\":[\"Monday\",\"Tuesday\",\"Wednesday\",\"Thursday\",\"Friday\",\"Saturday\",\"Sunday\"],\"opens\":\"00:00\",\"closes\":\"23:59\"},\"email\":\"weyouface@gmail.com\",\"areaServed\":\"Luxor, Hurghada, El Gouna, Aswan, Sharm El Sheikh, Giza, Alexandria, Marsa Alam, Quseir, Soma Bay, Sahl Hasheesh, Red Sea, Makadi Bay, Cairo\",\"priceRange\":\"$\",\"currenciesAccepted\":\"euro\",\"paymentAccepted\":\"cash on site\"},{\"@type\":\"PostalAddress\",\"@id\":\"https:\/\/hurghadalovers.com\/sl\/tours\/zasebni-makadi-bay-excursions-to-pyramids-el-rifai-sultan-hassan-mosque\/#local-main-place-address\",\"streetAddress\":\"17 Banks street, Alkawther area, top nbk bank\",\"addressLocality\":\"hurghada\",\"postalCode\":\"84511\",\"addressRegion\":\"red sea\",\"addressCountry\":\"EG\"},{\"@type\":\"ImageObject\",\"inLanguage\":\"sl-SI\",\"@id\":\"https:\/\/hurghadalovers.com\/sl\/tours\/zasebni-makadi-bay-excursions-to-pyramids-el-rifai-sultan-hassan-mosque\/#local-main-organization-logo\",\"url\":\"https:\/\/hurghadalovers.com\/wp-content\/uploads\/2019\/10\/hurghada-excursions-logo.png\",\"contentUrl\":\"https:\/\/hurghadalovers.com\/wp-content\/uploads\/2019\/10\/hurghada-excursions-logo.png\",\"width\":272,\"height\":90,\"caption\":\"Hurghada Excursions\"}]}<\/script>\n<meta property=\"product:brand\" content=\"Izleti Kairo iz Sahl Hasheesh\" \/>\n<meta property=\"product:price:amount\" content=\"200\" \/>\n<meta property=\"product:price:currency\" content=\"EUR\" \/>\n<meta property=\"og:availability\" content=\"instock\" \/>\n<meta property=\"product:availability\" content=\"instock\" \/>\n<meta property=\"product:retailer_item_id\" content=\"Sahl102024\" \/>\n<meta property=\"product:condition\" content=\"new\" \/>\n<meta name=\"geo.placename\" content=\"hurghada\" \/>\n<meta name=\"geo.region\" content=\"Egypt\" \/>\n<!-- \/ Yoast SEO Premium plugin. -->","yoast_head_json":{"title":"Zasebni izleti v Sahl Hasheesh do piramid, mo\u0161eje El Rifai","description":"Zasebni izleti v Sahl Hasheesh do piramid, El Rifai, mo\u0161eje Sultan Hassan Iz Sahl Hasheesha z avtomobilom, minivanom in zasebnim vodnikom. Odkrijte skrivnosti","robots":{"index":"index","follow":"follow","max-snippet":"max-snippet:-1","max-image-preview":"max-image-preview:large","max-video-preview":"max-video-preview:-1"},"canonical":"https:\/\/hurghadalovers.com\/sl\/tours\/zasebni-makadi-bay-excursions-to-pyramids-el-rifai-sultan-hassan-mosque\/","og_locale":"sl_SI","og_type":"article","og_title":"Zasebni izleti v zaliv Makadi do piramid, El Rifai, mo\u0161eje Sultan Hassan","og_description":"Zasebni izleti v Sahl Hasheesh do piramid, El Rifai, mo\u0161eje Sultan Hassan Iz Sahl Hasheesha z avtomobilom, minivanom in zasebnim vodnikom. Odkrijte skrivnosti","og_url":"https:\/\/hurghadalovers.com\/sl\/tours\/zasebni-makadi-bay-excursions-to-pyramids-el-rifai-sultan-hassan-mosque\/","og_site_name":"Hurghada Excursions &amp; Day Trips | Booking Best Prices Tours","article_publisher":"https:\/\/www.facebook.com\/Hurghadaloversegypt","article_modified_time":"2026-02-09T06:33:46+00:00","og_image":[{"width":1200,"height":1600,"url":"https:\/\/hurghadalovers.com\/wp-content\/uploads\/2023\/08\/pyramids-from-hurghada.jpeg","type":"image\/jpeg"}],"twitter_card":"summary_large_image","twitter_misc":{"Price":"&euro;&nbsp;200","Availability":"In stock"},"schema":{"@context":"https:\/\/schema.org","@graph":[{"@type":["WebPage","ItemPage"],"@id":"https:\/\/hurghadalovers.com\/sl\/tours\/zasebni-makadi-bay-excursions-to-pyramids-el-rifai-sultan-hassan-mosque\/","url":"https:\/\/hurghadalovers.com\/sl\/tours\/zasebni-makadi-bay-excursions-to-pyramids-el-rifai-sultan-hassan-mosque\/","name":"Zasebni izleti v Sahl Hasheesh do piramid, mo\u0161eje El Rifai","isPartOf":{"@id":"https:\/\/hurghadalovers.com\/sl\/#website"},"primaryImageOfPage":{"@id":"https:\/\/hurghadalovers.com\/sl\/tours\/zasebni-makadi-bay-excursions-to-pyramids-el-rifai-sultan-hassan-mosque\/#primaryimage"},"image":{"@id":"https:\/\/hurghadalovers.com\/sl\/tours\/zasebni-makadi-bay-excursions-to-pyramids-el-rifai-sultan-hassan-mosque\/#primaryimage"},"thumbnailUrl":"https:\/\/hurghadalovers.com\/wp-content\/uploads\/2023\/08\/pyramids-from-hurghada.jpeg","datePublished":"2023-08-31T12:44:55+00:00","dateModified":"2026-02-09T06:33:46+00:00","description":"Zasebni izleti v Sahl Hasheesh do piramid, El Rifai, mo\u0161eje Sultan Hassan Iz Sahl Hasheesha z avtomobilom, minivanom in zasebnim vodnikom. Odkrijte skrivnosti","breadcrumb":{"@id":"https:\/\/hurghadalovers.com\/sl\/tours\/zasebni-makadi-bay-excursions-to-pyramids-el-rifai-sultan-hassan-mosque\/#breadcrumb"},"inLanguage":"sl-SI","potentialAction":[{"@type":"ReadAction","target":["https:\/\/hurghadalovers.com\/sl\/tours\/zasebni-makadi-bay-excursions-to-pyramids-el-rifai-sultan-hassan-mosque\/"]}]},{"@type":"ImageObject","inLanguage":"sl-SI","@id":"https:\/\/hurghadalovers.com\/sl\/tours\/zasebni-makadi-bay-excursions-to-pyramids-el-rifai-sultan-hassan-mosque\/#primaryimage","url":"https:\/\/hurghadalovers.com\/wp-content\/uploads\/2023\/08\/pyramids-from-hurghada.jpeg","contentUrl":"https:\/\/hurghadalovers.com\/wp-content\/uploads\/2023\/08\/pyramids-from-hurghada.jpeg","width":1200,"height":1600,"caption":"pyramids from hurghada"},{"@type":"BreadcrumbList","@id":"https:\/\/hurghadalovers.com\/sl\/tours\/zasebni-makadi-bay-excursions-to-pyramids-el-rifai-sultan-hassan-mosque\/#breadcrumb","itemListElement":[{"@type":"ListItem","position":1,"name":"Home","item":"https:\/\/hurghadalovers.com\/sl\/"},{"@type":"ListItem","position":2,"name":"Shop","item":"https:\/\/hurghadalovers.com\/shop\/"},{"@type":"ListItem","position":3,"name":"Zasebni izleti v zaliv Makadi do piramid, El Rifai, mo\u0161eje Sultan Hassan"}]},{"@type":"WebSite","@id":"https:\/\/hurghadalovers.com\/sl\/#website","url":"https:\/\/hurghadalovers.com\/sl\/","name":"Hurghada Excursions & Day Trips | Booking Best Prices Tours","description":"Hurghada Lovers - Best Tour Operator - Excursions &amp; Things to do for Family Day Trips with kids and Couples Romantic. Unique .Hidden gems","publisher":{"@id":"https:\/\/hurghadalovers.com\/sl\/#organization"},"alternateName":"Hurghada Excursions","potentialAction":[{"@type":"SearchAction","target":{"@type":"EntryPoint","urlTemplate":"https:\/\/hurghadalovers.com\/sl\/?s={search_term_string}"},"query-input":{"@type":"PropertyValueSpecification","valueRequired":true,"valueName":"search_term_string"}}],"inLanguage":"sl-SI"},{"@type":["Organization","Place","TravelAgency"],"@id":"https:\/\/hurghadalovers.com\/sl\/#organization","name":"Hurghada Excursions","url":"https:\/\/hurghadalovers.com\/sl\/","logo":{"@id":"https:\/\/hurghadalovers.com\/sl\/tours\/zasebni-makadi-bay-excursions-to-pyramids-el-rifai-sultan-hassan-mosque\/#local-main-organization-logo"},"image":{"@id":"https:\/\/hurghadalovers.com\/sl\/tours\/zasebni-makadi-bay-excursions-to-pyramids-el-rifai-sultan-hassan-mosque\/#local-main-organization-logo"},"sameAs":["https:\/\/www.facebook.com\/Hurghadaloversegypt"],"address":{"@id":"https:\/\/hurghadalovers.com\/sl\/tours\/zasebni-makadi-bay-excursions-to-pyramids-el-rifai-sultan-hassan-mosque\/#local-main-place-address"},"telephone":["00201112596434"],"contactPoint":{"@type":"ContactPoint","telephone":"00201112596434","email":"weyouface@gmail.com"},"openingHoursSpecification":{"@type":"OpeningHoursSpecification","dayOfWeek":["Monday","Tuesday","Wednesday","Thursday","Friday","Saturday","Sunday"],"opens":"00:00","closes":"23:59"},"email":"weyouface@gmail.com","areaServed":"Luxor, Hurghada, El Gouna, Aswan, Sharm El Sheikh, Giza, Alexandria, Marsa Alam, Quseir, Soma Bay, Sahl Hasheesh, Red Sea, Makadi Bay, Cairo","priceRange":"$","currenciesAccepted":"euro","paymentAccepted":"cash on site"},{"@type":"PostalAddress","@id":"https:\/\/hurghadalovers.com\/sl\/tours\/zasebni-makadi-bay-excursions-to-pyramids-el-rifai-sultan-hassan-mosque\/#local-main-place-address","streetAddress":"17 Banks street, Alkawther area, top nbk bank","addressLocality":"hurghada","postalCode":"84511","addressRegion":"red sea","addressCountry":"EG"},{"@type":"ImageObject","inLanguage":"sl-SI","@id":"https:\/\/hurghadalovers.com\/sl\/tours\/zasebni-makadi-bay-excursions-to-pyramids-el-rifai-sultan-hassan-mosque\/#local-main-organization-logo","url":"https:\/\/hurghadalovers.com\/wp-content\/uploads\/2019\/10\/hurghada-excursions-logo.png","contentUrl":"https:\/\/hurghadalovers.com\/wp-content\/uploads\/2019\/10\/hurghada-excursions-logo.png","width":272,"height":90,"caption":"Hurghada Excursions"}]},"product_brand":"Izleti Kairo iz Sahl Hasheesh","product_price_amount":"200","product_price_currency":"EUR","og_availability":"instock","product_availability":"instock","product_retailer_item_id":"Sahl102024","product_condition":"new","geo.placename":"hurghada","geo.region":"Egypt"},"_links":{"self":[{"href":"https:\/\/hurghadalovers.com\/sl\/wp-json\/wp\/v2\/product\/390531","targetHints":{"allow":["GET"]}}],"collection":[{"href":"https:\/\/hurghadalovers.com\/sl\/wp-json\/wp\/v2\/product"}],"about":[{"href":"https:\/\/hurghadalovers.com\/sl\/wp-json\/wp\/v2\/types\/product"}],"wp:featuredmedia":[{"embeddable":true,"href":"https:\/\/hurghadalovers.com\/sl\/wp-json\/wp\/v2\/media\/995344"}],"wp:attachment":[{"href":"https:\/\/hurghadalovers.com\/sl\/wp-json\/wp\/v2\/media?parent=390531"}],"wp:term":[{"taxonomy":"product_brand","embeddable":true,"href":"https:\/\/hurghadalovers.com\/sl\/wp-json\/wp\/v2\/product_brand?post=390531"},{"taxonomy":"product_cat","embeddable":true,"href":"https:\/\/hurghadalovers.com\/sl\/wp-json\/wp\/v2\/product_cat?post=390531"},{"taxonomy":"product_tag","embeddable":true,"href":"https:\/\/hurghadalovers.com\/sl\/wp-json\/wp\/v2\/product_tag?post=390531"}],"curies":[{"name":"wp","href":"https:\/\/api.w.org\/{rel}","templated":true}]}}