{"id":388546,"date":"2023-08-30T10:37:14","date_gmt":"2023-08-30T10:37:14","guid":{"rendered":"https:\/\/hurghadalovers.com\/shop\/nekategorizirano\/padi-tecaj-potapljanja-na-odprtem-morju-v-zalivu-makadi-3-dni\/"},"modified":"2026-02-09T06:26:44","modified_gmt":"2026-02-09T06:26:44","slug":"padi-open-water-diver-course-in-makadi-bay","status":"publish","type":"product","link":"https:\/\/hurghadalovers.com\/sl\/tours\/padi-open-water-diver-course-in-makadi-bay\/","title":{"rendered":"PADI te\u010daj potapljanja na odprtem morju v zalivu Makadi &#8211; 3 dni"},"content":{"rendered":"<p><strong>PADI Open Water Diver Course v <\/strong><strong>zalivu Makadi <\/strong>&#8211; 3 dni | s kosilom, pija\u010do, potaplja\u0161ko opremo in prevozom.<\/p>\n<p style=\"text-align: center;\"><span style=\"color: #00ccff;\"><strong>Luksuzna ladja | Profesionalni in\u0161truktor potapljanja<\/strong><\/span><\/p>\n<p><strong>Poudarki:<\/strong><\/p>\n<ul>\n<li>Spoznajte osnove potapljanja<\/li>\n<li>Nau\u010dite se potaplja\u0161ke opreme in tehnik<\/li>\n<li>Vaje v odprtih vodah<\/li>\n<li>Najve\u010dja globina 18 m.<\/li>\n<li>Najni\u017eja starost je 12 let.<\/li>\n<\/ul>\n<p><strong> <\/strong><\/p>\n<p><strong>Podrobnosti:<\/strong><\/p>\n<ul>\n<li>Razpolo\u017eljivost ture: Vsak dan.<\/li>\n<li>Vrsta ture: Skupina ali zasebna.<\/li>\n<li>\u010cas prevzema: Za\u010detek od 07:30 A.M.<\/li>\n<li>\u010cas odhoda: 16:00.<\/li>\n<li>Dostopno za invalidske vozi\u010dke.<\/li>\n<li>Trajanje: Trajanje: 3 dni.<\/li>\n<\/ul>\n<p><strong>Rezervirajte zdaj in pla\u010dajte pozneje:<\/strong><\/p>\n<ul>\n<li>Denar na kraju samem za vodenje.<\/li>\n<li>Pla\u010dilo z egiptovskimi funti, $, \u20ac ali \u00a3.<\/li>\n<\/ul>\n<p><strong>Pravila odpovedi:<\/strong><\/p>\n<ul>\n<li>prekli\u010dete do 24 ur vnaprej.<\/li>\n<li>Ko kdo iz va\u0161e dru\u017eine prekli\u010de jutro, pla\u010da 50 % stro\u0161kov.<\/li>\n<\/ul>\n<p><strong>Kaj je vklju\u010deno?<\/strong><\/p>\n<ul>\n<li>Transfer iz hotelov Makadi Bay &#8220;Hotel pick up and drop off&#8221;.<\/li>\n<li>Vsi davki, vstopnine in manipulativni stro\u0161ki.<\/li>\n<li>Mineralna voda + Cola.<\/li>\n<li>Profesionalni in\u0161truktor potapljanja.<\/li>\n<li>Potaplja\u0161ka oprema in oprema za potapljanje &#8220;Maske in plavalne plavuti&#8221;.<\/li>\n<li>VIP samopostre\u017eno kosilo na ladji.<\/li>\n<li>Re\u0161ilni jopi\u010di.<\/li>\n<\/ul>\n<p><strong>Izklju\u010ditve?<\/strong><\/p>\n<ul>\n<li>Dajanje napitnine.<\/li>\n<li>Fotografija in fotografije za potovanje.<\/li>\n<li>Ponujamo najem kopalke in kopalke za \u017eenske, mo\u0161ke, otroke vse velikosti &#8220;5$ na enega&#8221;.<\/li>\n<li>Dodatki, ki niso bili omenjeni.<\/li>\n<li>Priro\u010dnik PADI = 55$<\/li>\n<li>PADI Online Certification = 55$<\/li>\n<li>Priro\u010dnik + spletno certificiranje = 100$.<\/li>\n<\/ul>\n<p><strong>Cene:<\/strong><\/p>\n<ul>\n<li><strong>Cena za odrasle = 260 $ na osebo<\/strong>.<\/li>\n<\/ul>\n<p><strong>Izvajamo te\u010daje:<\/strong><\/p>\n<ol>\n<li>PADI potaplja\u0161ki te\u010daj 2 dni = 220$<\/li>\n<li>Te\u010daj PADI Bubblemaker za otroke | Trajanje: Trajanje: 1 ura<br \/>\n= 80$<\/li>\n<li>PADI Advanced Open Water Diver Course 2 dni = 220$<\/li>\n<li>PADI Rescue Diver Course 4days = 280$<\/li>\n<\/ol>\n<p><strong>Mnenja:<\/strong><\/p>\n<p>preverite na\u0161e Google Map Reviews kot Best <a href=\"https:\/\/g.page\/r\/CUeYvkngP3wkEBM\/review\">Tour Operator v Hurgadi na<\/a> spletu v <a href=\"https:\/\/hurghadalovers.com\/\">Hurgadi<\/a> Egipt.<\/p>\n<p><strong>Rezervacije:<\/strong><\/p>\n<p>Po\u0161ljite hotel + \u0160tevilka sobe + Foto potni listi na WhatsApp: <strong>+201112596434<\/strong><\/p>\n<p>\u010ce ste iz Egipta Rezervacija zdaj na spletu in potrdite ob prihodu Hotel.<\/p>\n<p>&nbsp;<\/p>\n<p>&nbsp;<\/p>\n<p>&nbsp;<\/p>\n","protected":false},"excerpt":{"rendered":"<p><strong>PADI Open Water Diver Course v <\/strong><strong>zalivu Makadi <\/strong>&#8211; 3 dni | s kosilom, pija\u010do, potaplja\u0161ko opremo in prevozom.<\/p>\n<p style=\"text-align: center;\"><span style=\"color: #00ccff;\"><strong>Luksuzna ladja | Profesionalni in\u0161truktor potapljanja<\/strong><\/span><\/p>\n<p>&nbsp;<\/p>\n","protected":false},"featured_media":931822,"template":"","meta":{"_joinchat":[]},"product_brand":[],"product_cat":[36671],"product_tag":[],"class_list":{"0":"post-388546","1":"product","2":"type-product","3":"status-publish","4":"has-post-thumbnail","6":"product_cat-izleti","7":"tour_category-izleti-v-zaliv-makadi","8":"tour_category-izleti-za-potapljanje-v-zalivu-makadi","10":"first","11":"instock","12":"sale","13":"shipping-taxable","14":"purchasable","15":"product-type-tour"},"yoast_head":"<!-- This site is optimized with the Yoast SEO Premium plugin v26.9 (Yoast SEO v27.2) - https:\/\/yoast.com\/product\/yoast-seo-premium-wordpress\/ -->\n<title>PADI te\u010daj potapljanja na odprtem morju v zalivu Makadi - 3 dni<\/title>\n<meta name=\"description\" content=\"PADI Open Water Diver Course v zalivu Makadi - 3 dni | s kosilom, pija\u010do, potaplja\u0161ko opremo in prevozom. Luksuzna ladja | Profesionalni in\u0161truktor potapljanja\" \/>\n<meta name=\"robots\" content=\"index, follow, max-snippet:-1, max-image-preview:large, max-video-preview:-1\" \/>\n<link rel=\"canonical\" href=\"https:\/\/hurghadalovers.com\/sl\/tours\/padi-open-water-diver-course-in-makadi-bay\/\" \/>\n<meta property=\"og:locale\" content=\"sl_SI\" \/>\n<meta property=\"og:type\" content=\"article\" \/>\n<meta property=\"og:title\" content=\"PADI te\u010daj potapljanja na odprtem morju v zalivu Makadi - 3 dni\" \/>\n<meta property=\"og:description\" content=\"PADI Open Water Diver Course v zalivu Makadi - 3 dni | s kosilom, pija\u010do, potaplja\u0161ko opremo in prevozom. Luksuzna ladja | Profesionalni in\u0161truktor potapljanja\" \/>\n<meta property=\"og:url\" content=\"https:\/\/hurghadalovers.com\/sl\/tours\/padi-open-water-diver-course-in-makadi-bay\/\" \/>\n<meta property=\"og:site_name\" content=\"Hurghada Excursions &amp; Day Trips | Booking Best Prices Tours\" \/>\n<meta property=\"article:publisher\" content=\"https:\/\/www.facebook.com\/Hurghadaloversegypt\" \/>\n<meta property=\"article:modified_time\" content=\"2026-02-09T06:26:44+00:00\" \/>\n<meta property=\"og:image\" content=\"https:\/\/hurghadalovers.com\/wp-content\/uploads\/2023\/08\/Hurghada-Diving-Course-2026.jpeg\" \/>\n\t<meta property=\"og:image:width\" content=\"849\" \/>\n\t<meta property=\"og:image:height\" content=\"717\" \/>\n\t<meta property=\"og:image:type\" content=\"image\/jpeg\" \/>\n<meta name=\"twitter:card\" content=\"summary_large_image\" \/>\n<meta name=\"twitter:label1\" content=\"Price\" \/>\n\t<meta name=\"twitter:data1\" content=\"&euro;&nbsp;250\" \/>\n\t<meta name=\"twitter:label2\" content=\"Availability\" \/>\n\t<meta name=\"twitter:data2\" content=\"In stock\" \/>\n<script type=\"application\/ld+json\" class=\"yoast-schema-graph\">{\"@context\":\"https:\/\/schema.org\",\"@graph\":[{\"@type\":[\"WebPage\",\"ItemPage\"],\"@id\":\"https:\/\/hurghadalovers.com\/sl\/tours\/padi-open-water-diver-course-in-makadi-bay\/\",\"url\":\"https:\/\/hurghadalovers.com\/sl\/tours\/padi-open-water-diver-course-in-makadi-bay\/\",\"name\":\"PADI te\u010daj potapljanja na odprtem morju v zalivu Makadi - 3 dni\",\"isPartOf\":{\"@id\":\"https:\/\/hurghadalovers.com\/sl\/#website\"},\"primaryImageOfPage\":{\"@id\":\"https:\/\/hurghadalovers.com\/sl\/tours\/padi-open-water-diver-course-in-makadi-bay\/#primaryimage\"},\"image\":{\"@id\":\"https:\/\/hurghadalovers.com\/sl\/tours\/padi-open-water-diver-course-in-makadi-bay\/#primaryimage\"},\"thumbnailUrl\":\"https:\/\/hurghadalovers.com\/wp-content\/uploads\/2023\/08\/Hurghada-Diving-Course-2026.jpeg\",\"datePublished\":\"2023-08-30T10:37:14+00:00\",\"dateModified\":\"2026-02-09T06:26:44+00:00\",\"description\":\"PADI Open Water Diver Course v zalivu Makadi - 3 dni | s kosilom, pija\u010do, potaplja\u0161ko opremo in prevozom. Luksuzna ladja | Profesionalni in\u0161truktor potapljanja\",\"breadcrumb\":{\"@id\":\"https:\/\/hurghadalovers.com\/sl\/tours\/padi-open-water-diver-course-in-makadi-bay\/#breadcrumb\"},\"inLanguage\":\"sl-SI\",\"potentialAction\":[{\"@type\":\"ReadAction\",\"target\":[\"https:\/\/hurghadalovers.com\/sl\/tours\/padi-open-water-diver-course-in-makadi-bay\/\"]}]},{\"@type\":\"ImageObject\",\"inLanguage\":\"sl-SI\",\"@id\":\"https:\/\/hurghadalovers.com\/sl\/tours\/padi-open-water-diver-course-in-makadi-bay\/#primaryimage\",\"url\":\"https:\/\/hurghadalovers.com\/wp-content\/uploads\/2023\/08\/Hurghada-Diving-Course-2026.jpeg\",\"contentUrl\":\"https:\/\/hurghadalovers.com\/wp-content\/uploads\/2023\/08\/Hurghada-Diving-Course-2026.jpeg\",\"width\":849,\"height\":717,\"caption\":\"Hurghada Diving Course 2026\"},{\"@type\":\"BreadcrumbList\",\"@id\":\"https:\/\/hurghadalovers.com\/sl\/tours\/padi-open-water-diver-course-in-makadi-bay\/#breadcrumb\",\"itemListElement\":[{\"@type\":\"ListItem\",\"position\":1,\"name\":\"Home\",\"item\":\"https:\/\/hurghadalovers.com\/sl\/\"},{\"@type\":\"ListItem\",\"position\":2,\"name\":\"Shop\",\"item\":\"https:\/\/hurghadalovers.com\/shop\/\"},{\"@type\":\"ListItem\",\"position\":3,\"name\":\"PADI te\u010daj potapljanja na odprtem morju v zalivu Makadi &#8211; 3 dni\"}]},{\"@type\":\"WebSite\",\"@id\":\"https:\/\/hurghadalovers.com\/sl\/#website\",\"url\":\"https:\/\/hurghadalovers.com\/sl\/\",\"name\":\"Hurghada Excursions & Day Trips | Booking Best Prices Tours\",\"description\":\"Hurghada Lovers - Best Tour Operator - Excursions &amp; Things to do for Family Day Trips with kids and Couples Romantic. Unique .Hidden gems\",\"publisher\":{\"@id\":\"https:\/\/hurghadalovers.com\/sl\/#organization\"},\"alternateName\":\"Hurghada Excursions\",\"potentialAction\":[{\"@type\":\"SearchAction\",\"target\":{\"@type\":\"EntryPoint\",\"urlTemplate\":\"https:\/\/hurghadalovers.com\/sl\/?s={search_term_string}\"},\"query-input\":{\"@type\":\"PropertyValueSpecification\",\"valueRequired\":true,\"valueName\":\"search_term_string\"}}],\"inLanguage\":\"sl-SI\"},{\"@type\":[\"Organization\",\"Place\",\"TravelAgency\"],\"@id\":\"https:\/\/hurghadalovers.com\/sl\/#organization\",\"name\":\"Hurghada Excursions\",\"url\":\"https:\/\/hurghadalovers.com\/sl\/\",\"logo\":{\"@id\":\"https:\/\/hurghadalovers.com\/sl\/tours\/padi-open-water-diver-course-in-makadi-bay\/#local-main-organization-logo\"},\"image\":{\"@id\":\"https:\/\/hurghadalovers.com\/sl\/tours\/padi-open-water-diver-course-in-makadi-bay\/#local-main-organization-logo\"},\"sameAs\":[\"https:\/\/www.facebook.com\/Hurghadaloversegypt\"],\"address\":{\"@id\":\"https:\/\/hurghadalovers.com\/sl\/tours\/padi-open-water-diver-course-in-makadi-bay\/#local-main-place-address\"},\"telephone\":[\"00201112596434\"],\"contactPoint\":{\"@type\":\"ContactPoint\",\"telephone\":\"00201112596434\",\"email\":\"weyouface@gmail.com\"},\"openingHoursSpecification\":{\"@type\":\"OpeningHoursSpecification\",\"dayOfWeek\":[\"Monday\",\"Tuesday\",\"Wednesday\",\"Thursday\",\"Friday\",\"Saturday\",\"Sunday\"],\"opens\":\"00:00\",\"closes\":\"23:59\"},\"email\":\"weyouface@gmail.com\",\"areaServed\":\"Luxor, Hurghada, El Gouna, Aswan, Sharm El Sheikh, Giza, Alexandria, Marsa Alam, Quseir, Soma Bay, Sahl Hasheesh, Red Sea, Makadi Bay, Cairo\",\"priceRange\":\"$\",\"currenciesAccepted\":\"euro\",\"paymentAccepted\":\"cash on site\"},{\"@type\":\"PostalAddress\",\"@id\":\"https:\/\/hurghadalovers.com\/sl\/tours\/padi-open-water-diver-course-in-makadi-bay\/#local-main-place-address\",\"streetAddress\":\"17 Banks street, Alkawther area, top nbk bank\",\"addressLocality\":\"hurghada\",\"postalCode\":\"84511\",\"addressRegion\":\"red sea\",\"addressCountry\":\"EG\"},{\"@type\":\"ImageObject\",\"inLanguage\":\"sl-SI\",\"@id\":\"https:\/\/hurghadalovers.com\/sl\/tours\/padi-open-water-diver-course-in-makadi-bay\/#local-main-organization-logo\",\"url\":\"https:\/\/hurghadalovers.com\/wp-content\/uploads\/2019\/10\/hurghada-excursions-logo.png\",\"contentUrl\":\"https:\/\/hurghadalovers.com\/wp-content\/uploads\/2019\/10\/hurghada-excursions-logo.png\",\"width\":272,\"height\":90,\"caption\":\"Hurghada Excursions\"}]}<\/script>\n<meta property=\"product:brand\" content=\"Makadi Bay Izleti\" \/>\n<meta property=\"product:price:amount\" content=\"250\" \/>\n<meta property=\"product:price:currency\" content=\"EUR\" \/>\n<meta property=\"og:availability\" content=\"instock\" \/>\n<meta property=\"product:availability\" content=\"instock\" \/>\n<meta property=\"product:retailer_item_id\" content=\"MakadiSnorkeling152024\" \/>\n<meta property=\"product:condition\" content=\"new\" \/>\n<meta name=\"geo.placename\" content=\"hurghada\" \/>\n<meta name=\"geo.region\" content=\"Egypt\" \/>\n<!-- \/ Yoast SEO Premium plugin. -->","yoast_head_json":{"title":"PADI te\u010daj potapljanja na odprtem morju v zalivu Makadi - 3 dni","description":"PADI Open Water Diver Course v zalivu Makadi - 3 dni | s kosilom, pija\u010do, potaplja\u0161ko opremo in prevozom. Luksuzna ladja | Profesionalni in\u0161truktor potapljanja","robots":{"index":"index","follow":"follow","max-snippet":"max-snippet:-1","max-image-preview":"max-image-preview:large","max-video-preview":"max-video-preview:-1"},"canonical":"https:\/\/hurghadalovers.com\/sl\/tours\/padi-open-water-diver-course-in-makadi-bay\/","og_locale":"sl_SI","og_type":"article","og_title":"PADI te\u010daj potapljanja na odprtem morju v zalivu Makadi - 3 dni","og_description":"PADI Open Water Diver Course v zalivu Makadi - 3 dni | s kosilom, pija\u010do, potaplja\u0161ko opremo in prevozom. Luksuzna ladja | Profesionalni in\u0161truktor potapljanja","og_url":"https:\/\/hurghadalovers.com\/sl\/tours\/padi-open-water-diver-course-in-makadi-bay\/","og_site_name":"Hurghada Excursions &amp; Day Trips | Booking Best Prices Tours","article_publisher":"https:\/\/www.facebook.com\/Hurghadaloversegypt","article_modified_time":"2026-02-09T06:26:44+00:00","og_image":[{"width":849,"height":717,"url":"https:\/\/hurghadalovers.com\/wp-content\/uploads\/2023\/08\/Hurghada-Diving-Course-2026.jpeg","type":"image\/jpeg"}],"twitter_card":"summary_large_image","twitter_misc":{"Price":"&euro;&nbsp;250","Availability":"In stock"},"schema":{"@context":"https:\/\/schema.org","@graph":[{"@type":["WebPage","ItemPage"],"@id":"https:\/\/hurghadalovers.com\/sl\/tours\/padi-open-water-diver-course-in-makadi-bay\/","url":"https:\/\/hurghadalovers.com\/sl\/tours\/padi-open-water-diver-course-in-makadi-bay\/","name":"PADI te\u010daj potapljanja na odprtem morju v zalivu Makadi - 3 dni","isPartOf":{"@id":"https:\/\/hurghadalovers.com\/sl\/#website"},"primaryImageOfPage":{"@id":"https:\/\/hurghadalovers.com\/sl\/tours\/padi-open-water-diver-course-in-makadi-bay\/#primaryimage"},"image":{"@id":"https:\/\/hurghadalovers.com\/sl\/tours\/padi-open-water-diver-course-in-makadi-bay\/#primaryimage"},"thumbnailUrl":"https:\/\/hurghadalovers.com\/wp-content\/uploads\/2023\/08\/Hurghada-Diving-Course-2026.jpeg","datePublished":"2023-08-30T10:37:14+00:00","dateModified":"2026-02-09T06:26:44+00:00","description":"PADI Open Water Diver Course v zalivu Makadi - 3 dni | s kosilom, pija\u010do, potaplja\u0161ko opremo in prevozom. Luksuzna ladja | Profesionalni in\u0161truktor potapljanja","breadcrumb":{"@id":"https:\/\/hurghadalovers.com\/sl\/tours\/padi-open-water-diver-course-in-makadi-bay\/#breadcrumb"},"inLanguage":"sl-SI","potentialAction":[{"@type":"ReadAction","target":["https:\/\/hurghadalovers.com\/sl\/tours\/padi-open-water-diver-course-in-makadi-bay\/"]}]},{"@type":"ImageObject","inLanguage":"sl-SI","@id":"https:\/\/hurghadalovers.com\/sl\/tours\/padi-open-water-diver-course-in-makadi-bay\/#primaryimage","url":"https:\/\/hurghadalovers.com\/wp-content\/uploads\/2023\/08\/Hurghada-Diving-Course-2026.jpeg","contentUrl":"https:\/\/hurghadalovers.com\/wp-content\/uploads\/2023\/08\/Hurghada-Diving-Course-2026.jpeg","width":849,"height":717,"caption":"Hurghada Diving Course 2026"},{"@type":"BreadcrumbList","@id":"https:\/\/hurghadalovers.com\/sl\/tours\/padi-open-water-diver-course-in-makadi-bay\/#breadcrumb","itemListElement":[{"@type":"ListItem","position":1,"name":"Home","item":"https:\/\/hurghadalovers.com\/sl\/"},{"@type":"ListItem","position":2,"name":"Shop","item":"https:\/\/hurghadalovers.com\/shop\/"},{"@type":"ListItem","position":3,"name":"PADI te\u010daj potapljanja na odprtem morju v zalivu Makadi &#8211; 3 dni"}]},{"@type":"WebSite","@id":"https:\/\/hurghadalovers.com\/sl\/#website","url":"https:\/\/hurghadalovers.com\/sl\/","name":"Hurghada Excursions & Day Trips | Booking Best Prices Tours","description":"Hurghada Lovers - Best Tour Operator - Excursions &amp; Things to do for Family Day Trips with kids and Couples Romantic. Unique .Hidden gems","publisher":{"@id":"https:\/\/hurghadalovers.com\/sl\/#organization"},"alternateName":"Hurghada Excursions","potentialAction":[{"@type":"SearchAction","target":{"@type":"EntryPoint","urlTemplate":"https:\/\/hurghadalovers.com\/sl\/?s={search_term_string}"},"query-input":{"@type":"PropertyValueSpecification","valueRequired":true,"valueName":"search_term_string"}}],"inLanguage":"sl-SI"},{"@type":["Organization","Place","TravelAgency"],"@id":"https:\/\/hurghadalovers.com\/sl\/#organization","name":"Hurghada Excursions","url":"https:\/\/hurghadalovers.com\/sl\/","logo":{"@id":"https:\/\/hurghadalovers.com\/sl\/tours\/padi-open-water-diver-course-in-makadi-bay\/#local-main-organization-logo"},"image":{"@id":"https:\/\/hurghadalovers.com\/sl\/tours\/padi-open-water-diver-course-in-makadi-bay\/#local-main-organization-logo"},"sameAs":["https:\/\/www.facebook.com\/Hurghadaloversegypt"],"address":{"@id":"https:\/\/hurghadalovers.com\/sl\/tours\/padi-open-water-diver-course-in-makadi-bay\/#local-main-place-address"},"telephone":["00201112596434"],"contactPoint":{"@type":"ContactPoint","telephone":"00201112596434","email":"weyouface@gmail.com"},"openingHoursSpecification":{"@type":"OpeningHoursSpecification","dayOfWeek":["Monday","Tuesday","Wednesday","Thursday","Friday","Saturday","Sunday"],"opens":"00:00","closes":"23:59"},"email":"weyouface@gmail.com","areaServed":"Luxor, Hurghada, El Gouna, Aswan, Sharm El Sheikh, Giza, Alexandria, Marsa Alam, Quseir, Soma Bay, Sahl Hasheesh, Red Sea, Makadi Bay, Cairo","priceRange":"$","currenciesAccepted":"euro","paymentAccepted":"cash on site"},{"@type":"PostalAddress","@id":"https:\/\/hurghadalovers.com\/sl\/tours\/padi-open-water-diver-course-in-makadi-bay\/#local-main-place-address","streetAddress":"17 Banks street, Alkawther area, top nbk bank","addressLocality":"hurghada","postalCode":"84511","addressRegion":"red sea","addressCountry":"EG"},{"@type":"ImageObject","inLanguage":"sl-SI","@id":"https:\/\/hurghadalovers.com\/sl\/tours\/padi-open-water-diver-course-in-makadi-bay\/#local-main-organization-logo","url":"https:\/\/hurghadalovers.com\/wp-content\/uploads\/2019\/10\/hurghada-excursions-logo.png","contentUrl":"https:\/\/hurghadalovers.com\/wp-content\/uploads\/2019\/10\/hurghada-excursions-logo.png","width":272,"height":90,"caption":"Hurghada Excursions"}]},"product_brand":"Makadi Bay Izleti","product_price_amount":"250","product_price_currency":"EUR","og_availability":"instock","product_availability":"instock","product_retailer_item_id":"MakadiSnorkeling152024","product_condition":"new","geo.placename":"hurghada","geo.region":"Egypt"},"_links":{"self":[{"href":"https:\/\/hurghadalovers.com\/sl\/wp-json\/wp\/v2\/product\/388546","targetHints":{"allow":["GET"]}}],"collection":[{"href":"https:\/\/hurghadalovers.com\/sl\/wp-json\/wp\/v2\/product"}],"about":[{"href":"https:\/\/hurghadalovers.com\/sl\/wp-json\/wp\/v2\/types\/product"}],"wp:featuredmedia":[{"embeddable":true,"href":"https:\/\/hurghadalovers.com\/sl\/wp-json\/wp\/v2\/media\/931822"}],"wp:attachment":[{"href":"https:\/\/hurghadalovers.com\/sl\/wp-json\/wp\/v2\/media?parent=388546"}],"wp:term":[{"taxonomy":"product_brand","embeddable":true,"href":"https:\/\/hurghadalovers.com\/sl\/wp-json\/wp\/v2\/product_brand?post=388546"},{"taxonomy":"product_cat","embeddable":true,"href":"https:\/\/hurghadalovers.com\/sl\/wp-json\/wp\/v2\/product_cat?post=388546"},{"taxonomy":"product_tag","embeddable":true,"href":"https:\/\/hurghadalovers.com\/sl\/wp-json\/wp\/v2\/product_tag?post=388546"}],"curies":[{"name":"wp","href":"https:\/\/api.w.org\/{rel}","templated":true}]}}