{"id":384919,"date":"2023-08-27T10:40:35","date_gmt":"2023-08-27T10:42:55","guid":{"rendered":"https:\/\/hurghadalovers.com\/shop\/nekategorizirano\/zasebni-carterji-iz-zaliva-soma-na-paradise-island\/"},"modified":"2026-02-09T04:52:53","modified_gmt":"2026-02-09T04:52:53","slug":"zasebni-carterji-na-otoku-paradiz","status":"publish","type":"product","link":"https:\/\/hurghadalovers.com\/sl\/tours\/zasebni-carterji-na-otoku-paradiz\/","title":{"rendered":"Zasebni \u010darterji iz zaliva Soma na Paradise Island"},"content":{"rendered":"<p><strong>Zasebni <\/strong><strong>\u010darterji v<\/strong><strong>zalivu Soma <\/strong><strong>do rajskega otoka s<\/strong> potapljanjem, vodnimi \u0161porti, kosilom in prevozom.<\/p>\n<p style=\"text-align: center;\"><span style=\"color: #00ccff;\">Najlep\u0161i zaliv Soma <strong>Dru\u017einam prijazne dejavnosti<\/strong>, <strong>kaj po\u010deti z otroki<\/strong>, starej\u0161i, <strong>medeni tedni<\/strong> in <strong>pari<\/strong>.<\/span><\/p>\n<p>Rezervacija Mala <strong>Yacht Charter<\/strong> od 3 do 6 oseb ali Luksuzni Big <strong>Boat najem<\/strong> od 8 do 35 oseb s prenosom na goto Plavanje v Best <strong>House reef Spot<\/strong> in Saty 2-4 ur v najbolj\u0161i Beach <strong>Giftun Island<\/strong> &#8220;Paradise Beach&#8221;.<\/p>\n<p>&nbsp;<\/p>\n<p><strong>Poudarki:<\/strong><\/p>\n<ul>\n<li>2 mesti Potapljanje House Reef.<\/li>\n<li>2-4 ure na pla\u017ei Paradise Island.<\/li>\n<li>Vodni \u0161porti &#8220;Banana in Quattro&#8221;.<\/li>\n<\/ul>\n<p><strong>Podrobnosti:<\/strong><\/p>\n<ul>\n<li>Razpolo\u017eljivost ture: Vsak dan.<\/li>\n<li>Vrsta ture: Zasebna.<\/li>\n<li>\u010cas prevzema: Za\u010detek od 07:30 A.M.<\/li>\n<li>\u010cas odhoda: 17:00.<\/li>\n<li>Dostopno za invalidske vozi\u010dke.<\/li>\n<li>Trajanje: 8 ur.<\/li>\n<\/ul>\n<p><strong>Rezervirajte zdaj in pla\u010dajte pozneje:<\/strong><\/p>\n<ul>\n<li>Denar na kraju samem za vodenje.<\/li>\n<li>Pla\u010dilo z egiptovskimi funti, $, \u20ac ali \u00a3.<\/li>\n<\/ul>\n<p><strong>Pravila odpovedi:<\/strong><\/p>\n<ul>\n<li>prekli\u010dete do 24 ur vnaprej.<\/li>\n<li>Ko kdo iz va\u0161e dru\u017eine prekli\u010de jutro, pla\u010da 50 % stro\u0161kov.<\/li>\n<\/ul>\n<p><strong>Kaj je vklju\u010deno?<\/strong><\/p>\n<ul>\n<li>Transfer iz hotelov v zalivu Soma &#8220;Hotel pick up and drop off&#8221;.<\/li>\n<li>Vsi davki, vstopnine in manipulativni stro\u0161ki.<\/li>\n<li>Turisti\u010dni vodnik.<\/li>\n<li>Mineralna voda + Cola + Mleko + Kava\/\u010daj.<\/li>\n<li>2 Mesto za potapljanje.<\/li>\n<li>Oprema za potapljanje &#8220;Maske in plavalne plavuti&#8221;.<\/li>\n<li>2-4 ure na <strong>pla\u017ei<\/strong> <strong>Paradise Island<\/strong>.<\/li>\n<li>VIP samopostre\u017eno kosilo na ladji.<\/li>\n<li>Re\u0161ilni jopi\u010di.<\/li>\n<\/ul>\n<p><strong>Izklju\u010ditve?<\/strong><\/p>\n<ul>\n<li>Dajanje napitnine.<\/li>\n<li>Pija\u010de v restavraciji The Paradise Island.<\/li>\n<li>Fotografija in fotografije za potovanje.<\/li>\n<li>Ponujamo najem kopalke in kopalke za \u017eenske, mo\u0161ke, otroke vse velikosti &#8220;5$ na enega&#8221;.<\/li>\n<li>Dodatki, ki niso bili omenjeni.<\/li>\n<\/ul>\n<p><strong>Cene:<\/strong><\/p>\n<ul>\n<li><strong>\u010carter majhnih jaht od 3 do 6 oseb = od 4<\/strong><strong>2<\/strong><strong>0$<\/strong><\/li>\n<li><strong>Najem luksuznega velikega \u010dolna od 8 do 35 oseb = od 7<\/strong><strong>7<\/strong><strong>0$<\/strong><\/li>\n<\/ul>\n<p><strong>  Ocene:<\/strong><\/p>\n<p>preverite na\u0161e Google Map Reviews kot Best <a href=\"https:\/\/g.page\/r\/CUeYvkngP3wkEBM\/review\">Tour Operator v Hurgadi na<\/a> spletu v <a href=\"https:\/\/hurghadalovers.com\/\">Hurgadi<\/a> Egipt.<\/p>\n<p><strong>Rezervacije:<\/strong><\/p>\n<p>Po\u0161ljite hotel + \u0160tevilka sobe + Foto potni listi na WhatsApp: <strong>+201112596434<\/strong><\/p>\n<p>\u010ce ste iz Egipta Rezervacija zdaj na spletu in potrdite ob prihodu Hotel.<\/p>\n<p>&nbsp;<\/p>\n<p>&nbsp;<\/p>\n","protected":false},"excerpt":{"rendered":"<p><strong>Zasebni <\/strong><strong>\u010darterji v<\/strong><strong>zalivu Soma <\/strong><strong>do rajskega otoka s<\/strong> potapljanjem, vodnimi \u0161porti, kosilom in prevozom.<\/p>\n<p style=\"text-align: center;\"><span style=\"color: #00ccff;\">Najlep\u0161i zaliv Soma <strong>Dru\u017einam prijazne dejavnosti<\/strong>, <strong>kaj po\u010deti z otroki<\/strong>, starej\u0161i, <strong>medeni tedni<\/strong> in <strong>pari<\/strong>.<\/span><\/p>\n<p>&nbsp;<\/p>\n","protected":false},"featured_media":384878,"template":"","meta":{"_joinchat":[]},"product_brand":[],"product_cat":[36671],"product_tag":[],"class_list":{"0":"post-384919","1":"product","2":"type-product","3":"status-publish","4":"has-post-thumbnail","6":"product_cat-izleti","7":"tour_category-potapljanje-v-zalivu-soma","8":"tour_category-zaliv-soma-izleti","10":"first","11":"instock","12":"sale","13":"shipping-taxable","14":"purchasable","15":"product-type-tour"},"yoast_head":"<!-- This site is optimized with the Yoast SEO Premium plugin v26.9 (Yoast SEO v27.2) - https:\/\/yoast.com\/product\/yoast-seo-premium-wordpress\/ -->\n<title>Zasebni \u010darterji v zalivu Soma do rajskega otoka s potapljanjem<\/title>\n<meta name=\"description\" content=\"Zasebni \u010darterji v zalivu Soma do rajskega otoka s potapljanjem, vodnimi \u0161porti, kosilom in prevozom. Najlep\u0161i zaliv Soma Dru\u017einam prijazne dejavnosti\" \/>\n<meta name=\"robots\" content=\"index, follow, max-snippet:-1, max-image-preview:large, max-video-preview:-1\" \/>\n<link rel=\"canonical\" href=\"https:\/\/hurghadalovers.com\/sl\/tours\/zasebni-carterji-na-otoku-paradiz\/\" \/>\n<meta property=\"og:locale\" content=\"sl_SI\" \/>\n<meta property=\"og:type\" content=\"article\" \/>\n<meta property=\"og:title\" content=\"Zasebni \u010darterji iz zaliva Soma na Paradise Island\" \/>\n<meta property=\"og:description\" content=\"Zasebni \u010darterji v zalivu Soma do rajskega otoka s potapljanjem, vodnimi \u0161porti, kosilom in prevozom. Najlep\u0161i zaliv Soma Dru\u017einam prijazne dejavnosti\" \/>\n<meta property=\"og:url\" content=\"https:\/\/hurghadalovers.com\/sl\/tours\/zasebni-carterji-na-otoku-paradiz\/\" \/>\n<meta property=\"og:site_name\" content=\"Hurghada Excursions &amp; Day Trips | Booking Best Prices Tours\" \/>\n<meta property=\"article:publisher\" content=\"https:\/\/www.facebook.com\/Hurghadaloversegypt\" \/>\n<meta property=\"article:modified_time\" content=\"2026-02-09T04:52:53+00:00\" \/>\n<meta property=\"og:image\" content=\"https:\/\/hurghadalovers.com\/wp-content\/uploads\/2023\/08\/Private-Soma-bay-Boat-Charters-to-Paradise-Island.jpeg\" \/>\n\t<meta property=\"og:image:width\" content=\"1156\" \/>\n\t<meta property=\"og:image:height\" content=\"867\" \/>\n\t<meta property=\"og:image:type\" content=\"image\/jpeg\" \/>\n<meta name=\"twitter:card\" content=\"summary_large_image\" \/>\n<meta name=\"twitter:label1\" content=\"Price\" \/>\n\t<meta name=\"twitter:data1\" content=\"&euro;&nbsp;420\" \/>\n\t<meta name=\"twitter:label2\" content=\"Availability\" \/>\n\t<meta name=\"twitter:data2\" content=\"In stock\" \/>\n<script type=\"application\/ld+json\" class=\"yoast-schema-graph\">{\"@context\":\"https:\/\/schema.org\",\"@graph\":[{\"@type\":[\"WebPage\",\"ItemPage\"],\"@id\":\"https:\/\/hurghadalovers.com\/sl\/tours\/zasebni-carterji-na-otoku-paradiz\/\",\"url\":\"https:\/\/hurghadalovers.com\/sl\/tours\/zasebni-carterji-na-otoku-paradiz\/\",\"name\":\"Zasebni \u010darterji v zalivu Soma do rajskega otoka s potapljanjem\",\"isPartOf\":{\"@id\":\"https:\/\/hurghadalovers.com\/sl\/#website\"},\"primaryImageOfPage\":{\"@id\":\"https:\/\/hurghadalovers.com\/sl\/tours\/zasebni-carterji-na-otoku-paradiz\/#primaryimage\"},\"image\":{\"@id\":\"https:\/\/hurghadalovers.com\/sl\/tours\/zasebni-carterji-na-otoku-paradiz\/#primaryimage\"},\"thumbnailUrl\":\"https:\/\/hurghadalovers.com\/wp-content\/uploads\/2023\/08\/Private-Soma-bay-Boat-Charters-to-Paradise-Island.jpeg\",\"datePublished\":\"2023-08-27T10:42:55+00:00\",\"dateModified\":\"2026-02-09T04:52:53+00:00\",\"description\":\"Zasebni \u010darterji v zalivu Soma do rajskega otoka s potapljanjem, vodnimi \u0161porti, kosilom in prevozom. Najlep\u0161i zaliv Soma Dru\u017einam prijazne dejavnosti\",\"breadcrumb\":{\"@id\":\"https:\/\/hurghadalovers.com\/sl\/tours\/zasebni-carterji-na-otoku-paradiz\/#breadcrumb\"},\"inLanguage\":\"sl-SI\",\"potentialAction\":[{\"@type\":\"ReadAction\",\"target\":[\"https:\/\/hurghadalovers.com\/sl\/tours\/zasebni-carterji-na-otoku-paradiz\/\"]}]},{\"@type\":\"ImageObject\",\"inLanguage\":\"sl-SI\",\"@id\":\"https:\/\/hurghadalovers.com\/sl\/tours\/zasebni-carterji-na-otoku-paradiz\/#primaryimage\",\"url\":\"https:\/\/hurghadalovers.com\/wp-content\/uploads\/2023\/08\/Private-Soma-bay-Boat-Charters-to-Paradise-Island.jpeg\",\"contentUrl\":\"https:\/\/hurghadalovers.com\/wp-content\/uploads\/2023\/08\/Private-Soma-bay-Boat-Charters-to-Paradise-Island.jpeg\",\"width\":1156,\"height\":867,\"caption\":\"Zasebni \u010darterji iz zaliva Soma na Paradise Island\"},{\"@type\":\"BreadcrumbList\",\"@id\":\"https:\/\/hurghadalovers.com\/sl\/tours\/zasebni-carterji-na-otoku-paradiz\/#breadcrumb\",\"itemListElement\":[{\"@type\":\"ListItem\",\"position\":1,\"name\":\"Home\",\"item\":\"https:\/\/hurghadalovers.com\/sl\/\"},{\"@type\":\"ListItem\",\"position\":2,\"name\":\"Shop\",\"item\":\"https:\/\/hurghadalovers.com\/shop\/\"},{\"@type\":\"ListItem\",\"position\":3,\"name\":\"Zasebni \u010darterji iz zaliva Soma na Paradise Island\"}]},{\"@type\":\"WebSite\",\"@id\":\"https:\/\/hurghadalovers.com\/sl\/#website\",\"url\":\"https:\/\/hurghadalovers.com\/sl\/\",\"name\":\"Hurghada Excursions & Day Trips | Booking Best Prices Tours\",\"description\":\"Hurghada Lovers - Best Tour Operator - Excursions &amp; Things to do for Family Day Trips with kids and Couples Romantic. Unique .Hidden gems\",\"publisher\":{\"@id\":\"https:\/\/hurghadalovers.com\/sl\/#organization\"},\"alternateName\":\"Hurghada Excursions\",\"potentialAction\":[{\"@type\":\"SearchAction\",\"target\":{\"@type\":\"EntryPoint\",\"urlTemplate\":\"https:\/\/hurghadalovers.com\/sl\/?s={search_term_string}\"},\"query-input\":{\"@type\":\"PropertyValueSpecification\",\"valueRequired\":true,\"valueName\":\"search_term_string\"}}],\"inLanguage\":\"sl-SI\"},{\"@type\":[\"Organization\",\"Place\",\"TravelAgency\"],\"@id\":\"https:\/\/hurghadalovers.com\/sl\/#organization\",\"name\":\"Hurghada Excursions\",\"url\":\"https:\/\/hurghadalovers.com\/sl\/\",\"logo\":{\"@id\":\"https:\/\/hurghadalovers.com\/sl\/tours\/zasebni-carterji-na-otoku-paradiz\/#local-main-organization-logo\"},\"image\":{\"@id\":\"https:\/\/hurghadalovers.com\/sl\/tours\/zasebni-carterji-na-otoku-paradiz\/#local-main-organization-logo\"},\"sameAs\":[\"https:\/\/www.facebook.com\/Hurghadaloversegypt\"],\"address\":{\"@id\":\"https:\/\/hurghadalovers.com\/sl\/tours\/zasebni-carterji-na-otoku-paradiz\/#local-main-place-address\"},\"telephone\":[\"00201112596434\"],\"contactPoint\":{\"@type\":\"ContactPoint\",\"telephone\":\"00201112596434\",\"email\":\"weyouface@gmail.com\"},\"openingHoursSpecification\":{\"@type\":\"OpeningHoursSpecification\",\"dayOfWeek\":[\"Monday\",\"Tuesday\",\"Wednesday\",\"Thursday\",\"Friday\",\"Saturday\",\"Sunday\"],\"opens\":\"00:00\",\"closes\":\"23:59\"},\"email\":\"weyouface@gmail.com\",\"areaServed\":\"Luxor, Hurghada, El Gouna, Aswan, Sharm El Sheikh, Giza, Alexandria, Marsa Alam, Quseir, Soma Bay, Sahl Hasheesh, Red Sea, Makadi Bay, Cairo\",\"priceRange\":\"$\",\"currenciesAccepted\":\"euro\",\"paymentAccepted\":\"cash on site\"},{\"@type\":\"PostalAddress\",\"@id\":\"https:\/\/hurghadalovers.com\/sl\/tours\/zasebni-carterji-na-otoku-paradiz\/#local-main-place-address\",\"streetAddress\":\"17 Banks street, Alkawther area, top nbk bank\",\"addressLocality\":\"hurghada\",\"postalCode\":\"84511\",\"addressRegion\":\"red sea\",\"addressCountry\":\"EG\"},{\"@type\":\"ImageObject\",\"inLanguage\":\"sl-SI\",\"@id\":\"https:\/\/hurghadalovers.com\/sl\/tours\/zasebni-carterji-na-otoku-paradiz\/#local-main-organization-logo\",\"url\":\"https:\/\/hurghadalovers.com\/wp-content\/uploads\/2019\/10\/hurghada-excursions-logo.png\",\"contentUrl\":\"https:\/\/hurghadalovers.com\/wp-content\/uploads\/2019\/10\/hurghada-excursions-logo.png\",\"width\":272,\"height\":90,\"caption\":\"Hurghada Excursions\"}]}<\/script>\n<meta property=\"product:brand\" content=\"Potapljanje z masko na Soma bay\" \/>\n<meta property=\"product:price:amount\" content=\"420\" \/>\n<meta property=\"product:price:currency\" content=\"EUR\" \/>\n<meta property=\"og:availability\" content=\"instock\" \/>\n<meta property=\"product:availability\" content=\"instock\" \/>\n<meta property=\"product:retailer_item_id\" content=\"PrivateSoma102024\" \/>\n<meta property=\"product:condition\" content=\"new\" \/>\n<meta name=\"geo.placename\" content=\"hurghada\" \/>\n<meta name=\"geo.region\" content=\"Egypt\" \/>\n<!-- \/ Yoast SEO Premium plugin. -->","yoast_head_json":{"title":"Zasebni \u010darterji v zalivu Soma do rajskega otoka s potapljanjem","description":"Zasebni \u010darterji v zalivu Soma do rajskega otoka s potapljanjem, vodnimi \u0161porti, kosilom in prevozom. Najlep\u0161i zaliv Soma Dru\u017einam prijazne dejavnosti","robots":{"index":"index","follow":"follow","max-snippet":"max-snippet:-1","max-image-preview":"max-image-preview:large","max-video-preview":"max-video-preview:-1"},"canonical":"https:\/\/hurghadalovers.com\/sl\/tours\/zasebni-carterji-na-otoku-paradiz\/","og_locale":"sl_SI","og_type":"article","og_title":"Zasebni \u010darterji iz zaliva Soma na Paradise Island","og_description":"Zasebni \u010darterji v zalivu Soma do rajskega otoka s potapljanjem, vodnimi \u0161porti, kosilom in prevozom. Najlep\u0161i zaliv Soma Dru\u017einam prijazne dejavnosti","og_url":"https:\/\/hurghadalovers.com\/sl\/tours\/zasebni-carterji-na-otoku-paradiz\/","og_site_name":"Hurghada Excursions &amp; Day Trips | Booking Best Prices Tours","article_publisher":"https:\/\/www.facebook.com\/Hurghadaloversegypt","article_modified_time":"2026-02-09T04:52:53+00:00","og_image":[{"width":1156,"height":867,"url":"https:\/\/hurghadalovers.com\/wp-content\/uploads\/2023\/08\/Private-Soma-bay-Boat-Charters-to-Paradise-Island.jpeg","type":"image\/jpeg"}],"twitter_card":"summary_large_image","twitter_misc":{"Price":"&euro;&nbsp;420","Availability":"In stock"},"schema":{"@context":"https:\/\/schema.org","@graph":[{"@type":["WebPage","ItemPage"],"@id":"https:\/\/hurghadalovers.com\/sl\/tours\/zasebni-carterji-na-otoku-paradiz\/","url":"https:\/\/hurghadalovers.com\/sl\/tours\/zasebni-carterji-na-otoku-paradiz\/","name":"Zasebni \u010darterji v zalivu Soma do rajskega otoka s potapljanjem","isPartOf":{"@id":"https:\/\/hurghadalovers.com\/sl\/#website"},"primaryImageOfPage":{"@id":"https:\/\/hurghadalovers.com\/sl\/tours\/zasebni-carterji-na-otoku-paradiz\/#primaryimage"},"image":{"@id":"https:\/\/hurghadalovers.com\/sl\/tours\/zasebni-carterji-na-otoku-paradiz\/#primaryimage"},"thumbnailUrl":"https:\/\/hurghadalovers.com\/wp-content\/uploads\/2023\/08\/Private-Soma-bay-Boat-Charters-to-Paradise-Island.jpeg","datePublished":"2023-08-27T10:42:55+00:00","dateModified":"2026-02-09T04:52:53+00:00","description":"Zasebni \u010darterji v zalivu Soma do rajskega otoka s potapljanjem, vodnimi \u0161porti, kosilom in prevozom. Najlep\u0161i zaliv Soma Dru\u017einam prijazne dejavnosti","breadcrumb":{"@id":"https:\/\/hurghadalovers.com\/sl\/tours\/zasebni-carterji-na-otoku-paradiz\/#breadcrumb"},"inLanguage":"sl-SI","potentialAction":[{"@type":"ReadAction","target":["https:\/\/hurghadalovers.com\/sl\/tours\/zasebni-carterji-na-otoku-paradiz\/"]}]},{"@type":"ImageObject","inLanguage":"sl-SI","@id":"https:\/\/hurghadalovers.com\/sl\/tours\/zasebni-carterji-na-otoku-paradiz\/#primaryimage","url":"https:\/\/hurghadalovers.com\/wp-content\/uploads\/2023\/08\/Private-Soma-bay-Boat-Charters-to-Paradise-Island.jpeg","contentUrl":"https:\/\/hurghadalovers.com\/wp-content\/uploads\/2023\/08\/Private-Soma-bay-Boat-Charters-to-Paradise-Island.jpeg","width":1156,"height":867,"caption":"Zasebni \u010darterji iz zaliva Soma na Paradise Island"},{"@type":"BreadcrumbList","@id":"https:\/\/hurghadalovers.com\/sl\/tours\/zasebni-carterji-na-otoku-paradiz\/#breadcrumb","itemListElement":[{"@type":"ListItem","position":1,"name":"Home","item":"https:\/\/hurghadalovers.com\/sl\/"},{"@type":"ListItem","position":2,"name":"Shop","item":"https:\/\/hurghadalovers.com\/shop\/"},{"@type":"ListItem","position":3,"name":"Zasebni \u010darterji iz zaliva Soma na Paradise Island"}]},{"@type":"WebSite","@id":"https:\/\/hurghadalovers.com\/sl\/#website","url":"https:\/\/hurghadalovers.com\/sl\/","name":"Hurghada Excursions & Day Trips | Booking Best Prices Tours","description":"Hurghada Lovers - Best Tour Operator - Excursions &amp; Things to do for Family Day Trips with kids and Couples Romantic. Unique .Hidden gems","publisher":{"@id":"https:\/\/hurghadalovers.com\/sl\/#organization"},"alternateName":"Hurghada Excursions","potentialAction":[{"@type":"SearchAction","target":{"@type":"EntryPoint","urlTemplate":"https:\/\/hurghadalovers.com\/sl\/?s={search_term_string}"},"query-input":{"@type":"PropertyValueSpecification","valueRequired":true,"valueName":"search_term_string"}}],"inLanguage":"sl-SI"},{"@type":["Organization","Place","TravelAgency"],"@id":"https:\/\/hurghadalovers.com\/sl\/#organization","name":"Hurghada Excursions","url":"https:\/\/hurghadalovers.com\/sl\/","logo":{"@id":"https:\/\/hurghadalovers.com\/sl\/tours\/zasebni-carterji-na-otoku-paradiz\/#local-main-organization-logo"},"image":{"@id":"https:\/\/hurghadalovers.com\/sl\/tours\/zasebni-carterji-na-otoku-paradiz\/#local-main-organization-logo"},"sameAs":["https:\/\/www.facebook.com\/Hurghadaloversegypt"],"address":{"@id":"https:\/\/hurghadalovers.com\/sl\/tours\/zasebni-carterji-na-otoku-paradiz\/#local-main-place-address"},"telephone":["00201112596434"],"contactPoint":{"@type":"ContactPoint","telephone":"00201112596434","email":"weyouface@gmail.com"},"openingHoursSpecification":{"@type":"OpeningHoursSpecification","dayOfWeek":["Monday","Tuesday","Wednesday","Thursday","Friday","Saturday","Sunday"],"opens":"00:00","closes":"23:59"},"email":"weyouface@gmail.com","areaServed":"Luxor, Hurghada, El Gouna, Aswan, Sharm El Sheikh, Giza, Alexandria, Marsa Alam, Quseir, Soma Bay, Sahl Hasheesh, Red Sea, Makadi Bay, Cairo","priceRange":"$","currenciesAccepted":"euro","paymentAccepted":"cash on site"},{"@type":"PostalAddress","@id":"https:\/\/hurghadalovers.com\/sl\/tours\/zasebni-carterji-na-otoku-paradiz\/#local-main-place-address","streetAddress":"17 Banks street, Alkawther area, top nbk bank","addressLocality":"hurghada","postalCode":"84511","addressRegion":"red sea","addressCountry":"EG"},{"@type":"ImageObject","inLanguage":"sl-SI","@id":"https:\/\/hurghadalovers.com\/sl\/tours\/zasebni-carterji-na-otoku-paradiz\/#local-main-organization-logo","url":"https:\/\/hurghadalovers.com\/wp-content\/uploads\/2019\/10\/hurghada-excursions-logo.png","contentUrl":"https:\/\/hurghadalovers.com\/wp-content\/uploads\/2019\/10\/hurghada-excursions-logo.png","width":272,"height":90,"caption":"Hurghada Excursions"}]},"product_brand":"Potapljanje z masko na Soma bay","product_price_amount":"420","product_price_currency":"EUR","og_availability":"instock","product_availability":"instock","product_retailer_item_id":"PrivateSoma102024","product_condition":"new","geo.placename":"hurghada","geo.region":"Egypt"},"_links":{"self":[{"href":"https:\/\/hurghadalovers.com\/sl\/wp-json\/wp\/v2\/product\/384919","targetHints":{"allow":["GET"]}}],"collection":[{"href":"https:\/\/hurghadalovers.com\/sl\/wp-json\/wp\/v2\/product"}],"about":[{"href":"https:\/\/hurghadalovers.com\/sl\/wp-json\/wp\/v2\/types\/product"}],"wp:featuredmedia":[{"embeddable":true,"href":"https:\/\/hurghadalovers.com\/sl\/wp-json\/wp\/v2\/media\/384878"}],"wp:attachment":[{"href":"https:\/\/hurghadalovers.com\/sl\/wp-json\/wp\/v2\/media?parent=384919"}],"wp:term":[{"taxonomy":"product_brand","embeddable":true,"href":"https:\/\/hurghadalovers.com\/sl\/wp-json\/wp\/v2\/product_brand?post=384919"},{"taxonomy":"product_cat","embeddable":true,"href":"https:\/\/hurghadalovers.com\/sl\/wp-json\/wp\/v2\/product_cat?post=384919"},{"taxonomy":"product_tag","embeddable":true,"href":"https:\/\/hurghadalovers.com\/sl\/wp-json\/wp\/v2\/product_tag?post=384919"}],"curies":[{"name":"wp","href":"https:\/\/api.w.org\/{rel}","templated":true}]}}