{"id":383092,"date":"2023-08-26T09:22:14","date_gmt":"2023-08-26T09:22:14","guid":{"rendered":"https:\/\/hurghadalovers.com\/shop\/nekategorizirano\/zasebni-transferji-soma-bay-taxi\/"},"modified":"2026-02-08T04:25:31","modified_gmt":"2026-02-08T04:25:31","slug":"zasebni-soma-bay-taxi-transfers","status":"publish","type":"product","link":"https:\/\/hurghadalovers.com\/sl\/tours\/zasebni-soma-bay-taxi-transfers\/","title":{"rendered":"Zasebni transferji Soma bay Taxi"},"content":{"rendered":"<p><strong>Private <\/strong><strong>Soma bay<\/strong> <strong>Taxi Transfers<\/strong> to Luxor, Cairo | Rezervacija Poceni Cene Turisti\u010dne storitve Transfer z luksuznim minivanom in Vip Car na Marsa alam, EL Gouna, Makadi bay, Hurghada (HRG) Airport | Gotovina na mestu.<\/p>\n<p><strong>Podrobnosti:<\/strong><\/p>\n<ul>\n<li>Vrsta ture: Luksuzni zasebni z avtomobilom ali minivanom.<\/li>\n<li>Rezervacija Taxi Car, Minivan, Razpolo\u017eljivost: Vsak dan.<\/li>\n<li>Dostopno za invalidske vozi\u010dke.<\/li>\n<li>\u010cas prevzema iz zaliva Soma v Luksor: 05:00<\/li>\n<li>\u010cas prevzema iz zaliva Soma v Kairo: 12:30<\/li>\n<li>\u010cas prevzema iz hotelov v zalivu Soma na letali\u0161\u010de Hurgada (HRG), Hurgada Marina: po \u017eelji.<\/li>\n<\/ul>\n<p><strong>Rezervirajte zdaj in pla\u010dajte pozneje:<\/strong><\/p>\n<ul>\n<li>Denar na kraju samem za vodenje.<\/li>\n<li>Pla\u010dilo z egiptovskimi funti, $, \u20ac ali \u00a3.<\/li>\n<\/ul>\n<p><strong>Pravila odpovedi:<\/strong><\/p>\n<ul>\n<li>prekli\u010dete do 24 ur vnaprej.<\/li>\n<li>Ko kdo iz va\u0161e dru\u017eine prekli\u010de jutro, pla\u010da 50 % stro\u0161kov.<\/li>\n<\/ul>\n<p><strong>Kaj je vklju\u010deno?<\/strong><\/p>\n<ul>\n<li>Transfer iz hotelov v zalivu Soma &#8220;Hotel pick up and drop off&#8221;.<\/li>\n<li>Vsi davki, vstopnine in manipulativni stro\u0161ki.<\/li>\n<li>Prenosi.<\/li>\n<li>Pija\u010de.<\/li>\n<\/ul>\n<p><strong>Izklju\u010ditve?<\/strong><\/p>\n<ul>\n<li>Dajanje napitnine.<\/li>\n<\/ul>\n<p><strong>Zasebni prevoz <\/strong><strong>Zaliv Soma<\/strong> <strong>v Luksor:<\/strong><\/p>\n<p>Cena Taksija\/avtomobila &#8220;3 sede\u017ei&#8221; = 170$ Cena za zasebni avto.<\/p>\n<p>Cena Minivan &#8220;8 sede\u017eev&#8221; = 200$ Cena za zasebni minivan\/minibus.<\/p>\n<p>Razdalja med zalivom Soma in Luksorjem = 300 km<\/p>\n<p>\u010cas od zaliva Soma do Luksorja = 4 h.<\/p>\n<p>Tam 2 Postanki &#8221; 20 min odmora, 20 Turisti\u010dne kontrolne to\u010dke v Safagi&#8221;.<\/p>\n<p><strong> <\/strong><\/p>\n<p><strong>Zasebni prevoz <\/strong><strong>Zaliv Soma<\/strong> <strong>v Kairo, piramide v Gizi:<\/strong><\/p>\n<p>Cena Taxi\/ Car &#8221; 3 sede\u017ei&#8221; = 180$ Cena za zasebni avtomobil.<\/p>\n<p>Cena Minivan &#8220;8 sede\u017eev&#8221; = 220$ Cena za zasebni minivan\/minibus.<\/p>\n<p>Razdalja med zalivom Soma in Kairom = 400 km<\/p>\n<p>\u010cas med zalivom Soma in Kairom = 7,30 h<\/p>\n<p>3 postanki &#8221; 20 min odmor v Saffron Ras Ghareb, 15-30 min turisti\u010dna kontrolna to\u010dka&#8221;<\/p>\n<p><strong>Zasebni prevoz <\/strong><strong>Zaliv Soma<\/strong> <strong>na letali\u0161\u010de Hurghada (HRG) ali z njega:<\/strong><\/p>\n<p>Cena Taksija\/avtomobila &#8221; 3 &#8211; 6 sede\u017eev&#8221; = 30$ Cena za zasebni avto.<\/p>\n<p>Cena Minivan &#8220;12 sede\u017eev&#8221; = 40$ Cena za zasebni minivan\/minibus.<\/p>\n<p><strong> <\/strong><\/p>\n<p><strong>Zasebni prevoz <\/strong><strong>Zaliv Soma<\/strong> <strong>do marine v Hurgadi:<\/strong><\/p>\n<p>Cena Taxi\/ Avto &#8221; 3 &#8211; 6 sede\u017eev&#8221; 4h = 45$ Cena za zasebni avto.<\/p>\n<p>Cena Minivan &#8220;12 sede\u017eev&#8221; 4h = 75$ Cena za zasebni minivan\/minibus.<\/p>\n<p><strong> <\/strong><\/p>\n<p><strong>Zasebni prevoz <\/strong><strong>Zaliv Soma<\/strong> <strong>do hotelov El Gouna:<\/strong><\/p>\n<p>Cena Taksija\/avtomobila &#8221; 3 &#8211; 6 sede\u017eev&#8221; = 55$ Cena za zasebni avto.<\/p>\n<p>Cena Minivan &#8220;12 sede\u017eev&#8221; = 70$ Cena za zasebni minivan\/minibus.<\/p>\n<p>Razdalja od zaliva Soma do El Goune = 90 km<\/p>\n<p>\u010cas od zaliva Soma do El Goune = 70 min.<\/p>\n<p><strong>Zasebni taksi <\/strong><strong>zaliv Soma<\/strong> <strong>iz Marsa Alam<\/strong><\/p>\n<p>ponujamo avtomobile in avtobuse za prevoz vas ali va\u0161e skupine iz Marsa Alam v katero koli pala\u010do v Egiptu ob Rde\u010dem morju.<\/p>\n<p><strong>Zasebni transferji na letali\u0161\u010de Kairo<\/strong><\/p>\n<p>\u010de morate iti Cairo Airport in potrebujejo prenos na turisti\u010dnih mestih Egipt, lahko zaupate za nas, da vam luksuzni zasebni avtomobili Bus Limousine Service.<\/p>\n<p><strong>Taxi iz <\/strong><strong>zaliv Soma<\/strong> <strong>v Marsa Alam<\/strong><\/p>\n<p>\u010ce ste prispeli na letali\u0161\u010de Hurghada ali iz va\u0161e lokacije potrebujete najbolj\u0161e avtomobile ali avtobus do ali iz Mars Alam za obisk Kaira ali Luxorja, nas pokli\u010dite zdaj<\/p>\n<p>1-3 osebe (posamezni avtomobil) = 90 $<\/p>\n<p>4-8 oseb (minibus) = 120 $<\/p>\n<p><strong>Mnenja:<\/strong><\/p>\n<p>preverite na\u0161e Google Map Reviews kot Best <a href=\"https:\/\/g.page\/r\/CUeYvkngP3wkEBM\/review\">Tour Operator v Hurgadi na<\/a> spletu v <a href=\"https:\/\/hurghadalovers.com\/\">Hurgadi<\/a> Egipt.<\/p>\n<p><strong>Rezervacije:<\/strong><\/p>\n<p>Po\u0161ljite hotel + \u0160tevilka sobe + Foto potni listi na WhatsApp: <strong>+201112596434<\/strong><\/p>\n<p>\u010ce ste iz Egipta Rezervacija zdaj na spletu in potrdite ob prihodu Hotel.<\/p>\n<p>&nbsp;<\/p>\n<p>&nbsp;<\/p>\n","protected":false},"excerpt":{"rendered":"<p><strong>Private <\/strong><strong>Soma bay<\/strong> <strong>Taxi Transfers<\/strong> to Luxor, Cairo | Rezervacija Poceni Cene Turisti\u010dne storitve Transfer z luksuznim minivanom in Vip Car na Marsa alam, EL Gouna, Makadi bay, Hurghada (HRG) Airport | Gotovina na mestu.<\/p>\n","protected":false},"featured_media":454394,"template":"","meta":{"_joinchat":[]},"product_brand":[],"product_cat":[36671],"product_tag":[55432,54967,55027,55467,55033,55477,55058,55485,54981,54988,55021,55422,55439,54960,54974,55427,51030],"class_list":{"0":"post-383092","1":"product","2":"type-product","3":"status-publish","4":"has-post-thumbnail","6":"product_cat-izleti","7":"product_tag-aktivnosti-v-zalivu-soma-za-pare","8":"product_tag-celodnevni-izlet-v-kairo-iz-zaliva-soma","9":"product_tag-dejavnosti-v-zalivu-soma","10":"product_tag-dejavnosti-za-malcke-iz-zaliva-soma","11":"product_tag-dnevni-izleti-v-zaliv-soma","12":"product_tag-druzinske-dejavnosti-iz-zaliva-soma","13":"product_tag-druzinske-stvari-ki-jih-lahko-pocnete-v-zalivu-soma","14":"product_tag-druzinski-dnevi-iz-soma-baya","15":"product_tag-izlet-iz-zaliva-soma-v-kairo","16":"product_tag-izlet-od-zaliva-soma-do-piramid","17":"product_tag-izleti-v-zaliv-soma","18":"product_tag-kaj-poceti-v-zalivu-soma-sl","19":"product_tag-kaj-poceti-v-zalivu-soma-za-pare","20":"product_tag-od-zaliva-soma-do-piramid","21":"product_tag-piramide-iz-zaliva-soma","22":"product_tag-romanticne-stvari-ki-jih-lahko-pocnete-v-zalivu-soma","23":"product_tag-zasebni-izleti-v-kairo","24":"tour_category-dnevni-izleti-v-kairo-iz-zaliva-soma","25":"tour_category-zaliv-soma-izleti","27":"first","28":"instock","29":"sale","30":"shipping-taxable","31":"purchasable","32":"product-type-tour"},"yoast_head":"<!-- This site is optimized with the Yoast SEO Premium plugin v26.9 (Yoast SEO v27.2) - https:\/\/yoast.com\/product\/yoast-seo-premium-wordpress\/ -->\n<title>Zasebni taksi transferji v zaliv Soma v Luksor, Kairo | Razko\u0161je in Vip<\/title>\n<meta name=\"description\" content=\"Private Soma bay Taxi Transfers to Luxor, Cairo | Rezervacija Poceni Cene Tourist Service Transfer by Luxury Minivan and Vip Car to Marsa alam, EL Gouna...\" \/>\n<meta name=\"robots\" content=\"index, follow, max-snippet:-1, max-image-preview:large, max-video-preview:-1\" \/>\n<link rel=\"canonical\" href=\"https:\/\/hurghadalovers.com\/sl\/tours\/zasebni-soma-bay-taxi-transfers\/\" \/>\n<meta property=\"og:locale\" content=\"sl_SI\" \/>\n<meta property=\"og:type\" content=\"article\" \/>\n<meta property=\"og:title\" content=\"Zasebni transferji Soma bay Taxi\" \/>\n<meta property=\"og:description\" content=\"Private Soma bay Taxi Transfers to Luxor, Cairo | Rezervacija Poceni Cene Tourist Service Transfer by Luxury Minivan and Vip Car to Marsa alam, EL Gouna...\" \/>\n<meta property=\"og:url\" content=\"https:\/\/hurghadalovers.com\/sl\/tours\/zasebni-soma-bay-taxi-transfers\/\" \/>\n<meta property=\"og:site_name\" content=\"Hurghada Excursions &amp; Day Trips | Booking Best Prices Tours\" \/>\n<meta property=\"article:publisher\" content=\"https:\/\/www.facebook.com\/Hurghadaloversegypt\" \/>\n<meta property=\"article:modified_time\" content=\"2026-02-08T04:25:31+00:00\" \/>\n<meta property=\"og:image\" content=\"https:\/\/hurghadalovers.com\/wp-content\/uploads\/2023\/08\/Privater-Transfer-von-Soma-bay-2.jpeg\" \/>\n\t<meta property=\"og:image:width\" content=\"1156\" \/>\n\t<meta property=\"og:image:height\" content=\"867\" \/>\n\t<meta property=\"og:image:type\" content=\"image\/jpeg\" \/>\n<meta name=\"twitter:card\" content=\"summary_large_image\" \/>\n<meta name=\"twitter:label1\" content=\"Price\" \/>\n\t<meta name=\"twitter:data1\" content=\"&euro;&nbsp;30\" \/>\n\t<meta name=\"twitter:label2\" content=\"Availability\" \/>\n\t<meta name=\"twitter:data2\" content=\"In stock\" \/>\n<script type=\"application\/ld+json\" class=\"yoast-schema-graph\">{\"@context\":\"https:\/\/schema.org\",\"@graph\":[{\"@type\":[\"WebPage\",\"ItemPage\"],\"@id\":\"https:\/\/hurghadalovers.com\/sl\/tours\/zasebni-soma-bay-taxi-transfers\/\",\"url\":\"https:\/\/hurghadalovers.com\/sl\/tours\/zasebni-soma-bay-taxi-transfers\/\",\"name\":\"Zasebni taksi transferji v zaliv Soma v Luksor, Kairo | Razko\u0161je in Vip\",\"isPartOf\":{\"@id\":\"https:\/\/hurghadalovers.com\/sl\/#website\"},\"primaryImageOfPage\":{\"@id\":\"https:\/\/hurghadalovers.com\/sl\/tours\/zasebni-soma-bay-taxi-transfers\/#primaryimage\"},\"image\":{\"@id\":\"https:\/\/hurghadalovers.com\/sl\/tours\/zasebni-soma-bay-taxi-transfers\/#primaryimage\"},\"thumbnailUrl\":\"https:\/\/hurghadalovers.com\/wp-content\/uploads\/2023\/08\/Privater-Transfer-von-Soma-bay-2.jpeg\",\"datePublished\":\"2023-08-26T09:22:14+00:00\",\"dateModified\":\"2026-02-08T04:25:31+00:00\",\"description\":\"Private Soma bay Taxi Transfers to Luxor, Cairo | Rezervacija Poceni Cene Tourist Service Transfer by Luxury Minivan and Vip Car to Marsa alam, EL Gouna...\",\"breadcrumb\":{\"@id\":\"https:\/\/hurghadalovers.com\/sl\/tours\/zasebni-soma-bay-taxi-transfers\/#breadcrumb\"},\"inLanguage\":\"sl-SI\",\"potentialAction\":[{\"@type\":\"ReadAction\",\"target\":[\"https:\/\/hurghadalovers.com\/sl\/tours\/zasebni-soma-bay-taxi-transfers\/\"]}]},{\"@type\":\"ImageObject\",\"inLanguage\":\"sl-SI\",\"@id\":\"https:\/\/hurghadalovers.com\/sl\/tours\/zasebni-soma-bay-taxi-transfers\/#primaryimage\",\"url\":\"https:\/\/hurghadalovers.com\/wp-content\/uploads\/2023\/08\/Privater-Transfer-von-Soma-bay-2.jpeg\",\"contentUrl\":\"https:\/\/hurghadalovers.com\/wp-content\/uploads\/2023\/08\/Privater-Transfer-von-Soma-bay-2.jpeg\",\"width\":1156,\"height\":867,\"caption\":\"Privater Transfer von Soma Bay nach Luxor, Kairo\"},{\"@type\":\"BreadcrumbList\",\"@id\":\"https:\/\/hurghadalovers.com\/sl\/tours\/zasebni-soma-bay-taxi-transfers\/#breadcrumb\",\"itemListElement\":[{\"@type\":\"ListItem\",\"position\":1,\"name\":\"Home\",\"item\":\"https:\/\/hurghadalovers.com\/sl\/\"},{\"@type\":\"ListItem\",\"position\":2,\"name\":\"Shop\",\"item\":\"https:\/\/hurghadalovers.com\/shop\/\"},{\"@type\":\"ListItem\",\"position\":3,\"name\":\"Zasebni transferji Soma bay Taxi\"}]},{\"@type\":\"WebSite\",\"@id\":\"https:\/\/hurghadalovers.com\/sl\/#website\",\"url\":\"https:\/\/hurghadalovers.com\/sl\/\",\"name\":\"Hurghada Excursions & Day Trips | Booking Best Prices Tours\",\"description\":\"Hurghada Lovers - Best Tour Operator - Excursions &amp; Things to do for Family Day Trips with kids and Couples Romantic. Unique .Hidden gems\",\"publisher\":{\"@id\":\"https:\/\/hurghadalovers.com\/sl\/#organization\"},\"alternateName\":\"Hurghada Excursions\",\"potentialAction\":[{\"@type\":\"SearchAction\",\"target\":{\"@type\":\"EntryPoint\",\"urlTemplate\":\"https:\/\/hurghadalovers.com\/sl\/?s={search_term_string}\"},\"query-input\":{\"@type\":\"PropertyValueSpecification\",\"valueRequired\":true,\"valueName\":\"search_term_string\"}}],\"inLanguage\":\"sl-SI\"},{\"@type\":[\"Organization\",\"Place\",\"TravelAgency\"],\"@id\":\"https:\/\/hurghadalovers.com\/sl\/#organization\",\"name\":\"Hurghada Excursions\",\"url\":\"https:\/\/hurghadalovers.com\/sl\/\",\"logo\":{\"@id\":\"https:\/\/hurghadalovers.com\/sl\/tours\/zasebni-soma-bay-taxi-transfers\/#local-main-organization-logo\"},\"image\":{\"@id\":\"https:\/\/hurghadalovers.com\/sl\/tours\/zasebni-soma-bay-taxi-transfers\/#local-main-organization-logo\"},\"sameAs\":[\"https:\/\/www.facebook.com\/Hurghadaloversegypt\"],\"address\":{\"@id\":\"https:\/\/hurghadalovers.com\/sl\/tours\/zasebni-soma-bay-taxi-transfers\/#local-main-place-address\"},\"telephone\":[\"00201112596434\"],\"contactPoint\":{\"@type\":\"ContactPoint\",\"telephone\":\"00201112596434\",\"email\":\"weyouface@gmail.com\"},\"openingHoursSpecification\":{\"@type\":\"OpeningHoursSpecification\",\"dayOfWeek\":[\"Monday\",\"Tuesday\",\"Wednesday\",\"Thursday\",\"Friday\",\"Saturday\",\"Sunday\"],\"opens\":\"00:00\",\"closes\":\"23:59\"},\"email\":\"weyouface@gmail.com\",\"areaServed\":\"Luxor, Hurghada, El Gouna, Aswan, Sharm El Sheikh, Giza, Alexandria, Marsa Alam, Quseir, Soma Bay, Sahl Hasheesh, Red Sea, Makadi Bay, Cairo\",\"priceRange\":\"$\",\"currenciesAccepted\":\"euro\",\"paymentAccepted\":\"cash on site\"},{\"@type\":\"PostalAddress\",\"@id\":\"https:\/\/hurghadalovers.com\/sl\/tours\/zasebni-soma-bay-taxi-transfers\/#local-main-place-address\",\"streetAddress\":\"17 Banks street, Alkawther area, top nbk bank\",\"addressLocality\":\"hurghada\",\"postalCode\":\"84511\",\"addressRegion\":\"red sea\",\"addressCountry\":\"EG\"},{\"@type\":\"ImageObject\",\"inLanguage\":\"sl-SI\",\"@id\":\"https:\/\/hurghadalovers.com\/sl\/tours\/zasebni-soma-bay-taxi-transfers\/#local-main-organization-logo\",\"url\":\"https:\/\/hurghadalovers.com\/wp-content\/uploads\/2019\/10\/hurghada-excursions-logo.png\",\"contentUrl\":\"https:\/\/hurghadalovers.com\/wp-content\/uploads\/2019\/10\/hurghada-excursions-logo.png\",\"width\":272,\"height\":90,\"caption\":\"Hurghada Excursions\"}]}<\/script>\n<meta property=\"product:brand\" content=\"Izleti Kairo iz Soma bay\" \/>\n<meta property=\"product:price:amount\" content=\"30\" \/>\n<meta property=\"product:price:currency\" content=\"EUR\" \/>\n<meta property=\"og:availability\" content=\"instock\" \/>\n<meta property=\"product:availability\" content=\"instock\" \/>\n<meta property=\"product:retailer_item_id\" content=\"Somabay042024\" \/>\n<meta property=\"product:condition\" content=\"new\" \/>\n<meta name=\"geo.placename\" content=\"hurghada\" \/>\n<meta name=\"geo.region\" content=\"Egypt\" \/>\n<!-- \/ Yoast SEO Premium plugin. -->","yoast_head_json":{"title":"Zasebni taksi transferji v zaliv Soma v Luksor, Kairo | Razko\u0161je in Vip","description":"Private Soma bay Taxi Transfers to Luxor, Cairo | Rezervacija Poceni Cene Tourist Service Transfer by Luxury Minivan and Vip Car to Marsa alam, EL Gouna...","robots":{"index":"index","follow":"follow","max-snippet":"max-snippet:-1","max-image-preview":"max-image-preview:large","max-video-preview":"max-video-preview:-1"},"canonical":"https:\/\/hurghadalovers.com\/sl\/tours\/zasebni-soma-bay-taxi-transfers\/","og_locale":"sl_SI","og_type":"article","og_title":"Zasebni transferji Soma bay Taxi","og_description":"Private Soma bay Taxi Transfers to Luxor, Cairo | Rezervacija Poceni Cene Tourist Service Transfer by Luxury Minivan and Vip Car to Marsa alam, EL Gouna...","og_url":"https:\/\/hurghadalovers.com\/sl\/tours\/zasebni-soma-bay-taxi-transfers\/","og_site_name":"Hurghada Excursions &amp; Day Trips | Booking Best Prices Tours","article_publisher":"https:\/\/www.facebook.com\/Hurghadaloversegypt","article_modified_time":"2026-02-08T04:25:31+00:00","og_image":[{"width":1156,"height":867,"url":"https:\/\/hurghadalovers.com\/wp-content\/uploads\/2023\/08\/Privater-Transfer-von-Soma-bay-2.jpeg","type":"image\/jpeg"}],"twitter_card":"summary_large_image","twitter_misc":{"Price":"&euro;&nbsp;30","Availability":"In stock"},"schema":{"@context":"https:\/\/schema.org","@graph":[{"@type":["WebPage","ItemPage"],"@id":"https:\/\/hurghadalovers.com\/sl\/tours\/zasebni-soma-bay-taxi-transfers\/","url":"https:\/\/hurghadalovers.com\/sl\/tours\/zasebni-soma-bay-taxi-transfers\/","name":"Zasebni taksi transferji v zaliv Soma v Luksor, Kairo | Razko\u0161je in Vip","isPartOf":{"@id":"https:\/\/hurghadalovers.com\/sl\/#website"},"primaryImageOfPage":{"@id":"https:\/\/hurghadalovers.com\/sl\/tours\/zasebni-soma-bay-taxi-transfers\/#primaryimage"},"image":{"@id":"https:\/\/hurghadalovers.com\/sl\/tours\/zasebni-soma-bay-taxi-transfers\/#primaryimage"},"thumbnailUrl":"https:\/\/hurghadalovers.com\/wp-content\/uploads\/2023\/08\/Privater-Transfer-von-Soma-bay-2.jpeg","datePublished":"2023-08-26T09:22:14+00:00","dateModified":"2026-02-08T04:25:31+00:00","description":"Private Soma bay Taxi Transfers to Luxor, Cairo | Rezervacija Poceni Cene Tourist Service Transfer by Luxury Minivan and Vip Car to Marsa alam, EL Gouna...","breadcrumb":{"@id":"https:\/\/hurghadalovers.com\/sl\/tours\/zasebni-soma-bay-taxi-transfers\/#breadcrumb"},"inLanguage":"sl-SI","potentialAction":[{"@type":"ReadAction","target":["https:\/\/hurghadalovers.com\/sl\/tours\/zasebni-soma-bay-taxi-transfers\/"]}]},{"@type":"ImageObject","inLanguage":"sl-SI","@id":"https:\/\/hurghadalovers.com\/sl\/tours\/zasebni-soma-bay-taxi-transfers\/#primaryimage","url":"https:\/\/hurghadalovers.com\/wp-content\/uploads\/2023\/08\/Privater-Transfer-von-Soma-bay-2.jpeg","contentUrl":"https:\/\/hurghadalovers.com\/wp-content\/uploads\/2023\/08\/Privater-Transfer-von-Soma-bay-2.jpeg","width":1156,"height":867,"caption":"Privater Transfer von Soma Bay nach Luxor, Kairo"},{"@type":"BreadcrumbList","@id":"https:\/\/hurghadalovers.com\/sl\/tours\/zasebni-soma-bay-taxi-transfers\/#breadcrumb","itemListElement":[{"@type":"ListItem","position":1,"name":"Home","item":"https:\/\/hurghadalovers.com\/sl\/"},{"@type":"ListItem","position":2,"name":"Shop","item":"https:\/\/hurghadalovers.com\/shop\/"},{"@type":"ListItem","position":3,"name":"Zasebni transferji Soma bay Taxi"}]},{"@type":"WebSite","@id":"https:\/\/hurghadalovers.com\/sl\/#website","url":"https:\/\/hurghadalovers.com\/sl\/","name":"Hurghada Excursions & Day Trips | Booking Best Prices Tours","description":"Hurghada Lovers - Best Tour Operator - Excursions &amp; Things to do for Family Day Trips with kids and Couples Romantic. Unique .Hidden gems","publisher":{"@id":"https:\/\/hurghadalovers.com\/sl\/#organization"},"alternateName":"Hurghada Excursions","potentialAction":[{"@type":"SearchAction","target":{"@type":"EntryPoint","urlTemplate":"https:\/\/hurghadalovers.com\/sl\/?s={search_term_string}"},"query-input":{"@type":"PropertyValueSpecification","valueRequired":true,"valueName":"search_term_string"}}],"inLanguage":"sl-SI"},{"@type":["Organization","Place","TravelAgency"],"@id":"https:\/\/hurghadalovers.com\/sl\/#organization","name":"Hurghada Excursions","url":"https:\/\/hurghadalovers.com\/sl\/","logo":{"@id":"https:\/\/hurghadalovers.com\/sl\/tours\/zasebni-soma-bay-taxi-transfers\/#local-main-organization-logo"},"image":{"@id":"https:\/\/hurghadalovers.com\/sl\/tours\/zasebni-soma-bay-taxi-transfers\/#local-main-organization-logo"},"sameAs":["https:\/\/www.facebook.com\/Hurghadaloversegypt"],"address":{"@id":"https:\/\/hurghadalovers.com\/sl\/tours\/zasebni-soma-bay-taxi-transfers\/#local-main-place-address"},"telephone":["00201112596434"],"contactPoint":{"@type":"ContactPoint","telephone":"00201112596434","email":"weyouface@gmail.com"},"openingHoursSpecification":{"@type":"OpeningHoursSpecification","dayOfWeek":["Monday","Tuesday","Wednesday","Thursday","Friday","Saturday","Sunday"],"opens":"00:00","closes":"23:59"},"email":"weyouface@gmail.com","areaServed":"Luxor, Hurghada, El Gouna, Aswan, Sharm El Sheikh, Giza, Alexandria, Marsa Alam, Quseir, Soma Bay, Sahl Hasheesh, Red Sea, Makadi Bay, Cairo","priceRange":"$","currenciesAccepted":"euro","paymentAccepted":"cash on site"},{"@type":"PostalAddress","@id":"https:\/\/hurghadalovers.com\/sl\/tours\/zasebni-soma-bay-taxi-transfers\/#local-main-place-address","streetAddress":"17 Banks street, Alkawther area, top nbk bank","addressLocality":"hurghada","postalCode":"84511","addressRegion":"red sea","addressCountry":"EG"},{"@type":"ImageObject","inLanguage":"sl-SI","@id":"https:\/\/hurghadalovers.com\/sl\/tours\/zasebni-soma-bay-taxi-transfers\/#local-main-organization-logo","url":"https:\/\/hurghadalovers.com\/wp-content\/uploads\/2019\/10\/hurghada-excursions-logo.png","contentUrl":"https:\/\/hurghadalovers.com\/wp-content\/uploads\/2019\/10\/hurghada-excursions-logo.png","width":272,"height":90,"caption":"Hurghada Excursions"}]},"product_brand":"Izleti Kairo iz Soma bay","product_price_amount":"30","product_price_currency":"EUR","og_availability":"instock","product_availability":"instock","product_retailer_item_id":"Somabay042024","product_condition":"new","geo.placename":"hurghada","geo.region":"Egypt"},"_links":{"self":[{"href":"https:\/\/hurghadalovers.com\/sl\/wp-json\/wp\/v2\/product\/383092","targetHints":{"allow":["GET"]}}],"collection":[{"href":"https:\/\/hurghadalovers.com\/sl\/wp-json\/wp\/v2\/product"}],"about":[{"href":"https:\/\/hurghadalovers.com\/sl\/wp-json\/wp\/v2\/types\/product"}],"wp:featuredmedia":[{"embeddable":true,"href":"https:\/\/hurghadalovers.com\/sl\/wp-json\/wp\/v2\/media\/454394"}],"wp:attachment":[{"href":"https:\/\/hurghadalovers.com\/sl\/wp-json\/wp\/v2\/media?parent=383092"}],"wp:term":[{"taxonomy":"product_brand","embeddable":true,"href":"https:\/\/hurghadalovers.com\/sl\/wp-json\/wp\/v2\/product_brand?post=383092"},{"taxonomy":"product_cat","embeddable":true,"href":"https:\/\/hurghadalovers.com\/sl\/wp-json\/wp\/v2\/product_cat?post=383092"},{"taxonomy":"product_tag","embeddable":true,"href":"https:\/\/hurghadalovers.com\/sl\/wp-json\/wp\/v2\/product_tag?post=383092"}],"curies":[{"name":"wp","href":"https:\/\/api.w.org\/{rel}","templated":true}]}}