{"id":382898,"date":"2023-08-26T08:44:00","date_gmt":"2023-08-26T08:44:00","guid":{"rendered":"https:\/\/hurghadalovers.com\/shop\/nekategorizirano\/zaliv-soma-do-piramid-celodnevni-izlet-z-avtobusom\/"},"modified":"2026-02-08T03:56:21","modified_gmt":"2026-02-08T03:56:21","slug":"soma-bay-to-pyramids-day-trip-by-bus","status":"publish","type":"product","link":"https:\/\/hurghadalovers.com\/sl\/tours\/soma-bay-to-pyramids-day-trip-by-bus\/","title":{"rendered":"Zaliv Soma Do piramid Celodnevni izlet z avtobusom"},"content":{"rendered":"<p><strong>Soma bay<\/strong><strong> To Pyramids Day Trip by Bus<\/strong> | Rezervacija Poceni Cena Cairo Tours iz Soma bay z zasebnim vodnikom, kosilo, vstopnice in luksuzni transfer.<\/p>\n<p><strong>Odkrijte skrivnosti faraonske civilizacije<\/strong><\/p>\n<p><strong>Poudarki:<\/strong><\/p>\n<ol>\n<li>Obi\u0161\u010dite piramide v Gizi.<\/li>\n<li>Obi\u0161\u010dite Veliko sfingo.<\/li>\n<li>Egip\u010danski muzej.<\/li>\n<li>Kosilo v restavraciji &#8220;Na voljo je vegetarijanska hrana&#8221;.<\/li>\n<\/ol>\n<p><strong>Zaliv Soma <\/strong><strong>Do piramid Dnevni izlet z avtobusom Podrobnosti:<\/strong><\/p>\n<ul>\n<li>Razpolo\u017eljivost ture: Vsak dan.<\/li>\n<li>Vrsta ture: Skupina: Skupina.<\/li>\n<li>\u010cas prevzema: Za\u010detek od 12:00.<\/li>\n<li>Pro\u0161nja Hotel dobite vre\u010dko za zajtrk z vami zjutraj.<\/li>\n<li>\u010cas odhoda: 23:00.<\/li>\n<li>Dostopno za invalidske vozi\u010dke.<\/li>\n<li>Trajanje: 24 ur.<\/li>\n<\/ul>\n<p><strong>Rezervirajte zdaj in pla\u010dajte pozneje:<\/strong><\/p>\n<ul>\n<li>Denar na kraju samem za vodenje.<\/li>\n<li>Pla\u010dilo z egiptovskimi funti, $, \u20ac ali \u00a3.<\/li>\n<\/ul>\n<p><strong>Pravila odpovedi:<\/strong><\/p>\n<ul>\n<li>prekli\u010dete do 24 ur vnaprej.<\/li>\n<li>Ko kdo iz va\u0161e dru\u017eine prekli\u010de jutro, pla\u010da 50 % stro\u0161kov.<\/li>\n<\/ul>\n<p><strong>Kaj je vklju\u010deno?<\/strong><\/p>\n<ul>\n<li>Transfer iz hotelov v zalivu Soma &#8220;Hotel pick up and drop off&#8221;.<\/li>\n<li>Vsi davki, vstopnine in manipulativni stro\u0161ki.<\/li>\n<li>Prenosi.<\/li>\n<li>Turisti\u010dni vodnik.<\/li>\n<li>Kosilo v restavraciji.<\/li>\n<\/ul>\n<p><strong>Izklju\u010ditve?<\/strong><\/p>\n<ul>\n<li>Dajanje napitnine.<\/li>\n<li>Izlet s feluko &#8220;Kri\u017earjenje z ladjo&#8221; Za 35 min.<\/li>\n<li>Pija\u010de.<\/li>\n<li>Dodatki, ki niso bili omenjeni.<\/li>\n<\/ul>\n<p><strong>Cene:<\/strong><\/p>\n<ul>\n<li><strong>Cena za odrasle = <\/strong><strong>65 $<\/strong><strong> na osebo<\/strong>.<\/li>\n<li>Cena za otroke &#8220;5-12\u2033= 50%.<\/li>\n<li>za otroke &#8220;0-5\u2033= brezpla\u010dno.<\/li>\n<\/ul>\n<p>&nbsp;<\/p>\n<p><strong>Mnenja:<\/strong><\/p>\n<p>preverite na\u0161e Google Map Reviews kot Best <a href=\"https:\/\/g.page\/r\/CUeYvkngP3wkEBM\/review\">Tour Operator v Hurgadi na<\/a> spletu v <a href=\"https:\/\/hurghadalovers.com\/\">Hurgadi<\/a> Egipt.<\/p>\n<p>&nbsp;<\/p>\n<p><strong>Rezervacije:<\/strong><\/p>\n<p>Po\u0161ljite hotel + \u0160tevilka sobe + Foto potni listi na WhatsApp: <strong>+201112596434<\/strong><\/p>\n<p>\u010ce ste iz Egipta Rezervacija zdaj na spletu in potrdite ob prihodu Hotel.<\/p>\n<p>&nbsp;<\/p>\n<p>&nbsp;<\/p>\n","protected":false},"excerpt":{"rendered":"<p><strong>Soma bay<\/strong><strong> To Pyramids Day Trip by Bus<\/strong> | Rezervacija Poceni Cena Cairo Tours iz Soma bay z zasebnim vodnikom, kosilo, vstopnice in luksuzni transfer.<\/p>\n","protected":false},"featured_media":382857,"template":"","meta":{"_joinchat":[]},"product_brand":[],"product_cat":[36671],"product_tag":[55432,54967,55027,55455,55033,54981,54988,55021,55422,55439,55447,54960,54974,55427,55463,51030],"class_list":{"0":"post-382898","1":"product","2":"type-product","3":"status-publish","4":"has-post-thumbnail","6":"product_cat-izleti","7":"product_tag-aktivnosti-v-zalivu-soma-za-pare","8":"product_tag-celodnevni-izlet-v-kairo-iz-zaliva-soma","9":"product_tag-dejavnosti-v-zalivu-soma","10":"product_tag-dejavnosti-za-otroke-iz-zaliva-soma","11":"product_tag-dnevni-izleti-v-zaliv-soma","12":"product_tag-izlet-iz-zaliva-soma-v-kairo","13":"product_tag-izlet-od-zaliva-soma-do-piramid","14":"product_tag-izleti-v-zaliv-soma","15":"product_tag-kaj-poceti-v-zalivu-soma-sl","16":"product_tag-kaj-poceti-v-zalivu-soma-za-pare","17":"product_tag-kaj-poceti-z-otroki-iz-zaliva-soma","18":"product_tag-od-zaliva-soma-do-piramid","19":"product_tag-piramide-iz-zaliva-soma","20":"product_tag-romanticne-stvari-ki-jih-lahko-pocnete-v-zalivu-soma","21":"product_tag-zabavne-dejavnosti-v-zaprtih-prostorih-iz-soma-baya","22":"product_tag-zasebni-izleti-v-kairo","23":"tour_category-dnevni-izleti-v-kairo-iz-zaliva-soma","24":"tour_category-zaliv-soma-izleti","26":"first","27":"instock","28":"sale","29":"shipping-taxable","30":"purchasable","31":"product-type-tour"},"yoast_head":"<!-- This site is optimized with the Yoast SEO Premium plugin v26.9 (Yoast SEO v27.2) - https:\/\/yoast.com\/product\/yoast-seo-premium-wordpress\/ -->\n<title>Soma zaliv do piramid Dnevni izlet z avtobusom | Poceni Cena Cairo Tours<\/title>\n<meta name=\"description\" content=\"Soma bay To Pyramids Day Trip by Bus | Rezervacija Poceni Cena Cairo Tours iz Soma bay z zasebnim vodnikom, kosilo, vstopnice in luksuzni transfer.\" \/>\n<meta name=\"robots\" content=\"index, follow, max-snippet:-1, max-image-preview:large, max-video-preview:-1\" \/>\n<link rel=\"canonical\" href=\"https:\/\/hurghadalovers.com\/sl\/tours\/soma-bay-to-pyramids-day-trip-by-bus\/\" \/>\n<meta property=\"og:locale\" content=\"sl_SI\" \/>\n<meta property=\"og:type\" content=\"article\" \/>\n<meta property=\"og:title\" content=\"Zaliv Soma Do piramid Celodnevni izlet z avtobusom\" \/>\n<meta property=\"og:description\" content=\"Soma bay To Pyramids Day Trip by Bus | Rezervacija Poceni Cena Cairo Tours iz Soma bay z zasebnim vodnikom, kosilo, vstopnice in luksuzni transfer.\" \/>\n<meta property=\"og:url\" content=\"https:\/\/hurghadalovers.com\/sl\/tours\/soma-bay-to-pyramids-day-trip-by-bus\/\" \/>\n<meta property=\"og:site_name\" content=\"Hurghada Excursions &amp; Day Trips | Booking Best Prices Tours\" \/>\n<meta property=\"article:publisher\" content=\"https:\/\/www.facebook.com\/Hurghadaloversegypt\" \/>\n<meta property=\"article:modified_time\" content=\"2026-02-08T03:56:21+00:00\" \/>\n<meta property=\"og:image\" content=\"https:\/\/hurghadalovers.com\/wp-content\/uploads\/2023\/08\/Soma-bay-To-Pyramids-Day-Trip-by-Bus.jpeg\" \/>\n\t<meta property=\"og:image:width\" content=\"1536\" \/>\n\t<meta property=\"og:image:height\" content=\"1021\" \/>\n\t<meta property=\"og:image:type\" content=\"image\/jpeg\" \/>\n<meta name=\"twitter:card\" content=\"summary_large_image\" \/>\n<meta name=\"twitter:label1\" content=\"Price\" \/>\n\t<meta name=\"twitter:data1\" content=\"&euro;&nbsp;75\" \/>\n\t<meta name=\"twitter:label2\" content=\"Availability\" \/>\n\t<meta name=\"twitter:data2\" content=\"In stock\" \/>\n<script type=\"application\/ld+json\" class=\"yoast-schema-graph\">{\"@context\":\"https:\/\/schema.org\",\"@graph\":[{\"@type\":[\"WebPage\",\"ItemPage\"],\"@id\":\"https:\/\/hurghadalovers.com\/sl\/tours\/soma-bay-to-pyramids-day-trip-by-bus\/\",\"url\":\"https:\/\/hurghadalovers.com\/sl\/tours\/soma-bay-to-pyramids-day-trip-by-bus\/\",\"name\":\"Soma zaliv do piramid Dnevni izlet z avtobusom | Poceni Cena Cairo Tours\",\"isPartOf\":{\"@id\":\"https:\/\/hurghadalovers.com\/sl\/#website\"},\"primaryImageOfPage\":{\"@id\":\"https:\/\/hurghadalovers.com\/sl\/tours\/soma-bay-to-pyramids-day-trip-by-bus\/#primaryimage\"},\"image\":{\"@id\":\"https:\/\/hurghadalovers.com\/sl\/tours\/soma-bay-to-pyramids-day-trip-by-bus\/#primaryimage\"},\"thumbnailUrl\":\"https:\/\/hurghadalovers.com\/wp-content\/uploads\/2023\/08\/Soma-bay-To-Pyramids-Day-Trip-by-Bus.jpeg\",\"datePublished\":\"2023-08-26T08:44:00+00:00\",\"dateModified\":\"2026-02-08T03:56:21+00:00\",\"description\":\"Soma bay To Pyramids Day Trip by Bus | Rezervacija Poceni Cena Cairo Tours iz Soma bay z zasebnim vodnikom, kosilo, vstopnice in luksuzni transfer.\",\"breadcrumb\":{\"@id\":\"https:\/\/hurghadalovers.com\/sl\/tours\/soma-bay-to-pyramids-day-trip-by-bus\/#breadcrumb\"},\"inLanguage\":\"sl-SI\",\"potentialAction\":[{\"@type\":\"ReadAction\",\"target\":[\"https:\/\/hurghadalovers.com\/sl\/tours\/soma-bay-to-pyramids-day-trip-by-bus\/\"]}]},{\"@type\":\"ImageObject\",\"inLanguage\":\"sl-SI\",\"@id\":\"https:\/\/hurghadalovers.com\/sl\/tours\/soma-bay-to-pyramids-day-trip-by-bus\/#primaryimage\",\"url\":\"https:\/\/hurghadalovers.com\/wp-content\/uploads\/2023\/08\/Soma-bay-To-Pyramids-Day-Trip-by-Bus.jpeg\",\"contentUrl\":\"https:\/\/hurghadalovers.com\/wp-content\/uploads\/2023\/08\/Soma-bay-To-Pyramids-Day-Trip-by-Bus.jpeg\",\"width\":1536,\"height\":1021,\"caption\":\"Zaliv Soma Do piramid Celodnevni izlet z avtobusom\"},{\"@type\":\"BreadcrumbList\",\"@id\":\"https:\/\/hurghadalovers.com\/sl\/tours\/soma-bay-to-pyramids-day-trip-by-bus\/#breadcrumb\",\"itemListElement\":[{\"@type\":\"ListItem\",\"position\":1,\"name\":\"Home\",\"item\":\"https:\/\/hurghadalovers.com\/sl\/\"},{\"@type\":\"ListItem\",\"position\":2,\"name\":\"Shop\",\"item\":\"https:\/\/hurghadalovers.com\/shop\/\"},{\"@type\":\"ListItem\",\"position\":3,\"name\":\"Zaliv Soma Do piramid Celodnevni izlet z avtobusom\"}]},{\"@type\":\"WebSite\",\"@id\":\"https:\/\/hurghadalovers.com\/sl\/#website\",\"url\":\"https:\/\/hurghadalovers.com\/sl\/\",\"name\":\"Hurghada Excursions & Day Trips | Booking Best Prices Tours\",\"description\":\"Hurghada Lovers - Best Tour Operator - Excursions &amp; Things to do for Family Day Trips with kids and Couples Romantic. Unique .Hidden gems\",\"publisher\":{\"@id\":\"https:\/\/hurghadalovers.com\/sl\/#organization\"},\"alternateName\":\"Hurghada Excursions\",\"potentialAction\":[{\"@type\":\"SearchAction\",\"target\":{\"@type\":\"EntryPoint\",\"urlTemplate\":\"https:\/\/hurghadalovers.com\/sl\/?s={search_term_string}\"},\"query-input\":{\"@type\":\"PropertyValueSpecification\",\"valueRequired\":true,\"valueName\":\"search_term_string\"}}],\"inLanguage\":\"sl-SI\"},{\"@type\":[\"Organization\",\"Place\",\"TravelAgency\"],\"@id\":\"https:\/\/hurghadalovers.com\/sl\/#organization\",\"name\":\"Hurghada Excursions\",\"url\":\"https:\/\/hurghadalovers.com\/sl\/\",\"logo\":{\"@id\":\"https:\/\/hurghadalovers.com\/sl\/tours\/soma-bay-to-pyramids-day-trip-by-bus\/#local-main-organization-logo\"},\"image\":{\"@id\":\"https:\/\/hurghadalovers.com\/sl\/tours\/soma-bay-to-pyramids-day-trip-by-bus\/#local-main-organization-logo\"},\"sameAs\":[\"https:\/\/www.facebook.com\/Hurghadaloversegypt\"],\"address\":{\"@id\":\"https:\/\/hurghadalovers.com\/sl\/tours\/soma-bay-to-pyramids-day-trip-by-bus\/#local-main-place-address\"},\"telephone\":[\"00201112596434\"],\"contactPoint\":{\"@type\":\"ContactPoint\",\"telephone\":\"00201112596434\",\"email\":\"weyouface@gmail.com\"},\"openingHoursSpecification\":{\"@type\":\"OpeningHoursSpecification\",\"dayOfWeek\":[\"Monday\",\"Tuesday\",\"Wednesday\",\"Thursday\",\"Friday\",\"Saturday\",\"Sunday\"],\"opens\":\"00:00\",\"closes\":\"23:59\"},\"email\":\"weyouface@gmail.com\",\"areaServed\":\"Luxor, Hurghada, El Gouna, Aswan, Sharm El Sheikh, Giza, Alexandria, Marsa Alam, Quseir, Soma Bay, Sahl Hasheesh, Red Sea, Makadi Bay, Cairo\",\"priceRange\":\"$\",\"currenciesAccepted\":\"euro\",\"paymentAccepted\":\"cash on site\"},{\"@type\":\"PostalAddress\",\"@id\":\"https:\/\/hurghadalovers.com\/sl\/tours\/soma-bay-to-pyramids-day-trip-by-bus\/#local-main-place-address\",\"streetAddress\":\"17 Banks street, Alkawther area, top nbk bank\",\"addressLocality\":\"hurghada\",\"postalCode\":\"84511\",\"addressRegion\":\"red sea\",\"addressCountry\":\"EG\"},{\"@type\":\"ImageObject\",\"inLanguage\":\"sl-SI\",\"@id\":\"https:\/\/hurghadalovers.com\/sl\/tours\/soma-bay-to-pyramids-day-trip-by-bus\/#local-main-organization-logo\",\"url\":\"https:\/\/hurghadalovers.com\/wp-content\/uploads\/2019\/10\/hurghada-excursions-logo.png\",\"contentUrl\":\"https:\/\/hurghadalovers.com\/wp-content\/uploads\/2019\/10\/hurghada-excursions-logo.png\",\"width\":272,\"height\":90,\"caption\":\"Hurghada Excursions\"}]}<\/script>\n<meta property=\"product:brand\" content=\"Izleti Kairo iz Soma bay\" \/>\n<meta property=\"product:price:amount\" content=\"75\" \/>\n<meta property=\"product:price:currency\" content=\"EUR\" \/>\n<meta property=\"og:availability\" content=\"instock\" \/>\n<meta property=\"product:availability\" content=\"instock\" \/>\n<meta property=\"product:retailer_item_id\" content=\"Somabay012024\" \/>\n<meta property=\"product:condition\" content=\"new\" \/>\n<meta name=\"geo.placename\" content=\"hurghada\" \/>\n<meta name=\"geo.region\" content=\"Egypt\" \/>\n<!-- \/ Yoast SEO Premium plugin. -->","yoast_head_json":{"title":"Soma zaliv do piramid Dnevni izlet z avtobusom | Poceni Cena Cairo Tours","description":"Soma bay To Pyramids Day Trip by Bus | Rezervacija Poceni Cena Cairo Tours iz Soma bay z zasebnim vodnikom, kosilo, vstopnice in luksuzni transfer.","robots":{"index":"index","follow":"follow","max-snippet":"max-snippet:-1","max-image-preview":"max-image-preview:large","max-video-preview":"max-video-preview:-1"},"canonical":"https:\/\/hurghadalovers.com\/sl\/tours\/soma-bay-to-pyramids-day-trip-by-bus\/","og_locale":"sl_SI","og_type":"article","og_title":"Zaliv Soma Do piramid Celodnevni izlet z avtobusom","og_description":"Soma bay To Pyramids Day Trip by Bus | Rezervacija Poceni Cena Cairo Tours iz Soma bay z zasebnim vodnikom, kosilo, vstopnice in luksuzni transfer.","og_url":"https:\/\/hurghadalovers.com\/sl\/tours\/soma-bay-to-pyramids-day-trip-by-bus\/","og_site_name":"Hurghada Excursions &amp; Day Trips | Booking Best Prices Tours","article_publisher":"https:\/\/www.facebook.com\/Hurghadaloversegypt","article_modified_time":"2026-02-08T03:56:21+00:00","og_image":[{"width":1536,"height":1021,"url":"https:\/\/hurghadalovers.com\/wp-content\/uploads\/2023\/08\/Soma-bay-To-Pyramids-Day-Trip-by-Bus.jpeg","type":"image\/jpeg"}],"twitter_card":"summary_large_image","twitter_misc":{"Price":"&euro;&nbsp;75","Availability":"In stock"},"schema":{"@context":"https:\/\/schema.org","@graph":[{"@type":["WebPage","ItemPage"],"@id":"https:\/\/hurghadalovers.com\/sl\/tours\/soma-bay-to-pyramids-day-trip-by-bus\/","url":"https:\/\/hurghadalovers.com\/sl\/tours\/soma-bay-to-pyramids-day-trip-by-bus\/","name":"Soma zaliv do piramid Dnevni izlet z avtobusom | Poceni Cena Cairo Tours","isPartOf":{"@id":"https:\/\/hurghadalovers.com\/sl\/#website"},"primaryImageOfPage":{"@id":"https:\/\/hurghadalovers.com\/sl\/tours\/soma-bay-to-pyramids-day-trip-by-bus\/#primaryimage"},"image":{"@id":"https:\/\/hurghadalovers.com\/sl\/tours\/soma-bay-to-pyramids-day-trip-by-bus\/#primaryimage"},"thumbnailUrl":"https:\/\/hurghadalovers.com\/wp-content\/uploads\/2023\/08\/Soma-bay-To-Pyramids-Day-Trip-by-Bus.jpeg","datePublished":"2023-08-26T08:44:00+00:00","dateModified":"2026-02-08T03:56:21+00:00","description":"Soma bay To Pyramids Day Trip by Bus | Rezervacija Poceni Cena Cairo Tours iz Soma bay z zasebnim vodnikom, kosilo, vstopnice in luksuzni transfer.","breadcrumb":{"@id":"https:\/\/hurghadalovers.com\/sl\/tours\/soma-bay-to-pyramids-day-trip-by-bus\/#breadcrumb"},"inLanguage":"sl-SI","potentialAction":[{"@type":"ReadAction","target":["https:\/\/hurghadalovers.com\/sl\/tours\/soma-bay-to-pyramids-day-trip-by-bus\/"]}]},{"@type":"ImageObject","inLanguage":"sl-SI","@id":"https:\/\/hurghadalovers.com\/sl\/tours\/soma-bay-to-pyramids-day-trip-by-bus\/#primaryimage","url":"https:\/\/hurghadalovers.com\/wp-content\/uploads\/2023\/08\/Soma-bay-To-Pyramids-Day-Trip-by-Bus.jpeg","contentUrl":"https:\/\/hurghadalovers.com\/wp-content\/uploads\/2023\/08\/Soma-bay-To-Pyramids-Day-Trip-by-Bus.jpeg","width":1536,"height":1021,"caption":"Zaliv Soma Do piramid Celodnevni izlet z avtobusom"},{"@type":"BreadcrumbList","@id":"https:\/\/hurghadalovers.com\/sl\/tours\/soma-bay-to-pyramids-day-trip-by-bus\/#breadcrumb","itemListElement":[{"@type":"ListItem","position":1,"name":"Home","item":"https:\/\/hurghadalovers.com\/sl\/"},{"@type":"ListItem","position":2,"name":"Shop","item":"https:\/\/hurghadalovers.com\/shop\/"},{"@type":"ListItem","position":3,"name":"Zaliv Soma Do piramid Celodnevni izlet z avtobusom"}]},{"@type":"WebSite","@id":"https:\/\/hurghadalovers.com\/sl\/#website","url":"https:\/\/hurghadalovers.com\/sl\/","name":"Hurghada Excursions & Day Trips | Booking Best Prices Tours","description":"Hurghada Lovers - Best Tour Operator - Excursions &amp; Things to do for Family Day Trips with kids and Couples Romantic. Unique .Hidden gems","publisher":{"@id":"https:\/\/hurghadalovers.com\/sl\/#organization"},"alternateName":"Hurghada Excursions","potentialAction":[{"@type":"SearchAction","target":{"@type":"EntryPoint","urlTemplate":"https:\/\/hurghadalovers.com\/sl\/?s={search_term_string}"},"query-input":{"@type":"PropertyValueSpecification","valueRequired":true,"valueName":"search_term_string"}}],"inLanguage":"sl-SI"},{"@type":["Organization","Place","TravelAgency"],"@id":"https:\/\/hurghadalovers.com\/sl\/#organization","name":"Hurghada Excursions","url":"https:\/\/hurghadalovers.com\/sl\/","logo":{"@id":"https:\/\/hurghadalovers.com\/sl\/tours\/soma-bay-to-pyramids-day-trip-by-bus\/#local-main-organization-logo"},"image":{"@id":"https:\/\/hurghadalovers.com\/sl\/tours\/soma-bay-to-pyramids-day-trip-by-bus\/#local-main-organization-logo"},"sameAs":["https:\/\/www.facebook.com\/Hurghadaloversegypt"],"address":{"@id":"https:\/\/hurghadalovers.com\/sl\/tours\/soma-bay-to-pyramids-day-trip-by-bus\/#local-main-place-address"},"telephone":["00201112596434"],"contactPoint":{"@type":"ContactPoint","telephone":"00201112596434","email":"weyouface@gmail.com"},"openingHoursSpecification":{"@type":"OpeningHoursSpecification","dayOfWeek":["Monday","Tuesday","Wednesday","Thursday","Friday","Saturday","Sunday"],"opens":"00:00","closes":"23:59"},"email":"weyouface@gmail.com","areaServed":"Luxor, Hurghada, El Gouna, Aswan, Sharm El Sheikh, Giza, Alexandria, Marsa Alam, Quseir, Soma Bay, Sahl Hasheesh, Red Sea, Makadi Bay, Cairo","priceRange":"$","currenciesAccepted":"euro","paymentAccepted":"cash on site"},{"@type":"PostalAddress","@id":"https:\/\/hurghadalovers.com\/sl\/tours\/soma-bay-to-pyramids-day-trip-by-bus\/#local-main-place-address","streetAddress":"17 Banks street, Alkawther area, top nbk bank","addressLocality":"hurghada","postalCode":"84511","addressRegion":"red sea","addressCountry":"EG"},{"@type":"ImageObject","inLanguage":"sl-SI","@id":"https:\/\/hurghadalovers.com\/sl\/tours\/soma-bay-to-pyramids-day-trip-by-bus\/#local-main-organization-logo","url":"https:\/\/hurghadalovers.com\/wp-content\/uploads\/2019\/10\/hurghada-excursions-logo.png","contentUrl":"https:\/\/hurghadalovers.com\/wp-content\/uploads\/2019\/10\/hurghada-excursions-logo.png","width":272,"height":90,"caption":"Hurghada Excursions"}]},"product_brand":"Izleti Kairo iz Soma bay","product_price_amount":"75","product_price_currency":"EUR","og_availability":"instock","product_availability":"instock","product_retailer_item_id":"Somabay012024","product_condition":"new","geo.placename":"hurghada","geo.region":"Egypt"},"_links":{"self":[{"href":"https:\/\/hurghadalovers.com\/sl\/wp-json\/wp\/v2\/product\/382898","targetHints":{"allow":["GET"]}}],"collection":[{"href":"https:\/\/hurghadalovers.com\/sl\/wp-json\/wp\/v2\/product"}],"about":[{"href":"https:\/\/hurghadalovers.com\/sl\/wp-json\/wp\/v2\/types\/product"}],"wp:featuredmedia":[{"embeddable":true,"href":"https:\/\/hurghadalovers.com\/sl\/wp-json\/wp\/v2\/media\/382857"}],"wp:attachment":[{"href":"https:\/\/hurghadalovers.com\/sl\/wp-json\/wp\/v2\/media?parent=382898"}],"wp:term":[{"taxonomy":"product_brand","embeddable":true,"href":"https:\/\/hurghadalovers.com\/sl\/wp-json\/wp\/v2\/product_brand?post=382898"},{"taxonomy":"product_cat","embeddable":true,"href":"https:\/\/hurghadalovers.com\/sl\/wp-json\/wp\/v2\/product_cat?post=382898"},{"taxonomy":"product_tag","embeddable":true,"href":"https:\/\/hurghadalovers.com\/sl\/wp-json\/wp\/v2\/product_tag?post=382898"}],"curies":[{"name":"wp","href":"https:\/\/api.w.org\/{rel}","templated":true}]}}