{"id":379917,"date":"2023-08-13T11:41:59","date_gmt":"2023-08-13T11:41:59","guid":{"rendered":"https:\/\/hurghadalovers.com\/shop\/nekategorizirano\/zasebni-izleti-iz-hurgade-v-luksor-in-asuan-2-dni\/"},"modified":"2026-02-09T17:11:59","modified_gmt":"2026-02-09T17:11:59","slug":"zasebni-izleti-v-hurgado-za-luksuzne","status":"publish","type":"product","link":"https:\/\/hurghadalovers.com\/sl\/tours\/zasebni-izleti-v-hurgado-za-luksuzne\/","title":{"rendered":"Zasebni izleti iz Hurgade v Luksor in Asuan &#8211; 2 dni"},"content":{"rendered":"<p><strong>Zasebni izleti iz Hurgade v Luksor<\/strong> in Asuan &#8211; 2 dni z zasebnim vodnikom, vstopnicami in kosilom.<\/p>\n<p>&nbsp;<\/p>\n<p>Odkrijte skrivnosti kraljev faraonov na dvodnevnem izletu po znamenitostih starodavnih mest Luksor in Asuan ter spoznajte dejstva in zgodovino starodavne civilizacije Egipta, skrivnosti kralja Tutankamona, kralja Ramzesa II. in \u0161e ve\u010d.<\/p>\n<p><strong>Poudarki:<\/strong><\/p>\n<ul>\n<li>Tempelj Karnak.<\/li>\n<li>Memnonovi kolosi.<\/li>\n<li>Hatshepsutin mrtva\u0161ki tempelj.<\/li>\n<li>3 grobnice v Dolini kraljev .<\/li>\n<li>Tempelj v Filah.<\/li>\n<li>Nedokon\u010dani obelisk.<\/li>\n<li>Visoki jez.<\/li>\n<li>Kosilo v restavraciji &#8220;Na voljo je vegetarijanska hrana&#8221;.<\/li>\n<\/ul>\n<p><strong>Zasebni izleti iz Hurgade v Luxor &amp; &amp; Asuan Podrobnosti:<\/strong><\/p>\n<ul>\n<li>Razpolo\u017eljivost ture: Vsak dan.<\/li>\n<li>Vrsta ture: Zasebno z avtomobilom ali minivanom.<\/li>\n<li>\u010cas prevzema: Za\u010detek od 05:00 A.M.<\/li>\n<li>Pro\u0161nja Hotel dobite vre\u010dko za zajtrk z vami zjutraj.<\/li>\n<li>\u010cas odhoda: 19:00.<\/li>\n<li>Dostopno za invalidske vozi\u010dke.<\/li>\n<li>Trajanje: 2 dni \/ 1 no\u010d.<\/li>\n<\/ul>\n<p><strong>Rezervirajte zdaj in pla\u010dajte pozneje:<\/strong><\/p>\n<ul>\n<li>Denar na kraju samem za vodenje.<\/li>\n<li>Pla\u010dilo z egiptovskimi funti, $, \u20ac ali \u00a3.<\/li>\n<\/ul>\n<p><strong>Pravila odpovedi:<\/strong><\/p>\n<ul>\n<li>prekli\u010dete do 24 ur vnaprej.<\/li>\n<li>Ko kdo iz va\u0161e dru\u017eine prekli\u010de jutro, pla\u010da 50 % stro\u0161kov.<\/li>\n<\/ul>\n<p><strong>Kaj je vklju\u010deno?<\/strong><\/p>\n<ul>\n<li>Transfer iz hotelov v Hurgadi &#8220;Hotel pick up and drop off&#8221;.<\/li>\n<li>Vsi davki, vstopnine in manipulativni stro\u0161ki.<\/li>\n<li>Prenosi.<\/li>\n<li>Turisti\u010dni vodnik.<\/li>\n<li>Ena no\u010d v hotelu z zajtrkom.<\/li>\n<li>Pija\u010de.<\/li>\n<li>2 \u010cas kosilo v restavraciji.<\/li>\n<\/ul>\n<p><strong>Izklju\u010ditve?<\/strong><\/p>\n<ul>\n<li>Dajanje napitnine.<\/li>\n<li>Dodatki, ki niso bili omenjeni.<\/li>\n<\/ul>\n<p><strong>Zasebni izleti v Hurgado, Luxor in Asuan Cene:<\/strong><\/p>\n<ul>\n<li><strong>Cena za odrasle = <\/strong><strong>od 270 $<\/strong><strong> na osebo<\/strong>.<\/li>\n<li>Cena za otroke &#8220;5-12\u2033= 50%.<\/li>\n<li>za otroke &#8220;0-5\u2033= brezpla\u010dno.<\/li>\n<\/ul>\n<p><strong>Mnenja:<\/strong><\/p>\n<p>preverite na\u0161e Google Map Reviews kot Best <a href=\"https:\/\/g.page\/r\/CUeYvkngP3wkEBM\/review\">Tour Operator v Hurgadi na<\/a> spletu v <a href=\"https:\/\/hurghadalovers.com\/\">Hurgadi<\/a> Egipt.<\/p>\n<p>&nbsp;<\/p>\n<p><strong>Opomba:  <\/strong><\/p>\n<p>Organiziramo tudi turo s prevozom iz va\u0161ega hotela v El Goua, zalivu Soma, zalivu Makadi, Sahl Hasheesh, Safaga z dopla\u010dilom = 10 $ na osebo.<\/p>\n<p>&nbsp;<\/p>\n<p><strong>Rezervacije:<\/strong><\/p>\n<p>Po\u0161ljite hotel + \u0160tevilka sobe + Foto potni listi na WhatsApp: <strong>+201112596434<\/strong><\/p>\n<p>\u010ce ste iz Egipta Rezervacija zdaj na spletu in potrdite ob prihodu Hotel.<\/p>\n","protected":false},"excerpt":{"rendered":"<p>Zasebni izleti iz Hurgade v Luksor in Asuan &#8211; 2 dni z zasebnim vodnikom, vstopnicami in kosilom za obisk templja Karnak, templja Philae, templja Hat\u0161epsut, Doline kraljev in \u0161e ve\u010d&#8230;<\/p>\n","protected":false},"featured_media":492309,"template":"","meta":{"_joinchat":[]},"product_brand":[],"product_cat":[36671],"product_tag":[58945,58924,58936,58947,58927,58921,58930,58933,58942,58939],"class_list":{"0":"post-379917","1":"product","2":"type-product","3":"status-publish","4":"has-post-thumbnail","6":"product_cat-izleti","7":"product_tag-aktivnosti-v-hurgadi-za-pare","8":"product_tag-dnevni-izleti-v-hurgado","9":"product_tag-druzinske-stvari-za-poceti-iz-hurgade","10":"product_tag-enodnevni-izlet-iz-hurgade-v-luksor","11":"product_tag-enodnevni-izleti-iz-hurgade","12":"product_tag-izleti-v-hurgado","13":"product_tag-kaj-poceti-v-hurgadi","14":"product_tag-kaj-poceti-z-otroki-iz-hurgade","15":"product_tag-romanticne-stvari-ki-jih-lahko-pocnete-v-hurgadi","16":"product_tag-zabavni-kraji-kamor-lahko-greste-z-druzino-iz-hurgade","17":"tour_category-hurghada-to-luxor-trips-sl","18":"tour_category-hurghada-excursions-sl","20":"first","21":"instock","22":"sale","23":"shipping-taxable","24":"purchasable","25":"product-type-tour"},"yoast_head":"<!-- This site is optimized with the Yoast SEO Premium plugin v26.9 (Yoast SEO v27.2) - https:\/\/yoast.com\/product\/yoast-seo-premium-wordpress\/ -->\n<title>Zasebni izleti iz Hurgade v Luksor in Asuan - 2 dni<\/title>\n<meta name=\"description\" content=\"Zasebni izleti iz Hurgade v Luksor in Asuan - 2 dni z zasebnim vodnikom, vstopnicami in kosilom za obisk templja Karnak, Philae, Doline kraljev in \u0161e ve\u010d\" \/>\n<meta name=\"robots\" content=\"index, follow, max-snippet:-1, max-image-preview:large, max-video-preview:-1\" \/>\n<link rel=\"canonical\" href=\"https:\/\/hurghadalovers.com\/sl\/tours\/zasebni-izleti-v-hurgado-za-luksuzne\/\" \/>\n<meta property=\"og:locale\" content=\"sl_SI\" \/>\n<meta property=\"og:type\" content=\"article\" \/>\n<meta property=\"og:title\" content=\"Zasebni izleti iz Hurgade v Luksor in Asuan - 2 dni\" \/>\n<meta property=\"og:description\" content=\"Zasebni izleti iz Hurgade v Luksor in Asuan - 2 dni z zasebnim vodnikom, vstopnicami in kosilom za obisk templja Karnak, Philae, Doline kraljev in \u0161e ve\u010d\" \/>\n<meta property=\"og:url\" content=\"https:\/\/hurghadalovers.com\/sl\/tours\/zasebni-izleti-v-hurgado-za-luksuzne\/\" \/>\n<meta property=\"og:site_name\" content=\"Hurghada Excursions &amp; Day Trips | Booking Best Prices Tours\" \/>\n<meta property=\"article:publisher\" content=\"https:\/\/www.facebook.com\/Hurghadaloversegypt\" \/>\n<meta property=\"article:modified_time\" content=\"2026-02-09T17:11:59+00:00\" \/>\n<meta property=\"og:image\" content=\"https:\/\/hurghadalovers.com\/wp-content\/uploads\/2023\/08\/\u042d\u043a\u0441\u043a\u0443\u0440\u0441\u0438\u044f-\u041b\u0443\u043a\u0441\u043e\u0440-\u043c\u0438\u043d\u0438-\u0433\u0440\u0443\u043f\u043f\u043e\u0439-\u0438\u0437-\u0425\u0443\u0440\u0433\u0430\u0434\u044b.jpeg\" \/>\n\t<meta property=\"og:image:width\" content=\"1600\" \/>\n\t<meta property=\"og:image:height\" content=\"698\" \/>\n\t<meta property=\"og:image:type\" content=\"image\/jpeg\" \/>\n<meta name=\"twitter:card\" content=\"summary_large_image\" \/>\n<meta name=\"twitter:label1\" content=\"Price\" \/>\n\t<meta name=\"twitter:data1\" content=\"&euro;&nbsp;400\" \/>\n\t<meta name=\"twitter:label2\" content=\"Availability\" \/>\n\t<meta name=\"twitter:data2\" content=\"In stock\" \/>\n<script type=\"application\/ld+json\" class=\"yoast-schema-graph\">{\"@context\":\"https:\/\/schema.org\",\"@graph\":[{\"@type\":[\"WebPage\",\"ItemPage\"],\"@id\":\"https:\/\/hurghadalovers.com\/sl\/tours\/zasebni-izleti-v-hurgado-za-luksuzne\/\",\"url\":\"https:\/\/hurghadalovers.com\/sl\/tours\/zasebni-izleti-v-hurgado-za-luksuzne\/\",\"name\":\"Zasebni izleti iz Hurgade v Luksor in Asuan - 2 dni\",\"isPartOf\":{\"@id\":\"https:\/\/hurghadalovers.com\/sl\/#website\"},\"primaryImageOfPage\":{\"@id\":\"https:\/\/hurghadalovers.com\/sl\/tours\/zasebni-izleti-v-hurgado-za-luksuzne\/#primaryimage\"},\"image\":{\"@id\":\"https:\/\/hurghadalovers.com\/sl\/tours\/zasebni-izleti-v-hurgado-za-luksuzne\/#primaryimage\"},\"thumbnailUrl\":\"https:\/\/hurghadalovers.com\/wp-content\/uploads\/2023\/08\/\u042d\u043a\u0441\u043a\u0443\u0440\u0441\u0438\u044f-\u041b\u0443\u043a\u0441\u043e\u0440-\u043c\u0438\u043d\u0438-\u0433\u0440\u0443\u043f\u043f\u043e\u0439-\u0438\u0437-\u0425\u0443\u0440\u0433\u0430\u0434\u044b.jpeg\",\"datePublished\":\"2023-08-13T11:41:59+00:00\",\"dateModified\":\"2026-02-09T17:11:59+00:00\",\"description\":\"Zasebni izleti iz Hurgade v Luksor in Asuan - 2 dni z zasebnim vodnikom, vstopnicami in kosilom za obisk templja Karnak, Philae, Doline kraljev in \u0161e ve\u010d\",\"breadcrumb\":{\"@id\":\"https:\/\/hurghadalovers.com\/sl\/tours\/zasebni-izleti-v-hurgado-za-luksuzne\/#breadcrumb\"},\"inLanguage\":\"sl-SI\",\"potentialAction\":[{\"@type\":\"ReadAction\",\"target\":[\"https:\/\/hurghadalovers.com\/sl\/tours\/zasebni-izleti-v-hurgado-za-luksuzne\/\"]}]},{\"@type\":\"ImageObject\",\"inLanguage\":\"sl-SI\",\"@id\":\"https:\/\/hurghadalovers.com\/sl\/tours\/zasebni-izleti-v-hurgado-za-luksuzne\/#primaryimage\",\"url\":\"https:\/\/hurghadalovers.com\/wp-content\/uploads\/2023\/08\/\u042d\u043a\u0441\u043a\u0443\u0440\u0441\u0438\u044f-\u041b\u0443\u043a\u0441\u043e\u0440-\u043c\u0438\u043d\u0438-\u0433\u0440\u0443\u043f\u043f\u043e\u0439-\u0438\u0437-\u0425\u0443\u0440\u0433\u0430\u0434\u044b.jpeg\",\"contentUrl\":\"https:\/\/hurghadalovers.com\/wp-content\/uploads\/2023\/08\/\u042d\u043a\u0441\u043a\u0443\u0440\u0441\u0438\u044f-\u041b\u0443\u043a\u0441\u043e\u0440-\u043c\u0438\u043d\u0438-\u0433\u0440\u0443\u043f\u043f\u043e\u0439-\u0438\u0437-\u0425\u0443\u0440\u0433\u0430\u0434\u044b.jpeg\",\"width\":1600,\"height\":698,\"caption\":\"\u042d\u043a\u0441\u043a\u0443\u0440\u0441\u0438\u044f \u041b\u0443\u043a\u0441\u043e\u0440 \u043c\u0438\u043d\u0438 \u0433\u0440\u0443\u043f\u043f\u043e\u0438\u0306 \u0438\u0437 \u0425\u0443\u0440\u0433\u0430\u0434\u044b\"},{\"@type\":\"BreadcrumbList\",\"@id\":\"https:\/\/hurghadalovers.com\/sl\/tours\/zasebni-izleti-v-hurgado-za-luksuzne\/#breadcrumb\",\"itemListElement\":[{\"@type\":\"ListItem\",\"position\":1,\"name\":\"Home\",\"item\":\"https:\/\/hurghadalovers.com\/sl\/\"},{\"@type\":\"ListItem\",\"position\":2,\"name\":\"Shop\",\"item\":\"https:\/\/hurghadalovers.com\/shop\/\"},{\"@type\":\"ListItem\",\"position\":3,\"name\":\"Zasebni izleti iz Hurgade v Luksor in Asuan &#8211; 2 dni\"}]},{\"@type\":\"WebSite\",\"@id\":\"https:\/\/hurghadalovers.com\/sl\/#website\",\"url\":\"https:\/\/hurghadalovers.com\/sl\/\",\"name\":\"Hurghada Excursions & Day Trips | Booking Best Prices Tours\",\"description\":\"Hurghada Lovers - Best Tour Operator - Excursions &amp; Things to do for Family Day Trips with kids and Couples Romantic. Unique .Hidden gems\",\"publisher\":{\"@id\":\"https:\/\/hurghadalovers.com\/sl\/#organization\"},\"alternateName\":\"Hurghada Excursions\",\"potentialAction\":[{\"@type\":\"SearchAction\",\"target\":{\"@type\":\"EntryPoint\",\"urlTemplate\":\"https:\/\/hurghadalovers.com\/sl\/?s={search_term_string}\"},\"query-input\":{\"@type\":\"PropertyValueSpecification\",\"valueRequired\":true,\"valueName\":\"search_term_string\"}}],\"inLanguage\":\"sl-SI\"},{\"@type\":[\"Organization\",\"Place\",\"TravelAgency\"],\"@id\":\"https:\/\/hurghadalovers.com\/sl\/#organization\",\"name\":\"Hurghada Excursions\",\"url\":\"https:\/\/hurghadalovers.com\/sl\/\",\"logo\":{\"@id\":\"https:\/\/hurghadalovers.com\/sl\/tours\/zasebni-izleti-v-hurgado-za-luksuzne\/#local-main-organization-logo\"},\"image\":{\"@id\":\"https:\/\/hurghadalovers.com\/sl\/tours\/zasebni-izleti-v-hurgado-za-luksuzne\/#local-main-organization-logo\"},\"sameAs\":[\"https:\/\/www.facebook.com\/Hurghadaloversegypt\"],\"address\":{\"@id\":\"https:\/\/hurghadalovers.com\/sl\/tours\/zasebni-izleti-v-hurgado-za-luksuzne\/#local-main-place-address\"},\"telephone\":[\"00201112596434\"],\"contactPoint\":{\"@type\":\"ContactPoint\",\"telephone\":\"00201112596434\",\"email\":\"weyouface@gmail.com\"},\"openingHoursSpecification\":{\"@type\":\"OpeningHoursSpecification\",\"dayOfWeek\":[\"Monday\",\"Tuesday\",\"Wednesday\",\"Thursday\",\"Friday\",\"Saturday\",\"Sunday\"],\"opens\":\"00:00\",\"closes\":\"23:59\"},\"email\":\"weyouface@gmail.com\",\"areaServed\":\"Luxor, Hurghada, El Gouna, Aswan, Sharm El Sheikh, Giza, Alexandria, Marsa Alam, Quseir, Soma Bay, Sahl Hasheesh, Red Sea, Makadi Bay, Cairo\",\"priceRange\":\"$\",\"currenciesAccepted\":\"euro\",\"paymentAccepted\":\"cash on site\"},{\"@type\":\"PostalAddress\",\"@id\":\"https:\/\/hurghadalovers.com\/sl\/tours\/zasebni-izleti-v-hurgado-za-luksuzne\/#local-main-place-address\",\"streetAddress\":\"17 Banks street, Alkawther area, top nbk bank\",\"addressLocality\":\"hurghada\",\"postalCode\":\"84511\",\"addressRegion\":\"red sea\",\"addressCountry\":\"EG\"},{\"@type\":\"ImageObject\",\"inLanguage\":\"sl-SI\",\"@id\":\"https:\/\/hurghadalovers.com\/sl\/tours\/zasebni-izleti-v-hurgado-za-luksuzne\/#local-main-organization-logo\",\"url\":\"https:\/\/hurghadalovers.com\/wp-content\/uploads\/2019\/10\/hurghada-excursions-logo.png\",\"contentUrl\":\"https:\/\/hurghadalovers.com\/wp-content\/uploads\/2019\/10\/hurghada-excursions-logo.png\",\"width\":272,\"height\":90,\"caption\":\"Hurghada Excursions\"}]}<\/script>\n<meta property=\"product:brand\" content=\"Izleti Luksorja iz \u1e2aurgade\" \/>\n<meta property=\"product:price:amount\" content=\"400\" \/>\n<meta property=\"product:price:currency\" content=\"EUR\" \/>\n<meta property=\"og:availability\" content=\"instock\" \/>\n<meta property=\"product:availability\" content=\"instock\" \/>\n<meta property=\"product:retailer_item_id\" content=\"Private092024\" \/>\n<meta property=\"product:condition\" content=\"new\" \/>\n<meta name=\"geo.placename\" content=\"hurghada\" \/>\n<meta name=\"geo.region\" content=\"Egypt\" \/>\n<!-- \/ Yoast SEO Premium plugin. -->","yoast_head_json":{"title":"Zasebni izleti iz Hurgade v Luksor in Asuan - 2 dni","description":"Zasebni izleti iz Hurgade v Luksor in Asuan - 2 dni z zasebnim vodnikom, vstopnicami in kosilom za obisk templja Karnak, Philae, Doline kraljev in \u0161e ve\u010d","robots":{"index":"index","follow":"follow","max-snippet":"max-snippet:-1","max-image-preview":"max-image-preview:large","max-video-preview":"max-video-preview:-1"},"canonical":"https:\/\/hurghadalovers.com\/sl\/tours\/zasebni-izleti-v-hurgado-za-luksuzne\/","og_locale":"sl_SI","og_type":"article","og_title":"Zasebni izleti iz Hurgade v Luksor in Asuan - 2 dni","og_description":"Zasebni izleti iz Hurgade v Luksor in Asuan - 2 dni z zasebnim vodnikom, vstopnicami in kosilom za obisk templja Karnak, Philae, Doline kraljev in \u0161e ve\u010d","og_url":"https:\/\/hurghadalovers.com\/sl\/tours\/zasebni-izleti-v-hurgado-za-luksuzne\/","og_site_name":"Hurghada Excursions &amp; Day Trips | Booking Best Prices Tours","article_publisher":"https:\/\/www.facebook.com\/Hurghadaloversegypt","article_modified_time":"2026-02-09T17:11:59+00:00","og_image":[{"width":1600,"height":698,"url":"https:\/\/hurghadalovers.com\/wp-content\/uploads\/2023\/08\/\u042d\u043a\u0441\u043a\u0443\u0440\u0441\u0438\u044f-\u041b\u0443\u043a\u0441\u043e\u0440-\u043c\u0438\u043d\u0438-\u0433\u0440\u0443\u043f\u043f\u043e\u0439-\u0438\u0437-\u0425\u0443\u0440\u0433\u0430\u0434\u044b.jpeg","type":"image\/jpeg"}],"twitter_card":"summary_large_image","twitter_misc":{"Price":"&euro;&nbsp;400","Availability":"In stock"},"schema":{"@context":"https:\/\/schema.org","@graph":[{"@type":["WebPage","ItemPage"],"@id":"https:\/\/hurghadalovers.com\/sl\/tours\/zasebni-izleti-v-hurgado-za-luksuzne\/","url":"https:\/\/hurghadalovers.com\/sl\/tours\/zasebni-izleti-v-hurgado-za-luksuzne\/","name":"Zasebni izleti iz Hurgade v Luksor in Asuan - 2 dni","isPartOf":{"@id":"https:\/\/hurghadalovers.com\/sl\/#website"},"primaryImageOfPage":{"@id":"https:\/\/hurghadalovers.com\/sl\/tours\/zasebni-izleti-v-hurgado-za-luksuzne\/#primaryimage"},"image":{"@id":"https:\/\/hurghadalovers.com\/sl\/tours\/zasebni-izleti-v-hurgado-za-luksuzne\/#primaryimage"},"thumbnailUrl":"https:\/\/hurghadalovers.com\/wp-content\/uploads\/2023\/08\/\u042d\u043a\u0441\u043a\u0443\u0440\u0441\u0438\u044f-\u041b\u0443\u043a\u0441\u043e\u0440-\u043c\u0438\u043d\u0438-\u0433\u0440\u0443\u043f\u043f\u043e\u0439-\u0438\u0437-\u0425\u0443\u0440\u0433\u0430\u0434\u044b.jpeg","datePublished":"2023-08-13T11:41:59+00:00","dateModified":"2026-02-09T17:11:59+00:00","description":"Zasebni izleti iz Hurgade v Luksor in Asuan - 2 dni z zasebnim vodnikom, vstopnicami in kosilom za obisk templja Karnak, Philae, Doline kraljev in \u0161e ve\u010d","breadcrumb":{"@id":"https:\/\/hurghadalovers.com\/sl\/tours\/zasebni-izleti-v-hurgado-za-luksuzne\/#breadcrumb"},"inLanguage":"sl-SI","potentialAction":[{"@type":"ReadAction","target":["https:\/\/hurghadalovers.com\/sl\/tours\/zasebni-izleti-v-hurgado-za-luksuzne\/"]}]},{"@type":"ImageObject","inLanguage":"sl-SI","@id":"https:\/\/hurghadalovers.com\/sl\/tours\/zasebni-izleti-v-hurgado-za-luksuzne\/#primaryimage","url":"https:\/\/hurghadalovers.com\/wp-content\/uploads\/2023\/08\/\u042d\u043a\u0441\u043a\u0443\u0440\u0441\u0438\u044f-\u041b\u0443\u043a\u0441\u043e\u0440-\u043c\u0438\u043d\u0438-\u0433\u0440\u0443\u043f\u043f\u043e\u0439-\u0438\u0437-\u0425\u0443\u0440\u0433\u0430\u0434\u044b.jpeg","contentUrl":"https:\/\/hurghadalovers.com\/wp-content\/uploads\/2023\/08\/\u042d\u043a\u0441\u043a\u0443\u0440\u0441\u0438\u044f-\u041b\u0443\u043a\u0441\u043e\u0440-\u043c\u0438\u043d\u0438-\u0433\u0440\u0443\u043f\u043f\u043e\u0439-\u0438\u0437-\u0425\u0443\u0440\u0433\u0430\u0434\u044b.jpeg","width":1600,"height":698,"caption":"\u042d\u043a\u0441\u043a\u0443\u0440\u0441\u0438\u044f \u041b\u0443\u043a\u0441\u043e\u0440 \u043c\u0438\u043d\u0438 \u0433\u0440\u0443\u043f\u043f\u043e\u0438\u0306 \u0438\u0437 \u0425\u0443\u0440\u0433\u0430\u0434\u044b"},{"@type":"BreadcrumbList","@id":"https:\/\/hurghadalovers.com\/sl\/tours\/zasebni-izleti-v-hurgado-za-luksuzne\/#breadcrumb","itemListElement":[{"@type":"ListItem","position":1,"name":"Home","item":"https:\/\/hurghadalovers.com\/sl\/"},{"@type":"ListItem","position":2,"name":"Shop","item":"https:\/\/hurghadalovers.com\/shop\/"},{"@type":"ListItem","position":3,"name":"Zasebni izleti iz Hurgade v Luksor in Asuan &#8211; 2 dni"}]},{"@type":"WebSite","@id":"https:\/\/hurghadalovers.com\/sl\/#website","url":"https:\/\/hurghadalovers.com\/sl\/","name":"Hurghada Excursions & Day Trips | Booking Best Prices Tours","description":"Hurghada Lovers - Best Tour Operator - Excursions &amp; Things to do for Family Day Trips with kids and Couples Romantic. Unique .Hidden gems","publisher":{"@id":"https:\/\/hurghadalovers.com\/sl\/#organization"},"alternateName":"Hurghada Excursions","potentialAction":[{"@type":"SearchAction","target":{"@type":"EntryPoint","urlTemplate":"https:\/\/hurghadalovers.com\/sl\/?s={search_term_string}"},"query-input":{"@type":"PropertyValueSpecification","valueRequired":true,"valueName":"search_term_string"}}],"inLanguage":"sl-SI"},{"@type":["Organization","Place","TravelAgency"],"@id":"https:\/\/hurghadalovers.com\/sl\/#organization","name":"Hurghada Excursions","url":"https:\/\/hurghadalovers.com\/sl\/","logo":{"@id":"https:\/\/hurghadalovers.com\/sl\/tours\/zasebni-izleti-v-hurgado-za-luksuzne\/#local-main-organization-logo"},"image":{"@id":"https:\/\/hurghadalovers.com\/sl\/tours\/zasebni-izleti-v-hurgado-za-luksuzne\/#local-main-organization-logo"},"sameAs":["https:\/\/www.facebook.com\/Hurghadaloversegypt"],"address":{"@id":"https:\/\/hurghadalovers.com\/sl\/tours\/zasebni-izleti-v-hurgado-za-luksuzne\/#local-main-place-address"},"telephone":["00201112596434"],"contactPoint":{"@type":"ContactPoint","telephone":"00201112596434","email":"weyouface@gmail.com"},"openingHoursSpecification":{"@type":"OpeningHoursSpecification","dayOfWeek":["Monday","Tuesday","Wednesday","Thursday","Friday","Saturday","Sunday"],"opens":"00:00","closes":"23:59"},"email":"weyouface@gmail.com","areaServed":"Luxor, Hurghada, El Gouna, Aswan, Sharm El Sheikh, Giza, Alexandria, Marsa Alam, Quseir, Soma Bay, Sahl Hasheesh, Red Sea, Makadi Bay, Cairo","priceRange":"$","currenciesAccepted":"euro","paymentAccepted":"cash on site"},{"@type":"PostalAddress","@id":"https:\/\/hurghadalovers.com\/sl\/tours\/zasebni-izleti-v-hurgado-za-luksuzne\/#local-main-place-address","streetAddress":"17 Banks street, Alkawther area, top nbk bank","addressLocality":"hurghada","postalCode":"84511","addressRegion":"red sea","addressCountry":"EG"},{"@type":"ImageObject","inLanguage":"sl-SI","@id":"https:\/\/hurghadalovers.com\/sl\/tours\/zasebni-izleti-v-hurgado-za-luksuzne\/#local-main-organization-logo","url":"https:\/\/hurghadalovers.com\/wp-content\/uploads\/2019\/10\/hurghada-excursions-logo.png","contentUrl":"https:\/\/hurghadalovers.com\/wp-content\/uploads\/2019\/10\/hurghada-excursions-logo.png","width":272,"height":90,"caption":"Hurghada Excursions"}]},"product_brand":"Izleti Luksorja iz \u1e2aurgade","product_price_amount":"400","product_price_currency":"EUR","og_availability":"instock","product_availability":"instock","product_retailer_item_id":"Private092024","product_condition":"new","geo.placename":"hurghada","geo.region":"Egypt"},"_links":{"self":[{"href":"https:\/\/hurghadalovers.com\/sl\/wp-json\/wp\/v2\/product\/379917","targetHints":{"allow":["GET"]}}],"collection":[{"href":"https:\/\/hurghadalovers.com\/sl\/wp-json\/wp\/v2\/product"}],"about":[{"href":"https:\/\/hurghadalovers.com\/sl\/wp-json\/wp\/v2\/types\/product"}],"wp:featuredmedia":[{"embeddable":true,"href":"https:\/\/hurghadalovers.com\/sl\/wp-json\/wp\/v2\/media\/492309"}],"wp:attachment":[{"href":"https:\/\/hurghadalovers.com\/sl\/wp-json\/wp\/v2\/media?parent=379917"}],"wp:term":[{"taxonomy":"product_brand","embeddable":true,"href":"https:\/\/hurghadalovers.com\/sl\/wp-json\/wp\/v2\/product_brand?post=379917"},{"taxonomy":"product_cat","embeddable":true,"href":"https:\/\/hurghadalovers.com\/sl\/wp-json\/wp\/v2\/product_cat?post=379917"},{"taxonomy":"product_tag","embeddable":true,"href":"https:\/\/hurghadalovers.com\/sl\/wp-json\/wp\/v2\/product_tag?post=379917"}],"curies":[{"name":"wp","href":"https:\/\/api.w.org\/{rel}","templated":true}]}}