{"id":396908,"date":"2023-09-04T18:13:29","date_gmt":"2023-09-04T18:13:29","guid":{"rendered":"https:\/\/hurghadalovers.com\/shop\/nezaraden\u00e9\/vylet-za-snorchlovanim-na-ostrove-orange-bay-z-el-gouny\/"},"modified":"2026-02-07T16:57:21","modified_gmt":"2026-02-07T16:57:21","slug":"orange-bay-island-snorkeling-trip-from-el-gouna","status":"publish","type":"product","link":"https:\/\/hurghadalovers.com\/sk\/tours\/orange-bay-island-snorkeling-trip-from-el-gouna\/","title":{"rendered":"V\u00fdlet za \u0161norchlovan\u00edm na ostrove Orange bay z El Gouny"},"content":{"rendered":"<p><strong>\u0160norchlovanie na ostrove Orange bay z <\/strong><strong>El Gouna<\/strong> s vodn\u00fdmi \u0161portmi | pridajte sa k n\u00e1m v Top Lodn\u00e9 jednod\u0148ov\u00e9 v\u00fdlety na pl\u00e1\u017e Giftun Island a pl\u00e1vanie v najlep\u0161\u00edch domov\u00fdch \u00fatesoch.<\/p>\n<p style=\"text-align: center;\"><span style=\"color: #00ccff;\">Najkraj\u0161ie <strong>aktivity v<\/strong> El Gouna <strong>vhodn\u00e9 pre rodiny s<\/strong> <strong>de\u0165mi<\/strong>, seniorov, <strong>medov\u00e9 t\u00fd\u017edne<\/strong> a <strong>p\u00e1ry<\/strong>.<\/span><\/p>\n<p><strong>Najd\u00f4le\u017eitej\u0161ie inform\u00e1cie:<\/strong><\/p>\n<ul>\n<li>2 miesta \u0160norchlovanie Dom \u00fates.<\/li>\n<li>2 hodiny na pl\u00e1\u017ei Orange Bay Island.<\/li>\n<li>Obed na luxusnej jachte.<\/li>\n<li>Vodn\u00e9 \u0161porty &#8222;Ban\u00e1n a Quattro&#8220;.<\/li>\n<\/ul>\n<p><strong>\u0160norchlovanie na ostrove Orange bay od <\/strong><strong>El Gouna<\/strong> <strong>Podrobnosti:<\/strong><\/p>\n<ul>\n<li>Dostupnos\u0165 z\u00e1jazdu: Ka\u017ed\u00fd de\u0148.<\/li>\n<li>Typ z\u00e1jazdu: Skupina.<\/li>\n<li>\u010cas vyzdvihnutia: Od 07:30 hod.<\/li>\n<li>\u010cas vyzdvihnutia: 17:00.<\/li>\n<li>Bezbari\u00e9rov\u00fd pr\u00edstup.<\/li>\n<li>Trvanie: 8 hod\u00edn.<\/li>\n<\/ul>\n<p><strong>Rezervujte teraz a pla\u0165te nesk\u00f4r:<\/strong><\/p>\n<ul>\n<li>Hotovos\u0165 na mieste pre sprievodcu.<\/li>\n<li>Platba egyptsk\u00fdmi librami, $, \u20ac alebo \u00a3.<\/li>\n<\/ul>\n<p><strong>Storno podmienky:<\/strong><\/p>\n<ul>\n<li>m\u00f4\u017eete Zru\u0161i\u0165 a\u017e 24 hod\u00edn vopred.<\/li>\n<li>Ke\u010f niekto z va\u0161ej rodiny zru\u0161\u00ed dopoludnie, zaplat\u00ed 50 % n\u00e1kladov.<\/li>\n<\/ul>\n<p><strong>\u010co je s\u00fa\u010das\u0165ou balenia?<\/strong><\/p>\n<ul>\n<li>Transfer z hotelov El Gouna &#8222;Hotel pick up and drop off&#8220;.<\/li>\n<li>V\u0161etky dane, vstupn\u00e9 poplatky a manipula\u010dn\u00e9 poplatky.<\/li>\n<li>Sprievodca.<\/li>\n<li>Miner\u00e1lna voda + kola + mlieko + k\u00e1va\/\u010daj.<\/li>\n<li>2 miesta na \u0161norchlovanie<\/li>\n<li>Vodn\u00e9 \u0161porty &#8222;Ban\u00e1n, Pohovka lo\u010f&#8220;.<\/li>\n<li>\u0160norchlovacie vybavenie &#8222;Masky a plutvy&#8220;.<\/li>\n<li>2 hodiny na <strong>pl\u00e1\u017ei<\/strong> <strong>Orange Bay Island<\/strong>.<\/li>\n<li>obed formou bufetu na lodi.<\/li>\n<li>Z\u00e1chrann\u00e9 vesty.<\/li>\n<\/ul>\n<p><strong>Vyl\u00fa\u010denia?<\/strong><\/p>\n<ul>\n<li>Prepitn\u00e9.<\/li>\n<li>N\u00e1poje v re\u0161taur\u00e1cii Orange Bay Island.<\/li>\n<li>Fotografovanie a fotografie na cestu.<\/li>\n<li>Pon\u00fakame pren\u00e1jom plaviek pre \u017eeny, mu\u017eov, deti v\u0161etk\u00fdch ve\u013ekost\u00ed &#8222;5$ za jeden&#8220;.<\/li>\n<li>Ak\u00e9ko\u013evek pr\u00edplatky, ktor\u00e9 neboli spomenut\u00e9.<\/li>\n<\/ul>\n<p><strong>Ceny:<\/strong><\/p>\n<ul>\n<li><strong>Cena pre dospel\u00fdch = 35 USD na osobu<\/strong>.<\/li>\n<li>Cena pre deti &#8222;5-12&#8220; = 50%.<\/li>\n<li>pre deti &#8222;0-5&#8220; = zadarmo.<\/li>\n<\/ul>\n<p><strong>Recenzie:<\/strong><\/p>\n<p>skontrolova\u0165 na\u0161e Google Map Recenzie ako najlep\u0161ie <a href=\"https:\/\/g.page\/r\/CUeYvkngP3wkEBM\/review\">Tour Operator v Hurghada<\/a> on-line v <a href=\"https:\/\/hurghadalovers.com\/\">Hurghada<\/a> Egypt.<\/p>\n<p>&nbsp;<\/p>\n<p><strong>Rezerv\u00e1cia:<\/strong><\/p>\n<p>Odosla\u0165 hotel + \u010d\u00edslo izby + foto pasov na WhatsApp: <strong>+201112596434<\/strong><\/p>\n<p>Ak ste z Egypta Rezerv\u00e1cia teraz online a potvrdi\u0165 pri pr\u00edchode Hotel.<\/p>\n<p>&nbsp;<\/p>\n<p>&nbsp;<\/p>\n","protected":false},"excerpt":{"rendered":"<p><strong>\u0160norchlovanie na ostrove Orange bay z <\/strong><strong>El Gouna<\/strong> s vodn\u00fdmi \u0161portmi | pridajte sa k n\u00e1m v Top Lodn\u00e9 jednod\u0148ov\u00e9 v\u00fdlety na pl\u00e1\u017e Giftun Island a pl\u00e1vanie v najlep\u0161\u00edch domov\u00fdch \u00fatesoch.<\/p>\n","protected":false},"featured_media":396562,"template":"","meta":{"_joinchat":[]},"product_brand":[],"product_cat":[36669],"product_tag":[],"class_list":{"0":"post-396908","1":"product","2":"type-product","3":"status-publish","4":"has-post-thumbnail","6":"product_cat-prehliadky","7":"tour_category-el-gouna-vylety","8":"tour_category-snorchlovanie-v-meste-el-gouna","10":"first","11":"instock","12":"sale","13":"shipping-taxable","14":"purchasable","15":"product-type-tour"},"yoast_head":"<!-- This site is optimized with the Yoast SEO Premium plugin v26.9 (Yoast SEO v27.2) - https:\/\/yoast.com\/product\/yoast-seo-premium-wordpress\/ -->\n<title>V\u00fdlet za \u0161norchlovan\u00edm na ostrove Orange bay z El Gouny<\/title>\n<meta name=\"description\" content=\"\u0160norchlovac\u00ed v\u00fdlet na ostrov Orange bay z El Gouna s vodn\u00fdmi \u0161portmi | pridajte sa k n\u00e1m v Top Boat Day Trips to Beach Giftun Island and Swimming in Best House reef.\" \/>\n<meta name=\"robots\" content=\"index, follow, max-snippet:-1, max-image-preview:large, max-video-preview:-1\" \/>\n<link rel=\"canonical\" href=\"https:\/\/hurghadalovers.com\/sk\/tours\/orange-bay-island-snorkeling-trip-from-el-gouna\/\" \/>\n<meta property=\"og:locale\" content=\"sk_SK\" \/>\n<meta property=\"og:type\" content=\"article\" \/>\n<meta property=\"og:title\" content=\"V\u00fdlet za \u0161norchlovan\u00edm na ostrove Orange bay z El Gouny\" \/>\n<meta property=\"og:description\" content=\"\u0160norchlovac\u00ed v\u00fdlet na ostrov Orange bay z El Gouna s vodn\u00fdmi \u0161portmi | pridajte sa k n\u00e1m v Top Boat Day Trips to Beach Giftun Island and Swimming in Best House reef.\" \/>\n<meta property=\"og:url\" content=\"https:\/\/hurghadalovers.com\/sk\/tours\/orange-bay-island-snorkeling-trip-from-el-gouna\/\" \/>\n<meta property=\"og:site_name\" content=\"Hurghada Excursions &amp; Day Trips | Booking Best Prices Tours\" \/>\n<meta property=\"article:publisher\" content=\"https:\/\/www.facebook.com\/Hurghadaloversegypt\" \/>\n<meta property=\"article:modified_time\" content=\"2026-02-07T16:57:21+00:00\" \/>\n<meta property=\"og:image\" content=\"https:\/\/hurghadalovers.com\/wp-content\/uploads\/2023\/09\/Orange-bay-Island-Snorkeling-Trip-from-El-Gouna.jpeg\" \/>\n\t<meta property=\"og:image:width\" content=\"1156\" \/>\n\t<meta property=\"og:image:height\" content=\"867\" \/>\n\t<meta property=\"og:image:type\" content=\"image\/jpeg\" \/>\n<meta name=\"twitter:card\" content=\"summary_large_image\" \/>\n<meta name=\"twitter:label1\" content=\"Cena\" \/>\n\t<meta name=\"twitter:data1\" content=\"&euro;&nbsp;40\" \/>\n\t<meta name=\"twitter:label2\" content=\"Dostupnos\u0165\" \/>\n\t<meta name=\"twitter:data2\" content=\"Na sklade\" \/>\n<script type=\"application\/ld+json\" class=\"yoast-schema-graph\">{\"@context\":\"https:\/\/schema.org\",\"@graph\":[{\"@type\":[\"WebPage\",\"ItemPage\"],\"@id\":\"https:\/\/hurghadalovers.com\/sk\/tours\/orange-bay-island-snorkeling-trip-from-el-gouna\/\",\"url\":\"https:\/\/hurghadalovers.com\/sk\/tours\/orange-bay-island-snorkeling-trip-from-el-gouna\/\",\"name\":\"V\u00fdlet za \u0161norchlovan\u00edm na ostrove Orange bay z El Gouny\",\"isPartOf\":{\"@id\":\"https:\/\/hurghadalovers.com\/sk\/#website\"},\"primaryImageOfPage\":{\"@id\":\"https:\/\/hurghadalovers.com\/sk\/tours\/orange-bay-island-snorkeling-trip-from-el-gouna\/#primaryimage\"},\"image\":{\"@id\":\"https:\/\/hurghadalovers.com\/sk\/tours\/orange-bay-island-snorkeling-trip-from-el-gouna\/#primaryimage\"},\"thumbnailUrl\":\"https:\/\/hurghadalovers.com\/wp-content\/uploads\/2023\/09\/Orange-bay-Island-Snorkeling-Trip-from-El-Gouna.jpeg\",\"datePublished\":\"2023-09-04T18:13:29+00:00\",\"dateModified\":\"2026-02-07T16:57:21+00:00\",\"description\":\"\u0160norchlovac\u00ed v\u00fdlet na ostrov Orange bay z El Gouna s vodn\u00fdmi \u0161portmi | pridajte sa k n\u00e1m v Top Boat Day Trips to Beach Giftun Island and Swimming in Best House reef.\",\"breadcrumb\":{\"@id\":\"https:\/\/hurghadalovers.com\/sk\/tours\/orange-bay-island-snorkeling-trip-from-el-gouna\/#breadcrumb\"},\"inLanguage\":\"sk-SK\",\"potentialAction\":[{\"@type\":\"ReadAction\",\"target\":[\"https:\/\/hurghadalovers.com\/sk\/tours\/orange-bay-island-snorkeling-trip-from-el-gouna\/\"]}]},{\"@type\":\"ImageObject\",\"inLanguage\":\"sk-SK\",\"@id\":\"https:\/\/hurghadalovers.com\/sk\/tours\/orange-bay-island-snorkeling-trip-from-el-gouna\/#primaryimage\",\"url\":\"https:\/\/hurghadalovers.com\/wp-content\/uploads\/2023\/09\/Orange-bay-Island-Snorkeling-Trip-from-El-Gouna.jpeg\",\"contentUrl\":\"https:\/\/hurghadalovers.com\/wp-content\/uploads\/2023\/09\/Orange-bay-Island-Snorkeling-Trip-from-El-Gouna.jpeg\",\"width\":1156,\"height\":867,\"caption\":\"V\u00fdlet za \u0161norchlovan\u00edm na ostrove Orange bay z El Gouny\"},{\"@type\":\"BreadcrumbList\",\"@id\":\"https:\/\/hurghadalovers.com\/sk\/tours\/orange-bay-island-snorkeling-trip-from-el-gouna\/#breadcrumb\",\"itemListElement\":[{\"@type\":\"ListItem\",\"position\":1,\"name\":\"Home\",\"item\":\"https:\/\/hurghadalovers.com\/sk\/\"},{\"@type\":\"ListItem\",\"position\":2,\"name\":\"Shop\",\"item\":\"https:\/\/hurghadalovers.com\/shop\/\"},{\"@type\":\"ListItem\",\"position\":3,\"name\":\"V\u00fdlet za \u0161norchlovan\u00edm na ostrove Orange bay z El Gouny\"}]},{\"@type\":\"WebSite\",\"@id\":\"https:\/\/hurghadalovers.com\/sk\/#website\",\"url\":\"https:\/\/hurghadalovers.com\/sk\/\",\"name\":\"Hurghada Excursions & Day Trips | Booking Best Prices Tours\",\"description\":\"Hurghada Lovers - Best Tour Operator - Excursions &amp; Things to do for Family Day Trips with kids and Couples Romantic. Unique .Hidden gems\",\"publisher\":{\"@id\":\"https:\/\/hurghadalovers.com\/sk\/#organization\"},\"alternateName\":\"Hurghada Excursions\",\"potentialAction\":[{\"@type\":\"SearchAction\",\"target\":{\"@type\":\"EntryPoint\",\"urlTemplate\":\"https:\/\/hurghadalovers.com\/sk\/?s={search_term_string}\"},\"query-input\":{\"@type\":\"PropertyValueSpecification\",\"valueRequired\":true,\"valueName\":\"search_term_string\"}}],\"inLanguage\":\"sk-SK\"},{\"@type\":[\"Organization\",\"Place\",\"TravelAgency\"],\"@id\":\"https:\/\/hurghadalovers.com\/sk\/#organization\",\"name\":\"Hurghada Excursions\",\"url\":\"https:\/\/hurghadalovers.com\/sk\/\",\"logo\":{\"@id\":\"https:\/\/hurghadalovers.com\/sk\/tours\/orange-bay-island-snorkeling-trip-from-el-gouna\/#local-main-organization-logo\"},\"image\":{\"@id\":\"https:\/\/hurghadalovers.com\/sk\/tours\/orange-bay-island-snorkeling-trip-from-el-gouna\/#local-main-organization-logo\"},\"sameAs\":[\"https:\/\/www.facebook.com\/Hurghadaloversegypt\"],\"address\":{\"@id\":\"https:\/\/hurghadalovers.com\/sk\/tours\/orange-bay-island-snorkeling-trip-from-el-gouna\/#local-main-place-address\"},\"telephone\":[\"00201112596434\"],\"contactPoint\":{\"@type\":\"ContactPoint\",\"telephone\":\"00201112596434\",\"email\":\"weyouface@gmail.com\"},\"openingHoursSpecification\":{\"@type\":\"OpeningHoursSpecification\",\"dayOfWeek\":[\"Monday\",\"Tuesday\",\"Wednesday\",\"Thursday\",\"Friday\",\"Saturday\",\"Sunday\"],\"opens\":\"00:00\",\"closes\":\"23:59\"},\"email\":\"weyouface@gmail.com\",\"areaServed\":\"Luxor, Hurghada, El Gouna, Aswan, Sharm El Sheikh, Giza, Alexandria, Marsa Alam, Quseir, Soma Bay, Sahl Hasheesh, Red Sea, Makadi Bay, Cairo\",\"priceRange\":\"$\",\"currenciesAccepted\":\"euro\",\"paymentAccepted\":\"cash on site\"},{\"@type\":\"PostalAddress\",\"@id\":\"https:\/\/hurghadalovers.com\/sk\/tours\/orange-bay-island-snorkeling-trip-from-el-gouna\/#local-main-place-address\",\"streetAddress\":\"17 Banks street, Alkawther area, top nbk bank\",\"addressLocality\":\"hurghada\",\"postalCode\":\"84511\",\"addressRegion\":\"red sea\",\"addressCountry\":\"EG\"},{\"@type\":\"ImageObject\",\"inLanguage\":\"sk-SK\",\"@id\":\"https:\/\/hurghadalovers.com\/sk\/tours\/orange-bay-island-snorkeling-trip-from-el-gouna\/#local-main-organization-logo\",\"url\":\"https:\/\/hurghadalovers.com\/wp-content\/uploads\/2019\/10\/hurghada-excursions-logo.png\",\"contentUrl\":\"https:\/\/hurghadalovers.com\/wp-content\/uploads\/2019\/10\/hurghada-excursions-logo.png\",\"width\":272,\"height\":90,\"caption\":\"Hurghada Excursions\"}]}<\/script>\n<meta property=\"product:brand\" content=\"Fakultat\u00edvne V\u00fdlety El Gouna\" \/>\n<meta property=\"product:price:amount\" content=\"40\" \/>\n<meta property=\"product:price:currency\" content=\"EUR\" \/>\n<meta property=\"og:availability\" content=\"instock\" \/>\n<meta property=\"product:availability\" content=\"instock\" \/>\n<meta property=\"product:retailer_item_id\" content=\"Gouna0132024\" \/>\n<meta property=\"product:condition\" content=\"new\" \/>\n<meta name=\"geo.placename\" content=\"hurghada\" \/>\n<meta name=\"geo.region\" content=\"Egypt\" \/>\n<!-- \/ Yoast SEO Premium plugin. -->","yoast_head_json":{"title":"V\u00fdlet za \u0161norchlovan\u00edm na ostrove Orange bay z El Gouny","description":"\u0160norchlovac\u00ed v\u00fdlet na ostrov Orange bay z El Gouna s vodn\u00fdmi \u0161portmi | pridajte sa k n\u00e1m v Top Boat Day Trips to Beach Giftun Island and Swimming in Best House reef.","robots":{"index":"index","follow":"follow","max-snippet":"max-snippet:-1","max-image-preview":"max-image-preview:large","max-video-preview":"max-video-preview:-1"},"canonical":"https:\/\/hurghadalovers.com\/sk\/tours\/orange-bay-island-snorkeling-trip-from-el-gouna\/","og_locale":"sk_SK","og_type":"article","og_title":"V\u00fdlet za \u0161norchlovan\u00edm na ostrove Orange bay z El Gouny","og_description":"\u0160norchlovac\u00ed v\u00fdlet na ostrov Orange bay z El Gouna s vodn\u00fdmi \u0161portmi | pridajte sa k n\u00e1m v Top Boat Day Trips to Beach Giftun Island and Swimming in Best House reef.","og_url":"https:\/\/hurghadalovers.com\/sk\/tours\/orange-bay-island-snorkeling-trip-from-el-gouna\/","og_site_name":"Hurghada Excursions &amp; Day Trips | Booking Best Prices Tours","article_publisher":"https:\/\/www.facebook.com\/Hurghadaloversegypt","article_modified_time":"2026-02-07T16:57:21+00:00","og_image":[{"width":1156,"height":867,"url":"https:\/\/hurghadalovers.com\/wp-content\/uploads\/2023\/09\/Orange-bay-Island-Snorkeling-Trip-from-El-Gouna.jpeg","type":"image\/jpeg"}],"twitter_card":"summary_large_image","twitter_misc":{"Cena":"&euro;&nbsp;40","Dostupnos\u0165":"Na sklade"},"schema":{"@context":"https:\/\/schema.org","@graph":[{"@type":["WebPage","ItemPage"],"@id":"https:\/\/hurghadalovers.com\/sk\/tours\/orange-bay-island-snorkeling-trip-from-el-gouna\/","url":"https:\/\/hurghadalovers.com\/sk\/tours\/orange-bay-island-snorkeling-trip-from-el-gouna\/","name":"V\u00fdlet za \u0161norchlovan\u00edm na ostrove Orange bay z El Gouny","isPartOf":{"@id":"https:\/\/hurghadalovers.com\/sk\/#website"},"primaryImageOfPage":{"@id":"https:\/\/hurghadalovers.com\/sk\/tours\/orange-bay-island-snorkeling-trip-from-el-gouna\/#primaryimage"},"image":{"@id":"https:\/\/hurghadalovers.com\/sk\/tours\/orange-bay-island-snorkeling-trip-from-el-gouna\/#primaryimage"},"thumbnailUrl":"https:\/\/hurghadalovers.com\/wp-content\/uploads\/2023\/09\/Orange-bay-Island-Snorkeling-Trip-from-El-Gouna.jpeg","datePublished":"2023-09-04T18:13:29+00:00","dateModified":"2026-02-07T16:57:21+00:00","description":"\u0160norchlovac\u00ed v\u00fdlet na ostrov Orange bay z El Gouna s vodn\u00fdmi \u0161portmi | pridajte sa k n\u00e1m v Top Boat Day Trips to Beach Giftun Island and Swimming in Best House reef.","breadcrumb":{"@id":"https:\/\/hurghadalovers.com\/sk\/tours\/orange-bay-island-snorkeling-trip-from-el-gouna\/#breadcrumb"},"inLanguage":"sk-SK","potentialAction":[{"@type":"ReadAction","target":["https:\/\/hurghadalovers.com\/sk\/tours\/orange-bay-island-snorkeling-trip-from-el-gouna\/"]}]},{"@type":"ImageObject","inLanguage":"sk-SK","@id":"https:\/\/hurghadalovers.com\/sk\/tours\/orange-bay-island-snorkeling-trip-from-el-gouna\/#primaryimage","url":"https:\/\/hurghadalovers.com\/wp-content\/uploads\/2023\/09\/Orange-bay-Island-Snorkeling-Trip-from-El-Gouna.jpeg","contentUrl":"https:\/\/hurghadalovers.com\/wp-content\/uploads\/2023\/09\/Orange-bay-Island-Snorkeling-Trip-from-El-Gouna.jpeg","width":1156,"height":867,"caption":"V\u00fdlet za \u0161norchlovan\u00edm na ostrove Orange bay z El Gouny"},{"@type":"BreadcrumbList","@id":"https:\/\/hurghadalovers.com\/sk\/tours\/orange-bay-island-snorkeling-trip-from-el-gouna\/#breadcrumb","itemListElement":[{"@type":"ListItem","position":1,"name":"Home","item":"https:\/\/hurghadalovers.com\/sk\/"},{"@type":"ListItem","position":2,"name":"Shop","item":"https:\/\/hurghadalovers.com\/shop\/"},{"@type":"ListItem","position":3,"name":"V\u00fdlet za \u0161norchlovan\u00edm na ostrove Orange bay z El Gouny"}]},{"@type":"WebSite","@id":"https:\/\/hurghadalovers.com\/sk\/#website","url":"https:\/\/hurghadalovers.com\/sk\/","name":"Hurghada Excursions & Day Trips | Booking Best Prices Tours","description":"Hurghada Lovers - Best Tour Operator - Excursions &amp; Things to do for Family Day Trips with kids and Couples Romantic. Unique .Hidden gems","publisher":{"@id":"https:\/\/hurghadalovers.com\/sk\/#organization"},"alternateName":"Hurghada Excursions","potentialAction":[{"@type":"SearchAction","target":{"@type":"EntryPoint","urlTemplate":"https:\/\/hurghadalovers.com\/sk\/?s={search_term_string}"},"query-input":{"@type":"PropertyValueSpecification","valueRequired":true,"valueName":"search_term_string"}}],"inLanguage":"sk-SK"},{"@type":["Organization","Place","TravelAgency"],"@id":"https:\/\/hurghadalovers.com\/sk\/#organization","name":"Hurghada Excursions","url":"https:\/\/hurghadalovers.com\/sk\/","logo":{"@id":"https:\/\/hurghadalovers.com\/sk\/tours\/orange-bay-island-snorkeling-trip-from-el-gouna\/#local-main-organization-logo"},"image":{"@id":"https:\/\/hurghadalovers.com\/sk\/tours\/orange-bay-island-snorkeling-trip-from-el-gouna\/#local-main-organization-logo"},"sameAs":["https:\/\/www.facebook.com\/Hurghadaloversegypt"],"address":{"@id":"https:\/\/hurghadalovers.com\/sk\/tours\/orange-bay-island-snorkeling-trip-from-el-gouna\/#local-main-place-address"},"telephone":["00201112596434"],"contactPoint":{"@type":"ContactPoint","telephone":"00201112596434","email":"weyouface@gmail.com"},"openingHoursSpecification":{"@type":"OpeningHoursSpecification","dayOfWeek":["Monday","Tuesday","Wednesday","Thursday","Friday","Saturday","Sunday"],"opens":"00:00","closes":"23:59"},"email":"weyouface@gmail.com","areaServed":"Luxor, Hurghada, El Gouna, Aswan, Sharm El Sheikh, Giza, Alexandria, Marsa Alam, Quseir, Soma Bay, Sahl Hasheesh, Red Sea, Makadi Bay, Cairo","priceRange":"$","currenciesAccepted":"euro","paymentAccepted":"cash on site"},{"@type":"PostalAddress","@id":"https:\/\/hurghadalovers.com\/sk\/tours\/orange-bay-island-snorkeling-trip-from-el-gouna\/#local-main-place-address","streetAddress":"17 Banks street, Alkawther area, top nbk bank","addressLocality":"hurghada","postalCode":"84511","addressRegion":"red sea","addressCountry":"EG"},{"@type":"ImageObject","inLanguage":"sk-SK","@id":"https:\/\/hurghadalovers.com\/sk\/tours\/orange-bay-island-snorkeling-trip-from-el-gouna\/#local-main-organization-logo","url":"https:\/\/hurghadalovers.com\/wp-content\/uploads\/2019\/10\/hurghada-excursions-logo.png","contentUrl":"https:\/\/hurghadalovers.com\/wp-content\/uploads\/2019\/10\/hurghada-excursions-logo.png","width":272,"height":90,"caption":"Hurghada Excursions"}]},"product_brand":"Fakultat\u00edvne V\u00fdlety El Gouna","product_price_amount":"40","product_price_currency":"EUR","og_availability":"instock","product_availability":"instock","product_retailer_item_id":"Gouna0132024","product_condition":"new","geo.placename":"hurghada","geo.region":"Egypt"},"_links":{"self":[{"href":"https:\/\/hurghadalovers.com\/sk\/wp-json\/wp\/v2\/product\/396908","targetHints":{"allow":["GET"]}}],"collection":[{"href":"https:\/\/hurghadalovers.com\/sk\/wp-json\/wp\/v2\/product"}],"about":[{"href":"https:\/\/hurghadalovers.com\/sk\/wp-json\/wp\/v2\/types\/product"}],"wp:featuredmedia":[{"embeddable":true,"href":"https:\/\/hurghadalovers.com\/sk\/wp-json\/wp\/v2\/media\/396562"}],"wp:attachment":[{"href":"https:\/\/hurghadalovers.com\/sk\/wp-json\/wp\/v2\/media?parent=396908"}],"wp:term":[{"taxonomy":"product_brand","embeddable":true,"href":"https:\/\/hurghadalovers.com\/sk\/wp-json\/wp\/v2\/product_brand?post=396908"},{"taxonomy":"product_cat","embeddable":true,"href":"https:\/\/hurghadalovers.com\/sk\/wp-json\/wp\/v2\/product_cat?post=396908"},{"taxonomy":"product_tag","embeddable":true,"href":"https:\/\/hurghadalovers.com\/sk\/wp-json\/wp\/v2\/product_tag?post=396908"}],"curies":[{"name":"wp","href":"https:\/\/api.w.org\/{rel}","templated":true}]}}