{"id":396819,"date":"2023-09-04T18:05:32","date_gmt":"2023-09-04T18:05:32","guid":{"rendered":"https:\/\/hurghadalovers.com\/shop\/nezaraden\u00e9\/el-gouna-denna-tura-s-potapanim-v-dome-delfinov\/"},"modified":"2026-02-08T04:39:54","modified_gmt":"2026-02-08T04:39:54","slug":"el-gouna-dom-delfinov-snorchlovanie-dnovy-vylet","status":"publish","type":"product","link":"https:\/\/hurghadalovers.com\/sk\/tours\/el-gouna-dom-delfinov-snorchlovanie-dnovy-vylet\/","title":{"rendered":"El Gouna Denn\u00e1 t\u00fara s pot\u00e1pan\u00edm v dome delf\u00ednov"},"content":{"rendered":"<p><strong>El Gouna<\/strong> <strong>Dolphin House Snorkeling Day Tour<\/strong> | Pozorovanie a pl\u00e1vanie s delf\u00ednmi s obedom, vodn\u00fdmi \u0161portmi a transferom.<\/p>\n<p style=\"text-align: center;\"><span style=\"color: #00ccff;\">Najkraj\u0161ie <strong>aktivity v<\/strong> El Gouna <strong>vhodn\u00e9 pre rodiny s<\/strong> <strong>de\u0165mi<\/strong>, seniorov, <strong>medov\u00e9 t\u00fd\u017edne<\/strong> a <strong>p\u00e1ry<\/strong>.<\/span><\/p>\n<p><strong>Najd\u00f4le\u017eitej\u0161ie inform\u00e1cie:<\/strong><\/p>\n<ul>\n<li>2 miesta \u0160norchlovanie Dom \u00fates.<\/li>\n<li>\u0160norchlovanie a pozorovanie delf\u00ednov na jednom mieste.<\/li>\n<li>Obed na luxusnej jachte.<\/li>\n<li>Vodn\u00e9 \u0161porty &#8222;Ban\u00e1n a Quattro&#8220;.<\/li>\n<\/ul>\n<p><strong>Denn\u00e1 prehliadka \u0161norchlovania v dome delf\u00ednov od <\/strong><strong>El Gouna<\/strong> <strong>Podrobnosti:<\/strong><\/p>\n<ul>\n<li>Dostupnos\u0165 z\u00e1jazdu: Ka\u017ed\u00fd de\u0148.<\/li>\n<li>Typ z\u00e1jazdu: Skupina.<\/li>\n<li>\u010cas vyzdvihnutia: Od 07:30 hod.<\/li>\n<li>\u010cas vyzdvihnutia: 16:00.<\/li>\n<li>Bezbari\u00e9rov\u00fd pr\u00edstup.<\/li>\n<li>Trvanie: Trvanie: 6 hod.<\/li>\n<\/ul>\n<p><strong>Rezervujte teraz a pla\u0165te nesk\u00f4r:<\/strong><\/p>\n<ul>\n<li>Hotovos\u0165 na mieste pre sprievodcu.<\/li>\n<li>Platba egyptsk\u00fdmi librami, $, \u20ac alebo \u00a3.<\/li>\n<\/ul>\n<p><strong>Storno podmienky:<\/strong><\/p>\n<ul>\n<li>m\u00f4\u017eete Zru\u0161i\u0165 a\u017e 24 hod\u00edn vopred.<\/li>\n<li>Ke\u010f niekto z va\u0161ej rodiny zru\u0161\u00ed dopoludnie, zaplat\u00ed 50 % n\u00e1kladov.<\/li>\n<\/ul>\n<p><strong>\u010co je s\u00fa\u010das\u0165ou balenia?<\/strong><\/p>\n<ul>\n<li>Transfer z hotelov El Gouna &#8222;Hotel pick up and drop off&#8220;.<\/li>\n<li>V\u0161etky dane, vstupn\u00e9 poplatky a manipula\u010dn\u00e9 poplatky.<\/li>\n<li>Sprievodca.<\/li>\n<li>Miner\u00e1lna voda + kola + mlieko + k\u00e1va\/\u010daj.<\/li>\n<li>2 miesta na \u0161norchlovanie<\/li>\n<li>Vodn\u00e9 \u0161porty &#8222;Ban\u00e1n, Pohovka lo\u010f&#8220;.<\/li>\n<li>\u0160norchlovacie vybavenie &#8222;Masky a plutvy&#8220;.<\/li>\n<li>\u0160norchlovanie a pozorovanie delf\u00ednov v Dolphin House Spot.<\/li>\n<li>obed formou bufetu na lodi.<\/li>\n<li>Z\u00e1chrann\u00e9 vesty.<\/li>\n<\/ul>\n<p><strong>Vyl\u00fa\u010denia?<\/strong><\/p>\n<ul>\n<li>Prepitn\u00e9.<\/li>\n<li>Fotografovanie a fotografie na cestu.<\/li>\n<li>Pon\u00fakame pren\u00e1jom plaviek pre \u017eeny, mu\u017eov, deti v\u0161etk\u00fdch ve\u013ekost\u00ed &#8222;5$ za jeden&#8220;.<\/li>\n<li>Ak\u00e9ko\u013evek pr\u00edplatky, ktor\u00e9 neboli spomenut\u00e9.<\/li>\n<\/ul>\n<p><strong>Ceny:<\/strong><\/p>\n<ul>\n<li><strong>Cena pre dospel\u00fdch = 30 USD na osobu<\/strong>.<\/li>\n<li>Cena pre deti &#8222;3-10&#8220; = 50%.<\/li>\n<li>pre deti &#8222;0-3&#8220; = zadarmo.<\/li>\n<\/ul>\n<p><strong>Recenzie:<\/strong><\/p>\n<p>skontrolova\u0165 na\u0161e Google Map Recenzie ako najlep\u0161ie <a href=\"https:\/\/g.page\/r\/CUeYvkngP3wkEBM\/review\">Tour Operator v Hurghada<\/a> on-line v <a href=\"https:\/\/hurghadalovers.com\/\">Hurghada<\/a> Egypt.<\/p>\n<p>&nbsp;<\/p>\n<p><strong>Rezerv\u00e1cia:<\/strong><\/p>\n<p>Odosla\u0165 hotel + \u010d\u00edslo izby + foto pasov na WhatsApp: <strong>+201112596434<\/strong><\/p>\n<p>Ak ste z Egypta Rezerv\u00e1cia teraz online a potvrdi\u0165 pri pr\u00edchode Hotel.<\/p>\n<p>&nbsp;<\/p>\n<p>&nbsp;<\/p>\n","protected":false},"excerpt":{"rendered":"<p><strong>El Gouna<\/strong> <strong>Dolphin House Snorkeling Day Tour<\/strong> | Pozorovanie a pl\u00e1vanie s delf\u00ednmi s obedom, vodn\u00fdmi \u0161portmi a transferom.<\/p>\n<p style=\"text-align: center;\"><span style=\"color: #00ccff;\">Najkraj\u0161ie <strong>aktivity v<\/strong> El Gouna <strong>vhodn\u00e9 pre rodiny<\/strong><\/span><\/p>\n","protected":false},"featured_media":396515,"template":"","meta":{"_joinchat":[]},"product_brand":[],"product_cat":[36669],"product_tag":[],"class_list":{"0":"post-396819","1":"product","2":"type-product","3":"status-publish","4":"has-post-thumbnail","6":"product_cat-prehliadky","7":"tour_category-el-gouna-vylety","8":"tour_category-snorchlovanie-v-meste-el-gouna","10":"first","11":"instock","12":"sale","13":"shipping-taxable","14":"purchasable","15":"product-type-tour"},"yoast_head":"<!-- This site is optimized with the Yoast SEO Premium plugin v26.9 (Yoast SEO v27.2) - https:\/\/yoast.com\/product\/yoast-seo-premium-wordpress\/ -->\n<title>El Gouna Denn\u00e1 t\u00fara so \u0161norchlovan\u00edm v dome delf\u00ednov s obedom<\/title>\n<meta name=\"description\" content=\"El Gouna Dolphin House Snorkeling Day Tour | Pozorovanie a pl\u00e1vanie s delf\u00ednmi s obedom, vodn\u00fdmi \u0161portmi a transferom. El Gouna Aktivity pre rodiny\" \/>\n<meta name=\"robots\" content=\"index, follow, max-snippet:-1, max-image-preview:large, max-video-preview:-1\" \/>\n<link rel=\"canonical\" href=\"https:\/\/hurghadalovers.com\/sk\/tours\/el-gouna-dom-delfinov-snorchlovanie-dnovy-vylet\/\" \/>\n<meta property=\"og:locale\" content=\"sk_SK\" \/>\n<meta property=\"og:type\" content=\"article\" \/>\n<meta property=\"og:title\" content=\"El Gouna Denn\u00e1 t\u00fara s pot\u00e1pan\u00edm v dome delf\u00ednov\" \/>\n<meta property=\"og:description\" content=\"El Gouna Dolphin House Snorkeling Day Tour | Pozorovanie a pl\u00e1vanie s delf\u00ednmi s obedom, vodn\u00fdmi \u0161portmi a transferom. El Gouna Aktivity pre rodiny\" \/>\n<meta property=\"og:url\" content=\"https:\/\/hurghadalovers.com\/sk\/tours\/el-gouna-dom-delfinov-snorchlovanie-dnovy-vylet\/\" \/>\n<meta property=\"og:site_name\" content=\"Hurghada Excursions &amp; Day Trips | Booking Best Prices Tours\" \/>\n<meta property=\"article:publisher\" content=\"https:\/\/www.facebook.com\/Hurghadaloversegypt\" \/>\n<meta property=\"article:modified_time\" content=\"2026-02-08T04:39:54+00:00\" \/>\n<meta property=\"og:image\" content=\"https:\/\/hurghadalovers.com\/wp-content\/uploads\/2023\/09\/El-Gouna-Dolphin-House-Snorkeling-Day-Tour.jpeg\" \/>\n\t<meta property=\"og:image:width\" content=\"1536\" \/>\n\t<meta property=\"og:image:height\" content=\"1024\" \/>\n\t<meta property=\"og:image:type\" content=\"image\/jpeg\" \/>\n<meta name=\"twitter:card\" content=\"summary_large_image\" \/>\n<meta name=\"twitter:label1\" content=\"Cena\" \/>\n\t<meta name=\"twitter:data1\" content=\"&euro;&nbsp;40\" \/>\n\t<meta name=\"twitter:label2\" content=\"Dostupnos\u0165\" \/>\n\t<meta name=\"twitter:data2\" content=\"Na sklade\" \/>\n<script type=\"application\/ld+json\" class=\"yoast-schema-graph\">{\"@context\":\"https:\/\/schema.org\",\"@graph\":[{\"@type\":[\"WebPage\",\"ItemPage\"],\"@id\":\"https:\/\/hurghadalovers.com\/sk\/tours\/el-gouna-dom-delfinov-snorchlovanie-dnovy-vylet\/\",\"url\":\"https:\/\/hurghadalovers.com\/sk\/tours\/el-gouna-dom-delfinov-snorchlovanie-dnovy-vylet\/\",\"name\":\"El Gouna Denn\u00e1 t\u00fara so \u0161norchlovan\u00edm v dome delf\u00ednov s obedom\",\"isPartOf\":{\"@id\":\"https:\/\/hurghadalovers.com\/sk\/#website\"},\"primaryImageOfPage\":{\"@id\":\"https:\/\/hurghadalovers.com\/sk\/tours\/el-gouna-dom-delfinov-snorchlovanie-dnovy-vylet\/#primaryimage\"},\"image\":{\"@id\":\"https:\/\/hurghadalovers.com\/sk\/tours\/el-gouna-dom-delfinov-snorchlovanie-dnovy-vylet\/#primaryimage\"},\"thumbnailUrl\":\"https:\/\/hurghadalovers.com\/wp-content\/uploads\/2023\/09\/El-Gouna-Dolphin-House-Snorkeling-Day-Tour.jpeg\",\"datePublished\":\"2023-09-04T18:05:32+00:00\",\"dateModified\":\"2026-02-08T04:39:54+00:00\",\"description\":\"El Gouna Dolphin House Snorkeling Day Tour | Pozorovanie a pl\u00e1vanie s delf\u00ednmi s obedom, vodn\u00fdmi \u0161portmi a transferom. El Gouna Aktivity pre rodiny\",\"breadcrumb\":{\"@id\":\"https:\/\/hurghadalovers.com\/sk\/tours\/el-gouna-dom-delfinov-snorchlovanie-dnovy-vylet\/#breadcrumb\"},\"inLanguage\":\"sk-SK\",\"potentialAction\":[{\"@type\":\"ReadAction\",\"target\":[\"https:\/\/hurghadalovers.com\/sk\/tours\/el-gouna-dom-delfinov-snorchlovanie-dnovy-vylet\/\"]}]},{\"@type\":\"ImageObject\",\"inLanguage\":\"sk-SK\",\"@id\":\"https:\/\/hurghadalovers.com\/sk\/tours\/el-gouna-dom-delfinov-snorchlovanie-dnovy-vylet\/#primaryimage\",\"url\":\"https:\/\/hurghadalovers.com\/wp-content\/uploads\/2023\/09\/El-Gouna-Dolphin-House-Snorkeling-Day-Tour.jpeg\",\"contentUrl\":\"https:\/\/hurghadalovers.com\/wp-content\/uploads\/2023\/09\/El-Gouna-Dolphin-House-Snorkeling-Day-Tour.jpeg\",\"width\":1536,\"height\":1024,\"caption\":\"El Gouna Dolphin House Snorkeling Day Tour\"},{\"@type\":\"BreadcrumbList\",\"@id\":\"https:\/\/hurghadalovers.com\/sk\/tours\/el-gouna-dom-delfinov-snorchlovanie-dnovy-vylet\/#breadcrumb\",\"itemListElement\":[{\"@type\":\"ListItem\",\"position\":1,\"name\":\"Home\",\"item\":\"https:\/\/hurghadalovers.com\/sk\/\"},{\"@type\":\"ListItem\",\"position\":2,\"name\":\"Shop\",\"item\":\"https:\/\/hurghadalovers.com\/shop\/\"},{\"@type\":\"ListItem\",\"position\":3,\"name\":\"El Gouna Denn\u00e1 t\u00fara s pot\u00e1pan\u00edm v dome delf\u00ednov\"}]},{\"@type\":\"WebSite\",\"@id\":\"https:\/\/hurghadalovers.com\/sk\/#website\",\"url\":\"https:\/\/hurghadalovers.com\/sk\/\",\"name\":\"Hurghada Excursions & Day Trips | Booking Best Prices Tours\",\"description\":\"Hurghada Lovers - Best Tour Operator - Excursions &amp; Things to do for Family Day Trips with kids and Couples Romantic. Unique .Hidden gems\",\"publisher\":{\"@id\":\"https:\/\/hurghadalovers.com\/sk\/#organization\"},\"alternateName\":\"Hurghada Excursions\",\"potentialAction\":[{\"@type\":\"SearchAction\",\"target\":{\"@type\":\"EntryPoint\",\"urlTemplate\":\"https:\/\/hurghadalovers.com\/sk\/?s={search_term_string}\"},\"query-input\":{\"@type\":\"PropertyValueSpecification\",\"valueRequired\":true,\"valueName\":\"search_term_string\"}}],\"inLanguage\":\"sk-SK\"},{\"@type\":[\"Organization\",\"Place\",\"TravelAgency\"],\"@id\":\"https:\/\/hurghadalovers.com\/sk\/#organization\",\"name\":\"Hurghada Excursions\",\"url\":\"https:\/\/hurghadalovers.com\/sk\/\",\"logo\":{\"@id\":\"https:\/\/hurghadalovers.com\/sk\/tours\/el-gouna-dom-delfinov-snorchlovanie-dnovy-vylet\/#local-main-organization-logo\"},\"image\":{\"@id\":\"https:\/\/hurghadalovers.com\/sk\/tours\/el-gouna-dom-delfinov-snorchlovanie-dnovy-vylet\/#local-main-organization-logo\"},\"sameAs\":[\"https:\/\/www.facebook.com\/Hurghadaloversegypt\"],\"address\":{\"@id\":\"https:\/\/hurghadalovers.com\/sk\/tours\/el-gouna-dom-delfinov-snorchlovanie-dnovy-vylet\/#local-main-place-address\"},\"telephone\":[\"00201112596434\"],\"contactPoint\":{\"@type\":\"ContactPoint\",\"telephone\":\"00201112596434\",\"email\":\"weyouface@gmail.com\"},\"openingHoursSpecification\":{\"@type\":\"OpeningHoursSpecification\",\"dayOfWeek\":[\"Monday\",\"Tuesday\",\"Wednesday\",\"Thursday\",\"Friday\",\"Saturday\",\"Sunday\"],\"opens\":\"00:00\",\"closes\":\"23:59\"},\"email\":\"weyouface@gmail.com\",\"areaServed\":\"Luxor, Hurghada, El Gouna, Aswan, Sharm El Sheikh, Giza, Alexandria, Marsa Alam, Quseir, Soma Bay, Sahl Hasheesh, Red Sea, Makadi Bay, Cairo\",\"priceRange\":\"$\",\"currenciesAccepted\":\"euro\",\"paymentAccepted\":\"cash on site\"},{\"@type\":\"PostalAddress\",\"@id\":\"https:\/\/hurghadalovers.com\/sk\/tours\/el-gouna-dom-delfinov-snorchlovanie-dnovy-vylet\/#local-main-place-address\",\"streetAddress\":\"17 Banks street, Alkawther area, top nbk bank\",\"addressLocality\":\"hurghada\",\"postalCode\":\"84511\",\"addressRegion\":\"red sea\",\"addressCountry\":\"EG\"},{\"@type\":\"ImageObject\",\"inLanguage\":\"sk-SK\",\"@id\":\"https:\/\/hurghadalovers.com\/sk\/tours\/el-gouna-dom-delfinov-snorchlovanie-dnovy-vylet\/#local-main-organization-logo\",\"url\":\"https:\/\/hurghadalovers.com\/wp-content\/uploads\/2019\/10\/hurghada-excursions-logo.png\",\"contentUrl\":\"https:\/\/hurghadalovers.com\/wp-content\/uploads\/2019\/10\/hurghada-excursions-logo.png\",\"width\":272,\"height\":90,\"caption\":\"Hurghada Excursions\"}]}<\/script>\n<meta property=\"product:brand\" content=\"Fakultat\u00edvne V\u00fdlety El Gouna\" \/>\n<meta property=\"product:price:amount\" content=\"40\" \/>\n<meta property=\"product:price:currency\" content=\"EUR\" \/>\n<meta property=\"og:availability\" content=\"instock\" \/>\n<meta property=\"product:availability\" content=\"instock\" \/>\n<meta property=\"product:retailer_item_id\" content=\"Gouna0112024\" \/>\n<meta property=\"product:condition\" content=\"new\" \/>\n<meta name=\"geo.placename\" content=\"hurghada\" \/>\n<meta name=\"geo.region\" content=\"Egypt\" \/>\n<!-- \/ Yoast SEO Premium plugin. -->","yoast_head_json":{"title":"El Gouna Denn\u00e1 t\u00fara so \u0161norchlovan\u00edm v dome delf\u00ednov s obedom","description":"El Gouna Dolphin House Snorkeling Day Tour | Pozorovanie a pl\u00e1vanie s delf\u00ednmi s obedom, vodn\u00fdmi \u0161portmi a transferom. El Gouna Aktivity pre rodiny","robots":{"index":"index","follow":"follow","max-snippet":"max-snippet:-1","max-image-preview":"max-image-preview:large","max-video-preview":"max-video-preview:-1"},"canonical":"https:\/\/hurghadalovers.com\/sk\/tours\/el-gouna-dom-delfinov-snorchlovanie-dnovy-vylet\/","og_locale":"sk_SK","og_type":"article","og_title":"El Gouna Denn\u00e1 t\u00fara s pot\u00e1pan\u00edm v dome delf\u00ednov","og_description":"El Gouna Dolphin House Snorkeling Day Tour | Pozorovanie a pl\u00e1vanie s delf\u00ednmi s obedom, vodn\u00fdmi \u0161portmi a transferom. El Gouna Aktivity pre rodiny","og_url":"https:\/\/hurghadalovers.com\/sk\/tours\/el-gouna-dom-delfinov-snorchlovanie-dnovy-vylet\/","og_site_name":"Hurghada Excursions &amp; Day Trips | Booking Best Prices Tours","article_publisher":"https:\/\/www.facebook.com\/Hurghadaloversegypt","article_modified_time":"2026-02-08T04:39:54+00:00","og_image":[{"width":1536,"height":1024,"url":"https:\/\/hurghadalovers.com\/wp-content\/uploads\/2023\/09\/El-Gouna-Dolphin-House-Snorkeling-Day-Tour.jpeg","type":"image\/jpeg"}],"twitter_card":"summary_large_image","twitter_misc":{"Cena":"&euro;&nbsp;40","Dostupnos\u0165":"Na sklade"},"schema":{"@context":"https:\/\/schema.org","@graph":[{"@type":["WebPage","ItemPage"],"@id":"https:\/\/hurghadalovers.com\/sk\/tours\/el-gouna-dom-delfinov-snorchlovanie-dnovy-vylet\/","url":"https:\/\/hurghadalovers.com\/sk\/tours\/el-gouna-dom-delfinov-snorchlovanie-dnovy-vylet\/","name":"El Gouna Denn\u00e1 t\u00fara so \u0161norchlovan\u00edm v dome delf\u00ednov s obedom","isPartOf":{"@id":"https:\/\/hurghadalovers.com\/sk\/#website"},"primaryImageOfPage":{"@id":"https:\/\/hurghadalovers.com\/sk\/tours\/el-gouna-dom-delfinov-snorchlovanie-dnovy-vylet\/#primaryimage"},"image":{"@id":"https:\/\/hurghadalovers.com\/sk\/tours\/el-gouna-dom-delfinov-snorchlovanie-dnovy-vylet\/#primaryimage"},"thumbnailUrl":"https:\/\/hurghadalovers.com\/wp-content\/uploads\/2023\/09\/El-Gouna-Dolphin-House-Snorkeling-Day-Tour.jpeg","datePublished":"2023-09-04T18:05:32+00:00","dateModified":"2026-02-08T04:39:54+00:00","description":"El Gouna Dolphin House Snorkeling Day Tour | Pozorovanie a pl\u00e1vanie s delf\u00ednmi s obedom, vodn\u00fdmi \u0161portmi a transferom. El Gouna Aktivity pre rodiny","breadcrumb":{"@id":"https:\/\/hurghadalovers.com\/sk\/tours\/el-gouna-dom-delfinov-snorchlovanie-dnovy-vylet\/#breadcrumb"},"inLanguage":"sk-SK","potentialAction":[{"@type":"ReadAction","target":["https:\/\/hurghadalovers.com\/sk\/tours\/el-gouna-dom-delfinov-snorchlovanie-dnovy-vylet\/"]}]},{"@type":"ImageObject","inLanguage":"sk-SK","@id":"https:\/\/hurghadalovers.com\/sk\/tours\/el-gouna-dom-delfinov-snorchlovanie-dnovy-vylet\/#primaryimage","url":"https:\/\/hurghadalovers.com\/wp-content\/uploads\/2023\/09\/El-Gouna-Dolphin-House-Snorkeling-Day-Tour.jpeg","contentUrl":"https:\/\/hurghadalovers.com\/wp-content\/uploads\/2023\/09\/El-Gouna-Dolphin-House-Snorkeling-Day-Tour.jpeg","width":1536,"height":1024,"caption":"El Gouna Dolphin House Snorkeling Day Tour"},{"@type":"BreadcrumbList","@id":"https:\/\/hurghadalovers.com\/sk\/tours\/el-gouna-dom-delfinov-snorchlovanie-dnovy-vylet\/#breadcrumb","itemListElement":[{"@type":"ListItem","position":1,"name":"Home","item":"https:\/\/hurghadalovers.com\/sk\/"},{"@type":"ListItem","position":2,"name":"Shop","item":"https:\/\/hurghadalovers.com\/shop\/"},{"@type":"ListItem","position":3,"name":"El Gouna Denn\u00e1 t\u00fara s pot\u00e1pan\u00edm v dome delf\u00ednov"}]},{"@type":"WebSite","@id":"https:\/\/hurghadalovers.com\/sk\/#website","url":"https:\/\/hurghadalovers.com\/sk\/","name":"Hurghada Excursions & Day Trips | Booking Best Prices Tours","description":"Hurghada Lovers - Best Tour Operator - Excursions &amp; Things to do for Family Day Trips with kids and Couples Romantic. Unique .Hidden gems","publisher":{"@id":"https:\/\/hurghadalovers.com\/sk\/#organization"},"alternateName":"Hurghada Excursions","potentialAction":[{"@type":"SearchAction","target":{"@type":"EntryPoint","urlTemplate":"https:\/\/hurghadalovers.com\/sk\/?s={search_term_string}"},"query-input":{"@type":"PropertyValueSpecification","valueRequired":true,"valueName":"search_term_string"}}],"inLanguage":"sk-SK"},{"@type":["Organization","Place","TravelAgency"],"@id":"https:\/\/hurghadalovers.com\/sk\/#organization","name":"Hurghada Excursions","url":"https:\/\/hurghadalovers.com\/sk\/","logo":{"@id":"https:\/\/hurghadalovers.com\/sk\/tours\/el-gouna-dom-delfinov-snorchlovanie-dnovy-vylet\/#local-main-organization-logo"},"image":{"@id":"https:\/\/hurghadalovers.com\/sk\/tours\/el-gouna-dom-delfinov-snorchlovanie-dnovy-vylet\/#local-main-organization-logo"},"sameAs":["https:\/\/www.facebook.com\/Hurghadaloversegypt"],"address":{"@id":"https:\/\/hurghadalovers.com\/sk\/tours\/el-gouna-dom-delfinov-snorchlovanie-dnovy-vylet\/#local-main-place-address"},"telephone":["00201112596434"],"contactPoint":{"@type":"ContactPoint","telephone":"00201112596434","email":"weyouface@gmail.com"},"openingHoursSpecification":{"@type":"OpeningHoursSpecification","dayOfWeek":["Monday","Tuesday","Wednesday","Thursday","Friday","Saturday","Sunday"],"opens":"00:00","closes":"23:59"},"email":"weyouface@gmail.com","areaServed":"Luxor, Hurghada, El Gouna, Aswan, Sharm El Sheikh, Giza, Alexandria, Marsa Alam, Quseir, Soma Bay, Sahl Hasheesh, Red Sea, Makadi Bay, Cairo","priceRange":"$","currenciesAccepted":"euro","paymentAccepted":"cash on site"},{"@type":"PostalAddress","@id":"https:\/\/hurghadalovers.com\/sk\/tours\/el-gouna-dom-delfinov-snorchlovanie-dnovy-vylet\/#local-main-place-address","streetAddress":"17 Banks street, Alkawther area, top nbk bank","addressLocality":"hurghada","postalCode":"84511","addressRegion":"red sea","addressCountry":"EG"},{"@type":"ImageObject","inLanguage":"sk-SK","@id":"https:\/\/hurghadalovers.com\/sk\/tours\/el-gouna-dom-delfinov-snorchlovanie-dnovy-vylet\/#local-main-organization-logo","url":"https:\/\/hurghadalovers.com\/wp-content\/uploads\/2019\/10\/hurghada-excursions-logo.png","contentUrl":"https:\/\/hurghadalovers.com\/wp-content\/uploads\/2019\/10\/hurghada-excursions-logo.png","width":272,"height":90,"caption":"Hurghada Excursions"}]},"product_brand":"Fakultat\u00edvne V\u00fdlety El Gouna","product_price_amount":"40","product_price_currency":"EUR","og_availability":"instock","product_availability":"instock","product_retailer_item_id":"Gouna0112024","product_condition":"new","geo.placename":"hurghada","geo.region":"Egypt"},"_links":{"self":[{"href":"https:\/\/hurghadalovers.com\/sk\/wp-json\/wp\/v2\/product\/396819","targetHints":{"allow":["GET"]}}],"collection":[{"href":"https:\/\/hurghadalovers.com\/sk\/wp-json\/wp\/v2\/product"}],"about":[{"href":"https:\/\/hurghadalovers.com\/sk\/wp-json\/wp\/v2\/types\/product"}],"wp:featuredmedia":[{"embeddable":true,"href":"https:\/\/hurghadalovers.com\/sk\/wp-json\/wp\/v2\/media\/396515"}],"wp:attachment":[{"href":"https:\/\/hurghadalovers.com\/sk\/wp-json\/wp\/v2\/media?parent=396819"}],"wp:term":[{"taxonomy":"product_brand","embeddable":true,"href":"https:\/\/hurghadalovers.com\/sk\/wp-json\/wp\/v2\/product_brand?post=396819"},{"taxonomy":"product_cat","embeddable":true,"href":"https:\/\/hurghadalovers.com\/sk\/wp-json\/wp\/v2\/product_cat?post=396819"},{"taxonomy":"product_tag","embeddable":true,"href":"https:\/\/hurghadalovers.com\/sk\/wp-json\/wp\/v2\/product_tag?post=396819"}],"curies":[{"name":"wp","href":"https:\/\/api.w.org\/{rel}","templated":true}]}}