{"id":395234,"date":"2023-09-03T14:25:00","date_gmt":"2023-09-03T14:25:00","guid":{"rendered":"https:\/\/hurghadalovers.com\/shop\/nezaraden\u00e9\/prenajom-rychlolodi-z-el-gouny-na-ostrov-orange-bay\/"},"modified":"2026-02-09T20:23:24","modified_gmt":"2026-02-09T20:23:24","slug":"el-gouna-prenajom-rychlolod-do-oranzoveho-ostrova","status":"publish","type":"product","link":"https:\/\/hurghadalovers.com\/sk\/tours\/el-gouna-prenajom-rychlolod-do-oranzoveho-ostrova\/","title":{"rendered":"Pren\u00e1jom r\u00fdchlolod\u00ed z El Gouny na ostrov Orange bay"},"content":{"rendered":"<p><strong>Pren\u00e1jom r\u00fdchlolode <\/strong><strong>El Gouna<\/strong> <strong>na ostrov Orange bay <\/strong>so vstupenkami, \u0161norchlovan\u00edm a transferom.<\/p>\n<p>U\u017eite si v\u00fdnimo\u010dn\u00fd de\u0148 a jedine\u010dn\u00fd z\u00e1\u017eitok s v\u00e4\u010d\u0161\u00edm <strong>s\u00fakrom\u00edm<\/strong> a <strong>luxusom<\/strong> a vyberte sa s rodinou a priate\u013emi na najkraj\u0161ie pl\u00e1\u017ee <strong>ostrova Giftun<\/strong> a zapl\u00e1vajte si na najkraj\u0161\u00edch miestach <strong>koralov\u00fdch \u00fatesov<\/strong>.<\/p>\n<p>Poskytujeme rezerv\u00e1ciu iba s\u00fakromn\u00e9ho pren\u00e1jmu motorov\u00e9ho \u010dlna na <strong>ostrov Orange Bay<\/strong> so vstupenkami a vychutnajte si pl\u00e1\u017e na 4-5 hod\u00edn a sp\u00e4\u0165.<\/p>\n<p>&nbsp;<\/p>\n<p><strong>Najd\u00f4le\u017eitej\u0161ie inform\u00e1cie:<\/strong><\/p>\n<ul>\n<li>jedno miesto \u0160norchlovanie House Reef.<\/li>\n<li>2-5 hod\u00edn na pl\u00e1\u017ei Orange Bay Island.<\/li>\n<\/ul>\n<p><strong>Podrobnosti:<\/strong><\/p>\n<ul>\n<li>Dostupnos\u0165 z\u00e1jazdu: Ka\u017ed\u00fd de\u0148.<\/li>\n<li>Typ z\u00e1jazdu: S\u00fakromn\u00e1.<\/li>\n<li>\u010cas vyzdvihnutia: Od 07:30 alebo od 12:30.<\/li>\n<li>\u010cas vyzdvihnutia: 13:00 alebo 18:00.<\/li>\n<li>Bezbari\u00e9rov\u00fd pr\u00edstup.<\/li>\n<li>Trvanie: Trvanie: 4 hod.<\/li>\n<\/ul>\n<p><strong>Rezervujte teraz a pla\u0165te nesk\u00f4r:<\/strong><\/p>\n<ul>\n<li>Hotovos\u0165 na mieste pre sprievodcu.<\/li>\n<li>Platba egyptsk\u00fdmi librami, $, \u20ac alebo \u00a3.<\/li>\n<\/ul>\n<p><strong>Storno podmienky:<\/strong><\/p>\n<ul>\n<li>m\u00f4\u017eete Zru\u0161i\u0165 a\u017e 24 hod\u00edn vopred.<\/li>\n<li>Ke\u010f niekto z va\u0161ej rodiny zru\u0161\u00ed dopoludnie, zaplat\u00ed 50 % n\u00e1kladov.<\/li>\n<\/ul>\n<p><strong>\u010co je s\u00fa\u010das\u0165ou balenia?<\/strong><\/p>\n<ul>\n<li>Transfer z hotelov El Gouna &#8222;Hotel pick up and drop off&#8220;.<\/li>\n<li>V\u0161etky dane, vstupn\u00e9 poplatky a manipula\u010dn\u00e9 poplatky.<\/li>\n<li>Miner\u00e1lna voda + Cola.<\/li>\n<li>jedno miesto na \u0161norchlovanie.<\/li>\n<li>\u0160norchlovacie vybavenie &#8222;Masky a plutvy&#8220;.<\/li>\n<li>2-5 hod\u00edn na <strong>pl\u00e1\u017ei<\/strong> <strong>Orange Bay Island<\/strong>.<\/li>\n<\/ul>\n<p><strong>Vyl\u00fa\u010denia?<\/strong><\/p>\n<ul>\n<li>Prepitn\u00e9.<\/li>\n<li>N\u00e1poje v re\u0161taur\u00e1cii Orange Bay Island.<\/li>\n<li>Ak\u00e9ko\u013evek pr\u00edplatky, ktor\u00e9 neboli spomenut\u00e9.<\/li>\n<\/ul>\n<p><strong>Ceny:<\/strong><\/p>\n<ul>\n<li>Pren\u00e1jom r\u00fdchlostn\u00e9ho \u010dlna na ostrov Orange Bay s l\u00edstkami pre 2 osoby a transferom = 220$<\/li>\n<li>Pren\u00e1jom motorov\u00e9ho \u010dlna na ostrov Orange Bay so vstupenkami &#8222;2 osoby&#8220;, \u0161norchlovanie a transfer = 270$<\/li>\n<li><strong>A\u017e 2 osoby Vstupenka navy\u0161e = 5 USD na osobu.<\/strong><\/li>\n<\/ul>\n<p>&nbsp;<\/p>\n<p><strong>Recenzie:<\/strong><\/p>\n<p>skontrolova\u0165 na\u0161e Google Map Recenzie ako najlep\u0161ie <a href=\"https:\/\/g.page\/r\/CUeYvkngP3wkEBM\/review\">Tour Operator v Hurghada<\/a> on-line v <a href=\"https:\/\/hurghadalovers.com\/\">Hurghada<\/a> Egypt.<\/p>\n<p>&nbsp;<\/p>\n<p><strong>Rezerv\u00e1cia:<\/strong><\/p>\n<p>Odosla\u0165 hotel + \u010d\u00edslo izby + foto pasov na WhatsApp: <strong>+201112596434<\/strong><\/p>\n<p>Ak ste z Egypta Rezerv\u00e1cia teraz online a potvrdi\u0165 pri pr\u00edchode Hotel.<\/p>\n<p>&nbsp;<\/p>\n<p>&nbsp;<\/p>\n","protected":false},"excerpt":{"rendered":"<p><strong>Pren\u00e1jom r\u00fdchlolode <\/strong><strong>El Gouna<\/strong> <strong>na ostrov Orange bay <\/strong>so vstupenkami, \u0161norchlovan\u00edm a transferom. U\u017eite si v\u00fdnimo\u010dn\u00fd de\u0148 a jedine\u010dn\u00fd z\u00e1\u017eitok s v\u00e4\u010d\u0161\u00edm <strong>s\u00fakrom\u00edm<\/strong> a <strong>luxusom<\/strong><\/p>\n","protected":false},"featured_media":934379,"template":"","meta":{"_joinchat":[]},"product_brand":[],"product_cat":[36669],"product_tag":[],"class_list":{"0":"post-395234","1":"product","2":"type-product","3":"status-publish","4":"has-post-thumbnail","6":"product_cat-prehliadky","7":"tour_category-el-gouna-vylety","8":"tour_category-snorchlovanie-v-meste-el-gouna","10":"first","11":"instock","12":"sale","13":"shipping-taxable","14":"purchasable","15":"product-type-tour"},"yoast_head":"<!-- This site is optimized with the Yoast SEO Premium plugin v26.9 (Yoast SEO v27.2) - https:\/\/yoast.com\/product\/yoast-seo-premium-wordpress\/ -->\n<title>Pren\u00e1jom r\u00fdchlolod\u00ed El Gouna na ostrov Orange bay so vstupenkami<\/title>\n<meta name=\"description\" content=\"Pren\u00e1jom r\u00fdchlolode El Gouna na ostrov Orange bay so vstupenkami, \u0161norchlovan\u00edm a transferom. U\u017eite si v\u00fdnimo\u010dn\u00fd de\u0148 a jedine\u010dn\u00fd z\u00e1\u017eitok s v\u00e4\u010d\u0161\u00edm s\u00fakrom\u00edm, luxusom\" \/>\n<meta name=\"robots\" content=\"index, follow, max-snippet:-1, max-image-preview:large, max-video-preview:-1\" \/>\n<link rel=\"canonical\" href=\"https:\/\/hurghadalovers.com\/sk\/tours\/el-gouna-prenajom-rychlolod-do-oranzoveho-ostrova\/\" \/>\n<meta property=\"og:locale\" content=\"sk_SK\" \/>\n<meta property=\"og:type\" content=\"article\" \/>\n<meta property=\"og:title\" content=\"Pren\u00e1jom r\u00fdchlolod\u00ed z El Gouny na ostrov Orange bay\" \/>\n<meta property=\"og:description\" content=\"Pren\u00e1jom r\u00fdchlolode El Gouna na ostrov Orange bay so vstupenkami, \u0161norchlovan\u00edm a transferom. U\u017eite si v\u00fdnimo\u010dn\u00fd de\u0148 a jedine\u010dn\u00fd z\u00e1\u017eitok s v\u00e4\u010d\u0161\u00edm s\u00fakrom\u00edm, luxusom\" \/>\n<meta property=\"og:url\" content=\"https:\/\/hurghadalovers.com\/sk\/tours\/el-gouna-prenajom-rychlolod-do-oranzoveho-ostrova\/\" \/>\n<meta property=\"og:site_name\" content=\"Hurghada Excursions &amp; Day Trips | Booking Best Prices Tours\" \/>\n<meta property=\"article:publisher\" content=\"https:\/\/www.facebook.com\/Hurghadaloversegypt\" \/>\n<meta property=\"article:modified_time\" content=\"2026-02-09T20:23:24+00:00\" \/>\n<meta property=\"og:image\" content=\"https:\/\/hurghadalovers.com\/wp-content\/uploads\/2023\/08\/Booking-Online-Half-Day-Snorkeling-Morning-or-Afternoon-to-Swim-with-Dolphins-House-Spot.jpeg\" \/>\n\t<meta property=\"og:image:width\" content=\"694\" \/>\n\t<meta property=\"og:image:height\" content=\"1040\" \/>\n\t<meta property=\"og:image:type\" content=\"image\/jpeg\" \/>\n<meta name=\"twitter:card\" content=\"summary_large_image\" \/>\n<meta name=\"twitter:label1\" content=\"Cena\" \/>\n\t<meta name=\"twitter:data1\" content=\"&euro;&nbsp;240\" \/>\n\t<meta name=\"twitter:label2\" content=\"Dostupnos\u0165\" \/>\n\t<meta name=\"twitter:data2\" content=\"Na sklade\" \/>\n<script type=\"application\/ld+json\" class=\"yoast-schema-graph\">{\"@context\":\"https:\/\/schema.org\",\"@graph\":[{\"@type\":[\"WebPage\",\"ItemPage\"],\"@id\":\"https:\/\/hurghadalovers.com\/sk\/tours\/el-gouna-prenajom-rychlolod-do-oranzoveho-ostrova\/\",\"url\":\"https:\/\/hurghadalovers.com\/sk\/tours\/el-gouna-prenajom-rychlolod-do-oranzoveho-ostrova\/\",\"name\":\"Pren\u00e1jom r\u00fdchlolod\u00ed El Gouna na ostrov Orange bay so vstupenkami\",\"isPartOf\":{\"@id\":\"https:\/\/hurghadalovers.com\/sk\/#website\"},\"primaryImageOfPage\":{\"@id\":\"https:\/\/hurghadalovers.com\/sk\/tours\/el-gouna-prenajom-rychlolod-do-oranzoveho-ostrova\/#primaryimage\"},\"image\":{\"@id\":\"https:\/\/hurghadalovers.com\/sk\/tours\/el-gouna-prenajom-rychlolod-do-oranzoveho-ostrova\/#primaryimage\"},\"thumbnailUrl\":\"https:\/\/hurghadalovers.com\/wp-content\/uploads\/2023\/08\/Booking-Online-Half-Day-Snorkeling-Morning-or-Afternoon-to-Swim-with-Dolphins-House-Spot.jpeg\",\"datePublished\":\"2023-09-03T14:25:00+00:00\",\"dateModified\":\"2026-02-09T20:23:24+00:00\",\"description\":\"Pren\u00e1jom r\u00fdchlolode El Gouna na ostrov Orange bay so vstupenkami, \u0161norchlovan\u00edm a transferom. U\u017eite si v\u00fdnimo\u010dn\u00fd de\u0148 a jedine\u010dn\u00fd z\u00e1\u017eitok s v\u00e4\u010d\u0161\u00edm s\u00fakrom\u00edm, luxusom\",\"breadcrumb\":{\"@id\":\"https:\/\/hurghadalovers.com\/sk\/tours\/el-gouna-prenajom-rychlolod-do-oranzoveho-ostrova\/#breadcrumb\"},\"inLanguage\":\"sk-SK\",\"potentialAction\":[{\"@type\":\"ReadAction\",\"target\":[\"https:\/\/hurghadalovers.com\/sk\/tours\/el-gouna-prenajom-rychlolod-do-oranzoveho-ostrova\/\"]}]},{\"@type\":\"ImageObject\",\"inLanguage\":\"sk-SK\",\"@id\":\"https:\/\/hurghadalovers.com\/sk\/tours\/el-gouna-prenajom-rychlolod-do-oranzoveho-ostrova\/#primaryimage\",\"url\":\"https:\/\/hurghadalovers.com\/wp-content\/uploads\/2023\/08\/Booking-Online-Half-Day-Snorkeling-Morning-or-Afternoon-to-Swim-with-Dolphins-House-Spot.jpeg\",\"contentUrl\":\"https:\/\/hurghadalovers.com\/wp-content\/uploads\/2023\/08\/Booking-Online-Half-Day-Snorkeling-Morning-or-Afternoon-to-Swim-with-Dolphins-House-Spot.jpeg\",\"width\":694,\"height\":1040,\"caption\":\"Booking Online Half Day Snorkeling Morning or Afternoon to Swim with Dolphins House Spot\"},{\"@type\":\"BreadcrumbList\",\"@id\":\"https:\/\/hurghadalovers.com\/sk\/tours\/el-gouna-prenajom-rychlolod-do-oranzoveho-ostrova\/#breadcrumb\",\"itemListElement\":[{\"@type\":\"ListItem\",\"position\":1,\"name\":\"Home\",\"item\":\"https:\/\/hurghadalovers.com\/sk\/\"},{\"@type\":\"ListItem\",\"position\":2,\"name\":\"Shop\",\"item\":\"https:\/\/hurghadalovers.com\/shop\/\"},{\"@type\":\"ListItem\",\"position\":3,\"name\":\"Pren\u00e1jom r\u00fdchlolod\u00ed z El Gouny na ostrov Orange bay\"}]},{\"@type\":\"WebSite\",\"@id\":\"https:\/\/hurghadalovers.com\/sk\/#website\",\"url\":\"https:\/\/hurghadalovers.com\/sk\/\",\"name\":\"Hurghada Excursions & Day Trips | Booking Best Prices Tours\",\"description\":\"Hurghada Lovers - Best Tour Operator - Excursions &amp; Things to do for Family Day Trips with kids and Couples Romantic. Unique .Hidden gems\",\"publisher\":{\"@id\":\"https:\/\/hurghadalovers.com\/sk\/#organization\"},\"alternateName\":\"Hurghada Excursions\",\"potentialAction\":[{\"@type\":\"SearchAction\",\"target\":{\"@type\":\"EntryPoint\",\"urlTemplate\":\"https:\/\/hurghadalovers.com\/sk\/?s={search_term_string}\"},\"query-input\":{\"@type\":\"PropertyValueSpecification\",\"valueRequired\":true,\"valueName\":\"search_term_string\"}}],\"inLanguage\":\"sk-SK\"},{\"@type\":[\"Organization\",\"Place\",\"TravelAgency\"],\"@id\":\"https:\/\/hurghadalovers.com\/sk\/#organization\",\"name\":\"Hurghada Excursions\",\"url\":\"https:\/\/hurghadalovers.com\/sk\/\",\"logo\":{\"@id\":\"https:\/\/hurghadalovers.com\/sk\/tours\/el-gouna-prenajom-rychlolod-do-oranzoveho-ostrova\/#local-main-organization-logo\"},\"image\":{\"@id\":\"https:\/\/hurghadalovers.com\/sk\/tours\/el-gouna-prenajom-rychlolod-do-oranzoveho-ostrova\/#local-main-organization-logo\"},\"sameAs\":[\"https:\/\/www.facebook.com\/Hurghadaloversegypt\"],\"address\":{\"@id\":\"https:\/\/hurghadalovers.com\/sk\/tours\/el-gouna-prenajom-rychlolod-do-oranzoveho-ostrova\/#local-main-place-address\"},\"telephone\":[\"00201112596434\"],\"contactPoint\":{\"@type\":\"ContactPoint\",\"telephone\":\"00201112596434\",\"email\":\"weyouface@gmail.com\"},\"openingHoursSpecification\":{\"@type\":\"OpeningHoursSpecification\",\"dayOfWeek\":[\"Monday\",\"Tuesday\",\"Wednesday\",\"Thursday\",\"Friday\",\"Saturday\",\"Sunday\"],\"opens\":\"00:00\",\"closes\":\"23:59\"},\"email\":\"weyouface@gmail.com\",\"areaServed\":\"Luxor, Hurghada, El Gouna, Aswan, Sharm El Sheikh, Giza, Alexandria, Marsa Alam, Quseir, Soma Bay, Sahl Hasheesh, Red Sea, Makadi Bay, Cairo\",\"priceRange\":\"$\",\"currenciesAccepted\":\"euro\",\"paymentAccepted\":\"cash on site\"},{\"@type\":\"PostalAddress\",\"@id\":\"https:\/\/hurghadalovers.com\/sk\/tours\/el-gouna-prenajom-rychlolod-do-oranzoveho-ostrova\/#local-main-place-address\",\"streetAddress\":\"17 Banks street, Alkawther area, top nbk bank\",\"addressLocality\":\"hurghada\",\"postalCode\":\"84511\",\"addressRegion\":\"red sea\",\"addressCountry\":\"EG\"},{\"@type\":\"ImageObject\",\"inLanguage\":\"sk-SK\",\"@id\":\"https:\/\/hurghadalovers.com\/sk\/tours\/el-gouna-prenajom-rychlolod-do-oranzoveho-ostrova\/#local-main-organization-logo\",\"url\":\"https:\/\/hurghadalovers.com\/wp-content\/uploads\/2019\/10\/hurghada-excursions-logo.png\",\"contentUrl\":\"https:\/\/hurghadalovers.com\/wp-content\/uploads\/2019\/10\/hurghada-excursions-logo.png\",\"width\":272,\"height\":90,\"caption\":\"Hurghada Excursions\"}]}<\/script>\n<meta property=\"product:brand\" content=\"Fakultat\u00edvne V\u00fdlety El Gouna\" \/>\n<meta property=\"product:price:amount\" content=\"240\" \/>\n<meta property=\"product:price:currency\" content=\"EUR\" \/>\n<meta property=\"og:availability\" content=\"instock\" \/>\n<meta property=\"product:availability\" content=\"instock\" \/>\n<meta property=\"product:retailer_item_id\" content=\"Gouna632024\" \/>\n<meta property=\"product:condition\" content=\"new\" \/>\n<meta name=\"geo.placename\" content=\"hurghada\" \/>\n<meta name=\"geo.region\" content=\"Egypt\" \/>\n<!-- \/ Yoast SEO Premium plugin. -->","yoast_head_json":{"title":"Pren\u00e1jom r\u00fdchlolod\u00ed El Gouna na ostrov Orange bay so vstupenkami","description":"Pren\u00e1jom r\u00fdchlolode El Gouna na ostrov Orange bay so vstupenkami, \u0161norchlovan\u00edm a transferom. U\u017eite si v\u00fdnimo\u010dn\u00fd de\u0148 a jedine\u010dn\u00fd z\u00e1\u017eitok s v\u00e4\u010d\u0161\u00edm s\u00fakrom\u00edm, luxusom","robots":{"index":"index","follow":"follow","max-snippet":"max-snippet:-1","max-image-preview":"max-image-preview:large","max-video-preview":"max-video-preview:-1"},"canonical":"https:\/\/hurghadalovers.com\/sk\/tours\/el-gouna-prenajom-rychlolod-do-oranzoveho-ostrova\/","og_locale":"sk_SK","og_type":"article","og_title":"Pren\u00e1jom r\u00fdchlolod\u00ed z El Gouny na ostrov Orange bay","og_description":"Pren\u00e1jom r\u00fdchlolode El Gouna na ostrov Orange bay so vstupenkami, \u0161norchlovan\u00edm a transferom. U\u017eite si v\u00fdnimo\u010dn\u00fd de\u0148 a jedine\u010dn\u00fd z\u00e1\u017eitok s v\u00e4\u010d\u0161\u00edm s\u00fakrom\u00edm, luxusom","og_url":"https:\/\/hurghadalovers.com\/sk\/tours\/el-gouna-prenajom-rychlolod-do-oranzoveho-ostrova\/","og_site_name":"Hurghada Excursions &amp; Day Trips | Booking Best Prices Tours","article_publisher":"https:\/\/www.facebook.com\/Hurghadaloversegypt","article_modified_time":"2026-02-09T20:23:24+00:00","og_image":[{"width":694,"height":1040,"url":"https:\/\/hurghadalovers.com\/wp-content\/uploads\/2023\/08\/Booking-Online-Half-Day-Snorkeling-Morning-or-Afternoon-to-Swim-with-Dolphins-House-Spot.jpeg","type":"image\/jpeg"}],"twitter_card":"summary_large_image","twitter_misc":{"Cena":"&euro;&nbsp;240","Dostupnos\u0165":"Na sklade"},"schema":{"@context":"https:\/\/schema.org","@graph":[{"@type":["WebPage","ItemPage"],"@id":"https:\/\/hurghadalovers.com\/sk\/tours\/el-gouna-prenajom-rychlolod-do-oranzoveho-ostrova\/","url":"https:\/\/hurghadalovers.com\/sk\/tours\/el-gouna-prenajom-rychlolod-do-oranzoveho-ostrova\/","name":"Pren\u00e1jom r\u00fdchlolod\u00ed El Gouna na ostrov Orange bay so vstupenkami","isPartOf":{"@id":"https:\/\/hurghadalovers.com\/sk\/#website"},"primaryImageOfPage":{"@id":"https:\/\/hurghadalovers.com\/sk\/tours\/el-gouna-prenajom-rychlolod-do-oranzoveho-ostrova\/#primaryimage"},"image":{"@id":"https:\/\/hurghadalovers.com\/sk\/tours\/el-gouna-prenajom-rychlolod-do-oranzoveho-ostrova\/#primaryimage"},"thumbnailUrl":"https:\/\/hurghadalovers.com\/wp-content\/uploads\/2023\/08\/Booking-Online-Half-Day-Snorkeling-Morning-or-Afternoon-to-Swim-with-Dolphins-House-Spot.jpeg","datePublished":"2023-09-03T14:25:00+00:00","dateModified":"2026-02-09T20:23:24+00:00","description":"Pren\u00e1jom r\u00fdchlolode El Gouna na ostrov Orange bay so vstupenkami, \u0161norchlovan\u00edm a transferom. U\u017eite si v\u00fdnimo\u010dn\u00fd de\u0148 a jedine\u010dn\u00fd z\u00e1\u017eitok s v\u00e4\u010d\u0161\u00edm s\u00fakrom\u00edm, luxusom","breadcrumb":{"@id":"https:\/\/hurghadalovers.com\/sk\/tours\/el-gouna-prenajom-rychlolod-do-oranzoveho-ostrova\/#breadcrumb"},"inLanguage":"sk-SK","potentialAction":[{"@type":"ReadAction","target":["https:\/\/hurghadalovers.com\/sk\/tours\/el-gouna-prenajom-rychlolod-do-oranzoveho-ostrova\/"]}]},{"@type":"ImageObject","inLanguage":"sk-SK","@id":"https:\/\/hurghadalovers.com\/sk\/tours\/el-gouna-prenajom-rychlolod-do-oranzoveho-ostrova\/#primaryimage","url":"https:\/\/hurghadalovers.com\/wp-content\/uploads\/2023\/08\/Booking-Online-Half-Day-Snorkeling-Morning-or-Afternoon-to-Swim-with-Dolphins-House-Spot.jpeg","contentUrl":"https:\/\/hurghadalovers.com\/wp-content\/uploads\/2023\/08\/Booking-Online-Half-Day-Snorkeling-Morning-or-Afternoon-to-Swim-with-Dolphins-House-Spot.jpeg","width":694,"height":1040,"caption":"Booking Online Half Day Snorkeling Morning or Afternoon to Swim with Dolphins House Spot"},{"@type":"BreadcrumbList","@id":"https:\/\/hurghadalovers.com\/sk\/tours\/el-gouna-prenajom-rychlolod-do-oranzoveho-ostrova\/#breadcrumb","itemListElement":[{"@type":"ListItem","position":1,"name":"Home","item":"https:\/\/hurghadalovers.com\/sk\/"},{"@type":"ListItem","position":2,"name":"Shop","item":"https:\/\/hurghadalovers.com\/shop\/"},{"@type":"ListItem","position":3,"name":"Pren\u00e1jom r\u00fdchlolod\u00ed z El Gouny na ostrov Orange bay"}]},{"@type":"WebSite","@id":"https:\/\/hurghadalovers.com\/sk\/#website","url":"https:\/\/hurghadalovers.com\/sk\/","name":"Hurghada Excursions & Day Trips | Booking Best Prices Tours","description":"Hurghada Lovers - Best Tour Operator - Excursions &amp; Things to do for Family Day Trips with kids and Couples Romantic. Unique .Hidden gems","publisher":{"@id":"https:\/\/hurghadalovers.com\/sk\/#organization"},"alternateName":"Hurghada Excursions","potentialAction":[{"@type":"SearchAction","target":{"@type":"EntryPoint","urlTemplate":"https:\/\/hurghadalovers.com\/sk\/?s={search_term_string}"},"query-input":{"@type":"PropertyValueSpecification","valueRequired":true,"valueName":"search_term_string"}}],"inLanguage":"sk-SK"},{"@type":["Organization","Place","TravelAgency"],"@id":"https:\/\/hurghadalovers.com\/sk\/#organization","name":"Hurghada Excursions","url":"https:\/\/hurghadalovers.com\/sk\/","logo":{"@id":"https:\/\/hurghadalovers.com\/sk\/tours\/el-gouna-prenajom-rychlolod-do-oranzoveho-ostrova\/#local-main-organization-logo"},"image":{"@id":"https:\/\/hurghadalovers.com\/sk\/tours\/el-gouna-prenajom-rychlolod-do-oranzoveho-ostrova\/#local-main-organization-logo"},"sameAs":["https:\/\/www.facebook.com\/Hurghadaloversegypt"],"address":{"@id":"https:\/\/hurghadalovers.com\/sk\/tours\/el-gouna-prenajom-rychlolod-do-oranzoveho-ostrova\/#local-main-place-address"},"telephone":["00201112596434"],"contactPoint":{"@type":"ContactPoint","telephone":"00201112596434","email":"weyouface@gmail.com"},"openingHoursSpecification":{"@type":"OpeningHoursSpecification","dayOfWeek":["Monday","Tuesday","Wednesday","Thursday","Friday","Saturday","Sunday"],"opens":"00:00","closes":"23:59"},"email":"weyouface@gmail.com","areaServed":"Luxor, Hurghada, El Gouna, Aswan, Sharm El Sheikh, Giza, Alexandria, Marsa Alam, Quseir, Soma Bay, Sahl Hasheesh, Red Sea, Makadi Bay, Cairo","priceRange":"$","currenciesAccepted":"euro","paymentAccepted":"cash on site"},{"@type":"PostalAddress","@id":"https:\/\/hurghadalovers.com\/sk\/tours\/el-gouna-prenajom-rychlolod-do-oranzoveho-ostrova\/#local-main-place-address","streetAddress":"17 Banks street, Alkawther area, top nbk bank","addressLocality":"hurghada","postalCode":"84511","addressRegion":"red sea","addressCountry":"EG"},{"@type":"ImageObject","inLanguage":"sk-SK","@id":"https:\/\/hurghadalovers.com\/sk\/tours\/el-gouna-prenajom-rychlolod-do-oranzoveho-ostrova\/#local-main-organization-logo","url":"https:\/\/hurghadalovers.com\/wp-content\/uploads\/2019\/10\/hurghada-excursions-logo.png","contentUrl":"https:\/\/hurghadalovers.com\/wp-content\/uploads\/2019\/10\/hurghada-excursions-logo.png","width":272,"height":90,"caption":"Hurghada Excursions"}]},"product_brand":"Fakultat\u00edvne V\u00fdlety El Gouna","product_price_amount":"240","product_price_currency":"EUR","og_availability":"instock","product_availability":"instock","product_retailer_item_id":"Gouna632024","product_condition":"new","geo.placename":"hurghada","geo.region":"Egypt"},"_links":{"self":[{"href":"https:\/\/hurghadalovers.com\/sk\/wp-json\/wp\/v2\/product\/395234","targetHints":{"allow":["GET"]}}],"collection":[{"href":"https:\/\/hurghadalovers.com\/sk\/wp-json\/wp\/v2\/product"}],"about":[{"href":"https:\/\/hurghadalovers.com\/sk\/wp-json\/wp\/v2\/types\/product"}],"wp:featuredmedia":[{"embeddable":true,"href":"https:\/\/hurghadalovers.com\/sk\/wp-json\/wp\/v2\/media\/934379"}],"wp:attachment":[{"href":"https:\/\/hurghadalovers.com\/sk\/wp-json\/wp\/v2\/media?parent=395234"}],"wp:term":[{"taxonomy":"product_brand","embeddable":true,"href":"https:\/\/hurghadalovers.com\/sk\/wp-json\/wp\/v2\/product_brand?post=395234"},{"taxonomy":"product_cat","embeddable":true,"href":"https:\/\/hurghadalovers.com\/sk\/wp-json\/wp\/v2\/product_cat?post=395234"},{"taxonomy":"product_tag","embeddable":true,"href":"https:\/\/hurghadalovers.com\/sk\/wp-json\/wp\/v2\/product_tag?post=395234"}],"curies":[{"name":"wp","href":"https:\/\/api.w.org\/{rel}","templated":true}]}}