{"id":394854,"date":"2023-09-03T11:47:51","date_gmt":"2023-09-03T11:47:51","guid":{"rendered":"https:\/\/hurghadalovers.com\/shop\/nezaraden\u00e9\/sukromne-vylety-z-el-gouny-do-luxoru-a-asuanu-3-dni\/"},"modified":"2026-02-08T12:37:16","modified_gmt":"2026-02-08T12:37:16","slug":"sukromne-vylety-do-luxor-aswan-3-dni-2","status":"publish","type":"product","link":"https:\/\/hurghadalovers.com\/sk\/tours\/sukromne-vylety-do-luxor-aswan-3-dni-2\/","title":{"rendered":"S\u00fakromn\u00e9 v\u00fdlety z El Gouny do Luxoru a Asu\u00e1nu &#8211; 3 dni"},"content":{"rendered":"<p><strong>S\u00fakromn\u00e9 <\/strong> <strong>v\u00fdlety do<\/strong><strong>El Gouna<\/strong> <strong>, Luxor<\/strong> a Asu\u00e1n &#8211; 3 dni so s\u00fakromn\u00fdm sprievodcom, vstupenkami a obedom.<\/p>\n<p>\u0160peci\u00e1lny 3-d\u0148ov\u00fd z\u00e1jazd pre v\u0161etk\u00fdch milovn\u00edkov starovekej civiliz\u00e1cie Egypta, po\u010das ktor\u00e9ho sa dozviete nov\u00e9 fakty a tajomstv\u00e1 o kr\u00e1\u013eoch fara\u00f3noch a nav\u0161t\u00edvite najv\u00fdznamnej\u0161ie chr\u00e1my a kr\u00e1\u013eovsk\u00e9 hrobky v Luxore a Asu\u00e1ne a \u010fal\u0161ie.<\/p>\n<p>&nbsp;<\/p>\n<p><strong>Najd\u00f4le\u017eitej\u0161ie inform\u00e1cie:<\/strong><\/p>\n<ul>\n<li>Chr\u00e1m v Karnaku.<\/li>\n<li>Memnonove kolosy.<\/li>\n<li>Hat\u0161epsutin pohrebn\u00fd chr\u00e1m.<\/li>\n<li>3 Hrobky v \u00dadol\u00ed kr\u00e1\u013eov .<\/li>\n<li>Chr\u00e1mov\u00fd komplex Philae.<\/li>\n<li>Nedokon\u010den\u00fd obelisk.<\/li>\n<li>Chr\u00e1m v Edfu.<\/li>\n<li>Chr\u00e1m Kom Ombo.<\/li>\n<li>Vysok\u00e1 priehrada.<\/li>\n<li>Chr\u00e1my Abu Simbel.<\/li>\n<li>Obed v re\u0161taur\u00e1cii &#8222;Vegetari\u00e1nska strava je k dispoz\u00edcii&#8220;.<\/li>\n<\/ul>\n<p><strong>S\u00fakromn\u00e1 str\u00e1nka <\/strong><strong>El Gouna<\/strong> <strong>Z\u00e1jazdy do Luxoru a Asu\u00e1nu Podrobnosti:<\/strong><\/p>\n<ul>\n<li>Dostupnos\u0165 z\u00e1jazdu: Ka\u017ed\u00fd de\u0148.<\/li>\n<li>Typ z\u00e1jazdu: S\u00fakromn\u00e1 prehliadka autom alebo minivanom.<\/li>\n<li>\u010cas vyzdvihnutia: Od 05:30 hod.<\/li>\n<li>\u017diados\u0165 Hotel dosta\u0165 ra\u0148ajky ta\u0161ku s vami R\u00e1no.<\/li>\n<li>\u010cas vyzdvihnutia: 19:00.<\/li>\n<li>Bezbari\u00e9rov\u00fd pr\u00edstup.<\/li>\n<li>Trvanie: 3 dni \/ 2 noci.<\/li>\n<\/ul>\n<p><strong>Rezervujte teraz a pla\u0165te nesk\u00f4r:<\/strong><\/p>\n<ul>\n<li>Hotovos\u0165 na mieste pre sprievodcu.<\/li>\n<li>Platba egyptsk\u00fdmi librami, $, \u20ac alebo \u00a3.<\/li>\n<\/ul>\n<p><strong>Storno podmienky:<\/strong><\/p>\n<ul>\n<li>m\u00f4\u017eete Zru\u0161i\u0165 a\u017e 24 hod\u00edn vopred.<\/li>\n<li>Ke\u010f niekto z va\u0161ej rodiny zru\u0161\u00ed dopoludnie, zaplat\u00ed 50 % n\u00e1kladov.<\/li>\n<\/ul>\n<p><strong>\u010co je s\u00fa\u010das\u0165ou balenia?<\/strong><\/p>\n<ul>\n<li>Transfer z hotelov El Gouna &#8222;Hotel pick up and drop off&#8220;.<\/li>\n<li>V\u0161etky dane, vstupn\u00e9 poplatky a manipula\u010dn\u00e9 poplatky.<\/li>\n<li>Prevody.<\/li>\n<li>Sprievodca.<\/li>\n<li>2 noci v hoteli s ra\u0148ajkami.<\/li>\n<li>N\u00e1poje.<\/li>\n<li>3 Obed v re\u0161taur\u00e1cii.<\/li>\n<\/ul>\n<p><strong>Vyl\u00fa\u010denia?<\/strong><\/p>\n<ul>\n<li>Prepitn\u00e9.<\/li>\n<li>V\u00fdlet na Felucce &#8222;Plavba lo\u010fou&#8220; Na 35 min= 10$.<\/li>\n<li>Ak\u00e9ko\u013evek pr\u00edplatky, ktor\u00e9 neboli spomenut\u00e9.<\/li>\n<\/ul>\n<p><strong>m\u00f4\u017eete prida\u0165 v prv\u00fd de\u0148 alebo m\u00f4\u017eete relaxova\u0165 v hoteli:<\/strong><\/p>\n<ul>\n<li>S\u00fakromn\u00e1 30-min\u00fatov\u00e1 plavba na Felukke po rieke N\u00edl.<\/li>\n<li>M\u00fazeum mumifik\u00e1cie.<\/li>\n<\/ul>\n<p><strong>m\u00f4\u017eete prida\u0165 druh\u00fd de\u0148:<\/strong><\/p>\n<ul>\n<li>Kr\u00e1\u013eovn\u00e1 Nefertiti v \u00dadol\u00ed kr\u00e1\u013eovien.<\/li>\n<li>Nakupovanie.<\/li>\n<li>Alebo nav\u0161t\u00edvte chr\u00e1m Dendera<\/li>\n<li>Jazda na teplovzdu\u0161n\u00fdch bal\u00f3noch.<\/li>\n<\/ul>\n<p><strong>Ceny:<\/strong><\/p>\n<ul>\n<li><strong>Cena pre dospel\u00fdch = od 520 USD na osobu<\/strong>.<\/li>\n<li>Cena pre deti &#8222;5-12&#8220; = 50%.<\/li>\n<li>pre deti &#8222;0-5&#8220; = zadarmo.<\/li>\n<\/ul>\n<p><strong>Recenzie:<\/strong><\/p>\n<p>skontrolova\u0165 na\u0161e Google Map Recenzie ako najlep\u0161ie <a href=\"https:\/\/g.page\/r\/CUeYvkngP3wkEBM\/review\">Tour Operator v Hurghada<\/a> on-line v <a href=\"https:\/\/hurghadalovers.com\/\">Hurghada<\/a> Egypt.<\/p>\n<p>&nbsp;<\/p>\n<p><strong>Rezerv\u00e1cia:<\/strong><\/p>\n<p>Odosla\u0165 hotel + \u010d\u00edslo izby + foto pasov na WhatsApp: <strong>+201112596434<\/strong><\/p>\n<p>Ak ste z Egypta Rezerv\u00e1cia teraz online a potvrdi\u0165 pri pr\u00edchode Hotel.<\/p>\n<p>&nbsp;<\/p>\n<p>&nbsp;<\/p>\n","protected":false},"excerpt":{"rendered":"<p><strong>S\u00fakromn\u00e9 <\/strong> <strong>v\u00fdlety do<\/strong><strong>El Gouna<\/strong> <strong>, Luxor<\/strong> a Asu\u00e1n &#8211; 3 dni so s\u00fakromn\u00fdm sprievodcom, vstupenkami a obedom. \u0160peci\u00e1lny 3-d\u0148ov\u00fd v\u00fdlet pre v\u0161etk\u00fdch milovn\u00edkov starovekej civiliz\u00e1cie Egypta<\/p>\n","protected":false},"featured_media":492282,"template":"","meta":{"_joinchat":[]},"product_brand":[],"product_cat":[36669],"product_tag":[],"class_list":{"0":"post-394854","1":"product","2":"type-product","3":"status-publish","4":"has-post-thumbnail","6":"product_cat-prehliadky","7":"tour_category-el-gouna-vylety","8":"tour_category-tury-z-el-guny-do-luxoru","10":"first","11":"instock","12":"sale","13":"shipping-taxable","14":"purchasable","15":"product-type-tour"},"yoast_head":"<!-- This site is optimized with the Yoast SEO Premium plugin v26.9 (Yoast SEO v27.2) - https:\/\/yoast.com\/product\/yoast-seo-premium-wordpress\/ -->\n<title>S\u00fakromn\u00e9 v\u00fdlety z El Gouny do Luxoru a Asu\u00e1nu - 3 dni<\/title>\n<meta name=\"description\" content=\"S\u00fakromn\u00e9 v\u00fdlety do El Gouna, Luxor a Asu\u00e1n - 3 dni so s\u00fakromn\u00fdm sprievodcom, vstupenkami a obedom. \u0160peci\u00e1lny 3-d\u0148ov\u00fd v\u00fdlet pre v\u0161etk\u00fdch milovn\u00edkov starovekej civiliz\u00e1cie\" \/>\n<meta name=\"robots\" content=\"index, follow, max-snippet:-1, max-image-preview:large, max-video-preview:-1\" \/>\n<link rel=\"canonical\" href=\"https:\/\/hurghadalovers.com\/sk\/tours\/sukromne-vylety-do-luxor-aswan-3-dni-2\/\" \/>\n<meta property=\"og:locale\" content=\"sk_SK\" \/>\n<meta property=\"og:type\" content=\"article\" \/>\n<meta property=\"og:title\" content=\"S\u00fakromn\u00e9 v\u00fdlety z El Gouny do Luxoru a Asu\u00e1nu - 3 dni\" \/>\n<meta property=\"og:description\" content=\"S\u00fakromn\u00e9 v\u00fdlety do El Gouna, Luxor a Asu\u00e1n - 3 dni so s\u00fakromn\u00fdm sprievodcom, vstupenkami a obedom. \u0160peci\u00e1lny 3-d\u0148ov\u00fd v\u00fdlet pre v\u0161etk\u00fdch milovn\u00edkov starovekej civiliz\u00e1cie\" \/>\n<meta property=\"og:url\" content=\"https:\/\/hurghadalovers.com\/sk\/tours\/sukromne-vylety-do-luxor-aswan-3-dni-2\/\" \/>\n<meta property=\"og:site_name\" content=\"Hurghada Excursions &amp; Day Trips | Booking Best Prices Tours\" \/>\n<meta property=\"article:publisher\" content=\"https:\/\/www.facebook.com\/Hurghadaloversegypt\" \/>\n<meta property=\"article:modified_time\" content=\"2026-02-08T12:37:16+00:00\" \/>\n<meta property=\"og:image\" content=\"https:\/\/hurghadalovers.com\/wp-content\/uploads\/2023\/08\/\u041f\u043e\u0433\u0440\u0435\u0431\u0430\u043b\u044c\u043d\u044b\u0439-\u0445\u0440\u0430\u043c-\u0425\u0430\u0442\u0448\u0435\u043f\u0441\u0443\u0442.jpeg\" \/>\n\t<meta property=\"og:image:width\" content=\"1156\" \/>\n\t<meta property=\"og:image:height\" content=\"867\" \/>\n\t<meta property=\"og:image:type\" content=\"image\/jpeg\" \/>\n<meta name=\"twitter:card\" content=\"summary_large_image\" \/>\n<meta name=\"twitter:label1\" content=\"Cena\" \/>\n\t<meta name=\"twitter:data1\" content=\"&euro;&nbsp;550\" \/>\n\t<meta name=\"twitter:label2\" content=\"Dostupnos\u0165\" \/>\n\t<meta name=\"twitter:data2\" content=\"Na sklade\" \/>\n<script type=\"application\/ld+json\" class=\"yoast-schema-graph\">{\"@context\":\"https:\/\/schema.org\",\"@graph\":[{\"@type\":[\"WebPage\",\"ItemPage\"],\"@id\":\"https:\/\/hurghadalovers.com\/sk\/tours\/sukromne-vylety-do-luxor-aswan-3-dni-2\/\",\"url\":\"https:\/\/hurghadalovers.com\/sk\/tours\/sukromne-vylety-do-luxor-aswan-3-dni-2\/\",\"name\":\"S\u00fakromn\u00e9 v\u00fdlety z El Gouny do Luxoru a Asu\u00e1nu - 3 dni\",\"isPartOf\":{\"@id\":\"https:\/\/hurghadalovers.com\/sk\/#website\"},\"primaryImageOfPage\":{\"@id\":\"https:\/\/hurghadalovers.com\/sk\/tours\/sukromne-vylety-do-luxor-aswan-3-dni-2\/#primaryimage\"},\"image\":{\"@id\":\"https:\/\/hurghadalovers.com\/sk\/tours\/sukromne-vylety-do-luxor-aswan-3-dni-2\/#primaryimage\"},\"thumbnailUrl\":\"https:\/\/hurghadalovers.com\/wp-content\/uploads\/2023\/08\/\u041f\u043e\u0433\u0440\u0435\u0431\u0430\u043b\u044c\u043d\u044b\u0439-\u0445\u0440\u0430\u043c-\u0425\u0430\u0442\u0448\u0435\u043f\u0441\u0443\u0442.jpeg\",\"datePublished\":\"2023-09-03T11:47:51+00:00\",\"dateModified\":\"2026-02-08T12:37:16+00:00\",\"description\":\"S\u00fakromn\u00e9 v\u00fdlety do El Gouna, Luxor a Asu\u00e1n - 3 dni so s\u00fakromn\u00fdm sprievodcom, vstupenkami a obedom. \u0160peci\u00e1lny 3-d\u0148ov\u00fd v\u00fdlet pre v\u0161etk\u00fdch milovn\u00edkov starovekej civiliz\u00e1cie\",\"breadcrumb\":{\"@id\":\"https:\/\/hurghadalovers.com\/sk\/tours\/sukromne-vylety-do-luxor-aswan-3-dni-2\/#breadcrumb\"},\"inLanguage\":\"sk-SK\",\"potentialAction\":[{\"@type\":\"ReadAction\",\"target\":[\"https:\/\/hurghadalovers.com\/sk\/tours\/sukromne-vylety-do-luxor-aswan-3-dni-2\/\"]}]},{\"@type\":\"ImageObject\",\"inLanguage\":\"sk-SK\",\"@id\":\"https:\/\/hurghadalovers.com\/sk\/tours\/sukromne-vylety-do-luxor-aswan-3-dni-2\/#primaryimage\",\"url\":\"https:\/\/hurghadalovers.com\/wp-content\/uploads\/2023\/08\/\u041f\u043e\u0433\u0440\u0435\u0431\u0430\u043b\u044c\u043d\u044b\u0439-\u0445\u0440\u0430\u043c-\u0425\u0430\u0442\u0448\u0435\u043f\u0441\u0443\u0442.jpeg\",\"contentUrl\":\"https:\/\/hurghadalovers.com\/wp-content\/uploads\/2023\/08\/\u041f\u043e\u0433\u0440\u0435\u0431\u0430\u043b\u044c\u043d\u044b\u0439-\u0445\u0440\u0430\u043c-\u0425\u0430\u0442\u0448\u0435\u043f\u0441\u0443\u0442.jpeg\",\"width\":1156,\"height\":867,\"caption\":\"\u041f\u043e\u0433\u0440\u0435\u0431\u0430\u043b\u044c\u043d\u044b\u0438\u0306 \u0445\u0440\u0430\u043c \u0425\u0430\u0442\u0448\u0435\u043f\u0441\u0443\u0442\"},{\"@type\":\"BreadcrumbList\",\"@id\":\"https:\/\/hurghadalovers.com\/sk\/tours\/sukromne-vylety-do-luxor-aswan-3-dni-2\/#breadcrumb\",\"itemListElement\":[{\"@type\":\"ListItem\",\"position\":1,\"name\":\"Home\",\"item\":\"https:\/\/hurghadalovers.com\/sk\/\"},{\"@type\":\"ListItem\",\"position\":2,\"name\":\"Shop\",\"item\":\"https:\/\/hurghadalovers.com\/shop\/\"},{\"@type\":\"ListItem\",\"position\":3,\"name\":\"S\u00fakromn\u00e9 v\u00fdlety z El Gouny do Luxoru a Asu\u00e1nu &#8211; 3 dni\"}]},{\"@type\":\"WebSite\",\"@id\":\"https:\/\/hurghadalovers.com\/sk\/#website\",\"url\":\"https:\/\/hurghadalovers.com\/sk\/\",\"name\":\"Hurghada Excursions & Day Trips | Booking Best Prices Tours\",\"description\":\"Hurghada Lovers - Best Tour Operator - Excursions &amp; Things to do for Family Day Trips with kids and Couples Romantic. Unique .Hidden gems\",\"publisher\":{\"@id\":\"https:\/\/hurghadalovers.com\/sk\/#organization\"},\"alternateName\":\"Hurghada Excursions\",\"potentialAction\":[{\"@type\":\"SearchAction\",\"target\":{\"@type\":\"EntryPoint\",\"urlTemplate\":\"https:\/\/hurghadalovers.com\/sk\/?s={search_term_string}\"},\"query-input\":{\"@type\":\"PropertyValueSpecification\",\"valueRequired\":true,\"valueName\":\"search_term_string\"}}],\"inLanguage\":\"sk-SK\"},{\"@type\":[\"Organization\",\"Place\",\"TravelAgency\"],\"@id\":\"https:\/\/hurghadalovers.com\/sk\/#organization\",\"name\":\"Hurghada Excursions\",\"url\":\"https:\/\/hurghadalovers.com\/sk\/\",\"logo\":{\"@id\":\"https:\/\/hurghadalovers.com\/sk\/tours\/sukromne-vylety-do-luxor-aswan-3-dni-2\/#local-main-organization-logo\"},\"image\":{\"@id\":\"https:\/\/hurghadalovers.com\/sk\/tours\/sukromne-vylety-do-luxor-aswan-3-dni-2\/#local-main-organization-logo\"},\"sameAs\":[\"https:\/\/www.facebook.com\/Hurghadaloversegypt\"],\"address\":{\"@id\":\"https:\/\/hurghadalovers.com\/sk\/tours\/sukromne-vylety-do-luxor-aswan-3-dni-2\/#local-main-place-address\"},\"telephone\":[\"00201112596434\"],\"contactPoint\":{\"@type\":\"ContactPoint\",\"telephone\":\"00201112596434\",\"email\":\"weyouface@gmail.com\"},\"openingHoursSpecification\":{\"@type\":\"OpeningHoursSpecification\",\"dayOfWeek\":[\"Monday\",\"Tuesday\",\"Wednesday\",\"Thursday\",\"Friday\",\"Saturday\",\"Sunday\"],\"opens\":\"00:00\",\"closes\":\"23:59\"},\"email\":\"weyouface@gmail.com\",\"areaServed\":\"Luxor, Hurghada, El Gouna, Aswan, Sharm El Sheikh, Giza, Alexandria, Marsa Alam, Quseir, Soma Bay, Sahl Hasheesh, Red Sea, Makadi Bay, Cairo\",\"priceRange\":\"$\",\"currenciesAccepted\":\"euro\",\"paymentAccepted\":\"cash on site\"},{\"@type\":\"PostalAddress\",\"@id\":\"https:\/\/hurghadalovers.com\/sk\/tours\/sukromne-vylety-do-luxor-aswan-3-dni-2\/#local-main-place-address\",\"streetAddress\":\"17 Banks street, Alkawther area, top nbk bank\",\"addressLocality\":\"hurghada\",\"postalCode\":\"84511\",\"addressRegion\":\"red sea\",\"addressCountry\":\"EG\"},{\"@type\":\"ImageObject\",\"inLanguage\":\"sk-SK\",\"@id\":\"https:\/\/hurghadalovers.com\/sk\/tours\/sukromne-vylety-do-luxor-aswan-3-dni-2\/#local-main-organization-logo\",\"url\":\"https:\/\/hurghadalovers.com\/wp-content\/uploads\/2019\/10\/hurghada-excursions-logo.png\",\"contentUrl\":\"https:\/\/hurghadalovers.com\/wp-content\/uploads\/2019\/10\/hurghada-excursions-logo.png\",\"width\":272,\"height\":90,\"caption\":\"Hurghada Excursions\"}]}<\/script>\n<meta property=\"product:brand\" content=\"Fakultat\u00edvne V\u00fdlety El Gouna\" \/>\n<meta property=\"product:price:amount\" content=\"550\" \/>\n<meta property=\"product:price:currency\" content=\"EUR\" \/>\n<meta property=\"og:availability\" content=\"instock\" \/>\n<meta property=\"product:availability\" content=\"instock\" \/>\n<meta property=\"product:retailer_item_id\" content=\"wsw343434343443\" \/>\n<meta property=\"product:condition\" content=\"new\" \/>\n<meta name=\"geo.placename\" content=\"hurghada\" \/>\n<meta name=\"geo.region\" content=\"Egypt\" \/>\n<!-- \/ Yoast SEO Premium plugin. -->","yoast_head_json":{"title":"S\u00fakromn\u00e9 v\u00fdlety z El Gouny do Luxoru a Asu\u00e1nu - 3 dni","description":"S\u00fakromn\u00e9 v\u00fdlety do El Gouna, Luxor a Asu\u00e1n - 3 dni so s\u00fakromn\u00fdm sprievodcom, vstupenkami a obedom. \u0160peci\u00e1lny 3-d\u0148ov\u00fd v\u00fdlet pre v\u0161etk\u00fdch milovn\u00edkov starovekej civiliz\u00e1cie","robots":{"index":"index","follow":"follow","max-snippet":"max-snippet:-1","max-image-preview":"max-image-preview:large","max-video-preview":"max-video-preview:-1"},"canonical":"https:\/\/hurghadalovers.com\/sk\/tours\/sukromne-vylety-do-luxor-aswan-3-dni-2\/","og_locale":"sk_SK","og_type":"article","og_title":"S\u00fakromn\u00e9 v\u00fdlety z El Gouny do Luxoru a Asu\u00e1nu - 3 dni","og_description":"S\u00fakromn\u00e9 v\u00fdlety do El Gouna, Luxor a Asu\u00e1n - 3 dni so s\u00fakromn\u00fdm sprievodcom, vstupenkami a obedom. \u0160peci\u00e1lny 3-d\u0148ov\u00fd v\u00fdlet pre v\u0161etk\u00fdch milovn\u00edkov starovekej civiliz\u00e1cie","og_url":"https:\/\/hurghadalovers.com\/sk\/tours\/sukromne-vylety-do-luxor-aswan-3-dni-2\/","og_site_name":"Hurghada Excursions &amp; Day Trips | Booking Best Prices Tours","article_publisher":"https:\/\/www.facebook.com\/Hurghadaloversegypt","article_modified_time":"2026-02-08T12:37:16+00:00","og_image":[{"width":1156,"height":867,"url":"https:\/\/hurghadalovers.com\/wp-content\/uploads\/2023\/08\/\u041f\u043e\u0433\u0440\u0435\u0431\u0430\u043b\u044c\u043d\u044b\u0439-\u0445\u0440\u0430\u043c-\u0425\u0430\u0442\u0448\u0435\u043f\u0441\u0443\u0442.jpeg","type":"image\/jpeg"}],"twitter_card":"summary_large_image","twitter_misc":{"Cena":"&euro;&nbsp;550","Dostupnos\u0165":"Na sklade"},"schema":{"@context":"https:\/\/schema.org","@graph":[{"@type":["WebPage","ItemPage"],"@id":"https:\/\/hurghadalovers.com\/sk\/tours\/sukromne-vylety-do-luxor-aswan-3-dni-2\/","url":"https:\/\/hurghadalovers.com\/sk\/tours\/sukromne-vylety-do-luxor-aswan-3-dni-2\/","name":"S\u00fakromn\u00e9 v\u00fdlety z El Gouny do Luxoru a Asu\u00e1nu - 3 dni","isPartOf":{"@id":"https:\/\/hurghadalovers.com\/sk\/#website"},"primaryImageOfPage":{"@id":"https:\/\/hurghadalovers.com\/sk\/tours\/sukromne-vylety-do-luxor-aswan-3-dni-2\/#primaryimage"},"image":{"@id":"https:\/\/hurghadalovers.com\/sk\/tours\/sukromne-vylety-do-luxor-aswan-3-dni-2\/#primaryimage"},"thumbnailUrl":"https:\/\/hurghadalovers.com\/wp-content\/uploads\/2023\/08\/\u041f\u043e\u0433\u0440\u0435\u0431\u0430\u043b\u044c\u043d\u044b\u0439-\u0445\u0440\u0430\u043c-\u0425\u0430\u0442\u0448\u0435\u043f\u0441\u0443\u0442.jpeg","datePublished":"2023-09-03T11:47:51+00:00","dateModified":"2026-02-08T12:37:16+00:00","description":"S\u00fakromn\u00e9 v\u00fdlety do El Gouna, Luxor a Asu\u00e1n - 3 dni so s\u00fakromn\u00fdm sprievodcom, vstupenkami a obedom. \u0160peci\u00e1lny 3-d\u0148ov\u00fd v\u00fdlet pre v\u0161etk\u00fdch milovn\u00edkov starovekej civiliz\u00e1cie","breadcrumb":{"@id":"https:\/\/hurghadalovers.com\/sk\/tours\/sukromne-vylety-do-luxor-aswan-3-dni-2\/#breadcrumb"},"inLanguage":"sk-SK","potentialAction":[{"@type":"ReadAction","target":["https:\/\/hurghadalovers.com\/sk\/tours\/sukromne-vylety-do-luxor-aswan-3-dni-2\/"]}]},{"@type":"ImageObject","inLanguage":"sk-SK","@id":"https:\/\/hurghadalovers.com\/sk\/tours\/sukromne-vylety-do-luxor-aswan-3-dni-2\/#primaryimage","url":"https:\/\/hurghadalovers.com\/wp-content\/uploads\/2023\/08\/\u041f\u043e\u0433\u0440\u0435\u0431\u0430\u043b\u044c\u043d\u044b\u0439-\u0445\u0440\u0430\u043c-\u0425\u0430\u0442\u0448\u0435\u043f\u0441\u0443\u0442.jpeg","contentUrl":"https:\/\/hurghadalovers.com\/wp-content\/uploads\/2023\/08\/\u041f\u043e\u0433\u0440\u0435\u0431\u0430\u043b\u044c\u043d\u044b\u0439-\u0445\u0440\u0430\u043c-\u0425\u0430\u0442\u0448\u0435\u043f\u0441\u0443\u0442.jpeg","width":1156,"height":867,"caption":"\u041f\u043e\u0433\u0440\u0435\u0431\u0430\u043b\u044c\u043d\u044b\u0438\u0306 \u0445\u0440\u0430\u043c \u0425\u0430\u0442\u0448\u0435\u043f\u0441\u0443\u0442"},{"@type":"BreadcrumbList","@id":"https:\/\/hurghadalovers.com\/sk\/tours\/sukromne-vylety-do-luxor-aswan-3-dni-2\/#breadcrumb","itemListElement":[{"@type":"ListItem","position":1,"name":"Home","item":"https:\/\/hurghadalovers.com\/sk\/"},{"@type":"ListItem","position":2,"name":"Shop","item":"https:\/\/hurghadalovers.com\/shop\/"},{"@type":"ListItem","position":3,"name":"S\u00fakromn\u00e9 v\u00fdlety z El Gouny do Luxoru a Asu\u00e1nu &#8211; 3 dni"}]},{"@type":"WebSite","@id":"https:\/\/hurghadalovers.com\/sk\/#website","url":"https:\/\/hurghadalovers.com\/sk\/","name":"Hurghada Excursions & Day Trips | Booking Best Prices Tours","description":"Hurghada Lovers - Best Tour Operator - Excursions &amp; Things to do for Family Day Trips with kids and Couples Romantic. Unique .Hidden gems","publisher":{"@id":"https:\/\/hurghadalovers.com\/sk\/#organization"},"alternateName":"Hurghada Excursions","potentialAction":[{"@type":"SearchAction","target":{"@type":"EntryPoint","urlTemplate":"https:\/\/hurghadalovers.com\/sk\/?s={search_term_string}"},"query-input":{"@type":"PropertyValueSpecification","valueRequired":true,"valueName":"search_term_string"}}],"inLanguage":"sk-SK"},{"@type":["Organization","Place","TravelAgency"],"@id":"https:\/\/hurghadalovers.com\/sk\/#organization","name":"Hurghada Excursions","url":"https:\/\/hurghadalovers.com\/sk\/","logo":{"@id":"https:\/\/hurghadalovers.com\/sk\/tours\/sukromne-vylety-do-luxor-aswan-3-dni-2\/#local-main-organization-logo"},"image":{"@id":"https:\/\/hurghadalovers.com\/sk\/tours\/sukromne-vylety-do-luxor-aswan-3-dni-2\/#local-main-organization-logo"},"sameAs":["https:\/\/www.facebook.com\/Hurghadaloversegypt"],"address":{"@id":"https:\/\/hurghadalovers.com\/sk\/tours\/sukromne-vylety-do-luxor-aswan-3-dni-2\/#local-main-place-address"},"telephone":["00201112596434"],"contactPoint":{"@type":"ContactPoint","telephone":"00201112596434","email":"weyouface@gmail.com"},"openingHoursSpecification":{"@type":"OpeningHoursSpecification","dayOfWeek":["Monday","Tuesday","Wednesday","Thursday","Friday","Saturday","Sunday"],"opens":"00:00","closes":"23:59"},"email":"weyouface@gmail.com","areaServed":"Luxor, Hurghada, El Gouna, Aswan, Sharm El Sheikh, Giza, Alexandria, Marsa Alam, Quseir, Soma Bay, Sahl Hasheesh, Red Sea, Makadi Bay, Cairo","priceRange":"$","currenciesAccepted":"euro","paymentAccepted":"cash on site"},{"@type":"PostalAddress","@id":"https:\/\/hurghadalovers.com\/sk\/tours\/sukromne-vylety-do-luxor-aswan-3-dni-2\/#local-main-place-address","streetAddress":"17 Banks street, Alkawther area, top nbk bank","addressLocality":"hurghada","postalCode":"84511","addressRegion":"red sea","addressCountry":"EG"},{"@type":"ImageObject","inLanguage":"sk-SK","@id":"https:\/\/hurghadalovers.com\/sk\/tours\/sukromne-vylety-do-luxor-aswan-3-dni-2\/#local-main-organization-logo","url":"https:\/\/hurghadalovers.com\/wp-content\/uploads\/2019\/10\/hurghada-excursions-logo.png","contentUrl":"https:\/\/hurghadalovers.com\/wp-content\/uploads\/2019\/10\/hurghada-excursions-logo.png","width":272,"height":90,"caption":"Hurghada Excursions"}]},"product_brand":"Fakultat\u00edvne V\u00fdlety El Gouna","product_price_amount":"550","product_price_currency":"EUR","og_availability":"instock","product_availability":"instock","product_retailer_item_id":"wsw343434343443","product_condition":"new","geo.placename":"hurghada","geo.region":"Egypt"},"_links":{"self":[{"href":"https:\/\/hurghadalovers.com\/sk\/wp-json\/wp\/v2\/product\/394854","targetHints":{"allow":["GET"]}}],"collection":[{"href":"https:\/\/hurghadalovers.com\/sk\/wp-json\/wp\/v2\/product"}],"about":[{"href":"https:\/\/hurghadalovers.com\/sk\/wp-json\/wp\/v2\/types\/product"}],"wp:featuredmedia":[{"embeddable":true,"href":"https:\/\/hurghadalovers.com\/sk\/wp-json\/wp\/v2\/media\/492282"}],"wp:attachment":[{"href":"https:\/\/hurghadalovers.com\/sk\/wp-json\/wp\/v2\/media?parent=394854"}],"wp:term":[{"taxonomy":"product_brand","embeddable":true,"href":"https:\/\/hurghadalovers.com\/sk\/wp-json\/wp\/v2\/product_brand?post=394854"},{"taxonomy":"product_cat","embeddable":true,"href":"https:\/\/hurghadalovers.com\/sk\/wp-json\/wp\/v2\/product_cat?post=394854"},{"taxonomy":"product_tag","embeddable":true,"href":"https:\/\/hurghadalovers.com\/sk\/wp-json\/wp\/v2\/product_tag?post=394854"}],"curies":[{"name":"wp","href":"https:\/\/api.w.org\/{rel}","templated":true}]}}