{"id":392129,"date":"2023-09-01T20:27:06","date_gmt":"2023-09-01T20:32:51","guid":{"rendered":"https:\/\/hurghadalovers.com\/shop\/nezaraden\u00e9\/lacne-vylety-na-stvorkolkach-zo-sahl-hasheesh-2hod\/"},"modified":"2026-02-07T18:04:28","modified_gmt":"2026-02-07T18:04:28","slug":"lacne-vylety-stvorkolkou-z-sahl-hasheesh-2hod","status":"publish","type":"product","link":"https:\/\/hurghadalovers.com\/sk\/tours\/lacne-vylety-stvorkolkou-z-sahl-hasheesh-2hod\/","title":{"rendered":"Lacn\u00e9 v\u00fdlety na \u0161tvorkolk\u00e1ch zo Sahl Hasheesh &#8211; 2hod"},"content":{"rendered":"<p><strong>Lacn\u00e9 v\u00fdlety na \u0161tvorkolk\u00e1ch zo <\/strong><strong>Sahl Hasheesh<\/strong> s transferom | 2 hod. rann\u00e9 4WD, ATV alebo Quad Bike Safari popoludn\u00ed mimo cesty v p\u00fa\u0161ti.<\/p>\n<p style=\"text-align: center;\"><span style=\"color: #993300;\">Najlep\u0161ie veci, ktor\u00e9 m\u00f4\u017eete robi\u0165 v Sahl Hasheesh pre <strong>romantick\u00e9<\/strong> a <strong>p\u00e1rov\u00e9 medov\u00e9 t\u00fd\u017edne | <\/strong>P\u00fa\u0161tne <strong>safari s de\u0165mi<\/strong> &amp; <strong>Family Friendly<\/strong> &amp; Seniors.<\/span><\/p>\n<p>&nbsp;<\/p>\n<p><strong>Najd\u00f4le\u017eitej\u0161ie inform\u00e1cie:<\/strong><\/p>\n<ol>\n<li>60 min\u00fat jazdy na \u0161tvorkolk\u00e1ch v p\u00fa\u0161ti.<\/li>\n<\/ol>\n<p><strong>Lacn\u00e9 v\u00fdlety na \u0161tvorkolk\u00e1ch v <\/strong><strong>Sahl Hasheesh<\/strong> <strong>Podrobnosti:<\/strong><\/p>\n<ul>\n<li>Dostupnos\u0165 z\u00e1jazdu: Ka\u017ed\u00fd de\u0148.<\/li>\n<li>Typ z\u00e1jazdu: Skupinov\u00e1 alebo s\u00fakromn\u00e1.<\/li>\n<li>\u010cas vyzdvihnutia: Za\u010dnite od 08:00 &#8222;Vyberte si svoj \u010das&#8220;.<\/li>\n<li>\u010cas vyzdvihnutia: od 19:00.<\/li>\n<li>Trvanie: 2 hod.<\/li>\n<\/ul>\n<p><strong>Rezervujte teraz a pla\u0165te nesk\u00f4r:<\/strong><\/p>\n<ul>\n<li>Hotovos\u0165 na mieste pre sprievodcu.<\/li>\n<li>Platba egyptsk\u00fdmi librami, $, \u20ac alebo \u00a3.<\/li>\n<\/ul>\n<p><strong>Storno podmienky:<\/strong><\/p>\n<ul>\n<li>m\u00f4\u017eete Zru\u0161i\u0165 a\u017e 24 hod\u00edn vopred.<\/li>\n<li>Ke\u010f niekto z va\u0161ej rodiny zru\u0161\u00ed dopoludnie, zaplat\u00ed 50 % n\u00e1kladov.<\/li>\n<\/ul>\n<p><strong>\u010co je s\u00fa\u010das\u0165ou balenia?<\/strong><\/p>\n<ul>\n<li>Transfer z hotelov Sahl Hasheesh &#8222;Hotel pick up and drop off&#8220;.<\/li>\n<li>V\u0161etky dane, vstupn\u00e9 poplatky a manipula\u010dn\u00e9 poplatky.<\/li>\n<li>Prevody.<\/li>\n<li>Sprievodca.<\/li>\n<li>Prilba.<\/li>\n<\/ul>\n<p><strong>Vyl\u00fa\u010denia?<\/strong><\/p>\n<ul>\n<li>\u0160atka<\/li>\n<li>Ochrann\u00e9 okuliare<\/li>\n<li>Prepitn\u00e9.<\/li>\n<li>Fotografovanie na cestu.<\/li>\n<li>Ak\u00e9ko\u013evek pr\u00edplatky, ktor\u00e9 neboli spomenut\u00e9.<\/li>\n<\/ul>\n<p><strong>Ceny:<\/strong><\/p>\n<ul>\n<li><strong>Cena pre dospel\u00fdch = 25 USD na osobu \/ 1 hod.<\/strong><\/li>\n<li>Cena pre deti &#8222;5-12&#8220; = 50%.<\/li>\n<li>pre deti &#8222;0-5&#8220; = zadarmo.<\/li>\n<\/ul>\n<p><strong>Recenzie:<\/strong><\/p>\n<p>skontrolova\u0165 na\u0161e Google Map Recenzie ako najlep\u0161ie <a href=\"https:\/\/g.page\/r\/CUeYvkngP3wkEBM\/review\">Tour Operator v Hurghada<\/a> on-line v <a href=\"https:\/\/hurghadalovers.com\/\">Hurghada<\/a> Egypt.<\/p>\n<p><strong>Rezerv\u00e1cia:<\/strong><\/p>\n<p>Odosla\u0165 hotel + \u010d\u00edslo izby + foto pasov na WhatsApp: <strong>+201112596434<\/strong><\/p>\n<p>Ak ste z Egypta Rezerv\u00e1cia teraz online a potvrdi\u0165 pri pr\u00edchode Hotel.<\/p>\n<p>&nbsp;<\/p>\n<p>&nbsp;<\/p>\n","protected":false},"excerpt":{"rendered":"<p><strong>Lacn\u00e9 v\u00fdlety na \u0161tvorkolk\u00e1ch zo <\/strong><strong>Sahl Hasheesh<\/strong> s transferom | 2 hod. rann\u00e9 4WD, ATV alebo Quad Bike Safari popoludn\u00ed mimo cesty v p\u00fa\u0161ti.<\/p>\n<p style=\"text-align: center;\"><span style=\"color: #993300;\">Najlep\u0161ie veci, ktor\u00e9 m\u00f4\u017eete robi\u0165 v Sahl Hasheesh pre <strong>romantick\u00e9<\/strong> a <strong>p\u00e1rov\u00e9 medov\u00e9 t\u00fd\u017edne<\/strong><\/span><\/p>\n","protected":false},"featured_media":391971,"template":"","meta":{"_joinchat":[]},"product_brand":[],"product_cat":[36669],"product_tag":[49973,52795,52793,52769,49969,52711,52799,49970,49971,49974,52791,52750,52797,49972],"class_list":{"0":"post-392129","1":"product","2":"type-product","3":"status-publish","4":"has-post-thumbnail","6":"product_cat-prehliadky","7":"product_tag-atv-sahl-hasheesh-sk","8":"product_tag-co-vidiet-v-sahl-hasheesh","9":"product_tag-jednodnove-vylety-do-sahl-hasheesh-sk","10":"product_tag-jednodnove-vylety-do-sahl-hasheesh","11":"product_tag-pustne-safari-sahl-hasheesh","12":"product_tag-rodinne-aktivity-zo-sahl-hasheesh","13":"product_tag-romanticke-aktivity-v-sahl-hasheesh","14":"product_tag-safari-s-buginami-sahl-hasheesh-sk","15":"product_tag-safari-sahara-sahl-hasheesh-sk","16":"product_tag-safari-tour-sahl-hasheesh-sk","17":"product_tag-sahl-hasheesh-co-robit","18":"product_tag-sahl-hasheesh-lacne-vylety-pre-rodiny","19":"product_tag-sahl-hasheesh-romanticke-vylety","20":"product_tag-stvorkolky-sahl-hasheesh","21":"tour_category-sahl-hasheesh-vylety","22":"tour_category-stvorkolka-zo-sahl-hasheesh","24":"first","25":"instock","26":"sale","27":"shipping-taxable","28":"purchasable","29":"product-type-tour"},"yoast_head":"<!-- This site is optimized with the Yoast SEO Premium plugin v26.9 (Yoast SEO v27.2) - https:\/\/yoast.com\/product\/yoast-seo-premium-wordpress\/ -->\n<title>Lacn\u00e9 v\u00fdlety na \u0161tvorkolk\u00e1ch zo Sahl Hasheesh - 2hod<\/title>\n<meta name=\"description\" content=\"Lacn\u00e9 v\u00fdlety na \u0161tvorkolk\u00e1ch zo Sahl Hasheesh s transferom | 2 hod. rann\u00e9 4WD, ATV alebo Quad Bike Safari popoludn\u00ed mimo cesty v p\u00fa\u0161ti. Najlep\u0161ie veci na podnikanie\" \/>\n<meta name=\"robots\" content=\"index, follow, max-snippet:-1, max-image-preview:large, max-video-preview:-1\" \/>\n<link rel=\"canonical\" href=\"https:\/\/hurghadalovers.com\/sk\/tours\/lacne-vylety-stvorkolkou-z-sahl-hasheesh-2hod\/\" \/>\n<meta property=\"og:locale\" content=\"sk_SK\" \/>\n<meta property=\"og:type\" content=\"article\" \/>\n<meta property=\"og:title\" content=\"Lacn\u00e9 v\u00fdlety na \u0161tvorkolk\u00e1ch zo Sahl Hasheesh - 2hod\" \/>\n<meta property=\"og:description\" content=\"Lacn\u00e9 v\u00fdlety na \u0161tvorkolk\u00e1ch zo Sahl Hasheesh s transferom | 2 hod. rann\u00e9 4WD, ATV alebo Quad Bike Safari popoludn\u00ed mimo cesty v p\u00fa\u0161ti. Najlep\u0161ie veci na podnikanie\" \/>\n<meta property=\"og:url\" content=\"https:\/\/hurghadalovers.com\/sk\/tours\/lacne-vylety-stvorkolkou-z-sahl-hasheesh-2hod\/\" \/>\n<meta property=\"og:site_name\" content=\"Hurghada Excursions &amp; Day Trips | Booking Best Prices Tours\" \/>\n<meta property=\"article:publisher\" content=\"https:\/\/www.facebook.com\/Hurghadaloversegypt\" \/>\n<meta property=\"article:modified_time\" content=\"2026-02-07T18:04:28+00:00\" \/>\n<meta property=\"og:image\" content=\"https:\/\/hurghadalovers.com\/wp-content\/uploads\/2023\/09\/Cheap-Quad-Biking-Tours-from-Sahl-Hasheesh.jpeg\" \/>\n\t<meta property=\"og:image:width\" content=\"899\" \/>\n\t<meta property=\"og:image:height\" content=\"1599\" \/>\n\t<meta property=\"og:image:type\" content=\"image\/jpeg\" \/>\n<meta name=\"twitter:card\" content=\"summary_large_image\" \/>\n<meta name=\"twitter:label1\" content=\"Cena\" \/>\n\t<meta name=\"twitter:data1\" content=\"&euro;&nbsp;25\" \/>\n\t<meta name=\"twitter:label2\" content=\"Dostupnos\u0165\" \/>\n\t<meta name=\"twitter:data2\" content=\"Na sklade\" \/>\n<script type=\"application\/ld+json\" class=\"yoast-schema-graph\">{\"@context\":\"https:\/\/schema.org\",\"@graph\":[{\"@type\":[\"WebPage\",\"ItemPage\"],\"@id\":\"https:\/\/hurghadalovers.com\/sk\/tours\/lacne-vylety-stvorkolkou-z-sahl-hasheesh-2hod\/\",\"url\":\"https:\/\/hurghadalovers.com\/sk\/tours\/lacne-vylety-stvorkolkou-z-sahl-hasheesh-2hod\/\",\"name\":\"Lacn\u00e9 v\u00fdlety na \u0161tvorkolk\u00e1ch zo Sahl Hasheesh - 2hod\",\"isPartOf\":{\"@id\":\"https:\/\/hurghadalovers.com\/sk\/#website\"},\"primaryImageOfPage\":{\"@id\":\"https:\/\/hurghadalovers.com\/sk\/tours\/lacne-vylety-stvorkolkou-z-sahl-hasheesh-2hod\/#primaryimage\"},\"image\":{\"@id\":\"https:\/\/hurghadalovers.com\/sk\/tours\/lacne-vylety-stvorkolkou-z-sahl-hasheesh-2hod\/#primaryimage\"},\"thumbnailUrl\":\"https:\/\/hurghadalovers.com\/wp-content\/uploads\/2023\/09\/Cheap-Quad-Biking-Tours-from-Sahl-Hasheesh.jpeg\",\"datePublished\":\"2023-09-01T20:32:51+00:00\",\"dateModified\":\"2026-02-07T18:04:28+00:00\",\"description\":\"Lacn\u00e9 v\u00fdlety na \u0161tvorkolk\u00e1ch zo Sahl Hasheesh s transferom | 2 hod. rann\u00e9 4WD, ATV alebo Quad Bike Safari popoludn\u00ed mimo cesty v p\u00fa\u0161ti. Najlep\u0161ie veci na podnikanie\",\"breadcrumb\":{\"@id\":\"https:\/\/hurghadalovers.com\/sk\/tours\/lacne-vylety-stvorkolkou-z-sahl-hasheesh-2hod\/#breadcrumb\"},\"inLanguage\":\"sk-SK\",\"potentialAction\":[{\"@type\":\"ReadAction\",\"target\":[\"https:\/\/hurghadalovers.com\/sk\/tours\/lacne-vylety-stvorkolkou-z-sahl-hasheesh-2hod\/\"]}]},{\"@type\":\"ImageObject\",\"inLanguage\":\"sk-SK\",\"@id\":\"https:\/\/hurghadalovers.com\/sk\/tours\/lacne-vylety-stvorkolkou-z-sahl-hasheesh-2hod\/#primaryimage\",\"url\":\"https:\/\/hurghadalovers.com\/wp-content\/uploads\/2023\/09\/Cheap-Quad-Biking-Tours-from-Sahl-Hasheesh.jpeg\",\"contentUrl\":\"https:\/\/hurghadalovers.com\/wp-content\/uploads\/2023\/09\/Cheap-Quad-Biking-Tours-from-Sahl-Hasheesh.jpeg\",\"width\":899,\"height\":1599,\"caption\":\"Lacn\u00e9 v\u00fdlety na \u0161tvorkolk\u00e1ch zo Sahl Hasheesh\"},{\"@type\":\"BreadcrumbList\",\"@id\":\"https:\/\/hurghadalovers.com\/sk\/tours\/lacne-vylety-stvorkolkou-z-sahl-hasheesh-2hod\/#breadcrumb\",\"itemListElement\":[{\"@type\":\"ListItem\",\"position\":1,\"name\":\"Home\",\"item\":\"https:\/\/hurghadalovers.com\/sk\/\"},{\"@type\":\"ListItem\",\"position\":2,\"name\":\"Shop\",\"item\":\"https:\/\/hurghadalovers.com\/shop\/\"},{\"@type\":\"ListItem\",\"position\":3,\"name\":\"Lacn\u00e9 v\u00fdlety na \u0161tvorkolk\u00e1ch zo Sahl Hasheesh &#8211; 2hod\"}]},{\"@type\":\"WebSite\",\"@id\":\"https:\/\/hurghadalovers.com\/sk\/#website\",\"url\":\"https:\/\/hurghadalovers.com\/sk\/\",\"name\":\"Hurghada Excursions & Day Trips | Booking Best Prices Tours\",\"description\":\"Hurghada Lovers - Best Tour Operator - Excursions &amp; Things to do for Family Day Trips with kids and Couples Romantic. Unique .Hidden gems\",\"publisher\":{\"@id\":\"https:\/\/hurghadalovers.com\/sk\/#organization\"},\"alternateName\":\"Hurghada Excursions\",\"potentialAction\":[{\"@type\":\"SearchAction\",\"target\":{\"@type\":\"EntryPoint\",\"urlTemplate\":\"https:\/\/hurghadalovers.com\/sk\/?s={search_term_string}\"},\"query-input\":{\"@type\":\"PropertyValueSpecification\",\"valueRequired\":true,\"valueName\":\"search_term_string\"}}],\"inLanguage\":\"sk-SK\"},{\"@type\":[\"Organization\",\"Place\",\"TravelAgency\"],\"@id\":\"https:\/\/hurghadalovers.com\/sk\/#organization\",\"name\":\"Hurghada Excursions\",\"url\":\"https:\/\/hurghadalovers.com\/sk\/\",\"logo\":{\"@id\":\"https:\/\/hurghadalovers.com\/sk\/tours\/lacne-vylety-stvorkolkou-z-sahl-hasheesh-2hod\/#local-main-organization-logo\"},\"image\":{\"@id\":\"https:\/\/hurghadalovers.com\/sk\/tours\/lacne-vylety-stvorkolkou-z-sahl-hasheesh-2hod\/#local-main-organization-logo\"},\"sameAs\":[\"https:\/\/www.facebook.com\/Hurghadaloversegypt\"],\"address\":{\"@id\":\"https:\/\/hurghadalovers.com\/sk\/tours\/lacne-vylety-stvorkolkou-z-sahl-hasheesh-2hod\/#local-main-place-address\"},\"telephone\":[\"00201112596434\"],\"contactPoint\":{\"@type\":\"ContactPoint\",\"telephone\":\"00201112596434\",\"email\":\"weyouface@gmail.com\"},\"openingHoursSpecification\":{\"@type\":\"OpeningHoursSpecification\",\"dayOfWeek\":[\"Monday\",\"Tuesday\",\"Wednesday\",\"Thursday\",\"Friday\",\"Saturday\",\"Sunday\"],\"opens\":\"00:00\",\"closes\":\"23:59\"},\"email\":\"weyouface@gmail.com\",\"areaServed\":\"Luxor, Hurghada, El Gouna, Aswan, Sharm El Sheikh, Giza, Alexandria, Marsa Alam, Quseir, Soma Bay, Sahl Hasheesh, Red Sea, Makadi Bay, Cairo\",\"priceRange\":\"$\",\"currenciesAccepted\":\"euro\",\"paymentAccepted\":\"cash on site\"},{\"@type\":\"PostalAddress\",\"@id\":\"https:\/\/hurghadalovers.com\/sk\/tours\/lacne-vylety-stvorkolkou-z-sahl-hasheesh-2hod\/#local-main-place-address\",\"streetAddress\":\"17 Banks street, Alkawther area, top nbk bank\",\"addressLocality\":\"hurghada\",\"postalCode\":\"84511\",\"addressRegion\":\"red sea\",\"addressCountry\":\"EG\"},{\"@type\":\"ImageObject\",\"inLanguage\":\"sk-SK\",\"@id\":\"https:\/\/hurghadalovers.com\/sk\/tours\/lacne-vylety-stvorkolkou-z-sahl-hasheesh-2hod\/#local-main-organization-logo\",\"url\":\"https:\/\/hurghadalovers.com\/wp-content\/uploads\/2019\/10\/hurghada-excursions-logo.png\",\"contentUrl\":\"https:\/\/hurghadalovers.com\/wp-content\/uploads\/2019\/10\/hurghada-excursions-logo.png\",\"width\":272,\"height\":90,\"caption\":\"Hurghada Excursions\"}]}<\/script>\n<meta property=\"product:brand\" content=\"Fakultat\u00edvne V\u00fdlety Sahl Hasheesh\" \/>\n<meta property=\"product:price:amount\" content=\"25\" \/>\n<meta property=\"product:price:currency\" content=\"EUR\" \/>\n<meta property=\"og:availability\" content=\"instock\" \/>\n<meta property=\"product:availability\" content=\"instock\" \/>\n<meta property=\"product:retailer_item_id\" content=\"SahlSafari012024\" \/>\n<meta property=\"product:condition\" content=\"new\" \/>\n<meta name=\"geo.placename\" content=\"hurghada\" \/>\n<meta name=\"geo.region\" content=\"Egypt\" \/>\n<!-- \/ Yoast SEO Premium plugin. -->","yoast_head_json":{"title":"Lacn\u00e9 v\u00fdlety na \u0161tvorkolk\u00e1ch zo Sahl Hasheesh - 2hod","description":"Lacn\u00e9 v\u00fdlety na \u0161tvorkolk\u00e1ch zo Sahl Hasheesh s transferom | 2 hod. rann\u00e9 4WD, ATV alebo Quad Bike Safari popoludn\u00ed mimo cesty v p\u00fa\u0161ti. Najlep\u0161ie veci na podnikanie","robots":{"index":"index","follow":"follow","max-snippet":"max-snippet:-1","max-image-preview":"max-image-preview:large","max-video-preview":"max-video-preview:-1"},"canonical":"https:\/\/hurghadalovers.com\/sk\/tours\/lacne-vylety-stvorkolkou-z-sahl-hasheesh-2hod\/","og_locale":"sk_SK","og_type":"article","og_title":"Lacn\u00e9 v\u00fdlety na \u0161tvorkolk\u00e1ch zo Sahl Hasheesh - 2hod","og_description":"Lacn\u00e9 v\u00fdlety na \u0161tvorkolk\u00e1ch zo Sahl Hasheesh s transferom | 2 hod. rann\u00e9 4WD, ATV alebo Quad Bike Safari popoludn\u00ed mimo cesty v p\u00fa\u0161ti. Najlep\u0161ie veci na podnikanie","og_url":"https:\/\/hurghadalovers.com\/sk\/tours\/lacne-vylety-stvorkolkou-z-sahl-hasheesh-2hod\/","og_site_name":"Hurghada Excursions &amp; Day Trips | Booking Best Prices Tours","article_publisher":"https:\/\/www.facebook.com\/Hurghadaloversegypt","article_modified_time":"2026-02-07T18:04:28+00:00","og_image":[{"width":899,"height":1599,"url":"https:\/\/hurghadalovers.com\/wp-content\/uploads\/2023\/09\/Cheap-Quad-Biking-Tours-from-Sahl-Hasheesh.jpeg","type":"image\/jpeg"}],"twitter_card":"summary_large_image","twitter_misc":{"Cena":"&euro;&nbsp;25","Dostupnos\u0165":"Na sklade"},"schema":{"@context":"https:\/\/schema.org","@graph":[{"@type":["WebPage","ItemPage"],"@id":"https:\/\/hurghadalovers.com\/sk\/tours\/lacne-vylety-stvorkolkou-z-sahl-hasheesh-2hod\/","url":"https:\/\/hurghadalovers.com\/sk\/tours\/lacne-vylety-stvorkolkou-z-sahl-hasheesh-2hod\/","name":"Lacn\u00e9 v\u00fdlety na \u0161tvorkolk\u00e1ch zo Sahl Hasheesh - 2hod","isPartOf":{"@id":"https:\/\/hurghadalovers.com\/sk\/#website"},"primaryImageOfPage":{"@id":"https:\/\/hurghadalovers.com\/sk\/tours\/lacne-vylety-stvorkolkou-z-sahl-hasheesh-2hod\/#primaryimage"},"image":{"@id":"https:\/\/hurghadalovers.com\/sk\/tours\/lacne-vylety-stvorkolkou-z-sahl-hasheesh-2hod\/#primaryimage"},"thumbnailUrl":"https:\/\/hurghadalovers.com\/wp-content\/uploads\/2023\/09\/Cheap-Quad-Biking-Tours-from-Sahl-Hasheesh.jpeg","datePublished":"2023-09-01T20:32:51+00:00","dateModified":"2026-02-07T18:04:28+00:00","description":"Lacn\u00e9 v\u00fdlety na \u0161tvorkolk\u00e1ch zo Sahl Hasheesh s transferom | 2 hod. rann\u00e9 4WD, ATV alebo Quad Bike Safari popoludn\u00ed mimo cesty v p\u00fa\u0161ti. Najlep\u0161ie veci na podnikanie","breadcrumb":{"@id":"https:\/\/hurghadalovers.com\/sk\/tours\/lacne-vylety-stvorkolkou-z-sahl-hasheesh-2hod\/#breadcrumb"},"inLanguage":"sk-SK","potentialAction":[{"@type":"ReadAction","target":["https:\/\/hurghadalovers.com\/sk\/tours\/lacne-vylety-stvorkolkou-z-sahl-hasheesh-2hod\/"]}]},{"@type":"ImageObject","inLanguage":"sk-SK","@id":"https:\/\/hurghadalovers.com\/sk\/tours\/lacne-vylety-stvorkolkou-z-sahl-hasheesh-2hod\/#primaryimage","url":"https:\/\/hurghadalovers.com\/wp-content\/uploads\/2023\/09\/Cheap-Quad-Biking-Tours-from-Sahl-Hasheesh.jpeg","contentUrl":"https:\/\/hurghadalovers.com\/wp-content\/uploads\/2023\/09\/Cheap-Quad-Biking-Tours-from-Sahl-Hasheesh.jpeg","width":899,"height":1599,"caption":"Lacn\u00e9 v\u00fdlety na \u0161tvorkolk\u00e1ch zo Sahl Hasheesh"},{"@type":"BreadcrumbList","@id":"https:\/\/hurghadalovers.com\/sk\/tours\/lacne-vylety-stvorkolkou-z-sahl-hasheesh-2hod\/#breadcrumb","itemListElement":[{"@type":"ListItem","position":1,"name":"Home","item":"https:\/\/hurghadalovers.com\/sk\/"},{"@type":"ListItem","position":2,"name":"Shop","item":"https:\/\/hurghadalovers.com\/shop\/"},{"@type":"ListItem","position":3,"name":"Lacn\u00e9 v\u00fdlety na \u0161tvorkolk\u00e1ch zo Sahl Hasheesh &#8211; 2hod"}]},{"@type":"WebSite","@id":"https:\/\/hurghadalovers.com\/sk\/#website","url":"https:\/\/hurghadalovers.com\/sk\/","name":"Hurghada Excursions & Day Trips | Booking Best Prices Tours","description":"Hurghada Lovers - Best Tour Operator - Excursions &amp; Things to do for Family Day Trips with kids and Couples Romantic. Unique .Hidden gems","publisher":{"@id":"https:\/\/hurghadalovers.com\/sk\/#organization"},"alternateName":"Hurghada Excursions","potentialAction":[{"@type":"SearchAction","target":{"@type":"EntryPoint","urlTemplate":"https:\/\/hurghadalovers.com\/sk\/?s={search_term_string}"},"query-input":{"@type":"PropertyValueSpecification","valueRequired":true,"valueName":"search_term_string"}}],"inLanguage":"sk-SK"},{"@type":["Organization","Place","TravelAgency"],"@id":"https:\/\/hurghadalovers.com\/sk\/#organization","name":"Hurghada Excursions","url":"https:\/\/hurghadalovers.com\/sk\/","logo":{"@id":"https:\/\/hurghadalovers.com\/sk\/tours\/lacne-vylety-stvorkolkou-z-sahl-hasheesh-2hod\/#local-main-organization-logo"},"image":{"@id":"https:\/\/hurghadalovers.com\/sk\/tours\/lacne-vylety-stvorkolkou-z-sahl-hasheesh-2hod\/#local-main-organization-logo"},"sameAs":["https:\/\/www.facebook.com\/Hurghadaloversegypt"],"address":{"@id":"https:\/\/hurghadalovers.com\/sk\/tours\/lacne-vylety-stvorkolkou-z-sahl-hasheesh-2hod\/#local-main-place-address"},"telephone":["00201112596434"],"contactPoint":{"@type":"ContactPoint","telephone":"00201112596434","email":"weyouface@gmail.com"},"openingHoursSpecification":{"@type":"OpeningHoursSpecification","dayOfWeek":["Monday","Tuesday","Wednesday","Thursday","Friday","Saturday","Sunday"],"opens":"00:00","closes":"23:59"},"email":"weyouface@gmail.com","areaServed":"Luxor, Hurghada, El Gouna, Aswan, Sharm El Sheikh, Giza, Alexandria, Marsa Alam, Quseir, Soma Bay, Sahl Hasheesh, Red Sea, Makadi Bay, Cairo","priceRange":"$","currenciesAccepted":"euro","paymentAccepted":"cash on site"},{"@type":"PostalAddress","@id":"https:\/\/hurghadalovers.com\/sk\/tours\/lacne-vylety-stvorkolkou-z-sahl-hasheesh-2hod\/#local-main-place-address","streetAddress":"17 Banks street, Alkawther area, top nbk bank","addressLocality":"hurghada","postalCode":"84511","addressRegion":"red sea","addressCountry":"EG"},{"@type":"ImageObject","inLanguage":"sk-SK","@id":"https:\/\/hurghadalovers.com\/sk\/tours\/lacne-vylety-stvorkolkou-z-sahl-hasheesh-2hod\/#local-main-organization-logo","url":"https:\/\/hurghadalovers.com\/wp-content\/uploads\/2019\/10\/hurghada-excursions-logo.png","contentUrl":"https:\/\/hurghadalovers.com\/wp-content\/uploads\/2019\/10\/hurghada-excursions-logo.png","width":272,"height":90,"caption":"Hurghada Excursions"}]},"product_brand":"Fakultat\u00edvne V\u00fdlety Sahl Hasheesh","product_price_amount":"25","product_price_currency":"EUR","og_availability":"instock","product_availability":"instock","product_retailer_item_id":"SahlSafari012024","product_condition":"new","geo.placename":"hurghada","geo.region":"Egypt"},"_links":{"self":[{"href":"https:\/\/hurghadalovers.com\/sk\/wp-json\/wp\/v2\/product\/392129","targetHints":{"allow":["GET"]}}],"collection":[{"href":"https:\/\/hurghadalovers.com\/sk\/wp-json\/wp\/v2\/product"}],"about":[{"href":"https:\/\/hurghadalovers.com\/sk\/wp-json\/wp\/v2\/types\/product"}],"wp:featuredmedia":[{"embeddable":true,"href":"https:\/\/hurghadalovers.com\/sk\/wp-json\/wp\/v2\/media\/391971"}],"wp:attachment":[{"href":"https:\/\/hurghadalovers.com\/sk\/wp-json\/wp\/v2\/media?parent=392129"}],"wp:term":[{"taxonomy":"product_brand","embeddable":true,"href":"https:\/\/hurghadalovers.com\/sk\/wp-json\/wp\/v2\/product_brand?post=392129"},{"taxonomy":"product_cat","embeddable":true,"href":"https:\/\/hurghadalovers.com\/sk\/wp-json\/wp\/v2\/product_cat?post=392129"},{"taxonomy":"product_tag","embeddable":true,"href":"https:\/\/hurghadalovers.com\/sk\/wp-json\/wp\/v2\/product_tag?post=392129"}],"curies":[{"name":"wp","href":"https:\/\/api.w.org\/{rel}","templated":true}]}}